{"id":1848,"date":"2024-11-13T02:57:49","date_gmt":"2024-11-13T02:57:49","guid":{"rendered":"https:\/\/gaattestequipment.com\/?post_type=product&#038;p=1848"},"modified":"2025-01-17T06:45:20","modified_gmt":"2025-01-17T06:45:20","slug":"uv-light-test-chamber","status":"publish","type":"product","link":"https:\/\/gaattestequipment.com\/pt\/manufacturer\/uv-light-test-chamber\/","title":{"rendered":"C\u00e2mara de teste de luz UV"},"content":{"rendered":"<h3><span style=\"color: #282828;\"><strong><b>Aplica\u00e7\u00e3o da c\u00e2mara de teste de luz UV:<\/b><\/strong><\/span><\/h3>\n<p><span style=\"color: #282828;\">A C\u00e2mara de Teste de Luz UV \u00e9 uma ferramenta essencial para as ind\u00fastrias que requerem a avalia\u00e7\u00e3o da degrada\u00e7\u00e3o de materiais sob exposi\u00e7\u00e3o UV, tais como nas \u00e1reas autom\u00f3vel, aeroespacial e eletr\u00f3nica de consumo.<\/span><\/p>\n<div class=\"is-divider divider clearfix\" style=\"max-width:medium;\"><\/div>\n\t<div id=\"gap-1601866474\" class=\"gap-element clearfix\" style=\"display:block; height:auto;\">\n\t\t\n<style>\n#gap-1601866474 {\n  padding-top: 15px;\n}\n<\/style>\n\t<\/div>\n\t\n<h3><span style=\"color: #282828;\"><strong><b>Carater\u00edsticas:<\/b><\/strong><\/span><\/h3>\n<ul>\n<li><span style=\"color: #282828;\">L\u00e2mpadas UV de marca: Equipado com l\u00e2mpadas UVA ou UVB originais da Atlas America para uma comparabilidade fi\u00e1vel dos resultados dos testes.<\/span><\/li>\n<li><span style=\"color: #282828;\">Teste vers\u00e1til de amostras: Suporta v\u00e1rios formatos de amostras, oferecendo maior flexibilidade do que as c\u00e2maras padr\u00e3o que s\u00f3 aceitam amostras em peda\u00e7os.<\/span><\/li>\n<li><span style=\"color: #282828;\">Calibra\u00e7\u00e3o automatizada: Possui calibra\u00e7\u00e3o autom\u00e1tica da irradi\u00e2ncia para uma exposi\u00e7\u00e3o UV consistente.<\/span><\/li>\n<li><span style=\"color: #282828;\">Simula\u00e7\u00e3o de humidade: Inclui fun\u00e7\u00f5es de pulveriza\u00e7\u00e3o de \u00e1gua e condensa\u00e7\u00e3o para uma simula\u00e7\u00e3o ambiental abrangente.<\/span><\/li>\n<li><span style=\"color: #282828;\">Controlo de temperatura de precis\u00e3o: Utiliza um sensor Pt100 de alta precis\u00e3o para uma regula\u00e7\u00e3o exacta da temperatura em aplica\u00e7\u00f5es de quadro negro.<\/span><\/li>\n<\/ul>\n<div class=\"is-divider divider clearfix\" style=\"max-width:medium;\"><\/div>\n\t<div id=\"gap-1748862725\" class=\"gap-element clearfix\" style=\"display:block; height:auto;\">\n\t\t\n<style>\n#gap-1748862725 {\n  padding-top: 15px;\n}\n<\/style>\n\t<\/div>\n\t\n<h4><span style=\"color: #282828; font-size: 110%;\"><strong><b>Normas de ensaio aplic\u00e1veis:<\/b><\/strong><\/span><\/h4>\n<p><span style=\"color: #282828;\">ISO 4892-1, ISO 4892-3, ISO 11507, ASTM G154, ASTM G153, IEC 61215. GB\/T14522<\/span><\/p>\n<div class=\"is-divider divider clearfix\" style=\"max-width:medium;\"><\/div>\n\t<div id=\"text-2903318049\" class=\"text show-for-small\">\n\t\t\n<h4><span style=\"color: #282828; font-size: 105%;\"><strong><b>Par\u00e2metros t\u00e9cnicos<\/b><\/strong><\/span><\/h4>\n\n<table id=\"tablepress-19\" class=\"tablepress tablepress-id-19 tbody-has-connected-cells\">\n<tbody class=\"row-striping row-hover\">\n<tr class=\"row-1\">\n\t<td class=\"column-1\">Modelo<\/td><td colspan=\"2\" class=\"column-2\">SZ-UV-430C<\/td>\n<\/tr>\n<tr class=\"row-2\">\n\t<td class=\"column-1\">Tamanho interior LxAxP (mm)<\/td><td colspan=\"2\" class=\"column-2\">450x1100x500<\/td>\n<\/tr>\n<tr class=\"row-3\">\n\t<td class=\"column-1\">Tamanho exterior LxAxP (mm)<\/td><td colspan=\"2\" class=\"column-2\">1300x1480x550<\/td>\n<\/tr>\n<tr class=\"row-4\">\n\t<td class=\"column-1\">Gama de temperaturas de radia\u00e7\u00e3o<\/td><td colspan=\"2\" class=\"column-2\">RT+10\u2103~70\u2103<\/td>\n<\/tr>\n<tr class=\"row-5\">\n\t<td class=\"column-1\">Gama de temperaturas de condensa\u00e7\u00e3o<\/td><td colspan=\"2\" class=\"column-2\">RT~60\u2103<\/td>\n<\/tr>\n<tr class=\"row-6\">\n\t<td class=\"column-1\">Gama de humidade<\/td><td colspan=\"2\" class=\"column-2\">Ciclo de condensa\u00e7\u00e3o\u226585%RH; Ciclo de radia\u00e7\u00e3o <75%RH<\/td>\n<\/tr>\n<tr class=\"row-7\">\n\t<td class=\"column-1\">Fonte de luz de teste<\/td><td colspan=\"2\" class=\"column-2\">UV-A ou UV-B<\/td>\n<\/tr>\n<tr class=\"row-8\">\n\t<td class=\"column-1\">Especifica\u00e7\u00f5es da fonte de luz de teste<\/td><td colspan=\"2\" class=\"column-2\">UV-A: intervalo de comprimento de onda 300~400nm, valor de pico da onda 340nm,<br \/>\nUV-B: intervalo de comprimento de onda 275~375nm, valor de pico da onda 313nm;<br \/>\nVida \u00fatil da l\u00e2mpada 1600h<\/td>\n<\/tr>\n<tr class=\"row-9\">\n\t<td class=\"column-1\">Intensidade de radia\u00e7\u00e3o<\/td><td colspan=\"2\" class=\"column-2\">0,3~1,1W\/m2 (313nm); 0,3~1,2W\/m2 (340nm);<\/td>\n<\/tr>\n<tr class=\"row-10\">\n\t<td class=\"column-1\">Press\u00e3o de pulveriza\u00e7\u00e3o de \u00e1gua<\/td><td colspan=\"2\" class=\"column-2\">30 ~ 200Kpa<\/td>\n<\/tr>\n<tr class=\"row-11\">\n\t<td class=\"column-1\">Especifica\u00e7\u00f5es do bico de pulveriza\u00e7\u00e3o<\/td><td colspan=\"2\" class=\"column-2\">Di\u00e2metro do bico 0,8 mm, \u00e2ngulo de pulveriza\u00e7\u00e3o 60 \u00b0, volume de pulveriza\u00e7\u00e3o ajust\u00e1vel<\/td>\n<\/tr>\n<tr class=\"row-12\">\n\t<td class=\"column-1\">Humidificador de aquecimento<\/td><td colspan=\"2\" class=\"column-2\">O aquecimento el\u00e9trico do tipo vapor gera calor e humidifica.<\/td>\n<\/tr>\n<tr class=\"row-13\">\n\t<td class=\"column-1\">Sistema de controlo<\/td><td colspan=\"2\" class=\"column-2\">Interface de funcionamento: Entrada de teclas de toque suave de tipo digital inteligente (controlo program\u00e1vel)<br \/>\nM\u00e9todo de funcionamento: Controlo program\u00e1vel\/funcionamento constante.<br \/>\nGama de defini\u00e7\u00e3o: Como intervalo de temperatura.<br \/>\nEntrada: Medidor de temperatura de quadro negro, sensor PT-100.<br \/>\nFun\u00e7\u00e3o subsidi\u00e1ria: Alarme de limite superior-inferior, ecr\u00e3 de alarme, fun\u00e7\u00e3o de temporizador.<\/td>\n<\/tr>\n<tr class=\"row-14\">\n\t<td class=\"column-1\">Carater\u00edsticas de seguran\u00e7a<\/td><td colspan=\"2\" class=\"column-2\">Prote\u00e7\u00e3o contra fugas para a terra, sobrecarga do circuito, prote\u00e7\u00e3o contra curto-circuitos, prote\u00e7\u00e3o contra sobreaquecimento da c\u00e2mara, alarme de falta de \u00e1gua<br \/>\n<\/td>\n<\/tr>\n<\/tbody>\n<\/table>\n<!-- #tablepress-19 from cache -->\n\t\t\t<\/div>\n\t\n\t<div id=\"gap-754802741\" class=\"gap-element clearfix\" style=\"display:block; height:auto;\">\n\t\t\n<style>\n#gap-754802741 {\n  padding-top: 15px;\n}\n<\/style>\n\t<\/div>\n\t\n\t<div id=\"text-1104571480\" class=\"text hide-for-small\">\n\t\t\n<h4><span style=\"color: #282828; font-size: 110%;\"><strong><b>Par\u00e2metros t\u00e9cnicos<\/b><\/strong><\/span><\/h4>\n\n<table id=\"tablepress-13\" class=\"tablepress tablepress-id-13\">\n<tbody class=\"row-striping row-hover\">\n<tr class=\"row-1\">\n\t<td class=\"column-1\">Modelo<\/td><td class=\"column-2\">SZ-UV-430C<\/td>\n<\/tr>\n<tr class=\"row-2\">\n\t<td class=\"column-1\">Tamanho interior LxAxP (mm)<\/td><td class=\"column-2\">450x1100x500<\/td>\n<\/tr>\n<tr class=\"row-3\">\n\t<td class=\"column-1\">Tamanho exterior LxAxP (mm)<\/td><td class=\"column-2\">1300x1480x550<\/td>\n<\/tr>\n<tr class=\"row-4\">\n\t<td class=\"column-1\">Gama de temperaturas de radia\u00e7\u00e3o<\/td><td class=\"column-2\">RT+10\u2103~70\u2103<\/td>\n<\/tr>\n<tr class=\"row-5\">\n\t<td class=\"column-1\">Gama de temperaturas de condensa\u00e7\u00e3o<\/td><td class=\"column-2\">RT~60\u2103<\/td>\n<\/tr>\n<tr class=\"row-6\">\n\t<td class=\"column-1\">Gama de humidade<\/td><td class=\"column-2\">Ciclo de condensa\u00e7\u00e3o\u226585%RH; Ciclo de radia\u00e7\u00e3o <75%RH<\/td>\n<\/tr>\n<tr class=\"row-7\">\n\t<td class=\"column-1\">Fonte de luz de teste<\/td><td class=\"column-2\">UV-A ou UV-B<\/td>\n<\/tr>\n<tr class=\"row-8\">\n\t<td class=\"column-1\">Especifica\u00e7\u00f5es da fonte de luz de teste<\/td><td class=\"column-2\">UV-A: intervalo de comprimento de onda 300~400nm, valor de pico da onda 340nm,<br \/>\nUV-B: intervalo de comprimento de onda 275~375nm, valor de pico da onda 313nm;<br \/>\n<br \/>\nVida \u00fatil da l\u00e2mpada 1600h<\/td>\n<\/tr>\n<tr class=\"row-9\">\n\t<td class=\"column-1\">Intensidade de radia\u00e7\u00e3o<\/td><td class=\"column-2\">0,3~1,1W\/m2 (313nm); 0,3~1,2W\/m2 (340nm);<\/td>\n<\/tr>\n<tr class=\"row-10\">\n\t<td class=\"column-1\">Press\u00e3o de pulveriza\u00e7\u00e3o de \u00e1gua<\/td><td class=\"column-2\">30 ~ 200Kpa<\/td>\n<\/tr>\n<tr class=\"row-11\">\n\t<td class=\"column-1\">Especifica\u00e7\u00f5es do bico de pulveriza\u00e7\u00e3o<\/td><td class=\"column-2\">Di\u00e2metro do bico 0,8 mm, \u00e2ngulo de pulveriza\u00e7\u00e3o 60 \u00b0, volume de pulveriza\u00e7\u00e3o ajust\u00e1vel<\/td>\n<\/tr>\n<tr class=\"row-12\">\n\t<td class=\"column-1\">Humidificador de aquecimento<\/td><td class=\"column-2\">O aquecimento el\u00e9trico do tipo vapor gera calor e humidifica.<\/td>\n<\/tr>\n<tr class=\"row-13\">\n\t<td class=\"column-1\">Sistema de controlo<\/td><td class=\"column-2\">Interface de funcionamento: Entrada de teclas de toque suave de tipo digital inteligente (controlo program\u00e1vel)<br \/>\nM\u00e9todo de funcionamento: Controlo program\u00e1vel\/funcionamento constante<br \/>\n<br \/>\nGama de defini\u00e7\u00e3o: Conforme o intervalo de temperatura<br \/>\n<br \/>\nEntrada: Medidor de temperatura de quadro negro, sensor PT-100<br \/>\n<br \/>\nFun\u00e7\u00e3o subsidi\u00e1ria: Alarme de limite superior-inferior, ecr\u00e3 de alarme, fun\u00e7\u00e3o de temporizador<\/td>\n<\/tr>\n<tr class=\"row-14\">\n\t<td class=\"column-1\">Carater\u00edsticas de seguran\u00e7a<\/td><td class=\"column-2\">Prote\u00e7\u00e3o contra fugas para a terra, sobrecarga do circuito, prote\u00e7\u00e3o contra curto-circuitos, prote\u00e7\u00e3o contra sobreaquecimento da c\u00e2mara, alarme de falta de \u00e1gua<\/td>\n<\/tr>\n<\/tbody>\n<\/table>\n<!-- #tablepress-13 from cache -->\n\t\t\t<\/div>\n\t\n\t<div id=\"gap-331297593\" class=\"gap-element clearfix\" style=\"display:block; height:auto;\">\n\t\t\n<style>\n#gap-331297593 {\n  padding-top: 20px;\n}\n<\/style>\n\t<\/div>\n\t\n<h4 style=\"text-align: center;\"><span style=\"color: #282828; font-size: 110%;\">Obter um or\u00e7amento<\/span><\/h4>\n\n<div class=\"wpcf7 no-js\" id=\"wpcf7-f280-o1\" lang=\"en-US\" dir=\"ltr\" data-wpcf7-id=\"280\">\n<div class=\"screen-reader-response\"><p role=\"status\" aria-live=\"polite\" aria-atomic=\"true\"><\/p> <ul><\/ul><\/div>\n<form action=\"\/pt\/wp-json\/wp\/v2\/product\/1848#wpcf7-f280-o1\" method=\"post\" class=\"wpcf7-form init\" aria-label=\"Contact form\" novalidate=\"novalidate\" data-status=\"init\" data-trp-original-action=\"\/pt\/wp-json\/wp\/v2\/product\/1848#wpcf7-f280-o1\">\n<fieldset class=\"hidden-fields-container\"><input type=\"hidden\" name=\"_wpcf7\" value=\"280\" \/><input type=\"hidden\" name=\"_wpcf7_version\" value=\"6.1.2\" \/><input type=\"hidden\" name=\"_wpcf7_locale\" value=\"en_US\" \/><input type=\"hidden\" name=\"_wpcf7_unit_tag\" value=\"wpcf7-f280-o1\" \/><input type=\"hidden\" name=\"_wpcf7_container_post\" value=\"0\" \/><input type=\"hidden\" name=\"_wpcf7_posted_data_hash\" value=\"\" \/>\n<\/fieldset>\n<div class='custom_contact_style'>\n\t<div class=\"row row-small\">\n\t\t<div class=\"col medium-6 small-12 large-6\">\n\t\t\t<div class=\"col-inner\">\n\t\t\t\t<p><span class=\"wpcf7-form-control-wrap\" data-name=\"your-name\"><input size=\"40\" maxlength=\"400\" class=\"wpcf7-form-control wpcf7-text wpcf7-validates-as-required\" aria-required=\"true\" aria-invalid=\"false\" placeholder=\"Nome*\" value=\"\" type=\"text\" name=\"your-name\" \/><\/span>\n\t\t\t\t<\/p>\n\t\t\t<\/div>\n\t\t<\/div>\n\t\t<div class=\"col medium-6 small-12 large-6\">\n\t\t\t<div class=\"col-inner\">\n\t\t\t\t<p><span class=\"wpcf7-form-control-wrap\" data-name=\"your-email\"><input size=\"40\" maxlength=\"400\" class=\"wpcf7-form-control wpcf7-email wpcf7-validates-as-required wpcf7-text wpcf7-validates-as-email\" aria-required=\"true\" aria-invalid=\"false\" placeholder=\"Correio eletr\u00f3nico*\" value=\"\" type=\"email\" name=\"your-email\" \/><\/span>\n\t\t\t\t<\/p>\n\t\t\t<\/div>\n\t\t<\/div>\n\t<\/div>\n\t<div class='cus_contact_form_bottom'>\n\t\t<p><span class=\"wpcf7-form-control-wrap\" data-name=\"your-phone\"><input size=\"40\" maxlength=\"400\" class=\"wpcf7-form-control wpcf7-text\" aria-invalid=\"false\" placeholder=\"Telefone\" value=\"\" type=\"text\" name=\"your-phone\" \/><\/span>\n\t\t<\/p>\n\t<\/div>\n\t<div class='cus_contact_form_bottom'>\n\t\t<p><span class=\"wpcf7-form-control-wrap\" data-name=\"your-country\"><input size=\"40\" maxlength=\"400\" class=\"wpcf7-form-control wpcf7-text\" aria-invalid=\"false\" placeholder=\"Pa\u00eds\" value=\"\" type=\"text\" name=\"your-country\" \/><\/span>\n\t\t<\/p>\n\t<\/div>\n\t<p><span class=\"wpcf7-form-control-wrap\" data-name=\"your-message\"><textarea cols=\"40\" rows=\"10\" maxlength=\"2000\" class=\"wpcf7-form-control wpcf7-textarea wpcf7-validates-as-required\" aria-required=\"true\" aria-invalid=\"false\" placeholder=\"A sua mensagem *\" name=\"your-message\"><\/textarea><\/span>\n\t<\/p>\n\t<div style=\"margin-bottom:10px;\">\n\t\t<p><span class=\"wpcf7-form-control-wrap kc_captcha cf7ic-toggle\" data-name=\"kc_captcha\"><span class=\"wpcf7-form-control wpcf7-radio\"><span class=\"captcha-image\" style=\"display: none;\"><span class=\"cf7ic_instructions\">Please prove you are human by selecting the<span> flag<\/span>.<\/span><label><input aria-label=\"1\" type=\"radio\" name=\"kc_captcha\" value=\"bot\" \/><svg aria-hidden=\"true\" role=\"img\" xmlns=\"http:\/\/www.w3.org\/2000\/svg\" viewbox=\"0 0 576 512\"><path fill=\"currentColor\" d=\"M415 24c-53 0-103 42-127 65-24-23-74-65-127-65C70 24 16 77 16 166c0 72 67 133 69 135l187 181c9 8 23 8 32 0l187-180c2-3 69-64 69-136 0-89-54-142-145-142z\"\/><\/svg><\/label><label><input aria-label=\"2\" type=\"radio\" name=\"kc_captcha\" value=\"kc_human\" \/><svg aria-hidden=\"true\" role=\"img\" xmlns=\"http:\/\/www.w3.org\/2000\/svg\" viewbox=\"0 0 512 512\"><path fill=\"currentColor\" d=\"M350 99c-54 0-98-35-166-35-25 0-47 4-68 12a56 56 0 004-24C118 24 95 1 66 0a56 56 0 00-34 102v386c0 13 11 24 24 24h16c13 0 24-11 24-24v-94c28-12 64-23 114-23 54 0 98 35 166 35 48 0 86-16 122-41 9-6 14-15 14-26V96c0-23-24-39-45-29-35 16-77 32-117 32z\"\/><\/svg><\/label><label><input aria-label=\"3\" type=\"radio\" name=\"kc_captcha\" value=\"bot\" \/><svg aria-hidden=\"true\" role=\"img\" xmlns=\"http:\/\/www.w3.org\/2000\/svg\" viewbox=\"0 0 576 512\"><path fill=\"currentColor\" d=\"M472 200H360L256 6a12 12 0 00-10-6h-58c-8 0-14 7-12 15l34 185H100l-35-58a12 12 0 00-10-6H12c-8 0-13 7-12 14l21 106L0 362c-1 7 4 14 12 14h43c4 0 8-2 10-6l35-58h110l-34 185c-2 8 4 15 12 15h58a12 12 0 0010-6l104-194h112c57 0 104-25 104-56s-47-56-104-56z\"\/><\/svg><\/label>\r\n    <\/span>\r\n    <span style=\"display:none\">\r\n        <input type=\"text\" name=\"kc_honeypot\">\r\n    <\/span><\/span><\/span>\n\t\t<\/p>\n\t<\/div>\n\t<p><input class=\"wpcf7-form-control wpcf7-submit has-spinner\" type=\"submit\" value=\"Enviar mensagem\" \/>\n\t<\/p>\n<\/div><div class=\"wpcf7-response-output\" aria-hidden=\"true\"><\/div>\n<input type=\"hidden\" name=\"trp-form-language\" value=\"pt\"\/><\/form>\n<\/div>\n\n\t<div id=\"gap-1074005447\" class=\"gap-element clearfix\" style=\"display:block; height:auto;\">\n\t\t\n<style>\n#gap-1074005447 {\n  padding-top: 30px;\n}\n<\/style>\n\t<\/div>\n\t\n<p><em><span style=\"color: #282828;\">Voltar a <a href=\"https:\/\/gaattestequipment.com\/pt\/\">In\u00edcio&gt;&gt;&gt;<\/a><\/span><\/em><\/p>","protected":false},"excerpt":{"rendered":"<p><span style=\"color: #282828;\">A c\u00e2mara de teste de luz UV foi concebida para simular os efeitos da luz ultravioleta nos materiais. Esta c\u00e2mara permite o teste controlado da forma como v\u00e1rios materiais, incluindo pl\u00e1sticos, revestimentos e t\u00eaxteis, respondem \u00e0 radia\u00e7\u00e3o UV prolongada, o que \u00e9 crucial para prever o desempenho e a longevidade do produto em condi\u00e7\u00f5es reais. Com um controlo preciso da intensidade da radia\u00e7\u00e3o UV, da temperatura e da humidade, a c\u00e2mara de teste de luz UV proporciona um m\u00e9todo fi\u00e1vel e acelerado para avaliar o processo de envelhecimento dos materiais em condi\u00e7\u00f5es de luz solar simulada.<\/span><\/p>","protected":false},"featured_media":1849,"comment_status":"open","ping_status":"closed","template":"","meta":[],"product_brand":[],"product_cat":[40],"product_tag":[],"class_list":{"0":"post-1848","1":"product","2":"type-product","3":"status-publish","4":"has-post-thumbnail","6":"product_cat-uv-accelerated-weathering-tester","8":"first","9":"instock","10":"shipping-taxable","11":"product-type-simple"},"yoast_head":"<!-- This site is optimized with the Yoast SEO plugin v26.0 - https:\/\/yoast.com\/wordpress\/plugins\/seo\/ -->\n<title>UV Light Test Chamber - GAAT<\/title>\n<meta name=\"description\" content=\"UV Light Test Chamber of high quality. We provide fast delivery, reasonable price and after-sales service for you. Welcome to contact us!\" \/>\n<meta name=\"robots\" content=\"index, follow, max-snippet:-1, max-image-preview:large, max-video-preview:-1\" \/>\n<link rel=\"canonical\" href=\"https:\/\/gaattestequipment.com\/pt\/manufacturer\/uv-light-test-chamber\/\" \/>\n<meta property=\"og:locale\" content=\"pt_PT\" \/>\n<meta property=\"og:type\" content=\"article\" \/>\n<meta property=\"og:title\" content=\"UV Light Test Chamber - GAAT\" \/>\n<meta property=\"og:description\" content=\"UV Light Test Chamber of high quality. We provide fast delivery, reasonable price and after-sales service for you. Welcome to contact us!\" \/>\n<meta property=\"og:url\" content=\"https:\/\/gaattestequipment.com\/pt\/manufacturer\/uv-light-test-chamber\/\" \/>\n<meta property=\"og:site_name\" content=\"GAAT\" \/>\n<meta property=\"article:modified_time\" content=\"2025-01-17T06:45:20+00:00\" \/>\n<meta property=\"og:image\" content=\"https:\/\/gaattestequipment.com\/wp-content\/uploads\/2024\/11\/UV-Light-Test-Chamber.png\" \/>\n\t<meta property=\"og:image:width\" content=\"800\" \/>\n\t<meta property=\"og:image:height\" content=\"800\" \/>\n\t<meta property=\"og:image:type\" content=\"image\/png\" \/>\n<meta name=\"twitter:card\" content=\"summary_large_image\" \/>\n<meta name=\"twitter:label1\" content=\"Tempo estimado de leitura\" \/>\n\t<meta name=\"twitter:data1\" content=\"1 minuto\" \/>\n<script type=\"application\/ld+json\" class=\"yoast-schema-graph\">{\"@context\":\"https:\/\/schema.org\",\"@graph\":[{\"@type\":\"WebPage\",\"@id\":\"https:\/\/gaattestequipment.com\/manufacturer\/uv-light-test-chamber\/\",\"url\":\"https:\/\/gaattestequipment.com\/manufacturer\/uv-light-test-chamber\/\",\"name\":\"UV Light Test Chamber - GAAT\",\"isPartOf\":{\"@id\":\"https:\/\/mistyrose-dunlin-619425.hostingersite.com\/#website\"},\"primaryImageOfPage\":{\"@id\":\"https:\/\/gaattestequipment.com\/manufacturer\/uv-light-test-chamber\/#primaryimage\"},\"image\":{\"@id\":\"https:\/\/gaattestequipment.com\/manufacturer\/uv-light-test-chamber\/#primaryimage\"},\"thumbnailUrl\":\"https:\/\/gaattestequipment.com\/wp-content\/uploads\/2024\/11\/UV-Light-Test-Chamber.png\",\"datePublished\":\"2024-11-13T02:57:49+00:00\",\"dateModified\":\"2025-01-17T06:45:20+00:00\",\"description\":\"UV Light Test Chamber of high quality. We provide fast delivery, reasonable price and after-sales service for you. Welcome to contact us!\",\"breadcrumb\":{\"@id\":\"https:\/\/gaattestequipment.com\/manufacturer\/uv-light-test-chamber\/#breadcrumb\"},\"inLanguage\":\"pt-PT\",\"potentialAction\":[{\"@type\":\"ReadAction\",\"target\":[\"https:\/\/gaattestequipment.com\/manufacturer\/uv-light-test-chamber\/\"]}]},{\"@type\":\"ImageObject\",\"inLanguage\":\"pt-PT\",\"@id\":\"https:\/\/gaattestequipment.com\/manufacturer\/uv-light-test-chamber\/#primaryimage\",\"url\":\"https:\/\/gaattestequipment.com\/wp-content\/uploads\/2024\/11\/UV-Light-Test-Chamber.png\",\"contentUrl\":\"https:\/\/gaattestequipment.com\/wp-content\/uploads\/2024\/11\/UV-Light-Test-Chamber.png\",\"width\":800,\"height\":800,\"caption\":\"uv light test chamber\"},{\"@type\":\"BreadcrumbList\",\"@id\":\"https:\/\/gaattestequipment.com\/manufacturer\/uv-light-test-chamber\/#breadcrumb\",\"itemListElement\":[{\"@type\":\"ListItem\",\"position\":1,\"name\":\"Home\",\"item\":\"https:\/\/mistyrose-dunlin-619425.hostingersite.com\/\"},{\"@type\":\"ListItem\",\"position\":2,\"name\":\"Products\",\"item\":\"https:\/\/gaattestequipment.com\/shop\/\"},{\"@type\":\"ListItem\",\"position\":3,\"name\":\"UV Light Test Chamber\"}]},{\"@type\":\"WebSite\",\"@id\":\"https:\/\/mistyrose-dunlin-619425.hostingersite.com\/#website\",\"url\":\"https:\/\/mistyrose-dunlin-619425.hostingersite.com\/\",\"name\":\"GAAT\",\"description\":\"Manufacturer of environmental and reliability testing instruments\",\"potentialAction\":[{\"@type\":\"SearchAction\",\"target\":{\"@type\":\"EntryPoint\",\"urlTemplate\":\"https:\/\/mistyrose-dunlin-619425.hostingersite.com\/?s={search_term_string}\"},\"query-input\":{\"@type\":\"PropertyValueSpecification\",\"valueRequired\":true,\"valueName\":\"search_term_string\"}}],\"inLanguage\":\"pt-PT\"}]}<\/script>\n<!-- \/ Yoast SEO plugin. -->","yoast_head_json":{"title":"C\u00e2mara de teste de luz UV - GAAT","description":"C\u00e2mara de teste de luz UV de alta qualidade. N\u00f3s fornecemos entrega r\u00e1pida, pre\u00e7o razo\u00e1vel e servi\u00e7o p\u00f3s-venda para voc\u00ea. Bem-vindo a contactar-nos!","robots":{"index":"index","follow":"follow","max-snippet":"max-snippet:-1","max-image-preview":"max-image-preview:large","max-video-preview":"max-video-preview:-1"},"canonical":"https:\/\/gaattestequipment.com\/pt\/manufacturer\/uv-light-test-chamber\/","og_locale":"pt_PT","og_type":"article","og_title":"UV Light Test Chamber - GAAT","og_description":"UV Light Test Chamber of high quality. We provide fast delivery, reasonable price and after-sales service for you. Welcome to contact us!","og_url":"https:\/\/gaattestequipment.com\/pt\/manufacturer\/uv-light-test-chamber\/","og_site_name":"GAAT","article_modified_time":"2025-01-17T06:45:20+00:00","og_image":[{"width":800,"height":800,"url":"https:\/\/gaattestequipment.com\/wp-content\/uploads\/2024\/11\/UV-Light-Test-Chamber.png","type":"image\/png"}],"twitter_card":"summary_large_image","twitter_misc":{"Tempo estimado de leitura":"1 minuto"},"schema":{"@context":"https:\/\/schema.org","@graph":[{"@type":"WebPage","@id":"https:\/\/gaattestequipment.com\/manufacturer\/uv-light-test-chamber\/","url":"https:\/\/gaattestequipment.com\/manufacturer\/uv-light-test-chamber\/","name":"C\u00e2mara de teste de luz UV - GAAT","isPartOf":{"@id":"https:\/\/mistyrose-dunlin-619425.hostingersite.com\/#website"},"primaryImageOfPage":{"@id":"https:\/\/gaattestequipment.com\/manufacturer\/uv-light-test-chamber\/#primaryimage"},"image":{"@id":"https:\/\/gaattestequipment.com\/manufacturer\/uv-light-test-chamber\/#primaryimage"},"thumbnailUrl":"https:\/\/gaattestequipment.com\/wp-content\/uploads\/2024\/11\/UV-Light-Test-Chamber.png","datePublished":"2024-11-13T02:57:49+00:00","dateModified":"2025-01-17T06:45:20+00:00","description":"C\u00e2mara de teste de luz UV de alta qualidade. N\u00f3s fornecemos entrega r\u00e1pida, pre\u00e7o razo\u00e1vel e servi\u00e7o p\u00f3s-venda para voc\u00ea. Bem-vindo a contactar-nos!","breadcrumb":{"@id":"https:\/\/gaattestequipment.com\/manufacturer\/uv-light-test-chamber\/#breadcrumb"},"inLanguage":"pt-PT","potentialAction":[{"@type":"ReadAction","target":["https:\/\/gaattestequipment.com\/manufacturer\/uv-light-test-chamber\/"]}]},{"@type":"ImageObject","inLanguage":"pt-PT","@id":"https:\/\/gaattestequipment.com\/manufacturer\/uv-light-test-chamber\/#primaryimage","url":"https:\/\/gaattestequipment.com\/wp-content\/uploads\/2024\/11\/UV-Light-Test-Chamber.png","contentUrl":"https:\/\/gaattestequipment.com\/wp-content\/uploads\/2024\/11\/UV-Light-Test-Chamber.png","width":800,"height":800,"caption":"uv light test chamber"},{"@type":"BreadcrumbList","@id":"https:\/\/gaattestequipment.com\/manufacturer\/uv-light-test-chamber\/#breadcrumb","itemListElement":[{"@type":"ListItem","position":1,"name":"Home","item":"https:\/\/mistyrose-dunlin-619425.hostingersite.com\/"},{"@type":"ListItem","position":2,"name":"Products","item":"https:\/\/gaattestequipment.com\/shop\/"},{"@type":"ListItem","position":3,"name":"UV Light Test Chamber"}]},{"@type":"WebSite","@id":"https:\/\/mistyrose-dunlin-619425.hostingersite.com\/#website","url":"https:\/\/mistyrose-dunlin-619425.hostingersite.com\/","name":"GAAT","description":"Fabricante de instrumentos de teste ambiental e de fiabilidade","potentialAction":[{"@type":"SearchAction","target":{"@type":"EntryPoint","urlTemplate":"https:\/\/mistyrose-dunlin-619425.hostingersite.com\/?s={search_term_string}"},"query-input":{"@type":"PropertyValueSpecification","valueRequired":true,"valueName":"search_term_string"}}],"inLanguage":"pt-PT"}]}},"_links":{"self":[{"href":"https:\/\/gaattestequipment.com\/pt\/wp-json\/wp\/v2\/product\/1848","targetHints":{"allow":["GET"]}}],"collection":[{"href":"https:\/\/gaattestequipment.com\/pt\/wp-json\/wp\/v2\/product"}],"about":[{"href":"https:\/\/gaattestequipment.com\/pt\/wp-json\/wp\/v2\/types\/product"}],"replies":[{"embeddable":true,"href":"https:\/\/gaattestequipment.com\/pt\/wp-json\/wp\/v2\/comments?post=1848"}],"wp:featuredmedia":[{"embeddable":true,"href":"https:\/\/gaattestequipment.com\/pt\/wp-json\/wp\/v2\/media\/1849"}],"wp:attachment":[{"href":"https:\/\/gaattestequipment.com\/pt\/wp-json\/wp\/v2\/media?parent=1848"}],"wp:term":[{"taxonomy":"product_brand","embeddable":true,"href":"https:\/\/gaattestequipment.com\/pt\/wp-json\/wp\/v2\/product_brand?post=1848"},{"taxonomy":"product_cat","embeddable":true,"href":"https:\/\/gaattestequipment.com\/pt\/wp-json\/wp\/v2\/product_cat?post=1848"},{"taxonomy":"product_tag","embeddable":true,"href":"https:\/\/gaattestequipment.com\/pt\/wp-json\/wp\/v2\/product_tag?post=1848"}],"curies":[{"name":"wp","href":"https:\/\/api.w.org\/{rel}","templated":true}]}}