{"id":1844,"date":"2024-11-13T02:47:08","date_gmt":"2024-11-13T02:47:08","guid":{"rendered":"https:\/\/gaattestequipment.com\/?post_type=product&#038;p=1844"},"modified":"2025-01-17T06:51:17","modified_gmt":"2025-01-17T06:51:17","slug":"uv-aging-test-chamber","status":"publish","type":"product","link":"https:\/\/gaattestequipment.com\/pt\/manufacturer\/uv-aging-test-chamber\/","title":{"rendered":"C\u00e2mara de teste de envelhecimento UV"},"content":{"rendered":"<h3><span style=\"color: #282828;\"><strong><b>Aplica\u00e7\u00e3o da c\u00e2mara de ensaio de envelhecimento por UV:<\/b><\/strong><\/span><\/h3>\n<p><span style=\"color: #282828;\">A C\u00e2mara de Ensaio de Envelhecimento UV \u00e9 crucial para o controlo de qualidade em ind\u00fastrias onde a durabilidade e a longevidade dos materiais s\u00e3o fundamentais, tais como a ind\u00fastria autom\u00f3vel, aeroespacial, a constru\u00e7\u00e3o e os bens de consumo.<\/span><\/p>\n<div class=\"is-divider divider clearfix\" style=\"max-width:medium;\"><\/div>\n\t<div id=\"gap-1472498621\" class=\"gap-element clearfix\" style=\"display:block; height:auto;\">\n\t\t\n<style>\n#gap-1472498621 {\n  padding-top: 15px;\n}\n<\/style>\n\t<\/div>\n\t\n<h3><span style=\"color: #282828;\"><strong><b>Carater\u00edsticas:<\/b><\/strong><\/span><\/h3>\n<ul>\n<li><span style=\"color: #282828;\">L\u00e2mpadas UV de marca: Equipado com l\u00e2mpadas UVA ou UVB originais da Atlas America para uma comparabilidade fi\u00e1vel dos resultados dos testes.<\/span><\/li>\n<li><span style=\"color: #282828;\">Calibra\u00e7\u00e3o automatizada: Possui calibra\u00e7\u00e3o autom\u00e1tica da irradi\u00e2ncia para uma exposi\u00e7\u00e3o UV consistente.<\/span><\/li>\n<li><span style=\"color: #282828;\">Simula\u00e7\u00e3o de humidade: Inclui fun\u00e7\u00f5es de pulveriza\u00e7\u00e3o de \u00e1gua e condensa\u00e7\u00e3o para uma simula\u00e7\u00e3o ambiental abrangente.<\/span><\/li>\n<li><span style=\"color: #282828;\">Controlo de temperatura de precis\u00e3o: Utiliza um sensor Pt100 de alta precis\u00e3o para uma regula\u00e7\u00e3o exacta da temperatura em aplica\u00e7\u00f5es de quadro negro.<\/span><\/li>\n<\/ul>\n<div class=\"is-divider divider clearfix\" style=\"max-width:medium;\"><\/div>\n\t<div id=\"gap-1522684250\" class=\"gap-element clearfix\" style=\"display:block; height:auto;\">\n\t\t\n<style>\n#gap-1522684250 {\n  padding-top: 15px;\n}\n<\/style>\n\t<\/div>\n\t\n<h4><span style=\"color: #282828; font-size: 110%;\"><strong><b>Normas de ensaio aplic\u00e1veis:<\/b><\/strong><\/span><\/h4>\n<p><span style=\"color: #282828;\">ISO 4892-1, ISO 4892-3, ISO 11507, ASTM G154, ASTM G153, IEC 61215. GB\/T14522<\/span><\/p>\n<div class=\"is-divider divider clearfix\" style=\"max-width:medium;\"><\/div>\n\t<div id=\"gap-659878979\" class=\"gap-element clearfix\" style=\"display:block; height:auto;\">\n\t\t\n<style>\n#gap-659878979 {\n  padding-top: 15px;\n}\n<\/style>\n\t<\/div>\n\t\n<h4><span style=\"color: #282828; font-size: 110%;\"><strong><b>Par\u00e2metros t\u00e9cnicos<\/b><\/strong><\/span><\/h4>\n\n<table id=\"tablepress-12\" class=\"tablepress tablepress-id-12\">\n<tbody class=\"row-striping row-hover\">\n<tr class=\"row-1\">\n\t<td class=\"column-1\">Modelo<\/td><td class=\"column-2\">SZ-UV-1C<\/td>\n<\/tr>\n<tr class=\"row-2\">\n\t<td class=\"column-1\">Tamanho interior LxAxP (mm)\t<\/td><td class=\"column-2\">L75xA150<br \/>\n<\/td>\n<\/tr>\n<tr class=\"row-3\">\n\t<td class=\"column-1\">Tamanho exterior LxAxP (mm)\t<\/td><td class=\"column-2\">1600x1512x800<\/td>\n<\/tr>\n<tr class=\"row-4\">\n\t<td class=\"column-1\">Gama de temperaturas de radia\u00e7\u00e3o\t<\/td><td class=\"column-2\">RT+10\u2103~70\u2103<br \/>\n<\/td>\n<\/tr>\n<tr class=\"row-5\">\n\t<td class=\"column-1\">Gama de temperaturas de condensa\u00e7\u00e3o<\/td><td class=\"column-2\">RT~60\u2103<br \/>\n<\/td>\n<\/tr>\n<tr class=\"row-6\">\n\t<td class=\"column-1\">Gama de humidade\t<\/td><td class=\"column-2\">Ciclo de condensa\u00e7\u00e3o\u226585%RH; Ciclo de radia\u00e7\u00e3o <75%RH<br \/&gt;\n<\/td>\n<\/tr>\n<tr class=\"row-7\">\n\t<td class=\"column-1\">Fonte de luz de teste\t<\/td><td class=\"column-2\">UV-A ou UV-B<\/td>\n<\/tr>\n<tr class=\"row-8\">\n\t<td class=\"column-1\">Especifica\u00e7\u00f5es da fonte de luz de teste<\/td><td class=\"column-2\">UV-A: intervalo de comprimento de onda 300~400nm, valor de pico da onda 340nm,<br \/>\nUV-B: intervalo de comprimento de onda 275~375nm, valor de pico da onda 313nm;<br \/>\n<br \/>\nVida \u00fatil da l\u00e2mpada 1600h<\/td>\n<\/tr>\n<tr class=\"row-9\">\n\t<td class=\"column-1\">Intensidade de radia\u00e7\u00e3o<\/td><td class=\"column-2\">0,3~1,1W\/m2 (313nm); 0,3~1,2W\/m2 (340nm);<\/td>\n<\/tr>\n<tr class=\"row-10\">\n\t<td class=\"column-1\">Press\u00e3o de pulveriza\u00e7\u00e3o da \u00e1gua\t<\/td><td class=\"column-2\">30 ~ 200Kpa<\/td>\n<\/tr>\n<tr class=\"row-11\">\n\t<td class=\"column-1\">Especifica\u00e7\u00f5es do bico de pulveriza\u00e7\u00e3o<\/td><td class=\"column-2\">Di\u00e2metro do bico 0,8 mm, \u00e2ngulo de pulveriza\u00e7\u00e3o 60 \u00b0, volume de pulveriza\u00e7\u00e3o ajust\u00e1vel<\/td>\n<\/tr>\n<tr class=\"row-12\">\n\t<td class=\"column-1\">Humidificador de aquecimento<\/td><td class=\"column-2\">O aquecimento el\u00e9trico do tipo vapor gera calor e humidifica.<\/td>\n<\/tr>\n<tr class=\"row-13\">\n\t<td class=\"column-1\">Sistema de controlo<\/td><td class=\"column-2\">Interface de funcionamento: Entrada de teclas de toque suave de tipo digital inteligente (controlo program\u00e1vel)<br \/>\nM\u00e9todo de funcionamento: Controlo program\u00e1vel\/funcionamento constante<br \/>\n<br \/>\nGama de defini\u00e7\u00e3o: Conforme o intervalo de temperatura<br \/>\n<br \/>\nEntrada: Medidor de temperatura de quadro negro, sensor PT-100<br \/>\n<br \/>\nFun\u00e7\u00e3o subsidi\u00e1ria: Alarme de limite superior-inferior, ecr\u00e3 de alarme, fun\u00e7\u00e3o de temporizador<\/td>\n<\/tr>\n<tr class=\"row-14\">\n\t<td class=\"column-1\">Carater\u00edsticas de seguran\u00e7a<\/td><td class=\"column-2\">Prote\u00e7\u00e3o contra fugas para a terra, sobrecarga do circuito, prote\u00e7\u00e3o contra curto-circuitos, prote\u00e7\u00e3o contra sobreaquecimento da c\u00e2mara, alarme de falta de \u00e1gua<\/td>\n<\/tr>\n<\/tbody>\n<\/table>\n<!-- #tablepress-12 from cache -->\n\t<div id=\"gap-393792981\" class=\"gap-element clearfix\" style=\"display:block; height:auto;\">\n\t\t\n<style>\n#gap-393792981 {\n  padding-top: 20px;\n}\n<\/style>\n\t<\/div>\n\t\n<h4 style=\"text-align: center;\"><span style=\"color: #282828; font-size: 110%;\">Obter um or\u00e7amento<\/span><\/h4>\n\n<div class=\"wpcf7 no-js\" id=\"wpcf7-f280-o1\" lang=\"en-US\" dir=\"ltr\" data-wpcf7-id=\"280\">\n<div class=\"screen-reader-response\"><p role=\"status\" aria-live=\"polite\" aria-atomic=\"true\"><\/p> <ul><\/ul><\/div>\n<form action=\"\/pt\/wp-json\/wp\/v2\/product\/1844#wpcf7-f280-o1\" method=\"post\" class=\"wpcf7-form init\" aria-label=\"Contact form\" novalidate=\"novalidate\" data-status=\"init\" data-trp-original-action=\"\/pt\/wp-json\/wp\/v2\/product\/1844#wpcf7-f280-o1\">\n<fieldset class=\"hidden-fields-container\"><input type=\"hidden\" name=\"_wpcf7\" value=\"280\" \/><input type=\"hidden\" name=\"_wpcf7_version\" value=\"6.1.2\" \/><input type=\"hidden\" name=\"_wpcf7_locale\" value=\"en_US\" \/><input type=\"hidden\" name=\"_wpcf7_unit_tag\" value=\"wpcf7-f280-o1\" \/><input type=\"hidden\" name=\"_wpcf7_container_post\" value=\"0\" \/><input type=\"hidden\" name=\"_wpcf7_posted_data_hash\" value=\"\" \/>\n<\/fieldset>\n<div class='custom_contact_style'>\n\t<div class=\"row row-small\">\n\t\t<div class=\"col medium-6 small-12 large-6\">\n\t\t\t<div class=\"col-inner\">\n\t\t\t\t<p><span class=\"wpcf7-form-control-wrap\" data-name=\"your-name\"><input size=\"40\" maxlength=\"400\" class=\"wpcf7-form-control wpcf7-text wpcf7-validates-as-required\" aria-required=\"true\" aria-invalid=\"false\" placeholder=\"Nome*\" value=\"\" type=\"text\" name=\"your-name\" \/><\/span>\n\t\t\t\t<\/p>\n\t\t\t<\/div>\n\t\t<\/div>\n\t\t<div class=\"col medium-6 small-12 large-6\">\n\t\t\t<div class=\"col-inner\">\n\t\t\t\t<p><span class=\"wpcf7-form-control-wrap\" data-name=\"your-email\"><input size=\"40\" maxlength=\"400\" class=\"wpcf7-form-control wpcf7-email wpcf7-validates-as-required wpcf7-text wpcf7-validates-as-email\" aria-required=\"true\" aria-invalid=\"false\" placeholder=\"Correio eletr\u00f3nico*\" value=\"\" type=\"email\" name=\"your-email\" \/><\/span>\n\t\t\t\t<\/p>\n\t\t\t<\/div>\n\t\t<\/div>\n\t<\/div>\n\t<div class='cus_contact_form_bottom'>\n\t\t<p><span class=\"wpcf7-form-control-wrap\" data-name=\"your-phone\"><input size=\"40\" maxlength=\"400\" class=\"wpcf7-form-control wpcf7-text\" aria-invalid=\"false\" placeholder=\"Telefone\" value=\"\" type=\"text\" name=\"your-phone\" \/><\/span>\n\t\t<\/p>\n\t<\/div>\n\t<div class='cus_contact_form_bottom'>\n\t\t<p><span class=\"wpcf7-form-control-wrap\" data-name=\"your-country\"><input size=\"40\" maxlength=\"400\" class=\"wpcf7-form-control wpcf7-text\" aria-invalid=\"false\" placeholder=\"Pa\u00eds\" value=\"\" type=\"text\" name=\"your-country\" \/><\/span>\n\t\t<\/p>\n\t<\/div>\n\t<p><span class=\"wpcf7-form-control-wrap\" data-name=\"your-message\"><textarea cols=\"40\" rows=\"10\" maxlength=\"2000\" class=\"wpcf7-form-control wpcf7-textarea wpcf7-validates-as-required\" aria-required=\"true\" aria-invalid=\"false\" placeholder=\"A sua mensagem *\" name=\"your-message\"><\/textarea><\/span>\n\t<\/p>\n\t<div style=\"margin-bottom:10px;\">\n\t\t<p><span class=\"wpcf7-form-control-wrap kc_captcha cf7ic-toggle\" data-name=\"kc_captcha\"><span class=\"wpcf7-form-control wpcf7-radio\"><span class=\"captcha-image\" style=\"display: none;\"><span class=\"cf7ic_instructions\">Please prove you are human by selecting the<span> cup<\/span>.<\/span><label><input aria-label=\"1\" type=\"radio\" name=\"kc_captcha\" value=\"kc_human\" \/><svg aria-hidden=\"true\" role=\"img\" xmlns=\"http:\/\/www.w3.org\/2000\/svg\" viewbox=\"0 0 640 512\"><path fill=\"currentColor\" d=\"M192 384h192c53 0 96-43 96-96h32a128 128 0 000-256H120c-13 0-24 11-24 24v232c0 53 43 96 96 96zM512 96a64 64 0 010 128h-32V96h32zm48 384H48c-47 0-61-64-36-64h584c25 0 11 64-36 64z\"\/><\/svg><\/label><label><input aria-label=\"2\" type=\"radio\" name=\"kc_captcha\" value=\"bot\" \/><svg aria-hidden=\"true\" role=\"img\" xmlns=\"http:\/\/www.w3.org\/2000\/svg\" viewbox=\"0 0 512 512\"><path fill=\"currentColor\" d=\"M512 176a176 176 0 01-209 173l-24 27a24 24 0 01-18 8h-37v40c0 13-11 24-24 24h-40v40c0 13-11 24-24 24H24c-13 0-24-11-24-24v-78c0-6 3-13 7-17l162-162a176 176 0 11343-55zm-176-48a48 48 0 1096 0 48 48 0 00-96 0z\"\/><\/svg><\/label><label><input aria-label=\"3\" type=\"radio\" name=\"kc_captcha\" value=\"bot\" \/><svg aria-hidden=\"true\" role=\"img\" xmlns=\"http:\/\/www.w3.org\/2000\/svg\" viewbox=\"0 0 640 512\"><path fill=\"currentColor\" d=\"M624 352h-16V244c0-13-5-25-14-34L494 110c-9-9-21-14-34-14h-44V48c0-26-21-48-48-48H48C22 0 0 22 0 48v320c0 27 22 48 48 48h16a96 96 0 00192 0h128a96 96 0 00192 0h48c9 0 16-7 16-16v-32c0-9-7-16-16-16zM160 464a48 48 0 110-96 48 48 0 010 96zm320 0a48 48 0 110-96 48 48 0 010 96zm80-208H416V144h44l100 100v12z\"\/><\/svg><\/label>\r\n    <\/span>\r\n    <span style=\"display:none\">\r\n        <input type=\"text\" name=\"kc_honeypot\">\r\n    <\/span><\/span><\/span>\n\t\t<\/p>\n\t<\/div>\n\t<p><input class=\"wpcf7-form-control wpcf7-submit has-spinner\" type=\"submit\" value=\"Enviar mensagem\" \/>\n\t<\/p>\n<\/div><div class=\"wpcf7-response-output\" aria-hidden=\"true\"><\/div>\n<input type=\"hidden\" name=\"trp-form-language\" value=\"pt\"\/><\/form>\n<\/div>\n\n\t<div id=\"gap-1300091253\" class=\"gap-element clearfix\" style=\"display:block; height:auto;\">\n\t\t\n<style>\n#gap-1300091253 {\n  padding-top: 30px;\n}\n<\/style>\n\t<\/div>\n\t\n<p><em><span style=\"color: #282828;\">Voltar a <a href=\"https:\/\/gaattestequipment.com\/pt\/\">In\u00edcio&gt;&gt;&gt;<\/a><\/span><\/em><\/p>","protected":false},"excerpt":{"rendered":"<p><span style=\"color: #282828;\">A c\u00e2mara de teste de envelhecimento UV foi concebida para simular os efeitos da radia\u00e7\u00e3o ultravioleta (UV) nos materiais. Foi concebida para acelerar o processo de envelhecimento dos produtos, expondo-os a n\u00edveis controlados de luz UV, temperatura e humidade.<\/span><\/p>","protected":false},"featured_media":1724,"comment_status":"open","ping_status":"closed","template":"","meta":[],"product_brand":[],"product_cat":[40],"product_tag":[],"class_list":{"0":"post-1844","1":"product","2":"type-product","3":"status-publish","4":"has-post-thumbnail","6":"product_cat-uv-accelerated-weathering-tester","8":"first","9":"instock","10":"shipping-taxable","11":"product-type-simple"},"yoast_head":"<!-- This site is optimized with the Yoast SEO plugin v26.0 - https:\/\/yoast.com\/wordpress\/plugins\/seo\/ -->\n<title>UV Aging Test Chamber - GAAT<\/title>\n<meta name=\"description\" content=\"UV Aging Test Chamber of high quality. We provide fast delivery, reasonable price and after-sales service. Welcome to contact us!\" \/>\n<meta name=\"robots\" content=\"index, follow, max-snippet:-1, max-image-preview:large, max-video-preview:-1\" \/>\n<link rel=\"canonical\" href=\"https:\/\/gaattestequipment.com\/pt\/manufacturer\/uv-aging-test-chamber\/\" \/>\n<meta property=\"og:locale\" content=\"pt_PT\" \/>\n<meta property=\"og:type\" content=\"article\" \/>\n<meta property=\"og:title\" content=\"UV Aging Test Chamber - GAAT\" \/>\n<meta property=\"og:description\" content=\"UV Aging Test Chamber of high quality. We provide fast delivery, reasonable price and after-sales service. Welcome to contact us!\" \/>\n<meta property=\"og:url\" content=\"https:\/\/gaattestequipment.com\/pt\/manufacturer\/uv-aging-test-chamber\/\" \/>\n<meta property=\"og:site_name\" content=\"GAAT\" \/>\n<meta property=\"article:modified_time\" content=\"2025-01-17T06:51:17+00:00\" \/>\n<meta property=\"og:image\" content=\"https:\/\/gaattestequipment.com\/wp-content\/uploads\/2024\/11\/UV-accelerated-weathering-tester.png\" \/>\n\t<meta property=\"og:image:width\" content=\"800\" \/>\n\t<meta property=\"og:image:height\" content=\"800\" \/>\n\t<meta property=\"og:image:type\" content=\"image\/png\" \/>\n<meta name=\"twitter:card\" content=\"summary_large_image\" \/>\n<meta name=\"twitter:label1\" content=\"Tempo estimado de leitura\" \/>\n\t<meta name=\"twitter:data1\" content=\"1 minuto\" \/>\n<script type=\"application\/ld+json\" class=\"yoast-schema-graph\">{\"@context\":\"https:\/\/schema.org\",\"@graph\":[{\"@type\":\"WebPage\",\"@id\":\"https:\/\/gaattestequipment.com\/ar\/manufacturer\/uv-aging-test-chamber\/\",\"url\":\"https:\/\/gaattestequipment.com\/ar\/manufacturer\/uv-aging-test-chamber\/\",\"name\":\"UV Aging Test Chamber - GAAT\",\"isPartOf\":{\"@id\":\"https:\/\/mistyrose-dunlin-619425.hostingersite.com\/#website\"},\"primaryImageOfPage\":{\"@id\":\"https:\/\/gaattestequipment.com\/ar\/manufacturer\/uv-aging-test-chamber\/#primaryimage\"},\"image\":{\"@id\":\"https:\/\/gaattestequipment.com\/ar\/manufacturer\/uv-aging-test-chamber\/#primaryimage\"},\"thumbnailUrl\":\"https:\/\/gaattestequipment.com\/wp-content\/uploads\/2024\/11\/UV-accelerated-weathering-tester.png\",\"datePublished\":\"2024-11-13T02:47:08+00:00\",\"dateModified\":\"2025-01-17T06:51:17+00:00\",\"description\":\"UV Aging Test Chamber of high quality. We provide fast delivery, reasonable price and after-sales service. Welcome to contact us!\",\"breadcrumb\":{\"@id\":\"https:\/\/gaattestequipment.com\/ar\/manufacturer\/uv-aging-test-chamber\/#breadcrumb\"},\"inLanguage\":\"pt-PT\",\"potentialAction\":[{\"@type\":\"ReadAction\",\"target\":[\"https:\/\/gaattestequipment.com\/ar\/manufacturer\/uv-aging-test-chamber\/\"]}]},{\"@type\":\"ImageObject\",\"inLanguage\":\"pt-PT\",\"@id\":\"https:\/\/gaattestequipment.com\/ar\/manufacturer\/uv-aging-test-chamber\/#primaryimage\",\"url\":\"https:\/\/gaattestequipment.com\/wp-content\/uploads\/2024\/11\/UV-accelerated-weathering-tester.png\",\"contentUrl\":\"https:\/\/gaattestequipment.com\/wp-content\/uploads\/2024\/11\/UV-accelerated-weathering-tester.png\",\"width\":800,\"height\":800},{\"@type\":\"BreadcrumbList\",\"@id\":\"https:\/\/gaattestequipment.com\/ar\/manufacturer\/uv-aging-test-chamber\/#breadcrumb\",\"itemListElement\":[{\"@type\":\"ListItem\",\"position\":1,\"name\":\"Home\",\"item\":\"https:\/\/mistyrose-dunlin-619425.hostingersite.com\/\"},{\"@type\":\"ListItem\",\"position\":2,\"name\":\"Products\",\"item\":\"https:\/\/gaattestequipment.com\/shop\/\"},{\"@type\":\"ListItem\",\"position\":3,\"name\":\"UV Aging Test Chamber\"}]},{\"@type\":\"WebSite\",\"@id\":\"https:\/\/mistyrose-dunlin-619425.hostingersite.com\/#website\",\"url\":\"https:\/\/mistyrose-dunlin-619425.hostingersite.com\/\",\"name\":\"GAAT\",\"description\":\"Manufacturer of environmental and reliability testing instruments\",\"potentialAction\":[{\"@type\":\"SearchAction\",\"target\":{\"@type\":\"EntryPoint\",\"urlTemplate\":\"https:\/\/mistyrose-dunlin-619425.hostingersite.com\/?s={search_term_string}\"},\"query-input\":{\"@type\":\"PropertyValueSpecification\",\"valueRequired\":true,\"valueName\":\"search_term_string\"}}],\"inLanguage\":\"pt-PT\"}]}<\/script>\n<!-- \/ Yoast SEO plugin. -->","yoast_head_json":{"title":"C\u00e2mara de teste de envelhecimento UV - GAAT","description":"C\u00e2mara de teste de envelhecimento UV de alta qualidade. N\u00f3s fornecemos entrega r\u00e1pida, pre\u00e7o razo\u00e1vel e servi\u00e7o p\u00f3s-venda. Bem-vindo a contactar-nos!","robots":{"index":"index","follow":"follow","max-snippet":"max-snippet:-1","max-image-preview":"max-image-preview:large","max-video-preview":"max-video-preview:-1"},"canonical":"https:\/\/gaattestequipment.com\/pt\/manufacturer\/uv-aging-test-chamber\/","og_locale":"pt_PT","og_type":"article","og_title":"UV Aging Test Chamber - GAAT","og_description":"UV Aging Test Chamber of high quality. We provide fast delivery, reasonable price and after-sales service. Welcome to contact us!","og_url":"https:\/\/gaattestequipment.com\/pt\/manufacturer\/uv-aging-test-chamber\/","og_site_name":"GAAT","article_modified_time":"2025-01-17T06:51:17+00:00","og_image":[{"width":800,"height":800,"url":"https:\/\/gaattestequipment.com\/wp-content\/uploads\/2024\/11\/UV-accelerated-weathering-tester.png","type":"image\/png"}],"twitter_card":"summary_large_image","twitter_misc":{"Tempo estimado de leitura":"1 minuto"},"schema":{"@context":"https:\/\/schema.org","@graph":[{"@type":"WebPage","@id":"https:\/\/gaattestequipment.com\/ar\/manufacturer\/uv-aging-test-chamber\/","url":"https:\/\/gaattestequipment.com\/ar\/manufacturer\/uv-aging-test-chamber\/","name":"C\u00e2mara de teste de envelhecimento UV - GAAT","isPartOf":{"@id":"https:\/\/mistyrose-dunlin-619425.hostingersite.com\/#website"},"primaryImageOfPage":{"@id":"https:\/\/gaattestequipment.com\/ar\/manufacturer\/uv-aging-test-chamber\/#primaryimage"},"image":{"@id":"https:\/\/gaattestequipment.com\/ar\/manufacturer\/uv-aging-test-chamber\/#primaryimage"},"thumbnailUrl":"https:\/\/gaattestequipment.com\/wp-content\/uploads\/2024\/11\/UV-accelerated-weathering-tester.png","datePublished":"2024-11-13T02:47:08+00:00","dateModified":"2025-01-17T06:51:17+00:00","description":"C\u00e2mara de teste de envelhecimento UV de alta qualidade. N\u00f3s fornecemos entrega r\u00e1pida, pre\u00e7o razo\u00e1vel e servi\u00e7o p\u00f3s-venda. Bem-vindo a contactar-nos!","breadcrumb":{"@id":"https:\/\/gaattestequipment.com\/ar\/manufacturer\/uv-aging-test-chamber\/#breadcrumb"},"inLanguage":"pt-PT","potentialAction":[{"@type":"ReadAction","target":["https:\/\/gaattestequipment.com\/ar\/manufacturer\/uv-aging-test-chamber\/"]}]},{"@type":"ImageObject","inLanguage":"pt-PT","@id":"https:\/\/gaattestequipment.com\/ar\/manufacturer\/uv-aging-test-chamber\/#primaryimage","url":"https:\/\/gaattestequipment.com\/wp-content\/uploads\/2024\/11\/UV-accelerated-weathering-tester.png","contentUrl":"https:\/\/gaattestequipment.com\/wp-content\/uploads\/2024\/11\/UV-accelerated-weathering-tester.png","width":800,"height":800},{"@type":"BreadcrumbList","@id":"https:\/\/gaattestequipment.com\/ar\/manufacturer\/uv-aging-test-chamber\/#breadcrumb","itemListElement":[{"@type":"ListItem","position":1,"name":"Home","item":"https:\/\/mistyrose-dunlin-619425.hostingersite.com\/"},{"@type":"ListItem","position":2,"name":"Products","item":"https:\/\/gaattestequipment.com\/shop\/"},{"@type":"ListItem","position":3,"name":"UV Aging Test Chamber"}]},{"@type":"WebSite","@id":"https:\/\/mistyrose-dunlin-619425.hostingersite.com\/#website","url":"https:\/\/mistyrose-dunlin-619425.hostingersite.com\/","name":"GAAT","description":"Fabricante de instrumentos de teste ambiental e de fiabilidade","potentialAction":[{"@type":"SearchAction","target":{"@type":"EntryPoint","urlTemplate":"https:\/\/mistyrose-dunlin-619425.hostingersite.com\/?s={search_term_string}"},"query-input":{"@type":"PropertyValueSpecification","valueRequired":true,"valueName":"search_term_string"}}],"inLanguage":"pt-PT"}]}},"_links":{"self":[{"href":"https:\/\/gaattestequipment.com\/pt\/wp-json\/wp\/v2\/product\/1844","targetHints":{"allow":["GET"]}}],"collection":[{"href":"https:\/\/gaattestequipment.com\/pt\/wp-json\/wp\/v2\/product"}],"about":[{"href":"https:\/\/gaattestequipment.com\/pt\/wp-json\/wp\/v2\/types\/product"}],"replies":[{"embeddable":true,"href":"https:\/\/gaattestequipment.com\/pt\/wp-json\/wp\/v2\/comments?post=1844"}],"wp:featuredmedia":[{"embeddable":true,"href":"https:\/\/gaattestequipment.com\/pt\/wp-json\/wp\/v2\/media\/1724"}],"wp:attachment":[{"href":"https:\/\/gaattestequipment.com\/pt\/wp-json\/wp\/v2\/media?parent=1844"}],"wp:term":[{"taxonomy":"product_brand","embeddable":true,"href":"https:\/\/gaattestequipment.com\/pt\/wp-json\/wp\/v2\/product_brand?post=1844"},{"taxonomy":"product_cat","embeddable":true,"href":"https:\/\/gaattestequipment.com\/pt\/wp-json\/wp\/v2\/product_cat?post=1844"},{"taxonomy":"product_tag","embeddable":true,"href":"https:\/\/gaattestequipment.com\/pt\/wp-json\/wp\/v2\/product_tag?post=1844"}],"curies":[{"name":"wp","href":"https:\/\/api.w.org\/{rel}","templated":true}]}}