{"id":1827,"date":"2024-11-12T14:13:16","date_gmt":"2024-11-12T14:13:16","guid":{"rendered":"https:\/\/gaattestequipment.com\/?post_type=product&#038;p=1827"},"modified":"2025-01-17T07:01:21","modified_gmt":"2025-01-17T07:01:21","slug":"thermal-shock-test-chamber-damper-type","status":"publish","type":"product","link":"https:\/\/gaattestequipment.com\/pt\/manufacturer\/thermal-shock-test-chamber-damper-type\/","title":{"rendered":"C\u00e2mara de choque t\u00e9rmico Tipo de amortecedor"},"content":{"rendered":"<p><span style=\"font-size: 90%;\"><em><span style=\"color: #282828;\">Detalhes da c\u00e2mara de teste de choque t\u00e9rmico&gt;&gt;&gt;<\/span><\/em><\/span><\/p>\n<h3><span style=\"color: #282828;\"><strong><b class=\"lazyloaded\">Aplica\u00e7\u00e3o da c\u00e2mara de ensaio de choque t\u00e9rmico:<\/b><\/strong><\/span><\/h3>\n<ol>\n<li><span style=\"color: #282828;\">Eletr\u00f3nica: Teste de fiabilidade de componentes.<\/span><\/li>\n<\/ol>\n<p><span style=\"color: #282828;\">2. Autom\u00f3vel: Avalia\u00e7\u00e3o do desempenho de pe\u00e7as.<\/span><\/p>\n<p><span style=\"color: #282828;\">3. Aeroespacial: Simula\u00e7\u00e3o de condi\u00e7\u00f5es ambientais extremas.<\/span><\/p>\n<p><span style=\"color: #282828;\">4. Materiais: Avalia\u00e7\u00e3o da durabilidade dos materiais.<\/span><\/p>\n<p><span style=\"color: #282828;\">5. Telecomunica\u00e7\u00f5es: Garantir a estabilidade do equipamento.<\/span><\/p>\n<div class=\"is-divider divider clearfix\" style=\"max-width:medium;\"><\/div>\n\t<div id=\"gap-1693664611\" class=\"gap-element clearfix\" style=\"display:block; height:auto;\">\n\t\t\n<style>\n#gap-1693664611 {\n  padding-top: 15px;\n}\n<\/style>\n\t<\/div>\n\t\n<h3><span style=\"color: #282828;\"><strong><b>Carater\u00edsticas<\/b><\/strong><\/span><span style=\"color: #282828;\"><strong><b>:<\/b><\/strong><\/span><\/h3>\n<ul>\n<li><span style=\"color: #282828;\">Choque t\u00e9rmico sem desloca\u00e7\u00e3o do provete de ensaio<\/span><\/li>\n<li><span style=\"color: #282828;\">Recupera\u00e7\u00e3o r\u00e1pida da temperatura<\/span><\/li>\n<li><span style=\"color: #282828;\">Distribui\u00e7\u00e3o uniforme da temperatura<\/span><\/li>\n<li><span style=\"color: #282828;\">Regula\u00e7\u00e3o autom\u00e1tica do pr\u00e9-aquecimento e do pr\u00e9-arrefecimento no modo de poupan\u00e7a de energia<\/span><\/li>\n<\/ul>\n<div class=\"is-divider divider clearfix\" style=\"max-width:medium;\"><\/div>\n\t<div id=\"gap-534287210\" class=\"gap-element clearfix\" style=\"display:block; height:auto;\">\n\t\t\n<style>\n#gap-534287210 {\n  padding-top: 15px;\n}\n<\/style>\n\t<\/div>\n\t\n<h4><span style=\"color: #282828; font-size: 110%;\"><strong><b>Normas de ensaio aplic\u00e1veis:<\/b><\/strong><\/span><\/h4>\n<p><span style=\"color: #282828;\">IEC 60068-2-1: 2007, IEC 60068-2-2: 2007, IEC 60068-2-14: 2009, EIAJ ED-2531B: 2004, JASO D 014-4: 2014, MIL-STD-883H: 2010, MIL-STD-202G: 2002, GB\/T 2423.1: 2008, GB\/T 2423.2: 2008, GB\/T 2423.22: 2012, GB\/T 2424.13: 2002, GJB 360B: 2009, GJB 150.5A: 2009.<\/span><\/p>\n<div class=\"is-divider divider clearfix\" style=\"max-width:medium;\"><\/div>\n\t<div id=\"text-908559907\" class=\"text show-for-small\">\n\t\t\n<h4><span style=\"color: #282828; font-size: 105%;\"><strong><b>Especifica\u00e7\u00e3o:<\/b><\/strong><strong><b>\u00a0<\/b><\/strong><\/span><\/h4>\n\n<table id=\"tablepress-22\" class=\"tablepress tablepress-id-22 tbody-has-connected-cells\">\n<tbody class=\"row-striping row-hover\">\n<tr class=\"row-1\">\n\t<td class=\"column-1\">Modelo (Tipo de elevador - 2 zonas)<\/td><td colspan=\"2\" class=\"column-2\">SZ-I-42(A\uff5eC)\u3001SZ-I-80(A\uff5eC)\u3001SZ-I-150(A\uff5eC)\u3001SZ-I-300(A\uff5eC)\u3001SZ-I-512(A\uff5eC)<\/td>\n<\/tr>\n<tr class=\"row-2\">\n\t<td class=\"column-1\">Dimens\u00e3o interior LxAxP (mm)<\/td><td colspan=\"2\" class=\"column-2\">400x350x300\u3001500x400x400\u3001 600x500x500\u3001 800x560x610\u3001 800x800x800<\/td>\n<\/tr>\n<tr class=\"row-3\">\n\t<td class=\"column-1\">Intervalo de exposi\u00e7\u00e3o \u00e0 temperatura<\/td><td colspan=\"2\" class=\"column-2\">Faixa de choque de alta temperatura: +60\u2103~+150\u2103;<br \/>\nFaixa de choque de baixa temperatura: 0\u2103~-65\u2103 (A: -45\u2103; B: -55\u2103; C: -65\u2103)<\/td>\n<\/tr>\n<tr class=\"row-4\">\n\t<td class=\"column-1\">Zona de alta temperatura<\/td><td colspan=\"2\" class=\"column-2\">Aquecimento: RT\u2192+200\u2103\u226440min.<\/td>\n<\/tr>\n<tr class=\"row-5\">\n\t<td class=\"column-1\">Zona de baixa temperatura<\/td><td colspan=\"2\" class=\"column-2\">Arrefecimento: RT\u2192-75\u2103\u226470min.<\/td>\n<\/tr>\n<tr class=\"row-6\">\n\t<td class=\"column-1\">Desempenho de temperatura<\/td><td colspan=\"2\" class=\"column-2\">Tempo de recupera\u00e7\u00e3o da temperatura na zona de ensaio \u2264 3 ou 5 min<br \/>\nFlutua\u00e7\u00e3o de temperatura: \u2264\u00b11\u2103<br \/>\nDesvio de temperatura: \u2264\u00b12\u2103<\/td>\n<\/tr>\n<tr class=\"row-7\">\n\t<td class=\"column-1\">Carater\u00edsticas de seguran\u00e7a<\/td><td colspan=\"2\" class=\"column-2\">prote\u00e7\u00e3o contra sobreaquecimento, sobrecorrente e sobrepress\u00e3o do compressor, prote\u00e7\u00e3o contra sobreaquecimento da ventoinha de condensa\u00e7\u00e3o, prote\u00e7\u00e3o contra sobretemperatura do compartimento, prote\u00e7\u00e3o contra sobreaquecimento do motor da ventoinha, prote\u00e7\u00e3o contra sobrecarga, prote\u00e7\u00e3o contra sobretemperatura do aquecedor, prote\u00e7\u00e3o contra curto-circuito, prote\u00e7\u00e3o contra perda de fase por sequ\u00eancia de fase de pot\u00eancia, prote\u00e7\u00e3o contra fugas para a terra, prote\u00e7\u00e3o contra sobrecarga do circuito e curto-circuito<\/td>\n<\/tr>\n<\/tbody>\n<\/table>\n<!-- #tablepress-22 from cache -->\n\t\t\t<\/div>\n\t\n\t<div id=\"gap-945200684\" class=\"gap-element clearfix\" style=\"display:block; height:auto;\">\n\t\t\n<style>\n#gap-945200684 {\n  padding-top: 15px;\n}\n<\/style>\n\t<\/div>\n\t\n\t<div id=\"text-2060757572\" class=\"text hide-for-small\">\n\t\t\n<h4><span style=\"color: #282828; font-size: 110%;\"><strong><b>Especifica\u00e7\u00e3o:<\/b><\/strong><strong><b>\u00a0<\/b><\/strong><\/span><\/h4>\n\n<table id=\"tablepress-8\" class=\"tablepress tablepress-id-8 tbody-has-connected-cells\">\n<tbody class=\"row-striping row-hover\">\n<tr class=\"row-1\">\n\t<td class=\"column-1\">Modelo (Tipo de elevador - 2 zonas)<\/td><td class=\"column-2\">SZ-I-42(A\uff5eC)\t<\/td><td class=\"column-3\">SZ-I-80(A\uff5eC)\t<\/td><td class=\"column-4\">SZ-I-150(A\uff5eC)\t<\/td><td class=\"column-5\">SZ-I-300(A\uff5eC)\t<\/td><td class=\"column-6\">SZ-I-512(A\uff5eC)<br \/>\n<\/td>\n<\/tr>\n<tr class=\"row-2\">\n\t<td class=\"column-1\">Dimens\u00e3o interior LxAxP (mm)\t<\/td><td class=\"column-2\">400x350x300\t<\/td><td class=\"column-3\">500x400x400<\/td><td class=\"column-4\">600x500x500<\/td><td class=\"column-5\">800x560x610<\/td><td class=\"column-6\">800x800x800<\/td>\n<\/tr>\n<tr class=\"row-3\">\n\t<td class=\"column-1\">Intervalo de exposi\u00e7\u00e3o \u00e0 temperatura\t<\/td><td colspan=\"5\" class=\"column-2\">Faixa de choque de alta temperatura: +60\u2103~+150\u2103;<br \/>\nFaixa de choque de baixa temperatura: 0\u2103~-65\u2103 (A: -45\u2103; B: -55\u2103; C: -65\u2103)<\/td>\n<\/tr>\n<tr class=\"row-4\">\n\t<td class=\"column-1\">Zona de alta temperatura\t<\/td><td colspan=\"5\" class=\"column-2\">Aquecimento: RT\u2192+200\u2103\u226440min.<br \/>\n<\/td>\n<\/tr>\n<tr class=\"row-5\">\n\t<td class=\"column-1\">Zona de baixa temperatura\t<\/td><td colspan=\"5\" class=\"column-2\">Arrefecimento: RT\u2192-75\u2103\u226470min.<br \/>\n<\/td>\n<\/tr>\n<tr class=\"row-6\">\n\t<td class=\"column-1\">Desempenho de temperatura\t<\/td><td colspan=\"5\" class=\"column-2\">Tempo de recupera\u00e7\u00e3o da temperatura na zona de ensaio \u2264 3 ou 5 min<br \/>\nFlutua\u00e7\u00e3o de temperatura: \u2264\u00b11\u2103<br \/>\n<br \/>\nDesvio de temperatura: \u2264\u00b12\u2103<\/td>\n<\/tr>\n<tr class=\"row-7\">\n\t<td class=\"column-1\">Carater\u00edsticas de seguran\u00e7a\t<\/td><td colspan=\"5\" class=\"column-2\">prote\u00e7\u00e3o contra sobreaquecimento, sobrecorrente e sobrepress\u00e3o do compressor, prote\u00e7\u00e3o contra sobreaquecimento da ventoinha de condensa\u00e7\u00e3o, prote\u00e7\u00e3o contra sobretemperatura do compartimento, prote\u00e7\u00e3o contra sobreaquecimento do motor da ventoinha, prote\u00e7\u00e3o contra sobrecarga, prote\u00e7\u00e3o contra sobretemperatura do aquecedor, prote\u00e7\u00e3o contra curto-circuito, prote\u00e7\u00e3o contra perda de fase por sequ\u00eancia de fase de pot\u00eancia, prote\u00e7\u00e3o contra fugas para a terra, prote\u00e7\u00e3o contra sobrecarga do circuito e curto-circuito<\/td>\n<\/tr>\n<\/tbody>\n<\/table>\n<!-- #tablepress-8 from cache -->\n\t\t\t<\/div>\n\t\n\t<div id=\"gap-1979234455\" class=\"gap-element clearfix\" style=\"display:block; height:auto;\">\n\t\t\n<style>\n#gap-1979234455 {\n  padding-top: 20px;\n}\n<\/style>\n\t<\/div>\n\t\n<h4 style=\"text-align: center;\"><span style=\"color: #282828; font-size: 110%;\">Obter um or\u00e7amento<\/span><\/h4>\n\n<div class=\"wpcf7 no-js\" id=\"wpcf7-f280-o1\" lang=\"en-US\" dir=\"ltr\" data-wpcf7-id=\"280\">\n<div class=\"screen-reader-response\"><p role=\"status\" aria-live=\"polite\" aria-atomic=\"true\"><\/p> <ul><\/ul><\/div>\n<form action=\"\/pt\/wp-json\/wp\/v2\/product\/1827#wpcf7-f280-o1\" method=\"post\" class=\"wpcf7-form init\" aria-label=\"Contact form\" novalidate=\"novalidate\" data-status=\"init\" data-trp-original-action=\"\/pt\/wp-json\/wp\/v2\/product\/1827#wpcf7-f280-o1\">\n<fieldset class=\"hidden-fields-container\"><input type=\"hidden\" name=\"_wpcf7\" value=\"280\" \/><input type=\"hidden\" name=\"_wpcf7_version\" value=\"6.1.2\" \/><input type=\"hidden\" name=\"_wpcf7_locale\" value=\"en_US\" \/><input type=\"hidden\" name=\"_wpcf7_unit_tag\" value=\"wpcf7-f280-o1\" \/><input type=\"hidden\" name=\"_wpcf7_container_post\" value=\"0\" \/><input type=\"hidden\" name=\"_wpcf7_posted_data_hash\" value=\"\" \/>\n<\/fieldset>\n<div class='custom_contact_style'>\n\t<div class=\"row row-small\">\n\t\t<div class=\"col medium-6 small-12 large-6\">\n\t\t\t<div class=\"col-inner\">\n\t\t\t\t<p><span class=\"wpcf7-form-control-wrap\" data-name=\"your-name\"><input size=\"40\" maxlength=\"400\" class=\"wpcf7-form-control wpcf7-text wpcf7-validates-as-required\" aria-required=\"true\" aria-invalid=\"false\" placeholder=\"Nome*\" value=\"\" type=\"text\" name=\"your-name\" \/><\/span>\n\t\t\t\t<\/p>\n\t\t\t<\/div>\n\t\t<\/div>\n\t\t<div class=\"col medium-6 small-12 large-6\">\n\t\t\t<div class=\"col-inner\">\n\t\t\t\t<p><span class=\"wpcf7-form-control-wrap\" data-name=\"your-email\"><input size=\"40\" maxlength=\"400\" class=\"wpcf7-form-control wpcf7-email wpcf7-validates-as-required wpcf7-text wpcf7-validates-as-email\" aria-required=\"true\" aria-invalid=\"false\" placeholder=\"Correio eletr\u00f3nico*\" value=\"\" type=\"email\" name=\"your-email\" \/><\/span>\n\t\t\t\t<\/p>\n\t\t\t<\/div>\n\t\t<\/div>\n\t<\/div>\n\t<div class='cus_contact_form_bottom'>\n\t\t<p><span class=\"wpcf7-form-control-wrap\" data-name=\"your-phone\"><input size=\"40\" maxlength=\"400\" class=\"wpcf7-form-control wpcf7-text\" aria-invalid=\"false\" placeholder=\"Telefone\" value=\"\" type=\"text\" name=\"your-phone\" \/><\/span>\n\t\t<\/p>\n\t<\/div>\n\t<div class='cus_contact_form_bottom'>\n\t\t<p><span class=\"wpcf7-form-control-wrap\" data-name=\"your-country\"><input size=\"40\" maxlength=\"400\" class=\"wpcf7-form-control wpcf7-text\" aria-invalid=\"false\" placeholder=\"Pa\u00eds\" value=\"\" type=\"text\" name=\"your-country\" \/><\/span>\n\t\t<\/p>\n\t<\/div>\n\t<p><span class=\"wpcf7-form-control-wrap\" data-name=\"your-message\"><textarea cols=\"40\" rows=\"10\" maxlength=\"2000\" class=\"wpcf7-form-control wpcf7-textarea wpcf7-validates-as-required\" aria-required=\"true\" aria-invalid=\"false\" placeholder=\"A sua mensagem *\" name=\"your-message\"><\/textarea><\/span>\n\t<\/p>\n\t<div style=\"margin-bottom:10px;\">\n\t\t<p><span class=\"wpcf7-form-control-wrap kc_captcha cf7ic-toggle\" data-name=\"kc_captcha\"><span class=\"wpcf7-form-control wpcf7-radio\"><span class=\"captcha-image\" style=\"display: none;\"><span class=\"cf7ic_instructions\">Please prove you are human by selecting the<span> heart<\/span>.<\/span><label><input aria-label=\"1\" type=\"radio\" name=\"kc_captcha\" value=\"kc_human\" \/><svg aria-hidden=\"true\" role=\"img\" xmlns=\"http:\/\/www.w3.org\/2000\/svg\" viewbox=\"0 0 576 512\"><path fill=\"currentColor\" d=\"M415 24c-53 0-103 42-127 65-24-23-74-65-127-65C70 24 16 77 16 166c0 72 67 133 69 135l187 181c9 8 23 8 32 0l187-180c2-3 69-64 69-136 0-89-54-142-145-142z\"\/><\/svg><\/label><label><input aria-label=\"2\" type=\"radio\" name=\"kc_captcha\" value=\"bot\" \/><svg aria-hidden=\"true\" role=\"img\" xmlns=\"http:\/\/www.w3.org\/2000\/svg\" viewbox=\"0 0 576 512\"><path fill=\"currentColor\" d=\"M259 18l-65 132-146 22c-26 3-37 36-18 54l106 103-25 146c-5 26 23 46 46 33l131-68 131 68c23 13 51-7 46-33l-25-146 106-103c19-18 8-51-18-54l-146-22-65-132a32 32 0 00-58 0z\"\/><\/svg><\/label><label><input aria-label=\"3\" type=\"radio\" name=\"kc_captcha\" value=\"bot\" \/><svg aria-hidden=\"true\" role=\"img\" xmlns=\"http:\/\/www.w3.org\/2000\/svg\" viewbox=\"0 0 576 512\"><path fill=\"currentColor\" d=\"M472 200H360L256 6a12 12 0 00-10-6h-58c-8 0-14 7-12 15l34 185H100l-35-58a12 12 0 00-10-6H12c-8 0-13 7-12 14l21 106L0 362c-1 7 4 14 12 14h43c4 0 8-2 10-6l35-58h110l-34 185c-2 8 4 15 12 15h58a12 12 0 0010-6l104-194h112c57 0 104-25 104-56s-47-56-104-56z\"\/><\/svg><\/label>\r\n    <\/span>\r\n    <span style=\"display:none\">\r\n        <input type=\"text\" name=\"kc_honeypot\">\r\n    <\/span><\/span><\/span>\n\t\t<\/p>\n\t<\/div>\n\t<p><input class=\"wpcf7-form-control wpcf7-submit has-spinner\" type=\"submit\" value=\"Enviar mensagem\" \/>\n\t<\/p>\n<\/div><div class=\"wpcf7-response-output\" aria-hidden=\"true\"><\/div>\n<input type=\"hidden\" name=\"trp-form-language\" value=\"pt\"\/><\/form>\n<\/div>\n\n\t<div id=\"gap-508344708\" class=\"gap-element clearfix\" style=\"display:block; height:auto;\">\n\t\t\n<style>\n#gap-508344708 {\n  padding-top: 30px;\n}\n<\/style>\n\t<\/div>\n\t\n<p><a href=\"https:\/\/gaattestequipment.com\/pt\/\"><em><span style=\"color: #282828;\">Voltar ao in\u00edcio&gt;&gt;&gt;<\/span><\/em><\/a><\/p>","protected":false},"excerpt":{"rendered":"<p><span style=\"color: #282828;\">C\u00e2mara de teste de choque t\u00e9rmico (tipo amortecedor) - A \u00e1rea de teste fixa foi concebida com tr\u00eas sec\u00e7\u00f5es distintas: a zona de teste, a zona de armazenamento de pr\u00e9-aquecimento e a zona de armazenamento de pr\u00e9-arrefecimento. Nesta configura\u00e7\u00e3o, o esp\u00e9cime \u00e9 colocado na Zona de Teste, onde \u00e9 sujeito a um r\u00e1pido choque de temperatura sem se mover fisicamente. Estas mudan\u00e7as de temperatura s\u00e3o conseguidas atrav\u00e9s da circula\u00e7\u00e3o de ar quente e frio das respectivas zonas de armazenamento de pr\u00e9-aquecimento e armazenamento de pr\u00e9-arrefecimento atrav\u00e9s de controlos de v\u00e1lvulas amortecedoras, simulando eficazmente as condi\u00e7\u00f5es de choque t\u00e9rmico.<\/span><\/p>","protected":false},"featured_media":1828,"comment_status":"open","ping_status":"closed","template":"","meta":[],"product_brand":[],"product_cat":[37],"product_tag":[],"class_list":{"0":"post-1827","1":"product","2":"type-product","3":"status-publish","4":"has-post-thumbnail","6":"product_cat-thermal-shock-chamber","8":"first","9":"instock","10":"shipping-taxable","11":"product-type-simple"},"yoast_head":"<!-- This site is optimized with the Yoast SEO plugin v26.0 - https:\/\/yoast.com\/wordpress\/plugins\/seo\/ -->\n<title>Thermal Shock Test Chamber | Damper Type<\/title>\n<meta name=\"description\" content=\"Thermal shock test chamber of high quality. We support sample for test and fast delivery. Offer free after-sales service and two year warranty.\" \/>\n<meta name=\"robots\" content=\"index, follow, max-snippet:-1, max-image-preview:large, max-video-preview:-1\" \/>\n<link rel=\"canonical\" href=\"https:\/\/gaattestequipment.com\/pt\/manufacturer\/thermal-shock-test-chamber-damper-type\/\" \/>\n<meta property=\"og:locale\" content=\"pt_PT\" \/>\n<meta property=\"og:type\" content=\"article\" \/>\n<meta property=\"og:title\" content=\"Thermal Shock Test Chamber | Damper Type\" \/>\n<meta property=\"og:description\" content=\"Thermal shock test chamber of high quality. We support sample for test and fast delivery. Offer free after-sales service and two year warranty.\" \/>\n<meta property=\"og:url\" content=\"https:\/\/gaattestequipment.com\/pt\/manufacturer\/thermal-shock-test-chamber-damper-type\/\" \/>\n<meta property=\"og:site_name\" content=\"GAAT\" \/>\n<meta property=\"article:modified_time\" content=\"2025-01-17T07:01:21+00:00\" \/>\n<meta property=\"og:image\" content=\"https:\/\/gaattestequipment.com\/wp-content\/uploads\/2024\/11\/Thermal-Shock-chamber-Damper-Type.png\" \/>\n\t<meta property=\"og:image:width\" content=\"768\" \/>\n\t<meta property=\"og:image:height\" content=\"768\" \/>\n\t<meta property=\"og:image:type\" content=\"image\/png\" \/>\n<meta name=\"twitter:card\" content=\"summary_large_image\" \/>\n<meta name=\"twitter:label1\" content=\"Tempo estimado de leitura\" \/>\n\t<meta name=\"twitter:data1\" content=\"1 minuto\" \/>\n<script type=\"application\/ld+json\" class=\"yoast-schema-graph\">{\"@context\":\"https:\/\/schema.org\",\"@graph\":[{\"@type\":\"WebPage\",\"@id\":\"https:\/\/gaattestequipment.com\/zh\/manufacturer\/thermal-shock-test-chamber-damper-type\/\",\"url\":\"https:\/\/gaattestequipment.com\/zh\/manufacturer\/thermal-shock-test-chamber-damper-type\/\",\"name\":\"Thermal Shock Test Chamber | Damper Type\",\"isPartOf\":{\"@id\":\"https:\/\/mistyrose-dunlin-619425.hostingersite.com\/#website\"},\"primaryImageOfPage\":{\"@id\":\"https:\/\/gaattestequipment.com\/zh\/manufacturer\/thermal-shock-test-chamber-damper-type\/#primaryimage\"},\"image\":{\"@id\":\"https:\/\/gaattestequipment.com\/zh\/manufacturer\/thermal-shock-test-chamber-damper-type\/#primaryimage\"},\"thumbnailUrl\":\"https:\/\/gaattestequipment.com\/wp-content\/uploads\/2024\/11\/Thermal-Shock-chamber-Damper-Type.png\",\"datePublished\":\"2024-11-12T14:13:16+00:00\",\"dateModified\":\"2025-01-17T07:01:21+00:00\",\"description\":\"Thermal shock test chamber of high quality. We support sample for test and fast delivery. Offer free after-sales service and two year warranty.\",\"breadcrumb\":{\"@id\":\"https:\/\/gaattestequipment.com\/zh\/manufacturer\/thermal-shock-test-chamber-damper-type\/#breadcrumb\"},\"inLanguage\":\"pt-PT\",\"potentialAction\":[{\"@type\":\"ReadAction\",\"target\":[\"https:\/\/gaattestequipment.com\/zh\/manufacturer\/thermal-shock-test-chamber-damper-type\/\"]}]},{\"@type\":\"ImageObject\",\"inLanguage\":\"pt-PT\",\"@id\":\"https:\/\/gaattestequipment.com\/zh\/manufacturer\/thermal-shock-test-chamber-damper-type\/#primaryimage\",\"url\":\"https:\/\/gaattestequipment.com\/wp-content\/uploads\/2024\/11\/Thermal-Shock-chamber-Damper-Type.png\",\"contentUrl\":\"https:\/\/gaattestequipment.com\/wp-content\/uploads\/2024\/11\/Thermal-Shock-chamber-Damper-Type.png\",\"width\":768,\"height\":768,\"caption\":\"thermal shock chamber\"},{\"@type\":\"BreadcrumbList\",\"@id\":\"https:\/\/gaattestequipment.com\/zh\/manufacturer\/thermal-shock-test-chamber-damper-type\/#breadcrumb\",\"itemListElement\":[{\"@type\":\"ListItem\",\"position\":1,\"name\":\"Home\",\"item\":\"https:\/\/mistyrose-dunlin-619425.hostingersite.com\/\"},{\"@type\":\"ListItem\",\"position\":2,\"name\":\"Products\",\"item\":\"https:\/\/gaattestequipment.com\/shop\/\"},{\"@type\":\"ListItem\",\"position\":3,\"name\":\"Thermal Shock Chamber Damper Type\"}]},{\"@type\":\"WebSite\",\"@id\":\"https:\/\/mistyrose-dunlin-619425.hostingersite.com\/#website\",\"url\":\"https:\/\/mistyrose-dunlin-619425.hostingersite.com\/\",\"name\":\"GAAT\",\"description\":\"Manufacturer of environmental and reliability testing instruments\",\"potentialAction\":[{\"@type\":\"SearchAction\",\"target\":{\"@type\":\"EntryPoint\",\"urlTemplate\":\"https:\/\/mistyrose-dunlin-619425.hostingersite.com\/?s={search_term_string}\"},\"query-input\":{\"@type\":\"PropertyValueSpecification\",\"valueRequired\":true,\"valueName\":\"search_term_string\"}}],\"inLanguage\":\"pt-PT\"}]}<\/script>\n<!-- \/ Yoast SEO plugin. -->","yoast_head_json":{"title":"C\u00e2mara de teste de choque t\u00e9rmico | Tipo de amortecedor","description":"C\u00e2mara de teste de choque t\u00e9rmico de alta qualidade. Apoiamos a amostra para teste e entrega r\u00e1pida. Oferecemos servi\u00e7o p\u00f3s-venda gratuito e garantia de dois anos.","robots":{"index":"index","follow":"follow","max-snippet":"max-snippet:-1","max-image-preview":"max-image-preview:large","max-video-preview":"max-video-preview:-1"},"canonical":"https:\/\/gaattestequipment.com\/pt\/manufacturer\/thermal-shock-test-chamber-damper-type\/","og_locale":"pt_PT","og_type":"article","og_title":"Thermal Shock Test Chamber | Damper Type","og_description":"Thermal shock test chamber of high quality. We support sample for test and fast delivery. Offer free after-sales service and two year warranty.","og_url":"https:\/\/gaattestequipment.com\/pt\/manufacturer\/thermal-shock-test-chamber-damper-type\/","og_site_name":"GAAT","article_modified_time":"2025-01-17T07:01:21+00:00","og_image":[{"width":768,"height":768,"url":"https:\/\/gaattestequipment.com\/wp-content\/uploads\/2024\/11\/Thermal-Shock-chamber-Damper-Type.png","type":"image\/png"}],"twitter_card":"summary_large_image","twitter_misc":{"Tempo estimado de leitura":"1 minuto"},"schema":{"@context":"https:\/\/schema.org","@graph":[{"@type":"WebPage","@id":"https:\/\/gaattestequipment.com\/zh\/manufacturer\/thermal-shock-test-chamber-damper-type\/","url":"https:\/\/gaattestequipment.com\/zh\/manufacturer\/thermal-shock-test-chamber-damper-type\/","name":"C\u00e2mara de teste de choque t\u00e9rmico | Tipo de amortecedor","isPartOf":{"@id":"https:\/\/mistyrose-dunlin-619425.hostingersite.com\/#website"},"primaryImageOfPage":{"@id":"https:\/\/gaattestequipment.com\/zh\/manufacturer\/thermal-shock-test-chamber-damper-type\/#primaryimage"},"image":{"@id":"https:\/\/gaattestequipment.com\/zh\/manufacturer\/thermal-shock-test-chamber-damper-type\/#primaryimage"},"thumbnailUrl":"https:\/\/gaattestequipment.com\/wp-content\/uploads\/2024\/11\/Thermal-Shock-chamber-Damper-Type.png","datePublished":"2024-11-12T14:13:16+00:00","dateModified":"2025-01-17T07:01:21+00:00","description":"C\u00e2mara de teste de choque t\u00e9rmico de alta qualidade. Apoiamos a amostra para teste e entrega r\u00e1pida. Oferecemos servi\u00e7o p\u00f3s-venda gratuito e garantia de dois anos.","breadcrumb":{"@id":"https:\/\/gaattestequipment.com\/zh\/manufacturer\/thermal-shock-test-chamber-damper-type\/#breadcrumb"},"inLanguage":"pt-PT","potentialAction":[{"@type":"ReadAction","target":["https:\/\/gaattestequipment.com\/zh\/manufacturer\/thermal-shock-test-chamber-damper-type\/"]}]},{"@type":"ImageObject","inLanguage":"pt-PT","@id":"https:\/\/gaattestequipment.com\/zh\/manufacturer\/thermal-shock-test-chamber-damper-type\/#primaryimage","url":"https:\/\/gaattestequipment.com\/wp-content\/uploads\/2024\/11\/Thermal-Shock-chamber-Damper-Type.png","contentUrl":"https:\/\/gaattestequipment.com\/wp-content\/uploads\/2024\/11\/Thermal-Shock-chamber-Damper-Type.png","width":768,"height":768,"caption":"thermal shock chamber"},{"@type":"BreadcrumbList","@id":"https:\/\/gaattestequipment.com\/zh\/manufacturer\/thermal-shock-test-chamber-damper-type\/#breadcrumb","itemListElement":[{"@type":"ListItem","position":1,"name":"Home","item":"https:\/\/mistyrose-dunlin-619425.hostingersite.com\/"},{"@type":"ListItem","position":2,"name":"Products","item":"https:\/\/gaattestequipment.com\/shop\/"},{"@type":"ListItem","position":3,"name":"Thermal Shock Chamber Damper Type"}]},{"@type":"WebSite","@id":"https:\/\/mistyrose-dunlin-619425.hostingersite.com\/#website","url":"https:\/\/mistyrose-dunlin-619425.hostingersite.com\/","name":"GAAT","description":"Fabricante de instrumentos de teste ambiental e de fiabilidade","potentialAction":[{"@type":"SearchAction","target":{"@type":"EntryPoint","urlTemplate":"https:\/\/mistyrose-dunlin-619425.hostingersite.com\/?s={search_term_string}"},"query-input":{"@type":"PropertyValueSpecification","valueRequired":true,"valueName":"search_term_string"}}],"inLanguage":"pt-PT"}]}},"_links":{"self":[{"href":"https:\/\/gaattestequipment.com\/pt\/wp-json\/wp\/v2\/product\/1827","targetHints":{"allow":["GET"]}}],"collection":[{"href":"https:\/\/gaattestequipment.com\/pt\/wp-json\/wp\/v2\/product"}],"about":[{"href":"https:\/\/gaattestequipment.com\/pt\/wp-json\/wp\/v2\/types\/product"}],"replies":[{"embeddable":true,"href":"https:\/\/gaattestequipment.com\/pt\/wp-json\/wp\/v2\/comments?post=1827"}],"wp:featuredmedia":[{"embeddable":true,"href":"https:\/\/gaattestequipment.com\/pt\/wp-json\/wp\/v2\/media\/1828"}],"wp:attachment":[{"href":"https:\/\/gaattestequipment.com\/pt\/wp-json\/wp\/v2\/media?parent=1827"}],"wp:term":[{"taxonomy":"product_brand","embeddable":true,"href":"https:\/\/gaattestequipment.com\/pt\/wp-json\/wp\/v2\/product_brand?post=1827"},{"taxonomy":"product_cat","embeddable":true,"href":"https:\/\/gaattestequipment.com\/pt\/wp-json\/wp\/v2\/product_cat?post=1827"},{"taxonomy":"product_tag","embeddable":true,"href":"https:\/\/gaattestequipment.com\/pt\/wp-json\/wp\/v2\/product_tag?post=1827"}],"curies":[{"name":"wp","href":"https:\/\/api.w.org\/{rel}","templated":true}]}}