{"id":1802,"date":"2024-11-12T01:58:05","date_gmt":"2024-11-12T01:58:05","guid":{"rendered":"https:\/\/gaattestequipment.com\/?post_type=product&#038;p=1802"},"modified":"2025-01-17T07:08:54","modified_gmt":"2025-01-17T07:08:54","slug":"benchtop-environmental-chamber","status":"publish","type":"product","link":"https:\/\/gaattestequipment.com\/pt\/manufacturer\/benchtop-environmental-chamber\/","title":{"rendered":"C\u00e2mara Clim\u00e1tica de Bancada"},"content":{"rendered":"<h3><span style=\"color: #282828;\"><strong><b>Carater\u00edsticas:<\/b><\/strong><\/span><\/h3>\n<ul>\n<li><span style=\"color: #282828;\">A c\u00e2mara ambiental de bancada tem um design compacto, economiza espa\u00e7o<\/span><\/li>\n<li><span style=\"color: #282828;\">Leve, pode ser colocado na mesa, adequado para laborat\u00f3rios e escrit\u00f3rios<\/span><\/li>\n<li><span style=\"color: #282828;\">Controlador de ecr\u00e3 t\u00e1til<\/span><\/li>\n<li><span style=\"color: #282828;\">Ru\u00eddo t\u00e3o baixo quanto 50 dB<\/span><\/li>\n<\/ul>\n<div class=\"is-divider divider clearfix\" style=\"max-width:medium;\"><\/div>\n\t<div id=\"gap-1778233071\" class=\"gap-element clearfix\" style=\"display:block; height:auto;\">\n\t\t\n<style>\n#gap-1778233071 {\n  padding-top: 15px;\n}\n<\/style>\n\t<\/div>\n\t\n<h3><span style=\"color: #282828;\"><strong><b>Aplica\u00e7\u00e3o da c\u00e2mara ambiental de bancada:<\/b><\/strong><\/span><\/h3>\n<p><span style=\"color: #282828;\">\u00c9 amplamente utilizado para testar pequenas amostras em ind\u00fastrias como a dos pl\u00e1sticos, autom\u00f3vel e eletr\u00f3nica. \u00c9 ideal para testes de armazenamento, avalia\u00e7\u00f5es de desempenho de temperatura e muito mais.<\/span><\/p>\n<div class=\"is-divider divider clearfix\" style=\"max-width:medium;\"><\/div>\n\t<div id=\"gap-734927660\" class=\"gap-element clearfix\" style=\"display:block; height:auto;\">\n\t\t\n<style>\n#gap-734927660 {\n  padding-top: 15px;\n}\n<\/style>\n\t<\/div>\n\t\n<h4><span style=\"color: #282828; font-size: 110%;\"><strong><b class=\"lazyloaded\">Ensaios\u00a0<\/b><\/strong><strong><b>S<\/b><\/strong><strong><b>normas:<\/b><\/strong><\/span><\/h4>\n<p><span style=\"color: #282828;\">IEC 60068-2-1 IEC 60068-2-2: 2007 IEC 60068-2-14<\/span><\/p>\n<p><span style=\"color: #282828;\">IEC 60068-2-30 IEC 60068-2-38 IEC 60068-2-78<\/span><\/p>\n<p><span style=\"color: #282828;\">ISO 16750-4 MIL-STD-810G ASTM E1457-13<\/span><\/p>\n<p><span style=\"color: #282828;\">JESD22-A101<\/span><\/p>\n<div class=\"is-divider divider clearfix\" style=\"max-width:medium;\"><\/div>\n\t<div id=\"gap-343847191\" class=\"gap-element clearfix\" style=\"display:block; height:auto;\">\n\t\t\n<style>\n#gap-343847191 {\n  padding-top: 15px;\n}\n<\/style>\n\t<\/div>\n\t\n<h4><span style=\"color: #282828; font-size: 110%;\"><strong><b>Especifica\u00e7\u00e3o:<\/b><\/strong><\/span><\/h4>\n\n<table id=\"tablepress-4\" class=\"tablepress tablepress-id-4 tbody-has-connected-cells\">\n<tbody class=\"row-striping row-hover\">\n<tr class=\"row-1\">\n\t<td class=\"column-1\">Modelo<\/td><td class=\"column-2\">SZ-A-36(A\uff5eG)<\/td><td class=\"column-3\">SZ-D-36(A\uff5eG)<\/td>\n<\/tr>\n<tr class=\"row-2\">\n\t<td class=\"column-1\">Tipo<\/td><td class=\"column-2\">C\u00e2mara de temperatura e humidade<\/td><td class=\"column-3\">C\u00e2mara de temperatura<\/td>\n<\/tr>\n<tr class=\"row-3\">\n\t<td class=\"column-1\">Tamanho interior LxAxP (mm)<\/td><td colspan=\"2\" class=\"column-2\">300x400x300 (36L)<\/td>\n<\/tr>\n<tr class=\"row-4\">\n\t<td class=\"column-1\">Tamanho exterior LxAxP (mm)<\/td><td colspan=\"2\" class=\"column-2\">850\u00d7900\u00d7860<\/td>\n<\/tr>\n<tr class=\"row-5\">\n\t<td class=\"column-1\">Peso<\/td><td colspan=\"2\" class=\"column-2\">160 kg<\/td>\n<\/tr>\n<tr class=\"row-6\">\n\t<td class=\"column-1\">Gama de temperaturas<\/td><td colspan=\"2\" class=\"column-2\">-70\u2103\uff5e+150\u2103 (B:-40\u2103 D:-40\u2103 G:-70\u2103)<\/td>\n<\/tr>\n<tr class=\"row-7\">\n\t<td class=\"column-1\">Gama de humidade<\/td><td class=\"column-2\">20%\uff5e98%RH<\/td><td class=\"column-3\">\/<\/td>\n<\/tr>\n<tr class=\"row-8\">\n\t<td class=\"column-1\">Flutua\u00e7\u00e3o de temperatura \/ humidade<\/td><td colspan=\"2\" class=\"column-2\">\u00b10.5\u2103;<br \/>\n\u00b12,0%RH (*aplic\u00e1vel apenas \u00e0 c\u00e2mara de humidade)<\/td>\n<\/tr>\n<tr class=\"row-9\">\n\t<td class=\"column-1\">Desvio de temperatura \/ humidade<\/td><td colspan=\"2\" class=\"column-2\">\u00b12\u2103 (\u2264200\u2103)\uff1b\u00b13\u2103 (\u2264300\u2103)<br \/>\n\u2264\u00b13,0%RH (&gt;75%RH); \u2264\u00b15,0%RH (\u226475%RH) (*aplic\u00e1vel apenas \u00e0 c\u00e2mara h\u00famida)<\/td>\n<\/tr>\n<tr class=\"row-10\">\n\t<td class=\"column-1\">Taxa de aquecimento\/arrefecimento<\/td><td colspan=\"2\" class=\"column-2\">Taxa m\u00e9dia de aquecimento \u2265 4,0\u2103\/min<br \/>\nTaxa m\u00e9dia de arrefecimento \u2265 1,5\u2103\/min<br \/>\n<br \/>\n(De acordo com IEC60068-3-5, IEC60068-3-6)<\/td>\n<\/tr>\n<tr class=\"row-11\">\n\t<td class=\"column-1\">Carater\u00edstica empilh\u00e1vel<\/td><td colspan=\"2\" class=\"column-2\">Equipado com pe\u00e7as de fixa\u00e7\u00e3o que permitem ao cliente empilhar o mesmo modelo de c\u00e2mara sem problemas e sem prateleiras adicionais<\/td>\n<\/tr>\n<tr class=\"row-12\">\n\t<td class=\"column-1\">Elementos de prote\u00e7\u00e3o de seguran\u00e7a<\/td><td colspan=\"2\" class=\"column-2\">prote\u00e7\u00e3o contra superaquecimento, prote\u00e7\u00e3o de balanceamento autom\u00e1tico de press\u00e3o, prote\u00e7\u00e3o contra ac\u00famulo de \u00e1gua na parte inferior da zona de teste, prote\u00e7\u00e3o contra superaquecimento \/ sobrecorrente \/ sobrepress\u00e3o do compressor, prote\u00e7\u00e3o contra superaquecimento do ventilador de condensa\u00e7\u00e3o, sobrecarga do motor do ventilador, prote\u00e7\u00e3o contra curto-circuito, prote\u00e7\u00e3o reversa do ventilador, prote\u00e7\u00e3o contra superaquecimento do aquecedor, prote\u00e7\u00e3o contra curto-circuito, queimadura seca, prote\u00e7\u00e3o contra falta de \u00e1gua (apenas modelos de c\u00e2mara de umidade), prote\u00e7\u00e3o contra vazamento de terra, prote\u00e7\u00e3o contra sobrecarga, prote\u00e7\u00e3o contra curto-circuito, prote\u00e7\u00e3o de sequ\u00eancia de fase<\/td>\n<\/tr>\n<\/tbody>\n<\/table>\n<!-- #tablepress-4 from cache -->\n\t<div id=\"gap-766538955\" class=\"gap-element clearfix\" style=\"display:block; height:auto;\">\n\t\t\n<style>\n#gap-766538955 {\n  padding-top: 30px;\n}\n<\/style>\n\t<\/div>\n\t\n<h3 style=\"text-align: center;\"><span style=\"color: #282828;\">Obter um or\u00e7amento<\/span><\/h3>\n\n<div class=\"wpcf7 no-js\" id=\"wpcf7-f280-o1\" lang=\"en-US\" dir=\"ltr\" data-wpcf7-id=\"280\">\n<div class=\"screen-reader-response\"><p role=\"status\" aria-live=\"polite\" aria-atomic=\"true\"><\/p> <ul><\/ul><\/div>\n<form action=\"\/pt\/wp-json\/wp\/v2\/product\/1802#wpcf7-f280-o1\" method=\"post\" class=\"wpcf7-form init\" aria-label=\"Contact form\" novalidate=\"novalidate\" data-status=\"init\" data-trp-original-action=\"\/pt\/wp-json\/wp\/v2\/product\/1802#wpcf7-f280-o1\">\n<fieldset class=\"hidden-fields-container\"><input type=\"hidden\" name=\"_wpcf7\" value=\"280\" \/><input type=\"hidden\" name=\"_wpcf7_version\" value=\"6.1.2\" \/><input type=\"hidden\" name=\"_wpcf7_locale\" value=\"en_US\" \/><input type=\"hidden\" name=\"_wpcf7_unit_tag\" value=\"wpcf7-f280-o1\" \/><input type=\"hidden\" name=\"_wpcf7_container_post\" value=\"0\" \/><input type=\"hidden\" name=\"_wpcf7_posted_data_hash\" value=\"\" \/>\n<\/fieldset>\n<div class='custom_contact_style'>\n\t<div class=\"row row-small\">\n\t\t<div class=\"col medium-6 small-12 large-6\">\n\t\t\t<div class=\"col-inner\">\n\t\t\t\t<p><span class=\"wpcf7-form-control-wrap\" data-name=\"your-name\"><input size=\"40\" maxlength=\"400\" class=\"wpcf7-form-control wpcf7-text wpcf7-validates-as-required\" aria-required=\"true\" aria-invalid=\"false\" placeholder=\"Nome*\" value=\"\" type=\"text\" name=\"your-name\" \/><\/span>\n\t\t\t\t<\/p>\n\t\t\t<\/div>\n\t\t<\/div>\n\t\t<div class=\"col medium-6 small-12 large-6\">\n\t\t\t<div class=\"col-inner\">\n\t\t\t\t<p><span class=\"wpcf7-form-control-wrap\" data-name=\"your-email\"><input size=\"40\" maxlength=\"400\" class=\"wpcf7-form-control wpcf7-email wpcf7-validates-as-required wpcf7-text wpcf7-validates-as-email\" aria-required=\"true\" aria-invalid=\"false\" placeholder=\"Correio eletr\u00f3nico*\" value=\"\" type=\"email\" name=\"your-email\" \/><\/span>\n\t\t\t\t<\/p>\n\t\t\t<\/div>\n\t\t<\/div>\n\t<\/div>\n\t<div class='cus_contact_form_bottom'>\n\t\t<p><span class=\"wpcf7-form-control-wrap\" data-name=\"your-phone\"><input size=\"40\" maxlength=\"400\" class=\"wpcf7-form-control wpcf7-text\" aria-invalid=\"false\" placeholder=\"Telefone\" value=\"\" type=\"text\" name=\"your-phone\" \/><\/span>\n\t\t<\/p>\n\t<\/div>\n\t<div class='cus_contact_form_bottom'>\n\t\t<p><span class=\"wpcf7-form-control-wrap\" data-name=\"your-country\"><input size=\"40\" maxlength=\"400\" class=\"wpcf7-form-control wpcf7-text\" aria-invalid=\"false\" placeholder=\"Pa\u00eds\" value=\"\" type=\"text\" name=\"your-country\" \/><\/span>\n\t\t<\/p>\n\t<\/div>\n\t<p><span class=\"wpcf7-form-control-wrap\" data-name=\"your-message\"><textarea cols=\"40\" rows=\"10\" maxlength=\"2000\" class=\"wpcf7-form-control wpcf7-textarea wpcf7-validates-as-required\" aria-required=\"true\" aria-invalid=\"false\" placeholder=\"A sua mensagem *\" name=\"your-message\"><\/textarea><\/span>\n\t<\/p>\n\t<div style=\"margin-bottom:10px;\">\n\t\t<p><span class=\"wpcf7-form-control-wrap kc_captcha cf7ic-toggle\" data-name=\"kc_captcha\"><span class=\"wpcf7-form-control wpcf7-radio\"><span class=\"captcha-image\" style=\"display: none;\"><span class=\"cf7ic_instructions\">Please prove you are human by selecting the<span> key<\/span>.<\/span><label><input aria-label=\"1\" type=\"radio\" name=\"kc_captcha\" value=\"bot\" \/><svg aria-hidden=\"true\" role=\"img\" xmlns=\"http:\/\/www.w3.org\/2000\/svg\" viewbox=\"0 0 576 512\"><path fill=\"currentColor\" d=\"M488 313v143c0 13-11 24-24 24H348c-7 0-12-5-12-12V356c0-7-5-12-12-12h-72c-7 0-12 5-12 12v112c0 7-5 12-12 12H112c-13 0-24-11-24-24V313c0-4 2-7 4-10l188-154c5-4 11-4 16 0l188 154c2 3 4 6 4 10zm84-61l-84-69V44c0-6-5-12-12-12h-56c-7 0-12 6-12 12v73l-89-74a48 48 0 00-61 0L4 252c-5 4-5 12-1 17l25 31c5 5 12 5 17 1l235-193c5-4 11-4 16 0l235 193c5 5 13 4 17-1l25-31c4-6 4-13-1-17z\"\/><\/svg><\/label><label><input aria-label=\"2\" type=\"radio\" name=\"kc_captcha\" value=\"kc_human\" \/><svg aria-hidden=\"true\" role=\"img\" xmlns=\"http:\/\/www.w3.org\/2000\/svg\" viewbox=\"0 0 512 512\"><path fill=\"currentColor\" d=\"M512 176a176 176 0 01-209 173l-24 27a24 24 0 01-18 8h-37v40c0 13-11 24-24 24h-40v40c0 13-11 24-24 24H24c-13 0-24-11-24-24v-78c0-6 3-13 7-17l162-162a176 176 0 11343-55zm-176-48a48 48 0 1096 0 48 48 0 00-96 0z\"\/><\/svg><\/label><label><input aria-label=\"3\" type=\"radio\" name=\"kc_captcha\" value=\"bot\" \/><svg aria-hidden=\"true\" role=\"img\" xmlns=\"http:\/\/www.w3.org\/2000\/svg\" viewbox=\"0 0 384 512\"><path fill=\"currentColor\" d=\"M377 375l-83-87h34c21 0 32-25 17-40l-82-88h33c21 0 32-25 18-40L210 8c-10-11-26-11-36 0L70 120c-14 15-3 40 18 40h33l-82 88c-15 15-4 40 17 40h34L7 375c-15 16-4 41 17 41h120c0 33-11 49-34 68-12 9-5 28 10 28h144c15 0 22-19 10-28-20-16-34-32-34-68h120c21 0 32-25 17-41z\"\/><\/svg><\/label>\r\n    <\/span>\r\n    <span style=\"display:none\">\r\n        <input type=\"text\" name=\"kc_honeypot\">\r\n    <\/span><\/span><\/span>\n\t\t<\/p>\n\t<\/div>\n\t<p><input class=\"wpcf7-form-control wpcf7-submit has-spinner\" type=\"submit\" value=\"Enviar mensagem\" \/>\n\t<\/p>\n<\/div><div class=\"wpcf7-response-output\" aria-hidden=\"true\"><\/div>\n<input type=\"hidden\" name=\"trp-form-language\" value=\"pt\"\/><\/form>\n<\/div>\n\n<p><a href=\"https:\/\/gaattestequipment.com\/pt\/\"><em><span style=\"color: #282828;\">Voltar ao in\u00edcio&gt;&gt;&gt;<\/span><\/em><\/a><\/p>","protected":false},"excerpt":{"rendered":"<p><span style=\"color: #282828;\">A C\u00e2mara Clim\u00e1tica de Bancada simula uma vasta gama de condi\u00e7\u00f5es de temperatura e humidade, ideal para testar pequenos produtos em espa\u00e7os limitados. O seu design compacto adapta-se facilmente a uma secret\u00e1ria ou debaixo dela, proporcionando testes ambientais eficientes e de elevado desempenho para laborat\u00f3rios.<\/span><\/p>","protected":false},"featured_media":1720,"comment_status":"open","ping_status":"closed","template":"","meta":[],"product_brand":[],"product_cat":[15],"product_tag":[],"class_list":{"0":"post-1802","1":"product","2":"type-product","3":"status-publish","4":"has-post-thumbnail","6":"product_cat-climate-chamber-category","8":"first","9":"instock","10":"shipping-taxable","11":"product-type-simple"},"yoast_head":"<!-- This site is optimized with the Yoast SEO plugin v26.0 - https:\/\/yoast.com\/wordpress\/plugins\/seo\/ -->\n<title>Benchtop Environmental Chamber for Testing<\/title>\n<meta name=\"description\" content=\"Benchtop environmental chamber of high quality. We support sample for test and fast delivery. Offer after-sales service and two year warranty.\" \/>\n<meta name=\"robots\" content=\"index, follow, max-snippet:-1, max-image-preview:large, max-video-preview:-1\" \/>\n<link rel=\"canonical\" href=\"https:\/\/gaattestequipment.com\/pt\/manufacturer\/benchtop-environmental-chamber\/\" \/>\n<meta property=\"og:locale\" content=\"pt_PT\" \/>\n<meta property=\"og:type\" content=\"article\" \/>\n<meta property=\"og:title\" content=\"Benchtop Environmental Chamber for Testing\" \/>\n<meta property=\"og:description\" content=\"Benchtop environmental chamber of high quality. We support sample for test and fast delivery. Offer after-sales service and two year warranty.\" \/>\n<meta property=\"og:url\" content=\"https:\/\/gaattestequipment.com\/pt\/manufacturer\/benchtop-environmental-chamber\/\" \/>\n<meta property=\"og:site_name\" content=\"GAAT\" \/>\n<meta property=\"article:modified_time\" content=\"2025-01-17T07:08:54+00:00\" \/>\n<meta property=\"og:image\" content=\"https:\/\/gaattestequipment.com\/wp-content\/uploads\/2024\/11\/GAAT-climate-chamber-benchtop-climatic-chamber-2.png\" \/>\n\t<meta property=\"og:image:width\" content=\"800\" \/>\n\t<meta property=\"og:image:height\" content=\"800\" \/>\n\t<meta property=\"og:image:type\" content=\"image\/png\" \/>\n<meta name=\"twitter:card\" content=\"summary_large_image\" \/>\n<meta name=\"twitter:label1\" content=\"Tempo estimado de leitura\" \/>\n\t<meta name=\"twitter:data1\" content=\"1 minuto\" \/>\n<script type=\"application\/ld+json\" class=\"yoast-schema-graph\">{\"@context\":\"https:\/\/schema.org\",\"@graph\":[{\"@type\":\"WebPage\",\"@id\":\"https:\/\/gaattestequipment.com\/ar\/manufacturer\/benchtop-environmental-chamber\/\",\"url\":\"https:\/\/gaattestequipment.com\/ar\/manufacturer\/benchtop-environmental-chamber\/\",\"name\":\"Benchtop Environmental Chamber for Testing\",\"isPartOf\":{\"@id\":\"https:\/\/mistyrose-dunlin-619425.hostingersite.com\/#website\"},\"primaryImageOfPage\":{\"@id\":\"https:\/\/gaattestequipment.com\/ar\/manufacturer\/benchtop-environmental-chamber\/#primaryimage\"},\"image\":{\"@id\":\"https:\/\/gaattestequipment.com\/ar\/manufacturer\/benchtop-environmental-chamber\/#primaryimage\"},\"thumbnailUrl\":\"https:\/\/gaattestequipment.com\/wp-content\/uploads\/2024\/11\/GAAT-climate-chamber-benchtop-climatic-chamber-2.png\",\"datePublished\":\"2024-11-12T01:58:05+00:00\",\"dateModified\":\"2025-01-17T07:08:54+00:00\",\"description\":\"Benchtop environmental chamber of high quality. We support sample for test and fast delivery. Offer after-sales service and two year warranty.\",\"breadcrumb\":{\"@id\":\"https:\/\/gaattestequipment.com\/ar\/manufacturer\/benchtop-environmental-chamber\/#breadcrumb\"},\"inLanguage\":\"pt-PT\",\"potentialAction\":[{\"@type\":\"ReadAction\",\"target\":[\"https:\/\/gaattestequipment.com\/ar\/manufacturer\/benchtop-environmental-chamber\/\"]}]},{\"@type\":\"ImageObject\",\"inLanguage\":\"pt-PT\",\"@id\":\"https:\/\/gaattestequipment.com\/ar\/manufacturer\/benchtop-environmental-chamber\/#primaryimage\",\"url\":\"https:\/\/gaattestequipment.com\/wp-content\/uploads\/2024\/11\/GAAT-climate-chamber-benchtop-climatic-chamber-2.png\",\"contentUrl\":\"https:\/\/gaattestequipment.com\/wp-content\/uploads\/2024\/11\/GAAT-climate-chamber-benchtop-climatic-chamber-2.png\",\"width\":800,\"height\":800,\"caption\":\"benchtop climatic chamber\"},{\"@type\":\"BreadcrumbList\",\"@id\":\"https:\/\/gaattestequipment.com\/ar\/manufacturer\/benchtop-environmental-chamber\/#breadcrumb\",\"itemListElement\":[{\"@type\":\"ListItem\",\"position\":1,\"name\":\"Home\",\"item\":\"https:\/\/mistyrose-dunlin-619425.hostingersite.com\/\"},{\"@type\":\"ListItem\",\"position\":2,\"name\":\"Products\",\"item\":\"https:\/\/gaattestequipment.com\/shop\/\"},{\"@type\":\"ListItem\",\"position\":3,\"name\":\"Benchtop Climatic Chamber\"}]},{\"@type\":\"WebSite\",\"@id\":\"https:\/\/mistyrose-dunlin-619425.hostingersite.com\/#website\",\"url\":\"https:\/\/mistyrose-dunlin-619425.hostingersite.com\/\",\"name\":\"GAAT\",\"description\":\"Manufacturer of environmental and reliability testing instruments\",\"potentialAction\":[{\"@type\":\"SearchAction\",\"target\":{\"@type\":\"EntryPoint\",\"urlTemplate\":\"https:\/\/mistyrose-dunlin-619425.hostingersite.com\/?s={search_term_string}\"},\"query-input\":{\"@type\":\"PropertyValueSpecification\",\"valueRequired\":true,\"valueName\":\"search_term_string\"}}],\"inLanguage\":\"pt-PT\"}]}<\/script>\n<!-- \/ Yoast SEO plugin. -->","yoast_head_json":{"title":"C\u00e2mara ambiental de bancada para testes","description":"C\u00e2mara ambiental de bancada de alta qualidade. Apoiamos a amostra para teste e entrega r\u00e1pida. Oferecemos servi\u00e7o p\u00f3s-venda e garantia de dois anos.","robots":{"index":"index","follow":"follow","max-snippet":"max-snippet:-1","max-image-preview":"max-image-preview:large","max-video-preview":"max-video-preview:-1"},"canonical":"https:\/\/gaattestequipment.com\/pt\/manufacturer\/benchtop-environmental-chamber\/","og_locale":"pt_PT","og_type":"article","og_title":"Benchtop Environmental Chamber for Testing","og_description":"Benchtop environmental chamber of high quality. We support sample for test and fast delivery. Offer after-sales service and two year warranty.","og_url":"https:\/\/gaattestequipment.com\/pt\/manufacturer\/benchtop-environmental-chamber\/","og_site_name":"GAAT","article_modified_time":"2025-01-17T07:08:54+00:00","og_image":[{"width":800,"height":800,"url":"https:\/\/gaattestequipment.com\/wp-content\/uploads\/2024\/11\/GAAT-climate-chamber-benchtop-climatic-chamber-2.png","type":"image\/png"}],"twitter_card":"summary_large_image","twitter_misc":{"Tempo estimado de leitura":"1 minuto"},"schema":{"@context":"https:\/\/schema.org","@graph":[{"@type":"WebPage","@id":"https:\/\/gaattestequipment.com\/ar\/manufacturer\/benchtop-environmental-chamber\/","url":"https:\/\/gaattestequipment.com\/ar\/manufacturer\/benchtop-environmental-chamber\/","name":"C\u00e2mara ambiental de bancada para testes","isPartOf":{"@id":"https:\/\/mistyrose-dunlin-619425.hostingersite.com\/#website"},"primaryImageOfPage":{"@id":"https:\/\/gaattestequipment.com\/ar\/manufacturer\/benchtop-environmental-chamber\/#primaryimage"},"image":{"@id":"https:\/\/gaattestequipment.com\/ar\/manufacturer\/benchtop-environmental-chamber\/#primaryimage"},"thumbnailUrl":"https:\/\/gaattestequipment.com\/wp-content\/uploads\/2024\/11\/GAAT-climate-chamber-benchtop-climatic-chamber-2.png","datePublished":"2024-11-12T01:58:05+00:00","dateModified":"2025-01-17T07:08:54+00:00","description":"C\u00e2mara ambiental de bancada de alta qualidade. Apoiamos a amostra para teste e entrega r\u00e1pida. Oferecemos servi\u00e7o p\u00f3s-venda e garantia de dois anos.","breadcrumb":{"@id":"https:\/\/gaattestequipment.com\/ar\/manufacturer\/benchtop-environmental-chamber\/#breadcrumb"},"inLanguage":"pt-PT","potentialAction":[{"@type":"ReadAction","target":["https:\/\/gaattestequipment.com\/ar\/manufacturer\/benchtop-environmental-chamber\/"]}]},{"@type":"ImageObject","inLanguage":"pt-PT","@id":"https:\/\/gaattestequipment.com\/ar\/manufacturer\/benchtop-environmental-chamber\/#primaryimage","url":"https:\/\/gaattestequipment.com\/wp-content\/uploads\/2024\/11\/GAAT-climate-chamber-benchtop-climatic-chamber-2.png","contentUrl":"https:\/\/gaattestequipment.com\/wp-content\/uploads\/2024\/11\/GAAT-climate-chamber-benchtop-climatic-chamber-2.png","width":800,"height":800,"caption":"benchtop climatic chamber"},{"@type":"BreadcrumbList","@id":"https:\/\/gaattestequipment.com\/ar\/manufacturer\/benchtop-environmental-chamber\/#breadcrumb","itemListElement":[{"@type":"ListItem","position":1,"name":"Home","item":"https:\/\/mistyrose-dunlin-619425.hostingersite.com\/"},{"@type":"ListItem","position":2,"name":"Products","item":"https:\/\/gaattestequipment.com\/shop\/"},{"@type":"ListItem","position":3,"name":"Benchtop Climatic Chamber"}]},{"@type":"WebSite","@id":"https:\/\/mistyrose-dunlin-619425.hostingersite.com\/#website","url":"https:\/\/mistyrose-dunlin-619425.hostingersite.com\/","name":"GAAT","description":"Fabricante de instrumentos de teste ambiental e de fiabilidade","potentialAction":[{"@type":"SearchAction","target":{"@type":"EntryPoint","urlTemplate":"https:\/\/mistyrose-dunlin-619425.hostingersite.com\/?s={search_term_string}"},"query-input":{"@type":"PropertyValueSpecification","valueRequired":true,"valueName":"search_term_string"}}],"inLanguage":"pt-PT"}]}},"_links":{"self":[{"href":"https:\/\/gaattestequipment.com\/pt\/wp-json\/wp\/v2\/product\/1802","targetHints":{"allow":["GET"]}}],"collection":[{"href":"https:\/\/gaattestequipment.com\/pt\/wp-json\/wp\/v2\/product"}],"about":[{"href":"https:\/\/gaattestequipment.com\/pt\/wp-json\/wp\/v2\/types\/product"}],"replies":[{"embeddable":true,"href":"https:\/\/gaattestequipment.com\/pt\/wp-json\/wp\/v2\/comments?post=1802"}],"wp:featuredmedia":[{"embeddable":true,"href":"https:\/\/gaattestequipment.com\/pt\/wp-json\/wp\/v2\/media\/1720"}],"wp:attachment":[{"href":"https:\/\/gaattestequipment.com\/pt\/wp-json\/wp\/v2\/media?parent=1802"}],"wp:term":[{"taxonomy":"product_brand","embeddable":true,"href":"https:\/\/gaattestequipment.com\/pt\/wp-json\/wp\/v2\/product_brand?post=1802"},{"taxonomy":"product_cat","embeddable":true,"href":"https:\/\/gaattestequipment.com\/pt\/wp-json\/wp\/v2\/product_cat?post=1802"},{"taxonomy":"product_tag","embeddable":true,"href":"https:\/\/gaattestequipment.com\/pt\/wp-json\/wp\/v2\/product_tag?post=1802"}],"curies":[{"name":"wp","href":"https:\/\/api.w.org\/{rel}","templated":true}]}}