{"id":1800,"date":"2024-11-11T08:31:42","date_gmt":"2024-11-11T08:31:42","guid":{"rendered":"https:\/\/gaattestequipment.com\/?post_type=product&#038;p=1800"},"modified":"2025-02-10T08:43:16","modified_gmt":"2025-02-10T08:43:16","slug":"ess-chamber","status":"publish","type":"product","link":"https:\/\/gaattestequipment.com\/pt\/manufacturer\/ess-chamber\/","title":{"rendered":"C\u00e2mara ESS"},"content":{"rendered":"<div id=\"text-1152972750\" class=\"text\">\n\t\t\n<h3><strong><b>Carater\u00edsticas da c\u00e2mara ESS:<\/b><\/strong><\/h3>\n<p>Estresse diferente pode ser definido para rastrear a taxa de mudan\u00e7a de temperatura: 5 \u2103 \/ min \u3001 10 \u2103 \/ min \u3001 15 \u2103 \/ min \u3001 20 \u2103 \/ min. Conhe\u00e7a a triagem de estresse e o processo sem chumbo de produtos de equipamentos eletr\u00f4nicos. Ampla faixa de temperatura de -70 \u2103 ~ + 180 \u2103<\/p>\n<div class=\"is-divider divider clearfix\" style=\"max-width:medium;\"><\/div>\n\t<div id=\"gap-312536933\" class=\"gap-element clearfix\" style=\"display:block; height:auto;\">\n\t\t\n<style>\n#gap-312536933 {\n  padding-top: 15px;\n}\n<\/style>\n\t<\/div>\n\t\n<h3><strong><b class=\"lazyloaded\">Aplica\u00e7\u00e3o da c\u00e2mara ESS:<\/b><\/strong><\/h3>\n<p>produtos de equipamento eletr\u00f3nico<\/p>\n<div class=\"is-divider divider clearfix\" style=\"max-width:medium;\"><\/div>\n\t<div id=\"gap-70294374\" class=\"gap-element clearfix\" style=\"display:block; height:auto;\">\n\t\t\n<style>\n#gap-70294374 {\n  padding-top: 15px;\n}\n<\/style>\n\t<\/div>\n\t\n<h3><strong><b>Normas de ensaio:<\/b><\/strong><\/h3>\n<p>IEC 60068-2-1 IEC 60068-2-2: 2007 IEC 60068-2-14 IEC 60068-2-30 IEC 60068-2-38 IEC 60068-2-78 ISO 16750-4 MIL-STD-810G ASTM E1457-13 JESD22-A10 MIL-STD-2164\u3001MIL-344A-4-16\u3001MIL-2164A-19\u3001NABMAT-9492\u3001GJB-1032-90\u3001GJB\/Z34-5.1.6\u3001IPC-9701<br \/>\n\t\t\n<style>\n#text-1152972750 {\n  color: rgb(0,0,0);\n}\n#text-1152972750 > * {\n  color: rgb(0,0,0);\n}\n<\/style>\n\t<\/div>\n\t\n<div class=\"is-divider divider clearfix\" style=\"max-width:medium;\"><\/div>\n\t<div id=\"text-775285578\" class=\"text show-for-small\">\n\t\t\n<p><strong><span style=\"color: #282828;\">Par\u00e2metros t\u00e9cnicos<\/span><\/strong><\/p>\n\n<table id=\"tablepress-25\" class=\"tablepress tablepress-id-25 tbody-has-connected-cells\">\n<tbody class=\"row-striping row-hover\">\n<tr class=\"row-1\">\n\t<td class=\"column-1\">Temperatura e humidade<\/td><td colspan=\"2\" class=\"column-2\">SZ-A-FX-225C\/D\/G\u3001SZ-A-FX-408C\/D\/G\u3001SZ-A-FX-608C\/D\/G\u3001SZ-A-FX-1000C\/D\/G<\/td>\n<\/tr>\n<tr class=\"row-2\">\n\t<td class=\"column-1\">Apenas temperatura<\/td><td colspan=\"2\" class=\"column-2\">SZ-D-FX-225C\/D\/G\u3001SZ-D-FX-408C\/D\/G\u3001SZ-D-FX-608C\/D\/G\u3001SZ-D-FX-1000C\/D\/G<\/td>\n<\/tr>\n<tr class=\"row-3\">\n\t<td class=\"column-1\">Gama de temperaturas<\/td><td colspan=\"2\" class=\"column-2\">C: -20\u2103\uff5e+150\/+180\u2103 D: -40\u2103\uff5e+150\/+180\u2103 G: -70\u2103\uff5e+150\/+180\u2103<\/td>\n<\/tr>\n<tr class=\"row-4\">\n\t<td class=\"column-1\">Precis\u00e3o do controlo da temperatura<\/td><td colspan=\"2\" class=\"column-2\">Resolu\u00e7\u00e3o de temperatura: 0.01\u2103<br \/>\nFlutua\u00e7\u00e3o de temperatura: \u2264\u00b10,5\u2103<br \/>\nVaria\u00e7\u00e3o da temperatura: \u2264\u00b12.0\u2103<br \/>\nGradiente de temperatura: \u2264\u00b12,0\u2103<\/td>\n<\/tr>\n<tr class=\"row-5\">\n\t<td class=\"column-1\">Taxa de aquecimento\/arrefecimento<\/td><td colspan=\"2\" class=\"column-2\">F5\u22655\u2103\/min F10\u226510\u2103\/min F15\u226515\u2103\/min F20\u226520\u2103\/min<br \/>\n(Linear\/N\u00e3o linear)<\/td>\n<\/tr>\n<tr class=\"row-6\">\n\t<td class=\"column-1\">Gama de humidade<\/td><td colspan=\"2\" class=\"column-2\">20%\uff5e98%RH (por +20\u2103\uff5e+85\u2103) padr\u00e3o<br \/>\n10%\uff5e98%RH (por +20\u2103\uff5e+85\u2103) opcional<\/td>\n<\/tr>\n<tr class=\"row-7\">\n\t<td class=\"column-1\">Precis\u00e3o do controlo da humidade<\/td><td colspan=\"2\" class=\"column-2\">Resolu\u00e7\u00e3o da humidade: 0,1%RH<br \/>\nFlutua\u00e7\u00e3o de humidade: \u2264\u00b13%RH<br \/>\nVaria\u00e7\u00e3o da humidade: \u2264\u00b13%RH (&gt;75%RH); \u2264\u00b15%RH (\u226475%RH)<\/td>\n<\/tr>\n<tr class=\"row-8\">\n\t<td class=\"column-1\">Aquecedor<\/td><td colspan=\"2\" class=\"column-2\">Aquecedor eletr\u00f3nico de nicr\u00f3mio<\/td>\n<\/tr>\n<tr class=\"row-9\">\n\t<td class=\"column-1\">Unidade de refrigera\u00e7\u00e3o<\/td><td colspan=\"2\" class=\"column-2\">M\u00e9todo de refrigera\u00e7\u00e3o: Arrefecimento por ar\/arrefecimento por \u00e1gua<\/td>\n<\/tr>\n<tr class=\"row-10\">\n\t<td class=\"column-1\">Dimens\u00f5es do espa\u00e7o de trabalho (L*A*P)<\/td><td colspan=\"2\" class=\"column-2\">500*750*600\u3001600*850*800\u3001800*950*800\u30011000*1000*1000<\/td>\n<\/tr>\n<tr class=\"row-11\">\n\t<td class=\"column-1\">Dimens\u00f5es exteriores (L*A*P)<\/td><td colspan=\"2\" class=\"column-2\">1000*1750*1300\u30011100*1850*1500\u30011300*1950*1500\u30011500*2000*1700<\/td>\n<\/tr>\n<\/tbody>\n<\/table>\n<!-- #tablepress-25 from cache -->\n\t\t\t<\/div>\n\t\n\t<div id=\"gap-340182649\" class=\"gap-element clearfix\" style=\"display:block; height:auto;\">\n\t\t\n<style>\n#gap-340182649 {\n  padding-top: 15px;\n}\n<\/style>\n\t<\/div>\n\t\n\t<div id=\"text-1981184836\" class=\"text hide-for-small\">\n\t\t\n<h3><span style=\"color: #282828;\"><strong><b>Ficha de dados t\u00e9cnicos:<\/b><\/strong><\/span><\/h3>\n\n<table id=\"tablepress-2\" class=\"tablepress tablepress-id-2 tbody-has-connected-cells\">\n<tbody class=\"row-striping row-hover\">\n<tr class=\"row-1\">\n\t<td class=\"column-1\">Temperatura e humidade<\/td><td class=\"column-2\">SZ-A-FX-225C\/D\/G<\/td><td class=\"column-3\">SZ-A-FX-408C\/D\/G<\/td><td class=\"column-4\">SZ-A-FX-608C\/D\/G<\/td><td class=\"column-5\">SZ-A-FX-1000C\/D\/G<\/td>\n<\/tr>\n<tr class=\"row-2\">\n\t<td class=\"column-1\">Apenas temperatura<\/td><td class=\"column-2\">SZ-D-FX-225C\/D\/G<\/td><td class=\"column-3\">SZ-D-FX-408C\/D\/G<\/td><td class=\"column-4\">SZ-D-FX-608C\/D\/G<\/td><td class=\"column-5\">SZ-D-FX-1000C\/D\/G<\/td>\n<\/tr>\n<tr class=\"row-3\">\n\t<td class=\"column-1\">Gama de temperaturas<\/td><td colspan=\"4\" class=\"column-2\">C: -20\u2103\uff5e+150\/+180\u2103 D: -40\u2103\uff5e+150\/+180\u2103 G: -70\u2103\uff5e+150\/+180\u2103<\/td>\n<\/tr>\n<tr class=\"row-4\">\n\t<td class=\"column-1\">Precis\u00e3o do controlo da temperatura<\/td><td colspan=\"4\" class=\"column-2\">Resolu\u00e7\u00e3o de temperatura: 0.01\u2103<br \/>\nFlutua\u00e7\u00e3o de temperatura: \u2264\u00b10,5\u2103<br \/>\nVaria\u00e7\u00e3o da temperatura: \u2264\u00b12.0\u2103<br \/>\nGradiente de temperatura: \u2264\u00b12,0\u2103<\/td>\n<\/tr>\n<tr class=\"row-5\">\n\t<td class=\"column-1\">Taxa de aquecimento\/arrefecimento<\/td><td colspan=\"4\" class=\"column-2\">F5\u22655\u2103\/min F10\u226510\u2103\/min F15\u226515\u2103\/min F20\u226520\u2103\/min<br \/>\n(Linear\/N\u00e3o linear)<\/td>\n<\/tr>\n<tr class=\"row-6\">\n\t<td class=\"column-1\">Gama de humidade<\/td><td colspan=\"4\" class=\"column-2\">20%\uff5e98%RH (por +20\u2103\uff5e+85\u2103) padr\u00e3o<br \/>\n10%\uff5e98%RH (por +20\u2103\uff5e+85\u2103) opcional<\/td>\n<\/tr>\n<tr class=\"row-7\">\n\t<td class=\"column-1\">Precis\u00e3o do controlo da humidade<\/td><td colspan=\"4\" class=\"column-2\">Resolu\u00e7\u00e3o da humidade: 0,1%RH<br \/>\nFlutua\u00e7\u00e3o de humidade: \u2264\u00b13%RH<br \/>\n<br \/>\nVaria\u00e7\u00e3o da humidade: \u2264\u00b13%RH (&gt;75%RH); \u2264\u00b15%RH (\u226475%RH)<\/td>\n<\/tr>\n<tr class=\"row-8\">\n\t<td class=\"column-1\">Aquecedor<\/td><td colspan=\"4\" class=\"column-2\">Aquecedor eletr\u00f3nico de nicr\u00f3mio<\/td>\n<\/tr>\n<tr class=\"row-9\">\n\t<td class=\"column-1\">Unidade de refrigera\u00e7\u00e3o<\/td><td colspan=\"4\" class=\"column-2\">M\u00e9todo de refrigera\u00e7\u00e3o: Arrefecimento por ar\/arrefecimento por \u00e1gua<\/td>\n<\/tr>\n<tr class=\"row-10\">\n\t<td class=\"column-1\">Dimens\u00f5es do espa\u00e7o de trabalho<\/td><td class=\"column-2\">500*750*600<br \/>\n(W*H*D)<\/td><td class=\"column-3\">600*850*800<br \/>\n(W*H*D)<\/td><td class=\"column-4\">800*950*800<br \/>\n(W*H*D)<\/td><td class=\"column-5\">1000*1000*1000<br \/>\n(W*H*D)<\/td>\n<\/tr>\n<tr class=\"row-11\">\n\t<td class=\"column-1\">Dimens\u00f5es exteriores<\/td><td class=\"column-2\">1000*1750*1300<br \/>\n(W*H*D)<\/td><td class=\"column-3\">1100*1850*1500<br \/>\n(W*H*D)<\/td><td class=\"column-4\">1300*1950*1500<br \/>\n(W*H*D)<\/td><td class=\"column-5\">1500*2000*1700<br \/>\n(W*H*D)<\/td>\n<\/tr>\n<\/tbody>\n<\/table>\n<!-- #tablepress-2 from cache -->\n\t\t\t<\/div>\n\t\n\t<div id=\"gap-1375260746\" class=\"gap-element clearfix\" style=\"display:block; height:auto;\">\n\t\t\n<style>\n#gap-1375260746 {\n  padding-top: 30px;\n}\n<\/style>\n\t<\/div>\n\t\n<h3 style=\"text-align: center;\"><span style=\"color: #282828;\">Obter um or\u00e7amento<\/span><\/h3>\n\n<div class=\"wpcf7 no-js\" id=\"wpcf7-f280-o1\" lang=\"en-US\" dir=\"ltr\" data-wpcf7-id=\"280\">\n<div class=\"screen-reader-response\"><p role=\"status\" aria-live=\"polite\" aria-atomic=\"true\"><\/p> <ul><\/ul><\/div>\n<form action=\"\/pt\/wp-json\/wp\/v2\/product\/1800#wpcf7-f280-o1\" method=\"post\" class=\"wpcf7-form init\" aria-label=\"Contact form\" novalidate=\"novalidate\" data-status=\"init\" data-trp-original-action=\"\/pt\/wp-json\/wp\/v2\/product\/1800#wpcf7-f280-o1\">\n<fieldset class=\"hidden-fields-container\"><input type=\"hidden\" name=\"_wpcf7\" value=\"280\" \/><input type=\"hidden\" name=\"_wpcf7_version\" value=\"6.1.2\" \/><input type=\"hidden\" name=\"_wpcf7_locale\" value=\"en_US\" \/><input type=\"hidden\" name=\"_wpcf7_unit_tag\" value=\"wpcf7-f280-o1\" \/><input type=\"hidden\" name=\"_wpcf7_container_post\" value=\"0\" \/><input type=\"hidden\" name=\"_wpcf7_posted_data_hash\" value=\"\" \/>\n<\/fieldset>\n<div class='custom_contact_style'>\n\t<div class=\"row row-small\">\n\t\t<div class=\"col medium-6 small-12 large-6\">\n\t\t\t<div class=\"col-inner\">\n\t\t\t\t<p><span class=\"wpcf7-form-control-wrap\" data-name=\"your-name\"><input size=\"40\" maxlength=\"400\" class=\"wpcf7-form-control wpcf7-text wpcf7-validates-as-required\" aria-required=\"true\" aria-invalid=\"false\" placeholder=\"Nome*\" value=\"\" type=\"text\" name=\"your-name\" \/><\/span>\n\t\t\t\t<\/p>\n\t\t\t<\/div>\n\t\t<\/div>\n\t\t<div class=\"col medium-6 small-12 large-6\">\n\t\t\t<div class=\"col-inner\">\n\t\t\t\t<p><span class=\"wpcf7-form-control-wrap\" data-name=\"your-email\"><input size=\"40\" maxlength=\"400\" class=\"wpcf7-form-control wpcf7-email wpcf7-validates-as-required wpcf7-text wpcf7-validates-as-email\" aria-required=\"true\" aria-invalid=\"false\" placeholder=\"Correio eletr\u00f3nico*\" value=\"\" type=\"email\" name=\"your-email\" \/><\/span>\n\t\t\t\t<\/p>\n\t\t\t<\/div>\n\t\t<\/div>\n\t<\/div>\n\t<div class='cus_contact_form_bottom'>\n\t\t<p><span class=\"wpcf7-form-control-wrap\" data-name=\"your-phone\"><input size=\"40\" maxlength=\"400\" class=\"wpcf7-form-control wpcf7-text\" aria-invalid=\"false\" placeholder=\"Telefone\" value=\"\" type=\"text\" name=\"your-phone\" \/><\/span>\n\t\t<\/p>\n\t<\/div>\n\t<div class='cus_contact_form_bottom'>\n\t\t<p><span class=\"wpcf7-form-control-wrap\" data-name=\"your-country\"><input size=\"40\" maxlength=\"400\" class=\"wpcf7-form-control wpcf7-text\" aria-invalid=\"false\" placeholder=\"Pa\u00eds\" value=\"\" type=\"text\" name=\"your-country\" \/><\/span>\n\t\t<\/p>\n\t<\/div>\n\t<p><span class=\"wpcf7-form-control-wrap\" data-name=\"your-message\"><textarea cols=\"40\" rows=\"10\" maxlength=\"2000\" class=\"wpcf7-form-control wpcf7-textarea wpcf7-validates-as-required\" aria-required=\"true\" aria-invalid=\"false\" placeholder=\"A sua mensagem *\" name=\"your-message\"><\/textarea><\/span>\n\t<\/p>\n\t<div style=\"margin-bottom:10px;\">\n\t\t<p><span class=\"wpcf7-form-control-wrap kc_captcha cf7ic-toggle\" data-name=\"kc_captcha\"><span class=\"wpcf7-form-control wpcf7-radio\"><span class=\"captcha-image\" style=\"display: none;\"><span class=\"cf7ic_instructions\">Please prove you are human by selecting the<span> key<\/span>.<\/span><label><input aria-label=\"1\" type=\"radio\" name=\"kc_captcha\" value=\"kc_human\" \/><svg aria-hidden=\"true\" role=\"img\" xmlns=\"http:\/\/www.w3.org\/2000\/svg\" viewbox=\"0 0 512 512\"><path fill=\"currentColor\" d=\"M512 176a176 176 0 01-209 173l-24 27a24 24 0 01-18 8h-37v40c0 13-11 24-24 24h-40v40c0 13-11 24-24 24H24c-13 0-24-11-24-24v-78c0-6 3-13 7-17l162-162a176 176 0 11343-55zm-176-48a48 48 0 1096 0 48 48 0 00-96 0z\"\/><\/svg><\/label><label><input aria-label=\"2\" type=\"radio\" name=\"kc_captcha\" value=\"bot\" \/><svg aria-hidden=\"true\" role=\"img\" xmlns=\"http:\/\/www.w3.org\/2000\/svg\" viewbox=\"0 0 640 512\"><path fill=\"currentColor\" d=\"M624 352h-16V244c0-13-5-25-14-34L494 110c-9-9-21-14-34-14h-44V48c0-26-21-48-48-48H48C22 0 0 22 0 48v320c0 27 22 48 48 48h16a96 96 0 00192 0h128a96 96 0 00192 0h48c9 0 16-7 16-16v-32c0-9-7-16-16-16zM160 464a48 48 0 110-96 48 48 0 010 96zm320 0a48 48 0 110-96 48 48 0 010 96zm80-208H416V144h44l100 100v12z\"\/><\/svg><\/label><label><input aria-label=\"3\" type=\"radio\" name=\"kc_captcha\" value=\"bot\" \/><svg aria-hidden=\"true\" role=\"img\" xmlns=\"http:\/\/www.w3.org\/2000\/svg\" viewbox=\"0 0 384 512\"><path fill=\"currentColor\" d=\"M377 375l-83-87h34c21 0 32-25 17-40l-82-88h33c21 0 32-25 18-40L210 8c-10-11-26-11-36 0L70 120c-14 15-3 40 18 40h33l-82 88c-15 15-4 40 17 40h34L7 375c-15 16-4 41 17 41h120c0 33-11 49-34 68-12 9-5 28 10 28h144c15 0 22-19 10-28-20-16-34-32-34-68h120c21 0 32-25 17-41z\"\/><\/svg><\/label>\r\n    <\/span>\r\n    <span style=\"display:none\">\r\n        <input type=\"text\" name=\"kc_honeypot\">\r\n    <\/span><\/span><\/span>\n\t\t<\/p>\n\t<\/div>\n\t<p><input class=\"wpcf7-form-control wpcf7-submit has-spinner\" type=\"submit\" value=\"Enviar mensagem\" \/>\n\t<\/p>\n<\/div><div class=\"wpcf7-response-output\" aria-hidden=\"true\"><\/div>\n<input type=\"hidden\" name=\"trp-form-language\" value=\"pt\"\/><\/form>\n<\/div>\n\n\t<div id=\"gap-1614327666\" class=\"gap-element clearfix\" style=\"display:block; height:auto;\">\n\t\t\n<style>\n#gap-1614327666 {\n  padding-top: 30px;\n}\n<\/style>\n\t<\/div>\n\t\n<h4><span style=\"color: #282828;\">Clique para saber mais:<\/span><\/h4>\n<p><span style=\"color: #282828;\"><a href=\"https:\/\/gaattestequipment.com\/pt\/environmental-test-chamber-product-page\/\">O nosso produto<\/a> \/ <a href=\"https:\/\/gaattestequipment.com\/pt\/about-us-2\/\">A nossa empresa<\/a> \/ <a href=\"https:\/\/gaattestequipment.com\/pt\/environmental-chamber-service\/\">O nosso servi\u00e7o<\/a><\/span><\/p>","protected":false},"excerpt":{"rendered":"<p><span style=\"color: #282828;\">A c\u00e2mara ESS (Environmental Stress Screening Chamber) \u00e9 utilizada para avaliar a integridade das propriedades termo-mec\u00e2nicas do produto ap\u00f3s a exposi\u00e7\u00e3o a altera\u00e7\u00f5es r\u00e1pidas da temperatura ambiente. Normalmente, a taxa de varia\u00e7\u00e3o da temperatura \u00e9 inferior a 20C\/min, o que permite obter o ambiente de aplica\u00e7\u00e3o real da amostra de ensaio atrav\u00e9s da taxa de varia\u00e7\u00e3o mais r\u00e1pida.<\/span><\/p>","protected":false},"featured_media":1637,"comment_status":"open","ping_status":"closed","template":"","meta":[],"product_brand":[],"product_cat":[15],"product_tag":[],"class_list":{"0":"post-1800","1":"product","2":"type-product","3":"status-publish","4":"has-post-thumbnail","6":"product_cat-climate-chamber-category","8":"first","9":"instock","10":"shipping-taxable","11":"product-type-simple"},"yoast_head":"<!-- This site is optimized with the Yoast SEO plugin v26.0 - https:\/\/yoast.com\/wordpress\/plugins\/seo\/ -->\n<title>ESS Chamber - GAAT<\/title>\n<meta name=\"description\" content=\"ESS Chamber is used to evaluate the integrity of thermal mechanical properties of product after exposure to rapid change of ambient temperature.\" \/>\n<meta name=\"robots\" content=\"index, follow, max-snippet:-1, max-image-preview:large, max-video-preview:-1\" \/>\n<link rel=\"canonical\" href=\"https:\/\/gaattestequipment.com\/pt\/manufacturer\/ess-chamber\/\" \/>\n<meta property=\"og:locale\" content=\"pt_PT\" \/>\n<meta property=\"og:type\" content=\"article\" \/>\n<meta property=\"og:title\" content=\"ESS Chamber - GAAT\" \/>\n<meta property=\"og:description\" content=\"ESS Chamber is used to evaluate the integrity of thermal mechanical properties of product after exposure to rapid change of ambient temperature.\" \/>\n<meta property=\"og:url\" content=\"https:\/\/gaattestequipment.com\/pt\/manufacturer\/ess-chamber\/\" \/>\n<meta property=\"og:site_name\" content=\"GAAT\" \/>\n<meta property=\"article:modified_time\" content=\"2025-02-10T08:43:16+00:00\" \/>\n<meta property=\"og:image\" content=\"https:\/\/gaattestequipment.com\/wp-content\/uploads\/2024\/10\/GAAT-climate-chamber-ESS-chamber.png\" \/>\n\t<meta property=\"og:image:width\" content=\"800\" \/>\n\t<meta property=\"og:image:height\" content=\"800\" \/>\n\t<meta property=\"og:image:type\" content=\"image\/png\" \/>\n<meta name=\"twitter:card\" content=\"summary_large_image\" \/>\n<meta name=\"twitter:label1\" content=\"Tempo estimado de leitura\" \/>\n\t<meta name=\"twitter:data1\" content=\"1 minuto\" \/>\n<script type=\"application\/ld+json\" class=\"yoast-schema-graph\">{\"@context\":\"https:\/\/schema.org\",\"@graph\":[{\"@type\":\"WebPage\",\"@id\":\"https:\/\/gaattestequipment.com\/manufacturer\/ess-chamber\/\",\"url\":\"https:\/\/gaattestequipment.com\/manufacturer\/ess-chamber\/\",\"name\":\"ESS Chamber - GAAT\",\"isPartOf\":{\"@id\":\"https:\/\/mistyrose-dunlin-619425.hostingersite.com\/#website\"},\"primaryImageOfPage\":{\"@id\":\"https:\/\/gaattestequipment.com\/manufacturer\/ess-chamber\/#primaryimage\"},\"image\":{\"@id\":\"https:\/\/gaattestequipment.com\/manufacturer\/ess-chamber\/#primaryimage\"},\"thumbnailUrl\":\"https:\/\/gaattestequipment.com\/wp-content\/uploads\/2024\/10\/GAAT-climate-chamber-ESS-chamber.png\",\"datePublished\":\"2024-11-11T08:31:42+00:00\",\"dateModified\":\"2025-02-10T08:43:16+00:00\",\"description\":\"ESS Chamber is used to evaluate the integrity of thermal mechanical properties of product after exposure to rapid change of ambient temperature.\",\"breadcrumb\":{\"@id\":\"https:\/\/gaattestequipment.com\/manufacturer\/ess-chamber\/#breadcrumb\"},\"inLanguage\":\"pt-PT\",\"potentialAction\":[{\"@type\":\"ReadAction\",\"target\":[\"https:\/\/gaattestequipment.com\/manufacturer\/ess-chamber\/\"]}]},{\"@type\":\"ImageObject\",\"inLanguage\":\"pt-PT\",\"@id\":\"https:\/\/gaattestequipment.com\/manufacturer\/ess-chamber\/#primaryimage\",\"url\":\"https:\/\/gaattestequipment.com\/wp-content\/uploads\/2024\/10\/GAAT-climate-chamber-ESS-chamber.png\",\"contentUrl\":\"https:\/\/gaattestequipment.com\/wp-content\/uploads\/2024\/10\/GAAT-climate-chamber-ESS-chamber.png\",\"width\":800,\"height\":800},{\"@type\":\"BreadcrumbList\",\"@id\":\"https:\/\/gaattestequipment.com\/manufacturer\/ess-chamber\/#breadcrumb\",\"itemListElement\":[{\"@type\":\"ListItem\",\"position\":1,\"name\":\"Home\",\"item\":\"https:\/\/mistyrose-dunlin-619425.hostingersite.com\/\"},{\"@type\":\"ListItem\",\"position\":2,\"name\":\"Products\",\"item\":\"https:\/\/gaattestequipment.com\/shop\/\"},{\"@type\":\"ListItem\",\"position\":3,\"name\":\"ESS Chamber\"}]},{\"@type\":\"WebSite\",\"@id\":\"https:\/\/mistyrose-dunlin-619425.hostingersite.com\/#website\",\"url\":\"https:\/\/mistyrose-dunlin-619425.hostingersite.com\/\",\"name\":\"GAAT\",\"description\":\"Manufacturer of environmental and reliability testing instruments\",\"potentialAction\":[{\"@type\":\"SearchAction\",\"target\":{\"@type\":\"EntryPoint\",\"urlTemplate\":\"https:\/\/mistyrose-dunlin-619425.hostingersite.com\/?s={search_term_string}\"},\"query-input\":{\"@type\":\"PropertyValueSpecification\",\"valueRequired\":true,\"valueName\":\"search_term_string\"}}],\"inLanguage\":\"pt-PT\"}]}<\/script>\n<!-- \/ Yoast SEO plugin. -->","yoast_head_json":{"title":"C\u00e2mara ESS - GAAT","description":"A c\u00e2mara ESS \u00e9 utilizada para avaliar a integridade das propriedades termo-mec\u00e2nicas do produto ap\u00f3s a exposi\u00e7\u00e3o a mudan\u00e7as r\u00e1pidas de temperatura ambiente.","robots":{"index":"index","follow":"follow","max-snippet":"max-snippet:-1","max-image-preview":"max-image-preview:large","max-video-preview":"max-video-preview:-1"},"canonical":"https:\/\/gaattestequipment.com\/pt\/manufacturer\/ess-chamber\/","og_locale":"pt_PT","og_type":"article","og_title":"ESS Chamber - GAAT","og_description":"ESS Chamber is used to evaluate the integrity of thermal mechanical properties of product after exposure to rapid change of ambient temperature.","og_url":"https:\/\/gaattestequipment.com\/pt\/manufacturer\/ess-chamber\/","og_site_name":"GAAT","article_modified_time":"2025-02-10T08:43:16+00:00","og_image":[{"width":800,"height":800,"url":"https:\/\/gaattestequipment.com\/wp-content\/uploads\/2024\/10\/GAAT-climate-chamber-ESS-chamber.png","type":"image\/png"}],"twitter_card":"summary_large_image","twitter_misc":{"Tempo estimado de leitura":"1 minuto"},"schema":{"@context":"https:\/\/schema.org","@graph":[{"@type":"WebPage","@id":"https:\/\/gaattestequipment.com\/manufacturer\/ess-chamber\/","url":"https:\/\/gaattestequipment.com\/manufacturer\/ess-chamber\/","name":"C\u00e2mara ESS - GAAT","isPartOf":{"@id":"https:\/\/mistyrose-dunlin-619425.hostingersite.com\/#website"},"primaryImageOfPage":{"@id":"https:\/\/gaattestequipment.com\/manufacturer\/ess-chamber\/#primaryimage"},"image":{"@id":"https:\/\/gaattestequipment.com\/manufacturer\/ess-chamber\/#primaryimage"},"thumbnailUrl":"https:\/\/gaattestequipment.com\/wp-content\/uploads\/2024\/10\/GAAT-climate-chamber-ESS-chamber.png","datePublished":"2024-11-11T08:31:42+00:00","dateModified":"2025-02-10T08:43:16+00:00","description":"A c\u00e2mara ESS \u00e9 utilizada para avaliar a integridade das propriedades termo-mec\u00e2nicas do produto ap\u00f3s a exposi\u00e7\u00e3o a mudan\u00e7as r\u00e1pidas de temperatura ambiente.","breadcrumb":{"@id":"https:\/\/gaattestequipment.com\/manufacturer\/ess-chamber\/#breadcrumb"},"inLanguage":"pt-PT","potentialAction":[{"@type":"ReadAction","target":["https:\/\/gaattestequipment.com\/manufacturer\/ess-chamber\/"]}]},{"@type":"ImageObject","inLanguage":"pt-PT","@id":"https:\/\/gaattestequipment.com\/manufacturer\/ess-chamber\/#primaryimage","url":"https:\/\/gaattestequipment.com\/wp-content\/uploads\/2024\/10\/GAAT-climate-chamber-ESS-chamber.png","contentUrl":"https:\/\/gaattestequipment.com\/wp-content\/uploads\/2024\/10\/GAAT-climate-chamber-ESS-chamber.png","width":800,"height":800},{"@type":"BreadcrumbList","@id":"https:\/\/gaattestequipment.com\/manufacturer\/ess-chamber\/#breadcrumb","itemListElement":[{"@type":"ListItem","position":1,"name":"Home","item":"https:\/\/mistyrose-dunlin-619425.hostingersite.com\/"},{"@type":"ListItem","position":2,"name":"Products","item":"https:\/\/gaattestequipment.com\/shop\/"},{"@type":"ListItem","position":3,"name":"ESS Chamber"}]},{"@type":"WebSite","@id":"https:\/\/mistyrose-dunlin-619425.hostingersite.com\/#website","url":"https:\/\/mistyrose-dunlin-619425.hostingersite.com\/","name":"GAAT","description":"Fabricante de instrumentos de teste ambiental e de fiabilidade","potentialAction":[{"@type":"SearchAction","target":{"@type":"EntryPoint","urlTemplate":"https:\/\/mistyrose-dunlin-619425.hostingersite.com\/?s={search_term_string}"},"query-input":{"@type":"PropertyValueSpecification","valueRequired":true,"valueName":"search_term_string"}}],"inLanguage":"pt-PT"}]}},"_links":{"self":[{"href":"https:\/\/gaattestequipment.com\/pt\/wp-json\/wp\/v2\/product\/1800","targetHints":{"allow":["GET"]}}],"collection":[{"href":"https:\/\/gaattestequipment.com\/pt\/wp-json\/wp\/v2\/product"}],"about":[{"href":"https:\/\/gaattestequipment.com\/pt\/wp-json\/wp\/v2\/types\/product"}],"replies":[{"embeddable":true,"href":"https:\/\/gaattestequipment.com\/pt\/wp-json\/wp\/v2\/comments?post=1800"}],"wp:featuredmedia":[{"embeddable":true,"href":"https:\/\/gaattestequipment.com\/pt\/wp-json\/wp\/v2\/media\/1637"}],"wp:attachment":[{"href":"https:\/\/gaattestequipment.com\/pt\/wp-json\/wp\/v2\/media?parent=1800"}],"wp:term":[{"taxonomy":"product_brand","embeddable":true,"href":"https:\/\/gaattestequipment.com\/pt\/wp-json\/wp\/v2\/product_brand?post=1800"},{"taxonomy":"product_cat","embeddable":true,"href":"https:\/\/gaattestequipment.com\/pt\/wp-json\/wp\/v2\/product_cat?post=1800"},{"taxonomy":"product_tag","embeddable":true,"href":"https:\/\/gaattestequipment.com\/pt\/wp-json\/wp\/v2\/product_tag?post=1800"}],"curies":[{"name":"wp","href":"https:\/\/api.w.org\/{rel}","templated":true}]}}