{"id":1860,"date":"2024-11-13T06:45:57","date_gmt":"2024-11-13T06:45:57","guid":{"rendered":"https:\/\/gaattestequipment.com\/?post_type=product&#038;p=1860"},"modified":"2025-01-17T06:01:37","modified_gmt":"2025-01-17T06:01:37","slug":"burn-in-oven","status":"publish","type":"product","link":"https:\/\/gaattestequipment.com\/fr\/manufacturer\/burn-in-oven\/","title":{"rendered":"Br\u00fblure dans le four"},"content":{"rendered":"<h3><span style=\"color: #282828;\"><strong><b>Application :<\/b><\/strong><\/span><\/h3>\n<p><span style=\"color: #282828;\">Le four \u00e0 br\u00fbler peut \u00eatre utilis\u00e9 pour tester les appareils \u00e9lectroniques, les circuits int\u00e9gr\u00e9s et divers autres appareils \u00e0 semi-conducteurs.<\/span><\/p>\n<div class=\"is-divider divider clearfix\" style=\"max-width:medium;\"><\/div>\n\t<div id=\"gap-168429378\" class=\"gap-element clearfix\" style=\"display:block; height:auto;\">\n\t\t\n<style>\n#gap-168429378 {\n  padding-top: 15px;\n}\n<\/style>\n\t<\/div>\n\t\n<h3><span style=\"color: #282828;\"><strong><b>Caract\u00e9ristiques du four \u00e0 br\u00fbler :<\/b><\/strong><\/span><\/h3>\n<ul>\n<li><span style=\"color: #282828;\">Conception de fours hautement personnalis\u00e9s en fonction des exigences sp\u00e9cifiques de l'utilisateur<\/span><\/li>\n<li><span style=\"color: #282828;\">Protection multi-s\u00e9curit\u00e9<\/span><\/li>\n<li><span style=\"color: #282828;\">Circulation uniforme de l'air dans la chambre<\/span><\/li>\n<\/ul>\n<div class=\"is-divider divider clearfix\" style=\"max-width:medium;\"><\/div>\n\t<div id=\"gap-503248944\" class=\"gap-element clearfix\" style=\"display:block; height:auto;\">\n\t\t\n<style>\n#gap-503248944 {\n  padding-top: 15px;\n}\n<\/style>\n\t<\/div>\n\t\n<h3><span style=\"font-size: 100%;\"><span style=\"color: #282828;\"><strong><b>Normes d'essai <\/b><\/strong><\/span><span style=\"color: #282828;\"><strong><b>de br\u00fblure au four<\/b><\/strong><\/span><span style=\"color: #282828;\"><strong><b>:\u00a0<\/b><\/strong><\/span><\/span><\/h3>\n<p><span style=\"color: #282828;\">IEC 60068-2-1 : 2007, IEC 60068-2-2 : 2007, IEC 60068-2-14 : 2009, GB\/T 11158 : 2008, GB\/T 2423.2 : 2008, GB\/T 30435 : 2013.<\/span><\/p>\n<div class=\"is-divider divider clearfix\" style=\"max-width:medium;\"><\/div>\n\t<div id=\"text-3734250320\" class=\"text show-for-small\">\n\t\t\n<h3><span style=\"color: #282828;\"><strong><b>Param\u00e8tres techniques\uff1a<\/b><\/strong><\/span><\/h3>\n<h3>\n<table id=\"tablepress-17\" class=\"tablepress tablepress-id-17 tbody-has-connected-cells\">\n<tbody class=\"row-striping row-hover\">\n<tr class=\"row-1\">\n\t<td class=\"column-1\">Mod\u00e8le<\/td><td colspan=\"2\" class=\"column-2\">SZ-BIO-12C\u3001SZ-BIO-24C\u3001SZ-BIO-36C\u3001SZ-BIO-48C\u3001SZ-BIO-78C<\/td>\n<\/tr>\n<tr class=\"row-2\">\n\t<td class=\"column-1\">Emplacements BIB<\/td><td colspan=\"2\" class=\"column-2\">12 emplacements BIB\u300124 emplacements BIB \u300136 emplacements BIB\u300148 emplacements BIB\u300178 emplacements BIB<\/td>\n<\/tr>\n<tr class=\"row-3\">\n\t<td class=\"column-1\">Taille<\/td><td colspan=\"2\" class=\"column-2\">Personnalis\u00e9 selon les exigences des tests<\/td>\n<\/tr>\n<tr class=\"row-4\">\n\t<td class=\"column-1\">Plage de temp\u00e9rature<\/td><td colspan=\"2\" class=\"column-2\">RT+20\u2103\uff5e+200\u2103<\/td>\n<\/tr>\n<tr class=\"row-5\">\n\t<td class=\"column-1\">Fluctuation de la temp\u00e9rature<\/td><td colspan=\"2\" class=\"column-2\">\u00b10.5\u2103<\/td>\n<\/tr>\n<tr class=\"row-6\">\n\t<td class=\"column-1\">\u00c9cart de temp\u00e9rature<\/td><td colspan=\"2\" class=\"column-2\">\u2264\u00b12\u2103<\/td>\n<\/tr>\n<tr class=\"row-7\">\n\t<td class=\"column-1\">Uniformit\u00e9 de la temp\u00e9rature<\/td><td colspan=\"2\" class=\"column-2\">\u2264\u00b12\u2103<\/td>\n<\/tr>\n<tr class=\"row-8\">\n\t<td class=\"column-1\">Taux de chauffage<\/td><td colspan=\"2\" class=\"column-2\">RT\u2192+200\u2103\u226425min<\/td>\n<\/tr>\n<tr class=\"row-9\">\n\t<td class=\"column-1\">Taux de refroidissement<\/td><td colspan=\"2\" class=\"column-2\">200\u2103\u219250\u2103\u226430min (refroidissement rapide con\u00e7u pour r\u00e9duire le temps d'attente et am\u00e9liorer la productivit\u00e9 de l'usine).<\/td>\n<\/tr>\n<tr class=\"row-10\">\n\t<td class=\"column-1\">Notre force<\/td><td colspan=\"2\" class=\"column-2\">Conception de fours hautement personnalis\u00e9s selon les besoins sp\u00e9cifiques de l'utilisateur en fonction des dimensions des cartes BIB, des cartes de passage, des cartes de fond de panier et des cartes de pilotage.<br \/>\nGamme compl\u00e8te de capteurs (protection contre la surchauffe \u00e0 plusieurs endroits, capteur de sous-temp\u00e9rature, d\u00e9bitm\u00e8tre d'air, capteur de pression diff\u00e9rentielle d'air, capteur de verrouillage, etc.)<\/td>\n<\/tr>\n<tr class=\"row-11\">\n\t<td class=\"column-1\">En option<\/td><td colspan=\"2\" class=\"column-2\">Unit\u00e9 de r\u00e9frig\u00e9ration suppl\u00e9mentaire int\u00e9gr\u00e9e pour fournir des conditions de temp\u00e9rature n\u00e9gative afin de r\u00e9pondre aux exigences des tests HTOL et LTOL.<\/td>\n<\/tr>\n<\/tbody>\n<\/table>\n<!-- #tablepress-17 from cache --><\/h3>\n\t\t\t<\/div>\n\t\n\t<div id=\"gap-1916354543\" class=\"gap-element clearfix\" style=\"display:block; height:auto;\">\n\t\t\n<style>\n#gap-1916354543 {\n  padding-top: 15px;\n}\n<\/style>\n\t<\/div>\n\t\n\t<div id=\"text-1470387455\" class=\"text hide-for-small\">\n\t\t\n<h4><span style=\"color: #282828; font-size: 110%;\"><strong><b>Param\u00e8tres techniques<\/b><\/strong><\/span><\/h4>\n\n<table id=\"tablepress-15\" class=\"tablepress tablepress-id-15 tbody-has-connected-cells\">\n<tbody class=\"row-striping row-hover\">\n<tr class=\"row-1\">\n\t<td class=\"column-1\">Mod\u00e8le<\/td><td class=\"column-2\">SZ-BIO-12C\t<\/td><td class=\"column-3\">SZ-BIO-24C\t<\/td><td class=\"column-4\">SZ-BIO-36C\t<\/td><td class=\"column-5\">SZ-BIO-48C\t<\/td><td class=\"column-6\">SZ-BIO-78C<br \/>\n<\/td>\n<\/tr>\n<tr class=\"row-2\">\n\t<td class=\"column-1\">Emplacements BIB\t<\/td><td class=\"column-2\">12 emplacements BIB\t<\/td><td class=\"column-3\">24 emplacements BIB\t<\/td><td class=\"column-4\">36 emplacements BIB\t<\/td><td class=\"column-5\">48 emplacements BIB\t<\/td><td class=\"column-6\">78 emplacements BIB\t<\/td>\n<\/tr>\n<tr class=\"row-3\">\n\t<td class=\"column-1\">Taille<\/td><td colspan=\"5\" class=\"column-2\">Personnalis\u00e9 selon les exigences des tests<\/td>\n<\/tr>\n<tr class=\"row-4\">\n\t<td class=\"column-1\">Plage de temp\u00e9rature\t<\/td><td colspan=\"5\" class=\"column-2\">RT+20\u2103\uff5e+200\u2103<\/td>\n<\/tr>\n<tr class=\"row-5\">\n\t<td class=\"column-1\">Fluctuation de la temp\u00e9rature<\/td><td colspan=\"5\" class=\"column-2\">\u00b10.5\u2103<\/td>\n<\/tr>\n<tr class=\"row-6\">\n\t<td class=\"column-1\">\u00c9cart de temp\u00e9rature<\/td><td colspan=\"5\" class=\"column-2\">\u2264\u00b12\u2103<\/td>\n<\/tr>\n<tr class=\"row-7\">\n\t<td class=\"column-1\">Uniformit\u00e9 de la temp\u00e9rature<\/td><td colspan=\"5\" class=\"column-2\">\u2264\u00b12\u2103<\/td>\n<\/tr>\n<tr class=\"row-8\">\n\t<td class=\"column-1\">Taux de chauffage<\/td><td colspan=\"5\" class=\"column-2\">RT\u2192+200\u2103\u226425min<\/td>\n<\/tr>\n<tr class=\"row-9\">\n\t<td class=\"column-1\">Taux de refroidissement\t<\/td><td colspan=\"5\" class=\"column-2\">200\u2103\u219250\u2103\u226430min (refroidissement rapide con\u00e7u pour r\u00e9duire le temps d'attente et am\u00e9liorer la productivit\u00e9 de l'usine).<br \/>\n<\/td>\n<\/tr>\n<tr class=\"row-10\">\n\t<td class=\"column-1\">Notre force\t<\/td><td colspan=\"5\" class=\"column-2\">Conception de fours hautement personnalis\u00e9s selon les besoins sp\u00e9cifiques de l'utilisateur en fonction des dimensions des cartes BIB, des cartes de passage, des cartes de fond de panier et des cartes de pilotage.<br \/>\nGamme compl\u00e8te de capteurs (protection contre la surchauffe \u00e0 plusieurs endroits, capteur de sous-temp\u00e9rature, d\u00e9bitm\u00e8tre d'air, capteur de pression diff\u00e9rentielle d'air, capteur de verrouillage, etc.)<\/td>\n<\/tr>\n<tr class=\"row-11\">\n\t<td class=\"column-1\">En option\t<\/td><td colspan=\"5\" class=\"column-2\">Unit\u00e9 de r\u00e9frig\u00e9ration suppl\u00e9mentaire int\u00e9gr\u00e9e pour fournir des conditions de temp\u00e9rature n\u00e9gative afin de r\u00e9pondre aux exigences des tests HTOL et LTOL.<\/td>\n<\/tr>\n<\/tbody>\n<\/table>\n<!-- #tablepress-15 from cache -->\n\t\t\t<\/div>\n\t\n\t<div id=\"gap-13677167\" class=\"gap-element clearfix\" style=\"display:block; height:auto;\">\n\t\t\n<style>\n#gap-13677167 {\n  padding-top: 20px;\n}\n<\/style>\n\t<\/div>\n\t\n<h4 style=\"text-align: center;\"><span style=\"color: #282828; font-size: 115%;\">Obtenir un devis<\/span><\/h4>\n\n<div class=\"wpcf7 no-js\" id=\"wpcf7-f280-o1\" lang=\"en-US\" dir=\"ltr\" data-wpcf7-id=\"280\">\n<div class=\"screen-reader-response\"><p role=\"status\" aria-live=\"polite\" aria-atomic=\"true\"><\/p> <ul><\/ul><\/div>\n<form action=\"\/fr\/wp-json\/wp\/v2\/product\/1860#wpcf7-f280-o1\" method=\"post\" class=\"wpcf7-form init\" aria-label=\"Contact form\" novalidate=\"novalidate\" data-status=\"init\" data-trp-original-action=\"\/fr\/wp-json\/wp\/v2\/product\/1860#wpcf7-f280-o1\">\n<fieldset class=\"hidden-fields-container\"><input type=\"hidden\" name=\"_wpcf7\" value=\"280\" \/><input type=\"hidden\" name=\"_wpcf7_version\" value=\"6.1.2\" \/><input type=\"hidden\" name=\"_wpcf7_locale\" value=\"en_US\" \/><input type=\"hidden\" name=\"_wpcf7_unit_tag\" value=\"wpcf7-f280-o1\" \/><input type=\"hidden\" name=\"_wpcf7_container_post\" value=\"0\" \/><input type=\"hidden\" name=\"_wpcf7_posted_data_hash\" value=\"\" \/>\n<\/fieldset>\n<div class='custom_contact_style'>\n\t<div class=\"row row-small\">\n\t\t<div class=\"col medium-6 small-12 large-6\">\n\t\t\t<div class=\"col-inner\">\n\t\t\t\t<p><span class=\"wpcf7-form-control-wrap\" data-name=\"your-name\"><input size=\"40\" maxlength=\"400\" class=\"wpcf7-form-control wpcf7-text wpcf7-validates-as-required\" aria-required=\"true\" aria-invalid=\"false\" placeholder=\"Nom*\" value=\"\" type=\"text\" name=\"your-name\" \/><\/span>\n\t\t\t\t<\/p>\n\t\t\t<\/div>\n\t\t<\/div>\n\t\t<div class=\"col medium-6 small-12 large-6\">\n\t\t\t<div class=\"col-inner\">\n\t\t\t\t<p><span class=\"wpcf7-form-control-wrap\" data-name=\"your-email\"><input size=\"40\" maxlength=\"400\" class=\"wpcf7-form-control wpcf7-email wpcf7-validates-as-required wpcf7-text wpcf7-validates-as-email\" aria-required=\"true\" aria-invalid=\"false\" placeholder=\"Courriel*\" value=\"\" type=\"email\" name=\"your-email\" \/><\/span>\n\t\t\t\t<\/p>\n\t\t\t<\/div>\n\t\t<\/div>\n\t<\/div>\n\t<div class='cus_contact_form_bottom'>\n\t\t<p><span class=\"wpcf7-form-control-wrap\" data-name=\"your-phone\"><input size=\"40\" maxlength=\"400\" class=\"wpcf7-form-control wpcf7-text\" aria-invalid=\"false\" placeholder=\"T\u00e9l\u00e9phone\" value=\"\" type=\"text\" name=\"your-phone\" \/><\/span>\n\t\t<\/p>\n\t<\/div>\n\t<div class='cus_contact_form_bottom'>\n\t\t<p><span class=\"wpcf7-form-control-wrap\" data-name=\"your-country\"><input size=\"40\" maxlength=\"400\" class=\"wpcf7-form-control wpcf7-text\" aria-invalid=\"false\" placeholder=\"Pays\" value=\"\" type=\"text\" name=\"your-country\" \/><\/span>\n\t\t<\/p>\n\t<\/div>\n\t<p><span class=\"wpcf7-form-control-wrap\" data-name=\"your-message\"><textarea cols=\"40\" rows=\"10\" maxlength=\"2000\" class=\"wpcf7-form-control wpcf7-textarea wpcf7-validates-as-required\" aria-required=\"true\" aria-invalid=\"false\" placeholder=\"Votre message *\" name=\"your-message\"><\/textarea><\/span>\n\t<\/p>\n\t<div style=\"margin-bottom:10px;\">\n\t\t<p><span class=\"wpcf7-form-control-wrap kc_captcha cf7ic-toggle\" data-name=\"kc_captcha\"><span class=\"wpcf7-form-control wpcf7-radio\"><span class=\"captcha-image\" style=\"display: none;\"><span class=\"cf7ic_instructions\">Please prove you are human by selecting the<span> house<\/span>.<\/span><label><input aria-label=\"1\" type=\"radio\" name=\"kc_captcha\" value=\"kc_human\" \/><svg aria-hidden=\"true\" role=\"img\" xmlns=\"http:\/\/www.w3.org\/2000\/svg\" viewbox=\"0 0 576 512\"><path fill=\"currentColor\" d=\"M488 313v143c0 13-11 24-24 24H348c-7 0-12-5-12-12V356c0-7-5-12-12-12h-72c-7 0-12 5-12 12v112c0 7-5 12-12 12H112c-13 0-24-11-24-24V313c0-4 2-7 4-10l188-154c5-4 11-4 16 0l188 154c2 3 4 6 4 10zm84-61l-84-69V44c0-6-5-12-12-12h-56c-7 0-12 6-12 12v73l-89-74a48 48 0 00-61 0L4 252c-5 4-5 12-1 17l25 31c5 5 12 5 17 1l235-193c5-4 11-4 16 0l235 193c5 5 13 4 17-1l25-31c4-6 4-13-1-17z\"\/><\/svg><\/label><label><input aria-label=\"2\" type=\"radio\" name=\"kc_captcha\" value=\"bot\" \/><svg aria-hidden=\"true\" role=\"img\" xmlns=\"http:\/\/www.w3.org\/2000\/svg\" viewbox=\"0 0 512 512\"><path fill=\"currentColor\" d=\"M512 176a176 176 0 01-209 173l-24 27a24 24 0 01-18 8h-37v40c0 13-11 24-24 24h-40v40c0 13-11 24-24 24H24c-13 0-24-11-24-24v-78c0-6 3-13 7-17l162-162a176 176 0 11343-55zm-176-48a48 48 0 1096 0 48 48 0 00-96 0z\"\/><\/svg><\/label><label><input aria-label=\"3\" type=\"radio\" name=\"kc_captcha\" value=\"bot\" \/><svg aria-hidden=\"true\" role=\"img\" xmlns=\"http:\/\/www.w3.org\/2000\/svg\" viewbox=\"0 0 384 512\"><path fill=\"currentColor\" d=\"M377 375l-83-87h34c21 0 32-25 17-40l-82-88h33c21 0 32-25 18-40L210 8c-10-11-26-11-36 0L70 120c-14 15-3 40 18 40h33l-82 88c-15 15-4 40 17 40h34L7 375c-15 16-4 41 17 41h120c0 33-11 49-34 68-12 9-5 28 10 28h144c15 0 22-19 10-28-20-16-34-32-34-68h120c21 0 32-25 17-41z\"\/><\/svg><\/label>\r\n    <\/span>\r\n    <span style=\"display:none\">\r\n        <input type=\"text\" name=\"kc_honeypot\">\r\n    <\/span><\/span><\/span>\n\t\t<\/p>\n\t<\/div>\n\t<p><input class=\"wpcf7-form-control wpcf7-submit has-spinner\" type=\"submit\" value=\"Envoyer un message\" \/>\n\t<\/p>\n<\/div><div class=\"wpcf7-response-output\" aria-hidden=\"true\"><\/div>\n<input type=\"hidden\" name=\"trp-form-language\" value=\"fr\"\/><\/form>\n<\/div>\n\n\t<div id=\"gap-1726528480\" class=\"gap-element clearfix hide-for-medium\" style=\"display:block; height:auto;\">\n\t\t\n<style>\n#gap-1726528480 {\n  padding-top: 30px;\n}\n<\/style>\n\t<\/div>\n\t\n\t<div id=\"text-1042463789\" class=\"text hide-for-medium\">\n\t\t\n<h4><span style=\"color: #282828; font-size: 100%;\">Cliquez pour en savoir plus :<\/span><\/h4>\n<p><span style=\"color: #282828;\"><a href=\"https:\/\/gaattestequipment.com\/fr\/environmental-test-chamber-product-page\/\">Cat\u00e9gorie de produits<\/a> \/ <a href=\"https:\/\/gaattestequipment.com\/fr\/about-us-2\/\">Notre entreprise<\/a> \/ <a href=\"https:\/\/gaattestequipment.com\/fr\/environmental-chamber-service\/\">Notre service<\/a><\/span><\/p>\n\t\t\t<\/div>","protected":false},"excerpt":{"rendered":"<p><span style=\"color: #282828;\">Le four Burn in est con\u00e7u pour acc\u00e9l\u00e9rer le taux de d\u00e9faillance des d\u00e9fauts de d\u00e9but de vie des composants et syst\u00e8mes \u00e9lectroniques. Ce four est con\u00e7u pour simuler des conditions de haute temp\u00e9rature, ce qui garantit que seuls les produits les plus fiables arrivent sur le march\u00e9. En g\u00e9n\u00e9ral, les \u00e9chantillons sont br\u00fbl\u00e9s et test\u00e9s dans des fours \u00e0 temp\u00e9rature constante comprise entre 100 et 125 \u00b0C.<\/span><\/p>","protected":false},"featured_media":1722,"comment_status":"open","ping_status":"closed","template":"","meta":[],"product_brand":[],"product_cat":[41],"product_tag":[],"class_list":{"0":"post-1860","1":"product","2":"type-product","3":"status-publish","4":"has-post-thumbnail","6":"product_cat-drying-oven-category","8":"first","9":"instock","10":"shipping-taxable","11":"product-type-simple"},"yoast_head":"<!-- This site is optimized with the Yoast SEO plugin v26.0 - https:\/\/yoast.com\/wordpress\/plugins\/seo\/ -->\n<title>Burn In Oven - GAAT<\/title>\n<meta name=\"description\" content=\"Burn in Oven of high quality and great performance. We provide fast delivery, reasonable price and after-sales service for you.\" \/>\n<meta name=\"robots\" content=\"index, follow, max-snippet:-1, max-image-preview:large, max-video-preview:-1\" \/>\n<link rel=\"canonical\" href=\"https:\/\/gaattestequipment.com\/fr\/manufacturer\/burn-in-oven\/\" \/>\n<meta property=\"og:locale\" content=\"fr_FR\" \/>\n<meta property=\"og:type\" content=\"article\" \/>\n<meta property=\"og:title\" content=\"Burn In Oven - GAAT\" \/>\n<meta property=\"og:description\" content=\"Burn in Oven of high quality and great performance. We provide fast delivery, reasonable price and after-sales service for you.\" \/>\n<meta property=\"og:url\" content=\"https:\/\/gaattestequipment.com\/fr\/manufacturer\/burn-in-oven\/\" \/>\n<meta property=\"og:site_name\" content=\"GAAT\" \/>\n<meta property=\"article:modified_time\" content=\"2025-01-17T06:01:37+00:00\" \/>\n<meta property=\"og:image\" content=\"https:\/\/gaattestequipment.com\/wp-content\/uploads\/2024\/11\/Burn-in-oven.png\" \/>\n\t<meta property=\"og:image:width\" content=\"800\" \/>\n\t<meta property=\"og:image:height\" content=\"800\" \/>\n\t<meta property=\"og:image:type\" content=\"image\/png\" \/>\n<meta name=\"twitter:card\" content=\"summary_large_image\" \/>\n<meta name=\"twitter:label1\" content=\"Dur\u00e9e de lecture estim\u00e9e\" \/>\n\t<meta name=\"twitter:data1\" content=\"1 minute\" \/>\n<script type=\"application\/ld+json\" class=\"yoast-schema-graph\">{\"@context\":\"https:\/\/schema.org\",\"@graph\":[{\"@type\":\"WebPage\",\"@id\":\"https:\/\/gaattestequipment.com\/manufacturer\/burn-in-oven\/\",\"url\":\"https:\/\/gaattestequipment.com\/manufacturer\/burn-in-oven\/\",\"name\":\"Burn In Oven - GAAT\",\"isPartOf\":{\"@id\":\"https:\/\/mistyrose-dunlin-619425.hostingersite.com\/#website\"},\"primaryImageOfPage\":{\"@id\":\"https:\/\/gaattestequipment.com\/manufacturer\/burn-in-oven\/#primaryimage\"},\"image\":{\"@id\":\"https:\/\/gaattestequipment.com\/manufacturer\/burn-in-oven\/#primaryimage\"},\"thumbnailUrl\":\"https:\/\/gaattestequipment.com\/wp-content\/uploads\/2024\/11\/Burn-in-oven.png\",\"datePublished\":\"2024-11-13T06:45:57+00:00\",\"dateModified\":\"2025-01-17T06:01:37+00:00\",\"description\":\"Burn in Oven of high quality and great performance. We provide fast delivery, reasonable price and after-sales service for you.\",\"breadcrumb\":{\"@id\":\"https:\/\/gaattestequipment.com\/manufacturer\/burn-in-oven\/#breadcrumb\"},\"inLanguage\":\"fr-FR\",\"potentialAction\":[{\"@type\":\"ReadAction\",\"target\":[\"https:\/\/gaattestequipment.com\/manufacturer\/burn-in-oven\/\"]}]},{\"@type\":\"ImageObject\",\"inLanguage\":\"fr-FR\",\"@id\":\"https:\/\/gaattestequipment.com\/manufacturer\/burn-in-oven\/#primaryimage\",\"url\":\"https:\/\/gaattestequipment.com\/wp-content\/uploads\/2024\/11\/Burn-in-oven.png\",\"contentUrl\":\"https:\/\/gaattestequipment.com\/wp-content\/uploads\/2024\/11\/Burn-in-oven.png\",\"width\":800,\"height\":800,\"caption\":\"burn in oven\"},{\"@type\":\"BreadcrumbList\",\"@id\":\"https:\/\/gaattestequipment.com\/manufacturer\/burn-in-oven\/#breadcrumb\",\"itemListElement\":[{\"@type\":\"ListItem\",\"position\":1,\"name\":\"Home\",\"item\":\"https:\/\/mistyrose-dunlin-619425.hostingersite.com\/\"},{\"@type\":\"ListItem\",\"position\":2,\"name\":\"Products\",\"item\":\"https:\/\/gaattestequipment.com\/shop\/\"},{\"@type\":\"ListItem\",\"position\":3,\"name\":\"Burn In Oven\"}]},{\"@type\":\"WebSite\",\"@id\":\"https:\/\/mistyrose-dunlin-619425.hostingersite.com\/#website\",\"url\":\"https:\/\/mistyrose-dunlin-619425.hostingersite.com\/\",\"name\":\"GAAT\",\"description\":\"Manufacturer of environmental and reliability testing instruments\",\"potentialAction\":[{\"@type\":\"SearchAction\",\"target\":{\"@type\":\"EntryPoint\",\"urlTemplate\":\"https:\/\/mistyrose-dunlin-619425.hostingersite.com\/?s={search_term_string}\"},\"query-input\":{\"@type\":\"PropertyValueSpecification\",\"valueRequired\":true,\"valueName\":\"search_term_string\"}}],\"inLanguage\":\"fr-FR\"}]}<\/script>\n<!-- \/ Yoast SEO plugin. -->","yoast_head_json":{"title":"Br\u00fblure au four - GAAT","description":"Le four Burn in Oven est un produit de haute qualit\u00e9 et tr\u00e8s performant. Nous assurons une livraison rapide, un prix raisonnable et un service apr\u00e8s-vente.","robots":{"index":"index","follow":"follow","max-snippet":"max-snippet:-1","max-image-preview":"max-image-preview:large","max-video-preview":"max-video-preview:-1"},"canonical":"https:\/\/gaattestequipment.com\/fr\/manufacturer\/burn-in-oven\/","og_locale":"fr_FR","og_type":"article","og_title":"Burn In Oven - GAAT","og_description":"Burn in Oven of high quality and great performance. We provide fast delivery, reasonable price and after-sales service for you.","og_url":"https:\/\/gaattestequipment.com\/fr\/manufacturer\/burn-in-oven\/","og_site_name":"GAAT","article_modified_time":"2025-01-17T06:01:37+00:00","og_image":[{"width":800,"height":800,"url":"https:\/\/gaattestequipment.com\/wp-content\/uploads\/2024\/11\/Burn-in-oven.png","type":"image\/png"}],"twitter_card":"summary_large_image","twitter_misc":{"Dur\u00e9e de lecture estim\u00e9e":"1 minute"},"schema":{"@context":"https:\/\/schema.org","@graph":[{"@type":"WebPage","@id":"https:\/\/gaattestequipment.com\/manufacturer\/burn-in-oven\/","url":"https:\/\/gaattestequipment.com\/manufacturer\/burn-in-oven\/","name":"Br\u00fblure au four - GAAT","isPartOf":{"@id":"https:\/\/mistyrose-dunlin-619425.hostingersite.com\/#website"},"primaryImageOfPage":{"@id":"https:\/\/gaattestequipment.com\/manufacturer\/burn-in-oven\/#primaryimage"},"image":{"@id":"https:\/\/gaattestequipment.com\/manufacturer\/burn-in-oven\/#primaryimage"},"thumbnailUrl":"https:\/\/gaattestequipment.com\/wp-content\/uploads\/2024\/11\/Burn-in-oven.png","datePublished":"2024-11-13T06:45:57+00:00","dateModified":"2025-01-17T06:01:37+00:00","description":"Le four Burn in Oven est un produit de haute qualit\u00e9 et tr\u00e8s performant. Nous assurons une livraison rapide, un prix raisonnable et un service apr\u00e8s-vente.","breadcrumb":{"@id":"https:\/\/gaattestequipment.com\/manufacturer\/burn-in-oven\/#breadcrumb"},"inLanguage":"fr-FR","potentialAction":[{"@type":"ReadAction","target":["https:\/\/gaattestequipment.com\/manufacturer\/burn-in-oven\/"]}]},{"@type":"ImageObject","inLanguage":"fr-FR","@id":"https:\/\/gaattestequipment.com\/manufacturer\/burn-in-oven\/#primaryimage","url":"https:\/\/gaattestequipment.com\/wp-content\/uploads\/2024\/11\/Burn-in-oven.png","contentUrl":"https:\/\/gaattestequipment.com\/wp-content\/uploads\/2024\/11\/Burn-in-oven.png","width":800,"height":800,"caption":"burn in oven"},{"@type":"BreadcrumbList","@id":"https:\/\/gaattestequipment.com\/manufacturer\/burn-in-oven\/#breadcrumb","itemListElement":[{"@type":"ListItem","position":1,"name":"Home","item":"https:\/\/mistyrose-dunlin-619425.hostingersite.com\/"},{"@type":"ListItem","position":2,"name":"Products","item":"https:\/\/gaattestequipment.com\/shop\/"},{"@type":"ListItem","position":3,"name":"Burn In Oven"}]},{"@type":"WebSite","@id":"https:\/\/mistyrose-dunlin-619425.hostingersite.com\/#website","url":"https:\/\/mistyrose-dunlin-619425.hostingersite.com\/","name":"GAAT","description":"Fabricant d'instruments d'essais environnementaux et de fiabilit\u00e9","potentialAction":[{"@type":"SearchAction","target":{"@type":"EntryPoint","urlTemplate":"https:\/\/mistyrose-dunlin-619425.hostingersite.com\/?s={search_term_string}"},"query-input":{"@type":"PropertyValueSpecification","valueRequired":true,"valueName":"search_term_string"}}],"inLanguage":"fr-FR"}]}},"_links":{"self":[{"href":"https:\/\/gaattestequipment.com\/fr\/wp-json\/wp\/v2\/product\/1860","targetHints":{"allow":["GET"]}}],"collection":[{"href":"https:\/\/gaattestequipment.com\/fr\/wp-json\/wp\/v2\/product"}],"about":[{"href":"https:\/\/gaattestequipment.com\/fr\/wp-json\/wp\/v2\/types\/product"}],"replies":[{"embeddable":true,"href":"https:\/\/gaattestequipment.com\/fr\/wp-json\/wp\/v2\/comments?post=1860"}],"wp:featuredmedia":[{"embeddable":true,"href":"https:\/\/gaattestequipment.com\/fr\/wp-json\/wp\/v2\/media\/1722"}],"wp:attachment":[{"href":"https:\/\/gaattestequipment.com\/fr\/wp-json\/wp\/v2\/media?parent=1860"}],"wp:term":[{"taxonomy":"product_brand","embeddable":true,"href":"https:\/\/gaattestequipment.com\/fr\/wp-json\/wp\/v2\/product_brand?post=1860"},{"taxonomy":"product_cat","embeddable":true,"href":"https:\/\/gaattestequipment.com\/fr\/wp-json\/wp\/v2\/product_cat?post=1860"},{"taxonomy":"product_tag","embeddable":true,"href":"https:\/\/gaattestequipment.com\/fr\/wp-json\/wp\/v2\/product_tag?post=1860"}],"curies":[{"name":"wp","href":"https:\/\/api.w.org\/{rel}","templated":true}]}}