{"id":1848,"date":"2024-11-13T02:57:49","date_gmt":"2024-11-13T02:57:49","guid":{"rendered":"https:\/\/gaattestequipment.com\/?post_type=product&#038;p=1848"},"modified":"2025-01-17T06:45:20","modified_gmt":"2025-01-17T06:45:20","slug":"uv-light-test-chamber","status":"publish","type":"product","link":"https:\/\/gaattestequipment.com\/fr\/manufacturer\/uv-light-test-chamber\/","title":{"rendered":"Chambre d'essai \u00e0 lumi\u00e8re UV"},"content":{"rendered":"<h3><span style=\"color: #282828;\"><strong><b>Application de la chambre d'essai \u00e0 lumi\u00e8re UV :<\/b><\/strong><\/span><\/h3>\n<p><span style=\"color: #282828;\">La chambre d'essai \u00e0 lumi\u00e8re UV est un outil essentiel pour les industries qui n\u00e9cessitent l'\u00e9valuation de la d\u00e9gradation des mat\u00e9riaux sous exposition aux UV, notamment dans les domaines de l'automobile, de l'a\u00e9rospatiale et de l'\u00e9lectronique grand public.<\/span><\/p>\n<div class=\"is-divider divider clearfix\" style=\"max-width:medium;\"><\/div>\n\t<div id=\"gap-179332793\" class=\"gap-element clearfix\" style=\"display:block; height:auto;\">\n\t\t\n<style>\n#gap-179332793 {\n  padding-top: 15px;\n}\n<\/style>\n\t<\/div>\n\t\n<h3><span style=\"color: #282828;\"><strong><b>Caract\u00e9ristiques :<\/b><\/strong><\/span><\/h3>\n<ul>\n<li><span style=\"color: #282828;\">Lampes UV de marque : \u00c9quip\u00e9 de lampes UVA ou UVB originales d'Atlas America pour une comparabilit\u00e9 fiable des r\u00e9sultats des tests.<\/span><\/li>\n<li><span style=\"color: #282828;\">Test d'\u00e9chantillon polyvalent : Elle prend en charge diff\u00e9rentes formes d'\u00e9chantillons, offrant ainsi une plus grande flexibilit\u00e9 que les chambres standard qui n'acceptent que des \u00e9chantillons en morceaux.<\/span><\/li>\n<li><span style=\"color: #282828;\">\u00c9talonnage automatis\u00e9 : L'\u00e9talonnage automatis\u00e9 de l'irradiation garantit une exposition constante aux UV.<\/span><\/li>\n<li><span style=\"color: #282828;\">Simulation de l'humidit\u00e9 : Comprend des fonctions de pulv\u00e9risation d'eau et de condensation pour une simulation compl\u00e8te de l'environnement.<\/span><\/li>\n<li><span style=\"color: #282828;\">Contr\u00f4le pr\u00e9cis de la temp\u00e9rature : Utilise un capteur Pt100 de haute pr\u00e9cision pour une r\u00e9gulation pr\u00e9cise de la temp\u00e9rature dans les applications de tableau noir.<\/span><\/li>\n<\/ul>\n<div class=\"is-divider divider clearfix\" style=\"max-width:medium;\"><\/div>\n\t<div id=\"gap-311719494\" class=\"gap-element clearfix\" style=\"display:block; height:auto;\">\n\t\t\n<style>\n#gap-311719494 {\n  padding-top: 15px;\n}\n<\/style>\n\t<\/div>\n\t\n<h4><span style=\"color: #282828; font-size: 110%;\"><strong><b>Normes d'essai applicables :<\/b><\/strong><\/span><\/h4>\n<p><span style=\"color: #282828;\">ISO 4892-1, ISO 4892-3\uff0cISO 11507, ASTM G154, ASTM G153, IEC 61215. GB\/T14522<\/span><\/p>\n<div class=\"is-divider divider clearfix\" style=\"max-width:medium;\"><\/div>\n\t<div id=\"text-4016578909\" class=\"text show-for-small\">\n\t\t\n<h4><span style=\"color: #282828; font-size: 105%;\"><strong><b>Param\u00e8tres techniques<\/b><\/strong><\/span><\/h4>\n\n<table id=\"tablepress-19\" class=\"tablepress tablepress-id-19 tbody-has-connected-cells\">\n<tbody class=\"row-striping row-hover\">\n<tr class=\"row-1\">\n\t<td class=\"column-1\">Mod\u00e8le<\/td><td colspan=\"2\" class=\"column-2\">SZ-UV-430C<\/td>\n<\/tr>\n<tr class=\"row-2\">\n\t<td class=\"column-1\">Taille int\u00e9rieure WxHxD (mm)<\/td><td colspan=\"2\" class=\"column-2\">450x1100x500<\/td>\n<\/tr>\n<tr class=\"row-3\">\n\t<td class=\"column-1\">Taille ext\u00e9rieure LxHxP (mm)<\/td><td colspan=\"2\" class=\"column-2\">1300x1480x550<\/td>\n<\/tr>\n<tr class=\"row-4\">\n\t<td class=\"column-1\">Plage de temp\u00e9rature de rayonnement<\/td><td colspan=\"2\" class=\"column-2\">RT+10\u2103~70\u2103<\/td>\n<\/tr>\n<tr class=\"row-5\">\n\t<td class=\"column-1\">Plage de temp\u00e9rature de condensation<\/td><td colspan=\"2\" class=\"column-2\">RT~60\u2103<\/td>\n<\/tr>\n<tr class=\"row-6\">\n\t<td class=\"column-1\">Plage d'humidit\u00e9<\/td><td colspan=\"2\" class=\"column-2\">Cycle de condensation\u226585%RH ; Cycle de radiation <75%RH<\/td>\n<\/tr>\n<tr class=\"row-7\">\n\t<td class=\"column-1\">Source lumineuse d'essai<\/td><td colspan=\"2\" class=\"column-2\">UV-A ou UV-B<\/td>\n<\/tr>\n<tr class=\"row-8\">\n\t<td class=\"column-1\">Sp\u00e9cifications de la source lumineuse de test<\/td><td colspan=\"2\" class=\"column-2\">UV-A : longueur d'onde 300~400nm, valeur maximale de l'onde 340nm,<br \/>\nUV-B : longueur d'onde 275~375nm, valeur maximale de l'onde 313nm ;<br \/>\nDur\u00e9e de vie de la lampe 1600h<\/td>\n<\/tr>\n<tr class=\"row-9\">\n\t<td class=\"column-1\">Intensit\u00e9 du rayonnement<\/td><td colspan=\"2\" class=\"column-2\">0,3~1,1W\/m2 (313nm) ; 0,3~1,2W\/m2 (340nm) ;<\/td>\n<\/tr>\n<tr class=\"row-10\">\n\t<td class=\"column-1\">Pression de pulv\u00e9risation de l'eau<\/td><td colspan=\"2\" class=\"column-2\">30 ~ 200Kpa<\/td>\n<\/tr>\n<tr class=\"row-11\">\n\t<td class=\"column-1\">Sp\u00e9cifications de la buse de pulv\u00e9risation<\/td><td colspan=\"2\" class=\"column-2\">Diam\u00e8tre de la buse 0,8 mm, angle de pulv\u00e9risation 60\u00b0\uff0cvolume de pulv\u00e9risation r\u00e9glable<\/td>\n<\/tr>\n<tr class=\"row-12\">\n\t<td class=\"column-1\">Chauffage Humidificateur<\/td><td colspan=\"2\" class=\"column-2\">Le chauffage \u00e9lectrique \u00e0 vapeur g\u00e9n\u00e8re de la chaleur et de l'humidit\u00e9.<\/td>\n<\/tr>\n<tr class=\"row-13\">\n\t<td class=\"column-1\">Syst\u00e8me de contr\u00f4le<\/td><td colspan=\"2\" class=\"column-2\">Interface de fonctionnement : Entr\u00e9e num\u00e9rique \u00e0 touches tactiles de type intelligent (contr\u00f4le programmable)<br \/>\nM\u00e9thode de fonctionnement : Contr\u00f4le programmable\/fonctionnement constant.<br \/>\nPlage de r\u00e9glage : Selon la plage de temp\u00e9rature.<br \/>\nEntr\u00e9e : Compteur de temp\u00e9rature Blackboard, capteur PT-100.<br \/>\nFonction subsidiaire : Alarme de limite sup\u00e9rieure\/inf\u00e9rieure, affichage de l'alarme, fonction de temporisation.<\/td>\n<\/tr>\n<tr class=\"row-14\">\n\t<td class=\"column-1\">Caract\u00e9ristiques de s\u00e9curit\u00e9<\/td><td colspan=\"2\" class=\"column-2\">Protection contre les fuites \u00e0 la terre, surcharge du circuit, protection contre les courts-circuits, protection contre la surchauffe de la chambre, alarme en cas de manque d'eau<br \/>\n<\/td>\n<\/tr>\n<\/tbody>\n<\/table>\n<!-- #tablepress-19 from cache -->\n\t\t\t<\/div>\n\t\n\t<div id=\"gap-426506912\" class=\"gap-element clearfix\" style=\"display:block; height:auto;\">\n\t\t\n<style>\n#gap-426506912 {\n  padding-top: 15px;\n}\n<\/style>\n\t<\/div>\n\t\n\t<div id=\"text-330842342\" class=\"text hide-for-small\">\n\t\t\n<h4><span style=\"color: #282828; font-size: 110%;\"><strong><b>Param\u00e8tres techniques<\/b><\/strong><\/span><\/h4>\n\n<table id=\"tablepress-13\" class=\"tablepress tablepress-id-13\">\n<tbody class=\"row-striping row-hover\">\n<tr class=\"row-1\">\n\t<td class=\"column-1\">Mod\u00e8le<\/td><td class=\"column-2\">SZ-UV-430C<\/td>\n<\/tr>\n<tr class=\"row-2\">\n\t<td class=\"column-1\">Taille int\u00e9rieure WxHxD (mm)<\/td><td class=\"column-2\">450x1100x500<\/td>\n<\/tr>\n<tr class=\"row-3\">\n\t<td class=\"column-1\">Taille ext\u00e9rieure LxHxP (mm)<\/td><td class=\"column-2\">1300x1480x550<\/td>\n<\/tr>\n<tr class=\"row-4\">\n\t<td class=\"column-1\">Plage de temp\u00e9rature de rayonnement<\/td><td class=\"column-2\">RT+10\u2103~70\u2103<\/td>\n<\/tr>\n<tr class=\"row-5\">\n\t<td class=\"column-1\">Plage de temp\u00e9rature de condensation<\/td><td class=\"column-2\">RT~60\u2103<\/td>\n<\/tr>\n<tr class=\"row-6\">\n\t<td class=\"column-1\">Plage d'humidit\u00e9<\/td><td class=\"column-2\">Cycle de condensation\u226585%RH ; Cycle de radiation <75%RH<\/td>\n<\/tr>\n<tr class=\"row-7\">\n\t<td class=\"column-1\">Source lumineuse d'essai<\/td><td class=\"column-2\">UV-A ou UV-B<\/td>\n<\/tr>\n<tr class=\"row-8\">\n\t<td class=\"column-1\">Sp\u00e9cifications de la source lumineuse de test<\/td><td class=\"column-2\">UV-A : longueur d'onde 300~400nm, valeur maximale de l'onde 340nm,<br \/>\nUV-B : longueur d'onde 275~375nm, valeur maximale de l'onde 313nm ;<br \/>\n<br \/>\nDur\u00e9e de vie de la lampe 1600h<\/td>\n<\/tr>\n<tr class=\"row-9\">\n\t<td class=\"column-1\">Intensit\u00e9 du rayonnement<\/td><td class=\"column-2\">0,3~1,1W\/m2 (313nm) ; 0,3~1,2W\/m2 (340nm) ;<\/td>\n<\/tr>\n<tr class=\"row-10\">\n\t<td class=\"column-1\">Pression de pulv\u00e9risation de l'eau<\/td><td class=\"column-2\">30 ~ 200Kpa<\/td>\n<\/tr>\n<tr class=\"row-11\">\n\t<td class=\"column-1\">Sp\u00e9cifications de la buse de pulv\u00e9risation<\/td><td class=\"column-2\">Diam\u00e8tre de la buse 0,8 mm, angle de pulv\u00e9risation 60\u00b0\uff0cvolume de pulv\u00e9risation r\u00e9glable<\/td>\n<\/tr>\n<tr class=\"row-12\">\n\t<td class=\"column-1\">Chauffage Humidificateur<\/td><td class=\"column-2\">Le chauffage \u00e9lectrique \u00e0 vapeur g\u00e9n\u00e8re de la chaleur et de l'humidit\u00e9.<\/td>\n<\/tr>\n<tr class=\"row-13\">\n\t<td class=\"column-1\">Syst\u00e8me de contr\u00f4le<\/td><td class=\"column-2\">Interface de fonctionnement : Entr\u00e9e num\u00e9rique \u00e0 touches tactiles de type intelligent (contr\u00f4le programmable)<br \/>\nM\u00e9thode de fonctionnement : Contr\u00f4le programmable\/fonctionnement constant<br \/>\n<br \/>\nPlage de r\u00e9glage : Selon la plage de temp\u00e9rature<br \/>\n<br \/>\nEntr\u00e9e : Thermom\u00e8tre \u00e0 tableau noir, capteur PT-100<br \/>\n<br \/>\nFonction subsidiaire : Alarme de limite sup\u00e9rieure\/inf\u00e9rieure, affichage de l'alarme, fonction de temporisation<\/td>\n<\/tr>\n<tr class=\"row-14\">\n\t<td class=\"column-1\">Caract\u00e9ristiques de s\u00e9curit\u00e9<\/td><td class=\"column-2\">Protection contre les fuites \u00e0 la terre, surcharge du circuit, protection contre les courts-circuits, protection contre la surchauffe de la chambre, alarme en cas de manque d'eau<\/td>\n<\/tr>\n<\/tbody>\n<\/table>\n<!-- #tablepress-13 from cache -->\n\t\t\t<\/div>\n\t\n\t<div id=\"gap-531703369\" class=\"gap-element clearfix\" style=\"display:block; height:auto;\">\n\t\t\n<style>\n#gap-531703369 {\n  padding-top: 20px;\n}\n<\/style>\n\t<\/div>\n\t\n<h4 style=\"text-align: center;\"><span style=\"color: #282828; font-size: 110%;\">Obtenir un devis<\/span><\/h4>\n\n<div class=\"wpcf7 no-js\" id=\"wpcf7-f280-o1\" lang=\"en-US\" dir=\"ltr\" data-wpcf7-id=\"280\">\n<div class=\"screen-reader-response\"><p role=\"status\" aria-live=\"polite\" aria-atomic=\"true\"><\/p> <ul><\/ul><\/div>\n<form action=\"\/fr\/wp-json\/wp\/v2\/product\/1848#wpcf7-f280-o1\" method=\"post\" class=\"wpcf7-form init\" aria-label=\"Contact form\" novalidate=\"novalidate\" data-status=\"init\" data-trp-original-action=\"\/fr\/wp-json\/wp\/v2\/product\/1848#wpcf7-f280-o1\">\n<fieldset class=\"hidden-fields-container\"><input type=\"hidden\" name=\"_wpcf7\" value=\"280\" \/><input type=\"hidden\" name=\"_wpcf7_version\" value=\"6.1.2\" \/><input type=\"hidden\" name=\"_wpcf7_locale\" value=\"en_US\" \/><input type=\"hidden\" name=\"_wpcf7_unit_tag\" value=\"wpcf7-f280-o1\" \/><input type=\"hidden\" name=\"_wpcf7_container_post\" value=\"0\" \/><input type=\"hidden\" name=\"_wpcf7_posted_data_hash\" value=\"\" \/>\n<\/fieldset>\n<div class='custom_contact_style'>\n\t<div class=\"row row-small\">\n\t\t<div class=\"col medium-6 small-12 large-6\">\n\t\t\t<div class=\"col-inner\">\n\t\t\t\t<p><span class=\"wpcf7-form-control-wrap\" data-name=\"your-name\"><input size=\"40\" maxlength=\"400\" class=\"wpcf7-form-control wpcf7-text wpcf7-validates-as-required\" aria-required=\"true\" aria-invalid=\"false\" placeholder=\"Nom*\" value=\"\" type=\"text\" name=\"your-name\" \/><\/span>\n\t\t\t\t<\/p>\n\t\t\t<\/div>\n\t\t<\/div>\n\t\t<div class=\"col medium-6 small-12 large-6\">\n\t\t\t<div class=\"col-inner\">\n\t\t\t\t<p><span class=\"wpcf7-form-control-wrap\" data-name=\"your-email\"><input size=\"40\" maxlength=\"400\" class=\"wpcf7-form-control wpcf7-email wpcf7-validates-as-required wpcf7-text wpcf7-validates-as-email\" aria-required=\"true\" aria-invalid=\"false\" placeholder=\"Courriel*\" value=\"\" type=\"email\" name=\"your-email\" \/><\/span>\n\t\t\t\t<\/p>\n\t\t\t<\/div>\n\t\t<\/div>\n\t<\/div>\n\t<div class='cus_contact_form_bottom'>\n\t\t<p><span class=\"wpcf7-form-control-wrap\" data-name=\"your-phone\"><input size=\"40\" maxlength=\"400\" class=\"wpcf7-form-control wpcf7-text\" aria-invalid=\"false\" placeholder=\"T\u00e9l\u00e9phone\" value=\"\" type=\"text\" name=\"your-phone\" \/><\/span>\n\t\t<\/p>\n\t<\/div>\n\t<div class='cus_contact_form_bottom'>\n\t\t<p><span class=\"wpcf7-form-control-wrap\" data-name=\"your-country\"><input size=\"40\" maxlength=\"400\" class=\"wpcf7-form-control wpcf7-text\" aria-invalid=\"false\" placeholder=\"Pays\" value=\"\" type=\"text\" name=\"your-country\" \/><\/span>\n\t\t<\/p>\n\t<\/div>\n\t<p><span class=\"wpcf7-form-control-wrap\" data-name=\"your-message\"><textarea cols=\"40\" rows=\"10\" maxlength=\"2000\" class=\"wpcf7-form-control wpcf7-textarea wpcf7-validates-as-required\" aria-required=\"true\" aria-invalid=\"false\" placeholder=\"Votre message *\" name=\"your-message\"><\/textarea><\/span>\n\t<\/p>\n\t<div style=\"margin-bottom:10px;\">\n\t\t<p><span class=\"wpcf7-form-control-wrap kc_captcha cf7ic-toggle\" data-name=\"kc_captcha\"><span class=\"wpcf7-form-control wpcf7-radio\"><span class=\"captcha-image\" style=\"display: none;\"><span class=\"cf7ic_instructions\">Please prove you are human by selecting the<span> plane<\/span>.<\/span><label><input aria-label=\"1\" type=\"radio\" name=\"kc_captcha\" value=\"bot\" \/><svg aria-hidden=\"true\" role=\"img\" xmlns=\"http:\/\/www.w3.org\/2000\/svg\" viewbox=\"0 0 576 512\"><path fill=\"currentColor\" d=\"M415 24c-53 0-103 42-127 65-24-23-74-65-127-65C70 24 16 77 16 166c0 72 67 133 69 135l187 181c9 8 23 8 32 0l187-180c2-3 69-64 69-136 0-89-54-142-145-142z\"\/><\/svg><\/label><label><input aria-label=\"2\" type=\"radio\" name=\"kc_captcha\" value=\"bot\" \/><svg aria-hidden=\"true\" role=\"img\" xmlns=\"http:\/\/www.w3.org\/2000\/svg\" viewbox=\"0 0 384 512\"><path fill=\"currentColor\" d=\"M377 375l-83-87h34c21 0 32-25 17-40l-82-88h33c21 0 32-25 18-40L210 8c-10-11-26-11-36 0L70 120c-14 15-3 40 18 40h33l-82 88c-15 15-4 40 17 40h34L7 375c-15 16-4 41 17 41h120c0 33-11 49-34 68-12 9-5 28 10 28h144c15 0 22-19 10-28-20-16-34-32-34-68h120c21 0 32-25 17-41z\"\/><\/svg><\/label><label><input aria-label=\"3\" type=\"radio\" name=\"kc_captcha\" value=\"kc_human\" \/><svg aria-hidden=\"true\" role=\"img\" xmlns=\"http:\/\/www.w3.org\/2000\/svg\" viewbox=\"0 0 576 512\"><path fill=\"currentColor\" d=\"M472 200H360L256 6a12 12 0 00-10-6h-58c-8 0-14 7-12 15l34 185H100l-35-58a12 12 0 00-10-6H12c-8 0-13 7-12 14l21 106L0 362c-1 7 4 14 12 14h43c4 0 8-2 10-6l35-58h110l-34 185c-2 8 4 15 12 15h58a12 12 0 0010-6l104-194h112c57 0 104-25 104-56s-47-56-104-56z\"\/><\/svg><\/label>\r\n    <\/span>\r\n    <span style=\"display:none\">\r\n        <input type=\"text\" name=\"kc_honeypot\">\r\n    <\/span><\/span><\/span>\n\t\t<\/p>\n\t<\/div>\n\t<p><input class=\"wpcf7-form-control wpcf7-submit has-spinner\" type=\"submit\" value=\"Envoyer un message\" \/>\n\t<\/p>\n<\/div><div class=\"wpcf7-response-output\" aria-hidden=\"true\"><\/div>\n<input type=\"hidden\" name=\"trp-form-language\" value=\"fr\"\/><\/form>\n<\/div>\n\n\t<div id=\"gap-102582355\" class=\"gap-element clearfix\" style=\"display:block; height:auto;\">\n\t\t\n<style>\n#gap-102582355 {\n  padding-top: 30px;\n}\n<\/style>\n\t<\/div>\n\t\n<p><em><span style=\"color: #282828;\">Retour \u00e0 <a href=\"https:\/\/gaattestequipment.com\/fr\/\">Accueil&gt;&gt;&gt;<\/a><\/span><\/em><\/p>","protected":false},"excerpt":{"rendered":"<p><span style=\"color: #282828;\">La chambre d'essai UV est con\u00e7ue pour simuler les effets de la lumi\u00e8re ultraviolette sur les mat\u00e9riaux. Cette chambre permet de tester de mani\u00e8re contr\u00f4l\u00e9e la fa\u00e7on dont divers mat\u00e9riaux, notamment les plastiques, les rev\u00eatements et les textiles, r\u00e9agissent \u00e0 un rayonnement UV prolong\u00e9, ce qui est essentiel pour pr\u00e9dire les performances et la long\u00e9vit\u00e9 des produits dans des conditions r\u00e9elles. Gr\u00e2ce \u00e0 un contr\u00f4le pr\u00e9cis de l'intensit\u00e9 des UV, de la temp\u00e9rature et de l'humidit\u00e9, la chambre d'essai aux UV constitue une m\u00e9thode fiable et acc\u00e9l\u00e9r\u00e9e pour \u00e9valuer le processus de vieillissement des mat\u00e9riaux dans des conditions de lumi\u00e8re solaire simul\u00e9e.<\/span><\/p>","protected":false},"featured_media":1849,"comment_status":"open","ping_status":"closed","template":"","meta":[],"product_brand":[],"product_cat":[40],"product_tag":[],"class_list":{"0":"post-1848","1":"product","2":"type-product","3":"status-publish","4":"has-post-thumbnail","6":"product_cat-uv-accelerated-weathering-tester","8":"first","9":"instock","10":"shipping-taxable","11":"product-type-simple"},"yoast_head":"<!-- This site is optimized with the Yoast SEO plugin v26.0 - https:\/\/yoast.com\/wordpress\/plugins\/seo\/ -->\n<title>UV Light Test Chamber - GAAT<\/title>\n<meta name=\"description\" content=\"UV Light Test Chamber of high quality. We provide fast delivery, reasonable price and after-sales service for you. Welcome to contact us!\" \/>\n<meta name=\"robots\" content=\"index, follow, max-snippet:-1, max-image-preview:large, max-video-preview:-1\" \/>\n<link rel=\"canonical\" href=\"https:\/\/gaattestequipment.com\/fr\/manufacturer\/uv-light-test-chamber\/\" \/>\n<meta property=\"og:locale\" content=\"fr_FR\" \/>\n<meta property=\"og:type\" content=\"article\" \/>\n<meta property=\"og:title\" content=\"UV Light Test Chamber - GAAT\" \/>\n<meta property=\"og:description\" content=\"UV Light Test Chamber of high quality. We provide fast delivery, reasonable price and after-sales service for you. Welcome to contact us!\" \/>\n<meta property=\"og:url\" content=\"https:\/\/gaattestequipment.com\/fr\/manufacturer\/uv-light-test-chamber\/\" \/>\n<meta property=\"og:site_name\" content=\"GAAT\" \/>\n<meta property=\"article:modified_time\" content=\"2025-01-17T06:45:20+00:00\" \/>\n<meta property=\"og:image\" content=\"https:\/\/gaattestequipment.com\/wp-content\/uploads\/2024\/11\/UV-Light-Test-Chamber.png\" \/>\n\t<meta property=\"og:image:width\" content=\"800\" \/>\n\t<meta property=\"og:image:height\" content=\"800\" \/>\n\t<meta property=\"og:image:type\" content=\"image\/png\" \/>\n<meta name=\"twitter:card\" content=\"summary_large_image\" \/>\n<meta name=\"twitter:label1\" content=\"Dur\u00e9e de lecture estim\u00e9e\" \/>\n\t<meta name=\"twitter:data1\" content=\"1 minute\" \/>\n<script type=\"application\/ld+json\" class=\"yoast-schema-graph\">{\"@context\":\"https:\/\/schema.org\",\"@graph\":[{\"@type\":\"WebPage\",\"@id\":\"https:\/\/gaattestequipment.com\/manufacturer\/uv-light-test-chamber\/\",\"url\":\"https:\/\/gaattestequipment.com\/manufacturer\/uv-light-test-chamber\/\",\"name\":\"UV Light Test Chamber - GAAT\",\"isPartOf\":{\"@id\":\"https:\/\/mistyrose-dunlin-619425.hostingersite.com\/#website\"},\"primaryImageOfPage\":{\"@id\":\"https:\/\/gaattestequipment.com\/manufacturer\/uv-light-test-chamber\/#primaryimage\"},\"image\":{\"@id\":\"https:\/\/gaattestequipment.com\/manufacturer\/uv-light-test-chamber\/#primaryimage\"},\"thumbnailUrl\":\"https:\/\/gaattestequipment.com\/wp-content\/uploads\/2024\/11\/UV-Light-Test-Chamber.png\",\"datePublished\":\"2024-11-13T02:57:49+00:00\",\"dateModified\":\"2025-01-17T06:45:20+00:00\",\"description\":\"UV Light Test Chamber of high quality. We provide fast delivery, reasonable price and after-sales service for you. Welcome to contact us!\",\"breadcrumb\":{\"@id\":\"https:\/\/gaattestequipment.com\/manufacturer\/uv-light-test-chamber\/#breadcrumb\"},\"inLanguage\":\"fr-FR\",\"potentialAction\":[{\"@type\":\"ReadAction\",\"target\":[\"https:\/\/gaattestequipment.com\/manufacturer\/uv-light-test-chamber\/\"]}]},{\"@type\":\"ImageObject\",\"inLanguage\":\"fr-FR\",\"@id\":\"https:\/\/gaattestequipment.com\/manufacturer\/uv-light-test-chamber\/#primaryimage\",\"url\":\"https:\/\/gaattestequipment.com\/wp-content\/uploads\/2024\/11\/UV-Light-Test-Chamber.png\",\"contentUrl\":\"https:\/\/gaattestequipment.com\/wp-content\/uploads\/2024\/11\/UV-Light-Test-Chamber.png\",\"width\":800,\"height\":800,\"caption\":\"uv light test chamber\"},{\"@type\":\"BreadcrumbList\",\"@id\":\"https:\/\/gaattestequipment.com\/manufacturer\/uv-light-test-chamber\/#breadcrumb\",\"itemListElement\":[{\"@type\":\"ListItem\",\"position\":1,\"name\":\"Home\",\"item\":\"https:\/\/mistyrose-dunlin-619425.hostingersite.com\/\"},{\"@type\":\"ListItem\",\"position\":2,\"name\":\"Products\",\"item\":\"https:\/\/gaattestequipment.com\/shop\/\"},{\"@type\":\"ListItem\",\"position\":3,\"name\":\"UV Light Test Chamber\"}]},{\"@type\":\"WebSite\",\"@id\":\"https:\/\/mistyrose-dunlin-619425.hostingersite.com\/#website\",\"url\":\"https:\/\/mistyrose-dunlin-619425.hostingersite.com\/\",\"name\":\"GAAT\",\"description\":\"Manufacturer of environmental and reliability testing instruments\",\"potentialAction\":[{\"@type\":\"SearchAction\",\"target\":{\"@type\":\"EntryPoint\",\"urlTemplate\":\"https:\/\/mistyrose-dunlin-619425.hostingersite.com\/?s={search_term_string}\"},\"query-input\":{\"@type\":\"PropertyValueSpecification\",\"valueRequired\":true,\"valueName\":\"search_term_string\"}}],\"inLanguage\":\"fr-FR\"}]}<\/script>\n<!-- \/ Yoast SEO plugin. -->","yoast_head_json":{"title":"Chambre d'essai \u00e0 lumi\u00e8re UV - GAAT","description":"Chambre d'essai \u00e0 lumi\u00e8re UV de haute qualit\u00e9. Nous fournissons une livraison rapide, un prix raisonnable et un service apr\u00e8s-vente pour vous. N'h\u00e9sitez pas \u00e0 nous contacter !","robots":{"index":"index","follow":"follow","max-snippet":"max-snippet:-1","max-image-preview":"max-image-preview:large","max-video-preview":"max-video-preview:-1"},"canonical":"https:\/\/gaattestequipment.com\/fr\/manufacturer\/uv-light-test-chamber\/","og_locale":"fr_FR","og_type":"article","og_title":"UV Light Test Chamber - GAAT","og_description":"UV Light Test Chamber of high quality. We provide fast delivery, reasonable price and after-sales service for you. Welcome to contact us!","og_url":"https:\/\/gaattestequipment.com\/fr\/manufacturer\/uv-light-test-chamber\/","og_site_name":"GAAT","article_modified_time":"2025-01-17T06:45:20+00:00","og_image":[{"width":800,"height":800,"url":"https:\/\/gaattestequipment.com\/wp-content\/uploads\/2024\/11\/UV-Light-Test-Chamber.png","type":"image\/png"}],"twitter_card":"summary_large_image","twitter_misc":{"Dur\u00e9e de lecture estim\u00e9e":"1 minute"},"schema":{"@context":"https:\/\/schema.org","@graph":[{"@type":"WebPage","@id":"https:\/\/gaattestequipment.com\/manufacturer\/uv-light-test-chamber\/","url":"https:\/\/gaattestequipment.com\/manufacturer\/uv-light-test-chamber\/","name":"Chambre d'essai \u00e0 lumi\u00e8re UV - GAAT","isPartOf":{"@id":"https:\/\/mistyrose-dunlin-619425.hostingersite.com\/#website"},"primaryImageOfPage":{"@id":"https:\/\/gaattestequipment.com\/manufacturer\/uv-light-test-chamber\/#primaryimage"},"image":{"@id":"https:\/\/gaattestequipment.com\/manufacturer\/uv-light-test-chamber\/#primaryimage"},"thumbnailUrl":"https:\/\/gaattestequipment.com\/wp-content\/uploads\/2024\/11\/UV-Light-Test-Chamber.png","datePublished":"2024-11-13T02:57:49+00:00","dateModified":"2025-01-17T06:45:20+00:00","description":"Chambre d'essai \u00e0 lumi\u00e8re UV de haute qualit\u00e9. Nous fournissons une livraison rapide, un prix raisonnable et un service apr\u00e8s-vente pour vous. N'h\u00e9sitez pas \u00e0 nous contacter !","breadcrumb":{"@id":"https:\/\/gaattestequipment.com\/manufacturer\/uv-light-test-chamber\/#breadcrumb"},"inLanguage":"fr-FR","potentialAction":[{"@type":"ReadAction","target":["https:\/\/gaattestequipment.com\/manufacturer\/uv-light-test-chamber\/"]}]},{"@type":"ImageObject","inLanguage":"fr-FR","@id":"https:\/\/gaattestequipment.com\/manufacturer\/uv-light-test-chamber\/#primaryimage","url":"https:\/\/gaattestequipment.com\/wp-content\/uploads\/2024\/11\/UV-Light-Test-Chamber.png","contentUrl":"https:\/\/gaattestequipment.com\/wp-content\/uploads\/2024\/11\/UV-Light-Test-Chamber.png","width":800,"height":800,"caption":"uv light test chamber"},{"@type":"BreadcrumbList","@id":"https:\/\/gaattestequipment.com\/manufacturer\/uv-light-test-chamber\/#breadcrumb","itemListElement":[{"@type":"ListItem","position":1,"name":"Home","item":"https:\/\/mistyrose-dunlin-619425.hostingersite.com\/"},{"@type":"ListItem","position":2,"name":"Products","item":"https:\/\/gaattestequipment.com\/shop\/"},{"@type":"ListItem","position":3,"name":"UV Light Test Chamber"}]},{"@type":"WebSite","@id":"https:\/\/mistyrose-dunlin-619425.hostingersite.com\/#website","url":"https:\/\/mistyrose-dunlin-619425.hostingersite.com\/","name":"GAAT","description":"Fabricant d'instruments d'essais environnementaux et de fiabilit\u00e9","potentialAction":[{"@type":"SearchAction","target":{"@type":"EntryPoint","urlTemplate":"https:\/\/mistyrose-dunlin-619425.hostingersite.com\/?s={search_term_string}"},"query-input":{"@type":"PropertyValueSpecification","valueRequired":true,"valueName":"search_term_string"}}],"inLanguage":"fr-FR"}]}},"_links":{"self":[{"href":"https:\/\/gaattestequipment.com\/fr\/wp-json\/wp\/v2\/product\/1848","targetHints":{"allow":["GET"]}}],"collection":[{"href":"https:\/\/gaattestequipment.com\/fr\/wp-json\/wp\/v2\/product"}],"about":[{"href":"https:\/\/gaattestequipment.com\/fr\/wp-json\/wp\/v2\/types\/product"}],"replies":[{"embeddable":true,"href":"https:\/\/gaattestequipment.com\/fr\/wp-json\/wp\/v2\/comments?post=1848"}],"wp:featuredmedia":[{"embeddable":true,"href":"https:\/\/gaattestequipment.com\/fr\/wp-json\/wp\/v2\/media\/1849"}],"wp:attachment":[{"href":"https:\/\/gaattestequipment.com\/fr\/wp-json\/wp\/v2\/media?parent=1848"}],"wp:term":[{"taxonomy":"product_brand","embeddable":true,"href":"https:\/\/gaattestequipment.com\/fr\/wp-json\/wp\/v2\/product_brand?post=1848"},{"taxonomy":"product_cat","embeddable":true,"href":"https:\/\/gaattestequipment.com\/fr\/wp-json\/wp\/v2\/product_cat?post=1848"},{"taxonomy":"product_tag","embeddable":true,"href":"https:\/\/gaattestequipment.com\/fr\/wp-json\/wp\/v2\/product_tag?post=1848"}],"curies":[{"name":"wp","href":"https:\/\/api.w.org\/{rel}","templated":true}]}}