{"id":1844,"date":"2024-11-13T02:47:08","date_gmt":"2024-11-13T02:47:08","guid":{"rendered":"https:\/\/gaattestequipment.com\/?post_type=product&#038;p=1844"},"modified":"2025-01-17T06:51:17","modified_gmt":"2025-01-17T06:51:17","slug":"uv-aging-test-chamber","status":"publish","type":"product","link":"https:\/\/gaattestequipment.com\/fr\/manufacturer\/uv-aging-test-chamber\/","title":{"rendered":"Chambre d'essai de vieillissement aux UV"},"content":{"rendered":"<h3><span style=\"color: #282828;\"><strong><b>Application de la chambre d'essai de vieillissement UV :<\/b><\/strong><\/span><\/h3>\n<p><span style=\"color: #282828;\">La chambre de test de vieillissement UV est essentielle pour le contr\u00f4le de la qualit\u00e9 dans les industries o\u00f9 la durabilit\u00e9 et la long\u00e9vit\u00e9 des mat\u00e9riaux sont primordiales, telles que l'automobile, l'a\u00e9rospatiale, la construction et les biens de consommation.<\/span><\/p>\n<div class=\"is-divider divider clearfix\" style=\"max-width:medium;\"><\/div>\n\t<div id=\"gap-1817032107\" class=\"gap-element clearfix\" style=\"display:block; height:auto;\">\n\t\t\n<style>\n#gap-1817032107 {\n  padding-top: 15px;\n}\n<\/style>\n\t<\/div>\n\t\n<h3><span style=\"color: #282828;\"><strong><b>Caract\u00e9ristiques :<\/b><\/strong><\/span><\/h3>\n<ul>\n<li><span style=\"color: #282828;\">Lampes UV de marque : \u00c9quip\u00e9 de lampes UVA ou UVB originales d'Atlas America pour une comparabilit\u00e9 fiable des r\u00e9sultats des tests.<\/span><\/li>\n<li><span style=\"color: #282828;\">\u00c9talonnage automatis\u00e9 : L'\u00e9talonnage automatis\u00e9 de l'irradiation garantit une exposition constante aux UV.<\/span><\/li>\n<li><span style=\"color: #282828;\">Simulation de l'humidit\u00e9 : Comprend des fonctions de pulv\u00e9risation d'eau et de condensation pour une simulation compl\u00e8te de l'environnement.<\/span><\/li>\n<li><span style=\"color: #282828;\">Contr\u00f4le pr\u00e9cis de la temp\u00e9rature : Utilise un capteur Pt100 de haute pr\u00e9cision pour une r\u00e9gulation pr\u00e9cise de la temp\u00e9rature dans les applications de tableau noir.<\/span><\/li>\n<\/ul>\n<div class=\"is-divider divider clearfix\" style=\"max-width:medium;\"><\/div>\n\t<div id=\"gap-2086042468\" class=\"gap-element clearfix\" style=\"display:block; height:auto;\">\n\t\t\n<style>\n#gap-2086042468 {\n  padding-top: 15px;\n}\n<\/style>\n\t<\/div>\n\t\n<h4><span style=\"color: #282828; font-size: 110%;\"><strong><b>Normes d'essai applicables :<\/b><\/strong><\/span><\/h4>\n<p><span style=\"color: #282828;\">ISO 4892-1, ISO 4892-3\uff0cISO 11507, ASTM G154, ASTM G153, IEC 61215. GB\/T14522<\/span><\/p>\n<div class=\"is-divider divider clearfix\" style=\"max-width:medium;\"><\/div>\n\t<div id=\"gap-619033433\" class=\"gap-element clearfix\" style=\"display:block; height:auto;\">\n\t\t\n<style>\n#gap-619033433 {\n  padding-top: 15px;\n}\n<\/style>\n\t<\/div>\n\t\n<h4><span style=\"color: #282828; font-size: 110%;\"><strong><b>Param\u00e8tres techniques<\/b><\/strong><\/span><\/h4>\n\n<table id=\"tablepress-12\" class=\"tablepress tablepress-id-12\">\n<tbody class=\"row-striping row-hover\">\n<tr class=\"row-1\">\n\t<td class=\"column-1\">Mod\u00e8le<\/td><td class=\"column-2\">SZ-UV-1C<\/td>\n<\/tr>\n<tr class=\"row-2\">\n\t<td class=\"column-1\">Taille int\u00e9rieure WxHxD (mm)\t<\/td><td class=\"column-2\">W75xH150<br \/>\n<\/td>\n<\/tr>\n<tr class=\"row-3\">\n\t<td class=\"column-1\">Taille ext\u00e9rieure LxHxP (mm)\t<\/td><td class=\"column-2\">1600x1512x800<\/td>\n<\/tr>\n<tr class=\"row-4\">\n\t<td class=\"column-1\">Plage de temp\u00e9rature de rayonnement\t<\/td><td class=\"column-2\">RT+10\u2103~70\u2103<br \/>\n<\/td>\n<\/tr>\n<tr class=\"row-5\">\n\t<td class=\"column-1\">Plage de temp\u00e9rature de condensation<\/td><td class=\"column-2\">RT~60\u2103<br \/>\n<\/td>\n<\/tr>\n<tr class=\"row-6\">\n\t<td class=\"column-1\">Plage d'humidit\u00e9\t<\/td><td class=\"column-2\">Cycle de condensation\u226585%RH ; Cycle de radiation <75%RH<br \/&gt;\n<\/td>\n<\/tr>\n<tr class=\"row-7\">\n\t<td class=\"column-1\">Source lumineuse d'essai\t<\/td><td class=\"column-2\">UV-A ou UV-B<\/td>\n<\/tr>\n<tr class=\"row-8\">\n\t<td class=\"column-1\">Sp\u00e9cifications de la source lumineuse de test<\/td><td class=\"column-2\">UV-A : longueur d'onde 300~400nm, valeur maximale de l'onde 340nm,<br \/>\nUV-B : longueur d'onde 275~375nm, valeur maximale de l'onde 313nm ;<br \/>\n<br \/>\nDur\u00e9e de vie de la lampe 1600h<\/td>\n<\/tr>\n<tr class=\"row-9\">\n\t<td class=\"column-1\">Intensit\u00e9 du rayonnement<\/td><td class=\"column-2\">0,3~1,1W\/m2 (313nm) ; 0,3~1,2W\/m2 (340nm) ;<\/td>\n<\/tr>\n<tr class=\"row-10\">\n\t<td class=\"column-1\">Pression de pulv\u00e9risation de l'eau\t<\/td><td class=\"column-2\">30 ~ 200Kpa<\/td>\n<\/tr>\n<tr class=\"row-11\">\n\t<td class=\"column-1\">Sp\u00e9cifications de la buse de pulv\u00e9risation<\/td><td class=\"column-2\">Diam\u00e8tre de la buse 0,8 mm, angle de pulv\u00e9risation 60\u00b0\uff0cvolume de pulv\u00e9risation r\u00e9glable<\/td>\n<\/tr>\n<tr class=\"row-12\">\n\t<td class=\"column-1\">Chauffage Humidificateur<\/td><td class=\"column-2\">Le chauffage \u00e9lectrique \u00e0 vapeur g\u00e9n\u00e8re de la chaleur et de l'humidit\u00e9.<\/td>\n<\/tr>\n<tr class=\"row-13\">\n\t<td class=\"column-1\">Syst\u00e8me de contr\u00f4le<\/td><td class=\"column-2\">Interface de fonctionnement : Entr\u00e9e num\u00e9rique \u00e0 touches tactiles de type intelligent (contr\u00f4le programmable)<br \/>\nM\u00e9thode de fonctionnement : Contr\u00f4le programmable\/fonctionnement constant<br \/>\n<br \/>\nPlage de r\u00e9glage : Selon la plage de temp\u00e9rature<br \/>\n<br \/>\nEntr\u00e9e : Thermom\u00e8tre \u00e0 tableau noir, capteur PT-100<br \/>\n<br \/>\nFonction subsidiaire : Alarme de limite sup\u00e9rieure\/inf\u00e9rieure, affichage de l'alarme, fonction de temporisation<\/td>\n<\/tr>\n<tr class=\"row-14\">\n\t<td class=\"column-1\">Caract\u00e9ristiques de s\u00e9curit\u00e9<\/td><td class=\"column-2\">Protection contre les fuites \u00e0 la terre, surcharge du circuit, protection contre les courts-circuits, protection contre la surchauffe de la chambre, alarme en cas de manque d'eau<\/td>\n<\/tr>\n<\/tbody>\n<\/table>\n<!-- #tablepress-12 from cache -->\n\t<div id=\"gap-62456414\" class=\"gap-element clearfix\" style=\"display:block; height:auto;\">\n\t\t\n<style>\n#gap-62456414 {\n  padding-top: 20px;\n}\n<\/style>\n\t<\/div>\n\t\n<h4 style=\"text-align: center;\"><span style=\"color: #282828; font-size: 110%;\">Obtenir un devis<\/span><\/h4>\n\n<div class=\"wpcf7 no-js\" id=\"wpcf7-f280-o1\" lang=\"en-US\" dir=\"ltr\" data-wpcf7-id=\"280\">\n<div class=\"screen-reader-response\"><p role=\"status\" aria-live=\"polite\" aria-atomic=\"true\"><\/p> <ul><\/ul><\/div>\n<form action=\"\/fr\/wp-json\/wp\/v2\/product\/1844#wpcf7-f280-o1\" method=\"post\" class=\"wpcf7-form init\" aria-label=\"Contact form\" novalidate=\"novalidate\" data-status=\"init\" data-trp-original-action=\"\/fr\/wp-json\/wp\/v2\/product\/1844#wpcf7-f280-o1\">\n<fieldset class=\"hidden-fields-container\"><input type=\"hidden\" name=\"_wpcf7\" value=\"280\" \/><input type=\"hidden\" name=\"_wpcf7_version\" value=\"6.1.2\" \/><input type=\"hidden\" name=\"_wpcf7_locale\" value=\"en_US\" \/><input type=\"hidden\" name=\"_wpcf7_unit_tag\" value=\"wpcf7-f280-o1\" \/><input type=\"hidden\" name=\"_wpcf7_container_post\" value=\"0\" \/><input type=\"hidden\" name=\"_wpcf7_posted_data_hash\" value=\"\" \/>\n<\/fieldset>\n<div class='custom_contact_style'>\n\t<div class=\"row row-small\">\n\t\t<div class=\"col medium-6 small-12 large-6\">\n\t\t\t<div class=\"col-inner\">\n\t\t\t\t<p><span class=\"wpcf7-form-control-wrap\" data-name=\"your-name\"><input size=\"40\" maxlength=\"400\" class=\"wpcf7-form-control wpcf7-text wpcf7-validates-as-required\" aria-required=\"true\" aria-invalid=\"false\" placeholder=\"Nom*\" value=\"\" type=\"text\" name=\"your-name\" \/><\/span>\n\t\t\t\t<\/p>\n\t\t\t<\/div>\n\t\t<\/div>\n\t\t<div class=\"col medium-6 small-12 large-6\">\n\t\t\t<div class=\"col-inner\">\n\t\t\t\t<p><span class=\"wpcf7-form-control-wrap\" data-name=\"your-email\"><input size=\"40\" maxlength=\"400\" class=\"wpcf7-form-control wpcf7-email wpcf7-validates-as-required wpcf7-text wpcf7-validates-as-email\" aria-required=\"true\" aria-invalid=\"false\" placeholder=\"Courriel*\" value=\"\" type=\"email\" name=\"your-email\" \/><\/span>\n\t\t\t\t<\/p>\n\t\t\t<\/div>\n\t\t<\/div>\n\t<\/div>\n\t<div class='cus_contact_form_bottom'>\n\t\t<p><span class=\"wpcf7-form-control-wrap\" data-name=\"your-phone\"><input size=\"40\" maxlength=\"400\" class=\"wpcf7-form-control wpcf7-text\" aria-invalid=\"false\" placeholder=\"T\u00e9l\u00e9phone\" value=\"\" type=\"text\" name=\"your-phone\" \/><\/span>\n\t\t<\/p>\n\t<\/div>\n\t<div class='cus_contact_form_bottom'>\n\t\t<p><span class=\"wpcf7-form-control-wrap\" data-name=\"your-country\"><input size=\"40\" maxlength=\"400\" class=\"wpcf7-form-control wpcf7-text\" aria-invalid=\"false\" placeholder=\"Pays\" value=\"\" type=\"text\" name=\"your-country\" \/><\/span>\n\t\t<\/p>\n\t<\/div>\n\t<p><span class=\"wpcf7-form-control-wrap\" data-name=\"your-message\"><textarea cols=\"40\" rows=\"10\" maxlength=\"2000\" class=\"wpcf7-form-control wpcf7-textarea wpcf7-validates-as-required\" aria-required=\"true\" aria-invalid=\"false\" placeholder=\"Votre message *\" name=\"your-message\"><\/textarea><\/span>\n\t<\/p>\n\t<div style=\"margin-bottom:10px;\">\n\t\t<p><span class=\"wpcf7-form-control-wrap kc_captcha cf7ic-toggle\" data-name=\"kc_captcha\"><span class=\"wpcf7-form-control wpcf7-radio\"><span class=\"captcha-image\" style=\"display: none;\"><span class=\"cf7ic_instructions\">Please prove you are human by selecting the<span> plane<\/span>.<\/span><label><input aria-label=\"1\" type=\"radio\" name=\"kc_captcha\" value=\"bot\" \/><svg aria-hidden=\"true\" role=\"img\" xmlns=\"http:\/\/www.w3.org\/2000\/svg\" viewbox=\"0 0 576 512\"><path fill=\"currentColor\" d=\"M488 313v143c0 13-11 24-24 24H348c-7 0-12-5-12-12V356c0-7-5-12-12-12h-72c-7 0-12 5-12 12v112c0 7-5 12-12 12H112c-13 0-24-11-24-24V313c0-4 2-7 4-10l188-154c5-4 11-4 16 0l188 154c2 3 4 6 4 10zm84-61l-84-69V44c0-6-5-12-12-12h-56c-7 0-12 6-12 12v73l-89-74a48 48 0 00-61 0L4 252c-5 4-5 12-1 17l25 31c5 5 12 5 17 1l235-193c5-4 11-4 16 0l235 193c5 5 13 4 17-1l25-31c4-6 4-13-1-17z\"\/><\/svg><\/label><label><input aria-label=\"2\" type=\"radio\" name=\"kc_captcha\" value=\"bot\" \/><svg aria-hidden=\"true\" role=\"img\" xmlns=\"http:\/\/www.w3.org\/2000\/svg\" viewbox=\"0 0 640 512\"><path fill=\"currentColor\" d=\"M192 384h192c53 0 96-43 96-96h32a128 128 0 000-256H120c-13 0-24 11-24 24v232c0 53 43 96 96 96zM512 96a64 64 0 010 128h-32V96h32zm48 384H48c-47 0-61-64-36-64h584c25 0 11 64-36 64z\"\/><\/svg><\/label><label><input aria-label=\"3\" type=\"radio\" name=\"kc_captcha\" value=\"kc_human\" \/><svg aria-hidden=\"true\" role=\"img\" xmlns=\"http:\/\/www.w3.org\/2000\/svg\" viewbox=\"0 0 576 512\"><path fill=\"currentColor\" d=\"M472 200H360L256 6a12 12 0 00-10-6h-58c-8 0-14 7-12 15l34 185H100l-35-58a12 12 0 00-10-6H12c-8 0-13 7-12 14l21 106L0 362c-1 7 4 14 12 14h43c4 0 8-2 10-6l35-58h110l-34 185c-2 8 4 15 12 15h58a12 12 0 0010-6l104-194h112c57 0 104-25 104-56s-47-56-104-56z\"\/><\/svg><\/label>\r\n    <\/span>\r\n    <span style=\"display:none\">\r\n        <input type=\"text\" name=\"kc_honeypot\">\r\n    <\/span><\/span><\/span>\n\t\t<\/p>\n\t<\/div>\n\t<p><input class=\"wpcf7-form-control wpcf7-submit has-spinner\" type=\"submit\" value=\"Envoyer un message\" \/>\n\t<\/p>\n<\/div><div class=\"wpcf7-response-output\" aria-hidden=\"true\"><\/div>\n<input type=\"hidden\" name=\"trp-form-language\" value=\"fr\"\/><\/form>\n<\/div>\n\n\t<div id=\"gap-188825099\" class=\"gap-element clearfix\" style=\"display:block; height:auto;\">\n\t\t\n<style>\n#gap-188825099 {\n  padding-top: 30px;\n}\n<\/style>\n\t<\/div>\n\t\n<p><em><span style=\"color: #282828;\">Retour \u00e0 <a href=\"https:\/\/gaattestequipment.com\/fr\/\">Accueil&gt;&gt;&gt;<\/a><\/span><\/em><\/p>","protected":false},"excerpt":{"rendered":"<p><span style=\"color: #282828;\">La chambre d'essai de vieillissement UV est con\u00e7ue pour simuler les effets du rayonnement ultraviolet (UV) sur les mat\u00e9riaux. Elle est con\u00e7ue pour acc\u00e9l\u00e9rer le processus de vieillissement des produits en les exposant \u00e0 des niveaux contr\u00f4l\u00e9s de lumi\u00e8re UV, de temp\u00e9rature et d'humidit\u00e9.<\/span><\/p>","protected":false},"featured_media":1724,"comment_status":"open","ping_status":"closed","template":"","meta":[],"product_brand":[],"product_cat":[40],"product_tag":[],"class_list":{"0":"post-1844","1":"product","2":"type-product","3":"status-publish","4":"has-post-thumbnail","6":"product_cat-uv-accelerated-weathering-tester","8":"first","9":"instock","10":"shipping-taxable","11":"product-type-simple"},"yoast_head":"<!-- This site is optimized with the Yoast SEO plugin v26.0 - https:\/\/yoast.com\/wordpress\/plugins\/seo\/ -->\n<title>UV Aging Test Chamber - GAAT<\/title>\n<meta name=\"description\" content=\"UV Aging Test Chamber of high quality. We provide fast delivery, reasonable price and after-sales service. Welcome to contact us!\" \/>\n<meta name=\"robots\" content=\"index, follow, max-snippet:-1, max-image-preview:large, max-video-preview:-1\" \/>\n<link rel=\"canonical\" href=\"https:\/\/gaattestequipment.com\/fr\/manufacturer\/uv-aging-test-chamber\/\" \/>\n<meta property=\"og:locale\" content=\"fr_FR\" \/>\n<meta property=\"og:type\" content=\"article\" \/>\n<meta property=\"og:title\" content=\"UV Aging Test Chamber - GAAT\" \/>\n<meta property=\"og:description\" content=\"UV Aging Test Chamber of high quality. We provide fast delivery, reasonable price and after-sales service. Welcome to contact us!\" \/>\n<meta property=\"og:url\" content=\"https:\/\/gaattestequipment.com\/fr\/manufacturer\/uv-aging-test-chamber\/\" \/>\n<meta property=\"og:site_name\" content=\"GAAT\" \/>\n<meta property=\"article:modified_time\" content=\"2025-01-17T06:51:17+00:00\" \/>\n<meta property=\"og:image\" content=\"https:\/\/gaattestequipment.com\/wp-content\/uploads\/2024\/11\/UV-accelerated-weathering-tester.png\" \/>\n\t<meta property=\"og:image:width\" content=\"800\" \/>\n\t<meta property=\"og:image:height\" content=\"800\" \/>\n\t<meta property=\"og:image:type\" content=\"image\/png\" \/>\n<meta name=\"twitter:card\" content=\"summary_large_image\" \/>\n<meta name=\"twitter:label1\" content=\"Dur\u00e9e de lecture estim\u00e9e\" \/>\n\t<meta name=\"twitter:data1\" content=\"1 minute\" \/>\n<script type=\"application\/ld+json\" class=\"yoast-schema-graph\">{\"@context\":\"https:\/\/schema.org\",\"@graph\":[{\"@type\":\"WebPage\",\"@id\":\"https:\/\/gaattestequipment.com\/ar\/manufacturer\/uv-aging-test-chamber\/\",\"url\":\"https:\/\/gaattestequipment.com\/ar\/manufacturer\/uv-aging-test-chamber\/\",\"name\":\"UV Aging Test Chamber - GAAT\",\"isPartOf\":{\"@id\":\"https:\/\/mistyrose-dunlin-619425.hostingersite.com\/#website\"},\"primaryImageOfPage\":{\"@id\":\"https:\/\/gaattestequipment.com\/ar\/manufacturer\/uv-aging-test-chamber\/#primaryimage\"},\"image\":{\"@id\":\"https:\/\/gaattestequipment.com\/ar\/manufacturer\/uv-aging-test-chamber\/#primaryimage\"},\"thumbnailUrl\":\"https:\/\/gaattestequipment.com\/wp-content\/uploads\/2024\/11\/UV-accelerated-weathering-tester.png\",\"datePublished\":\"2024-11-13T02:47:08+00:00\",\"dateModified\":\"2025-01-17T06:51:17+00:00\",\"description\":\"UV Aging Test Chamber of high quality. We provide fast delivery, reasonable price and after-sales service. Welcome to contact us!\",\"breadcrumb\":{\"@id\":\"https:\/\/gaattestequipment.com\/ar\/manufacturer\/uv-aging-test-chamber\/#breadcrumb\"},\"inLanguage\":\"fr-FR\",\"potentialAction\":[{\"@type\":\"ReadAction\",\"target\":[\"https:\/\/gaattestequipment.com\/ar\/manufacturer\/uv-aging-test-chamber\/\"]}]},{\"@type\":\"ImageObject\",\"inLanguage\":\"fr-FR\",\"@id\":\"https:\/\/gaattestequipment.com\/ar\/manufacturer\/uv-aging-test-chamber\/#primaryimage\",\"url\":\"https:\/\/gaattestequipment.com\/wp-content\/uploads\/2024\/11\/UV-accelerated-weathering-tester.png\",\"contentUrl\":\"https:\/\/gaattestequipment.com\/wp-content\/uploads\/2024\/11\/UV-accelerated-weathering-tester.png\",\"width\":800,\"height\":800},{\"@type\":\"BreadcrumbList\",\"@id\":\"https:\/\/gaattestequipment.com\/ar\/manufacturer\/uv-aging-test-chamber\/#breadcrumb\",\"itemListElement\":[{\"@type\":\"ListItem\",\"position\":1,\"name\":\"Home\",\"item\":\"https:\/\/mistyrose-dunlin-619425.hostingersite.com\/\"},{\"@type\":\"ListItem\",\"position\":2,\"name\":\"Products\",\"item\":\"https:\/\/gaattestequipment.com\/shop\/\"},{\"@type\":\"ListItem\",\"position\":3,\"name\":\"UV Aging Test Chamber\"}]},{\"@type\":\"WebSite\",\"@id\":\"https:\/\/mistyrose-dunlin-619425.hostingersite.com\/#website\",\"url\":\"https:\/\/mistyrose-dunlin-619425.hostingersite.com\/\",\"name\":\"GAAT\",\"description\":\"Manufacturer of environmental and reliability testing instruments\",\"potentialAction\":[{\"@type\":\"SearchAction\",\"target\":{\"@type\":\"EntryPoint\",\"urlTemplate\":\"https:\/\/mistyrose-dunlin-619425.hostingersite.com\/?s={search_term_string}\"},\"query-input\":{\"@type\":\"PropertyValueSpecification\",\"valueRequired\":true,\"valueName\":\"search_term_string\"}}],\"inLanguage\":\"fr-FR\"}]}<\/script>\n<!-- \/ Yoast SEO plugin. -->","yoast_head_json":{"title":"Chambre de test de vieillissement UV - GAAT","description":"Chambre de test de vieillissement UV de haute qualit\u00e9. Nous fournissons une livraison rapide, un prix raisonnable et un service apr\u00e8s-vente. N'h\u00e9sitez pas \u00e0 nous contacter !","robots":{"index":"index","follow":"follow","max-snippet":"max-snippet:-1","max-image-preview":"max-image-preview:large","max-video-preview":"max-video-preview:-1"},"canonical":"https:\/\/gaattestequipment.com\/fr\/manufacturer\/uv-aging-test-chamber\/","og_locale":"fr_FR","og_type":"article","og_title":"UV Aging Test Chamber - GAAT","og_description":"UV Aging Test Chamber of high quality. We provide fast delivery, reasonable price and after-sales service. Welcome to contact us!","og_url":"https:\/\/gaattestequipment.com\/fr\/manufacturer\/uv-aging-test-chamber\/","og_site_name":"GAAT","article_modified_time":"2025-01-17T06:51:17+00:00","og_image":[{"width":800,"height":800,"url":"https:\/\/gaattestequipment.com\/wp-content\/uploads\/2024\/11\/UV-accelerated-weathering-tester.png","type":"image\/png"}],"twitter_card":"summary_large_image","twitter_misc":{"Dur\u00e9e de lecture estim\u00e9e":"1 minute"},"schema":{"@context":"https:\/\/schema.org","@graph":[{"@type":"WebPage","@id":"https:\/\/gaattestequipment.com\/ar\/manufacturer\/uv-aging-test-chamber\/","url":"https:\/\/gaattestequipment.com\/ar\/manufacturer\/uv-aging-test-chamber\/","name":"Chambre de test de vieillissement UV - GAAT","isPartOf":{"@id":"https:\/\/mistyrose-dunlin-619425.hostingersite.com\/#website"},"primaryImageOfPage":{"@id":"https:\/\/gaattestequipment.com\/ar\/manufacturer\/uv-aging-test-chamber\/#primaryimage"},"image":{"@id":"https:\/\/gaattestequipment.com\/ar\/manufacturer\/uv-aging-test-chamber\/#primaryimage"},"thumbnailUrl":"https:\/\/gaattestequipment.com\/wp-content\/uploads\/2024\/11\/UV-accelerated-weathering-tester.png","datePublished":"2024-11-13T02:47:08+00:00","dateModified":"2025-01-17T06:51:17+00:00","description":"Chambre de test de vieillissement UV de haute qualit\u00e9. Nous fournissons une livraison rapide, un prix raisonnable et un service apr\u00e8s-vente. N'h\u00e9sitez pas \u00e0 nous contacter !","breadcrumb":{"@id":"https:\/\/gaattestequipment.com\/ar\/manufacturer\/uv-aging-test-chamber\/#breadcrumb"},"inLanguage":"fr-FR","potentialAction":[{"@type":"ReadAction","target":["https:\/\/gaattestequipment.com\/ar\/manufacturer\/uv-aging-test-chamber\/"]}]},{"@type":"ImageObject","inLanguage":"fr-FR","@id":"https:\/\/gaattestequipment.com\/ar\/manufacturer\/uv-aging-test-chamber\/#primaryimage","url":"https:\/\/gaattestequipment.com\/wp-content\/uploads\/2024\/11\/UV-accelerated-weathering-tester.png","contentUrl":"https:\/\/gaattestequipment.com\/wp-content\/uploads\/2024\/11\/UV-accelerated-weathering-tester.png","width":800,"height":800},{"@type":"BreadcrumbList","@id":"https:\/\/gaattestequipment.com\/ar\/manufacturer\/uv-aging-test-chamber\/#breadcrumb","itemListElement":[{"@type":"ListItem","position":1,"name":"Home","item":"https:\/\/mistyrose-dunlin-619425.hostingersite.com\/"},{"@type":"ListItem","position":2,"name":"Products","item":"https:\/\/gaattestequipment.com\/shop\/"},{"@type":"ListItem","position":3,"name":"UV Aging Test Chamber"}]},{"@type":"WebSite","@id":"https:\/\/mistyrose-dunlin-619425.hostingersite.com\/#website","url":"https:\/\/mistyrose-dunlin-619425.hostingersite.com\/","name":"GAAT","description":"Fabricant d'instruments d'essais environnementaux et de fiabilit\u00e9","potentialAction":[{"@type":"SearchAction","target":{"@type":"EntryPoint","urlTemplate":"https:\/\/mistyrose-dunlin-619425.hostingersite.com\/?s={search_term_string}"},"query-input":{"@type":"PropertyValueSpecification","valueRequired":true,"valueName":"search_term_string"}}],"inLanguage":"fr-FR"}]}},"_links":{"self":[{"href":"https:\/\/gaattestequipment.com\/fr\/wp-json\/wp\/v2\/product\/1844","targetHints":{"allow":["GET"]}}],"collection":[{"href":"https:\/\/gaattestequipment.com\/fr\/wp-json\/wp\/v2\/product"}],"about":[{"href":"https:\/\/gaattestequipment.com\/fr\/wp-json\/wp\/v2\/types\/product"}],"replies":[{"embeddable":true,"href":"https:\/\/gaattestequipment.com\/fr\/wp-json\/wp\/v2\/comments?post=1844"}],"wp:featuredmedia":[{"embeddable":true,"href":"https:\/\/gaattestequipment.com\/fr\/wp-json\/wp\/v2\/media\/1724"}],"wp:attachment":[{"href":"https:\/\/gaattestequipment.com\/fr\/wp-json\/wp\/v2\/media?parent=1844"}],"wp:term":[{"taxonomy":"product_brand","embeddable":true,"href":"https:\/\/gaattestequipment.com\/fr\/wp-json\/wp\/v2\/product_brand?post=1844"},{"taxonomy":"product_cat","embeddable":true,"href":"https:\/\/gaattestequipment.com\/fr\/wp-json\/wp\/v2\/product_cat?post=1844"},{"taxonomy":"product_tag","embeddable":true,"href":"https:\/\/gaattestequipment.com\/fr\/wp-json\/wp\/v2\/product_tag?post=1844"}],"curies":[{"name":"wp","href":"https:\/\/api.w.org\/{rel}","templated":true}]}}