{"id":1827,"date":"2024-11-12T14:13:16","date_gmt":"2024-11-12T14:13:16","guid":{"rendered":"https:\/\/gaattestequipment.com\/?post_type=product&#038;p=1827"},"modified":"2025-01-17T07:01:21","modified_gmt":"2025-01-17T07:01:21","slug":"thermal-shock-test-chamber-damper-type","status":"publish","type":"product","link":"https:\/\/gaattestequipment.com\/fr\/manufacturer\/thermal-shock-test-chamber-damper-type\/","title":{"rendered":"Chambre de choc thermique Type d'amortisseur"},"content":{"rendered":"<p><span style=\"font-size: 90%;\"><em><span style=\"color: #282828;\">Chambre d'essais pour chocs thermiques D\u00e9tails&gt;&gt;&gt;<\/span><\/em><\/span><\/p>\n<h3><span style=\"color: #282828;\"><strong><b class=\"lazyloaded\">Application de la chambre d'essai pour chocs thermiques :<\/b><\/strong><\/span><\/h3>\n<ol>\n<li><span style=\"color: #282828;\">\u00c9lectronique : Test de fiabilit\u00e9 des composants.<\/span><\/li>\n<\/ol>\n<p><span style=\"color: #282828;\">2. Automobile : \u00c9valuation des performances des pi\u00e8ces.<\/span><\/p>\n<p><span style=\"color: #282828;\">3. A\u00e9rospatiale : Simulation de conditions environnementales extr\u00eames.<\/span><\/p>\n<p><span style=\"color: #282828;\">4. Les mat\u00e9riaux : \u00c9valuation de la durabilit\u00e9 des mat\u00e9riaux.<\/span><\/p>\n<p><span style=\"color: #282828;\">5. T\u00e9l\u00e9communications : Assurer la stabilit\u00e9 des \u00e9quipements.<\/span><\/p>\n<div class=\"is-divider divider clearfix\" style=\"max-width:medium;\"><\/div>\n\t<div id=\"gap-97881584\" class=\"gap-element clearfix\" style=\"display:block; height:auto;\">\n\t\t\n<style>\n#gap-97881584 {\n  padding-top: 15px;\n}\n<\/style>\n\t<\/div>\n\t\n<h3><span style=\"color: #282828;\"><strong><b>Caract\u00e9ristiques<\/b><\/strong><\/span><span style=\"color: #282828;\"><strong><b>:<\/b><\/strong><\/span><\/h3>\n<ul>\n<li><span style=\"color: #282828;\">Choc thermique sans d\u00e9placement de l'\u00e9chantillon<\/span><\/li>\n<li><span style=\"color: #282828;\">R\u00e9cup\u00e9ration rapide de la temp\u00e9rature<\/span><\/li>\n<li><span style=\"color: #282828;\">Distribution uniforme de la temp\u00e9rature<\/span><\/li>\n<li><span style=\"color: #282828;\">R\u00e9glage automatique du pr\u00e9chauffage et du pr\u00e9refroidissement en mode \u00e9conomie d'\u00e9nergie<\/span><\/li>\n<\/ul>\n<div class=\"is-divider divider clearfix\" style=\"max-width:medium;\"><\/div>\n\t<div id=\"gap-1774893539\" class=\"gap-element clearfix\" style=\"display:block; height:auto;\">\n\t\t\n<style>\n#gap-1774893539 {\n  padding-top: 15px;\n}\n<\/style>\n\t<\/div>\n\t\n<h4><span style=\"color: #282828; font-size: 110%;\"><strong><b>Normes d'essai applicables :<\/b><\/strong><\/span><\/h4>\n<p><span style=\"color: #282828;\">IEC 60068-2-1 : 2007, IEC 60068-2-2 : 2007, IEC 60068-2-14 : 2009, EIAJ ED-2531B : 2004, JASO D 014-4 : 2014, MIL-STD-883H : 2010, MIL-STD-202G : 2002, GB\/T 2423.1 : 2008, GB\/T 2423.2 : 2008, GB\/T 2423.22 : 2012, GB\/T 2424.13 : 2002, GJB 360B : 2009, GJB 150.5A : 2009.<\/span><\/p>\n<div class=\"is-divider divider clearfix\" style=\"max-width:medium;\"><\/div>\n\t<div id=\"text-174196237\" class=\"text show-for-small\">\n\t\t\n<h4><span style=\"color: #282828; font-size: 105%;\"><strong><b>Sp\u00e9cification :<\/b><\/strong><strong><b>\u00a0<\/b><\/strong><\/span><\/h4>\n\n<table id=\"tablepress-22\" class=\"tablepress tablepress-id-22 tbody-has-connected-cells\">\n<tbody class=\"row-striping row-hover\">\n<tr class=\"row-1\">\n\t<td class=\"column-1\">Mod\u00e8le (Type d'ascenseur - 2 zones)<\/td><td colspan=\"2\" class=\"column-2\">SZ-I-42(A\uff5eC)\u3001SZ-I-80(A\uff5eC)\u3001SZ-I-150(A\uff5eC)\u3001SZ-I-300(A\uff5eC)\u3001SZ-I-512(A\uff5eC)<\/td>\n<\/tr>\n<tr class=\"row-2\">\n\t<td class=\"column-1\">Dimension int\u00e9rieure WxHxD (mm)<\/td><td colspan=\"2\" class=\"column-2\">400x350x300\u3001500x400x400\u3001 600x500x500\u3001 800x560x610\u3001 800x800x800<\/td>\n<\/tr>\n<tr class=\"row-3\">\n\t<td class=\"column-1\">Plage d'exposition \u00e0 la temp\u00e9rature<\/td><td colspan=\"2\" class=\"column-2\">Plage de choc \u00e0 haute temp\u00e9rature : +60\u2103~+150\u2103 ;<br \/>\nPlage de choc \u00e0 basse temp\u00e9rature : 0\u2103~-65\u2103 (A : -45\u2103 ; B : -55\u2103 ; C : -65\u2103).<\/td>\n<\/tr>\n<tr class=\"row-4\">\n\t<td class=\"column-1\">Zone de haute temp\u00e9rature<\/td><td colspan=\"2\" class=\"column-2\">Chauffage : RT\u2192+200\u2103\u226440min.<\/td>\n<\/tr>\n<tr class=\"row-5\">\n\t<td class=\"column-1\">Zone de basse temp\u00e9rature<\/td><td colspan=\"2\" class=\"column-2\">Refroidissement : RT\u2192-75\u2103\u226470min.<\/td>\n<\/tr>\n<tr class=\"row-6\">\n\t<td class=\"column-1\">Performance en mati\u00e8re de temp\u00e9rature<\/td><td colspan=\"2\" class=\"column-2\">Temps de r\u00e9cup\u00e9ration de la temp\u00e9rature dans la zone d'essai \u2264 3 ou 5 min<br \/>\nFluctuation de la temp\u00e9rature : \u2264\u00b11\u2103<br \/>\n\u00c9cart de temp\u00e9rature : \u2264\u00b12\u2103<\/td>\n<\/tr>\n<tr class=\"row-7\">\n\t<td class=\"column-1\">Les dispositifs de s\u00e9curit\u00e9<\/td><td colspan=\"2\" class=\"column-2\">protection contre la surchauffe du compresseur, la surintensit\u00e9 et la surpression, protection contre la surchauffe du ventilateur de condensation, protection contre la surchauffe de la chambre, surchauffe du moteur du ventilateur, protection contre la surcharge, protection contre la surchauffe du chauffage, protection contre les courts-circuits, protection contre la perte de phase de la s\u00e9quence de puissance, protection contre les fuites \u00e0 la terre, protection contre les surcharges et les courts-circuits des circuits.<\/td>\n<\/tr>\n<\/tbody>\n<\/table>\n<!-- #tablepress-22 from cache -->\n\t\t\t<\/div>\n\t\n\t<div id=\"gap-1731549516\" class=\"gap-element clearfix\" style=\"display:block; height:auto;\">\n\t\t\n<style>\n#gap-1731549516 {\n  padding-top: 15px;\n}\n<\/style>\n\t<\/div>\n\t\n\t<div id=\"text-453842323\" class=\"text hide-for-small\">\n\t\t\n<h4><span style=\"color: #282828; font-size: 110%;\"><strong><b>Sp\u00e9cification :<\/b><\/strong><strong><b>\u00a0<\/b><\/strong><\/span><\/h4>\n\n<table id=\"tablepress-8\" class=\"tablepress tablepress-id-8 tbody-has-connected-cells\">\n<tbody class=\"row-striping row-hover\">\n<tr class=\"row-1\">\n\t<td class=\"column-1\">Mod\u00e8le (Type d'ascenseur - 2 zones)<\/td><td class=\"column-2\">SZ-I-42(A\uff5eC)\t<\/td><td class=\"column-3\">SZ-I-80(A\uff5eC)\t<\/td><td class=\"column-4\">SZ-I-150(A\uff5eC)\t<\/td><td class=\"column-5\">SZ-I-300(A\uff5eC)\t<\/td><td class=\"column-6\">SZ-I-512(A\uff5eC)<br \/>\n<\/td>\n<\/tr>\n<tr class=\"row-2\">\n\t<td class=\"column-1\">Dimension int\u00e9rieure WxHxD (mm)\t<\/td><td class=\"column-2\">400x350x300\t<\/td><td class=\"column-3\">500x400x400<\/td><td class=\"column-4\">600x500x500<\/td><td class=\"column-5\">800x560x610<\/td><td class=\"column-6\">800x800x800<\/td>\n<\/tr>\n<tr class=\"row-3\">\n\t<td class=\"column-1\">Plage d'exposition \u00e0 la temp\u00e9rature\t<\/td><td colspan=\"5\" class=\"column-2\">Plage de choc \u00e0 haute temp\u00e9rature : +60\u2103~+150\u2103 ;<br \/>\nPlage de choc \u00e0 basse temp\u00e9rature : 0\u2103~-65\u2103 (A : -45\u2103 ; B : -55\u2103 ; C : -65\u2103).<\/td>\n<\/tr>\n<tr class=\"row-4\">\n\t<td class=\"column-1\">Zone de haute temp\u00e9rature\t<\/td><td colspan=\"5\" class=\"column-2\">Chauffage : RT\u2192+200\u2103\u226440min.<br \/>\n<\/td>\n<\/tr>\n<tr class=\"row-5\">\n\t<td class=\"column-1\">Zone de basse temp\u00e9rature\t<\/td><td colspan=\"5\" class=\"column-2\">Refroidissement : RT\u2192-75\u2103\u226470min.<br \/>\n<\/td>\n<\/tr>\n<tr class=\"row-6\">\n\t<td class=\"column-1\">Performance en mati\u00e8re de temp\u00e9rature\t<\/td><td colspan=\"5\" class=\"column-2\">Temps de r\u00e9cup\u00e9ration de la temp\u00e9rature dans la zone d'essai \u2264 3 ou 5 min<br \/>\nFluctuation de la temp\u00e9rature : \u2264\u00b11\u2103<br \/>\n<br \/>\n\u00c9cart de temp\u00e9rature : \u2264\u00b12\u2103<\/td>\n<\/tr>\n<tr class=\"row-7\">\n\t<td class=\"column-1\">Les dispositifs de s\u00e9curit\u00e9\t<\/td><td colspan=\"5\" class=\"column-2\">protection contre la surchauffe du compresseur, la surintensit\u00e9 et la surpression, protection contre la surchauffe du ventilateur de condensation, protection contre la surchauffe de la chambre, surchauffe du moteur du ventilateur, protection contre la surcharge, protection contre la surchauffe du chauffage, protection contre les courts-circuits, protection contre la perte de phase de la s\u00e9quence de puissance, protection contre les fuites \u00e0 la terre, protection contre les surcharges et les courts-circuits des circuits.<\/td>\n<\/tr>\n<\/tbody>\n<\/table>\n<!-- #tablepress-8 from cache -->\n\t\t\t<\/div>\n\t\n\t<div id=\"gap-146495849\" class=\"gap-element clearfix\" style=\"display:block; height:auto;\">\n\t\t\n<style>\n#gap-146495849 {\n  padding-top: 20px;\n}\n<\/style>\n\t<\/div>\n\t\n<h4 style=\"text-align: center;\"><span style=\"color: #282828; font-size: 110%;\">Obtenir un devis<\/span><\/h4>\n\n<div class=\"wpcf7 no-js\" id=\"wpcf7-f280-o1\" lang=\"en-US\" dir=\"ltr\" data-wpcf7-id=\"280\">\n<div class=\"screen-reader-response\"><p role=\"status\" aria-live=\"polite\" aria-atomic=\"true\"><\/p> <ul><\/ul><\/div>\n<form action=\"\/fr\/wp-json\/wp\/v2\/product\/1827#wpcf7-f280-o1\" method=\"post\" class=\"wpcf7-form init\" aria-label=\"Contact form\" novalidate=\"novalidate\" data-status=\"init\" data-trp-original-action=\"\/fr\/wp-json\/wp\/v2\/product\/1827#wpcf7-f280-o1\">\n<fieldset class=\"hidden-fields-container\"><input type=\"hidden\" name=\"_wpcf7\" value=\"280\" \/><input type=\"hidden\" name=\"_wpcf7_version\" value=\"6.1.2\" \/><input type=\"hidden\" name=\"_wpcf7_locale\" value=\"en_US\" \/><input type=\"hidden\" name=\"_wpcf7_unit_tag\" value=\"wpcf7-f280-o1\" \/><input type=\"hidden\" name=\"_wpcf7_container_post\" value=\"0\" \/><input type=\"hidden\" name=\"_wpcf7_posted_data_hash\" value=\"\" \/>\n<\/fieldset>\n<div class='custom_contact_style'>\n\t<div class=\"row row-small\">\n\t\t<div class=\"col medium-6 small-12 large-6\">\n\t\t\t<div class=\"col-inner\">\n\t\t\t\t<p><span class=\"wpcf7-form-control-wrap\" data-name=\"your-name\"><input size=\"40\" maxlength=\"400\" class=\"wpcf7-form-control wpcf7-text wpcf7-validates-as-required\" aria-required=\"true\" aria-invalid=\"false\" placeholder=\"Nom*\" value=\"\" type=\"text\" name=\"your-name\" \/><\/span>\n\t\t\t\t<\/p>\n\t\t\t<\/div>\n\t\t<\/div>\n\t\t<div class=\"col medium-6 small-12 large-6\">\n\t\t\t<div class=\"col-inner\">\n\t\t\t\t<p><span class=\"wpcf7-form-control-wrap\" data-name=\"your-email\"><input size=\"40\" maxlength=\"400\" class=\"wpcf7-form-control wpcf7-email wpcf7-validates-as-required wpcf7-text wpcf7-validates-as-email\" aria-required=\"true\" aria-invalid=\"false\" placeholder=\"Courriel*\" value=\"\" type=\"email\" name=\"your-email\" \/><\/span>\n\t\t\t\t<\/p>\n\t\t\t<\/div>\n\t\t<\/div>\n\t<\/div>\n\t<div class='cus_contact_form_bottom'>\n\t\t<p><span class=\"wpcf7-form-control-wrap\" data-name=\"your-phone\"><input size=\"40\" maxlength=\"400\" class=\"wpcf7-form-control wpcf7-text\" aria-invalid=\"false\" placeholder=\"T\u00e9l\u00e9phone\" value=\"\" type=\"text\" name=\"your-phone\" \/><\/span>\n\t\t<\/p>\n\t<\/div>\n\t<div class='cus_contact_form_bottom'>\n\t\t<p><span class=\"wpcf7-form-control-wrap\" data-name=\"your-country\"><input size=\"40\" maxlength=\"400\" class=\"wpcf7-form-control wpcf7-text\" aria-invalid=\"false\" placeholder=\"Pays\" value=\"\" type=\"text\" name=\"your-country\" \/><\/span>\n\t\t<\/p>\n\t<\/div>\n\t<p><span class=\"wpcf7-form-control-wrap\" data-name=\"your-message\"><textarea cols=\"40\" rows=\"10\" maxlength=\"2000\" class=\"wpcf7-form-control wpcf7-textarea wpcf7-validates-as-required\" aria-required=\"true\" aria-invalid=\"false\" placeholder=\"Votre message *\" name=\"your-message\"><\/textarea><\/span>\n\t<\/p>\n\t<div style=\"margin-bottom:10px;\">\n\t\t<p><span class=\"wpcf7-form-control-wrap kc_captcha cf7ic-toggle\" data-name=\"kc_captcha\"><span class=\"wpcf7-form-control wpcf7-radio\"><span class=\"captcha-image\" style=\"display: none;\"><span class=\"cf7ic_instructions\">Please prove you are human by selecting the<span> flag<\/span>.<\/span><label><input aria-label=\"1\" type=\"radio\" name=\"kc_captcha\" value=\"kc_human\" \/><svg aria-hidden=\"true\" role=\"img\" xmlns=\"http:\/\/www.w3.org\/2000\/svg\" viewbox=\"0 0 512 512\"><path fill=\"currentColor\" d=\"M350 99c-54 0-98-35-166-35-25 0-47 4-68 12a56 56 0 004-24C118 24 95 1 66 0a56 56 0 00-34 102v386c0 13 11 24 24 24h16c13 0 24-11 24-24v-94c28-12 64-23 114-23 54 0 98 35 166 35 48 0 86-16 122-41 9-6 14-15 14-26V96c0-23-24-39-45-29-35 16-77 32-117 32z\"\/><\/svg><\/label><label><input aria-label=\"2\" type=\"radio\" name=\"kc_captcha\" value=\"bot\" \/><svg aria-hidden=\"true\" role=\"img\" xmlns=\"http:\/\/www.w3.org\/2000\/svg\" viewbox=\"0 0 512 512\"><path fill=\"currentColor\" d=\"M512 176a176 176 0 01-209 173l-24 27a24 24 0 01-18 8h-37v40c0 13-11 24-24 24h-40v40c0 13-11 24-24 24H24c-13 0-24-11-24-24v-78c0-6 3-13 7-17l162-162a176 176 0 11343-55zm-176-48a48 48 0 1096 0 48 48 0 00-96 0z\"\/><\/svg><\/label><label><input aria-label=\"3\" type=\"radio\" name=\"kc_captcha\" value=\"bot\" \/><svg aria-hidden=\"true\" role=\"img\" xmlns=\"http:\/\/www.w3.org\/2000\/svg\" viewbox=\"0 0 640 512\"><path fill=\"currentColor\" d=\"M624 352h-16V244c0-13-5-25-14-34L494 110c-9-9-21-14-34-14h-44V48c0-26-21-48-48-48H48C22 0 0 22 0 48v320c0 27 22 48 48 48h16a96 96 0 00192 0h128a96 96 0 00192 0h48c9 0 16-7 16-16v-32c0-9-7-16-16-16zM160 464a48 48 0 110-96 48 48 0 010 96zm320 0a48 48 0 110-96 48 48 0 010 96zm80-208H416V144h44l100 100v12z\"\/><\/svg><\/label>\r\n    <\/span>\r\n    <span style=\"display:none\">\r\n        <input type=\"text\" name=\"kc_honeypot\">\r\n    <\/span><\/span><\/span>\n\t\t<\/p>\n\t<\/div>\n\t<p><input class=\"wpcf7-form-control wpcf7-submit has-spinner\" type=\"submit\" value=\"Envoyer un message\" \/>\n\t<\/p>\n<\/div><div class=\"wpcf7-response-output\" aria-hidden=\"true\"><\/div>\n<input type=\"hidden\" name=\"trp-form-language\" value=\"fr\"\/><\/form>\n<\/div>\n\n\t<div id=\"gap-1587798770\" class=\"gap-element clearfix\" style=\"display:block; height:auto;\">\n\t\t\n<style>\n#gap-1587798770 {\n  padding-top: 30px;\n}\n<\/style>\n\t<\/div>\n\t\n<p><a href=\"https:\/\/gaattestequipment.com\/fr\/\"><em><span style=\"color: #282828;\">Retour \u00e0 l'accueil&gt;&gt;&gt;<\/span><\/em><\/a><\/p>","protected":false},"excerpt":{"rendered":"<p><span style=\"color: #282828;\">Chambre d'essai de choc thermique (de type amortisseur) - La zone d'essai fixe est con\u00e7ue avec trois sections distinctes : la zone d'essai, la zone de stockage de pr\u00e9chauffage et la zone de stockage de pr\u00e9refroidissement. Dans cette configuration, l'\u00e9chantillon est plac\u00e9 dans la zone d'essai, o\u00f9 il est soumis \u00e0 un choc thermique rapide sans bouger physiquement. Ces changements de temp\u00e9rature sont obtenus par la circulation d'air chaud et d'air froid provenant des zones de stockage de pr\u00e9chauffage et de pr\u00e9refroidissement respectives par l'interm\u00e9diaire de commandes de clapets, ce qui simule efficacement les conditions de choc thermique.<\/span><\/p>","protected":false},"featured_media":1828,"comment_status":"open","ping_status":"closed","template":"","meta":[],"product_brand":[],"product_cat":[37],"product_tag":[],"class_list":{"0":"post-1827","1":"product","2":"type-product","3":"status-publish","4":"has-post-thumbnail","6":"product_cat-thermal-shock-chamber","8":"first","9":"instock","10":"shipping-taxable","11":"product-type-simple"},"yoast_head":"<!-- This site is optimized with the Yoast SEO plugin v26.0 - https:\/\/yoast.com\/wordpress\/plugins\/seo\/ -->\n<title>Thermal Shock Test Chamber | Damper Type<\/title>\n<meta name=\"description\" content=\"Thermal shock test chamber of high quality. We support sample for test and fast delivery. Offer free after-sales service and two year warranty.\" \/>\n<meta name=\"robots\" content=\"index, follow, max-snippet:-1, max-image-preview:large, max-video-preview:-1\" \/>\n<link rel=\"canonical\" href=\"https:\/\/gaattestequipment.com\/fr\/manufacturer\/thermal-shock-test-chamber-damper-type\/\" \/>\n<meta property=\"og:locale\" content=\"fr_FR\" \/>\n<meta property=\"og:type\" content=\"article\" \/>\n<meta property=\"og:title\" content=\"Thermal Shock Test Chamber | Damper Type\" \/>\n<meta property=\"og:description\" content=\"Thermal shock test chamber of high quality. We support sample for test and fast delivery. Offer free after-sales service and two year warranty.\" \/>\n<meta property=\"og:url\" content=\"https:\/\/gaattestequipment.com\/fr\/manufacturer\/thermal-shock-test-chamber-damper-type\/\" \/>\n<meta property=\"og:site_name\" content=\"GAAT\" \/>\n<meta property=\"article:modified_time\" content=\"2025-01-17T07:01:21+00:00\" \/>\n<meta property=\"og:image\" content=\"https:\/\/gaattestequipment.com\/wp-content\/uploads\/2024\/11\/Thermal-Shock-chamber-Damper-Type.png\" \/>\n\t<meta property=\"og:image:width\" content=\"768\" \/>\n\t<meta property=\"og:image:height\" content=\"768\" \/>\n\t<meta property=\"og:image:type\" content=\"image\/png\" \/>\n<meta name=\"twitter:card\" content=\"summary_large_image\" \/>\n<meta name=\"twitter:label1\" content=\"Dur\u00e9e de lecture estim\u00e9e\" \/>\n\t<meta name=\"twitter:data1\" content=\"1 minute\" \/>\n<script type=\"application\/ld+json\" class=\"yoast-schema-graph\">{\"@context\":\"https:\/\/schema.org\",\"@graph\":[{\"@type\":\"WebPage\",\"@id\":\"https:\/\/gaattestequipment.com\/zh\/manufacturer\/thermal-shock-test-chamber-damper-type\/\",\"url\":\"https:\/\/gaattestequipment.com\/zh\/manufacturer\/thermal-shock-test-chamber-damper-type\/\",\"name\":\"Thermal Shock Test Chamber | Damper Type\",\"isPartOf\":{\"@id\":\"https:\/\/mistyrose-dunlin-619425.hostingersite.com\/#website\"},\"primaryImageOfPage\":{\"@id\":\"https:\/\/gaattestequipment.com\/zh\/manufacturer\/thermal-shock-test-chamber-damper-type\/#primaryimage\"},\"image\":{\"@id\":\"https:\/\/gaattestequipment.com\/zh\/manufacturer\/thermal-shock-test-chamber-damper-type\/#primaryimage\"},\"thumbnailUrl\":\"https:\/\/gaattestequipment.com\/wp-content\/uploads\/2024\/11\/Thermal-Shock-chamber-Damper-Type.png\",\"datePublished\":\"2024-11-12T14:13:16+00:00\",\"dateModified\":\"2025-01-17T07:01:21+00:00\",\"description\":\"Thermal shock test chamber of high quality. We support sample for test and fast delivery. Offer free after-sales service and two year warranty.\",\"breadcrumb\":{\"@id\":\"https:\/\/gaattestequipment.com\/zh\/manufacturer\/thermal-shock-test-chamber-damper-type\/#breadcrumb\"},\"inLanguage\":\"fr-FR\",\"potentialAction\":[{\"@type\":\"ReadAction\",\"target\":[\"https:\/\/gaattestequipment.com\/zh\/manufacturer\/thermal-shock-test-chamber-damper-type\/\"]}]},{\"@type\":\"ImageObject\",\"inLanguage\":\"fr-FR\",\"@id\":\"https:\/\/gaattestequipment.com\/zh\/manufacturer\/thermal-shock-test-chamber-damper-type\/#primaryimage\",\"url\":\"https:\/\/gaattestequipment.com\/wp-content\/uploads\/2024\/11\/Thermal-Shock-chamber-Damper-Type.png\",\"contentUrl\":\"https:\/\/gaattestequipment.com\/wp-content\/uploads\/2024\/11\/Thermal-Shock-chamber-Damper-Type.png\",\"width\":768,\"height\":768,\"caption\":\"thermal shock chamber\"},{\"@type\":\"BreadcrumbList\",\"@id\":\"https:\/\/gaattestequipment.com\/zh\/manufacturer\/thermal-shock-test-chamber-damper-type\/#breadcrumb\",\"itemListElement\":[{\"@type\":\"ListItem\",\"position\":1,\"name\":\"Home\",\"item\":\"https:\/\/mistyrose-dunlin-619425.hostingersite.com\/\"},{\"@type\":\"ListItem\",\"position\":2,\"name\":\"Products\",\"item\":\"https:\/\/gaattestequipment.com\/shop\/\"},{\"@type\":\"ListItem\",\"position\":3,\"name\":\"Thermal Shock Chamber Damper Type\"}]},{\"@type\":\"WebSite\",\"@id\":\"https:\/\/mistyrose-dunlin-619425.hostingersite.com\/#website\",\"url\":\"https:\/\/mistyrose-dunlin-619425.hostingersite.com\/\",\"name\":\"GAAT\",\"description\":\"Manufacturer of environmental and reliability testing instruments\",\"potentialAction\":[{\"@type\":\"SearchAction\",\"target\":{\"@type\":\"EntryPoint\",\"urlTemplate\":\"https:\/\/mistyrose-dunlin-619425.hostingersite.com\/?s={search_term_string}\"},\"query-input\":{\"@type\":\"PropertyValueSpecification\",\"valueRequired\":true,\"valueName\":\"search_term_string\"}}],\"inLanguage\":\"fr-FR\"}]}<\/script>\n<!-- \/ Yoast SEO plugin. -->","yoast_head_json":{"title":"Chambre d'essai pour chocs thermiques | Type d'amortisseur","description":"Chambre d'essai de choc thermique de haute qualit\u00e9. Nous proposons des \u00e9chantillons pour les tests et une livraison rapide. Nous offrons un service apr\u00e8s-vente gratuit et une garantie de deux ans.","robots":{"index":"index","follow":"follow","max-snippet":"max-snippet:-1","max-image-preview":"max-image-preview:large","max-video-preview":"max-video-preview:-1"},"canonical":"https:\/\/gaattestequipment.com\/fr\/manufacturer\/thermal-shock-test-chamber-damper-type\/","og_locale":"fr_FR","og_type":"article","og_title":"Thermal Shock Test Chamber | Damper Type","og_description":"Thermal shock test chamber of high quality. We support sample for test and fast delivery. Offer free after-sales service and two year warranty.","og_url":"https:\/\/gaattestequipment.com\/fr\/manufacturer\/thermal-shock-test-chamber-damper-type\/","og_site_name":"GAAT","article_modified_time":"2025-01-17T07:01:21+00:00","og_image":[{"width":768,"height":768,"url":"https:\/\/gaattestequipment.com\/wp-content\/uploads\/2024\/11\/Thermal-Shock-chamber-Damper-Type.png","type":"image\/png"}],"twitter_card":"summary_large_image","twitter_misc":{"Dur\u00e9e de lecture estim\u00e9e":"1 minute"},"schema":{"@context":"https:\/\/schema.org","@graph":[{"@type":"WebPage","@id":"https:\/\/gaattestequipment.com\/zh\/manufacturer\/thermal-shock-test-chamber-damper-type\/","url":"https:\/\/gaattestequipment.com\/zh\/manufacturer\/thermal-shock-test-chamber-damper-type\/","name":"Chambre d'essai pour chocs thermiques | Type d'amortisseur","isPartOf":{"@id":"https:\/\/mistyrose-dunlin-619425.hostingersite.com\/#website"},"primaryImageOfPage":{"@id":"https:\/\/gaattestequipment.com\/zh\/manufacturer\/thermal-shock-test-chamber-damper-type\/#primaryimage"},"image":{"@id":"https:\/\/gaattestequipment.com\/zh\/manufacturer\/thermal-shock-test-chamber-damper-type\/#primaryimage"},"thumbnailUrl":"https:\/\/gaattestequipment.com\/wp-content\/uploads\/2024\/11\/Thermal-Shock-chamber-Damper-Type.png","datePublished":"2024-11-12T14:13:16+00:00","dateModified":"2025-01-17T07:01:21+00:00","description":"Chambre d'essai de choc thermique de haute qualit\u00e9. Nous proposons des \u00e9chantillons pour les tests et une livraison rapide. Nous offrons un service apr\u00e8s-vente gratuit et une garantie de deux ans.","breadcrumb":{"@id":"https:\/\/gaattestequipment.com\/zh\/manufacturer\/thermal-shock-test-chamber-damper-type\/#breadcrumb"},"inLanguage":"fr-FR","potentialAction":[{"@type":"ReadAction","target":["https:\/\/gaattestequipment.com\/zh\/manufacturer\/thermal-shock-test-chamber-damper-type\/"]}]},{"@type":"ImageObject","inLanguage":"fr-FR","@id":"https:\/\/gaattestequipment.com\/zh\/manufacturer\/thermal-shock-test-chamber-damper-type\/#primaryimage","url":"https:\/\/gaattestequipment.com\/wp-content\/uploads\/2024\/11\/Thermal-Shock-chamber-Damper-Type.png","contentUrl":"https:\/\/gaattestequipment.com\/wp-content\/uploads\/2024\/11\/Thermal-Shock-chamber-Damper-Type.png","width":768,"height":768,"caption":"thermal shock chamber"},{"@type":"BreadcrumbList","@id":"https:\/\/gaattestequipment.com\/zh\/manufacturer\/thermal-shock-test-chamber-damper-type\/#breadcrumb","itemListElement":[{"@type":"ListItem","position":1,"name":"Home","item":"https:\/\/mistyrose-dunlin-619425.hostingersite.com\/"},{"@type":"ListItem","position":2,"name":"Products","item":"https:\/\/gaattestequipment.com\/shop\/"},{"@type":"ListItem","position":3,"name":"Thermal Shock Chamber Damper Type"}]},{"@type":"WebSite","@id":"https:\/\/mistyrose-dunlin-619425.hostingersite.com\/#website","url":"https:\/\/mistyrose-dunlin-619425.hostingersite.com\/","name":"GAAT","description":"Fabricant d'instruments d'essais environnementaux et de fiabilit\u00e9","potentialAction":[{"@type":"SearchAction","target":{"@type":"EntryPoint","urlTemplate":"https:\/\/mistyrose-dunlin-619425.hostingersite.com\/?s={search_term_string}"},"query-input":{"@type":"PropertyValueSpecification","valueRequired":true,"valueName":"search_term_string"}}],"inLanguage":"fr-FR"}]}},"_links":{"self":[{"href":"https:\/\/gaattestequipment.com\/fr\/wp-json\/wp\/v2\/product\/1827","targetHints":{"allow":["GET"]}}],"collection":[{"href":"https:\/\/gaattestequipment.com\/fr\/wp-json\/wp\/v2\/product"}],"about":[{"href":"https:\/\/gaattestequipment.com\/fr\/wp-json\/wp\/v2\/types\/product"}],"replies":[{"embeddable":true,"href":"https:\/\/gaattestequipment.com\/fr\/wp-json\/wp\/v2\/comments?post=1827"}],"wp:featuredmedia":[{"embeddable":true,"href":"https:\/\/gaattestequipment.com\/fr\/wp-json\/wp\/v2\/media\/1828"}],"wp:attachment":[{"href":"https:\/\/gaattestequipment.com\/fr\/wp-json\/wp\/v2\/media?parent=1827"}],"wp:term":[{"taxonomy":"product_brand","embeddable":true,"href":"https:\/\/gaattestequipment.com\/fr\/wp-json\/wp\/v2\/product_brand?post=1827"},{"taxonomy":"product_cat","embeddable":true,"href":"https:\/\/gaattestequipment.com\/fr\/wp-json\/wp\/v2\/product_cat?post=1827"},{"taxonomy":"product_tag","embeddable":true,"href":"https:\/\/gaattestequipment.com\/fr\/wp-json\/wp\/v2\/product_tag?post=1827"}],"curies":[{"name":"wp","href":"https:\/\/api.w.org\/{rel}","templated":true}]}}