{"id":1809,"date":"2024-11-12T03:10:22","date_gmt":"2024-11-12T03:10:22","guid":{"rendered":"https:\/\/gaattestequipment.com\/?post_type=product&#038;p=1809"},"modified":"2025-01-17T07:07:39","modified_gmt":"2025-01-17T07:07:39","slug":"walk-in-environmental-chamber","status":"publish","type":"product","link":"https:\/\/gaattestequipment.com\/fr\/manufacturer\/walk-in-environmental-chamber\/","title":{"rendered":"Marche dans la chambre climatique"},"content":{"rendered":"<h3><span style=\"color: #282828;\"><strong>Application de la marche en chambre environnementale<\/strong>:<\/span><\/h3>\n<p><span style=\"color: #282828;\">Les offres de la chambre environnementale Walk in <\/span><span style=\"color: #282828;\">pi\u00e8ces \u00e0 grande \u00e9chelle, produits semi-finis, produits finis, tests d'environnement de temp\u00e9rature et d'humidit\u00e9 pour la fabrication, par exemple, de machines informatiques, de pi\u00e8ces automobiles.<\/span><\/p>\n<div class=\"is-divider divider clearfix\" ><\/div>\n\t<div id=\"gap-626419629\" class=\"gap-element clearfix\" style=\"display:block; height:auto;\">\n\t\t\n<style>\n#gap-626419629 {\n  padding-top: 15px;\n}\n<\/style>\n\t<\/div>\n\t\n<h3><span style=\"color: #282828;\"><strong><b>Caract\u00e9ristiques :<\/b><\/strong><\/span><\/h3>\n<ul>\n<li><span style=\"color: #282828;\">Plage de temp\u00e9rature de -70\u2103 \u00e0 +80\u2103<\/span><\/li>\n<li><span style=\"color: #282828;\">Surface d'essai de 4 m\u00b3 \u00e0 60 m\u00b3 ou plus, selon les besoins du client<\/span><\/li>\n<li><span style=\"color: #282828;\">Pentes pour faciliter l'acc\u00e8s aux objets lourds<\/span><\/li>\n<li><span style=\"color: #282828;\">Panneau d\u00e9tachable, facile \u00e0 transporter et \u00e0 installer<\/span><\/li>\n<li><span style=\"color: #282828;\">\u00c9quip\u00e9 d'une serrure de s\u00e9curit\u00e9 int\u00e9rieure pour \u00e9viter que les personnes ne soient pi\u00e9g\u00e9es.<\/span><\/li>\n<\/ul>\n<div class=\"is-divider divider clearfix\" style=\"max-width:medium;\"><\/div>\n\t<div id=\"gap-270134471\" class=\"gap-element clearfix\" style=\"display:block; height:auto;\">\n\t\t\n<style>\n#gap-270134471 {\n  padding-top: 15px;\n}\n<\/style>\n\t<\/div>\n\t\n<h4><span style=\"color: #282828; font-size: 110%;\"><strong><b>Normes d'essai :<\/b><\/strong><\/span><\/h4>\n<p><span style=\"color: #282828;\">IEC 60068-2-1 IEC 60068-2-2 : 2007 IEC 60068-2-14<\/span><\/p>\n<p><span style=\"color: #282828;\">IEC 60068-2-30 IEC 60068-2-38 IEC 60068-2-78<\/span><\/p>\n<p><span style=\"color: #282828;\">ISO 16750-4 MIL-STD-810G ASTM E1457-13<\/span><\/p>\n<p><span style=\"color: #282828;\">JESD22-A10<\/span><\/p>\n<div class=\"is-divider divider clearfix\" style=\"max-width:medium;\"><\/div>\n\t<div id=\"text-3838007453\" class=\"text show-for-small\">\n\t\t\n<h4><span style=\"color: #282828; font-size: 110%;\">Fiche technique :<\/span><\/h4>\n\n<table id=\"tablepress-24\" class=\"tablepress tablepress-id-24 tbody-has-connected-cells\">\n<tbody class=\"row-striping row-hover\">\n<tr class=\"row-1\">\n\t<td class=\"column-1\">Mod\u00e8le<\/td><td colspan=\"2\" class=\"column-2\">SZ-A-4000(D\uff5eG)\u3001SZ-A-8000(D\uff5eG)\u3001SZ-A-10000(D\uff5eG)<\/td>\n<\/tr>\n<tr class=\"row-2\">\n\t<td class=\"column-1\">Dimension int\u00e9rieure WxHxD(mm)<\/td><td colspan=\"2\" class=\"column-2\">1500x1800x1500\u3001 2000x2000x2000\u3001 2500x2200x2000<\/td>\n<\/tr>\n<tr class=\"row-3\">\n\t<td class=\"column-1\">Dimension ext\u00e9rieure WxHxD(mm)<\/td><td colspan=\"2\" class=\"column-2\">2500x2100x1700\u3001 3100x2300x2260\u3001 3600x2300x2260<\/td>\n<\/tr>\n<tr class=\"row-4\">\n\t<td class=\"column-1\">Plage de temp\u00e9rature<\/td><td colspan=\"2\" class=\"column-2\">-70\u2103\uff5e+80\u2103 (A1Above 80\u2103 is customized)\uff08D:-40\u2103 G:-70\u2103<\/td>\n<\/tr>\n<tr class=\"row-5\">\n\t<td class=\"column-1\">Plage d'humidit\u00e9<\/td><td colspan=\"2\" class=\"column-2\">20%\uff5e95%R.H. (10%-98%R.H\/5%\uff5e98%R.H est un produit sp\u00e9cial personnalis\u00e9)<\/td>\n<\/tr>\n<tr class=\"row-6\">\n\t<td class=\"column-1\">Temp\u00e9rature Humidit\u00e9 R\u00e9solution\/Uniformit\u00e9<\/td><td colspan=\"2\" class=\"column-2\">0.01\u2103 ; 0.1%R.H.\/\u00b11.0\u2103 ; \u00b13.0%R.H.<\/td>\n<\/tr>\n<tr class=\"row-7\">\n\t<td class=\"column-1\">Temp\u00e9rature Humidit\u00e9 Contr\u00f4le Pr\u00e9cision\/Fluctuation<\/td><td colspan=\"2\" class=\"column-2\">\u00b11,0\u2103 ; \u00b12,0%R.H.\/\u00b10,5\u2103 ; \u00b12,0%R.H.<\/td>\n<\/tr>\n<tr class=\"row-8\">\n\t<td class=\"column-1\">Taux de chauffage\/refroidissement<\/td><td colspan=\"2\" class=\"column-2\">La vitesse de chauffage est de 3,0\u2103\/min, la vitesse de refroidissement est de 1,0\u2103\/min (2\u2103\uff5e15\u2103\/min est sp\u00e9cial personnalis\u00e9).<\/td>\n<\/tr>\n<tr class=\"row-9\">\n\t<td class=\"column-1\">Mat\u00e9riau int\u00e9rieur\/ext\u00e9rieur<\/td><td colspan=\"2\" class=\"column-2\">Le mat\u00e9riau int\u00e9rieur est de l'acier inoxydable SUS304#, le mat\u00e9riau ext\u00e9rieur est une plaque d'acier lamin\u00e9e \u00e0 froid avec traitement de peinture.<\/td>\n<\/tr>\n<tr class=\"row-10\">\n\t<td class=\"column-1\">Mat\u00e9riau d'isolation<\/td><td colspan=\"2\" class=\"column-2\">Mat\u00e9riau isolant en mousse dure de polyester amin\u00e9 haute densit\u00e9 r\u00e9sistant aux temp\u00e9ratures \u00e9lev\u00e9es<\/td>\n<\/tr>\n<tr class=\"row-11\">\n\t<td class=\"column-1\">Syst\u00e8me de refroidissement<\/td><td colspan=\"2\" class=\"column-2\">Moins de 10 m\u00e8tres cubes peuvent \u00eatre refroidis \u00e0 l'air ou \u00e0 l'eau, plus de 10 m\u00e8tres cubes sont refroidis \u00e0 l'eau.<\/td>\n<\/tr>\n<tr class=\"row-12\">\n\t<td class=\"column-1\">Dispositif de protection<\/td><td colspan=\"2\" class=\"column-2\">Commutateur de protection contre les surcharges du compresseur, commutateur de protection contre la haute et basse pression du r\u00e9frig\u00e9rant, commutateur de protection contre la surchauffe, fusible, syst\u00e8me d'avertissement des d\u00e9faillances.<\/td>\n<\/tr>\n<tr class=\"row-13\">\n\t<td class=\"column-1\">Pi\u00e8ces d\u00e9tach\u00e9es<\/td><td colspan=\"2\" class=\"column-2\">Fen\u00eatre de visualisation, trou d'essai, \u00e9tag\u00e8re, gaze<\/td>\n<\/tr>\n<tr class=\"row-14\">\n\t<td class=\"column-1\">Contr\u00f4leur<\/td><td colspan=\"2\" class=\"column-2\">Korea Samwon ou autre marque<\/td>\n<\/tr>\n<tr class=\"row-15\">\n\t<td class=\"column-1\">Compresseur<\/td><td colspan=\"2\" class=\"column-2\">France Tecumseh ou Allemagne Bitzer<\/td>\n<\/tr>\n<tr class=\"row-16\">\n\t<td class=\"column-1\">Puissance<\/td><td colspan=\"2\" class=\"column-2\">3\u03a6380VAC\u00b110%50\/60Hz<\/td>\n<\/tr>\n<tr class=\"row-17\">\n\t<td class=\"column-1\">Marque<\/td><td colspan=\"2\" class=\"column-2\">Pour moins de 10 m\u00e8tres cubes, on peut choisir une structure compl\u00e8te ou une structure en plaques assembl\u00e9es. Pour plus de 10 m\u00e8tres cubes, on peut choisir une structure en plaques assembl\u00e9es.<\/td>\n<\/tr>\n<\/tbody>\n<\/table>\n<!-- #tablepress-24 from cache -->\n\t\t\t<\/div>\n\t\n\t<div id=\"gap-858912663\" class=\"gap-element clearfix\" style=\"display:block; height:auto;\">\n\t\t\n<style>\n#gap-858912663 {\n  padding-top: 15px;\n}\n<\/style>\n\t<\/div>\n\t\n\t<div id=\"text-2698881152\" class=\"text hide-for-small\">\n\t\t\n<h4><span style=\"color: #282828; font-size: 110%;\">Fiche technique :<\/span><\/h4>\n\n<table id=\"tablepress-5\" class=\"tablepress tablepress-id-5 tbody-has-connected-cells\">\n<tbody class=\"row-striping row-hover\">\n<tr class=\"row-1\">\n\t<td class=\"column-1\">Mod\u00e8le<\/td><td class=\"column-2\">SZ-A-4000(D\uff5eG)<\/td><td class=\"column-3\">SZ-A-8000(D\uff5eG)<\/td><td class=\"column-4\">SZ-A-10000(D\uff5eG)<\/td>\n<\/tr>\n<tr class=\"row-2\">\n\t<td class=\"column-1\">Dimension int\u00e9rieure WxHxD(mm)<\/td><td class=\"column-2\">1500x1800x1500<\/td><td class=\"column-3\">2000x2000x2000<\/td><td class=\"column-4\">2500x2200x2000<\/td>\n<\/tr>\n<tr class=\"row-3\">\n\t<td class=\"column-1\">Dimension ext\u00e9rieure WxHxD(mm)<\/td><td class=\"column-2\">2500x2100x1700<\/td><td class=\"column-3\">3100x2300x2260<\/td><td class=\"column-4\">3600x2300x2260<\/td>\n<\/tr>\n<tr class=\"row-4\">\n\t<td class=\"column-1\">Plage de temp\u00e9rature<\/td><td colspan=\"3\" class=\"column-2\">-70\u2103\uff5e+80\u2103 (A1Above 80\u2103 is customized)\uff08D:-40\u2103 G:-70\u2103\uff09<\/td>\n<\/tr>\n<tr class=\"row-5\">\n\t<td class=\"column-1\">Plage d'humidit\u00e9<\/td><td colspan=\"3\" class=\"column-2\">20%\uff5e95%R.H. (10%-98%R.H\/5%\uff5e98%R.H est un produit sp\u00e9cial personnalis\u00e9)<\/td>\n<\/tr>\n<tr class=\"row-6\">\n\t<td class=\"column-1\">Temp\u00e9rature Humidit\u00e9 R\u00e9solution\/Uniformit\u00e9<\/td><td colspan=\"3\" class=\"column-2\">0.01\u2103 ; 0.1%R.H.\/\u00b11.0\u2103 ; \u00b13.0%R.H.<\/td>\n<\/tr>\n<tr class=\"row-7\">\n\t<td class=\"column-1\">Temp\u00e9rature Humidit\u00e9 Contr\u00f4le Pr\u00e9cision\/Fluctuation<\/td><td colspan=\"3\" class=\"column-2\">\u00b11,0\u2103 ; \u00b12,0%R.H.\/\u00b10,5\u2103 ; \u00b12,0%R.H.<\/td>\n<\/tr>\n<tr class=\"row-8\">\n\t<td class=\"column-1\">Taux de chauffage\/refroidissement<\/td><td colspan=\"3\" class=\"column-2\">La vitesse de chauffage est de 3,0\u2103\/min, la vitesse de refroidissement est de 1,0\u2103\/min (2\u2103\uff5e15\u2103\/min est sp\u00e9cial personnalis\u00e9).<\/td>\n<\/tr>\n<tr class=\"row-9\">\n\t<td class=\"column-1\">Mat\u00e9riau int\u00e9rieur\/ext\u00e9rieur<\/td><td colspan=\"3\" class=\"column-2\">Le mat\u00e9riau int\u00e9rieur est de l'acier inoxydable SUS304#, le mat\u00e9riau ext\u00e9rieur est une plaque d'acier lamin\u00e9e \u00e0 froid avec traitement de peinture.<\/td>\n<\/tr>\n<tr class=\"row-10\">\n\t<td class=\"column-1\">Mat\u00e9riau d'isolation<\/td><td colspan=\"3\" class=\"column-2\">Mat\u00e9riau isolant en mousse dure de polyester amin\u00e9 haute densit\u00e9 r\u00e9sistant aux temp\u00e9ratures \u00e9lev\u00e9es<\/td>\n<\/tr>\n<tr class=\"row-11\">\n\t<td class=\"column-1\">Syst\u00e8me de refroidissement<\/td><td colspan=\"3\" class=\"column-2\">Moins de 10 m\u00e8tres cubes peuvent \u00eatre refroidis \u00e0 l'air ou \u00e0 l'eau, plus de 10 m\u00e8tres cubes sont refroidis \u00e0 l'eau.<\/td>\n<\/tr>\n<tr class=\"row-12\">\n\t<td class=\"column-1\">Dispositif de protection<\/td><td colspan=\"3\" class=\"column-2\">Commutateur de protection contre les surcharges du compresseur, commutateur de protection contre la haute et basse pression du r\u00e9frig\u00e9rant, commutateur de protection contre la surchauffe, fusible, syst\u00e8me d'avertissement des d\u00e9faillances.<\/td>\n<\/tr>\n<tr class=\"row-13\">\n\t<td class=\"column-1\">Pi\u00e8ces d\u00e9tach\u00e9es<\/td><td colspan=\"3\" class=\"column-2\">Fen\u00eatre de visualisation, trou d'essai, \u00e9tag\u00e8re, gaze<\/td>\n<\/tr>\n<tr class=\"row-14\">\n\t<td class=\"column-1\">Contr\u00f4leur<\/td><td colspan=\"3\" class=\"column-2\">Korea Samwon ou autre marque<\/td>\n<\/tr>\n<tr class=\"row-15\">\n\t<td class=\"column-1\">Compresseur<\/td><td colspan=\"3\" class=\"column-2\">France Tecumseh ou Allemagne Bitzer<\/td>\n<\/tr>\n<tr class=\"row-16\">\n\t<td class=\"column-1\">Puissance<\/td><td colspan=\"3\" class=\"column-2\">3\u03a6380VAC\u00b110%50\/60Hz<\/td>\n<\/tr>\n<tr class=\"row-17\">\n\t<td class=\"column-1\">Marque<\/td><td colspan=\"3\" class=\"column-2\">Pour moins de 10 m\u00e8tres cubes, on peut choisir une structure compl\u00e8te ou une structure en plaques assembl\u00e9es. Pour plus de 10 m\u00e8tres cubes, on peut choisir une structure en plaques assembl\u00e9es.<br \/>\n<\/td>\n<\/tr>\n<\/tbody>\n<\/table>\n<!-- #tablepress-5 from cache -->\n\t\t\t<\/div>\n\t\n\t<div id=\"gap-228535346\" class=\"gap-element clearfix\" style=\"display:block; height:auto;\">\n\t\t\n<style>\n#gap-228535346 {\n  padding-top: 25px;\n}\n<\/style>\n\t<\/div>\n\t\n<h3 style=\"text-align: center;\"><span style=\"color: #282828;\">Obtenir un devis<\/span><\/h3>\n\n<div class=\"wpcf7 no-js\" id=\"wpcf7-f280-o1\" lang=\"en-US\" dir=\"ltr\" data-wpcf7-id=\"280\">\n<div class=\"screen-reader-response\"><p role=\"status\" aria-live=\"polite\" aria-atomic=\"true\"><\/p> <ul><\/ul><\/div>\n<form action=\"\/fr\/wp-json\/wp\/v2\/product\/1809#wpcf7-f280-o1\" method=\"post\" class=\"wpcf7-form init\" aria-label=\"Contact form\" novalidate=\"novalidate\" data-status=\"init\" data-trp-original-action=\"\/fr\/wp-json\/wp\/v2\/product\/1809#wpcf7-f280-o1\">\n<fieldset class=\"hidden-fields-container\"><input type=\"hidden\" name=\"_wpcf7\" value=\"280\" \/><input type=\"hidden\" name=\"_wpcf7_version\" value=\"6.1.2\" \/><input type=\"hidden\" name=\"_wpcf7_locale\" value=\"en_US\" \/><input type=\"hidden\" name=\"_wpcf7_unit_tag\" value=\"wpcf7-f280-o1\" \/><input type=\"hidden\" name=\"_wpcf7_container_post\" value=\"0\" \/><input type=\"hidden\" name=\"_wpcf7_posted_data_hash\" value=\"\" \/>\n<\/fieldset>\n<div class='custom_contact_style'>\n\t<div class=\"row row-small\">\n\t\t<div class=\"col medium-6 small-12 large-6\">\n\t\t\t<div class=\"col-inner\">\n\t\t\t\t<p><span class=\"wpcf7-form-control-wrap\" data-name=\"your-name\"><input size=\"40\" maxlength=\"400\" class=\"wpcf7-form-control wpcf7-text wpcf7-validates-as-required\" aria-required=\"true\" aria-invalid=\"false\" placeholder=\"Nom*\" value=\"\" type=\"text\" name=\"your-name\" \/><\/span>\n\t\t\t\t<\/p>\n\t\t\t<\/div>\n\t\t<\/div>\n\t\t<div class=\"col medium-6 small-12 large-6\">\n\t\t\t<div class=\"col-inner\">\n\t\t\t\t<p><span class=\"wpcf7-form-control-wrap\" data-name=\"your-email\"><input size=\"40\" maxlength=\"400\" class=\"wpcf7-form-control wpcf7-email wpcf7-validates-as-required wpcf7-text wpcf7-validates-as-email\" aria-required=\"true\" aria-invalid=\"false\" placeholder=\"Courriel*\" value=\"\" type=\"email\" name=\"your-email\" \/><\/span>\n\t\t\t\t<\/p>\n\t\t\t<\/div>\n\t\t<\/div>\n\t<\/div>\n\t<div class='cus_contact_form_bottom'>\n\t\t<p><span class=\"wpcf7-form-control-wrap\" data-name=\"your-phone\"><input size=\"40\" maxlength=\"400\" class=\"wpcf7-form-control wpcf7-text\" aria-invalid=\"false\" placeholder=\"T\u00e9l\u00e9phone\" value=\"\" type=\"text\" name=\"your-phone\" \/><\/span>\n\t\t<\/p>\n\t<\/div>\n\t<div class='cus_contact_form_bottom'>\n\t\t<p><span class=\"wpcf7-form-control-wrap\" data-name=\"your-country\"><input size=\"40\" maxlength=\"400\" class=\"wpcf7-form-control wpcf7-text\" aria-invalid=\"false\" placeholder=\"Pays\" value=\"\" type=\"text\" name=\"your-country\" \/><\/span>\n\t\t<\/p>\n\t<\/div>\n\t<p><span class=\"wpcf7-form-control-wrap\" data-name=\"your-message\"><textarea cols=\"40\" rows=\"10\" maxlength=\"2000\" class=\"wpcf7-form-control wpcf7-textarea wpcf7-validates-as-required\" aria-required=\"true\" aria-invalid=\"false\" placeholder=\"Votre message *\" name=\"your-message\"><\/textarea><\/span>\n\t<\/p>\n\t<div style=\"margin-bottom:10px;\">\n\t\t<p><span class=\"wpcf7-form-control-wrap kc_captcha cf7ic-toggle\" data-name=\"kc_captcha\"><span class=\"wpcf7-form-control wpcf7-radio\"><span class=\"captcha-image\" style=\"display: none;\"><span class=\"cf7ic_instructions\">Please prove you are human by selecting the<span> house<\/span>.<\/span><label><input aria-label=\"1\" type=\"radio\" name=\"kc_captcha\" value=\"kc_human\" \/><svg aria-hidden=\"true\" role=\"img\" xmlns=\"http:\/\/www.w3.org\/2000\/svg\" viewbox=\"0 0 576 512\"><path fill=\"currentColor\" d=\"M488 313v143c0 13-11 24-24 24H348c-7 0-12-5-12-12V356c0-7-5-12-12-12h-72c-7 0-12 5-12 12v112c0 7-5 12-12 12H112c-13 0-24-11-24-24V313c0-4 2-7 4-10l188-154c5-4 11-4 16 0l188 154c2 3 4 6 4 10zm84-61l-84-69V44c0-6-5-12-12-12h-56c-7 0-12 6-12 12v73l-89-74a48 48 0 00-61 0L4 252c-5 4-5 12-1 17l25 31c5 5 12 5 17 1l235-193c5-4 11-4 16 0l235 193c5 5 13 4 17-1l25-31c4-6 4-13-1-17z\"\/><\/svg><\/label><label><input aria-label=\"2\" type=\"radio\" name=\"kc_captcha\" value=\"bot\" \/><svg aria-hidden=\"true\" role=\"img\" xmlns=\"http:\/\/www.w3.org\/2000\/svg\" viewbox=\"0 0 640 512\"><path fill=\"currentColor\" d=\"M192 384h192c53 0 96-43 96-96h32a128 128 0 000-256H120c-13 0-24 11-24 24v232c0 53 43 96 96 96zM512 96a64 64 0 010 128h-32V96h32zm48 384H48c-47 0-61-64-36-64h584c25 0 11 64-36 64z\"\/><\/svg><\/label><label><input aria-label=\"3\" type=\"radio\" name=\"kc_captcha\" value=\"bot\" \/><svg aria-hidden=\"true\" role=\"img\" xmlns=\"http:\/\/www.w3.org\/2000\/svg\" viewbox=\"0 0 512 512\"><path fill=\"currentColor\" d=\"M350 99c-54 0-98-35-166-35-25 0-47 4-68 12a56 56 0 004-24C118 24 95 1 66 0a56 56 0 00-34 102v386c0 13 11 24 24 24h16c13 0 24-11 24-24v-94c28-12 64-23 114-23 54 0 98 35 166 35 48 0 86-16 122-41 9-6 14-15 14-26V96c0-23-24-39-45-29-35 16-77 32-117 32z\"\/><\/svg><\/label>\r\n    <\/span>\r\n    <span style=\"display:none\">\r\n        <input type=\"text\" name=\"kc_honeypot\">\r\n    <\/span><\/span><\/span>\n\t\t<\/p>\n\t<\/div>\n\t<p><input class=\"wpcf7-form-control wpcf7-submit has-spinner\" type=\"submit\" value=\"Envoyer un message\" \/>\n\t<\/p>\n<\/div><div class=\"wpcf7-response-output\" aria-hidden=\"true\"><\/div>\n<input type=\"hidden\" name=\"trp-form-language\" value=\"fr\"\/><\/form>\n<\/div>\n\n<p><a href=\"https:\/\/gaattestequipment.com\/fr\/\"><em><span style=\"color: #282828;\">Retour \u00e0 l'accueil&gt;&gt;&gt;<\/span><\/em><\/a><\/p>","protected":false},"excerpt":{"rendered":"<p><span style=\"color: #282828;\">La chambre de passage est une chambre d'essai climatique de grandes dimensions dans laquelle les utilisateurs peuvent entrer. Tout comme une chambre \u00e0 climat constant, elle simule des conditions environnementales sp\u00e9cifiques (temp\u00e9rature et humidit\u00e9 relative).<\/span><\/p>","protected":false},"featured_media":1810,"comment_status":"open","ping_status":"closed","template":"","meta":[],"product_brand":[],"product_cat":[15],"product_tag":[],"class_list":{"0":"post-1809","1":"product","2":"type-product","3":"status-publish","4":"has-post-thumbnail","6":"product_cat-climate-chamber-category","8":"first","9":"instock","10":"shipping-taxable","11":"product-type-simple"},"yoast_head":"<!-- This site is optimized with the Yoast SEO plugin v26.0 - https:\/\/yoast.com\/wordpress\/plugins\/seo\/ -->\n<title>Walk In Environmental Chamber<\/title>\n<meta name=\"description\" content=\"Walk-in environmental chamber of high quality. We support sample for test and fast delivery. Offer after-sales service and two year warranty.\" \/>\n<meta name=\"robots\" content=\"index, follow, max-snippet:-1, max-image-preview:large, max-video-preview:-1\" \/>\n<link rel=\"canonical\" href=\"https:\/\/gaattestequipment.com\/fr\/manufacturer\/walk-in-environmental-chamber\/\" \/>\n<meta property=\"og:locale\" content=\"fr_FR\" \/>\n<meta property=\"og:type\" content=\"article\" \/>\n<meta property=\"og:title\" content=\"Walk In Environmental Chamber\" \/>\n<meta property=\"og:description\" content=\"Walk-in environmental chamber of high quality. We support sample for test and fast delivery. Offer after-sales service and two year warranty.\" \/>\n<meta property=\"og:url\" content=\"https:\/\/gaattestequipment.com\/fr\/manufacturer\/walk-in-environmental-chamber\/\" \/>\n<meta property=\"og:site_name\" content=\"GAAT\" \/>\n<meta property=\"article:modified_time\" content=\"2025-01-17T07:07:39+00:00\" \/>\n<meta property=\"og:image\" content=\"https:\/\/gaattestequipment.com\/wp-content\/uploads\/2024\/11\/Walk-in-climate-chamber1.png\" \/>\n\t<meta property=\"og:image:width\" content=\"800\" \/>\n\t<meta property=\"og:image:height\" content=\"800\" \/>\n\t<meta property=\"og:image:type\" content=\"image\/png\" \/>\n<meta name=\"twitter:card\" content=\"summary_large_image\" \/>\n<meta name=\"twitter:label1\" content=\"Dur\u00e9e de lecture estim\u00e9e\" \/>\n\t<meta name=\"twitter:data1\" content=\"1 minute\" \/>\n<script type=\"application\/ld+json\" class=\"yoast-schema-graph\">{\"@context\":\"https:\/\/schema.org\",\"@graph\":[{\"@type\":\"WebPage\",\"@id\":\"https:\/\/gaattestequipment.com\/manufacturer\/walk-in-environmental-chamber\/\",\"url\":\"https:\/\/gaattestequipment.com\/manufacturer\/walk-in-environmental-chamber\/\",\"name\":\"Walk In Environmental Chamber\",\"isPartOf\":{\"@id\":\"https:\/\/mistyrose-dunlin-619425.hostingersite.com\/#website\"},\"primaryImageOfPage\":{\"@id\":\"https:\/\/gaattestequipment.com\/manufacturer\/walk-in-environmental-chamber\/#primaryimage\"},\"image\":{\"@id\":\"https:\/\/gaattestequipment.com\/manufacturer\/walk-in-environmental-chamber\/#primaryimage\"},\"thumbnailUrl\":\"https:\/\/gaattestequipment.com\/wp-content\/uploads\/2024\/11\/Walk-in-climate-chamber1.png\",\"datePublished\":\"2024-11-12T03:10:22+00:00\",\"dateModified\":\"2025-01-17T07:07:39+00:00\",\"description\":\"Walk-in environmental chamber of high quality. We support sample for test and fast delivery. Offer after-sales service and two year warranty.\",\"breadcrumb\":{\"@id\":\"https:\/\/gaattestequipment.com\/manufacturer\/walk-in-environmental-chamber\/#breadcrumb\"},\"inLanguage\":\"fr-FR\",\"potentialAction\":[{\"@type\":\"ReadAction\",\"target\":[\"https:\/\/gaattestequipment.com\/manufacturer\/walk-in-environmental-chamber\/\"]}]},{\"@type\":\"ImageObject\",\"inLanguage\":\"fr-FR\",\"@id\":\"https:\/\/gaattestequipment.com\/manufacturer\/walk-in-environmental-chamber\/#primaryimage\",\"url\":\"https:\/\/gaattestequipment.com\/wp-content\/uploads\/2024\/11\/Walk-in-climate-chamber1.png\",\"contentUrl\":\"https:\/\/gaattestequipment.com\/wp-content\/uploads\/2024\/11\/Walk-in-climate-chamber1.png\",\"width\":800,\"height\":800,\"caption\":\"walk in climate chamber\"},{\"@type\":\"BreadcrumbList\",\"@id\":\"https:\/\/gaattestequipment.com\/manufacturer\/walk-in-environmental-chamber\/#breadcrumb\",\"itemListElement\":[{\"@type\":\"ListItem\",\"position\":1,\"name\":\"Home\",\"item\":\"https:\/\/mistyrose-dunlin-619425.hostingersite.com\/\"},{\"@type\":\"ListItem\",\"position\":2,\"name\":\"Products\",\"item\":\"https:\/\/gaattestequipment.com\/shop\/\"},{\"@type\":\"ListItem\",\"position\":3,\"name\":\"Walk in Climate Chamber\"}]},{\"@type\":\"WebSite\",\"@id\":\"https:\/\/mistyrose-dunlin-619425.hostingersite.com\/#website\",\"url\":\"https:\/\/mistyrose-dunlin-619425.hostingersite.com\/\",\"name\":\"GAAT\",\"description\":\"Manufacturer of environmental and reliability testing instruments\",\"potentialAction\":[{\"@type\":\"SearchAction\",\"target\":{\"@type\":\"EntryPoint\",\"urlTemplate\":\"https:\/\/mistyrose-dunlin-619425.hostingersite.com\/?s={search_term_string}\"},\"query-input\":{\"@type\":\"PropertyValueSpecification\",\"valueRequired\":true,\"valueName\":\"search_term_string\"}}],\"inLanguage\":\"fr-FR\"}]}<\/script>\n<!-- \/ Yoast SEO plugin. -->","yoast_head_json":{"title":"Chambre environnementale Walk In","description":"Enceinte climatique de haute qualit\u00e9. Nous proposons des \u00e9chantillons pour les tests et une livraison rapide. Nous offrons un service apr\u00e8s-vente et une garantie de deux ans.","robots":{"index":"index","follow":"follow","max-snippet":"max-snippet:-1","max-image-preview":"max-image-preview:large","max-video-preview":"max-video-preview:-1"},"canonical":"https:\/\/gaattestequipment.com\/fr\/manufacturer\/walk-in-environmental-chamber\/","og_locale":"fr_FR","og_type":"article","og_title":"Walk In Environmental Chamber","og_description":"Walk-in environmental chamber of high quality. We support sample for test and fast delivery. Offer after-sales service and two year warranty.","og_url":"https:\/\/gaattestequipment.com\/fr\/manufacturer\/walk-in-environmental-chamber\/","og_site_name":"GAAT","article_modified_time":"2025-01-17T07:07:39+00:00","og_image":[{"width":800,"height":800,"url":"https:\/\/gaattestequipment.com\/wp-content\/uploads\/2024\/11\/Walk-in-climate-chamber1.png","type":"image\/png"}],"twitter_card":"summary_large_image","twitter_misc":{"Dur\u00e9e de lecture estim\u00e9e":"1 minute"},"schema":{"@context":"https:\/\/schema.org","@graph":[{"@type":"WebPage","@id":"https:\/\/gaattestequipment.com\/manufacturer\/walk-in-environmental-chamber\/","url":"https:\/\/gaattestequipment.com\/manufacturer\/walk-in-environmental-chamber\/","name":"Chambre environnementale Walk In","isPartOf":{"@id":"https:\/\/mistyrose-dunlin-619425.hostingersite.com\/#website"},"primaryImageOfPage":{"@id":"https:\/\/gaattestequipment.com\/manufacturer\/walk-in-environmental-chamber\/#primaryimage"},"image":{"@id":"https:\/\/gaattestequipment.com\/manufacturer\/walk-in-environmental-chamber\/#primaryimage"},"thumbnailUrl":"https:\/\/gaattestequipment.com\/wp-content\/uploads\/2024\/11\/Walk-in-climate-chamber1.png","datePublished":"2024-11-12T03:10:22+00:00","dateModified":"2025-01-17T07:07:39+00:00","description":"Enceinte climatique de haute qualit\u00e9. Nous proposons des \u00e9chantillons pour les tests et une livraison rapide. Nous offrons un service apr\u00e8s-vente et une garantie de deux ans.","breadcrumb":{"@id":"https:\/\/gaattestequipment.com\/manufacturer\/walk-in-environmental-chamber\/#breadcrumb"},"inLanguage":"fr-FR","potentialAction":[{"@type":"ReadAction","target":["https:\/\/gaattestequipment.com\/manufacturer\/walk-in-environmental-chamber\/"]}]},{"@type":"ImageObject","inLanguage":"fr-FR","@id":"https:\/\/gaattestequipment.com\/manufacturer\/walk-in-environmental-chamber\/#primaryimage","url":"https:\/\/gaattestequipment.com\/wp-content\/uploads\/2024\/11\/Walk-in-climate-chamber1.png","contentUrl":"https:\/\/gaattestequipment.com\/wp-content\/uploads\/2024\/11\/Walk-in-climate-chamber1.png","width":800,"height":800,"caption":"walk in climate chamber"},{"@type":"BreadcrumbList","@id":"https:\/\/gaattestequipment.com\/manufacturer\/walk-in-environmental-chamber\/#breadcrumb","itemListElement":[{"@type":"ListItem","position":1,"name":"Home","item":"https:\/\/mistyrose-dunlin-619425.hostingersite.com\/"},{"@type":"ListItem","position":2,"name":"Products","item":"https:\/\/gaattestequipment.com\/shop\/"},{"@type":"ListItem","position":3,"name":"Walk in Climate Chamber"}]},{"@type":"WebSite","@id":"https:\/\/mistyrose-dunlin-619425.hostingersite.com\/#website","url":"https:\/\/mistyrose-dunlin-619425.hostingersite.com\/","name":"GAAT","description":"Fabricant d'instruments d'essais environnementaux et de fiabilit\u00e9","potentialAction":[{"@type":"SearchAction","target":{"@type":"EntryPoint","urlTemplate":"https:\/\/mistyrose-dunlin-619425.hostingersite.com\/?s={search_term_string}"},"query-input":{"@type":"PropertyValueSpecification","valueRequired":true,"valueName":"search_term_string"}}],"inLanguage":"fr-FR"}]}},"_links":{"self":[{"href":"https:\/\/gaattestequipment.com\/fr\/wp-json\/wp\/v2\/product\/1809","targetHints":{"allow":["GET"]}}],"collection":[{"href":"https:\/\/gaattestequipment.com\/fr\/wp-json\/wp\/v2\/product"}],"about":[{"href":"https:\/\/gaattestequipment.com\/fr\/wp-json\/wp\/v2\/types\/product"}],"replies":[{"embeddable":true,"href":"https:\/\/gaattestequipment.com\/fr\/wp-json\/wp\/v2\/comments?post=1809"}],"wp:featuredmedia":[{"embeddable":true,"href":"https:\/\/gaattestequipment.com\/fr\/wp-json\/wp\/v2\/media\/1810"}],"wp:attachment":[{"href":"https:\/\/gaattestequipment.com\/fr\/wp-json\/wp\/v2\/media?parent=1809"}],"wp:term":[{"taxonomy":"product_brand","embeddable":true,"href":"https:\/\/gaattestequipment.com\/fr\/wp-json\/wp\/v2\/product_brand?post=1809"},{"taxonomy":"product_cat","embeddable":true,"href":"https:\/\/gaattestequipment.com\/fr\/wp-json\/wp\/v2\/product_cat?post=1809"},{"taxonomy":"product_tag","embeddable":true,"href":"https:\/\/gaattestequipment.com\/fr\/wp-json\/wp\/v2\/product_tag?post=1809"}],"curies":[{"name":"wp","href":"https:\/\/api.w.org\/{rel}","templated":true}]}}