{"id":1802,"date":"2024-11-12T01:58:05","date_gmt":"2024-11-12T01:58:05","guid":{"rendered":"https:\/\/gaattestequipment.com\/?post_type=product&#038;p=1802"},"modified":"2025-01-17T07:08:54","modified_gmt":"2025-01-17T07:08:54","slug":"benchtop-environmental-chamber","status":"publish","type":"product","link":"https:\/\/gaattestequipment.com\/fr\/manufacturer\/benchtop-environmental-chamber\/","title":{"rendered":"Chambre climatique de table"},"content":{"rendered":"<h3><span style=\"color: #282828;\"><strong><b>Caract\u00e9ristiques :<\/b><\/strong><\/span><\/h3>\n<ul>\n<li><span style=\"color: #282828;\">L'enceinte climatique de table est compacte et peu encombrante.<\/span><\/li>\n<li><span style=\"color: #282828;\">L\u00e9ger, il peut \u00eatre pos\u00e9 sur la table et convient aux laboratoires et aux bureaux.<\/span><\/li>\n<li><span style=\"color: #282828;\">Contr\u00f4leur \u00e0 \u00e9cran tactile<\/span><\/li>\n<li><span style=\"color: #282828;\">Bruit aussi faible que 50 dB<\/span><\/li>\n<\/ul>\n<div class=\"is-divider divider clearfix\" style=\"max-width:medium;\"><\/div>\n\t<div id=\"gap-370651204\" class=\"gap-element clearfix\" style=\"display:block; height:auto;\">\n\t\t\n<style>\n#gap-370651204 {\n  padding-top: 15px;\n}\n<\/style>\n\t<\/div>\n\t\n<h3><span style=\"color: #282828;\"><strong><b>Application de la chambre environnementale de banc :<\/b><\/strong><\/span><\/h3>\n<p><span style=\"color: #282828;\">Il est largement utilis\u00e9 pour tester de petits \u00e9chantillons dans des secteurs tels que les plastiques, l'automobile et l'\u00e9lectronique. Il est id\u00e9al pour les tests de stockage, les \u00e9valuations des performances en temp\u00e9rature, etc.<\/span><\/p>\n<div class=\"is-divider divider clearfix\" style=\"max-width:medium;\"><\/div>\n\t<div id=\"gap-713063678\" class=\"gap-element clearfix\" style=\"display:block; height:auto;\">\n\t\t\n<style>\n#gap-713063678 {\n  padding-top: 15px;\n}\n<\/style>\n\t<\/div>\n\t\n<h4><span style=\"color: #282828; font-size: 110%;\"><strong><b class=\"lazyloaded\">Essais\u00a0<\/b><\/strong><strong><b>S<\/b><\/strong><strong><b>tandards :<\/b><\/strong><\/span><\/h4>\n<p><span style=\"color: #282828;\">IEC 60068-2-1 IEC 60068-2-2 : 2007 IEC 60068-2-14<\/span><\/p>\n<p><span style=\"color: #282828;\">IEC 60068-2-30 IEC 60068-2-38 IEC 60068-2-78<\/span><\/p>\n<p><span style=\"color: #282828;\">ISO 16750-4 MIL-STD-810G ASTM E1457-13<\/span><\/p>\n<p><span style=\"color: #282828;\">JESD22-A101<\/span><\/p>\n<div class=\"is-divider divider clearfix\" style=\"max-width:medium;\"><\/div>\n\t<div id=\"gap-297403218\" class=\"gap-element clearfix\" style=\"display:block; height:auto;\">\n\t\t\n<style>\n#gap-297403218 {\n  padding-top: 15px;\n}\n<\/style>\n\t<\/div>\n\t\n<h4><span style=\"color: #282828; font-size: 110%;\"><strong><b>Sp\u00e9cification :<\/b><\/strong><\/span><\/h4>\n\n<table id=\"tablepress-4\" class=\"tablepress tablepress-id-4 tbody-has-connected-cells\">\n<tbody class=\"row-striping row-hover\">\n<tr class=\"row-1\">\n\t<td class=\"column-1\">Mod\u00e8le<\/td><td class=\"column-2\">SZ-A-36(A\uff5eG)<\/td><td class=\"column-3\">SZ-D-36(A\uff5eG)<\/td>\n<\/tr>\n<tr class=\"row-2\">\n\t<td class=\"column-1\">Type<\/td><td class=\"column-2\">Chambre de temp\u00e9rature et d'humidit\u00e9<\/td><td class=\"column-3\">Chambre de temp\u00e9rature<\/td>\n<\/tr>\n<tr class=\"row-3\">\n\t<td class=\"column-1\">Taille int\u00e9rieure WxHxD (mm)<\/td><td colspan=\"2\" class=\"column-2\">300x400x300 (36L)<\/td>\n<\/tr>\n<tr class=\"row-4\">\n\t<td class=\"column-1\">Taille ext\u00e9rieure LxHxP (mm)<\/td><td colspan=\"2\" class=\"column-2\">850\u00d7900\u00d7860<\/td>\n<\/tr>\n<tr class=\"row-5\">\n\t<td class=\"column-1\">Poids<\/td><td colspan=\"2\" class=\"column-2\">160 kg<\/td>\n<\/tr>\n<tr class=\"row-6\">\n\t<td class=\"column-1\">Plage de temp\u00e9rature<\/td><td colspan=\"2\" class=\"column-2\">-70\u2103\uff5e+150\u2103 (B:-40\u2103 D:-40\u2103 G:-70\u2103)<\/td>\n<\/tr>\n<tr class=\"row-7\">\n\t<td class=\"column-1\">Plage d'humidit\u00e9<\/td><td class=\"column-2\">20%\uff5e98%RH<\/td><td class=\"column-3\">\/<\/td>\n<\/tr>\n<tr class=\"row-8\">\n\t<td class=\"column-1\">Fluctuation de la temp\u00e9rature et de l'humidit\u00e9<\/td><td colspan=\"2\" class=\"column-2\">\u00b10.5\u2103 ;<br \/>\n\u00b12,0%RH (*applicable \u00e0 la chambre d'humidit\u00e9 uniquement)<\/td>\n<\/tr>\n<tr class=\"row-9\">\n\t<td class=\"column-1\">\u00c9cart de temp\u00e9rature \/ d'humidit\u00e9<\/td><td colspan=\"2\" class=\"column-2\">\u00b12\u2103 (\u2264200\u2103)\uff1b\u00b13\u2103 (\u2264300\u2103)<br \/>\n\u2264\u00b13.0%RH (&gt;75%RH) ; \u2264\u00b15.0%RH (\u226475%RH) (*applicable \u00e0 la chambre humide uniquement)<\/td>\n<\/tr>\n<tr class=\"row-10\">\n\t<td class=\"column-1\">Taux de chauffage\/refroidissement<\/td><td colspan=\"2\" class=\"column-2\">Vitesse de chauffe moyenne \u2265 4.0\u2103\/min<br \/>\nVitesse de refroidissement moyenne \u2265 1.5\u2103\/min<br \/>\n<br \/>\n(Selon IEC60068-3-5, IEC60068-3-6)<\/td>\n<\/tr>\n<tr class=\"row-11\">\n\t<td class=\"column-1\">Fonctionnalit\u00e9 empilable<\/td><td colspan=\"2\" class=\"column-2\">\u00c9quip\u00e9 de pi\u00e8ces de fixation permettant au client d'empiler les chambres du m\u00eame mod\u00e8le sans probl\u00e8me et sans racks suppl\u00e9mentaires.<\/td>\n<\/tr>\n<tr class=\"row-12\">\n\t<td class=\"column-1\">Dispositifs de protection de la s\u00e9curit\u00e9<\/td><td colspan=\"2\" class=\"column-2\">protection contre la surchauffe, protection contre l'\u00e9quilibrage automatique de la pression, protection contre l'accumulation d'eau au fond de la zone de test, protection contre la surchauffe du compresseur\/surintensit\u00e9\/surpression, protection contre la surchauffe du ventilateur de condensation\uff0csurcharge du moteur du ventilateur, protection contre les courts-circuits, protection contre l'inversion du ventilateur, protection contre la surchauffe du chauffage, protection contre les courts-circuits, protection contre les br\u00fblures s\u00e8ches, protection contre le manque d'eau (mod\u00e8les \u00e0 chambre d'humidit\u00e9 uniquement), protection contre les fuites \u00e0 la terre, protection contre les surcharges, protection contre les courts-circuits, protection contre les s\u00e9quences de phases.<\/td>\n<\/tr>\n<\/tbody>\n<\/table>\n<!-- #tablepress-4 from cache -->\n\t<div id=\"gap-813787612\" class=\"gap-element clearfix\" style=\"display:block; height:auto;\">\n\t\t\n<style>\n#gap-813787612 {\n  padding-top: 30px;\n}\n<\/style>\n\t<\/div>\n\t\n<h3 style=\"text-align: center;\"><span style=\"color: #282828;\">Obtenir un devis<\/span><\/h3>\n\n<div class=\"wpcf7 no-js\" id=\"wpcf7-f280-o1\" lang=\"en-US\" dir=\"ltr\" data-wpcf7-id=\"280\">\n<div class=\"screen-reader-response\"><p role=\"status\" aria-live=\"polite\" aria-atomic=\"true\"><\/p> <ul><\/ul><\/div>\n<form action=\"\/fr\/wp-json\/wp\/v2\/product\/1802#wpcf7-f280-o1\" method=\"post\" class=\"wpcf7-form init\" aria-label=\"Contact form\" novalidate=\"novalidate\" data-status=\"init\" data-trp-original-action=\"\/fr\/wp-json\/wp\/v2\/product\/1802#wpcf7-f280-o1\">\n<fieldset class=\"hidden-fields-container\"><input type=\"hidden\" name=\"_wpcf7\" value=\"280\" \/><input type=\"hidden\" name=\"_wpcf7_version\" value=\"6.1.2\" \/><input type=\"hidden\" name=\"_wpcf7_locale\" value=\"en_US\" \/><input type=\"hidden\" name=\"_wpcf7_unit_tag\" value=\"wpcf7-f280-o1\" \/><input type=\"hidden\" name=\"_wpcf7_container_post\" value=\"0\" \/><input type=\"hidden\" name=\"_wpcf7_posted_data_hash\" value=\"\" \/>\n<\/fieldset>\n<div class='custom_contact_style'>\n\t<div class=\"row row-small\">\n\t\t<div class=\"col medium-6 small-12 large-6\">\n\t\t\t<div class=\"col-inner\">\n\t\t\t\t<p><span class=\"wpcf7-form-control-wrap\" data-name=\"your-name\"><input size=\"40\" maxlength=\"400\" class=\"wpcf7-form-control wpcf7-text wpcf7-validates-as-required\" aria-required=\"true\" aria-invalid=\"false\" placeholder=\"Nom*\" value=\"\" type=\"text\" name=\"your-name\" \/><\/span>\n\t\t\t\t<\/p>\n\t\t\t<\/div>\n\t\t<\/div>\n\t\t<div class=\"col medium-6 small-12 large-6\">\n\t\t\t<div class=\"col-inner\">\n\t\t\t\t<p><span class=\"wpcf7-form-control-wrap\" data-name=\"your-email\"><input size=\"40\" maxlength=\"400\" class=\"wpcf7-form-control wpcf7-email wpcf7-validates-as-required wpcf7-text wpcf7-validates-as-email\" aria-required=\"true\" aria-invalid=\"false\" placeholder=\"Courriel*\" value=\"\" type=\"email\" name=\"your-email\" \/><\/span>\n\t\t\t\t<\/p>\n\t\t\t<\/div>\n\t\t<\/div>\n\t<\/div>\n\t<div class='cus_contact_form_bottom'>\n\t\t<p><span class=\"wpcf7-form-control-wrap\" data-name=\"your-phone\"><input size=\"40\" maxlength=\"400\" class=\"wpcf7-form-control wpcf7-text\" aria-invalid=\"false\" placeholder=\"T\u00e9l\u00e9phone\" value=\"\" type=\"text\" name=\"your-phone\" \/><\/span>\n\t\t<\/p>\n\t<\/div>\n\t<div class='cus_contact_form_bottom'>\n\t\t<p><span class=\"wpcf7-form-control-wrap\" data-name=\"your-country\"><input size=\"40\" maxlength=\"400\" class=\"wpcf7-form-control wpcf7-text\" aria-invalid=\"false\" placeholder=\"Pays\" value=\"\" type=\"text\" name=\"your-country\" \/><\/span>\n\t\t<\/p>\n\t<\/div>\n\t<p><span class=\"wpcf7-form-control-wrap\" data-name=\"your-message\"><textarea cols=\"40\" rows=\"10\" maxlength=\"2000\" class=\"wpcf7-form-control wpcf7-textarea wpcf7-validates-as-required\" aria-required=\"true\" aria-invalid=\"false\" placeholder=\"Votre message *\" name=\"your-message\"><\/textarea><\/span>\n\t<\/p>\n\t<div style=\"margin-bottom:10px;\">\n\t\t<p><span class=\"wpcf7-form-control-wrap kc_captcha cf7ic-toggle\" data-name=\"kc_captcha\"><span class=\"wpcf7-form-control wpcf7-radio\"><span class=\"captcha-image\" style=\"display: none;\"><span class=\"cf7ic_instructions\">Please prove you are human by selecting the<span> plane<\/span>.<\/span><label><input aria-label=\"1\" type=\"radio\" name=\"kc_captcha\" value=\"bot\" \/><svg aria-hidden=\"true\" role=\"img\" xmlns=\"http:\/\/www.w3.org\/2000\/svg\" viewbox=\"0 0 576 512\"><path fill=\"currentColor\" d=\"M259 18l-65 132-146 22c-26 3-37 36-18 54l106 103-25 146c-5 26 23 46 46 33l131-68 131 68c23 13 51-7 46-33l-25-146 106-103c19-18 8-51-18-54l-146-22-65-132a32 32 0 00-58 0z\"\/><\/svg><\/label><label><input aria-label=\"2\" type=\"radio\" name=\"kc_captcha\" value=\"bot\" \/><svg aria-hidden=\"true\" role=\"img\" xmlns=\"http:\/\/www.w3.org\/2000\/svg\" viewbox=\"0 0 512 512\"><path fill=\"currentColor\" d=\"M500 168h-55l-8-21a127 127 0 00-120-83H195a127 127 0 00-120 83l-8 21H12c-8 0-14 8-11 16l8 24a12 12 0 0011 8h29a64 64 0 00-33 56v48c0 16 6 31 16 42v62c0 13 11 24 24 24h48c13 0 24-11 24-24v-40h256v40c0 13 11 24 24 24h48c13 0 24-11 24-24v-62c10-11 16-26 16-42v-48c0-24-13-45-33-56h29a12 12 0 0011-8l8-24c3-8-3-16-11-16zm-365 2c9-25 33-42 60-42h122c27 0 51 17 60 42l15 38H120l15-38zM88 328a32 32 0 010-64c18 0 48 30 48 48s-30 16-48 16zm336 0c-18 0-48 2-48-16s30-48 48-48 32 14 32 32-14 32-32 32z\"\/><\/svg><\/label><label><input aria-label=\"3\" type=\"radio\" name=\"kc_captcha\" value=\"kc_human\" \/><svg aria-hidden=\"true\" role=\"img\" xmlns=\"http:\/\/www.w3.org\/2000\/svg\" viewbox=\"0 0 576 512\"><path fill=\"currentColor\" d=\"M472 200H360L256 6a12 12 0 00-10-6h-58c-8 0-14 7-12 15l34 185H100l-35-58a12 12 0 00-10-6H12c-8 0-13 7-12 14l21 106L0 362c-1 7 4 14 12 14h43c4 0 8-2 10-6l35-58h110l-34 185c-2 8 4 15 12 15h58a12 12 0 0010-6l104-194h112c57 0 104-25 104-56s-47-56-104-56z\"\/><\/svg><\/label>\r\n    <\/span>\r\n    <span style=\"display:none\">\r\n        <input type=\"text\" name=\"kc_honeypot\">\r\n    <\/span><\/span><\/span>\n\t\t<\/p>\n\t<\/div>\n\t<p><input class=\"wpcf7-form-control wpcf7-submit has-spinner\" type=\"submit\" value=\"Envoyer un message\" \/>\n\t<\/p>\n<\/div><div class=\"wpcf7-response-output\" aria-hidden=\"true\"><\/div>\n<input type=\"hidden\" name=\"trp-form-language\" value=\"fr\"\/><\/form>\n<\/div>\n\n<p><a href=\"https:\/\/gaattestequipment.com\/fr\/\"><em><span style=\"color: #282828;\">Retour \u00e0 l'accueil&gt;&gt;&gt;<\/span><\/em><\/a><\/p>","protected":false},"excerpt":{"rendered":"<p><span style=\"color: #282828;\">La chambre climatique de paillasse simule une large gamme de conditions de temp\u00e9rature et d'humidit\u00e9, id\u00e9ale pour tester de petits produits dans des espaces limit\u00e9s. Sa conception compacte s'adapte facilement sur ou sous un bureau, offrant des tests environnementaux efficaces et performants pour les laboratoires.<\/span><\/p>","protected":false},"featured_media":1720,"comment_status":"open","ping_status":"closed","template":"","meta":[],"product_brand":[],"product_cat":[15],"product_tag":[],"class_list":{"0":"post-1802","1":"product","2":"type-product","3":"status-publish","4":"has-post-thumbnail","6":"product_cat-climate-chamber-category","8":"first","9":"instock","10":"shipping-taxable","11":"product-type-simple"},"yoast_head":"<!-- This site is optimized with the Yoast SEO plugin v26.0 - https:\/\/yoast.com\/wordpress\/plugins\/seo\/ -->\n<title>Benchtop Environmental Chamber for Testing<\/title>\n<meta name=\"description\" content=\"Benchtop environmental chamber of high quality. We support sample for test and fast delivery. Offer after-sales service and two year warranty.\" \/>\n<meta name=\"robots\" content=\"index, follow, max-snippet:-1, max-image-preview:large, max-video-preview:-1\" \/>\n<link rel=\"canonical\" href=\"https:\/\/gaattestequipment.com\/fr\/manufacturer\/benchtop-environmental-chamber\/\" \/>\n<meta property=\"og:locale\" content=\"fr_FR\" \/>\n<meta property=\"og:type\" content=\"article\" \/>\n<meta property=\"og:title\" content=\"Benchtop Environmental Chamber for Testing\" \/>\n<meta property=\"og:description\" content=\"Benchtop environmental chamber of high quality. We support sample for test and fast delivery. Offer after-sales service and two year warranty.\" \/>\n<meta property=\"og:url\" content=\"https:\/\/gaattestequipment.com\/fr\/manufacturer\/benchtop-environmental-chamber\/\" \/>\n<meta property=\"og:site_name\" content=\"GAAT\" \/>\n<meta property=\"article:modified_time\" content=\"2025-01-17T07:08:54+00:00\" \/>\n<meta property=\"og:image\" content=\"https:\/\/gaattestequipment.com\/wp-content\/uploads\/2024\/11\/GAAT-climate-chamber-benchtop-climatic-chamber-2.png\" \/>\n\t<meta property=\"og:image:width\" content=\"800\" \/>\n\t<meta property=\"og:image:height\" content=\"800\" \/>\n\t<meta property=\"og:image:type\" content=\"image\/png\" \/>\n<meta name=\"twitter:card\" content=\"summary_large_image\" \/>\n<meta name=\"twitter:label1\" content=\"Dur\u00e9e de lecture estim\u00e9e\" \/>\n\t<meta name=\"twitter:data1\" content=\"1 minute\" \/>\n<script type=\"application\/ld+json\" class=\"yoast-schema-graph\">{\"@context\":\"https:\/\/schema.org\",\"@graph\":[{\"@type\":\"WebPage\",\"@id\":\"https:\/\/gaattestequipment.com\/ar\/manufacturer\/benchtop-environmental-chamber\/\",\"url\":\"https:\/\/gaattestequipment.com\/ar\/manufacturer\/benchtop-environmental-chamber\/\",\"name\":\"Benchtop Environmental Chamber for Testing\",\"isPartOf\":{\"@id\":\"https:\/\/mistyrose-dunlin-619425.hostingersite.com\/#website\"},\"primaryImageOfPage\":{\"@id\":\"https:\/\/gaattestequipment.com\/ar\/manufacturer\/benchtop-environmental-chamber\/#primaryimage\"},\"image\":{\"@id\":\"https:\/\/gaattestequipment.com\/ar\/manufacturer\/benchtop-environmental-chamber\/#primaryimage\"},\"thumbnailUrl\":\"https:\/\/gaattestequipment.com\/wp-content\/uploads\/2024\/11\/GAAT-climate-chamber-benchtop-climatic-chamber-2.png\",\"datePublished\":\"2024-11-12T01:58:05+00:00\",\"dateModified\":\"2025-01-17T07:08:54+00:00\",\"description\":\"Benchtop environmental chamber of high quality. We support sample for test and fast delivery. Offer after-sales service and two year warranty.\",\"breadcrumb\":{\"@id\":\"https:\/\/gaattestequipment.com\/ar\/manufacturer\/benchtop-environmental-chamber\/#breadcrumb\"},\"inLanguage\":\"fr-FR\",\"potentialAction\":[{\"@type\":\"ReadAction\",\"target\":[\"https:\/\/gaattestequipment.com\/ar\/manufacturer\/benchtop-environmental-chamber\/\"]}]},{\"@type\":\"ImageObject\",\"inLanguage\":\"fr-FR\",\"@id\":\"https:\/\/gaattestequipment.com\/ar\/manufacturer\/benchtop-environmental-chamber\/#primaryimage\",\"url\":\"https:\/\/gaattestequipment.com\/wp-content\/uploads\/2024\/11\/GAAT-climate-chamber-benchtop-climatic-chamber-2.png\",\"contentUrl\":\"https:\/\/gaattestequipment.com\/wp-content\/uploads\/2024\/11\/GAAT-climate-chamber-benchtop-climatic-chamber-2.png\",\"width\":800,\"height\":800,\"caption\":\"benchtop climatic chamber\"},{\"@type\":\"BreadcrumbList\",\"@id\":\"https:\/\/gaattestequipment.com\/ar\/manufacturer\/benchtop-environmental-chamber\/#breadcrumb\",\"itemListElement\":[{\"@type\":\"ListItem\",\"position\":1,\"name\":\"Home\",\"item\":\"https:\/\/mistyrose-dunlin-619425.hostingersite.com\/\"},{\"@type\":\"ListItem\",\"position\":2,\"name\":\"Products\",\"item\":\"https:\/\/gaattestequipment.com\/shop\/\"},{\"@type\":\"ListItem\",\"position\":3,\"name\":\"Benchtop Climatic Chamber\"}]},{\"@type\":\"WebSite\",\"@id\":\"https:\/\/mistyrose-dunlin-619425.hostingersite.com\/#website\",\"url\":\"https:\/\/mistyrose-dunlin-619425.hostingersite.com\/\",\"name\":\"GAAT\",\"description\":\"Manufacturer of environmental and reliability testing instruments\",\"potentialAction\":[{\"@type\":\"SearchAction\",\"target\":{\"@type\":\"EntryPoint\",\"urlTemplate\":\"https:\/\/mistyrose-dunlin-619425.hostingersite.com\/?s={search_term_string}\"},\"query-input\":{\"@type\":\"PropertyValueSpecification\",\"valueRequired\":true,\"valueName\":\"search_term_string\"}}],\"inLanguage\":\"fr-FR\"}]}<\/script>\n<!-- \/ Yoast SEO plugin. -->","yoast_head_json":{"title":"Enceinte climatique de banc d'essai","description":"Enceinte climatique de table de haute qualit\u00e9. Nous prenons en charge les \u00e9chantillons pour les tests et les livraisons rapides. Nous offrons un service apr\u00e8s-vente et une garantie de deux ans.","robots":{"index":"index","follow":"follow","max-snippet":"max-snippet:-1","max-image-preview":"max-image-preview:large","max-video-preview":"max-video-preview:-1"},"canonical":"https:\/\/gaattestequipment.com\/fr\/manufacturer\/benchtop-environmental-chamber\/","og_locale":"fr_FR","og_type":"article","og_title":"Benchtop Environmental Chamber for Testing","og_description":"Benchtop environmental chamber of high quality. We support sample for test and fast delivery. Offer after-sales service and two year warranty.","og_url":"https:\/\/gaattestequipment.com\/fr\/manufacturer\/benchtop-environmental-chamber\/","og_site_name":"GAAT","article_modified_time":"2025-01-17T07:08:54+00:00","og_image":[{"width":800,"height":800,"url":"https:\/\/gaattestequipment.com\/wp-content\/uploads\/2024\/11\/GAAT-climate-chamber-benchtop-climatic-chamber-2.png","type":"image\/png"}],"twitter_card":"summary_large_image","twitter_misc":{"Dur\u00e9e de lecture estim\u00e9e":"1 minute"},"schema":{"@context":"https:\/\/schema.org","@graph":[{"@type":"WebPage","@id":"https:\/\/gaattestequipment.com\/ar\/manufacturer\/benchtop-environmental-chamber\/","url":"https:\/\/gaattestequipment.com\/ar\/manufacturer\/benchtop-environmental-chamber\/","name":"Enceinte climatique de banc d'essai","isPartOf":{"@id":"https:\/\/mistyrose-dunlin-619425.hostingersite.com\/#website"},"primaryImageOfPage":{"@id":"https:\/\/gaattestequipment.com\/ar\/manufacturer\/benchtop-environmental-chamber\/#primaryimage"},"image":{"@id":"https:\/\/gaattestequipment.com\/ar\/manufacturer\/benchtop-environmental-chamber\/#primaryimage"},"thumbnailUrl":"https:\/\/gaattestequipment.com\/wp-content\/uploads\/2024\/11\/GAAT-climate-chamber-benchtop-climatic-chamber-2.png","datePublished":"2024-11-12T01:58:05+00:00","dateModified":"2025-01-17T07:08:54+00:00","description":"Enceinte climatique de table de haute qualit\u00e9. Nous prenons en charge les \u00e9chantillons pour les tests et les livraisons rapides. Nous offrons un service apr\u00e8s-vente et une garantie de deux ans.","breadcrumb":{"@id":"https:\/\/gaattestequipment.com\/ar\/manufacturer\/benchtop-environmental-chamber\/#breadcrumb"},"inLanguage":"fr-FR","potentialAction":[{"@type":"ReadAction","target":["https:\/\/gaattestequipment.com\/ar\/manufacturer\/benchtop-environmental-chamber\/"]}]},{"@type":"ImageObject","inLanguage":"fr-FR","@id":"https:\/\/gaattestequipment.com\/ar\/manufacturer\/benchtop-environmental-chamber\/#primaryimage","url":"https:\/\/gaattestequipment.com\/wp-content\/uploads\/2024\/11\/GAAT-climate-chamber-benchtop-climatic-chamber-2.png","contentUrl":"https:\/\/gaattestequipment.com\/wp-content\/uploads\/2024\/11\/GAAT-climate-chamber-benchtop-climatic-chamber-2.png","width":800,"height":800,"caption":"benchtop climatic chamber"},{"@type":"BreadcrumbList","@id":"https:\/\/gaattestequipment.com\/ar\/manufacturer\/benchtop-environmental-chamber\/#breadcrumb","itemListElement":[{"@type":"ListItem","position":1,"name":"Home","item":"https:\/\/mistyrose-dunlin-619425.hostingersite.com\/"},{"@type":"ListItem","position":2,"name":"Products","item":"https:\/\/gaattestequipment.com\/shop\/"},{"@type":"ListItem","position":3,"name":"Benchtop Climatic Chamber"}]},{"@type":"WebSite","@id":"https:\/\/mistyrose-dunlin-619425.hostingersite.com\/#website","url":"https:\/\/mistyrose-dunlin-619425.hostingersite.com\/","name":"GAAT","description":"Fabricant d'instruments d'essais environnementaux et de fiabilit\u00e9","potentialAction":[{"@type":"SearchAction","target":{"@type":"EntryPoint","urlTemplate":"https:\/\/mistyrose-dunlin-619425.hostingersite.com\/?s={search_term_string}"},"query-input":{"@type":"PropertyValueSpecification","valueRequired":true,"valueName":"search_term_string"}}],"inLanguage":"fr-FR"}]}},"_links":{"self":[{"href":"https:\/\/gaattestequipment.com\/fr\/wp-json\/wp\/v2\/product\/1802","targetHints":{"allow":["GET"]}}],"collection":[{"href":"https:\/\/gaattestequipment.com\/fr\/wp-json\/wp\/v2\/product"}],"about":[{"href":"https:\/\/gaattestequipment.com\/fr\/wp-json\/wp\/v2\/types\/product"}],"replies":[{"embeddable":true,"href":"https:\/\/gaattestequipment.com\/fr\/wp-json\/wp\/v2\/comments?post=1802"}],"wp:featuredmedia":[{"embeddable":true,"href":"https:\/\/gaattestequipment.com\/fr\/wp-json\/wp\/v2\/media\/1720"}],"wp:attachment":[{"href":"https:\/\/gaattestequipment.com\/fr\/wp-json\/wp\/v2\/media?parent=1802"}],"wp:term":[{"taxonomy":"product_brand","embeddable":true,"href":"https:\/\/gaattestequipment.com\/fr\/wp-json\/wp\/v2\/product_brand?post=1802"},{"taxonomy":"product_cat","embeddable":true,"href":"https:\/\/gaattestequipment.com\/fr\/wp-json\/wp\/v2\/product_cat?post=1802"},{"taxonomy":"product_tag","embeddable":true,"href":"https:\/\/gaattestequipment.com\/fr\/wp-json\/wp\/v2\/product_tag?post=1802"}],"curies":[{"name":"wp","href":"https:\/\/api.w.org\/{rel}","templated":true}]}}