{"id":1800,"date":"2024-11-11T08:31:42","date_gmt":"2024-11-11T08:31:42","guid":{"rendered":"https:\/\/gaattestequipment.com\/?post_type=product&#038;p=1800"},"modified":"2025-02-10T08:43:16","modified_gmt":"2025-02-10T08:43:16","slug":"ess-chamber","status":"publish","type":"product","link":"https:\/\/gaattestequipment.com\/fr\/manufacturer\/ess-chamber\/","title":{"rendered":"Chambre ESS"},"content":{"rendered":"<div id=\"text-309282515\" class=\"text\">\n\t\t\n<h3><strong><b>Caract\u00e9ristiques de la chambre ESS :<\/b><\/strong><\/h3>\n<p>Diff\u00e9rentes contraintes peuvent \u00eatre r\u00e9gl\u00e9es pour filtrer le taux de changement de temp\u00e9rature:5\u2103\/min\u300110\u2103\/min\u300115\u2103\/min\u300120\u2103\/min. R\u00e9pond au d\u00e9pistage du stress et au processus sans plomb des produits d'\u00e9quipement \u00e9lectronique. Large plage de temp\u00e9rature de -70\u2103~+180\u2103.<\/p>\n<div class=\"is-divider divider clearfix\" style=\"max-width:medium;\"><\/div>\n\t<div id=\"gap-1834137663\" class=\"gap-element clearfix\" style=\"display:block; height:auto;\">\n\t\t\n<style>\n#gap-1834137663 {\n  padding-top: 15px;\n}\n<\/style>\n\t<\/div>\n\t\n<h3><strong><b class=\"lazyloaded\">Application de la chambre ESS :<\/b><\/strong><\/h3>\n<p>produits d'\u00e9quipement \u00e9lectronique<\/p>\n<div class=\"is-divider divider clearfix\" style=\"max-width:medium;\"><\/div>\n\t<div id=\"gap-227457657\" class=\"gap-element clearfix\" style=\"display:block; height:auto;\">\n\t\t\n<style>\n#gap-227457657 {\n  padding-top: 15px;\n}\n<\/style>\n\t<\/div>\n\t\n<h3><strong><b>Normes d'essai :<\/b><\/strong><\/h3>\n<p>IEC 60068-2-1 IEC 60068-2-2 : 2007 IEC 60068-2-14 IEC 60068-2-30 IEC 60068-2-38 IEC 60068-2-78 ISO 16750-4 MIL-STD-810G ASTM E1457-13 JESD22-A10 MIL-STD-2164\u3001MIL-344A-4-16\u3001MIL-2164A-19\u3001NABMAT-9492\u3001GJB-1032-90\u3001GJB\/Z34-5.1.6\u3001IPC-9701<br \/>\n\t\t\n<style>\n#text-309282515 {\n  color: rgb(0,0,0);\n}\n#text-309282515 > * {\n  color: rgb(0,0,0);\n}\n<\/style>\n\t<\/div>\n\t\n<div class=\"is-divider divider clearfix\" style=\"max-width:medium;\"><\/div>\n\t<div id=\"text-2204988814\" class=\"text show-for-small\">\n\t\t\n<p><strong><span style=\"color: #282828;\">Param\u00e8tres techniques<\/span><\/strong><\/p>\n\n<table id=\"tablepress-25\" class=\"tablepress tablepress-id-25 tbody-has-connected-cells\">\n<tbody class=\"row-striping row-hover\">\n<tr class=\"row-1\">\n\t<td class=\"column-1\">Temp\u00e9rature et humidit\u00e9<\/td><td colspan=\"2\" class=\"column-2\">SZ-A-FX-225C\/D\/G\u3001SZ-A-FX-408C\/D\/G\u3001SZ-A-FX-608C\/D\/G\u3001SZ-A-FX-1000C\/D\/G<\/td>\n<\/tr>\n<tr class=\"row-2\">\n\t<td class=\"column-1\">Temp seulement<\/td><td colspan=\"2\" class=\"column-2\">SZ-D-FX-225C\/D\/G\u3001SZ-D-FX-408C\/D\/G\u3001SZ-D-FX-608C\/D\/G\u3001SZ-D-FX-1000C\/D\/G<\/td>\n<\/tr>\n<tr class=\"row-3\">\n\t<td class=\"column-1\">Plage de temp\u00e9rature<\/td><td colspan=\"2\" class=\"column-2\">C : -20\u2103\uff5e+150\/+180\u2103 D : -40\u2103\uff5e+150\/+180\u2103 G : -70\u2103\uff5e+150\/+180\u2103<\/td>\n<\/tr>\n<tr class=\"row-4\">\n\t<td class=\"column-1\">Pr\u00e9cision du contr\u00f4le de la temp\u00e9rature<\/td><td colspan=\"2\" class=\"column-2\">R\u00e9solution de la temp\u00e9rature : 0.01\u2103<br \/>\nFluctuation de la temp\u00e9rature : \u2264\u00b10.5\u2103<br \/>\nVariation de la temp\u00e9rature : \u2264\u00b12.0\u2103<br \/>\nGradient de temp\u00e9rature : \u2264\u00b12.0\u2103<\/td>\n<\/tr>\n<tr class=\"row-5\">\n\t<td class=\"column-1\">Taux de chauffage\/refroidissement<\/td><td colspan=\"2\" class=\"column-2\">F5\u22655\u2103\/min F10\u226510\u2103\/min F15\u226515\u2103\/min F20\u226520\u2103\/min<br \/>\n(lin\u00e9aire\/non lin\u00e9aire)<\/td>\n<\/tr>\n<tr class=\"row-6\">\n\t<td class=\"column-1\">Plage d'humidit\u00e9<\/td><td colspan=\"2\" class=\"column-2\">20%\uff5e98%RH (par +20\u2103\uff5e+85\u2103) standard<br \/>\n10%\uff5e98%RH (par +20\u2103\uff5e+85\u2103) facultatif<\/td>\n<\/tr>\n<tr class=\"row-7\">\n\t<td class=\"column-1\">Pr\u00e9cision du contr\u00f4le de l'humidit\u00e9<\/td><td colspan=\"2\" class=\"column-2\">R\u00e9solution de l'humidit\u00e9 : 0,1%RH<br \/>\nFluctuation de l'humidit\u00e9 : \u2264\u00b13%RH<br \/>\nVariation de l'humidit\u00e9 : \u2264\u00b13%RH (&gt;75%RH) ; \u2264\u00b15%RH (\u226475%RH)<\/td>\n<\/tr>\n<tr class=\"row-8\">\n\t<td class=\"column-1\">Chauffage<\/td><td colspan=\"2\" class=\"column-2\">Chauffage \u00e9lectronique au nichrome<\/td>\n<\/tr>\n<tr class=\"row-9\">\n\t<td class=\"column-1\">Unit\u00e9 de r\u00e9frig\u00e9ration<\/td><td colspan=\"2\" class=\"column-2\">M\u00e9thode de r\u00e9frig\u00e9ration : Refroidissement par air\/refroidissement par eau<\/td>\n<\/tr>\n<tr class=\"row-10\">\n\t<td class=\"column-1\">Dimensions de l'espace de travail (L*H*P)<\/td><td colspan=\"2\" class=\"column-2\">500*750*600\u3001600*850*800\u3001800*950*800\u30011000*1000*1000<\/td>\n<\/tr>\n<tr class=\"row-11\">\n\t<td class=\"column-1\">Dimensions ext\u00e9rieures (L*H*P)<\/td><td colspan=\"2\" class=\"column-2\">1000*1750*1300\u30011100*1850*1500\u30011300*1950*1500\u30011500*2000*1700<\/td>\n<\/tr>\n<\/tbody>\n<\/table>\n<!-- #tablepress-25 from cache -->\n\t\t\t<\/div>\n\t\n\t<div id=\"gap-444913847\" class=\"gap-element clearfix\" style=\"display:block; height:auto;\">\n\t\t\n<style>\n#gap-444913847 {\n  padding-top: 15px;\n}\n<\/style>\n\t<\/div>\n\t\n\t<div id=\"text-1699216147\" class=\"text hide-for-small\">\n\t\t\n<h3><span style=\"color: #282828;\"><strong><b>Fiche technique :<\/b><\/strong><\/span><\/h3>\n\n<table id=\"tablepress-2\" class=\"tablepress tablepress-id-2 tbody-has-connected-cells\">\n<tbody class=\"row-striping row-hover\">\n<tr class=\"row-1\">\n\t<td class=\"column-1\">Temp\u00e9rature et humidit\u00e9<\/td><td class=\"column-2\">SZ-A-FX-225C\/D\/G<\/td><td class=\"column-3\">SZ-A-FX-408C\/D\/G<\/td><td class=\"column-4\">SZ-A-FX-608C\/D\/G<\/td><td class=\"column-5\">SZ-A-FX-1000C\/D\/G<\/td>\n<\/tr>\n<tr class=\"row-2\">\n\t<td class=\"column-1\">Temp seulement<\/td><td class=\"column-2\">SZ-D-FX-225C\/D\/G<\/td><td class=\"column-3\">SZ-D-FX-408C\/D\/G<\/td><td class=\"column-4\">SZ-D-FX-608C\/D\/G<\/td><td class=\"column-5\">SZ-D-FX-1000C\/D\/G<\/td>\n<\/tr>\n<tr class=\"row-3\">\n\t<td class=\"column-1\">Plage de temp\u00e9rature<\/td><td colspan=\"4\" class=\"column-2\">C : -20\u2103\uff5e+150\/+180\u2103 D : -40\u2103\uff5e+150\/+180\u2103 G : -70\u2103\uff5e+150\/+180\u2103<\/td>\n<\/tr>\n<tr class=\"row-4\">\n\t<td class=\"column-1\">Pr\u00e9cision du contr\u00f4le de la temp\u00e9rature<\/td><td colspan=\"4\" class=\"column-2\">R\u00e9solution de la temp\u00e9rature : 0.01\u2103<br \/>\nFluctuation de la temp\u00e9rature : \u2264\u00b10.5\u2103<br \/>\nVariation de la temp\u00e9rature : \u2264\u00b12.0\u2103<br \/>\nGradient de temp\u00e9rature : \u2264\u00b12.0\u2103<\/td>\n<\/tr>\n<tr class=\"row-5\">\n\t<td class=\"column-1\">Taux de chauffage\/refroidissement<\/td><td colspan=\"4\" class=\"column-2\">F5\u22655\u2103\/min F10\u226510\u2103\/min F15\u226515\u2103\/min F20\u226520\u2103\/min<br \/>\n(lin\u00e9aire\/non lin\u00e9aire)<\/td>\n<\/tr>\n<tr class=\"row-6\">\n\t<td class=\"column-1\">Plage d'humidit\u00e9<\/td><td colspan=\"4\" class=\"column-2\">20%\uff5e98%RH (par +20\u2103\uff5e+85\u2103) standard<br \/>\n10%\uff5e98%RH (par +20\u2103\uff5e+85\u2103) facultatif<\/td>\n<\/tr>\n<tr class=\"row-7\">\n\t<td class=\"column-1\">Pr\u00e9cision du contr\u00f4le de l'humidit\u00e9<\/td><td colspan=\"4\" class=\"column-2\">R\u00e9solution de l'humidit\u00e9 : 0,1%RH<br \/>\nFluctuation de l'humidit\u00e9 : \u2264\u00b13%RH<br \/>\n<br \/>\nVariation de l'humidit\u00e9 : \u2264\u00b13%RH (&gt;75%RH) ; \u2264\u00b15%RH (\u226475%RH)<\/td>\n<\/tr>\n<tr class=\"row-8\">\n\t<td class=\"column-1\">Chauffage<\/td><td colspan=\"4\" class=\"column-2\">Chauffage \u00e9lectronique au nichrome<\/td>\n<\/tr>\n<tr class=\"row-9\">\n\t<td class=\"column-1\">Unit\u00e9 de r\u00e9frig\u00e9ration<\/td><td colspan=\"4\" class=\"column-2\">M\u00e9thode de r\u00e9frig\u00e9ration : Refroidissement par air\/refroidissement par eau<\/td>\n<\/tr>\n<tr class=\"row-10\">\n\t<td class=\"column-1\">Dimensions de l'espace de travail<\/td><td class=\"column-2\">500*750*600<br \/>\n(W*H*D)<\/td><td class=\"column-3\">600*850*800<br \/>\n(W*H*D)<\/td><td class=\"column-4\">800*950*800<br \/>\n(W*H*D)<\/td><td class=\"column-5\">1000*1000*1000<br \/>\n(W*H*D)<\/td>\n<\/tr>\n<tr class=\"row-11\">\n\t<td class=\"column-1\">Dimensions ext\u00e9rieures<\/td><td class=\"column-2\">1000*1750*1300<br \/>\n(W*H*D)<\/td><td class=\"column-3\">1100*1850*1500<br \/>\n(W*H*D)<\/td><td class=\"column-4\">1300*1950*1500<br \/>\n(W*H*D)<\/td><td class=\"column-5\">1500*2000*1700<br \/>\n(W*H*D)<\/td>\n<\/tr>\n<\/tbody>\n<\/table>\n<!-- #tablepress-2 from cache -->\n\t\t\t<\/div>\n\t\n\t<div id=\"gap-1234924630\" class=\"gap-element clearfix\" style=\"display:block; height:auto;\">\n\t\t\n<style>\n#gap-1234924630 {\n  padding-top: 30px;\n}\n<\/style>\n\t<\/div>\n\t\n<h3 style=\"text-align: center;\"><span style=\"color: #282828;\">Obtenir un devis<\/span><\/h3>\n\n<div class=\"wpcf7 no-js\" id=\"wpcf7-f280-o1\" lang=\"en-US\" dir=\"ltr\" data-wpcf7-id=\"280\">\n<div class=\"screen-reader-response\"><p role=\"status\" aria-live=\"polite\" aria-atomic=\"true\"><\/p> <ul><\/ul><\/div>\n<form action=\"\/fr\/wp-json\/wp\/v2\/product\/1800#wpcf7-f280-o1\" method=\"post\" class=\"wpcf7-form init\" aria-label=\"Contact form\" novalidate=\"novalidate\" data-status=\"init\" data-trp-original-action=\"\/fr\/wp-json\/wp\/v2\/product\/1800#wpcf7-f280-o1\">\n<fieldset class=\"hidden-fields-container\"><input type=\"hidden\" name=\"_wpcf7\" value=\"280\" \/><input type=\"hidden\" name=\"_wpcf7_version\" value=\"6.1.2\" \/><input type=\"hidden\" name=\"_wpcf7_locale\" value=\"en_US\" \/><input type=\"hidden\" name=\"_wpcf7_unit_tag\" value=\"wpcf7-f280-o1\" \/><input type=\"hidden\" name=\"_wpcf7_container_post\" value=\"0\" \/><input type=\"hidden\" name=\"_wpcf7_posted_data_hash\" value=\"\" \/>\n<\/fieldset>\n<div class='custom_contact_style'>\n\t<div class=\"row row-small\">\n\t\t<div class=\"col medium-6 small-12 large-6\">\n\t\t\t<div class=\"col-inner\">\n\t\t\t\t<p><span class=\"wpcf7-form-control-wrap\" data-name=\"your-name\"><input size=\"40\" maxlength=\"400\" class=\"wpcf7-form-control wpcf7-text wpcf7-validates-as-required\" aria-required=\"true\" aria-invalid=\"false\" placeholder=\"Nom*\" value=\"\" type=\"text\" name=\"your-name\" \/><\/span>\n\t\t\t\t<\/p>\n\t\t\t<\/div>\n\t\t<\/div>\n\t\t<div class=\"col medium-6 small-12 large-6\">\n\t\t\t<div class=\"col-inner\">\n\t\t\t\t<p><span class=\"wpcf7-form-control-wrap\" data-name=\"your-email\"><input size=\"40\" maxlength=\"400\" class=\"wpcf7-form-control wpcf7-email wpcf7-validates-as-required wpcf7-text wpcf7-validates-as-email\" aria-required=\"true\" aria-invalid=\"false\" placeholder=\"Courriel*\" value=\"\" type=\"email\" name=\"your-email\" \/><\/span>\n\t\t\t\t<\/p>\n\t\t\t<\/div>\n\t\t<\/div>\n\t<\/div>\n\t<div class='cus_contact_form_bottom'>\n\t\t<p><span class=\"wpcf7-form-control-wrap\" data-name=\"your-phone\"><input size=\"40\" maxlength=\"400\" class=\"wpcf7-form-control wpcf7-text\" aria-invalid=\"false\" placeholder=\"T\u00e9l\u00e9phone\" value=\"\" type=\"text\" name=\"your-phone\" \/><\/span>\n\t\t<\/p>\n\t<\/div>\n\t<div class='cus_contact_form_bottom'>\n\t\t<p><span class=\"wpcf7-form-control-wrap\" data-name=\"your-country\"><input size=\"40\" maxlength=\"400\" class=\"wpcf7-form-control wpcf7-text\" aria-invalid=\"false\" placeholder=\"Pays\" value=\"\" type=\"text\" name=\"your-country\" \/><\/span>\n\t\t<\/p>\n\t<\/div>\n\t<p><span class=\"wpcf7-form-control-wrap\" data-name=\"your-message\"><textarea cols=\"40\" rows=\"10\" maxlength=\"2000\" class=\"wpcf7-form-control wpcf7-textarea wpcf7-validates-as-required\" aria-required=\"true\" aria-invalid=\"false\" placeholder=\"Votre message *\" name=\"your-message\"><\/textarea><\/span>\n\t<\/p>\n\t<div style=\"margin-bottom:10px;\">\n\t\t<p><span class=\"wpcf7-form-control-wrap kc_captcha cf7ic-toggle\" data-name=\"kc_captcha\"><span class=\"wpcf7-form-control wpcf7-radio\"><span class=\"captcha-image\" style=\"display: none;\"><span class=\"cf7ic_instructions\">Please prove you are human by selecting the<span> cup<\/span>.<\/span><label><input aria-label=\"1\" type=\"radio\" name=\"kc_captcha\" value=\"bot\" \/><svg aria-hidden=\"true\" role=\"img\" xmlns=\"http:\/\/www.w3.org\/2000\/svg\" viewbox=\"0 0 576 512\"><path fill=\"currentColor\" d=\"M259 18l-65 132-146 22c-26 3-37 36-18 54l106 103-25 146c-5 26 23 46 46 33l131-68 131 68c23 13 51-7 46-33l-25-146 106-103c19-18 8-51-18-54l-146-22-65-132a32 32 0 00-58 0z\"\/><\/svg><\/label><label><input aria-label=\"2\" type=\"radio\" name=\"kc_captcha\" value=\"kc_human\" \/><svg aria-hidden=\"true\" role=\"img\" xmlns=\"http:\/\/www.w3.org\/2000\/svg\" viewbox=\"0 0 640 512\"><path fill=\"currentColor\" d=\"M192 384h192c53 0 96-43 96-96h32a128 128 0 000-256H120c-13 0-24 11-24 24v232c0 53 43 96 96 96zM512 96a64 64 0 010 128h-32V96h32zm48 384H48c-47 0-61-64-36-64h584c25 0 11 64-36 64z\"\/><\/svg><\/label><label><input aria-label=\"3\" type=\"radio\" name=\"kc_captcha\" value=\"bot\" \/><svg aria-hidden=\"true\" role=\"img\" xmlns=\"http:\/\/www.w3.org\/2000\/svg\" viewbox=\"0 0 512 512\"><path fill=\"currentColor\" d=\"M350 99c-54 0-98-35-166-35-25 0-47 4-68 12a56 56 0 004-24C118 24 95 1 66 0a56 56 0 00-34 102v386c0 13 11 24 24 24h16c13 0 24-11 24-24v-94c28-12 64-23 114-23 54 0 98 35 166 35 48 0 86-16 122-41 9-6 14-15 14-26V96c0-23-24-39-45-29-35 16-77 32-117 32z\"\/><\/svg><\/label>\r\n    <\/span>\r\n    <span style=\"display:none\">\r\n        <input type=\"text\" name=\"kc_honeypot\">\r\n    <\/span><\/span><\/span>\n\t\t<\/p>\n\t<\/div>\n\t<p><input class=\"wpcf7-form-control wpcf7-submit has-spinner\" type=\"submit\" value=\"Envoyer un message\" \/>\n\t<\/p>\n<\/div><div class=\"wpcf7-response-output\" aria-hidden=\"true\"><\/div>\n<input type=\"hidden\" name=\"trp-form-language\" value=\"fr\"\/><\/form>\n<\/div>\n\n\t<div id=\"gap-2129685123\" class=\"gap-element clearfix\" style=\"display:block; height:auto;\">\n\t\t\n<style>\n#gap-2129685123 {\n  padding-top: 30px;\n}\n<\/style>\n\t<\/div>\n\t\n<h4><span style=\"color: #282828;\">Cliquez pour en savoir plus :<\/span><\/h4>\n<p><span style=\"color: #282828;\"><a href=\"https:\/\/gaattestequipment.com\/fr\/environmental-test-chamber-product-page\/\">Notre produit<\/a> \/ <a href=\"https:\/\/gaattestequipment.com\/fr\/about-us-2\/\">Notre entreprise<\/a> \/ <a href=\"https:\/\/gaattestequipment.com\/fr\/environmental-chamber-service\/\">Notre service<\/a><\/span><\/p>","protected":false},"excerpt":{"rendered":"<p><span style=\"color: #282828;\">La chambre ESS (Environmental Stress Screening Chamber) est utilis\u00e9e pour \u00e9valuer l'int\u00e9grit\u00e9 des propri\u00e9t\u00e9s thermom\u00e9caniques d'un produit apr\u00e8s exposition \u00e0 un changement rapide de la temp\u00e9rature ambiante. Normalement, la vitesse de rampe de temp\u00e9rature est inf\u00e9rieure \u00e0 20\u00b0C\/min, ce qui permet de reproduire l'environnement d'application r\u00e9el de l'\u00e9chantillon test\u00e9 gr\u00e2ce \u00e0 la vitesse de rampe la plus rapide.<\/span><\/p>","protected":false},"featured_media":1637,"comment_status":"open","ping_status":"closed","template":"","meta":[],"product_brand":[],"product_cat":[15],"product_tag":[],"class_list":{"0":"post-1800","1":"product","2":"type-product","3":"status-publish","4":"has-post-thumbnail","6":"product_cat-climate-chamber-category","8":"first","9":"instock","10":"shipping-taxable","11":"product-type-simple"},"yoast_head":"<!-- This site is optimized with the Yoast SEO plugin v26.0 - https:\/\/yoast.com\/wordpress\/plugins\/seo\/ -->\n<title>ESS Chamber - GAAT<\/title>\n<meta name=\"description\" content=\"ESS Chamber is used to evaluate the integrity of thermal mechanical properties of product after exposure to rapid change of ambient temperature.\" \/>\n<meta name=\"robots\" content=\"index, follow, max-snippet:-1, max-image-preview:large, max-video-preview:-1\" \/>\n<link rel=\"canonical\" href=\"https:\/\/gaattestequipment.com\/fr\/manufacturer\/ess-chamber\/\" \/>\n<meta property=\"og:locale\" content=\"fr_FR\" \/>\n<meta property=\"og:type\" content=\"article\" \/>\n<meta property=\"og:title\" content=\"ESS Chamber - GAAT\" \/>\n<meta property=\"og:description\" content=\"ESS Chamber is used to evaluate the integrity of thermal mechanical properties of product after exposure to rapid change of ambient temperature.\" \/>\n<meta property=\"og:url\" content=\"https:\/\/gaattestequipment.com\/fr\/manufacturer\/ess-chamber\/\" \/>\n<meta property=\"og:site_name\" content=\"GAAT\" \/>\n<meta property=\"article:modified_time\" content=\"2025-02-10T08:43:16+00:00\" \/>\n<meta property=\"og:image\" content=\"https:\/\/gaattestequipment.com\/wp-content\/uploads\/2024\/10\/GAAT-climate-chamber-ESS-chamber.png\" \/>\n\t<meta property=\"og:image:width\" content=\"800\" \/>\n\t<meta property=\"og:image:height\" content=\"800\" \/>\n\t<meta property=\"og:image:type\" content=\"image\/png\" \/>\n<meta name=\"twitter:card\" content=\"summary_large_image\" \/>\n<meta name=\"twitter:label1\" content=\"Dur\u00e9e de lecture estim\u00e9e\" \/>\n\t<meta name=\"twitter:data1\" content=\"1 minute\" \/>\n<script type=\"application\/ld+json\" class=\"yoast-schema-graph\">{\"@context\":\"https:\/\/schema.org\",\"@graph\":[{\"@type\":\"WebPage\",\"@id\":\"https:\/\/gaattestequipment.com\/manufacturer\/ess-chamber\/\",\"url\":\"https:\/\/gaattestequipment.com\/manufacturer\/ess-chamber\/\",\"name\":\"ESS Chamber - GAAT\",\"isPartOf\":{\"@id\":\"https:\/\/mistyrose-dunlin-619425.hostingersite.com\/#website\"},\"primaryImageOfPage\":{\"@id\":\"https:\/\/gaattestequipment.com\/manufacturer\/ess-chamber\/#primaryimage\"},\"image\":{\"@id\":\"https:\/\/gaattestequipment.com\/manufacturer\/ess-chamber\/#primaryimage\"},\"thumbnailUrl\":\"https:\/\/gaattestequipment.com\/wp-content\/uploads\/2024\/10\/GAAT-climate-chamber-ESS-chamber.png\",\"datePublished\":\"2024-11-11T08:31:42+00:00\",\"dateModified\":\"2025-02-10T08:43:16+00:00\",\"description\":\"ESS Chamber is used to evaluate the integrity of thermal mechanical properties of product after exposure to rapid change of ambient temperature.\",\"breadcrumb\":{\"@id\":\"https:\/\/gaattestequipment.com\/manufacturer\/ess-chamber\/#breadcrumb\"},\"inLanguage\":\"fr-FR\",\"potentialAction\":[{\"@type\":\"ReadAction\",\"target\":[\"https:\/\/gaattestequipment.com\/manufacturer\/ess-chamber\/\"]}]},{\"@type\":\"ImageObject\",\"inLanguage\":\"fr-FR\",\"@id\":\"https:\/\/gaattestequipment.com\/manufacturer\/ess-chamber\/#primaryimage\",\"url\":\"https:\/\/gaattestequipment.com\/wp-content\/uploads\/2024\/10\/GAAT-climate-chamber-ESS-chamber.png\",\"contentUrl\":\"https:\/\/gaattestequipment.com\/wp-content\/uploads\/2024\/10\/GAAT-climate-chamber-ESS-chamber.png\",\"width\":800,\"height\":800},{\"@type\":\"BreadcrumbList\",\"@id\":\"https:\/\/gaattestequipment.com\/manufacturer\/ess-chamber\/#breadcrumb\",\"itemListElement\":[{\"@type\":\"ListItem\",\"position\":1,\"name\":\"Home\",\"item\":\"https:\/\/mistyrose-dunlin-619425.hostingersite.com\/\"},{\"@type\":\"ListItem\",\"position\":2,\"name\":\"Products\",\"item\":\"https:\/\/gaattestequipment.com\/shop\/\"},{\"@type\":\"ListItem\",\"position\":3,\"name\":\"ESS Chamber\"}]},{\"@type\":\"WebSite\",\"@id\":\"https:\/\/mistyrose-dunlin-619425.hostingersite.com\/#website\",\"url\":\"https:\/\/mistyrose-dunlin-619425.hostingersite.com\/\",\"name\":\"GAAT\",\"description\":\"Manufacturer of environmental and reliability testing instruments\",\"potentialAction\":[{\"@type\":\"SearchAction\",\"target\":{\"@type\":\"EntryPoint\",\"urlTemplate\":\"https:\/\/mistyrose-dunlin-619425.hostingersite.com\/?s={search_term_string}\"},\"query-input\":{\"@type\":\"PropertyValueSpecification\",\"valueRequired\":true,\"valueName\":\"search_term_string\"}}],\"inLanguage\":\"fr-FR\"}]}<\/script>\n<!-- \/ Yoast SEO plugin. -->","yoast_head_json":{"title":"Chambre ESS - GAAT","description":"La chambre ESS est utilis\u00e9e pour \u00e9valuer l'int\u00e9grit\u00e9 des propri\u00e9t\u00e9s thermom\u00e9caniques d'un produit apr\u00e8s exposition \u00e0 un changement rapide de la temp\u00e9rature ambiante.","robots":{"index":"index","follow":"follow","max-snippet":"max-snippet:-1","max-image-preview":"max-image-preview:large","max-video-preview":"max-video-preview:-1"},"canonical":"https:\/\/gaattestequipment.com\/fr\/manufacturer\/ess-chamber\/","og_locale":"fr_FR","og_type":"article","og_title":"ESS Chamber - GAAT","og_description":"ESS Chamber is used to evaluate the integrity of thermal mechanical properties of product after exposure to rapid change of ambient temperature.","og_url":"https:\/\/gaattestequipment.com\/fr\/manufacturer\/ess-chamber\/","og_site_name":"GAAT","article_modified_time":"2025-02-10T08:43:16+00:00","og_image":[{"width":800,"height":800,"url":"https:\/\/gaattestequipment.com\/wp-content\/uploads\/2024\/10\/GAAT-climate-chamber-ESS-chamber.png","type":"image\/png"}],"twitter_card":"summary_large_image","twitter_misc":{"Dur\u00e9e de lecture estim\u00e9e":"1 minute"},"schema":{"@context":"https:\/\/schema.org","@graph":[{"@type":"WebPage","@id":"https:\/\/gaattestequipment.com\/manufacturer\/ess-chamber\/","url":"https:\/\/gaattestequipment.com\/manufacturer\/ess-chamber\/","name":"Chambre ESS - GAAT","isPartOf":{"@id":"https:\/\/mistyrose-dunlin-619425.hostingersite.com\/#website"},"primaryImageOfPage":{"@id":"https:\/\/gaattestequipment.com\/manufacturer\/ess-chamber\/#primaryimage"},"image":{"@id":"https:\/\/gaattestequipment.com\/manufacturer\/ess-chamber\/#primaryimage"},"thumbnailUrl":"https:\/\/gaattestequipment.com\/wp-content\/uploads\/2024\/10\/GAAT-climate-chamber-ESS-chamber.png","datePublished":"2024-11-11T08:31:42+00:00","dateModified":"2025-02-10T08:43:16+00:00","description":"La chambre ESS est utilis\u00e9e pour \u00e9valuer l'int\u00e9grit\u00e9 des propri\u00e9t\u00e9s thermom\u00e9caniques d'un produit apr\u00e8s exposition \u00e0 un changement rapide de la temp\u00e9rature ambiante.","breadcrumb":{"@id":"https:\/\/gaattestequipment.com\/manufacturer\/ess-chamber\/#breadcrumb"},"inLanguage":"fr-FR","potentialAction":[{"@type":"ReadAction","target":["https:\/\/gaattestequipment.com\/manufacturer\/ess-chamber\/"]}]},{"@type":"ImageObject","inLanguage":"fr-FR","@id":"https:\/\/gaattestequipment.com\/manufacturer\/ess-chamber\/#primaryimage","url":"https:\/\/gaattestequipment.com\/wp-content\/uploads\/2024\/10\/GAAT-climate-chamber-ESS-chamber.png","contentUrl":"https:\/\/gaattestequipment.com\/wp-content\/uploads\/2024\/10\/GAAT-climate-chamber-ESS-chamber.png","width":800,"height":800},{"@type":"BreadcrumbList","@id":"https:\/\/gaattestequipment.com\/manufacturer\/ess-chamber\/#breadcrumb","itemListElement":[{"@type":"ListItem","position":1,"name":"Home","item":"https:\/\/mistyrose-dunlin-619425.hostingersite.com\/"},{"@type":"ListItem","position":2,"name":"Products","item":"https:\/\/gaattestequipment.com\/shop\/"},{"@type":"ListItem","position":3,"name":"ESS Chamber"}]},{"@type":"WebSite","@id":"https:\/\/mistyrose-dunlin-619425.hostingersite.com\/#website","url":"https:\/\/mistyrose-dunlin-619425.hostingersite.com\/","name":"GAAT","description":"Fabricant d'instruments d'essais environnementaux et de fiabilit\u00e9","potentialAction":[{"@type":"SearchAction","target":{"@type":"EntryPoint","urlTemplate":"https:\/\/mistyrose-dunlin-619425.hostingersite.com\/?s={search_term_string}"},"query-input":{"@type":"PropertyValueSpecification","valueRequired":true,"valueName":"search_term_string"}}],"inLanguage":"fr-FR"}]}},"_links":{"self":[{"href":"https:\/\/gaattestequipment.com\/fr\/wp-json\/wp\/v2\/product\/1800","targetHints":{"allow":["GET"]}}],"collection":[{"href":"https:\/\/gaattestequipment.com\/fr\/wp-json\/wp\/v2\/product"}],"about":[{"href":"https:\/\/gaattestequipment.com\/fr\/wp-json\/wp\/v2\/types\/product"}],"replies":[{"embeddable":true,"href":"https:\/\/gaattestequipment.com\/fr\/wp-json\/wp\/v2\/comments?post=1800"}],"wp:featuredmedia":[{"embeddable":true,"href":"https:\/\/gaattestequipment.com\/fr\/wp-json\/wp\/v2\/media\/1637"}],"wp:attachment":[{"href":"https:\/\/gaattestequipment.com\/fr\/wp-json\/wp\/v2\/media?parent=1800"}],"wp:term":[{"taxonomy":"product_brand","embeddable":true,"href":"https:\/\/gaattestequipment.com\/fr\/wp-json\/wp\/v2\/product_brand?post=1800"},{"taxonomy":"product_cat","embeddable":true,"href":"https:\/\/gaattestequipment.com\/fr\/wp-json\/wp\/v2\/product_cat?post=1800"},{"taxonomy":"product_tag","embeddable":true,"href":"https:\/\/gaattestequipment.com\/fr\/wp-json\/wp\/v2\/product_tag?post=1800"}],"curies":[{"name":"wp","href":"https:\/\/api.w.org\/{rel}","templated":true}]}}