{"id":1860,"date":"2024-11-13T06:45:57","date_gmt":"2024-11-13T06:45:57","guid":{"rendered":"https:\/\/gaattestequipment.com\/?post_type=product&#038;p=1860"},"modified":"2025-01-17T06:01:37","modified_gmt":"2025-01-17T06:01:37","slug":"burn-in-oven","status":"publish","type":"product","link":"https:\/\/gaattestequipment.com\/es\/manufacturer\/burn-in-oven\/","title":{"rendered":"Quemaduras en el horno"},"content":{"rendered":"<h3><span style=\"color: #282828;\"><strong><b>Aplicaci\u00f3n:<\/b><\/strong><\/span><\/h3>\n<p><span style=\"color: #282828;\">El horno de combusti\u00f3n puede utilizarse para probar dispositivos electr\u00f3nicos, circuitos integrados y otros dispositivos semiconductores.<\/span><\/p>\n<div class=\"is-divider divider clearfix\" style=\"max-width:medium;\"><\/div>\n\t<div id=\"gap-1895682894\" class=\"gap-element clearfix\" style=\"display:block; height:auto;\">\n\t\t\n<style>\n#gap-1895682894 {\n  padding-top: 15px;\n}\n<\/style>\n\t<\/div>\n\t\n<h3><span style=\"color: #282828;\"><strong><b>Caracter\u00edsticas del horno Burn In:<\/b><\/strong><\/span><\/h3>\n<ul>\n<li><span style=\"color: #282828;\">Dise\u00f1o de horno altamente personalizado seg\u00fan los requisitos espec\u00edficos del usuario<\/span><\/li>\n<li><span style=\"color: #282828;\">Protecci\u00f3n de seguridad m\u00faltiple<\/span><\/li>\n<li><span style=\"color: #282828;\">Circulaci\u00f3n uniforme del aire por la c\u00e1mara<\/span><\/li>\n<\/ul>\n<div class=\"is-divider divider clearfix\" style=\"max-width:medium;\"><\/div>\n\t<div id=\"gap-1636116614\" class=\"gap-element clearfix\" style=\"display:block; height:auto;\">\n\t\t\n<style>\n#gap-1636116614 {\n  padding-top: 15px;\n}\n<\/style>\n\t<\/div>\n\t\n<h3><span style=\"font-size: 100%;\"><span style=\"color: #282828;\"><strong><b>Normas de ensayo <\/b><\/strong><\/span><span style=\"color: #282828;\"><strong><b>de Quemaduras en el Horno<\/b><\/strong><\/span><span style=\"color: #282828;\"><strong><b>:\u00a0<\/b><\/strong><\/span><\/span><\/h3>\n<p><span style=\"color: #282828;\">IEC 60068-2-1: 2007, IEC 60068-2-2: 2007, IEC 60068-2-14: 2009, GB\/T 11158: 2008, GB\/T 2423.2: 2008, GB\/T 30435: 2013.<\/span><\/p>\n<div class=\"is-divider divider clearfix\" style=\"max-width:medium;\"><\/div>\n\t<div id=\"text-3995745471\" class=\"text show-for-small\">\n\t\t\n<h3><span style=\"color: #282828;\"><strong><b>Par\u00e1metros t\u00e9cnicos\uff1a<\/b><\/strong><\/span><\/h3>\n<h3>\n<table id=\"tablepress-17\" class=\"tablepress tablepress-id-17 tbody-has-connected-cells\">\n<tbody class=\"row-striping row-hover\">\n<tr class=\"row-1\">\n\t<td class=\"column-1\">Modelo<\/td><td colspan=\"2\" class=\"column-2\">SZ-BIO-12C\u3001SZ-BIO-24C\u3001SZ-BIO-36C\u3001SZ-BIO-48C\u3001SZ-BIO-78C<\/td>\n<\/tr>\n<tr class=\"row-2\">\n\t<td class=\"column-1\">Ranuras BIB<\/td><td colspan=\"2\" class=\"column-2\">12 ranuras BIB\u300124 ranuras BIB\u300136 ranuras BIB\u300148 ranuras BIB\u300178 ranuras BIB<\/td>\n<\/tr>\n<tr class=\"row-3\">\n\t<td class=\"column-1\">Talla<\/td><td colspan=\"2\" class=\"column-2\">Personalizado seg\u00fan los requisitos de las pruebas<\/td>\n<\/tr>\n<tr class=\"row-4\">\n\t<td class=\"column-1\">Temperatura<\/td><td colspan=\"2\" class=\"column-2\">RT+20\u2103\uff5e+200\u2103<\/td>\n<\/tr>\n<tr class=\"row-5\">\n\t<td class=\"column-1\">Fluctuaci\u00f3n de la temperatura<\/td><td colspan=\"2\" class=\"column-2\">\u00b10.5\u2103<\/td>\n<\/tr>\n<tr class=\"row-6\">\n\t<td class=\"column-1\">Desviaci\u00f3n de la temperatura<\/td><td colspan=\"2\" class=\"column-2\">\u2264\u00b12\u2103<\/td>\n<\/tr>\n<tr class=\"row-7\">\n\t<td class=\"column-1\">Uniformidad de temperatura<\/td><td colspan=\"2\" class=\"column-2\">\u2264\u00b12\u2103<\/td>\n<\/tr>\n<tr class=\"row-8\">\n\t<td class=\"column-1\">Velocidad de calentamiento<\/td><td colspan=\"2\" class=\"column-2\">RT\u2192+200\u2103\u226425min<\/td>\n<\/tr>\n<tr class=\"row-9\">\n\t<td class=\"column-1\">Tasa de enfriamiento<\/td><td colspan=\"2\" class=\"column-2\">200\u2103\u219250\u2103\u226430min (enfriamiento r\u00e1pido dise\u00f1ado para ahorrar tiempo de espera y mejorar la productividad de la f\u00e1brica).<\/td>\n<\/tr>\n<tr class=\"row-10\">\n\t<td class=\"column-1\">Nuestra fuerza<\/td><td colspan=\"2\" class=\"column-2\">Dise\u00f1o de hornos altamente personalizado en funci\u00f3n de las necesidades espec\u00edficas del usuario, teniendo en cuenta las dimensiones del BIB, la alimentaci\u00f3n, la placa base y la placa de controladores.<br \/>\nEquipado con una completa gama de sensores (protector de sobretemperatura en m\u00faltiples puntos, sensor de subtemperatura, caudal\u00edmetro de aire, sensor diferencial de presi\u00f3n de aire, sensor de enclavamiento, etc.)<\/td>\n<\/tr>\n<tr class=\"row-11\">\n\t<td class=\"column-1\">Opcional<\/td><td colspan=\"2\" class=\"column-2\">Unidad de refrigeraci\u00f3n adicional incorporada para proporcionar condiciones de temperatura m\u00ednimas para cumplir los requisitos de los ensayos HTOL y LTOL.<\/td>\n<\/tr>\n<\/tbody>\n<\/table>\n<!-- #tablepress-17 from cache --><\/h3>\n\t\t\t<\/div>\n\t\n\t<div id=\"gap-1381188334\" class=\"gap-element clearfix\" style=\"display:block; height:auto;\">\n\t\t\n<style>\n#gap-1381188334 {\n  padding-top: 15px;\n}\n<\/style>\n\t<\/div>\n\t\n\t<div id=\"text-3876870229\" class=\"text hide-for-small\">\n\t\t\n<h4><span style=\"color: #282828; font-size: 110%;\"><strong><b>Par\u00e1metros t\u00e9cnicos<\/b><\/strong><\/span><\/h4>\n\n<table id=\"tablepress-15\" class=\"tablepress tablepress-id-15 tbody-has-connected-cells\">\n<tbody class=\"row-striping row-hover\">\n<tr class=\"row-1\">\n\t<td class=\"column-1\">Modelo<\/td><td class=\"column-2\">SZ-BIO-12C\t<\/td><td class=\"column-3\">SZ-BIO-24C\t<\/td><td class=\"column-4\">SZ-BIO-36C\t<\/td><td class=\"column-5\">SZ-BIO-48C\t<\/td><td class=\"column-6\">SZ-BIO-78C<br \/>\n<\/td>\n<\/tr>\n<tr class=\"row-2\">\n\t<td class=\"column-1\">Ranuras BIB\t<\/td><td class=\"column-2\">12 ranuras BIB\t<\/td><td class=\"column-3\">24 ranuras BIB\t<\/td><td class=\"column-4\">36 ranuras BIB\t<\/td><td class=\"column-5\">48 ranuras BIB\t<\/td><td class=\"column-6\">78 ranuras BIB\t<\/td>\n<\/tr>\n<tr class=\"row-3\">\n\t<td class=\"column-1\">Talla<\/td><td colspan=\"5\" class=\"column-2\">Personalizado seg\u00fan los requisitos de las pruebas<\/td>\n<\/tr>\n<tr class=\"row-4\">\n\t<td class=\"column-1\">Temperatura\t<\/td><td colspan=\"5\" class=\"column-2\">RT+20\u2103\uff5e+200\u2103<\/td>\n<\/tr>\n<tr class=\"row-5\">\n\t<td class=\"column-1\">Fluctuaci\u00f3n de la temperatura<\/td><td colspan=\"5\" class=\"column-2\">\u00b10.5\u2103<\/td>\n<\/tr>\n<tr class=\"row-6\">\n\t<td class=\"column-1\">Desviaci\u00f3n de la temperatura<\/td><td colspan=\"5\" class=\"column-2\">\u2264\u00b12\u2103<\/td>\n<\/tr>\n<tr class=\"row-7\">\n\t<td class=\"column-1\">Uniformidad de temperatura<\/td><td colspan=\"5\" class=\"column-2\">\u2264\u00b12\u2103<\/td>\n<\/tr>\n<tr class=\"row-8\">\n\t<td class=\"column-1\">Velocidad de calentamiento<\/td><td colspan=\"5\" class=\"column-2\">RT\u2192+200\u2103\u226425min<\/td>\n<\/tr>\n<tr class=\"row-9\">\n\t<td class=\"column-1\">Tasa de enfriamiento\t<\/td><td colspan=\"5\" class=\"column-2\">200\u2103\u219250\u2103\u226430min (enfriamiento r\u00e1pido dise\u00f1ado para ahorrar tiempo de espera y mejorar la productividad de la f\u00e1brica).<br \/>\n<\/td>\n<\/tr>\n<tr class=\"row-10\">\n\t<td class=\"column-1\">Nuestra fuerza\t<\/td><td colspan=\"5\" class=\"column-2\">Dise\u00f1o de hornos altamente personalizado en funci\u00f3n de las necesidades espec\u00edficas del usuario, teniendo en cuenta las dimensiones del BIB, la alimentaci\u00f3n, la placa base y la placa de controladores.<br \/>\nEquipado con una completa gama de sensores (protector de sobretemperatura en m\u00faltiples puntos, sensor de subtemperatura, caudal\u00edmetro de aire, sensor diferencial de presi\u00f3n de aire, sensor de enclavamiento, etc.)<\/td>\n<\/tr>\n<tr class=\"row-11\">\n\t<td class=\"column-1\">Opcional\t<\/td><td colspan=\"5\" class=\"column-2\">Unidad de refrigeraci\u00f3n adicional incorporada para proporcionar condiciones de temperatura m\u00ednimas para cumplir los requisitos de los ensayos HTOL y LTOL.<\/td>\n<\/tr>\n<\/tbody>\n<\/table>\n<!-- #tablepress-15 from cache -->\n\t\t\t<\/div>\n\t\n\t<div id=\"gap-826813008\" class=\"gap-element clearfix\" style=\"display:block; height:auto;\">\n\t\t\n<style>\n#gap-826813008 {\n  padding-top: 20px;\n}\n<\/style>\n\t<\/div>\n\t\n<h4 style=\"text-align: center;\"><span style=\"color: #282828; font-size: 115%;\">Solicitar presupuesto<\/span><\/h4>\n\n<div class=\"wpcf7 no-js\" id=\"wpcf7-f280-o1\" lang=\"en-US\" dir=\"ltr\" data-wpcf7-id=\"280\">\n<div class=\"screen-reader-response\"><p role=\"status\" aria-live=\"polite\" aria-atomic=\"true\"><\/p> <ul><\/ul><\/div>\n<form action=\"\/es\/wp-json\/wp\/v2\/product\/1860#wpcf7-f280-o1\" method=\"post\" class=\"wpcf7-form init\" aria-label=\"Contact form\" novalidate=\"novalidate\" data-status=\"init\" data-trp-original-action=\"\/es\/wp-json\/wp\/v2\/product\/1860#wpcf7-f280-o1\">\n<fieldset class=\"hidden-fields-container\"><input type=\"hidden\" name=\"_wpcf7\" value=\"280\" \/><input type=\"hidden\" name=\"_wpcf7_version\" value=\"6.1.2\" \/><input type=\"hidden\" name=\"_wpcf7_locale\" value=\"en_US\" \/><input type=\"hidden\" name=\"_wpcf7_unit_tag\" value=\"wpcf7-f280-o1\" \/><input type=\"hidden\" name=\"_wpcf7_container_post\" value=\"0\" \/><input type=\"hidden\" name=\"_wpcf7_posted_data_hash\" value=\"\" \/>\n<\/fieldset>\n<div class='custom_contact_style'>\n\t<div class=\"row row-small\">\n\t\t<div class=\"col medium-6 small-12 large-6\">\n\t\t\t<div class=\"col-inner\">\n\t\t\t\t<p><span class=\"wpcf7-form-control-wrap\" data-name=\"your-name\"><input size=\"40\" maxlength=\"400\" class=\"wpcf7-form-control wpcf7-text wpcf7-validates-as-required\" aria-required=\"true\" aria-invalid=\"false\" placeholder=\"Nombre\" value=\"\" type=\"text\" name=\"your-name\" \/><\/span>\n\t\t\t\t<\/p>\n\t\t\t<\/div>\n\t\t<\/div>\n\t\t<div class=\"col medium-6 small-12 large-6\">\n\t\t\t<div class=\"col-inner\">\n\t\t\t\t<p><span class=\"wpcf7-form-control-wrap\" data-name=\"your-email\"><input size=\"40\" maxlength=\"400\" class=\"wpcf7-form-control wpcf7-email wpcf7-validates-as-required wpcf7-text wpcf7-validates-as-email\" aria-required=\"true\" aria-invalid=\"false\" placeholder=\"Correo electr\u00f3nico\" value=\"\" type=\"email\" name=\"your-email\" \/><\/span>\n\t\t\t\t<\/p>\n\t\t\t<\/div>\n\t\t<\/div>\n\t<\/div>\n\t<div class='cus_contact_form_bottom'>\n\t\t<p><span class=\"wpcf7-form-control-wrap\" data-name=\"your-phone\"><input size=\"40\" maxlength=\"400\" class=\"wpcf7-form-control wpcf7-text\" aria-invalid=\"false\" placeholder=\"Tel\u00e9fono\" value=\"\" type=\"text\" name=\"your-phone\" \/><\/span>\n\t\t<\/p>\n\t<\/div>\n\t<div class='cus_contact_form_bottom'>\n\t\t<p><span class=\"wpcf7-form-control-wrap\" data-name=\"your-country\"><input size=\"40\" maxlength=\"400\" class=\"wpcf7-form-control wpcf7-text\" aria-invalid=\"false\" placeholder=\"Pa\u00eds\" value=\"\" type=\"text\" name=\"your-country\" \/><\/span>\n\t\t<\/p>\n\t<\/div>\n\t<p><span class=\"wpcf7-form-control-wrap\" data-name=\"your-message\"><textarea cols=\"40\" rows=\"10\" maxlength=\"2000\" class=\"wpcf7-form-control wpcf7-textarea wpcf7-validates-as-required\" aria-required=\"true\" aria-invalid=\"false\" placeholder=\"Su mensaje *\" name=\"your-message\"><\/textarea><\/span>\n\t<\/p>\n\t<div style=\"margin-bottom:10px;\">\n\t\t<p><span class=\"wpcf7-form-control-wrap kc_captcha cf7ic-toggle\" data-name=\"kc_captcha\"><span class=\"wpcf7-form-control wpcf7-radio\"><span class=\"captcha-image\" style=\"display: none;\"><span class=\"cf7ic_instructions\">Please prove you are human by selecting the<span> key<\/span>.<\/span><label><input aria-label=\"1\" type=\"radio\" name=\"kc_captcha\" value=\"bot\" \/><svg aria-hidden=\"true\" role=\"img\" xmlns=\"http:\/\/www.w3.org\/2000\/svg\" viewbox=\"0 0 576 512\"><path fill=\"currentColor\" d=\"M259 18l-65 132-146 22c-26 3-37 36-18 54l106 103-25 146c-5 26 23 46 46 33l131-68 131 68c23 13 51-7 46-33l-25-146 106-103c19-18 8-51-18-54l-146-22-65-132a32 32 0 00-58 0z\"\/><\/svg><\/label><label><input aria-label=\"2\" type=\"radio\" name=\"kc_captcha\" value=\"bot\" \/><svg aria-hidden=\"true\" role=\"img\" xmlns=\"http:\/\/www.w3.org\/2000\/svg\" viewbox=\"0 0 640 512\"><path fill=\"currentColor\" d=\"M192 384h192c53 0 96-43 96-96h32a128 128 0 000-256H120c-13 0-24 11-24 24v232c0 53 43 96 96 96zM512 96a64 64 0 010 128h-32V96h32zm48 384H48c-47 0-61-64-36-64h584c25 0 11 64-36 64z\"\/><\/svg><\/label><label><input aria-label=\"3\" type=\"radio\" name=\"kc_captcha\" value=\"kc_human\" \/><svg aria-hidden=\"true\" role=\"img\" xmlns=\"http:\/\/www.w3.org\/2000\/svg\" viewbox=\"0 0 512 512\"><path fill=\"currentColor\" d=\"M512 176a176 176 0 01-209 173l-24 27a24 24 0 01-18 8h-37v40c0 13-11 24-24 24h-40v40c0 13-11 24-24 24H24c-13 0-24-11-24-24v-78c0-6 3-13 7-17l162-162a176 176 0 11343-55zm-176-48a48 48 0 1096 0 48 48 0 00-96 0z\"\/><\/svg><\/label>\r\n    <\/span>\r\n    <span style=\"display:none\">\r\n        <input type=\"text\" name=\"kc_honeypot\">\r\n    <\/span><\/span><\/span>\n\t\t<\/p>\n\t<\/div>\n\t<p><input class=\"wpcf7-form-control wpcf7-submit has-spinner\" type=\"submit\" value=\"Enviar mensaje\" \/>\n\t<\/p>\n<\/div><div class=\"wpcf7-response-output\" aria-hidden=\"true\"><\/div>\n<input type=\"hidden\" name=\"trp-form-language\" value=\"es\"\/><\/form>\n<\/div>\n\n\t<div id=\"gap-911254721\" class=\"gap-element clearfix hide-for-medium\" style=\"display:block; height:auto;\">\n\t\t\n<style>\n#gap-911254721 {\n  padding-top: 30px;\n}\n<\/style>\n\t<\/div>\n\t\n\t<div id=\"text-3801652911\" class=\"text hide-for-medium\">\n\t\t\n<h4><span style=\"color: #282828; font-size: 100%;\">Haga clic para saber m\u00e1s:<\/span><\/h4>\n<p><span style=\"color: #282828;\"><a href=\"https:\/\/gaattestequipment.com\/es\/environmental-test-chamber-product-page\/\">Categor\u00eda de productos<\/a> \/ <a href=\"https:\/\/gaattestequipment.com\/es\/about-us-2\/\">Nuestra empresa<\/a> \/ <a href=\"https:\/\/gaattestequipment.com\/es\/environmental-chamber-service\/\">Nuestros servicios<\/a><\/span><\/p>\n\t\t\t<\/div>","protected":false},"excerpt":{"rendered":"<p><span style=\"color: #282828;\">El Horno de Quemado est\u00e1 dise\u00f1ado para acelerar la tasa de fallo de defectos de vida temprana en componentes y sistemas electr\u00f3nicos. Este horno est\u00e1 dise\u00f1ado para simular condiciones de alta temperatura, garantizando que s\u00f3lo los productos m\u00e1s fiables lleguen al mercado. Normalmente, las muestras se queman y se prueban en hornos a una temperatura constante de entre 100 \u00b0C y 125 \u00b0C.<\/span><\/p>","protected":false},"featured_media":1722,"comment_status":"open","ping_status":"closed","template":"","meta":[],"product_brand":[],"product_cat":[41],"product_tag":[],"class_list":{"0":"post-1860","1":"product","2":"type-product","3":"status-publish","4":"has-post-thumbnail","6":"product_cat-drying-oven-category","8":"first","9":"instock","10":"shipping-taxable","11":"product-type-simple"},"yoast_head":"<!-- This site is optimized with the Yoast SEO plugin v26.0 - https:\/\/yoast.com\/wordpress\/plugins\/seo\/ -->\n<title>Burn In Oven - GAAT<\/title>\n<meta name=\"description\" content=\"Burn in Oven of high quality and great performance. We provide fast delivery, reasonable price and after-sales service for you.\" \/>\n<meta name=\"robots\" content=\"index, follow, max-snippet:-1, max-image-preview:large, max-video-preview:-1\" \/>\n<link rel=\"canonical\" href=\"https:\/\/gaattestequipment.com\/es\/manufacturer\/burn-in-oven\/\" \/>\n<meta property=\"og:locale\" content=\"es_ES\" \/>\n<meta property=\"og:type\" content=\"article\" \/>\n<meta property=\"og:title\" content=\"Burn In Oven - GAAT\" \/>\n<meta property=\"og:description\" content=\"Burn in Oven of high quality and great performance. We provide fast delivery, reasonable price and after-sales service for you.\" \/>\n<meta property=\"og:url\" content=\"https:\/\/gaattestequipment.com\/es\/manufacturer\/burn-in-oven\/\" \/>\n<meta property=\"og:site_name\" content=\"GAAT\" \/>\n<meta property=\"article:modified_time\" content=\"2025-01-17T06:01:37+00:00\" \/>\n<meta property=\"og:image\" content=\"https:\/\/gaattestequipment.com\/wp-content\/uploads\/2024\/11\/Burn-in-oven.png\" \/>\n\t<meta property=\"og:image:width\" content=\"800\" \/>\n\t<meta property=\"og:image:height\" content=\"800\" \/>\n\t<meta property=\"og:image:type\" content=\"image\/png\" \/>\n<meta name=\"twitter:card\" content=\"summary_large_image\" \/>\n<meta name=\"twitter:label1\" content=\"Tiempo de lectura\" \/>\n\t<meta name=\"twitter:data1\" content=\"1 minuto\" \/>\n<script type=\"application\/ld+json\" class=\"yoast-schema-graph\">{\"@context\":\"https:\/\/schema.org\",\"@graph\":[{\"@type\":\"WebPage\",\"@id\":\"https:\/\/gaattestequipment.com\/manufacturer\/burn-in-oven\/\",\"url\":\"https:\/\/gaattestequipment.com\/manufacturer\/burn-in-oven\/\",\"name\":\"Burn In Oven - GAAT\",\"isPartOf\":{\"@id\":\"https:\/\/mistyrose-dunlin-619425.hostingersite.com\/#website\"},\"primaryImageOfPage\":{\"@id\":\"https:\/\/gaattestequipment.com\/manufacturer\/burn-in-oven\/#primaryimage\"},\"image\":{\"@id\":\"https:\/\/gaattestequipment.com\/manufacturer\/burn-in-oven\/#primaryimage\"},\"thumbnailUrl\":\"https:\/\/gaattestequipment.com\/wp-content\/uploads\/2024\/11\/Burn-in-oven.png\",\"datePublished\":\"2024-11-13T06:45:57+00:00\",\"dateModified\":\"2025-01-17T06:01:37+00:00\",\"description\":\"Burn in Oven of high quality and great performance. We provide fast delivery, reasonable price and after-sales service for you.\",\"breadcrumb\":{\"@id\":\"https:\/\/gaattestequipment.com\/manufacturer\/burn-in-oven\/#breadcrumb\"},\"inLanguage\":\"es\",\"potentialAction\":[{\"@type\":\"ReadAction\",\"target\":[\"https:\/\/gaattestequipment.com\/manufacturer\/burn-in-oven\/\"]}]},{\"@type\":\"ImageObject\",\"inLanguage\":\"es\",\"@id\":\"https:\/\/gaattestequipment.com\/manufacturer\/burn-in-oven\/#primaryimage\",\"url\":\"https:\/\/gaattestequipment.com\/wp-content\/uploads\/2024\/11\/Burn-in-oven.png\",\"contentUrl\":\"https:\/\/gaattestequipment.com\/wp-content\/uploads\/2024\/11\/Burn-in-oven.png\",\"width\":800,\"height\":800,\"caption\":\"burn in oven\"},{\"@type\":\"BreadcrumbList\",\"@id\":\"https:\/\/gaattestequipment.com\/manufacturer\/burn-in-oven\/#breadcrumb\",\"itemListElement\":[{\"@type\":\"ListItem\",\"position\":1,\"name\":\"Home\",\"item\":\"https:\/\/mistyrose-dunlin-619425.hostingersite.com\/\"},{\"@type\":\"ListItem\",\"position\":2,\"name\":\"Products\",\"item\":\"https:\/\/gaattestequipment.com\/shop\/\"},{\"@type\":\"ListItem\",\"position\":3,\"name\":\"Burn In Oven\"}]},{\"@type\":\"WebSite\",\"@id\":\"https:\/\/mistyrose-dunlin-619425.hostingersite.com\/#website\",\"url\":\"https:\/\/mistyrose-dunlin-619425.hostingersite.com\/\",\"name\":\"GAAT\",\"description\":\"Manufacturer of environmental and reliability testing instruments\",\"potentialAction\":[{\"@type\":\"SearchAction\",\"target\":{\"@type\":\"EntryPoint\",\"urlTemplate\":\"https:\/\/mistyrose-dunlin-619425.hostingersite.com\/?s={search_term_string}\"},\"query-input\":{\"@type\":\"PropertyValueSpecification\",\"valueRequired\":true,\"valueName\":\"search_term_string\"}}],\"inLanguage\":\"es\"}]}<\/script>\n<!-- \/ Yoast SEO plugin. -->","yoast_head_json":{"title":"Quemarse en el horno - GAAT","description":"Quema en Horno de alta calidad y gran rendimiento. Ofrecemos entrega r\u00e1pida, precio razonable y servicio post-venta para usted.","robots":{"index":"index","follow":"follow","max-snippet":"max-snippet:-1","max-image-preview":"max-image-preview:large","max-video-preview":"max-video-preview:-1"},"canonical":"https:\/\/gaattestequipment.com\/es\/manufacturer\/burn-in-oven\/","og_locale":"es_ES","og_type":"article","og_title":"Burn In Oven - GAAT","og_description":"Burn in Oven of high quality and great performance. We provide fast delivery, reasonable price and after-sales service for you.","og_url":"https:\/\/gaattestequipment.com\/es\/manufacturer\/burn-in-oven\/","og_site_name":"GAAT","article_modified_time":"2025-01-17T06:01:37+00:00","og_image":[{"width":800,"height":800,"url":"https:\/\/gaattestequipment.com\/wp-content\/uploads\/2024\/11\/Burn-in-oven.png","type":"image\/png"}],"twitter_card":"summary_large_image","twitter_misc":{"Tiempo de lectura":"1 minuto"},"schema":{"@context":"https:\/\/schema.org","@graph":[{"@type":"WebPage","@id":"https:\/\/gaattestequipment.com\/manufacturer\/burn-in-oven\/","url":"https:\/\/gaattestequipment.com\/manufacturer\/burn-in-oven\/","name":"Quemarse en el horno - GAAT","isPartOf":{"@id":"https:\/\/mistyrose-dunlin-619425.hostingersite.com\/#website"},"primaryImageOfPage":{"@id":"https:\/\/gaattestequipment.com\/manufacturer\/burn-in-oven\/#primaryimage"},"image":{"@id":"https:\/\/gaattestequipment.com\/manufacturer\/burn-in-oven\/#primaryimage"},"thumbnailUrl":"https:\/\/gaattestequipment.com\/wp-content\/uploads\/2024\/11\/Burn-in-oven.png","datePublished":"2024-11-13T06:45:57+00:00","dateModified":"2025-01-17T06:01:37+00:00","description":"Quema en Horno de alta calidad y gran rendimiento. Ofrecemos entrega r\u00e1pida, precio razonable y servicio post-venta para usted.","breadcrumb":{"@id":"https:\/\/gaattestequipment.com\/manufacturer\/burn-in-oven\/#breadcrumb"},"inLanguage":"es","potentialAction":[{"@type":"ReadAction","target":["https:\/\/gaattestequipment.com\/manufacturer\/burn-in-oven\/"]}]},{"@type":"ImageObject","inLanguage":"es","@id":"https:\/\/gaattestequipment.com\/manufacturer\/burn-in-oven\/#primaryimage","url":"https:\/\/gaattestequipment.com\/wp-content\/uploads\/2024\/11\/Burn-in-oven.png","contentUrl":"https:\/\/gaattestequipment.com\/wp-content\/uploads\/2024\/11\/Burn-in-oven.png","width":800,"height":800,"caption":"burn in oven"},{"@type":"BreadcrumbList","@id":"https:\/\/gaattestequipment.com\/manufacturer\/burn-in-oven\/#breadcrumb","itemListElement":[{"@type":"ListItem","position":1,"name":"Home","item":"https:\/\/mistyrose-dunlin-619425.hostingersite.com\/"},{"@type":"ListItem","position":2,"name":"Products","item":"https:\/\/gaattestequipment.com\/shop\/"},{"@type":"ListItem","position":3,"name":"Burn In Oven"}]},{"@type":"WebSite","@id":"https:\/\/mistyrose-dunlin-619425.hostingersite.com\/#website","url":"https:\/\/mistyrose-dunlin-619425.hostingersite.com\/","name":"GAAT","description":"Fabricante de instrumentos para pruebas medioambientales y de fiabilidad","potentialAction":[{"@type":"SearchAction","target":{"@type":"EntryPoint","urlTemplate":"https:\/\/mistyrose-dunlin-619425.hostingersite.com\/?s={search_term_string}"},"query-input":{"@type":"PropertyValueSpecification","valueRequired":true,"valueName":"search_term_string"}}],"inLanguage":"es"}]}},"_links":{"self":[{"href":"https:\/\/gaattestequipment.com\/es\/wp-json\/wp\/v2\/product\/1860","targetHints":{"allow":["GET"]}}],"collection":[{"href":"https:\/\/gaattestequipment.com\/es\/wp-json\/wp\/v2\/product"}],"about":[{"href":"https:\/\/gaattestequipment.com\/es\/wp-json\/wp\/v2\/types\/product"}],"replies":[{"embeddable":true,"href":"https:\/\/gaattestequipment.com\/es\/wp-json\/wp\/v2\/comments?post=1860"}],"wp:featuredmedia":[{"embeddable":true,"href":"https:\/\/gaattestequipment.com\/es\/wp-json\/wp\/v2\/media\/1722"}],"wp:attachment":[{"href":"https:\/\/gaattestequipment.com\/es\/wp-json\/wp\/v2\/media?parent=1860"}],"wp:term":[{"taxonomy":"product_brand","embeddable":true,"href":"https:\/\/gaattestequipment.com\/es\/wp-json\/wp\/v2\/product_brand?post=1860"},{"taxonomy":"product_cat","embeddable":true,"href":"https:\/\/gaattestequipment.com\/es\/wp-json\/wp\/v2\/product_cat?post=1860"},{"taxonomy":"product_tag","embeddable":true,"href":"https:\/\/gaattestequipment.com\/es\/wp-json\/wp\/v2\/product_tag?post=1860"}],"curies":[{"name":"wp","href":"https:\/\/api.w.org\/{rel}","templated":true}]}}