{"id":1844,"date":"2024-11-13T02:47:08","date_gmt":"2024-11-13T02:47:08","guid":{"rendered":"https:\/\/gaattestequipment.com\/?post_type=product&#038;p=1844"},"modified":"2025-01-17T06:51:17","modified_gmt":"2025-01-17T06:51:17","slug":"uv-aging-test-chamber","status":"publish","type":"product","link":"https:\/\/gaattestequipment.com\/es\/manufacturer\/uv-aging-test-chamber\/","title":{"rendered":"C\u00e1mara de envejecimiento UV"},"content":{"rendered":"<h3><span style=\"color: #282828;\"><strong><b>Aplicaci\u00f3n de la c\u00e1mara de pruebas de envejecimiento UV:<\/b><\/strong><\/span><\/h3>\n<p><span style=\"color: #282828;\">La C\u00e1mara de Ensayo de Envejecimiento por UV es crucial para el control de calidad en industrias en las que la durabilidad y longevidad de los materiales son primordiales, como la automoci\u00f3n, la industria aeroespacial, la construcci\u00f3n y los bienes de consumo.<\/span><\/p>\n<div class=\"is-divider divider clearfix\" style=\"max-width:medium;\"><\/div>\n\t<div id=\"gap-1323907494\" class=\"gap-element clearfix\" style=\"display:block; height:auto;\">\n\t\t\n<style>\n#gap-1323907494 {\n  padding-top: 15px;\n}\n<\/style>\n\t<\/div>\n\t\n<h3><span style=\"color: #282828;\"><strong><b>Caracter\u00edsticas:<\/b><\/strong><\/span><\/h3>\n<ul>\n<li><span style=\"color: #282828;\">L\u00e1mparas UV de marca: Equipado con l\u00e1mparas UVA o UVB originales de Atlas America para una comparabilidad fiable de los resultados de las pruebas.<\/span><\/li>\n<li><span style=\"color: #282828;\">Calibraci\u00f3n autom\u00e1tica: Calibraci\u00f3n autom\u00e1tica de la irradiancia para una exposici\u00f3n UV constante.<\/span><\/li>\n<li><span style=\"color: #282828;\">Simulaci\u00f3n de humedad: Incluye funciones de pulverizaci\u00f3n de agua y condensaci\u00f3n para una simulaci\u00f3n ambiental completa.<\/span><\/li>\n<li><span style=\"color: #282828;\">Control de temperatura de precisi\u00f3n: Utiliza un sensor Pt100 de alta precisi\u00f3n para una regulaci\u00f3n exacta de la temperatura en aplicaciones de pizarra negra.<\/span><\/li>\n<\/ul>\n<div class=\"is-divider divider clearfix\" style=\"max-width:medium;\"><\/div>\n\t<div id=\"gap-1043622936\" class=\"gap-element clearfix\" style=\"display:block; height:auto;\">\n\t\t\n<style>\n#gap-1043622936 {\n  padding-top: 15px;\n}\n<\/style>\n\t<\/div>\n\t\n<h4><span style=\"color: #282828; font-size: 110%;\"><strong><b>Normas de ensayo aplicables:<\/b><\/strong><\/span><\/h4>\n<p><span style=\"color: #282828;\">ISO 4892-1, ISO 4892-3\uff0cISO 11507, ASTM G154, ASTM G153, IEC 61215. GB\/T14522<\/span><\/p>\n<div class=\"is-divider divider clearfix\" style=\"max-width:medium;\"><\/div>\n\t<div id=\"gap-1658806185\" class=\"gap-element clearfix\" style=\"display:block; height:auto;\">\n\t\t\n<style>\n#gap-1658806185 {\n  padding-top: 15px;\n}\n<\/style>\n\t<\/div>\n\t\n<h4><span style=\"color: #282828; font-size: 110%;\"><strong><b>Par\u00e1metros t\u00e9cnicos<\/b><\/strong><\/span><\/h4>\n\n<table id=\"tablepress-12\" class=\"tablepress tablepress-id-12\">\n<tbody class=\"row-striping row-hover\">\n<tr class=\"row-1\">\n\t<td class=\"column-1\">Modelo<\/td><td class=\"column-2\">SZ-UV-1C<\/td>\n<\/tr>\n<tr class=\"row-2\">\n\t<td class=\"column-1\">Tama\u00f1o interior AnxAlxPr (mm)\t<\/td><td class=\"column-2\">A75xAl150<br \/>\n<\/td>\n<\/tr>\n<tr class=\"row-3\">\n\t<td class=\"column-1\">Tama\u00f1o exterior AnxAlxPr (mm)\t<\/td><td class=\"column-2\">1600x1512x800<\/td>\n<\/tr>\n<tr class=\"row-4\">\n\t<td class=\"column-1\">Temperatura de radiaci\u00f3n\t<\/td><td class=\"column-2\">RT+10\u2103~70\u2103<br \/>\n<\/td>\n<\/tr>\n<tr class=\"row-5\">\n\t<td class=\"column-1\">Temperatura de condensaci\u00f3n<\/td><td class=\"column-2\">RT~60\u2103<br \/>\n<\/td>\n<\/tr>\n<tr class=\"row-6\">\n\t<td class=\"column-1\">Rango de humedad\t<\/td><td class=\"column-2\">Ciclo de condensaci\u00f3n\u226585%RH; Ciclo de radiaci\u00f3n <75%RH<br \/&gt;\n<\/td>\n<\/tr>\n<tr class=\"row-7\">\n\t<td class=\"column-1\">Fuente de luz de prueba\t<\/td><td class=\"column-2\">UV-A o UV-B<\/td>\n<\/tr>\n<tr class=\"row-8\">\n\t<td class=\"column-1\">Especificaciones de la fuente de luz de prueba<\/td><td class=\"column-2\">UV-A: rango de longitud de onda 300~400nm, valor pico de onda 340nm,<br \/>\nUV-B: rango de longitud de onda 275~375nm, valor de pico de onda 313nm;<br \/>\n<br \/>\nVida \u00fatil de la l\u00e1mpara 1600h<\/td>\n<\/tr>\n<tr class=\"row-9\">\n\t<td class=\"column-1\">Intensidad de radiaci\u00f3n<\/td><td class=\"column-2\">0,3~1,1W\/m2 (313nm); 0,3~1,2W\/m2 (340nm);<\/td>\n<\/tr>\n<tr class=\"row-10\">\n\t<td class=\"column-1\">Presi\u00f3n del agua pulverizada\t<\/td><td class=\"column-2\">30 ~ 200Kpa<\/td>\n<\/tr>\n<tr class=\"row-11\">\n\t<td class=\"column-1\">Especificaciones de la boquilla pulverizadora<\/td><td class=\"column-2\">Di\u00e1metro de la boquilla 0,8 mm, \u00e1ngulo de pulverizaci\u00f3n 60\u00b0, volumen de pulverizaci\u00f3n ajustable<\/td>\n<\/tr>\n<tr class=\"row-12\">\n\t<td class=\"column-1\">Calefacci\u00f3n Humidificador<\/td><td class=\"column-2\">La calefacci\u00f3n el\u00e9ctrica tipo vapor genera calor y humidifica.<\/td>\n<\/tr>\n<tr class=\"row-13\">\n\t<td class=\"column-1\">Sistema de control<\/td><td class=\"column-2\">Interfaz de operaci\u00f3n: Entrada de tecla t\u00e1ctil digital inteligente (control programable)<br \/>\nM\u00e9todo de funcionamiento: Control programable\/marcha constante<br \/>\n<br \/>\nRango de ajuste: Como rango de temperatura<br \/>\n<br \/>\nEntrada: Medidor de temperatura de pizarra, sensor PT-100<br \/>\n<br \/>\nFunci\u00f3n subsidiaria: Alarma de l\u00edmite superior-inferior, visualizaci\u00f3n de alarma, funci\u00f3n de temporizador<\/td>\n<\/tr>\n<tr class=\"row-14\">\n\t<td class=\"column-1\">Caracter\u00edsticas de seguridad<\/td><td class=\"column-2\">Protecci\u00f3n contra fugas a tierra, sobrecarga del circuito, protecci\u00f3n contra cortocircuitos, protecci\u00f3n contra sobretemperatura de la c\u00e1mara, alarma de falta de agua<\/td>\n<\/tr>\n<\/tbody>\n<\/table>\n<!-- #tablepress-12 from cache -->\n\t<div id=\"gap-506474698\" class=\"gap-element clearfix\" style=\"display:block; height:auto;\">\n\t\t\n<style>\n#gap-506474698 {\n  padding-top: 20px;\n}\n<\/style>\n\t<\/div>\n\t\n<h4 style=\"text-align: center;\"><span style=\"color: #282828; font-size: 110%;\">Solicitar presupuesto<\/span><\/h4>\n\n<div class=\"wpcf7 no-js\" id=\"wpcf7-f280-o1\" lang=\"en-US\" dir=\"ltr\" data-wpcf7-id=\"280\">\n<div class=\"screen-reader-response\"><p role=\"status\" aria-live=\"polite\" aria-atomic=\"true\"><\/p> <ul><\/ul><\/div>\n<form action=\"\/es\/wp-json\/wp\/v2\/product\/1844#wpcf7-f280-o1\" method=\"post\" class=\"wpcf7-form init\" aria-label=\"Contact form\" novalidate=\"novalidate\" data-status=\"init\" data-trp-original-action=\"\/es\/wp-json\/wp\/v2\/product\/1844#wpcf7-f280-o1\">\n<fieldset class=\"hidden-fields-container\"><input type=\"hidden\" name=\"_wpcf7\" value=\"280\" \/><input type=\"hidden\" name=\"_wpcf7_version\" value=\"6.1.2\" \/><input type=\"hidden\" name=\"_wpcf7_locale\" value=\"en_US\" \/><input type=\"hidden\" name=\"_wpcf7_unit_tag\" value=\"wpcf7-f280-o1\" \/><input type=\"hidden\" name=\"_wpcf7_container_post\" value=\"0\" \/><input type=\"hidden\" name=\"_wpcf7_posted_data_hash\" value=\"\" \/>\n<\/fieldset>\n<div class='custom_contact_style'>\n\t<div class=\"row row-small\">\n\t\t<div class=\"col medium-6 small-12 large-6\">\n\t\t\t<div class=\"col-inner\">\n\t\t\t\t<p><span class=\"wpcf7-form-control-wrap\" data-name=\"your-name\"><input size=\"40\" maxlength=\"400\" class=\"wpcf7-form-control wpcf7-text wpcf7-validates-as-required\" aria-required=\"true\" aria-invalid=\"false\" placeholder=\"Nombre\" value=\"\" type=\"text\" name=\"your-name\" \/><\/span>\n\t\t\t\t<\/p>\n\t\t\t<\/div>\n\t\t<\/div>\n\t\t<div class=\"col medium-6 small-12 large-6\">\n\t\t\t<div class=\"col-inner\">\n\t\t\t\t<p><span class=\"wpcf7-form-control-wrap\" data-name=\"your-email\"><input size=\"40\" maxlength=\"400\" class=\"wpcf7-form-control wpcf7-email wpcf7-validates-as-required wpcf7-text wpcf7-validates-as-email\" aria-required=\"true\" aria-invalid=\"false\" placeholder=\"Correo electr\u00f3nico\" value=\"\" type=\"email\" name=\"your-email\" \/><\/span>\n\t\t\t\t<\/p>\n\t\t\t<\/div>\n\t\t<\/div>\n\t<\/div>\n\t<div class='cus_contact_form_bottom'>\n\t\t<p><span class=\"wpcf7-form-control-wrap\" data-name=\"your-phone\"><input size=\"40\" maxlength=\"400\" class=\"wpcf7-form-control wpcf7-text\" aria-invalid=\"false\" placeholder=\"Tel\u00e9fono\" value=\"\" type=\"text\" name=\"your-phone\" \/><\/span>\n\t\t<\/p>\n\t<\/div>\n\t<div class='cus_contact_form_bottom'>\n\t\t<p><span class=\"wpcf7-form-control-wrap\" data-name=\"your-country\"><input size=\"40\" maxlength=\"400\" class=\"wpcf7-form-control wpcf7-text\" aria-invalid=\"false\" placeholder=\"Pa\u00eds\" value=\"\" type=\"text\" name=\"your-country\" \/><\/span>\n\t\t<\/p>\n\t<\/div>\n\t<p><span class=\"wpcf7-form-control-wrap\" data-name=\"your-message\"><textarea cols=\"40\" rows=\"10\" maxlength=\"2000\" class=\"wpcf7-form-control wpcf7-textarea wpcf7-validates-as-required\" aria-required=\"true\" aria-invalid=\"false\" placeholder=\"Su mensaje *\" name=\"your-message\"><\/textarea><\/span>\n\t<\/p>\n\t<div style=\"margin-bottom:10px;\">\n\t\t<p><span class=\"wpcf7-form-control-wrap kc_captcha cf7ic-toggle\" data-name=\"kc_captcha\"><span class=\"wpcf7-form-control wpcf7-radio\"><span class=\"captcha-image\" style=\"display: none;\"><span class=\"cf7ic_instructions\">Please prove you are human by selecting the<span> tree<\/span>.<\/span><label><input aria-label=\"1\" type=\"radio\" name=\"kc_captcha\" value=\"bot\" \/><svg aria-hidden=\"true\" role=\"img\" xmlns=\"http:\/\/www.w3.org\/2000\/svg\" viewbox=\"0 0 512 512\"><path fill=\"currentColor\" d=\"M350 99c-54 0-98-35-166-35-25 0-47 4-68 12a56 56 0 004-24C118 24 95 1 66 0a56 56 0 00-34 102v386c0 13 11 24 24 24h16c13 0 24-11 24-24v-94c28-12 64-23 114-23 54 0 98 35 166 35 48 0 86-16 122-41 9-6 14-15 14-26V96c0-23-24-39-45-29-35 16-77 32-117 32z\"\/><\/svg><\/label><label><input aria-label=\"2\" type=\"radio\" name=\"kc_captcha\" value=\"bot\" \/><svg aria-hidden=\"true\" role=\"img\" xmlns=\"http:\/\/www.w3.org\/2000\/svg\" viewbox=\"0 0 640 512\"><path fill=\"currentColor\" d=\"M624 352h-16V244c0-13-5-25-14-34L494 110c-9-9-21-14-34-14h-44V48c0-26-21-48-48-48H48C22 0 0 22 0 48v320c0 27 22 48 48 48h16a96 96 0 00192 0h128a96 96 0 00192 0h48c9 0 16-7 16-16v-32c0-9-7-16-16-16zM160 464a48 48 0 110-96 48 48 0 010 96zm320 0a48 48 0 110-96 48 48 0 010 96zm80-208H416V144h44l100 100v12z\"\/><\/svg><\/label><label><input aria-label=\"3\" type=\"radio\" name=\"kc_captcha\" value=\"kc_human\" \/><svg aria-hidden=\"true\" role=\"img\" xmlns=\"http:\/\/www.w3.org\/2000\/svg\" viewbox=\"0 0 384 512\"><path fill=\"currentColor\" d=\"M377 375l-83-87h34c21 0 32-25 17-40l-82-88h33c21 0 32-25 18-40L210 8c-10-11-26-11-36 0L70 120c-14 15-3 40 18 40h33l-82 88c-15 15-4 40 17 40h34L7 375c-15 16-4 41 17 41h120c0 33-11 49-34 68-12 9-5 28 10 28h144c15 0 22-19 10-28-20-16-34-32-34-68h120c21 0 32-25 17-41z\"\/><\/svg><\/label>\r\n    <\/span>\r\n    <span style=\"display:none\">\r\n        <input type=\"text\" name=\"kc_honeypot\">\r\n    <\/span><\/span><\/span>\n\t\t<\/p>\n\t<\/div>\n\t<p><input class=\"wpcf7-form-control wpcf7-submit has-spinner\" type=\"submit\" value=\"Enviar mensaje\" \/>\n\t<\/p>\n<\/div><div class=\"wpcf7-response-output\" aria-hidden=\"true\"><\/div>\n<input type=\"hidden\" name=\"trp-form-language\" value=\"es\"\/><\/form>\n<\/div>\n\n\t<div id=\"gap-1291612536\" class=\"gap-element clearfix\" style=\"display:block; height:auto;\">\n\t\t\n<style>\n#gap-1291612536 {\n  padding-top: 30px;\n}\n<\/style>\n\t<\/div>\n\t\n<p><em><span style=\"color: #282828;\">Volver <a href=\"https:\/\/gaattestequipment.com\/es\/\">Inicio&gt;&gt;&gt;<\/a><\/span><\/em><\/p>","protected":false},"excerpt":{"rendered":"<p><span style=\"color: #282828;\">La c\u00e1mara de envejecimiento UV est\u00e1 dise\u00f1ada para simular los efectos de la radiaci\u00f3n ultravioleta (UV) en los materiales. Est\u00e1 dise\u00f1ada para acelerar el proceso de envejecimiento de los productos exponi\u00e9ndolos a niveles controlados de luz UV, temperatura y humedad.<\/span><\/p>","protected":false},"featured_media":1724,"comment_status":"open","ping_status":"closed","template":"","meta":[],"product_brand":[],"product_cat":[40],"product_tag":[],"class_list":{"0":"post-1844","1":"product","2":"type-product","3":"status-publish","4":"has-post-thumbnail","6":"product_cat-uv-accelerated-weathering-tester","8":"first","9":"instock","10":"shipping-taxable","11":"product-type-simple"},"yoast_head":"<!-- This site is optimized with the Yoast SEO plugin v26.0 - https:\/\/yoast.com\/wordpress\/plugins\/seo\/ -->\n<title>UV Aging Test Chamber - GAAT<\/title>\n<meta name=\"description\" content=\"UV Aging Test Chamber of high quality. We provide fast delivery, reasonable price and after-sales service. Welcome to contact us!\" \/>\n<meta name=\"robots\" content=\"index, follow, max-snippet:-1, max-image-preview:large, max-video-preview:-1\" \/>\n<link rel=\"canonical\" href=\"https:\/\/gaattestequipment.com\/es\/manufacturer\/uv-aging-test-chamber\/\" \/>\n<meta property=\"og:locale\" content=\"es_ES\" \/>\n<meta property=\"og:type\" content=\"article\" \/>\n<meta property=\"og:title\" content=\"UV Aging Test Chamber - GAAT\" \/>\n<meta property=\"og:description\" content=\"UV Aging Test Chamber of high quality. We provide fast delivery, reasonable price and after-sales service. Welcome to contact us!\" \/>\n<meta property=\"og:url\" content=\"https:\/\/gaattestequipment.com\/es\/manufacturer\/uv-aging-test-chamber\/\" \/>\n<meta property=\"og:site_name\" content=\"GAAT\" \/>\n<meta property=\"article:modified_time\" content=\"2025-01-17T06:51:17+00:00\" \/>\n<meta property=\"og:image\" content=\"https:\/\/gaattestequipment.com\/wp-content\/uploads\/2024\/11\/UV-accelerated-weathering-tester.png\" \/>\n\t<meta property=\"og:image:width\" content=\"800\" \/>\n\t<meta property=\"og:image:height\" content=\"800\" \/>\n\t<meta property=\"og:image:type\" content=\"image\/png\" \/>\n<meta name=\"twitter:card\" content=\"summary_large_image\" \/>\n<meta name=\"twitter:label1\" content=\"Tiempo de lectura\" \/>\n\t<meta name=\"twitter:data1\" content=\"1 minuto\" \/>\n<script type=\"application\/ld+json\" class=\"yoast-schema-graph\">{\"@context\":\"https:\/\/schema.org\",\"@graph\":[{\"@type\":\"WebPage\",\"@id\":\"https:\/\/gaattestequipment.com\/ar\/manufacturer\/uv-aging-test-chamber\/\",\"url\":\"https:\/\/gaattestequipment.com\/ar\/manufacturer\/uv-aging-test-chamber\/\",\"name\":\"UV Aging Test Chamber - GAAT\",\"isPartOf\":{\"@id\":\"https:\/\/mistyrose-dunlin-619425.hostingersite.com\/#website\"},\"primaryImageOfPage\":{\"@id\":\"https:\/\/gaattestequipment.com\/ar\/manufacturer\/uv-aging-test-chamber\/#primaryimage\"},\"image\":{\"@id\":\"https:\/\/gaattestequipment.com\/ar\/manufacturer\/uv-aging-test-chamber\/#primaryimage\"},\"thumbnailUrl\":\"https:\/\/gaattestequipment.com\/wp-content\/uploads\/2024\/11\/UV-accelerated-weathering-tester.png\",\"datePublished\":\"2024-11-13T02:47:08+00:00\",\"dateModified\":\"2025-01-17T06:51:17+00:00\",\"description\":\"UV Aging Test Chamber of high quality. We provide fast delivery, reasonable price and after-sales service. Welcome to contact us!\",\"breadcrumb\":{\"@id\":\"https:\/\/gaattestequipment.com\/ar\/manufacturer\/uv-aging-test-chamber\/#breadcrumb\"},\"inLanguage\":\"es\",\"potentialAction\":[{\"@type\":\"ReadAction\",\"target\":[\"https:\/\/gaattestequipment.com\/ar\/manufacturer\/uv-aging-test-chamber\/\"]}]},{\"@type\":\"ImageObject\",\"inLanguage\":\"es\",\"@id\":\"https:\/\/gaattestequipment.com\/ar\/manufacturer\/uv-aging-test-chamber\/#primaryimage\",\"url\":\"https:\/\/gaattestequipment.com\/wp-content\/uploads\/2024\/11\/UV-accelerated-weathering-tester.png\",\"contentUrl\":\"https:\/\/gaattestequipment.com\/wp-content\/uploads\/2024\/11\/UV-accelerated-weathering-tester.png\",\"width\":800,\"height\":800},{\"@type\":\"BreadcrumbList\",\"@id\":\"https:\/\/gaattestequipment.com\/ar\/manufacturer\/uv-aging-test-chamber\/#breadcrumb\",\"itemListElement\":[{\"@type\":\"ListItem\",\"position\":1,\"name\":\"Home\",\"item\":\"https:\/\/mistyrose-dunlin-619425.hostingersite.com\/\"},{\"@type\":\"ListItem\",\"position\":2,\"name\":\"Products\",\"item\":\"https:\/\/gaattestequipment.com\/shop\/\"},{\"@type\":\"ListItem\",\"position\":3,\"name\":\"UV Aging Test Chamber\"}]},{\"@type\":\"WebSite\",\"@id\":\"https:\/\/mistyrose-dunlin-619425.hostingersite.com\/#website\",\"url\":\"https:\/\/mistyrose-dunlin-619425.hostingersite.com\/\",\"name\":\"GAAT\",\"description\":\"Manufacturer of environmental and reliability testing instruments\",\"potentialAction\":[{\"@type\":\"SearchAction\",\"target\":{\"@type\":\"EntryPoint\",\"urlTemplate\":\"https:\/\/mistyrose-dunlin-619425.hostingersite.com\/?s={search_term_string}\"},\"query-input\":{\"@type\":\"PropertyValueSpecification\",\"valueRequired\":true,\"valueName\":\"search_term_string\"}}],\"inLanguage\":\"es\"}]}<\/script>\n<!-- \/ Yoast SEO plugin. -->","yoast_head_json":{"title":"C\u00e1mara de envejecimiento UV - GAAT","description":"C\u00e1mara de Ensayo de Envejecimiento UV de alta calidad. Ofrecemos entrega r\u00e1pida, precio razonable y servicio post-venta. Le invitamos a ponerse en contacto con nosotros.","robots":{"index":"index","follow":"follow","max-snippet":"max-snippet:-1","max-image-preview":"max-image-preview:large","max-video-preview":"max-video-preview:-1"},"canonical":"https:\/\/gaattestequipment.com\/es\/manufacturer\/uv-aging-test-chamber\/","og_locale":"es_ES","og_type":"article","og_title":"UV Aging Test Chamber - GAAT","og_description":"UV Aging Test Chamber of high quality. We provide fast delivery, reasonable price and after-sales service. Welcome to contact us!","og_url":"https:\/\/gaattestequipment.com\/es\/manufacturer\/uv-aging-test-chamber\/","og_site_name":"GAAT","article_modified_time":"2025-01-17T06:51:17+00:00","og_image":[{"width":800,"height":800,"url":"https:\/\/gaattestequipment.com\/wp-content\/uploads\/2024\/11\/UV-accelerated-weathering-tester.png","type":"image\/png"}],"twitter_card":"summary_large_image","twitter_misc":{"Tiempo de lectura":"1 minuto"},"schema":{"@context":"https:\/\/schema.org","@graph":[{"@type":"WebPage","@id":"https:\/\/gaattestequipment.com\/ar\/manufacturer\/uv-aging-test-chamber\/","url":"https:\/\/gaattestequipment.com\/ar\/manufacturer\/uv-aging-test-chamber\/","name":"C\u00e1mara de envejecimiento UV - GAAT","isPartOf":{"@id":"https:\/\/mistyrose-dunlin-619425.hostingersite.com\/#website"},"primaryImageOfPage":{"@id":"https:\/\/gaattestequipment.com\/ar\/manufacturer\/uv-aging-test-chamber\/#primaryimage"},"image":{"@id":"https:\/\/gaattestequipment.com\/ar\/manufacturer\/uv-aging-test-chamber\/#primaryimage"},"thumbnailUrl":"https:\/\/gaattestequipment.com\/wp-content\/uploads\/2024\/11\/UV-accelerated-weathering-tester.png","datePublished":"2024-11-13T02:47:08+00:00","dateModified":"2025-01-17T06:51:17+00:00","description":"C\u00e1mara de Ensayo de Envejecimiento UV de alta calidad. Ofrecemos entrega r\u00e1pida, precio razonable y servicio post-venta. Le invitamos a ponerse en contacto con nosotros.","breadcrumb":{"@id":"https:\/\/gaattestequipment.com\/ar\/manufacturer\/uv-aging-test-chamber\/#breadcrumb"},"inLanguage":"es","potentialAction":[{"@type":"ReadAction","target":["https:\/\/gaattestequipment.com\/ar\/manufacturer\/uv-aging-test-chamber\/"]}]},{"@type":"ImageObject","inLanguage":"es","@id":"https:\/\/gaattestequipment.com\/ar\/manufacturer\/uv-aging-test-chamber\/#primaryimage","url":"https:\/\/gaattestequipment.com\/wp-content\/uploads\/2024\/11\/UV-accelerated-weathering-tester.png","contentUrl":"https:\/\/gaattestequipment.com\/wp-content\/uploads\/2024\/11\/UV-accelerated-weathering-tester.png","width":800,"height":800},{"@type":"BreadcrumbList","@id":"https:\/\/gaattestequipment.com\/ar\/manufacturer\/uv-aging-test-chamber\/#breadcrumb","itemListElement":[{"@type":"ListItem","position":1,"name":"Home","item":"https:\/\/mistyrose-dunlin-619425.hostingersite.com\/"},{"@type":"ListItem","position":2,"name":"Products","item":"https:\/\/gaattestequipment.com\/shop\/"},{"@type":"ListItem","position":3,"name":"UV Aging Test Chamber"}]},{"@type":"WebSite","@id":"https:\/\/mistyrose-dunlin-619425.hostingersite.com\/#website","url":"https:\/\/mistyrose-dunlin-619425.hostingersite.com\/","name":"GAAT","description":"Fabricante de instrumentos para pruebas medioambientales y de fiabilidad","potentialAction":[{"@type":"SearchAction","target":{"@type":"EntryPoint","urlTemplate":"https:\/\/mistyrose-dunlin-619425.hostingersite.com\/?s={search_term_string}"},"query-input":{"@type":"PropertyValueSpecification","valueRequired":true,"valueName":"search_term_string"}}],"inLanguage":"es"}]}},"_links":{"self":[{"href":"https:\/\/gaattestequipment.com\/es\/wp-json\/wp\/v2\/product\/1844","targetHints":{"allow":["GET"]}}],"collection":[{"href":"https:\/\/gaattestequipment.com\/es\/wp-json\/wp\/v2\/product"}],"about":[{"href":"https:\/\/gaattestequipment.com\/es\/wp-json\/wp\/v2\/types\/product"}],"replies":[{"embeddable":true,"href":"https:\/\/gaattestequipment.com\/es\/wp-json\/wp\/v2\/comments?post=1844"}],"wp:featuredmedia":[{"embeddable":true,"href":"https:\/\/gaattestequipment.com\/es\/wp-json\/wp\/v2\/media\/1724"}],"wp:attachment":[{"href":"https:\/\/gaattestequipment.com\/es\/wp-json\/wp\/v2\/media?parent=1844"}],"wp:term":[{"taxonomy":"product_brand","embeddable":true,"href":"https:\/\/gaattestequipment.com\/es\/wp-json\/wp\/v2\/product_brand?post=1844"},{"taxonomy":"product_cat","embeddable":true,"href":"https:\/\/gaattestequipment.com\/es\/wp-json\/wp\/v2\/product_cat?post=1844"},{"taxonomy":"product_tag","embeddable":true,"href":"https:\/\/gaattestequipment.com\/es\/wp-json\/wp\/v2\/product_tag?post=1844"}],"curies":[{"name":"wp","href":"https:\/\/api.w.org\/{rel}","templated":true}]}}