{"id":1835,"date":"2024-11-13T01:49:40","date_gmt":"2024-11-13T01:49:40","guid":{"rendered":"https:\/\/gaattestequipment.com\/?post_type=product&#038;p=1835"},"modified":"2025-01-17T06:56:34","modified_gmt":"2025-01-17T06:56:34","slug":"salt-spray-test-chamber-titanium-type","status":"publish","type":"product","link":"https:\/\/gaattestequipment.com\/es\/manufacturer\/salt-spray-test-chamber-titanium-type\/","title":{"rendered":"C\u00e1mara de niebla salina Tipo Titanio"},"content":{"rendered":"<h3><span style=\"color: #282828;\"><strong><b>Caracter\u00edsticas de la c\u00e1mara de pruebas de niebla salina:<\/b><\/strong><\/span><\/h3>\n<ul>\n<li><span style=\"color: #282828;\">El material de titanio de la c\u00e1mara de pruebas de niebla salina es m\u00e1s resistente a la corrosi\u00f3n y duradero<\/span><\/li>\n<li><span style=\"color: #282828;\">2 a\u00f1os de garant\u00eda<\/span><\/li>\n<li><span style=\"color: #282828;\">Componentes de marcas internacionales<\/span><\/li>\n<li><span style=\"color: #282828;\">Protecci\u00f3n m\u00faltiple contra sobretemperatura<\/span><\/li>\n<li><span style=\"color: #282828;\">Amplias opciones para varios tama\u00f1os y capacidad para fabricar c\u00e1maras de gran volumen<\/span><\/li>\n<\/ul>\n<div class=\"is-divider divider clearfix\" style=\"max-width:medium;\"><\/div>\n\t<div id=\"gap-751746710\" class=\"gap-element clearfix\" style=\"display:block; height:auto;\">\n\t\t\n<style>\n#gap-751746710 {\n  padding-top: 15px;\n}\n<\/style>\n\t<\/div>\n\t\n<h3><span style=\"color: #282828;\"><strong><b>Aplicaci\u00f3n<\/b><\/strong><\/span><span style=\"color: #282828;\"><strong><b>:<\/b><\/strong><\/span><\/h3>\n<p><span style=\"color: #282828;\">Las c\u00e1maras de niebla salina se utilizan ampliamente en diversas industrias con fines de control y aseguramiento de la calidad. Son especialmente importantes en las industrias automovil\u00edstica, aeroespacial, electr\u00f3nica y naval, donde los productos est\u00e1n expuestos a condiciones ambientales adversas.<\/span><\/p>\n<div class=\"is-divider divider clearfix\" style=\"max-width:medium;\"><\/div>\n\t<div id=\"gap-1546555384\" class=\"gap-element clearfix\" style=\"display:block; height:auto;\">\n\t\t\n<style>\n#gap-1546555384 {\n  padding-top: 15px;\n}\n<\/style>\n\t<\/div>\n\t\n<h4><span style=\"color: #282828; font-size: 105%;\"><strong><b class=\"lazyloaded\">Pruebas\u00a0<\/b><\/strong><strong><b>S<\/b><\/strong><strong><b>normas:<\/b><\/strong><\/span><\/h4>\n<p><span style=\"color: #282828;\">ISO 4611, ISO 7253, ISO 9227, ASTM B 117, ASTM B368, ASTM B 380, ASTM G85-11, ASTM D 1735, DIN 50021<\/span><\/p>\n<div class=\"is-divider divider clearfix\" style=\"max-width:medium;\"><\/div>\n\t<div id=\"text-2952217157\" class=\"text show-for-small\">\n\t\t\n<h4><span style=\"color: #282828;\"><strong><b>Par\u00e1metros t\u00e9cnicos<\/b><\/strong><\/span><\/h4>\n\n<table id=\"tablepress-21\" class=\"tablepress tablepress-id-21 tbody-has-connected-cells\">\n<tbody class=\"row-striping row-hover\">\n<tr class=\"row-1\">\n\t<td class=\"column-1\">Modelo<\/td><td colspan=\"2\" class=\"column-2\">SZ-1000CTP\u3001SZ-1600CTP\u3001SZ-2000CTP<\/td>\n<\/tr>\n<tr class=\"row-2\">\n\t<td class=\"column-1\">Tama\u00f1o interior AnxAlxPr (mm)<\/td><td colspan=\"2\" class=\"column-2\">1200x800x1000\u30011600x800x1000\u30012000x800x1000<\/td>\n<\/tr>\n<tr class=\"row-3\">\n\t<td class=\"column-1\">Tama\u00f1o exterior AnxAlxPr (mm)<\/td><td colspan=\"2\" class=\"column-2\">1900x1600x1200\u30012300x1600x1200\u30012650x1600x1200<\/td>\n<\/tr>\n<tr class=\"row-4\">\n\t<td class=\"column-1\">Capacidad de la zona de pruebas (sin incluir la cubierta en forma de V)<\/td><td colspan=\"2\" class=\"column-2\">960L\u30011280L\u30011600L<\/td>\n<\/tr>\n<tr class=\"row-5\">\n\t<td class=\"column-1\">Capacidad del dep\u00f3sito de soluci\u00f3n salina<\/td><td colspan=\"2\" class=\"column-2\">300L, exterior, m\u00f3vil<\/td>\n<\/tr>\n<tr class=\"row-6\">\n\t<td class=\"column-1\">Material de la c\u00e1mara interior\t<\/td><td colspan=\"2\" class=\"column-2\">Placa de titanio puro<\/td>\n<\/tr>\n<tr class=\"row-7\">\n\t<td class=\"column-1\">M\u00e9todo de apertura de la tapa<\/td><td colspan=\"2\" class=\"column-2\">Neum\u00e1tico<\/td>\n<\/tr>\n<tr class=\"row-8\">\n\t<td class=\"column-1\">Temperatura<\/td><td colspan=\"2\" class=\"column-2\">Zona de pruebas: RT\uff5e60\u2103 Torre de humidificaci\u00f3n: RT\uff5e70\u2103<\/td>\n<\/tr>\n<tr class=\"row-9\">\n\t<td class=\"column-1\">Precisi\u00f3n del control de temperatura<\/td><td colspan=\"2\" class=\"column-2\">Fluctuaci\u00f3n de temperatura\uff1a\u2264 \u00b10,5\u2103<br \/>\nUniformidad de temperatura\uff1a\u2264 \u00b12\u2103<br \/>\nDesviaci\u00f3n de la temperatura de la zona de prueba\uff1a\u00b11,0\u2103<\/td>\n<\/tr>\n<tr class=\"row-10\">\n\t<td class=\"column-1\">Volumen de pulverizaci\u00f3n<\/td><td colspan=\"2\" class=\"column-2\">1,0~2,0ml\/80cm2\/h<\/td>\n<\/tr>\n<tr class=\"row-11\">\n\t<td class=\"column-1\">M\u00e9todo de pulverizaci\u00f3n<\/td><td colspan=\"2\" class=\"column-2\">Rociado continuo, rociado c\u00edclico y rociado programable.<\/td>\n<\/tr>\n<tr class=\"row-12\">\n\t<td class=\"column-1\">Configuraci\u00f3n est\u00e1ndar<\/td><td colspan=\"2\" class=\"column-2\">Controlador de pantalla t\u00e1ctil f\u00e1cil de usar con control remoto y software de supervisi\u00f3n<br \/>\nRuedas fijas y m\u00f3viles con funci\u00f3n de nivelaci\u00f3n.<br \/>\nPortilla de prueba 1pc \u03c650\/100\/200mm.<br \/>\nPortamuestras en forma de V, portamuestras en forma de O y plato portamuestras inferior de carga pesada.<br \/>\nTorre luminosa de tres colores con zumbador para indicar el estado de funcionamiento del horno.<\/td>\n<\/tr>\n<tr class=\"row-13\">\n\t<td class=\"column-1\">Caracter\u00edsticas de seguridad<\/td><td colspan=\"2\" class=\"column-2\">Protecci\u00f3n contra sobretemperatura tanto para la c\u00e1mara de pruebas como para el barril de presi\u00f3n, protecci\u00f3n contra fugas de agua tanto para la c\u00e1mara de pruebas como para el barril de presi\u00f3n, protecci\u00f3n contra quemadura en seco del calentador, alarma anormal de suministro de agua, alarma anormal de drenaje de agua, protecci\u00f3n contra fuga a tierra, protecci\u00f3n contra sobrecarga y cortocircuito.<\/td>\n<\/tr>\n<\/tbody>\n<\/table>\n<!-- #tablepress-21 from cache -->\n\t\t\t<\/div>\n\t\n\t<div id=\"gap-277137769\" class=\"gap-element clearfix\" style=\"display:block; height:auto;\">\n\t\t\n<style>\n#gap-277137769 {\n  padding-top: 15px;\n}\n<\/style>\n\t<\/div>\n\t\n\t<div id=\"text-2250289192\" class=\"text hide-for-small\">\n\t\t\n<h4><span style=\"color: #282828; font-size: 110%;\"><strong><b>Par\u00e1metros t\u00e9cnicos<\/b><\/strong><\/span><\/h4>\n\n<table id=\"tablepress-10\" class=\"tablepress tablepress-id-10 tbody-has-connected-cells\">\n<tbody class=\"row-striping row-hover\">\n<tr class=\"row-1\">\n\t<td class=\"column-1\">Modelo<\/td><td class=\"column-2\">SZ-1000CTP<\/td><td class=\"column-3\">SZ-1600CTP<\/td><td class=\"column-4\">SZ-2000CTP<\/td>\n<\/tr>\n<tr class=\"row-2\">\n\t<td class=\"column-1\">Tama\u00f1o interior AnxAlxPr (mm)\t<\/td><td class=\"column-2\">1200x800x1000\t<\/td><td class=\"column-3\">1600x800x1000<\/td><td class=\"column-4\">2000x800x1000<\/td>\n<\/tr>\n<tr class=\"row-3\">\n\t<td class=\"column-1\">Tama\u00f1o exterior AnxAlxPr (mm)\t<\/td><td class=\"column-2\">1900x1600x1200<\/td><td class=\"column-3\">2300x1600x1200<\/td><td class=\"column-4\">2650x1600x1200<\/td>\n<\/tr>\n<tr class=\"row-4\">\n\t<td class=\"column-1\">Capacidad de la zona de pruebas (sin incluir la cubierta en forma de V)<\/td><td class=\"column-2\">960L\t<\/td><td class=\"column-3\">1280L<\/td><td class=\"column-4\">1600L<\/td>\n<\/tr>\n<tr class=\"row-5\">\n\t<td class=\"column-1\">Capacidad del dep\u00f3sito de soluci\u00f3n salina\t<\/td><td colspan=\"3\" class=\"column-2\">300L, exterior, m\u00f3vil<\/td>\n<\/tr>\n<tr class=\"row-6\">\n\t<td class=\"column-1\">Material de la c\u00e1mara interior<\/td><td colspan=\"3\" class=\"column-2\">Placa de titanio puro<\/td>\n<\/tr>\n<tr class=\"row-7\">\n\t<td class=\"column-1\">M\u00e9todo de apertura de la tapa<\/td><td colspan=\"3\" class=\"column-2\">Neum\u00e1tico<\/td>\n<\/tr>\n<tr class=\"row-8\">\n\t<td class=\"column-1\">Temperatura<\/td><td colspan=\"3\" class=\"column-2\">Zona de pruebas: RT\uff5e60\u2103 Torre de humidificaci\u00f3n: RT\uff5e70\u2103<\/td>\n<\/tr>\n<tr class=\"row-9\">\n\t<td class=\"column-1\">Precisi\u00f3n del control de temperatura<\/td><td colspan=\"3\" class=\"column-2\">Fluctuaci\u00f3n de temperatura\uff1a\u2264 \u00b10,5\u2103<br \/>\nUniformidad de temperatura\uff1a\u2264 \u00b12\u2103<br \/>\n<br \/>\nDesviaci\u00f3n de la temperatura de la zona de prueba\uff1a\u00b11,0\u2103<\/td>\n<\/tr>\n<tr class=\"row-10\">\n\t<td class=\"column-1\">M\u00e9todo de pulverizaci\u00f3n<\/td><td colspan=\"3\" class=\"column-2\">Rociado continuo, rociado c\u00edclico y rociado programable.<\/td>\n<\/tr>\n<tr class=\"row-11\">\n\t<td class=\"column-1\">Volumen de pulverizaci\u00f3n<\/td><td colspan=\"3\" class=\"column-2\">1,0~2,0ml\/80cm2\/h<\/td>\n<\/tr>\n<tr class=\"row-12\">\n\t<td class=\"column-1\">Configuraci\u00f3n est\u00e1ndar<\/td><td colspan=\"3\" class=\"column-2\">Controlador de pantalla t\u00e1ctil f\u00e1cil de usar con control remoto y software de supervisi\u00f3n<br \/>\nRuedas fijas y m\u00f3viles con funci\u00f3n de nivelaci\u00f3n<br \/>\n<br \/>\nPortilla de prueba 1pc \u03c650\/100\/200mm<br \/>\n<br \/>\nPortamuestras en forma de V, portamuestras en forma de O y plato portamuestras inferior de carga pesada<br \/>\n<br \/>\nTorre luminosa de tres colores con zumbador para indicar el estado de funcionamiento del horno<\/td>\n<\/tr>\n<tr class=\"row-13\">\n\t<td class=\"column-1\">Opciones<\/td><td colspan=\"3\" class=\"column-2\">Compresor de aire<br \/>\nDesmineralizador de agua \/ purificador de agua<br \/>\n<br \/>\nDep\u00f3sito de soluci\u00f3n externo con agitador<\/td>\n<\/tr>\n<tr class=\"row-14\">\n\t<td class=\"column-1\">Caracter\u00edsticas de seguridad<\/td><td colspan=\"3\" class=\"column-2\">Protecci\u00f3n contra sobretemperatura tanto para la c\u00e1mara de pruebas como para el barril de presi\u00f3n, protecci\u00f3n contra fugas de agua tanto para la c\u00e1mara de pruebas como para el barril de presi\u00f3n, protecci\u00f3n contra quemadura en seco del calentador, alarma anormal de suministro de agua, alarma anormal de drenaje de agua, protecci\u00f3n contra fuga a tierra, protecci\u00f3n contra sobrecarga y cortocircuito.<\/td>\n<\/tr>\n<\/tbody>\n<\/table>\n<!-- #tablepress-10 from cache -->\n\t\t\t<\/div>\n\t\n\t<div id=\"gap-1753096609\" class=\"gap-element clearfix\" style=\"display:block; height:auto;\">\n\t\t\n<style>\n#gap-1753096609 {\n  padding-top: 20px;\n}\n<\/style>\n\t<\/div>\n\t\n<h3 style=\"text-align: center;\"><span style=\"color: #282828;\">Solicitar presupuesto<\/span><\/h3>\n\n<div class=\"wpcf7 no-js\" id=\"wpcf7-f280-o1\" lang=\"en-US\" dir=\"ltr\" data-wpcf7-id=\"280\">\n<div class=\"screen-reader-response\"><p role=\"status\" aria-live=\"polite\" aria-atomic=\"true\"><\/p> <ul><\/ul><\/div>\n<form action=\"\/es\/wp-json\/wp\/v2\/product\/1835#wpcf7-f280-o1\" method=\"post\" class=\"wpcf7-form init\" aria-label=\"Contact form\" novalidate=\"novalidate\" data-status=\"init\" data-trp-original-action=\"\/es\/wp-json\/wp\/v2\/product\/1835#wpcf7-f280-o1\">\n<fieldset class=\"hidden-fields-container\"><input type=\"hidden\" name=\"_wpcf7\" value=\"280\" \/><input type=\"hidden\" name=\"_wpcf7_version\" value=\"6.1.2\" \/><input type=\"hidden\" name=\"_wpcf7_locale\" value=\"en_US\" \/><input type=\"hidden\" name=\"_wpcf7_unit_tag\" value=\"wpcf7-f280-o1\" \/><input type=\"hidden\" name=\"_wpcf7_container_post\" value=\"0\" \/><input type=\"hidden\" name=\"_wpcf7_posted_data_hash\" value=\"\" \/>\n<\/fieldset>\n<div class='custom_contact_style'>\n\t<div class=\"row row-small\">\n\t\t<div class=\"col medium-6 small-12 large-6\">\n\t\t\t<div class=\"col-inner\">\n\t\t\t\t<p><span class=\"wpcf7-form-control-wrap\" data-name=\"your-name\"><input size=\"40\" maxlength=\"400\" class=\"wpcf7-form-control wpcf7-text wpcf7-validates-as-required\" aria-required=\"true\" aria-invalid=\"false\" placeholder=\"Nombre\" value=\"\" type=\"text\" name=\"your-name\" \/><\/span>\n\t\t\t\t<\/p>\n\t\t\t<\/div>\n\t\t<\/div>\n\t\t<div class=\"col medium-6 small-12 large-6\">\n\t\t\t<div class=\"col-inner\">\n\t\t\t\t<p><span class=\"wpcf7-form-control-wrap\" data-name=\"your-email\"><input size=\"40\" maxlength=\"400\" class=\"wpcf7-form-control wpcf7-email wpcf7-validates-as-required wpcf7-text wpcf7-validates-as-email\" aria-required=\"true\" aria-invalid=\"false\" placeholder=\"Correo electr\u00f3nico\" value=\"\" type=\"email\" name=\"your-email\" \/><\/span>\n\t\t\t\t<\/p>\n\t\t\t<\/div>\n\t\t<\/div>\n\t<\/div>\n\t<div class='cus_contact_form_bottom'>\n\t\t<p><span class=\"wpcf7-form-control-wrap\" data-name=\"your-phone\"><input size=\"40\" maxlength=\"400\" class=\"wpcf7-form-control wpcf7-text\" aria-invalid=\"false\" placeholder=\"Tel\u00e9fono\" value=\"\" type=\"text\" name=\"your-phone\" \/><\/span>\n\t\t<\/p>\n\t<\/div>\n\t<div class='cus_contact_form_bottom'>\n\t\t<p><span class=\"wpcf7-form-control-wrap\" data-name=\"your-country\"><input size=\"40\" maxlength=\"400\" class=\"wpcf7-form-control wpcf7-text\" aria-invalid=\"false\" placeholder=\"Pa\u00eds\" value=\"\" type=\"text\" name=\"your-country\" \/><\/span>\n\t\t<\/p>\n\t<\/div>\n\t<p><span class=\"wpcf7-form-control-wrap\" data-name=\"your-message\"><textarea cols=\"40\" rows=\"10\" maxlength=\"2000\" class=\"wpcf7-form-control wpcf7-textarea wpcf7-validates-as-required\" aria-required=\"true\" aria-invalid=\"false\" placeholder=\"Su mensaje *\" name=\"your-message\"><\/textarea><\/span>\n\t<\/p>\n\t<div style=\"margin-bottom:10px;\">\n\t\t<p><span class=\"wpcf7-form-control-wrap kc_captcha cf7ic-toggle\" data-name=\"kc_captcha\"><span class=\"wpcf7-form-control wpcf7-radio\"><span class=\"captcha-image\" style=\"display: none;\"><span class=\"cf7ic_instructions\">Please prove you are human by selecting the<span> cup<\/span>.<\/span><label><input aria-label=\"1\" type=\"radio\" name=\"kc_captcha\" value=\"kc_human\" \/><svg aria-hidden=\"true\" role=\"img\" xmlns=\"http:\/\/www.w3.org\/2000\/svg\" viewbox=\"0 0 640 512\"><path fill=\"currentColor\" d=\"M192 384h192c53 0 96-43 96-96h32a128 128 0 000-256H120c-13 0-24 11-24 24v232c0 53 43 96 96 96zM512 96a64 64 0 010 128h-32V96h32zm48 384H48c-47 0-61-64-36-64h584c25 0 11 64-36 64z\"\/><\/svg><\/label><label><input aria-label=\"2\" type=\"radio\" name=\"kc_captcha\" value=\"bot\" \/><svg aria-hidden=\"true\" role=\"img\" xmlns=\"http:\/\/www.w3.org\/2000\/svg\" viewbox=\"0 0 512 512\"><path fill=\"currentColor\" d=\"M350 99c-54 0-98-35-166-35-25 0-47 4-68 12a56 56 0 004-24C118 24 95 1 66 0a56 56 0 00-34 102v386c0 13 11 24 24 24h16c13 0 24-11 24-24v-94c28-12 64-23 114-23 54 0 98 35 166 35 48 0 86-16 122-41 9-6 14-15 14-26V96c0-23-24-39-45-29-35 16-77 32-117 32z\"\/><\/svg><\/label><label><input aria-label=\"3\" type=\"radio\" name=\"kc_captcha\" value=\"bot\" \/><svg aria-hidden=\"true\" role=\"img\" xmlns=\"http:\/\/www.w3.org\/2000\/svg\" viewbox=\"0 0 576 512\"><path fill=\"currentColor\" d=\"M472 200H360L256 6a12 12 0 00-10-6h-58c-8 0-14 7-12 15l34 185H100l-35-58a12 12 0 00-10-6H12c-8 0-13 7-12 14l21 106L0 362c-1 7 4 14 12 14h43c4 0 8-2 10-6l35-58h110l-34 185c-2 8 4 15 12 15h58a12 12 0 0010-6l104-194h112c57 0 104-25 104-56s-47-56-104-56z\"\/><\/svg><\/label>\r\n    <\/span>\r\n    <span style=\"display:none\">\r\n        <input type=\"text\" name=\"kc_honeypot\">\r\n    <\/span><\/span><\/span>\n\t\t<\/p>\n\t<\/div>\n\t<p><input class=\"wpcf7-form-control wpcf7-submit has-spinner\" type=\"submit\" value=\"Enviar mensaje\" \/>\n\t<\/p>\n<\/div><div class=\"wpcf7-response-output\" aria-hidden=\"true\"><\/div>\n<input type=\"hidden\" name=\"trp-form-language\" value=\"es\"\/><\/form>\n<\/div>\n\n\t<div id=\"gap-588973078\" class=\"gap-element clearfix\" style=\"display:block; height:auto;\">\n\t\t\n<style>\n#gap-588973078 {\n  padding-top: 30px;\n}\n<\/style>\n\t<\/div>\n\t\n<p><a href=\"https:\/\/gaattestequipment.com\/es\/\"><em><span style=\"color: #282828;\">Volver a la p\u00e1gina de inicio&gt;&gt;&gt;<\/span><\/em><\/a><\/p>","protected":false},"excerpt":{"rendered":"<p><span style=\"color: #282828;\">La c\u00e1mara de niebla salina, tambi\u00e9n conocida como c\u00e1mara de pruebas de niebla salina, es un dispositivo utilizado para probar la resistencia a la corrosi\u00f3n de materiales, revestimientos y productos. Somete las muestras a un entorno controlado de niebla salina, normalmente una mezcla de agua y cloruro s\u00f3dico, para simular los efectos corrosivos de una atm\u00f3sfera marina o h\u00fameda. La c\u00e1mara est\u00e1 dise\u00f1ada para acelerar el proceso de corrosi\u00f3n, lo que permite evaluar las propiedades protectoras de los materiales en condiciones duras en un periodo de tiempo relativamente corto.<\/span><\/p>","protected":false},"featured_media":1836,"comment_status":"open","ping_status":"closed","template":"","meta":[],"product_brand":[],"product_cat":[38],"product_tag":[],"class_list":{"0":"post-1835","1":"product","2":"type-product","3":"status-publish","4":"has-post-thumbnail","6":"product_cat-salt-spray-chamber","8":"first","9":"instock","10":"shipping-taxable","11":"product-type-simple"},"yoast_head":"<!-- This site is optimized with the Yoast SEO plugin v26.0 - https:\/\/yoast.com\/wordpress\/plugins\/seo\/ -->\n<title>Salt Spray Test Chamber | Titanium Type<\/title>\n<meta name=\"description\" content=\"Salt Spray Test Chamber of high quality and great performance. Support sample for test and fast delivery. Offer free pre-sales and after-sales service.\" \/>\n<meta name=\"robots\" content=\"index, follow, max-snippet:-1, max-image-preview:large, max-video-preview:-1\" \/>\n<link rel=\"canonical\" href=\"https:\/\/gaattestequipment.com\/es\/manufacturer\/salt-spray-test-chamber-titanium-type\/\" \/>\n<meta property=\"og:locale\" content=\"es_ES\" \/>\n<meta property=\"og:type\" content=\"article\" \/>\n<meta property=\"og:title\" content=\"Salt Spray Test Chamber | Titanium Type\" \/>\n<meta property=\"og:description\" content=\"Salt Spray Test Chamber of high quality and great performance. Support sample for test and fast delivery. Offer free pre-sales and after-sales service.\" \/>\n<meta property=\"og:url\" content=\"https:\/\/gaattestequipment.com\/es\/manufacturer\/salt-spray-test-chamber-titanium-type\/\" \/>\n<meta property=\"og:site_name\" content=\"GAAT\" \/>\n<meta property=\"article:modified_time\" content=\"2025-01-17T06:56:34+00:00\" \/>\n<meta property=\"og:image\" content=\"https:\/\/gaattestequipment.com\/wp-content\/uploads\/2024\/11\/Salt-spray-chamber-Titanium-type.png\" \/>\n\t<meta property=\"og:image:width\" content=\"800\" \/>\n\t<meta property=\"og:image:height\" content=\"800\" \/>\n\t<meta property=\"og:image:type\" content=\"image\/png\" \/>\n<meta name=\"twitter:card\" content=\"summary_large_image\" \/>\n<meta name=\"twitter:label1\" content=\"Tiempo de lectura\" \/>\n\t<meta name=\"twitter:data1\" content=\"1 minuto\" \/>\n<script type=\"application\/ld+json\" class=\"yoast-schema-graph\">{\"@context\":\"https:\/\/schema.org\",\"@graph\":[{\"@type\":\"WebPage\",\"@id\":\"https:\/\/gaattestequipment.com\/es\/manufacturer\/salt-spray-test-chamber-titanium-type\/\",\"url\":\"https:\/\/gaattestequipment.com\/es\/manufacturer\/salt-spray-test-chamber-titanium-type\/\",\"name\":\"Salt Spray Test Chamber | Titanium Type\",\"isPartOf\":{\"@id\":\"https:\/\/mistyrose-dunlin-619425.hostingersite.com\/#website\"},\"primaryImageOfPage\":{\"@id\":\"https:\/\/gaattestequipment.com\/es\/manufacturer\/salt-spray-test-chamber-titanium-type\/#primaryimage\"},\"image\":{\"@id\":\"https:\/\/gaattestequipment.com\/es\/manufacturer\/salt-spray-test-chamber-titanium-type\/#primaryimage\"},\"thumbnailUrl\":\"https:\/\/gaattestequipment.com\/wp-content\/uploads\/2024\/11\/Salt-spray-chamber-Titanium-type.png\",\"datePublished\":\"2024-11-13T01:49:40+00:00\",\"dateModified\":\"2025-01-17T06:56:34+00:00\",\"description\":\"Salt Spray Test Chamber of high quality and great performance. Support sample for test and fast delivery. Offer free pre-sales and after-sales service.\",\"breadcrumb\":{\"@id\":\"https:\/\/gaattestequipment.com\/es\/manufacturer\/salt-spray-test-chamber-titanium-type\/#breadcrumb\"},\"inLanguage\":\"es\",\"potentialAction\":[{\"@type\":\"ReadAction\",\"target\":[\"https:\/\/gaattestequipment.com\/es\/manufacturer\/salt-spray-test-chamber-titanium-type\/\"]}]},{\"@type\":\"ImageObject\",\"inLanguage\":\"es\",\"@id\":\"https:\/\/gaattestequipment.com\/es\/manufacturer\/salt-spray-test-chamber-titanium-type\/#primaryimage\",\"url\":\"https:\/\/gaattestequipment.com\/wp-content\/uploads\/2024\/11\/Salt-spray-chamber-Titanium-type.png\",\"contentUrl\":\"https:\/\/gaattestequipment.com\/wp-content\/uploads\/2024\/11\/Salt-spray-chamber-Titanium-type.png\",\"width\":800,\"height\":800,\"caption\":\"Salt spray chamber\"},{\"@type\":\"BreadcrumbList\",\"@id\":\"https:\/\/gaattestequipment.com\/es\/manufacturer\/salt-spray-test-chamber-titanium-type\/#breadcrumb\",\"itemListElement\":[{\"@type\":\"ListItem\",\"position\":1,\"name\":\"Home\",\"item\":\"https:\/\/mistyrose-dunlin-619425.hostingersite.com\/\"},{\"@type\":\"ListItem\",\"position\":2,\"name\":\"Products\",\"item\":\"https:\/\/gaattestequipment.com\/shop\/\"},{\"@type\":\"ListItem\",\"position\":3,\"name\":\"Salt Spray Chamber Titanium Type\"}]},{\"@type\":\"WebSite\",\"@id\":\"https:\/\/mistyrose-dunlin-619425.hostingersite.com\/#website\",\"url\":\"https:\/\/mistyrose-dunlin-619425.hostingersite.com\/\",\"name\":\"GAAT\",\"description\":\"Manufacturer of environmental and reliability testing instruments\",\"potentialAction\":[{\"@type\":\"SearchAction\",\"target\":{\"@type\":\"EntryPoint\",\"urlTemplate\":\"https:\/\/mistyrose-dunlin-619425.hostingersite.com\/?s={search_term_string}\"},\"query-input\":{\"@type\":\"PropertyValueSpecification\",\"valueRequired\":true,\"valueName\":\"search_term_string\"}}],\"inLanguage\":\"es\"}]}<\/script>\n<!-- \/ Yoast SEO plugin. -->","yoast_head_json":{"title":"C\u00e1mara de Ensayo de Niebla Salina | Tipo Titanio","description":"C\u00e1mara de prueba de niebla salina de alta calidad y gran rendimiento. Apoye la muestra para la prueba y la entrega r\u00e1pida. Ofrecer servicio gratuito de preventa y postventa.","robots":{"index":"index","follow":"follow","max-snippet":"max-snippet:-1","max-image-preview":"max-image-preview:large","max-video-preview":"max-video-preview:-1"},"canonical":"https:\/\/gaattestequipment.com\/es\/manufacturer\/salt-spray-test-chamber-titanium-type\/","og_locale":"es_ES","og_type":"article","og_title":"Salt Spray Test Chamber | Titanium Type","og_description":"Salt Spray Test Chamber of high quality and great performance. Support sample for test and fast delivery. Offer free pre-sales and after-sales service.","og_url":"https:\/\/gaattestequipment.com\/es\/manufacturer\/salt-spray-test-chamber-titanium-type\/","og_site_name":"GAAT","article_modified_time":"2025-01-17T06:56:34+00:00","og_image":[{"width":800,"height":800,"url":"https:\/\/gaattestequipment.com\/wp-content\/uploads\/2024\/11\/Salt-spray-chamber-Titanium-type.png","type":"image\/png"}],"twitter_card":"summary_large_image","twitter_misc":{"Tiempo de lectura":"1 minuto"},"schema":{"@context":"https:\/\/schema.org","@graph":[{"@type":"WebPage","@id":"https:\/\/gaattestequipment.com\/es\/manufacturer\/salt-spray-test-chamber-titanium-type\/","url":"https:\/\/gaattestequipment.com\/es\/manufacturer\/salt-spray-test-chamber-titanium-type\/","name":"C\u00e1mara de Ensayo de Niebla Salina | Tipo Titanio","isPartOf":{"@id":"https:\/\/mistyrose-dunlin-619425.hostingersite.com\/#website"},"primaryImageOfPage":{"@id":"https:\/\/gaattestequipment.com\/es\/manufacturer\/salt-spray-test-chamber-titanium-type\/#primaryimage"},"image":{"@id":"https:\/\/gaattestequipment.com\/es\/manufacturer\/salt-spray-test-chamber-titanium-type\/#primaryimage"},"thumbnailUrl":"https:\/\/gaattestequipment.com\/wp-content\/uploads\/2024\/11\/Salt-spray-chamber-Titanium-type.png","datePublished":"2024-11-13T01:49:40+00:00","dateModified":"2025-01-17T06:56:34+00:00","description":"C\u00e1mara de prueba de niebla salina de alta calidad y gran rendimiento. Apoye la muestra para la prueba y la entrega r\u00e1pida. Ofrecer servicio gratuito de preventa y postventa.","breadcrumb":{"@id":"https:\/\/gaattestequipment.com\/es\/manufacturer\/salt-spray-test-chamber-titanium-type\/#breadcrumb"},"inLanguage":"es","potentialAction":[{"@type":"ReadAction","target":["https:\/\/gaattestequipment.com\/es\/manufacturer\/salt-spray-test-chamber-titanium-type\/"]}]},{"@type":"ImageObject","inLanguage":"es","@id":"https:\/\/gaattestequipment.com\/es\/manufacturer\/salt-spray-test-chamber-titanium-type\/#primaryimage","url":"https:\/\/gaattestequipment.com\/wp-content\/uploads\/2024\/11\/Salt-spray-chamber-Titanium-type.png","contentUrl":"https:\/\/gaattestequipment.com\/wp-content\/uploads\/2024\/11\/Salt-spray-chamber-Titanium-type.png","width":800,"height":800,"caption":"Salt spray chamber"},{"@type":"BreadcrumbList","@id":"https:\/\/gaattestequipment.com\/es\/manufacturer\/salt-spray-test-chamber-titanium-type\/#breadcrumb","itemListElement":[{"@type":"ListItem","position":1,"name":"Home","item":"https:\/\/mistyrose-dunlin-619425.hostingersite.com\/"},{"@type":"ListItem","position":2,"name":"Products","item":"https:\/\/gaattestequipment.com\/shop\/"},{"@type":"ListItem","position":3,"name":"Salt Spray Chamber Titanium Type"}]},{"@type":"WebSite","@id":"https:\/\/mistyrose-dunlin-619425.hostingersite.com\/#website","url":"https:\/\/mistyrose-dunlin-619425.hostingersite.com\/","name":"GAAT","description":"Fabricante de instrumentos para pruebas medioambientales y de fiabilidad","potentialAction":[{"@type":"SearchAction","target":{"@type":"EntryPoint","urlTemplate":"https:\/\/mistyrose-dunlin-619425.hostingersite.com\/?s={search_term_string}"},"query-input":{"@type":"PropertyValueSpecification","valueRequired":true,"valueName":"search_term_string"}}],"inLanguage":"es"}]}},"_links":{"self":[{"href":"https:\/\/gaattestequipment.com\/es\/wp-json\/wp\/v2\/product\/1835","targetHints":{"allow":["GET"]}}],"collection":[{"href":"https:\/\/gaattestequipment.com\/es\/wp-json\/wp\/v2\/product"}],"about":[{"href":"https:\/\/gaattestequipment.com\/es\/wp-json\/wp\/v2\/types\/product"}],"replies":[{"embeddable":true,"href":"https:\/\/gaattestequipment.com\/es\/wp-json\/wp\/v2\/comments?post=1835"}],"wp:featuredmedia":[{"embeddable":true,"href":"https:\/\/gaattestequipment.com\/es\/wp-json\/wp\/v2\/media\/1836"}],"wp:attachment":[{"href":"https:\/\/gaattestequipment.com\/es\/wp-json\/wp\/v2\/media?parent=1835"}],"wp:term":[{"taxonomy":"product_brand","embeddable":true,"href":"https:\/\/gaattestequipment.com\/es\/wp-json\/wp\/v2\/product_brand?post=1835"},{"taxonomy":"product_cat","embeddable":true,"href":"https:\/\/gaattestequipment.com\/es\/wp-json\/wp\/v2\/product_cat?post=1835"},{"taxonomy":"product_tag","embeddable":true,"href":"https:\/\/gaattestequipment.com\/es\/wp-json\/wp\/v2\/product_tag?post=1835"}],"curies":[{"name":"wp","href":"https:\/\/api.w.org\/{rel}","templated":true}]}}