{"id":1827,"date":"2024-11-12T14:13:16","date_gmt":"2024-11-12T14:13:16","guid":{"rendered":"https:\/\/gaattestequipment.com\/?post_type=product&#038;p=1827"},"modified":"2025-01-17T07:01:21","modified_gmt":"2025-01-17T07:01:21","slug":"thermal-shock-test-chamber-damper-type","status":"publish","type":"product","link":"https:\/\/gaattestequipment.com\/es\/manufacturer\/thermal-shock-test-chamber-damper-type\/","title":{"rendered":"C\u00e1mara de choque t\u00e9rmico Tipo de amortiguador"},"content":{"rendered":"<p><span style=\"font-size: 90%;\"><em><span style=\"color: #282828;\">Detalles de la c\u00e1mara de pruebas de choque t\u00e9rmico&gt;&gt;&gt;<\/span><\/em><\/span><\/p>\n<h3><span style=\"color: #282828;\"><strong><b class=\"lazyloaded\">Aplicaci\u00f3n de la c\u00e1mara de pruebas de choque t\u00e9rmico:<\/b><\/strong><\/span><\/h3>\n<ol>\n<li><span style=\"color: #282828;\">Electr\u00f3nica: Comprobaci\u00f3n de la fiabilidad de los componentes.<\/span><\/li>\n<\/ol>\n<p><span style=\"color: #282828;\">2. Automoci\u00f3n: Evaluaci\u00f3n del rendimiento de las piezas.<\/span><\/p>\n<p><span style=\"color: #282828;\">3. Aeroespacial: Simulaci\u00f3n de condiciones ambientales extremas.<\/span><\/p>\n<p><span style=\"color: #282828;\">4. Materiales: Evaluaci\u00f3n de la durabilidad de los materiales.<\/span><\/p>\n<p><span style=\"color: #282828;\">5. Telecomunicaciones: Garantizar la estabilidad de los equipos.<\/span><\/p>\n<div class=\"is-divider divider clearfix\" style=\"max-width:medium;\"><\/div>\n\t<div id=\"gap-873251965\" class=\"gap-element clearfix\" style=\"display:block; height:auto;\">\n\t\t\n<style>\n#gap-873251965 {\n  padding-top: 15px;\n}\n<\/style>\n\t<\/div>\n\t\n<h3><span style=\"color: #282828;\"><strong><b>Caracter\u00edsticas<\/b><\/strong><\/span><span style=\"color: #282828;\"><strong><b>:<\/b><\/strong><\/span><\/h3>\n<ul>\n<li><span style=\"color: #282828;\">Choque t\u00e9rmico sin mover la probeta<\/span><\/li>\n<li><span style=\"color: #282828;\">R\u00e1pida recuperaci\u00f3n de la temperatura<\/span><\/li>\n<li><span style=\"color: #282828;\">Distribuci\u00f3n uniforme de la temperatura<\/span><\/li>\n<li><span style=\"color: #282828;\">Ajuste autom\u00e1tico de precalentamiento y preenfriamiento en modo de ahorro de energ\u00eda<\/span><\/li>\n<\/ul>\n<div class=\"is-divider divider clearfix\" style=\"max-width:medium;\"><\/div>\n\t<div id=\"gap-787973482\" class=\"gap-element clearfix\" style=\"display:block; height:auto;\">\n\t\t\n<style>\n#gap-787973482 {\n  padding-top: 15px;\n}\n<\/style>\n\t<\/div>\n\t\n<h4><span style=\"color: #282828; font-size: 110%;\"><strong><b>Normas de ensayo aplicables:<\/b><\/strong><\/span><\/h4>\n<p><span style=\"color: #282828;\">IEC 60068-2-1: 2007, IEC 60068-2-2: 2007, IEC 60068-2-14: 2009, EIAJ ED-2531B: 2004, JASO D 014-4: 2014, MIL-STD-883H: 2010, MIL-STD-202G: 2002, GB\/T 2423.1: 2008, GB\/T 2423.2: 2008, GB\/T 2423.22: 2012, GB\/T 2424.13: 2002, GJB 360B: 2009, GJB 150.5A: 2009.<\/span><\/p>\n<div class=\"is-divider divider clearfix\" style=\"max-width:medium;\"><\/div>\n\t<div id=\"text-1379732033\" class=\"text show-for-small\">\n\t\t\n<h4><span style=\"color: #282828; font-size: 105%;\"><strong><b>Especificaci\u00f3n:<\/b><\/strong><strong><b>\u00a0<\/b><\/strong><\/span><\/h4>\n\n<table id=\"tablepress-22\" class=\"tablepress tablepress-id-22 tbody-has-connected-cells\">\n<tbody class=\"row-striping row-hover\">\n<tr class=\"row-1\">\n\t<td class=\"column-1\">Modelo (Tipo de ascensor - 2 zonas)<\/td><td colspan=\"2\" class=\"column-2\">SZ-I-42(A\uff5eC)\u3001SZ-I-80(A\uff5eC)\u3001SZ-I-150(A\uff5eC)\u3001SZ-I-300(A\uff5eC)\u3001SZ-I-512(A\uff5eC)<\/td>\n<\/tr>\n<tr class=\"row-2\">\n\t<td class=\"column-1\">Dimensiones interiores AnxAlxPr (mm)<\/td><td colspan=\"2\" class=\"column-2\">400x350x300\u3001500x400x400\u3001 600x500x500\u3001 800x560x610\u3001 800x800x800<\/td>\n<\/tr>\n<tr class=\"row-3\">\n\t<td class=\"column-1\">Temperatura de exposici\u00f3n<\/td><td colspan=\"2\" class=\"column-2\">Rango de choque de alta temperatura: +60\u2103~+150\u2103;<br \/>\nRango de choque a baja temperatura: 0\u2103~-65\u2103 (A: -45\u2103; B: -55\u2103; C: -65\u2103)<\/td>\n<\/tr>\n<tr class=\"row-4\">\n\t<td class=\"column-1\">Zona de alta temperatura<\/td><td colspan=\"2\" class=\"column-2\">Calentamiento: RT\u2192+200\u2103\u226440min.<\/td>\n<\/tr>\n<tr class=\"row-5\">\n\t<td class=\"column-1\">Zona de baja temperatura<\/td><td colspan=\"2\" class=\"column-2\">Enfriamiento: RT\u2192-75\u2103\u226470min.<\/td>\n<\/tr>\n<tr class=\"row-6\">\n\t<td class=\"column-1\">Temperatura<\/td><td colspan=\"2\" class=\"column-2\">Tiempo de recuperaci\u00f3n de la temperatura en la zona de prueba \u2264 3 \u00f3 5 min.<br \/>\nFluctuaci\u00f3n de temperatura: \u2264\u00b11\u2103<br \/>\nDesviaci\u00f3n de temperatura: \u2264\u00b12\u2103<\/td>\n<\/tr>\n<tr class=\"row-7\">\n\t<td class=\"column-1\">Caracter\u00edsticas de seguridad<\/td><td colspan=\"2\" class=\"column-2\">protecci\u00f3n contra sobrecalentamiento, sobrecorriente y sobrepresi\u00f3n del compresor, protecci\u00f3n contra sobrecalentamiento del ventilador de condensaci\u00f3n, protecci\u00f3n contra sobretemperatura de la c\u00e1mara, protecci\u00f3n contra sobrecalentamiento del motor del ventilador, protecci\u00f3n contra sobrecarga, protecci\u00f3n contra sobretemperatura del calefactor, protecci\u00f3n contra cortocircuito, protecci\u00f3n contra p\u00e9rdida de fase de secuencia de alimentaci\u00f3n, protecci\u00f3n contra fugas a tierra, protecci\u00f3n contra sobrecarga y cortocircuito del circuito<\/td>\n<\/tr>\n<\/tbody>\n<\/table>\n<!-- #tablepress-22 from cache -->\n\t\t\t<\/div>\n\t\n\t<div id=\"gap-1978503396\" class=\"gap-element clearfix\" style=\"display:block; height:auto;\">\n\t\t\n<style>\n#gap-1978503396 {\n  padding-top: 15px;\n}\n<\/style>\n\t<\/div>\n\t\n\t<div id=\"text-3342546119\" class=\"text hide-for-small\">\n\t\t\n<h4><span style=\"color: #282828; font-size: 110%;\"><strong><b>Especificaci\u00f3n:<\/b><\/strong><strong><b>\u00a0<\/b><\/strong><\/span><\/h4>\n\n<table id=\"tablepress-8\" class=\"tablepress tablepress-id-8 tbody-has-connected-cells\">\n<tbody class=\"row-striping row-hover\">\n<tr class=\"row-1\">\n\t<td class=\"column-1\">Modelo (Tipo de ascensor - 2 zonas)<\/td><td class=\"column-2\">SZ-I-42(A\uff5eC)\t<\/td><td class=\"column-3\">SZ-I-80(A\uff5eC)\t<\/td><td class=\"column-4\">SZ-I-150(A\uff5eC)\t<\/td><td class=\"column-5\">SZ-I-300(A\uff5eC)\t<\/td><td class=\"column-6\">SZ-I-512(A\uff5eC)<br \/>\n<\/td>\n<\/tr>\n<tr class=\"row-2\">\n\t<td class=\"column-1\">Dimensiones interiores AnxAlxPr (mm)\t<\/td><td class=\"column-2\">400x350x300\t<\/td><td class=\"column-3\">500x400x400<\/td><td class=\"column-4\">600x500x500<\/td><td class=\"column-5\">800x560x610<\/td><td class=\"column-6\">800x800x800<\/td>\n<\/tr>\n<tr class=\"row-3\">\n\t<td class=\"column-1\">Temperatura de exposici\u00f3n\t<\/td><td colspan=\"5\" class=\"column-2\">Rango de choque de alta temperatura: +60\u2103~+150\u2103;<br \/>\nRango de choque a baja temperatura: 0\u2103~-65\u2103 (A: -45\u2103; B: -55\u2103; C: -65\u2103)<\/td>\n<\/tr>\n<tr class=\"row-4\">\n\t<td class=\"column-1\">Zona de alta temperatura\t<\/td><td colspan=\"5\" class=\"column-2\">Calentamiento: RT\u2192+200\u2103\u226440min.<br \/>\n<\/td>\n<\/tr>\n<tr class=\"row-5\">\n\t<td class=\"column-1\">Zona de baja temperatura\t<\/td><td colspan=\"5\" class=\"column-2\">Enfriamiento: RT\u2192-75\u2103\u226470min.<br \/>\n<\/td>\n<\/tr>\n<tr class=\"row-6\">\n\t<td class=\"column-1\">Temperatura\t<\/td><td colspan=\"5\" class=\"column-2\">Tiempo de recuperaci\u00f3n de la temperatura en la zona de prueba \u2264 3 \u00f3 5 min.<br \/>\nFluctuaci\u00f3n de temperatura: \u2264\u00b11\u2103<br \/>\n<br \/>\nDesviaci\u00f3n de temperatura: \u2264\u00b12\u2103<\/td>\n<\/tr>\n<tr class=\"row-7\">\n\t<td class=\"column-1\">Caracter\u00edsticas de seguridad\t<\/td><td colspan=\"5\" class=\"column-2\">protecci\u00f3n contra sobrecalentamiento, sobrecorriente y sobrepresi\u00f3n del compresor, protecci\u00f3n contra sobrecalentamiento del ventilador de condensaci\u00f3n, protecci\u00f3n contra sobretemperatura de la c\u00e1mara, protecci\u00f3n contra sobrecalentamiento del motor del ventilador, protecci\u00f3n contra sobrecarga, protecci\u00f3n contra sobretemperatura del calefactor, protecci\u00f3n contra cortocircuito, protecci\u00f3n contra p\u00e9rdida de fase de secuencia de alimentaci\u00f3n, protecci\u00f3n contra fugas a tierra, protecci\u00f3n contra sobrecarga y cortocircuito del circuito<\/td>\n<\/tr>\n<\/tbody>\n<\/table>\n<!-- #tablepress-8 from cache -->\n\t\t\t<\/div>\n\t\n\t<div id=\"gap-379179898\" class=\"gap-element clearfix\" style=\"display:block; height:auto;\">\n\t\t\n<style>\n#gap-379179898 {\n  padding-top: 20px;\n}\n<\/style>\n\t<\/div>\n\t\n<h4 style=\"text-align: center;\"><span style=\"color: #282828; font-size: 110%;\">Solicitar presupuesto<\/span><\/h4>\n\n<div class=\"wpcf7 no-js\" id=\"wpcf7-f280-o1\" lang=\"en-US\" dir=\"ltr\" data-wpcf7-id=\"280\">\n<div class=\"screen-reader-response\"><p role=\"status\" aria-live=\"polite\" aria-atomic=\"true\"><\/p> <ul><\/ul><\/div>\n<form action=\"\/es\/wp-json\/wp\/v2\/product\/1827#wpcf7-f280-o1\" method=\"post\" class=\"wpcf7-form init\" aria-label=\"Contact form\" novalidate=\"novalidate\" data-status=\"init\" data-trp-original-action=\"\/es\/wp-json\/wp\/v2\/product\/1827#wpcf7-f280-o1\">\n<fieldset class=\"hidden-fields-container\"><input type=\"hidden\" name=\"_wpcf7\" value=\"280\" \/><input type=\"hidden\" name=\"_wpcf7_version\" value=\"6.1.2\" \/><input type=\"hidden\" name=\"_wpcf7_locale\" value=\"en_US\" \/><input type=\"hidden\" name=\"_wpcf7_unit_tag\" value=\"wpcf7-f280-o1\" \/><input type=\"hidden\" name=\"_wpcf7_container_post\" value=\"0\" \/><input type=\"hidden\" name=\"_wpcf7_posted_data_hash\" value=\"\" \/>\n<\/fieldset>\n<div class='custom_contact_style'>\n\t<div class=\"row row-small\">\n\t\t<div class=\"col medium-6 small-12 large-6\">\n\t\t\t<div class=\"col-inner\">\n\t\t\t\t<p><span class=\"wpcf7-form-control-wrap\" data-name=\"your-name\"><input size=\"40\" maxlength=\"400\" class=\"wpcf7-form-control wpcf7-text wpcf7-validates-as-required\" aria-required=\"true\" aria-invalid=\"false\" placeholder=\"Nombre\" value=\"\" type=\"text\" name=\"your-name\" \/><\/span>\n\t\t\t\t<\/p>\n\t\t\t<\/div>\n\t\t<\/div>\n\t\t<div class=\"col medium-6 small-12 large-6\">\n\t\t\t<div class=\"col-inner\">\n\t\t\t\t<p><span class=\"wpcf7-form-control-wrap\" data-name=\"your-email\"><input size=\"40\" maxlength=\"400\" class=\"wpcf7-form-control wpcf7-email wpcf7-validates-as-required wpcf7-text wpcf7-validates-as-email\" aria-required=\"true\" aria-invalid=\"false\" placeholder=\"Correo electr\u00f3nico\" value=\"\" type=\"email\" name=\"your-email\" \/><\/span>\n\t\t\t\t<\/p>\n\t\t\t<\/div>\n\t\t<\/div>\n\t<\/div>\n\t<div class='cus_contact_form_bottom'>\n\t\t<p><span class=\"wpcf7-form-control-wrap\" data-name=\"your-phone\"><input size=\"40\" maxlength=\"400\" class=\"wpcf7-form-control wpcf7-text\" aria-invalid=\"false\" placeholder=\"Tel\u00e9fono\" value=\"\" type=\"text\" name=\"your-phone\" \/><\/span>\n\t\t<\/p>\n\t<\/div>\n\t<div class='cus_contact_form_bottom'>\n\t\t<p><span class=\"wpcf7-form-control-wrap\" data-name=\"your-country\"><input size=\"40\" maxlength=\"400\" class=\"wpcf7-form-control wpcf7-text\" aria-invalid=\"false\" placeholder=\"Pa\u00eds\" value=\"\" type=\"text\" name=\"your-country\" \/><\/span>\n\t\t<\/p>\n\t<\/div>\n\t<p><span class=\"wpcf7-form-control-wrap\" data-name=\"your-message\"><textarea cols=\"40\" rows=\"10\" maxlength=\"2000\" class=\"wpcf7-form-control wpcf7-textarea wpcf7-validates-as-required\" aria-required=\"true\" aria-invalid=\"false\" placeholder=\"Su mensaje *\" name=\"your-message\"><\/textarea><\/span>\n\t<\/p>\n\t<div style=\"margin-bottom:10px;\">\n\t\t<p><span class=\"wpcf7-form-control-wrap kc_captcha cf7ic-toggle\" data-name=\"kc_captcha\"><span class=\"wpcf7-form-control wpcf7-radio\"><span class=\"captcha-image\" style=\"display: none;\"><span class=\"cf7ic_instructions\">Please prove you are human by selecting the<span> tree<\/span>.<\/span><label><input aria-label=\"1\" type=\"radio\" name=\"kc_captcha\" value=\"bot\" \/><svg aria-hidden=\"true\" role=\"img\" xmlns=\"http:\/\/www.w3.org\/2000\/svg\" viewbox=\"0 0 640 512\"><path fill=\"currentColor\" d=\"M192 384h192c53 0 96-43 96-96h32a128 128 0 000-256H120c-13 0-24 11-24 24v232c0 53 43 96 96 96zM512 96a64 64 0 010 128h-32V96h32zm48 384H48c-47 0-61-64-36-64h584c25 0 11 64-36 64z\"\/><\/svg><\/label><label><input aria-label=\"2\" type=\"radio\" name=\"kc_captcha\" value=\"bot\" \/><svg aria-hidden=\"true\" role=\"img\" xmlns=\"http:\/\/www.w3.org\/2000\/svg\" viewbox=\"0 0 640 512\"><path fill=\"currentColor\" d=\"M624 352h-16V244c0-13-5-25-14-34L494 110c-9-9-21-14-34-14h-44V48c0-26-21-48-48-48H48C22 0 0 22 0 48v320c0 27 22 48 48 48h16a96 96 0 00192 0h128a96 96 0 00192 0h48c9 0 16-7 16-16v-32c0-9-7-16-16-16zM160 464a48 48 0 110-96 48 48 0 010 96zm320 0a48 48 0 110-96 48 48 0 010 96zm80-208H416V144h44l100 100v12z\"\/><\/svg><\/label><label><input aria-label=\"3\" type=\"radio\" name=\"kc_captcha\" value=\"kc_human\" \/><svg aria-hidden=\"true\" role=\"img\" xmlns=\"http:\/\/www.w3.org\/2000\/svg\" viewbox=\"0 0 384 512\"><path fill=\"currentColor\" d=\"M377 375l-83-87h34c21 0 32-25 17-40l-82-88h33c21 0 32-25 18-40L210 8c-10-11-26-11-36 0L70 120c-14 15-3 40 18 40h33l-82 88c-15 15-4 40 17 40h34L7 375c-15 16-4 41 17 41h120c0 33-11 49-34 68-12 9-5 28 10 28h144c15 0 22-19 10-28-20-16-34-32-34-68h120c21 0 32-25 17-41z\"\/><\/svg><\/label>\r\n    <\/span>\r\n    <span style=\"display:none\">\r\n        <input type=\"text\" name=\"kc_honeypot\">\r\n    <\/span><\/span><\/span>\n\t\t<\/p>\n\t<\/div>\n\t<p><input class=\"wpcf7-form-control wpcf7-submit has-spinner\" type=\"submit\" value=\"Enviar mensaje\" \/>\n\t<\/p>\n<\/div><div class=\"wpcf7-response-output\" aria-hidden=\"true\"><\/div>\n<input type=\"hidden\" name=\"trp-form-language\" value=\"es\"\/><\/form>\n<\/div>\n\n\t<div id=\"gap-168813618\" class=\"gap-element clearfix\" style=\"display:block; height:auto;\">\n\t\t\n<style>\n#gap-168813618 {\n  padding-top: 30px;\n}\n<\/style>\n\t<\/div>\n\t\n<p><a href=\"https:\/\/gaattestequipment.com\/es\/\"><em><span style=\"color: #282828;\">Volver a la p\u00e1gina de inicio&gt;&gt;&gt;<\/span><\/em><\/a><\/p>","protected":false},"excerpt":{"rendered":"<p><span style=\"color: #282828;\">C\u00e1mara de ensayo de choque t\u00e9rmico (tipo amortiguador) - La zona de ensayo fija est\u00e1 dise\u00f1ada con tres secciones distintas: la zona de ensayo, la zona de almacenamiento de precalentamiento y la zona de almacenamiento de preenfriamiento. En esta configuraci\u00f3n, el esp\u00e9cimen se coloca en la Zona de Ensayo, donde se somete a un r\u00e1pido choque t\u00e9rmico sin moverse f\u00edsicamente. Estos cambios de temperatura se consiguen mediante la circulaci\u00f3n de aire caliente y fr\u00edo desde las respectivas zonas de almacenamiento de precalentamiento y almacenamiento de preenfriamiento a trav\u00e9s de controles de v\u00e1lvulas de compuerta, simulando eficazmente las condiciones de choque t\u00e9rmico.<\/span><\/p>","protected":false},"featured_media":1828,"comment_status":"open","ping_status":"closed","template":"","meta":[],"product_brand":[],"product_cat":[37],"product_tag":[],"class_list":{"0":"post-1827","1":"product","2":"type-product","3":"status-publish","4":"has-post-thumbnail","6":"product_cat-thermal-shock-chamber","8":"first","9":"instock","10":"shipping-taxable","11":"product-type-simple"},"yoast_head":"<!-- This site is optimized with the Yoast SEO plugin v26.0 - https:\/\/yoast.com\/wordpress\/plugins\/seo\/ -->\n<title>Thermal Shock Test Chamber | Damper Type<\/title>\n<meta name=\"description\" content=\"Thermal shock test chamber of high quality. We support sample for test and fast delivery. Offer free after-sales service and two year warranty.\" \/>\n<meta name=\"robots\" content=\"index, follow, max-snippet:-1, max-image-preview:large, max-video-preview:-1\" \/>\n<link rel=\"canonical\" href=\"https:\/\/gaattestequipment.com\/es\/manufacturer\/thermal-shock-test-chamber-damper-type\/\" \/>\n<meta property=\"og:locale\" content=\"es_ES\" \/>\n<meta property=\"og:type\" content=\"article\" \/>\n<meta property=\"og:title\" content=\"Thermal Shock Test Chamber | Damper Type\" \/>\n<meta property=\"og:description\" content=\"Thermal shock test chamber of high quality. We support sample for test and fast delivery. Offer free after-sales service and two year warranty.\" \/>\n<meta property=\"og:url\" content=\"https:\/\/gaattestequipment.com\/es\/manufacturer\/thermal-shock-test-chamber-damper-type\/\" \/>\n<meta property=\"og:site_name\" content=\"GAAT\" \/>\n<meta property=\"article:modified_time\" content=\"2025-01-17T07:01:21+00:00\" \/>\n<meta property=\"og:image\" content=\"https:\/\/gaattestequipment.com\/wp-content\/uploads\/2024\/11\/Thermal-Shock-chamber-Damper-Type.png\" \/>\n\t<meta property=\"og:image:width\" content=\"768\" \/>\n\t<meta property=\"og:image:height\" content=\"768\" \/>\n\t<meta property=\"og:image:type\" content=\"image\/png\" \/>\n<meta name=\"twitter:card\" content=\"summary_large_image\" \/>\n<meta name=\"twitter:label1\" content=\"Tiempo de lectura\" \/>\n\t<meta name=\"twitter:data1\" content=\"1 minuto\" \/>\n<script type=\"application\/ld+json\" class=\"yoast-schema-graph\">{\"@context\":\"https:\/\/schema.org\",\"@graph\":[{\"@type\":\"WebPage\",\"@id\":\"https:\/\/gaattestequipment.com\/zh\/manufacturer\/thermal-shock-test-chamber-damper-type\/\",\"url\":\"https:\/\/gaattestequipment.com\/zh\/manufacturer\/thermal-shock-test-chamber-damper-type\/\",\"name\":\"Thermal Shock Test Chamber | Damper Type\",\"isPartOf\":{\"@id\":\"https:\/\/mistyrose-dunlin-619425.hostingersite.com\/#website\"},\"primaryImageOfPage\":{\"@id\":\"https:\/\/gaattestequipment.com\/zh\/manufacturer\/thermal-shock-test-chamber-damper-type\/#primaryimage\"},\"image\":{\"@id\":\"https:\/\/gaattestequipment.com\/zh\/manufacturer\/thermal-shock-test-chamber-damper-type\/#primaryimage\"},\"thumbnailUrl\":\"https:\/\/gaattestequipment.com\/wp-content\/uploads\/2024\/11\/Thermal-Shock-chamber-Damper-Type.png\",\"datePublished\":\"2024-11-12T14:13:16+00:00\",\"dateModified\":\"2025-01-17T07:01:21+00:00\",\"description\":\"Thermal shock test chamber of high quality. We support sample for test and fast delivery. Offer free after-sales service and two year warranty.\",\"breadcrumb\":{\"@id\":\"https:\/\/gaattestequipment.com\/zh\/manufacturer\/thermal-shock-test-chamber-damper-type\/#breadcrumb\"},\"inLanguage\":\"es\",\"potentialAction\":[{\"@type\":\"ReadAction\",\"target\":[\"https:\/\/gaattestequipment.com\/zh\/manufacturer\/thermal-shock-test-chamber-damper-type\/\"]}]},{\"@type\":\"ImageObject\",\"inLanguage\":\"es\",\"@id\":\"https:\/\/gaattestequipment.com\/zh\/manufacturer\/thermal-shock-test-chamber-damper-type\/#primaryimage\",\"url\":\"https:\/\/gaattestequipment.com\/wp-content\/uploads\/2024\/11\/Thermal-Shock-chamber-Damper-Type.png\",\"contentUrl\":\"https:\/\/gaattestequipment.com\/wp-content\/uploads\/2024\/11\/Thermal-Shock-chamber-Damper-Type.png\",\"width\":768,\"height\":768,\"caption\":\"thermal shock chamber\"},{\"@type\":\"BreadcrumbList\",\"@id\":\"https:\/\/gaattestequipment.com\/zh\/manufacturer\/thermal-shock-test-chamber-damper-type\/#breadcrumb\",\"itemListElement\":[{\"@type\":\"ListItem\",\"position\":1,\"name\":\"Home\",\"item\":\"https:\/\/mistyrose-dunlin-619425.hostingersite.com\/\"},{\"@type\":\"ListItem\",\"position\":2,\"name\":\"Products\",\"item\":\"https:\/\/gaattestequipment.com\/shop\/\"},{\"@type\":\"ListItem\",\"position\":3,\"name\":\"Thermal Shock Chamber Damper Type\"}]},{\"@type\":\"WebSite\",\"@id\":\"https:\/\/mistyrose-dunlin-619425.hostingersite.com\/#website\",\"url\":\"https:\/\/mistyrose-dunlin-619425.hostingersite.com\/\",\"name\":\"GAAT\",\"description\":\"Manufacturer of environmental and reliability testing instruments\",\"potentialAction\":[{\"@type\":\"SearchAction\",\"target\":{\"@type\":\"EntryPoint\",\"urlTemplate\":\"https:\/\/mistyrose-dunlin-619425.hostingersite.com\/?s={search_term_string}\"},\"query-input\":{\"@type\":\"PropertyValueSpecification\",\"valueRequired\":true,\"valueName\":\"search_term_string\"}}],\"inLanguage\":\"es\"}]}<\/script>\n<!-- \/ Yoast SEO plugin. -->","yoast_head_json":{"title":"C\u00e1mara de pruebas de choque t\u00e9rmico | Tipo de amortiguador","description":"C\u00e1mara de pruebas de choque t\u00e9rmico de alta calidad. Apoyamos la muestra para la prueba y la entrega r\u00e1pida. Ofrecemos servicio postventa gratuito y dos a\u00f1os de garant\u00eda.","robots":{"index":"index","follow":"follow","max-snippet":"max-snippet:-1","max-image-preview":"max-image-preview:large","max-video-preview":"max-video-preview:-1"},"canonical":"https:\/\/gaattestequipment.com\/es\/manufacturer\/thermal-shock-test-chamber-damper-type\/","og_locale":"es_ES","og_type":"article","og_title":"Thermal Shock Test Chamber | Damper Type","og_description":"Thermal shock test chamber of high quality. We support sample for test and fast delivery. Offer free after-sales service and two year warranty.","og_url":"https:\/\/gaattestequipment.com\/es\/manufacturer\/thermal-shock-test-chamber-damper-type\/","og_site_name":"GAAT","article_modified_time":"2025-01-17T07:01:21+00:00","og_image":[{"width":768,"height":768,"url":"https:\/\/gaattestequipment.com\/wp-content\/uploads\/2024\/11\/Thermal-Shock-chamber-Damper-Type.png","type":"image\/png"}],"twitter_card":"summary_large_image","twitter_misc":{"Tiempo de lectura":"1 minuto"},"schema":{"@context":"https:\/\/schema.org","@graph":[{"@type":"WebPage","@id":"https:\/\/gaattestequipment.com\/zh\/manufacturer\/thermal-shock-test-chamber-damper-type\/","url":"https:\/\/gaattestequipment.com\/zh\/manufacturer\/thermal-shock-test-chamber-damper-type\/","name":"C\u00e1mara de pruebas de choque t\u00e9rmico | Tipo de amortiguador","isPartOf":{"@id":"https:\/\/mistyrose-dunlin-619425.hostingersite.com\/#website"},"primaryImageOfPage":{"@id":"https:\/\/gaattestequipment.com\/zh\/manufacturer\/thermal-shock-test-chamber-damper-type\/#primaryimage"},"image":{"@id":"https:\/\/gaattestequipment.com\/zh\/manufacturer\/thermal-shock-test-chamber-damper-type\/#primaryimage"},"thumbnailUrl":"https:\/\/gaattestequipment.com\/wp-content\/uploads\/2024\/11\/Thermal-Shock-chamber-Damper-Type.png","datePublished":"2024-11-12T14:13:16+00:00","dateModified":"2025-01-17T07:01:21+00:00","description":"C\u00e1mara de pruebas de choque t\u00e9rmico de alta calidad. Apoyamos la muestra para la prueba y la entrega r\u00e1pida. Ofrecemos servicio postventa gratuito y dos a\u00f1os de garant\u00eda.","breadcrumb":{"@id":"https:\/\/gaattestequipment.com\/zh\/manufacturer\/thermal-shock-test-chamber-damper-type\/#breadcrumb"},"inLanguage":"es","potentialAction":[{"@type":"ReadAction","target":["https:\/\/gaattestequipment.com\/zh\/manufacturer\/thermal-shock-test-chamber-damper-type\/"]}]},{"@type":"ImageObject","inLanguage":"es","@id":"https:\/\/gaattestequipment.com\/zh\/manufacturer\/thermal-shock-test-chamber-damper-type\/#primaryimage","url":"https:\/\/gaattestequipment.com\/wp-content\/uploads\/2024\/11\/Thermal-Shock-chamber-Damper-Type.png","contentUrl":"https:\/\/gaattestequipment.com\/wp-content\/uploads\/2024\/11\/Thermal-Shock-chamber-Damper-Type.png","width":768,"height":768,"caption":"thermal shock chamber"},{"@type":"BreadcrumbList","@id":"https:\/\/gaattestequipment.com\/zh\/manufacturer\/thermal-shock-test-chamber-damper-type\/#breadcrumb","itemListElement":[{"@type":"ListItem","position":1,"name":"Home","item":"https:\/\/mistyrose-dunlin-619425.hostingersite.com\/"},{"@type":"ListItem","position":2,"name":"Products","item":"https:\/\/gaattestequipment.com\/shop\/"},{"@type":"ListItem","position":3,"name":"Thermal Shock Chamber Damper Type"}]},{"@type":"WebSite","@id":"https:\/\/mistyrose-dunlin-619425.hostingersite.com\/#website","url":"https:\/\/mistyrose-dunlin-619425.hostingersite.com\/","name":"GAAT","description":"Fabricante de instrumentos para pruebas medioambientales y de fiabilidad","potentialAction":[{"@type":"SearchAction","target":{"@type":"EntryPoint","urlTemplate":"https:\/\/mistyrose-dunlin-619425.hostingersite.com\/?s={search_term_string}"},"query-input":{"@type":"PropertyValueSpecification","valueRequired":true,"valueName":"search_term_string"}}],"inLanguage":"es"}]}},"_links":{"self":[{"href":"https:\/\/gaattestequipment.com\/es\/wp-json\/wp\/v2\/product\/1827","targetHints":{"allow":["GET"]}}],"collection":[{"href":"https:\/\/gaattestequipment.com\/es\/wp-json\/wp\/v2\/product"}],"about":[{"href":"https:\/\/gaattestequipment.com\/es\/wp-json\/wp\/v2\/types\/product"}],"replies":[{"embeddable":true,"href":"https:\/\/gaattestequipment.com\/es\/wp-json\/wp\/v2\/comments?post=1827"}],"wp:featuredmedia":[{"embeddable":true,"href":"https:\/\/gaattestequipment.com\/es\/wp-json\/wp\/v2\/media\/1828"}],"wp:attachment":[{"href":"https:\/\/gaattestequipment.com\/es\/wp-json\/wp\/v2\/media?parent=1827"}],"wp:term":[{"taxonomy":"product_brand","embeddable":true,"href":"https:\/\/gaattestequipment.com\/es\/wp-json\/wp\/v2\/product_brand?post=1827"},{"taxonomy":"product_cat","embeddable":true,"href":"https:\/\/gaattestequipment.com\/es\/wp-json\/wp\/v2\/product_cat?post=1827"},{"taxonomy":"product_tag","embeddable":true,"href":"https:\/\/gaattestequipment.com\/es\/wp-json\/wp\/v2\/product_tag?post=1827"}],"curies":[{"name":"wp","href":"https:\/\/api.w.org\/{rel}","templated":true}]}}