{"id":1802,"date":"2024-11-12T01:58:05","date_gmt":"2024-11-12T01:58:05","guid":{"rendered":"https:\/\/gaattestequipment.com\/?post_type=product&#038;p=1802"},"modified":"2025-01-17T07:08:54","modified_gmt":"2025-01-17T07:08:54","slug":"benchtop-environmental-chamber","status":"publish","type":"product","link":"https:\/\/gaattestequipment.com\/es\/manufacturer\/benchtop-environmental-chamber\/","title":{"rendered":"C\u00e1mara clim\u00e1tica de sobremesa"},"content":{"rendered":"<h3><span style=\"color: #282828;\"><strong><b>Caracter\u00edsticas:<\/b><\/strong><\/span><\/h3>\n<ul>\n<li><span style=\"color: #282828;\">La c\u00e1mara ambiental de sobremesa tiene un dise\u00f1o compacto que ahorra espacio.<\/span><\/li>\n<li><span style=\"color: #282828;\">Ligero, se puede poner sobre la mesa, adecuado para laboratorios y oficinas<\/span><\/li>\n<li><span style=\"color: #282828;\">Controlador de pantalla t\u00e1ctil<\/span><\/li>\n<li><span style=\"color: #282828;\">Ruido tan bajo como 50 dB<\/span><\/li>\n<\/ul>\n<div class=\"is-divider divider clearfix\" style=\"max-width:medium;\"><\/div>\n\t<div id=\"gap-607611969\" class=\"gap-element clearfix\" style=\"display:block; height:auto;\">\n\t\t\n<style>\n#gap-607611969 {\n  padding-top: 15px;\n}\n<\/style>\n\t<\/div>\n\t\n<h3><span style=\"color: #282828;\"><strong><b>Aplicaci\u00f3n de la c\u00e1mara ambiental de sobremesa:<\/b><\/strong><\/span><\/h3>\n<p><span style=\"color: #282828;\">Se utiliza ampliamente para probar muestras peque\u00f1as en industrias como la del pl\u00e1stico, la automoci\u00f3n y la electr\u00f3nica. Es ideal para pruebas de almacenamiento, evaluaciones de rendimiento de temperatura, etc.<\/span><\/p>\n<div class=\"is-divider divider clearfix\" style=\"max-width:medium;\"><\/div>\n\t<div id=\"gap-644540319\" class=\"gap-element clearfix\" style=\"display:block; height:auto;\">\n\t\t\n<style>\n#gap-644540319 {\n  padding-top: 15px;\n}\n<\/style>\n\t<\/div>\n\t\n<h4><span style=\"color: #282828; font-size: 110%;\"><strong><b class=\"lazyloaded\">Pruebas\u00a0<\/b><\/strong><strong><b>S<\/b><\/strong><strong><b>normas:<\/b><\/strong><\/span><\/h4>\n<p><span style=\"color: #282828;\">IEC 60068-2-1 IEC 60068-2-2: 2007 IEC 60068-2-14<\/span><\/p>\n<p><span style=\"color: #282828;\">IEC 60068-2-30 IEC 60068-2-38 IEC 60068-2-78<\/span><\/p>\n<p><span style=\"color: #282828;\">ISO 16750-4 MIL-STD-810G ASTM E1457-13<\/span><\/p>\n<p><span style=\"color: #282828;\">JESD22-A101<\/span><\/p>\n<div class=\"is-divider divider clearfix\" style=\"max-width:medium;\"><\/div>\n\t<div id=\"gap-647124584\" class=\"gap-element clearfix\" style=\"display:block; height:auto;\">\n\t\t\n<style>\n#gap-647124584 {\n  padding-top: 15px;\n}\n<\/style>\n\t<\/div>\n\t\n<h4><span style=\"color: #282828; font-size: 110%;\"><strong><b>Especificaci\u00f3n:<\/b><\/strong><\/span><\/h4>\n\n<table id=\"tablepress-4\" class=\"tablepress tablepress-id-4 tbody-has-connected-cells\">\n<tbody class=\"row-striping row-hover\">\n<tr class=\"row-1\">\n\t<td class=\"column-1\">Modelo<\/td><td class=\"column-2\">SZ-A-36(A\uff5eG)<\/td><td class=\"column-3\">SZ-D-36(A\uff5eG)<\/td>\n<\/tr>\n<tr class=\"row-2\">\n\t<td class=\"column-1\">Tipo<\/td><td class=\"column-2\">C\u00e1mara de temperatura y humedad<\/td><td class=\"column-3\">C\u00e1mara de temperatura<\/td>\n<\/tr>\n<tr class=\"row-3\">\n\t<td class=\"column-1\">Tama\u00f1o interior AnxAlxPr (mm)<\/td><td colspan=\"2\" class=\"column-2\">300x400x300 (36L)<\/td>\n<\/tr>\n<tr class=\"row-4\">\n\t<td class=\"column-1\">Tama\u00f1o exterior AnxAlxPr (mm)<\/td><td colspan=\"2\" class=\"column-2\">850\u00d7900\u00d7860<\/td>\n<\/tr>\n<tr class=\"row-5\">\n\t<td class=\"column-1\">Peso<\/td><td colspan=\"2\" class=\"column-2\">160kgs<\/td>\n<\/tr>\n<tr class=\"row-6\">\n\t<td class=\"column-1\">Temperatura<\/td><td colspan=\"2\" class=\"column-2\">-70\u2103\uff5e+150\u2103 (B:-40\u2103 D:-40\u2103 G:-70\u2103)<\/td>\n<\/tr>\n<tr class=\"row-7\">\n\t<td class=\"column-1\">Rango de humedad<\/td><td class=\"column-2\">20%\uff5e98%RH<\/td><td class=\"column-3\">\/<\/td>\n<\/tr>\n<tr class=\"row-8\">\n\t<td class=\"column-1\">Fluctuaci\u00f3n de temperatura y humedad<\/td><td colspan=\"2\" class=\"column-2\">\u00b10.5\u2103;<br \/>\n\u00b12,0%RH (*aplicable s\u00f3lo a la c\u00e1mara de humedad)<\/td>\n<\/tr>\n<tr class=\"row-9\">\n\t<td class=\"column-1\">Desviaci\u00f3n de temperatura \/ humedad<\/td><td colspan=\"2\" class=\"column-2\">\u00b12\u2103 (\u2264200\u2103)\uff1b\u00b13\u2103 (\u2264300\u2103)<br \/>\n\u2264\u00b13,0%RH (&gt;75%RH); \u2264\u00b15,0%RH (\u226475%RH) (*aplicable s\u00f3lo a la c\u00e1mara de humedad).<\/td>\n<\/tr>\n<tr class=\"row-10\">\n\t<td class=\"column-1\">Velocidad de calentamiento\/enfriamiento<\/td><td colspan=\"2\" class=\"column-2\">Velocidad media de calentamiento \u2265 4,0\u2103\/min.<br \/>\nVelocidad media de enfriamiento \u2265 1,5\u2103\/min.<br \/>\n<br \/>\n(Seg\u00fan IEC60068-3-5, IEC60068-3-6)<\/td>\n<\/tr>\n<tr class=\"row-11\">\n\t<td class=\"column-1\">Apilable<\/td><td colspan=\"2\" class=\"column-2\">Equipado con piezas de fijaci\u00f3n que permiten al cliente apilar sobre el mismo modelo de c\u00e1mara sin problemas y sin bastidores adicionales.<\/td>\n<\/tr>\n<tr class=\"row-12\">\n\t<td class=\"column-1\">Dispositivos de seguridad<\/td><td colspan=\"2\" class=\"column-2\">protecci\u00f3n contra sobretemperatura, protecci\u00f3n de equilibrado autom\u00e1tico de la presi\u00f3n, protecci\u00f3n contra acumulaci\u00f3n de agua en el fondo de la zona de prueba, protecci\u00f3n contra sobrecalentamiento\/sobrecorriente\/sobrepresi\u00f3n del compresor, protecci\u00f3n contra sobrecalentamiento del ventilador de condensaci\u00f3n\uff0csobrecarga del motor del ventilador, protecci\u00f3n contra cortocircuito, protecci\u00f3n contra inversi\u00f3n del ventilador, protecci\u00f3n contra sobretemperatura del calentador, protecci\u00f3n contra cortocircuito, protecci\u00f3n contra quemadura en seco, protecci\u00f3n contra falta de agua (s\u00f3lo modelos con c\u00e1mara de humedad), protecci\u00f3n contra fuga a tierra, protecci\u00f3n contra sobrecarga, protecci\u00f3n contra cortocircuito, protecci\u00f3n contra secuencia de fases.<\/td>\n<\/tr>\n<\/tbody>\n<\/table>\n<!-- #tablepress-4 from cache -->\n\t<div id=\"gap-185847488\" class=\"gap-element clearfix\" style=\"display:block; height:auto;\">\n\t\t\n<style>\n#gap-185847488 {\n  padding-top: 30px;\n}\n<\/style>\n\t<\/div>\n\t\n<h3 style=\"text-align: center;\"><span style=\"color: #282828;\">Solicitar presupuesto<\/span><\/h3>\n\n<div class=\"wpcf7 no-js\" id=\"wpcf7-f280-o1\" lang=\"en-US\" dir=\"ltr\" data-wpcf7-id=\"280\">\n<div class=\"screen-reader-response\"><p role=\"status\" aria-live=\"polite\" aria-atomic=\"true\"><\/p> <ul><\/ul><\/div>\n<form action=\"\/es\/wp-json\/wp\/v2\/product\/1802#wpcf7-f280-o1\" method=\"post\" class=\"wpcf7-form init\" aria-label=\"Contact form\" novalidate=\"novalidate\" data-status=\"init\" data-trp-original-action=\"\/es\/wp-json\/wp\/v2\/product\/1802#wpcf7-f280-o1\">\n<fieldset class=\"hidden-fields-container\"><input type=\"hidden\" name=\"_wpcf7\" value=\"280\" \/><input type=\"hidden\" name=\"_wpcf7_version\" value=\"6.1.2\" \/><input type=\"hidden\" name=\"_wpcf7_locale\" value=\"en_US\" \/><input type=\"hidden\" name=\"_wpcf7_unit_tag\" value=\"wpcf7-f280-o1\" \/><input type=\"hidden\" name=\"_wpcf7_container_post\" value=\"0\" \/><input type=\"hidden\" name=\"_wpcf7_posted_data_hash\" value=\"\" \/>\n<\/fieldset>\n<div class='custom_contact_style'>\n\t<div class=\"row row-small\">\n\t\t<div class=\"col medium-6 small-12 large-6\">\n\t\t\t<div class=\"col-inner\">\n\t\t\t\t<p><span class=\"wpcf7-form-control-wrap\" data-name=\"your-name\"><input size=\"40\" maxlength=\"400\" class=\"wpcf7-form-control wpcf7-text wpcf7-validates-as-required\" aria-required=\"true\" aria-invalid=\"false\" placeholder=\"Nombre\" value=\"\" type=\"text\" name=\"your-name\" \/><\/span>\n\t\t\t\t<\/p>\n\t\t\t<\/div>\n\t\t<\/div>\n\t\t<div class=\"col medium-6 small-12 large-6\">\n\t\t\t<div class=\"col-inner\">\n\t\t\t\t<p><span class=\"wpcf7-form-control-wrap\" data-name=\"your-email\"><input size=\"40\" maxlength=\"400\" class=\"wpcf7-form-control wpcf7-email wpcf7-validates-as-required wpcf7-text wpcf7-validates-as-email\" aria-required=\"true\" aria-invalid=\"false\" placeholder=\"Correo electr\u00f3nico\" value=\"\" type=\"email\" name=\"your-email\" \/><\/span>\n\t\t\t\t<\/p>\n\t\t\t<\/div>\n\t\t<\/div>\n\t<\/div>\n\t<div class='cus_contact_form_bottom'>\n\t\t<p><span class=\"wpcf7-form-control-wrap\" data-name=\"your-phone\"><input size=\"40\" maxlength=\"400\" class=\"wpcf7-form-control wpcf7-text\" aria-invalid=\"false\" placeholder=\"Tel\u00e9fono\" value=\"\" type=\"text\" name=\"your-phone\" \/><\/span>\n\t\t<\/p>\n\t<\/div>\n\t<div class='cus_contact_form_bottom'>\n\t\t<p><span class=\"wpcf7-form-control-wrap\" data-name=\"your-country\"><input size=\"40\" maxlength=\"400\" class=\"wpcf7-form-control wpcf7-text\" aria-invalid=\"false\" placeholder=\"Pa\u00eds\" value=\"\" type=\"text\" name=\"your-country\" \/><\/span>\n\t\t<\/p>\n\t<\/div>\n\t<p><span class=\"wpcf7-form-control-wrap\" data-name=\"your-message\"><textarea cols=\"40\" rows=\"10\" maxlength=\"2000\" class=\"wpcf7-form-control wpcf7-textarea wpcf7-validates-as-required\" aria-required=\"true\" aria-invalid=\"false\" placeholder=\"Su mensaje *\" name=\"your-message\"><\/textarea><\/span>\n\t<\/p>\n\t<div style=\"margin-bottom:10px;\">\n\t\t<p><span class=\"wpcf7-form-control-wrap kc_captcha cf7ic-toggle\" data-name=\"kc_captcha\"><span class=\"wpcf7-form-control wpcf7-radio\"><span class=\"captcha-image\" style=\"display: none;\"><span class=\"cf7ic_instructions\">Please prove you are human by selecting the<span> truck<\/span>.<\/span><label><input aria-label=\"1\" type=\"radio\" name=\"kc_captcha\" value=\"bot\" \/><svg aria-hidden=\"true\" role=\"img\" xmlns=\"http:\/\/www.w3.org\/2000\/svg\" viewbox=\"0 0 576 512\"><path fill=\"currentColor\" d=\"M259 18l-65 132-146 22c-26 3-37 36-18 54l106 103-25 146c-5 26 23 46 46 33l131-68 131 68c23 13 51-7 46-33l-25-146 106-103c19-18 8-51-18-54l-146-22-65-132a32 32 0 00-58 0z\"\/><\/svg><\/label><label><input aria-label=\"2\" type=\"radio\" name=\"kc_captcha\" value=\"kc_human\" \/><svg aria-hidden=\"true\" role=\"img\" xmlns=\"http:\/\/www.w3.org\/2000\/svg\" viewbox=\"0 0 640 512\"><path fill=\"currentColor\" d=\"M624 352h-16V244c0-13-5-25-14-34L494 110c-9-9-21-14-34-14h-44V48c0-26-21-48-48-48H48C22 0 0 22 0 48v320c0 27 22 48 48 48h16a96 96 0 00192 0h128a96 96 0 00192 0h48c9 0 16-7 16-16v-32c0-9-7-16-16-16zM160 464a48 48 0 110-96 48 48 0 010 96zm320 0a48 48 0 110-96 48 48 0 010 96zm80-208H416V144h44l100 100v12z\"\/><\/svg><\/label><label><input aria-label=\"3\" type=\"radio\" name=\"kc_captcha\" value=\"bot\" \/><svg aria-hidden=\"true\" role=\"img\" xmlns=\"http:\/\/www.w3.org\/2000\/svg\" viewbox=\"0 0 576 512\"><path fill=\"currentColor\" d=\"M472 200H360L256 6a12 12 0 00-10-6h-58c-8 0-14 7-12 15l34 185H100l-35-58a12 12 0 00-10-6H12c-8 0-13 7-12 14l21 106L0 362c-1 7 4 14 12 14h43c4 0 8-2 10-6l35-58h110l-34 185c-2 8 4 15 12 15h58a12 12 0 0010-6l104-194h112c57 0 104-25 104-56s-47-56-104-56z\"\/><\/svg><\/label>\r\n    <\/span>\r\n    <span style=\"display:none\">\r\n        <input type=\"text\" name=\"kc_honeypot\">\r\n    <\/span><\/span><\/span>\n\t\t<\/p>\n\t<\/div>\n\t<p><input class=\"wpcf7-form-control wpcf7-submit has-spinner\" type=\"submit\" value=\"Enviar mensaje\" \/>\n\t<\/p>\n<\/div><div class=\"wpcf7-response-output\" aria-hidden=\"true\"><\/div>\n<input type=\"hidden\" name=\"trp-form-language\" value=\"es\"\/><\/form>\n<\/div>\n\n<p><a href=\"https:\/\/gaattestequipment.com\/es\/\"><em><span style=\"color: #282828;\">Volver a la p\u00e1gina de inicio&gt;&gt;&gt;<\/span><\/em><\/a><\/p>","protected":false},"excerpt":{"rendered":"<p><span style=\"color: #282828;\">La c\u00e1mara clim\u00e1tica de sobremesa simula una amplia gama de condiciones de temperatura y humedad, ideal para probar productos peque\u00f1os en espacios limitados. Su dise\u00f1o compacto cabe f\u00e1cilmente sobre o bajo un escritorio, proporcionando pruebas ambientales eficientes y de alto rendimiento para laboratorios.<\/span><\/p>","protected":false},"featured_media":1720,"comment_status":"open","ping_status":"closed","template":"","meta":[],"product_brand":[],"product_cat":[15],"product_tag":[],"class_list":{"0":"post-1802","1":"product","2":"type-product","3":"status-publish","4":"has-post-thumbnail","6":"product_cat-climate-chamber-category","8":"first","9":"instock","10":"shipping-taxable","11":"product-type-simple"},"yoast_head":"<!-- This site is optimized with the Yoast SEO plugin v26.0 - https:\/\/yoast.com\/wordpress\/plugins\/seo\/ -->\n<title>Benchtop Environmental Chamber for Testing<\/title>\n<meta name=\"description\" content=\"Benchtop environmental chamber of high quality. We support sample for test and fast delivery. Offer after-sales service and two year warranty.\" \/>\n<meta name=\"robots\" content=\"index, follow, max-snippet:-1, max-image-preview:large, max-video-preview:-1\" \/>\n<link rel=\"canonical\" href=\"https:\/\/gaattestequipment.com\/es\/manufacturer\/benchtop-environmental-chamber\/\" \/>\n<meta property=\"og:locale\" content=\"es_ES\" \/>\n<meta property=\"og:type\" content=\"article\" \/>\n<meta property=\"og:title\" content=\"Benchtop Environmental Chamber for Testing\" \/>\n<meta property=\"og:description\" content=\"Benchtop environmental chamber of high quality. We support sample for test and fast delivery. Offer after-sales service and two year warranty.\" \/>\n<meta property=\"og:url\" content=\"https:\/\/gaattestequipment.com\/es\/manufacturer\/benchtop-environmental-chamber\/\" \/>\n<meta property=\"og:site_name\" content=\"GAAT\" \/>\n<meta property=\"article:modified_time\" content=\"2025-01-17T07:08:54+00:00\" \/>\n<meta property=\"og:image\" content=\"https:\/\/gaattestequipment.com\/wp-content\/uploads\/2024\/11\/GAAT-climate-chamber-benchtop-climatic-chamber-2.png\" \/>\n\t<meta property=\"og:image:width\" content=\"800\" \/>\n\t<meta property=\"og:image:height\" content=\"800\" \/>\n\t<meta property=\"og:image:type\" content=\"image\/png\" \/>\n<meta name=\"twitter:card\" content=\"summary_large_image\" \/>\n<meta name=\"twitter:label1\" content=\"Tiempo de lectura\" \/>\n\t<meta name=\"twitter:data1\" content=\"1 minuto\" \/>\n<script type=\"application\/ld+json\" class=\"yoast-schema-graph\">{\"@context\":\"https:\/\/schema.org\",\"@graph\":[{\"@type\":\"WebPage\",\"@id\":\"https:\/\/gaattestequipment.com\/ar\/manufacturer\/benchtop-environmental-chamber\/\",\"url\":\"https:\/\/gaattestequipment.com\/ar\/manufacturer\/benchtop-environmental-chamber\/\",\"name\":\"Benchtop Environmental Chamber for Testing\",\"isPartOf\":{\"@id\":\"https:\/\/mistyrose-dunlin-619425.hostingersite.com\/#website\"},\"primaryImageOfPage\":{\"@id\":\"https:\/\/gaattestequipment.com\/ar\/manufacturer\/benchtop-environmental-chamber\/#primaryimage\"},\"image\":{\"@id\":\"https:\/\/gaattestequipment.com\/ar\/manufacturer\/benchtop-environmental-chamber\/#primaryimage\"},\"thumbnailUrl\":\"https:\/\/gaattestequipment.com\/wp-content\/uploads\/2024\/11\/GAAT-climate-chamber-benchtop-climatic-chamber-2.png\",\"datePublished\":\"2024-11-12T01:58:05+00:00\",\"dateModified\":\"2025-01-17T07:08:54+00:00\",\"description\":\"Benchtop environmental chamber of high quality. We support sample for test and fast delivery. Offer after-sales service and two year warranty.\",\"breadcrumb\":{\"@id\":\"https:\/\/gaattestequipment.com\/ar\/manufacturer\/benchtop-environmental-chamber\/#breadcrumb\"},\"inLanguage\":\"es\",\"potentialAction\":[{\"@type\":\"ReadAction\",\"target\":[\"https:\/\/gaattestequipment.com\/ar\/manufacturer\/benchtop-environmental-chamber\/\"]}]},{\"@type\":\"ImageObject\",\"inLanguage\":\"es\",\"@id\":\"https:\/\/gaattestequipment.com\/ar\/manufacturer\/benchtop-environmental-chamber\/#primaryimage\",\"url\":\"https:\/\/gaattestequipment.com\/wp-content\/uploads\/2024\/11\/GAAT-climate-chamber-benchtop-climatic-chamber-2.png\",\"contentUrl\":\"https:\/\/gaattestequipment.com\/wp-content\/uploads\/2024\/11\/GAAT-climate-chamber-benchtop-climatic-chamber-2.png\",\"width\":800,\"height\":800,\"caption\":\"benchtop climatic chamber\"},{\"@type\":\"BreadcrumbList\",\"@id\":\"https:\/\/gaattestequipment.com\/ar\/manufacturer\/benchtop-environmental-chamber\/#breadcrumb\",\"itemListElement\":[{\"@type\":\"ListItem\",\"position\":1,\"name\":\"Home\",\"item\":\"https:\/\/mistyrose-dunlin-619425.hostingersite.com\/\"},{\"@type\":\"ListItem\",\"position\":2,\"name\":\"Products\",\"item\":\"https:\/\/gaattestequipment.com\/shop\/\"},{\"@type\":\"ListItem\",\"position\":3,\"name\":\"Benchtop Climatic Chamber\"}]},{\"@type\":\"WebSite\",\"@id\":\"https:\/\/mistyrose-dunlin-619425.hostingersite.com\/#website\",\"url\":\"https:\/\/mistyrose-dunlin-619425.hostingersite.com\/\",\"name\":\"GAAT\",\"description\":\"Manufacturer of environmental and reliability testing instruments\",\"potentialAction\":[{\"@type\":\"SearchAction\",\"target\":{\"@type\":\"EntryPoint\",\"urlTemplate\":\"https:\/\/mistyrose-dunlin-619425.hostingersite.com\/?s={search_term_string}\"},\"query-input\":{\"@type\":\"PropertyValueSpecification\",\"valueRequired\":true,\"valueName\":\"search_term_string\"}}],\"inLanguage\":\"es\"}]}<\/script>\n<!-- \/ Yoast SEO plugin. -->","yoast_head_json":{"title":"C\u00e1mara ambiental de sobremesa para pruebas","description":"C\u00e1mara ambiental de sobremesa de alta calidad. Apoyamos la muestra para la prueba y la entrega r\u00e1pida. Ofrecemos servicio postventa y dos a\u00f1os de garant\u00eda.","robots":{"index":"index","follow":"follow","max-snippet":"max-snippet:-1","max-image-preview":"max-image-preview:large","max-video-preview":"max-video-preview:-1"},"canonical":"https:\/\/gaattestequipment.com\/es\/manufacturer\/benchtop-environmental-chamber\/","og_locale":"es_ES","og_type":"article","og_title":"Benchtop Environmental Chamber for Testing","og_description":"Benchtop environmental chamber of high quality. We support sample for test and fast delivery. Offer after-sales service and two year warranty.","og_url":"https:\/\/gaattestequipment.com\/es\/manufacturer\/benchtop-environmental-chamber\/","og_site_name":"GAAT","article_modified_time":"2025-01-17T07:08:54+00:00","og_image":[{"width":800,"height":800,"url":"https:\/\/gaattestequipment.com\/wp-content\/uploads\/2024\/11\/GAAT-climate-chamber-benchtop-climatic-chamber-2.png","type":"image\/png"}],"twitter_card":"summary_large_image","twitter_misc":{"Tiempo de lectura":"1 minuto"},"schema":{"@context":"https:\/\/schema.org","@graph":[{"@type":"WebPage","@id":"https:\/\/gaattestequipment.com\/ar\/manufacturer\/benchtop-environmental-chamber\/","url":"https:\/\/gaattestequipment.com\/ar\/manufacturer\/benchtop-environmental-chamber\/","name":"C\u00e1mara ambiental de sobremesa para pruebas","isPartOf":{"@id":"https:\/\/mistyrose-dunlin-619425.hostingersite.com\/#website"},"primaryImageOfPage":{"@id":"https:\/\/gaattestequipment.com\/ar\/manufacturer\/benchtop-environmental-chamber\/#primaryimage"},"image":{"@id":"https:\/\/gaattestequipment.com\/ar\/manufacturer\/benchtop-environmental-chamber\/#primaryimage"},"thumbnailUrl":"https:\/\/gaattestequipment.com\/wp-content\/uploads\/2024\/11\/GAAT-climate-chamber-benchtop-climatic-chamber-2.png","datePublished":"2024-11-12T01:58:05+00:00","dateModified":"2025-01-17T07:08:54+00:00","description":"C\u00e1mara ambiental de sobremesa de alta calidad. Apoyamos la muestra para la prueba y la entrega r\u00e1pida. Ofrecemos servicio postventa y dos a\u00f1os de garant\u00eda.","breadcrumb":{"@id":"https:\/\/gaattestequipment.com\/ar\/manufacturer\/benchtop-environmental-chamber\/#breadcrumb"},"inLanguage":"es","potentialAction":[{"@type":"ReadAction","target":["https:\/\/gaattestequipment.com\/ar\/manufacturer\/benchtop-environmental-chamber\/"]}]},{"@type":"ImageObject","inLanguage":"es","@id":"https:\/\/gaattestequipment.com\/ar\/manufacturer\/benchtop-environmental-chamber\/#primaryimage","url":"https:\/\/gaattestequipment.com\/wp-content\/uploads\/2024\/11\/GAAT-climate-chamber-benchtop-climatic-chamber-2.png","contentUrl":"https:\/\/gaattestequipment.com\/wp-content\/uploads\/2024\/11\/GAAT-climate-chamber-benchtop-climatic-chamber-2.png","width":800,"height":800,"caption":"benchtop climatic chamber"},{"@type":"BreadcrumbList","@id":"https:\/\/gaattestequipment.com\/ar\/manufacturer\/benchtop-environmental-chamber\/#breadcrumb","itemListElement":[{"@type":"ListItem","position":1,"name":"Home","item":"https:\/\/mistyrose-dunlin-619425.hostingersite.com\/"},{"@type":"ListItem","position":2,"name":"Products","item":"https:\/\/gaattestequipment.com\/shop\/"},{"@type":"ListItem","position":3,"name":"Benchtop Climatic Chamber"}]},{"@type":"WebSite","@id":"https:\/\/mistyrose-dunlin-619425.hostingersite.com\/#website","url":"https:\/\/mistyrose-dunlin-619425.hostingersite.com\/","name":"GAAT","description":"Fabricante de instrumentos para pruebas medioambientales y de fiabilidad","potentialAction":[{"@type":"SearchAction","target":{"@type":"EntryPoint","urlTemplate":"https:\/\/mistyrose-dunlin-619425.hostingersite.com\/?s={search_term_string}"},"query-input":{"@type":"PropertyValueSpecification","valueRequired":true,"valueName":"search_term_string"}}],"inLanguage":"es"}]}},"_links":{"self":[{"href":"https:\/\/gaattestequipment.com\/es\/wp-json\/wp\/v2\/product\/1802","targetHints":{"allow":["GET"]}}],"collection":[{"href":"https:\/\/gaattestequipment.com\/es\/wp-json\/wp\/v2\/product"}],"about":[{"href":"https:\/\/gaattestequipment.com\/es\/wp-json\/wp\/v2\/types\/product"}],"replies":[{"embeddable":true,"href":"https:\/\/gaattestequipment.com\/es\/wp-json\/wp\/v2\/comments?post=1802"}],"wp:featuredmedia":[{"embeddable":true,"href":"https:\/\/gaattestequipment.com\/es\/wp-json\/wp\/v2\/media\/1720"}],"wp:attachment":[{"href":"https:\/\/gaattestequipment.com\/es\/wp-json\/wp\/v2\/media?parent=1802"}],"wp:term":[{"taxonomy":"product_brand","embeddable":true,"href":"https:\/\/gaattestequipment.com\/es\/wp-json\/wp\/v2\/product_brand?post=1802"},{"taxonomy":"product_cat","embeddable":true,"href":"https:\/\/gaattestequipment.com\/es\/wp-json\/wp\/v2\/product_cat?post=1802"},{"taxonomy":"product_tag","embeddable":true,"href":"https:\/\/gaattestequipment.com\/es\/wp-json\/wp\/v2\/product_tag?post=1802"}],"curies":[{"name":"wp","href":"https:\/\/api.w.org\/{rel}","templated":true}]}}