{"id":1800,"date":"2024-11-11T08:31:42","date_gmt":"2024-11-11T08:31:42","guid":{"rendered":"https:\/\/gaattestequipment.com\/?post_type=product&#038;p=1800"},"modified":"2025-02-10T08:43:16","modified_gmt":"2025-02-10T08:43:16","slug":"ess-chamber","status":"publish","type":"product","link":"https:\/\/gaattestequipment.com\/es\/manufacturer\/ess-chamber\/","title":{"rendered":"C\u00e1mara ESS"},"content":{"rendered":"<div id=\"text-3633742375\" class=\"text\">\n\t\t\n<h3><strong><b>Caracter\u00edsticas de la c\u00e1mara ESS:<\/b><\/strong><\/h3>\n<p>Diferentes tensiones se pueden ajustar para detectar la tasa de cambio de temperatura: 5 \u2103\/min\u300110 \u2103\/min\u300115 \u2103\/min\u300120 \u2103\/min. Cumplir con el cribado de estr\u00e9s y el proceso libre de plomo de los productos de equipos electr\u00f3nicos. Amplio rango de temperatura de -70\u2103~+180\u2103<\/p>\n<div class=\"is-divider divider clearfix\" style=\"max-width:medium;\"><\/div>\n\t<div id=\"gap-1904427404\" class=\"gap-element clearfix\" style=\"display:block; height:auto;\">\n\t\t\n<style>\n#gap-1904427404 {\n  padding-top: 15px;\n}\n<\/style>\n\t<\/div>\n\t\n<h3><strong><b class=\"lazyloaded\">Aplicaci\u00f3n de la C\u00e1mara ESS:<\/b><\/strong><\/h3>\n<p>productos de equipo electr\u00f3nico<\/p>\n<div class=\"is-divider divider clearfix\" style=\"max-width:medium;\"><\/div>\n\t<div id=\"gap-329645660\" class=\"gap-element clearfix\" style=\"display:block; height:auto;\">\n\t\t\n<style>\n#gap-329645660 {\n  padding-top: 15px;\n}\n<\/style>\n\t<\/div>\n\t\n<h3><strong><b>Normas de ensayo:<\/b><\/strong><\/h3>\n<p>IEC 60068-2-1 IEC 60068-2-2: 2007 IEC 60068-2-14 IEC 60068-2-30 IEC 60068-2-38 IEC 60068-2-78 ISO 16750-4 MIL-STD-810G ASTM E1457-13 JESD22-A10 MIL-STD-2164\u3001MIL-344A-4-16\u3001MIL-2164A-19\u3001NABMAT-9492\u3001GJB-1032-90\u3001GJB\/Z34-5.1.6\u3001IPC-9701<br \/>\n\t\t\n<style>\n#text-3633742375 {\n  color: rgb(0,0,0);\n}\n#text-3633742375 > * {\n  color: rgb(0,0,0);\n}\n<\/style>\n\t<\/div>\n\t\n<div class=\"is-divider divider clearfix\" style=\"max-width:medium;\"><\/div>\n\t<div id=\"text-3861993359\" class=\"text show-for-small\">\n\t\t\n<p><strong><span style=\"color: #282828;\">Par\u00e1metros t\u00e9cnicos<\/span><\/strong><\/p>\n\n<table id=\"tablepress-25\" class=\"tablepress tablepress-id-25 tbody-has-connected-cells\">\n<tbody class=\"row-striping row-hover\">\n<tr class=\"row-1\">\n\t<td class=\"column-1\">Temperatura y humedad<\/td><td colspan=\"2\" class=\"column-2\">SZ-A-FX-225C\/D\/G\u3001SZ-A-FX-408C\/D\/G\u3001SZ-A-FX-608C\/D\/G\u3001SZ-A-FX-1000C\/D\/G<\/td>\n<\/tr>\n<tr class=\"row-2\">\n\t<td class=\"column-1\">S\u00f3lo temperatura<\/td><td colspan=\"2\" class=\"column-2\">SZ-D-FX-225C\/D\/G\u3001SZ-D-FX-408C\/D\/G\u3001SZ-D-FX-608C\/D\/G\u3001SZ-D-FX-1000C\/D\/G<\/td>\n<\/tr>\n<tr class=\"row-3\">\n\t<td class=\"column-1\">Rango de temperatura<\/td><td colspan=\"2\" class=\"column-2\">C: -20\u2103\uff5e+150\/+180\u2103 D: -40\u2103\uff5e+150\/+180\u2103 G: -70\u2103\uff5e+150\/+180\u2103<\/td>\n<\/tr>\n<tr class=\"row-4\">\n\t<td class=\"column-1\">Precisi\u00f3n del control de temperatura<\/td><td colspan=\"2\" class=\"column-2\">Resoluci\u00f3n de temperatura: 0.01\u2103<br \/>\nFluctuaci\u00f3n de temperatura: \u2264\u00b10,5\u2103<br \/>\nVariaci\u00f3n de temperatura: \u2264\u00b12,0\u2103<br \/>\nGradiente de temperatura: \u2264\u00b12,0\u2103<\/td>\n<\/tr>\n<tr class=\"row-5\">\n\t<td class=\"column-1\">Velocidad de calentamiento\/enfriamiento<\/td><td colspan=\"2\" class=\"column-2\">F5\u22655\u2103\/min F10\u226510\u2103\/min F15\u226515\u2103\/min F20\u226520\u2103\/min<br \/>\n(Lineal\/no lineal)<\/td>\n<\/tr>\n<tr class=\"row-6\">\n\t<td class=\"column-1\">Rango de humedad<\/td><td colspan=\"2\" class=\"column-2\">20%\uff5e98%RH (por +20\u2103\uff5e+85\u2103) est\u00e1ndar<br \/>\n10%\uff5e98%RH (por +20\u2103\uff5e+85\u2103) opcional<\/td>\n<\/tr>\n<tr class=\"row-7\">\n\t<td class=\"column-1\">Precisi\u00f3n del control de humedad<\/td><td colspan=\"2\" class=\"column-2\">Resoluci\u00f3n de humedad: 0,1%RH<br \/>\nFluctuaci\u00f3n de humedad: \u2264\u00b13%RH<br \/>\nVariaci\u00f3n de la humedad: \u2264\u00b13%RH (&gt;75%RH); \u2264\u00b15%RH (\u226475%RH)<\/td>\n<\/tr>\n<tr class=\"row-8\">\n\t<td class=\"column-1\">Calentador<\/td><td colspan=\"2\" class=\"column-2\">Calentador electr\u00f3nico de nicromo<\/td>\n<\/tr>\n<tr class=\"row-9\">\n\t<td class=\"column-1\">Unidad de refrigeraci\u00f3n<\/td><td colspan=\"2\" class=\"column-2\">M\u00e9todo de refrigeraci\u00f3n: Refrigeraci\u00f3n por aire\/ refrigeraci\u00f3n por agua<\/td>\n<\/tr>\n<tr class=\"row-10\">\n\t<td class=\"column-1\">Dimensiones del espacio de trabajo (ancho*alto*fondo)<\/td><td colspan=\"2\" class=\"column-2\">500*750*600\u3001600*850*800\u3001800*950*800\u30011000*1000*1000<\/td>\n<\/tr>\n<tr class=\"row-11\">\n\t<td class=\"column-1\">Dimensiones exteriores (An*Al*F)<\/td><td colspan=\"2\" class=\"column-2\">1000*1750*1300\u30011100*1850*1500\u30011300*1950*1500\u30011500*2000*1700<\/td>\n<\/tr>\n<\/tbody>\n<\/table>\n<!-- #tablepress-25 from cache -->\n\t\t\t<\/div>\n\t\n\t<div id=\"gap-630714895\" class=\"gap-element clearfix\" style=\"display:block; height:auto;\">\n\t\t\n<style>\n#gap-630714895 {\n  padding-top: 15px;\n}\n<\/style>\n\t<\/div>\n\t\n\t<div id=\"text-2382251277\" class=\"text hide-for-small\">\n\t\t\n<h3><span style=\"color: #282828;\"><strong><b>Ficha t\u00e9cnica:<\/b><\/strong><\/span><\/h3>\n\n<table id=\"tablepress-2\" class=\"tablepress tablepress-id-2 tbody-has-connected-cells\">\n<tbody class=\"row-striping row-hover\">\n<tr class=\"row-1\">\n\t<td class=\"column-1\">Temperatura y humedad<\/td><td class=\"column-2\">SZ-A-FX-225C\/D\/G<\/td><td class=\"column-3\">SZ-A-FX-408C\/D\/G<\/td><td class=\"column-4\">SZ-A-FX-608C\/D\/G<\/td><td class=\"column-5\">SZ-A-FX-1000C\/D\/G<\/td>\n<\/tr>\n<tr class=\"row-2\">\n\t<td class=\"column-1\">S\u00f3lo temperatura<\/td><td class=\"column-2\">SZ-D-FX-225C\/D\/G<\/td><td class=\"column-3\">SZ-D-FX-408C\/D\/G<\/td><td class=\"column-4\">SZ-D-FX-608C\/D\/G<\/td><td class=\"column-5\">SZ-D-FX-1000C\/D\/G<\/td>\n<\/tr>\n<tr class=\"row-3\">\n\t<td class=\"column-1\">Rango de temperatura<\/td><td colspan=\"4\" class=\"column-2\">C: -20\u2103\uff5e+150\/+180\u2103 D: -40\u2103\uff5e+150\/+180\u2103 G: -70\u2103\uff5e+150\/+180\u2103<\/td>\n<\/tr>\n<tr class=\"row-4\">\n\t<td class=\"column-1\">Precisi\u00f3n del control de temperatura<\/td><td colspan=\"4\" class=\"column-2\">Resoluci\u00f3n de temperatura: 0.01\u2103<br \/>\nFluctuaci\u00f3n de temperatura: \u2264\u00b10,5\u2103<br \/>\nVariaci\u00f3n de temperatura: \u2264\u00b12,0\u2103<br \/>\nGradiente de temperatura: \u2264\u00b12,0\u2103<\/td>\n<\/tr>\n<tr class=\"row-5\">\n\t<td class=\"column-1\">Velocidad de calentamiento\/enfriamiento<\/td><td colspan=\"4\" class=\"column-2\">F5\u22655\u2103\/min F10\u226510\u2103\/min F15\u226515\u2103\/min F20\u226520\u2103\/min<br \/>\n(Lineal\/no lineal)<\/td>\n<\/tr>\n<tr class=\"row-6\">\n\t<td class=\"column-1\">Rango de humedad<\/td><td colspan=\"4\" class=\"column-2\">20%\uff5e98%RH (por +20\u2103\uff5e+85\u2103) est\u00e1ndar<br \/>\n10%\uff5e98%RH (por +20\u2103\uff5e+85\u2103) opcional<\/td>\n<\/tr>\n<tr class=\"row-7\">\n\t<td class=\"column-1\">Precisi\u00f3n del control de humedad<\/td><td colspan=\"4\" class=\"column-2\">Resoluci\u00f3n de humedad: 0,1%RH<br \/>\nFluctuaci\u00f3n de humedad: \u2264\u00b13%RH<br \/>\n<br \/>\nVariaci\u00f3n de la humedad: \u2264\u00b13%RH (&gt;75%RH); \u2264\u00b15%RH (\u226475%RH)<\/td>\n<\/tr>\n<tr class=\"row-8\">\n\t<td class=\"column-1\">Calentador<\/td><td colspan=\"4\" class=\"column-2\">Calentador electr\u00f3nico de nicromo<\/td>\n<\/tr>\n<tr class=\"row-9\">\n\t<td class=\"column-1\">Unidad de refrigeraci\u00f3n<\/td><td colspan=\"4\" class=\"column-2\">M\u00e9todo de refrigeraci\u00f3n: Refrigeraci\u00f3n por aire\/ refrigeraci\u00f3n por agua<\/td>\n<\/tr>\n<tr class=\"row-10\">\n\t<td class=\"column-1\">Dimensiones del espacio de trabajo<\/td><td class=\"column-2\">500*750*600<br \/>\n(AN*AL*F)<\/td><td class=\"column-3\">600*850*800<br \/>\n(AN*AL*F)<\/td><td class=\"column-4\">800*950*800<br \/>\n(AN*AL*F)<\/td><td class=\"column-5\">1000*1000*1000<br \/>\n(AN*AL*F)<\/td>\n<\/tr>\n<tr class=\"row-11\">\n\t<td class=\"column-1\">Dimensiones exteriores<\/td><td class=\"column-2\">1000*1750*1300<br \/>\n(AN*AL*F)<\/td><td class=\"column-3\">1100*1850*1500<br \/>\n(AN*AL*F)<\/td><td class=\"column-4\">1300*1950*1500<br \/>\n(AN*AL*F)<\/td><td class=\"column-5\">1500*2000*1700<br \/>\n(AN*AL*F)<\/td>\n<\/tr>\n<\/tbody>\n<\/table>\n<!-- #tablepress-2 from cache -->\n\t\t\t<\/div>\n\t\n\t<div id=\"gap-354629164\" class=\"gap-element clearfix\" style=\"display:block; height:auto;\">\n\t\t\n<style>\n#gap-354629164 {\n  padding-top: 30px;\n}\n<\/style>\n\t<\/div>\n\t\n<h3 style=\"text-align: center;\"><span style=\"color: #282828;\">Solicitar presupuesto<\/span><\/h3>\n\n<div class=\"wpcf7 no-js\" id=\"wpcf7-f280-o1\" lang=\"en-US\" dir=\"ltr\" data-wpcf7-id=\"280\">\n<div class=\"screen-reader-response\"><p role=\"status\" aria-live=\"polite\" aria-atomic=\"true\"><\/p> <ul><\/ul><\/div>\n<form action=\"\/es\/wp-json\/wp\/v2\/product\/1800#wpcf7-f280-o1\" method=\"post\" class=\"wpcf7-form init\" aria-label=\"Contact form\" novalidate=\"novalidate\" data-status=\"init\" data-trp-original-action=\"\/es\/wp-json\/wp\/v2\/product\/1800#wpcf7-f280-o1\">\n<fieldset class=\"hidden-fields-container\"><input type=\"hidden\" name=\"_wpcf7\" value=\"280\" \/><input type=\"hidden\" name=\"_wpcf7_version\" value=\"6.1.2\" \/><input type=\"hidden\" name=\"_wpcf7_locale\" value=\"en_US\" \/><input type=\"hidden\" name=\"_wpcf7_unit_tag\" value=\"wpcf7-f280-o1\" \/><input type=\"hidden\" name=\"_wpcf7_container_post\" value=\"0\" \/><input type=\"hidden\" name=\"_wpcf7_posted_data_hash\" value=\"\" \/>\n<\/fieldset>\n<div class='custom_contact_style'>\n\t<div class=\"row row-small\">\n\t\t<div class=\"col medium-6 small-12 large-6\">\n\t\t\t<div class=\"col-inner\">\n\t\t\t\t<p><span class=\"wpcf7-form-control-wrap\" data-name=\"your-name\"><input size=\"40\" maxlength=\"400\" class=\"wpcf7-form-control wpcf7-text wpcf7-validates-as-required\" aria-required=\"true\" aria-invalid=\"false\" placeholder=\"Nombre\" value=\"\" type=\"text\" name=\"your-name\" \/><\/span>\n\t\t\t\t<\/p>\n\t\t\t<\/div>\n\t\t<\/div>\n\t\t<div class=\"col medium-6 small-12 large-6\">\n\t\t\t<div class=\"col-inner\">\n\t\t\t\t<p><span class=\"wpcf7-form-control-wrap\" data-name=\"your-email\"><input size=\"40\" maxlength=\"400\" class=\"wpcf7-form-control wpcf7-email wpcf7-validates-as-required wpcf7-text wpcf7-validates-as-email\" aria-required=\"true\" aria-invalid=\"false\" placeholder=\"Correo electr\u00f3nico\" value=\"\" type=\"email\" name=\"your-email\" \/><\/span>\n\t\t\t\t<\/p>\n\t\t\t<\/div>\n\t\t<\/div>\n\t<\/div>\n\t<div class='cus_contact_form_bottom'>\n\t\t<p><span class=\"wpcf7-form-control-wrap\" data-name=\"your-phone\"><input size=\"40\" maxlength=\"400\" class=\"wpcf7-form-control wpcf7-text\" aria-invalid=\"false\" placeholder=\"Tel\u00e9fono\" value=\"\" type=\"text\" name=\"your-phone\" \/><\/span>\n\t\t<\/p>\n\t<\/div>\n\t<div class='cus_contact_form_bottom'>\n\t\t<p><span class=\"wpcf7-form-control-wrap\" data-name=\"your-country\"><input size=\"40\" maxlength=\"400\" class=\"wpcf7-form-control wpcf7-text\" aria-invalid=\"false\" placeholder=\"Pa\u00eds\" value=\"\" type=\"text\" name=\"your-country\" \/><\/span>\n\t\t<\/p>\n\t<\/div>\n\t<p><span class=\"wpcf7-form-control-wrap\" data-name=\"your-message\"><textarea cols=\"40\" rows=\"10\" maxlength=\"2000\" class=\"wpcf7-form-control wpcf7-textarea wpcf7-validates-as-required\" aria-required=\"true\" aria-invalid=\"false\" placeholder=\"Su mensaje *\" name=\"your-message\"><\/textarea><\/span>\n\t<\/p>\n\t<div style=\"margin-bottom:10px;\">\n\t\t<p><span class=\"wpcf7-form-control-wrap kc_captcha cf7ic-toggle\" data-name=\"kc_captcha\"><span class=\"wpcf7-form-control wpcf7-radio\"><span class=\"captcha-image\" style=\"display: none;\"><span class=\"cf7ic_instructions\">Please prove you are human by selecting the<span> plane<\/span>.<\/span><label><input aria-label=\"1\" type=\"radio\" name=\"kc_captcha\" value=\"bot\" \/><svg aria-hidden=\"true\" role=\"img\" xmlns=\"http:\/\/www.w3.org\/2000\/svg\" viewbox=\"0 0 512 512\"><path fill=\"currentColor\" d=\"M500 168h-55l-8-21a127 127 0 00-120-83H195a127 127 0 00-120 83l-8 21H12c-8 0-14 8-11 16l8 24a12 12 0 0011 8h29a64 64 0 00-33 56v48c0 16 6 31 16 42v62c0 13 11 24 24 24h48c13 0 24-11 24-24v-40h256v40c0 13 11 24 24 24h48c13 0 24-11 24-24v-62c10-11 16-26 16-42v-48c0-24-13-45-33-56h29a12 12 0 0011-8l8-24c3-8-3-16-11-16zm-365 2c9-25 33-42 60-42h122c27 0 51 17 60 42l15 38H120l15-38zM88 328a32 32 0 010-64c18 0 48 30 48 48s-30 16-48 16zm336 0c-18 0-48 2-48-16s30-48 48-48 32 14 32 32-14 32-32 32z\"\/><\/svg><\/label><label><input aria-label=\"2\" type=\"radio\" name=\"kc_captcha\" value=\"bot\" \/><svg aria-hidden=\"true\" role=\"img\" xmlns=\"http:\/\/www.w3.org\/2000\/svg\" viewbox=\"0 0 384 512\"><path fill=\"currentColor\" d=\"M377 375l-83-87h34c21 0 32-25 17-40l-82-88h33c21 0 32-25 18-40L210 8c-10-11-26-11-36 0L70 120c-14 15-3 40 18 40h33l-82 88c-15 15-4 40 17 40h34L7 375c-15 16-4 41 17 41h120c0 33-11 49-34 68-12 9-5 28 10 28h144c15 0 22-19 10-28-20-16-34-32-34-68h120c21 0 32-25 17-41z\"\/><\/svg><\/label><label><input aria-label=\"3\" type=\"radio\" name=\"kc_captcha\" value=\"kc_human\" \/><svg aria-hidden=\"true\" role=\"img\" xmlns=\"http:\/\/www.w3.org\/2000\/svg\" viewbox=\"0 0 576 512\"><path fill=\"currentColor\" d=\"M472 200H360L256 6a12 12 0 00-10-6h-58c-8 0-14 7-12 15l34 185H100l-35-58a12 12 0 00-10-6H12c-8 0-13 7-12 14l21 106L0 362c-1 7 4 14 12 14h43c4 0 8-2 10-6l35-58h110l-34 185c-2 8 4 15 12 15h58a12 12 0 0010-6l104-194h112c57 0 104-25 104-56s-47-56-104-56z\"\/><\/svg><\/label>\r\n    <\/span>\r\n    <span style=\"display:none\">\r\n        <input type=\"text\" name=\"kc_honeypot\">\r\n    <\/span><\/span><\/span>\n\t\t<\/p>\n\t<\/div>\n\t<p><input class=\"wpcf7-form-control wpcf7-submit has-spinner\" type=\"submit\" value=\"Enviar mensaje\" \/>\n\t<\/p>\n<\/div><div class=\"wpcf7-response-output\" aria-hidden=\"true\"><\/div>\n<input type=\"hidden\" name=\"trp-form-language\" value=\"es\"\/><\/form>\n<\/div>\n\n\t<div id=\"gap-2109672587\" class=\"gap-element clearfix\" style=\"display:block; height:auto;\">\n\t\t\n<style>\n#gap-2109672587 {\n  padding-top: 30px;\n}\n<\/style>\n\t<\/div>\n\t\n<h4><span style=\"color: #282828;\">Haga clic para saber m\u00e1s:<\/span><\/h4>\n<p><span style=\"color: #282828;\"><a href=\"https:\/\/gaattestequipment.com\/es\/environmental-test-chamber-product-page\/\">Nuestro producto<\/a> \/ <a href=\"https:\/\/gaattestequipment.com\/es\/about-us-2\/\">Nuestra empresa<\/a> \/ <a href=\"https:\/\/gaattestequipment.com\/es\/environmental-chamber-service\/\">Nuestros servicios<\/a><\/span><\/p>","protected":false},"excerpt":{"rendered":"<p><span style=\"color: #282828;\">La c\u00e1mara ESS (Environmental Stress Screening Chamber) se utiliza para evaluar la integridad de las propiedades termo-mec\u00e1nicas del producto tras la exposici\u00f3n a un cambio r\u00e1pido de la temperatura ambiente. Normalmente, la velocidad de rampa de temperatura es inferior a 20C\/min, lo que permite alcanzar el entorno de aplicaci\u00f3n real de la muestra de ensayo mediante la velocidad de rampa m\u00e1s r\u00e1pida.<\/span><\/p>","protected":false},"featured_media":1637,"comment_status":"open","ping_status":"closed","template":"","meta":[],"product_brand":[],"product_cat":[15],"product_tag":[],"class_list":{"0":"post-1800","1":"product","2":"type-product","3":"status-publish","4":"has-post-thumbnail","6":"product_cat-climate-chamber-category","8":"first","9":"instock","10":"shipping-taxable","11":"product-type-simple"},"yoast_head":"<!-- This site is optimized with the Yoast SEO plugin v26.0 - https:\/\/yoast.com\/wordpress\/plugins\/seo\/ -->\n<title>ESS Chamber - GAAT<\/title>\n<meta name=\"description\" content=\"ESS Chamber is used to evaluate the integrity of thermal mechanical properties of product after exposure to rapid change of ambient temperature.\" \/>\n<meta name=\"robots\" content=\"index, follow, max-snippet:-1, max-image-preview:large, max-video-preview:-1\" \/>\n<link rel=\"canonical\" href=\"https:\/\/gaattestequipment.com\/es\/manufacturer\/ess-chamber\/\" \/>\n<meta property=\"og:locale\" content=\"es_ES\" \/>\n<meta property=\"og:type\" content=\"article\" \/>\n<meta property=\"og:title\" content=\"ESS Chamber - GAAT\" \/>\n<meta property=\"og:description\" content=\"ESS Chamber is used to evaluate the integrity of thermal mechanical properties of product after exposure to rapid change of ambient temperature.\" \/>\n<meta property=\"og:url\" content=\"https:\/\/gaattestequipment.com\/es\/manufacturer\/ess-chamber\/\" \/>\n<meta property=\"og:site_name\" content=\"GAAT\" \/>\n<meta property=\"article:modified_time\" content=\"2025-02-10T08:43:16+00:00\" \/>\n<meta property=\"og:image\" content=\"https:\/\/gaattestequipment.com\/wp-content\/uploads\/2024\/10\/GAAT-climate-chamber-ESS-chamber.png\" \/>\n\t<meta property=\"og:image:width\" content=\"800\" \/>\n\t<meta property=\"og:image:height\" content=\"800\" \/>\n\t<meta property=\"og:image:type\" content=\"image\/png\" \/>\n<meta name=\"twitter:card\" content=\"summary_large_image\" \/>\n<meta name=\"twitter:label1\" content=\"Tiempo de lectura\" \/>\n\t<meta name=\"twitter:data1\" content=\"1 minuto\" \/>\n<script type=\"application\/ld+json\" class=\"yoast-schema-graph\">{\"@context\":\"https:\/\/schema.org\",\"@graph\":[{\"@type\":\"WebPage\",\"@id\":\"https:\/\/gaattestequipment.com\/manufacturer\/ess-chamber\/\",\"url\":\"https:\/\/gaattestequipment.com\/manufacturer\/ess-chamber\/\",\"name\":\"ESS Chamber - GAAT\",\"isPartOf\":{\"@id\":\"https:\/\/mistyrose-dunlin-619425.hostingersite.com\/#website\"},\"primaryImageOfPage\":{\"@id\":\"https:\/\/gaattestequipment.com\/manufacturer\/ess-chamber\/#primaryimage\"},\"image\":{\"@id\":\"https:\/\/gaattestequipment.com\/manufacturer\/ess-chamber\/#primaryimage\"},\"thumbnailUrl\":\"https:\/\/gaattestequipment.com\/wp-content\/uploads\/2024\/10\/GAAT-climate-chamber-ESS-chamber.png\",\"datePublished\":\"2024-11-11T08:31:42+00:00\",\"dateModified\":\"2025-02-10T08:43:16+00:00\",\"description\":\"ESS Chamber is used to evaluate the integrity of thermal mechanical properties of product after exposure to rapid change of ambient temperature.\",\"breadcrumb\":{\"@id\":\"https:\/\/gaattestequipment.com\/manufacturer\/ess-chamber\/#breadcrumb\"},\"inLanguage\":\"es\",\"potentialAction\":[{\"@type\":\"ReadAction\",\"target\":[\"https:\/\/gaattestequipment.com\/manufacturer\/ess-chamber\/\"]}]},{\"@type\":\"ImageObject\",\"inLanguage\":\"es\",\"@id\":\"https:\/\/gaattestequipment.com\/manufacturer\/ess-chamber\/#primaryimage\",\"url\":\"https:\/\/gaattestequipment.com\/wp-content\/uploads\/2024\/10\/GAAT-climate-chamber-ESS-chamber.png\",\"contentUrl\":\"https:\/\/gaattestequipment.com\/wp-content\/uploads\/2024\/10\/GAAT-climate-chamber-ESS-chamber.png\",\"width\":800,\"height\":800},{\"@type\":\"BreadcrumbList\",\"@id\":\"https:\/\/gaattestequipment.com\/manufacturer\/ess-chamber\/#breadcrumb\",\"itemListElement\":[{\"@type\":\"ListItem\",\"position\":1,\"name\":\"Home\",\"item\":\"https:\/\/mistyrose-dunlin-619425.hostingersite.com\/\"},{\"@type\":\"ListItem\",\"position\":2,\"name\":\"Products\",\"item\":\"https:\/\/gaattestequipment.com\/shop\/\"},{\"@type\":\"ListItem\",\"position\":3,\"name\":\"ESS Chamber\"}]},{\"@type\":\"WebSite\",\"@id\":\"https:\/\/mistyrose-dunlin-619425.hostingersite.com\/#website\",\"url\":\"https:\/\/mistyrose-dunlin-619425.hostingersite.com\/\",\"name\":\"GAAT\",\"description\":\"Manufacturer of environmental and reliability testing instruments\",\"potentialAction\":[{\"@type\":\"SearchAction\",\"target\":{\"@type\":\"EntryPoint\",\"urlTemplate\":\"https:\/\/mistyrose-dunlin-619425.hostingersite.com\/?s={search_term_string}\"},\"query-input\":{\"@type\":\"PropertyValueSpecification\",\"valueRequired\":true,\"valueName\":\"search_term_string\"}}],\"inLanguage\":\"es\"}]}<\/script>\n<!-- \/ Yoast SEO plugin. -->","yoast_head_json":{"title":"C\u00e1mara ESS - GAAT","description":"La c\u00e1mara ESS se utiliza para evaluar la integridad de las propiedades termomec\u00e1nicas del producto tras su exposici\u00f3n a cambios r\u00e1pidos de la temperatura ambiente.","robots":{"index":"index","follow":"follow","max-snippet":"max-snippet:-1","max-image-preview":"max-image-preview:large","max-video-preview":"max-video-preview:-1"},"canonical":"https:\/\/gaattestequipment.com\/es\/manufacturer\/ess-chamber\/","og_locale":"es_ES","og_type":"article","og_title":"ESS Chamber - GAAT","og_description":"ESS Chamber is used to evaluate the integrity of thermal mechanical properties of product after exposure to rapid change of ambient temperature.","og_url":"https:\/\/gaattestequipment.com\/es\/manufacturer\/ess-chamber\/","og_site_name":"GAAT","article_modified_time":"2025-02-10T08:43:16+00:00","og_image":[{"width":800,"height":800,"url":"https:\/\/gaattestequipment.com\/wp-content\/uploads\/2024\/10\/GAAT-climate-chamber-ESS-chamber.png","type":"image\/png"}],"twitter_card":"summary_large_image","twitter_misc":{"Tiempo de lectura":"1 minuto"},"schema":{"@context":"https:\/\/schema.org","@graph":[{"@type":"WebPage","@id":"https:\/\/gaattestequipment.com\/manufacturer\/ess-chamber\/","url":"https:\/\/gaattestequipment.com\/manufacturer\/ess-chamber\/","name":"C\u00e1mara ESS - GAAT","isPartOf":{"@id":"https:\/\/mistyrose-dunlin-619425.hostingersite.com\/#website"},"primaryImageOfPage":{"@id":"https:\/\/gaattestequipment.com\/manufacturer\/ess-chamber\/#primaryimage"},"image":{"@id":"https:\/\/gaattestequipment.com\/manufacturer\/ess-chamber\/#primaryimage"},"thumbnailUrl":"https:\/\/gaattestequipment.com\/wp-content\/uploads\/2024\/10\/GAAT-climate-chamber-ESS-chamber.png","datePublished":"2024-11-11T08:31:42+00:00","dateModified":"2025-02-10T08:43:16+00:00","description":"La c\u00e1mara ESS se utiliza para evaluar la integridad de las propiedades termomec\u00e1nicas del producto tras su exposici\u00f3n a cambios r\u00e1pidos de la temperatura ambiente.","breadcrumb":{"@id":"https:\/\/gaattestequipment.com\/manufacturer\/ess-chamber\/#breadcrumb"},"inLanguage":"es","potentialAction":[{"@type":"ReadAction","target":["https:\/\/gaattestequipment.com\/manufacturer\/ess-chamber\/"]}]},{"@type":"ImageObject","inLanguage":"es","@id":"https:\/\/gaattestequipment.com\/manufacturer\/ess-chamber\/#primaryimage","url":"https:\/\/gaattestequipment.com\/wp-content\/uploads\/2024\/10\/GAAT-climate-chamber-ESS-chamber.png","contentUrl":"https:\/\/gaattestequipment.com\/wp-content\/uploads\/2024\/10\/GAAT-climate-chamber-ESS-chamber.png","width":800,"height":800},{"@type":"BreadcrumbList","@id":"https:\/\/gaattestequipment.com\/manufacturer\/ess-chamber\/#breadcrumb","itemListElement":[{"@type":"ListItem","position":1,"name":"Home","item":"https:\/\/mistyrose-dunlin-619425.hostingersite.com\/"},{"@type":"ListItem","position":2,"name":"Products","item":"https:\/\/gaattestequipment.com\/shop\/"},{"@type":"ListItem","position":3,"name":"ESS Chamber"}]},{"@type":"WebSite","@id":"https:\/\/mistyrose-dunlin-619425.hostingersite.com\/#website","url":"https:\/\/mistyrose-dunlin-619425.hostingersite.com\/","name":"GAAT","description":"Fabricante de instrumentos para pruebas medioambientales y de fiabilidad","potentialAction":[{"@type":"SearchAction","target":{"@type":"EntryPoint","urlTemplate":"https:\/\/mistyrose-dunlin-619425.hostingersite.com\/?s={search_term_string}"},"query-input":{"@type":"PropertyValueSpecification","valueRequired":true,"valueName":"search_term_string"}}],"inLanguage":"es"}]}},"_links":{"self":[{"href":"https:\/\/gaattestequipment.com\/es\/wp-json\/wp\/v2\/product\/1800","targetHints":{"allow":["GET"]}}],"collection":[{"href":"https:\/\/gaattestequipment.com\/es\/wp-json\/wp\/v2\/product"}],"about":[{"href":"https:\/\/gaattestequipment.com\/es\/wp-json\/wp\/v2\/types\/product"}],"replies":[{"embeddable":true,"href":"https:\/\/gaattestequipment.com\/es\/wp-json\/wp\/v2\/comments?post=1800"}],"wp:featuredmedia":[{"embeddable":true,"href":"https:\/\/gaattestequipment.com\/es\/wp-json\/wp\/v2\/media\/1637"}],"wp:attachment":[{"href":"https:\/\/gaattestequipment.com\/es\/wp-json\/wp\/v2\/media?parent=1800"}],"wp:term":[{"taxonomy":"product_brand","embeddable":true,"href":"https:\/\/gaattestequipment.com\/es\/wp-json\/wp\/v2\/product_brand?post=1800"},{"taxonomy":"product_cat","embeddable":true,"href":"https:\/\/gaattestequipment.com\/es\/wp-json\/wp\/v2\/product_cat?post=1800"},{"taxonomy":"product_tag","embeddable":true,"href":"https:\/\/gaattestequipment.com\/es\/wp-json\/wp\/v2\/product_tag?post=1800"}],"curies":[{"name":"wp","href":"https:\/\/api.w.org\/{rel}","templated":true}]}}