{"id":1860,"date":"2024-11-13T06:45:57","date_gmt":"2024-11-13T06:45:57","guid":{"rendered":"https:\/\/gaattestequipment.com\/?post_type=product&#038;p=1860"},"modified":"2025-01-17T06:01:37","modified_gmt":"2025-01-17T06:01:37","slug":"burn-in-oven","status":"publish","type":"product","link":"https:\/\/gaattestequipment.com\/de\/manufacturer\/burn-in-oven\/","title":{"rendered":"Ofen einbrennen"},"content":{"rendered":"<h3><span style=\"color: #282828;\"><strong><b>Anwendung:<\/b><\/strong><\/span><\/h3>\n<p><span style=\"color: #282828;\">Der Einbrennofen kann zum Testen von elektronischen Ger\u00e4ten, ICs und verschiedenen anderen Halbleiterger\u00e4ten verwendet werden.<\/span><\/p>\n<div class=\"is-divider divider clearfix\" style=\"max-width:medium;\"><\/div>\n\t<div id=\"gap-1131447861\" class=\"gap-element clearfix\" style=\"display:block; height:auto;\">\n\t\t\n<style>\n#gap-1131447861 {\n  padding-top: 15px;\n}\n<\/style>\n\t<\/div>\n\t\n<h3><span style=\"color: #282828;\"><strong><b>Eigenschaften von Burn In Oven:<\/b><\/strong><\/span><\/h3>\n<ul>\n<li><span style=\"color: #282828;\">Hochgradig individuelles Design des Ofens gem\u00e4\u00df den spezifischen Anforderungen des Benutzers<\/span><\/li>\n<li><span style=\"color: #282828;\">Mehrfacher Sicherheitsschutz<\/span><\/li>\n<li><span style=\"color: #282828;\">Gleichm\u00e4\u00dfige Luftzirkulation in der Kammer<\/span><\/li>\n<\/ul>\n<div class=\"is-divider divider clearfix\" style=\"max-width:medium;\"><\/div>\n\t<div id=\"gap-1879706625\" class=\"gap-element clearfix\" style=\"display:block; height:auto;\">\n\t\t\n<style>\n#gap-1879706625 {\n  padding-top: 15px;\n}\n<\/style>\n\t<\/div>\n\t\n<h3><span style=\"font-size: 100%;\"><span style=\"color: #282828;\"><strong><b>Pr\u00fcfstandards <\/b><\/strong><\/span><span style=\"color: #282828;\"><strong><b>von Burn In Oven<\/b><\/strong><\/span><span style=\"color: #282828;\"><strong><b>:\u00a0<\/b><\/strong><\/span><\/span><\/h3>\n<p><span style=\"color: #282828;\">IEC 60068-2-1: 2007, IEC 60068-2-2: 2007, IEC 60068-2-14: 2009, GB\/T 11158: 2008, GB\/T 2423.2: 2008, GB\/T 30435: 2013.<\/span><\/p>\n<div class=\"is-divider divider clearfix\" style=\"max-width:medium;\"><\/div>\n\t<div id=\"text-1267374299\" class=\"text show-for-small\">\n\t\t\n<h3><span style=\"color: #282828;\"><strong><b>Technische Parameter\uff1a<\/b><\/strong><\/span><\/h3>\n<h3>\n<table id=\"tablepress-17\" class=\"tablepress tablepress-id-17 tbody-has-connected-cells\">\n<tbody class=\"row-striping row-hover\">\n<tr class=\"row-1\">\n\t<td class=\"column-1\">Modell<\/td><td colspan=\"2\" class=\"column-2\">SZ-BIO-12C\u3001SZ-BIO-24C\u3001SZ-BIO-36C\u3001SZ-BIO-48C\u3001SZ-BIO-78C<\/td>\n<\/tr>\n<tr class=\"row-2\">\n\t<td class=\"column-1\">BIB-Steckpl\u00e4tze<\/td><td colspan=\"2\" class=\"column-2\">12 BIB Steckpl\u00e4tze\u300124 BIB Steckpl\u00e4tze \u300136 BIB Steckpl\u00e4tze\u300148 BIB Steckpl\u00e4tze\u300178 BIB Steckpl\u00e4tze<\/td>\n<\/tr>\n<tr class=\"row-3\">\n\t<td class=\"column-1\">Gr\u00f6\u00dfe<\/td><td colspan=\"2\" class=\"column-2\">Ma\u00dfgeschneidert je nach Testanforderung<\/td>\n<\/tr>\n<tr class=\"row-4\">\n\t<td class=\"column-1\">Temperaturbereich<\/td><td colspan=\"2\" class=\"column-2\">RT+20\u2103\uff5e+200\u2103<\/td>\n<\/tr>\n<tr class=\"row-5\">\n\t<td class=\"column-1\">Temperaturschwankung<\/td><td colspan=\"2\" class=\"column-2\">\u00b10.5\u2103<\/td>\n<\/tr>\n<tr class=\"row-6\">\n\t<td class=\"column-1\">Temperaturabweichung<\/td><td colspan=\"2\" class=\"column-2\">\u2264\u00b12\u2103<\/td>\n<\/tr>\n<tr class=\"row-7\">\n\t<td class=\"column-1\">Gleichm\u00e4\u00dfigkeit der Temperatur<\/td><td colspan=\"2\" class=\"column-2\">\u2264\u00b12\u2103<\/td>\n<\/tr>\n<tr class=\"row-8\">\n\t<td class=\"column-1\">Heizrate<\/td><td colspan=\"2\" class=\"column-2\">RT\u2192+200\u2103\u226425min<\/td>\n<\/tr>\n<tr class=\"row-9\">\n\t<td class=\"column-1\">Abk\u00fchlungsrate<\/td><td colspan=\"2\" class=\"column-2\">200\u2103\u219250\u2103\u226430min (schnelle Abk\u00fchlung, um Wartezeit zu sparen und die Produktivit\u00e4t der Fabrik zu verbessern)<\/td>\n<\/tr>\n<tr class=\"row-10\">\n\t<td class=\"column-1\">Unsere St\u00e4rke<\/td><td colspan=\"2\" class=\"column-2\">Hochgradig kundenspezifisches Ofendesign entsprechend den spezifischen Benutzeranforderungen unter Ber\u00fccksichtigung von BIB-, Durchf\u00fchrungs-, Backplane- und Treiberboard-Abmessungen.<br \/>\nVollst\u00e4ndige Ausstattung mit Sensoren (\u00dcbertemperaturschutz an mehreren Stellen, Untertemperatursensor, Luftmengenmesser, Luftdruckdifferenzsensor, Verriegelungssensor usw.)<\/td>\n<\/tr>\n<tr class=\"row-11\">\n\t<td class=\"column-1\">Optional<\/td><td colspan=\"2\" class=\"column-2\">Zus\u00e4tzliches eingebautes K\u00fchlaggregat f\u00fcr Minustemperaturen, um die HTOL- und LTOL-Testanforderungen zu erf\u00fcllen.<\/td>\n<\/tr>\n<\/tbody>\n<\/table>\n<!-- #tablepress-17 from cache --><\/h3>\n\t\t\t<\/div>\n\t\n\t<div id=\"gap-1801195172\" class=\"gap-element clearfix\" style=\"display:block; height:auto;\">\n\t\t\n<style>\n#gap-1801195172 {\n  padding-top: 15px;\n}\n<\/style>\n\t<\/div>\n\t\n\t<div id=\"text-2284081171\" class=\"text hide-for-small\">\n\t\t\n<h4><span style=\"color: #282828; font-size: 110%;\"><strong><b>Technische Parameter<\/b><\/strong><\/span><\/h4>\n\n<table id=\"tablepress-15\" class=\"tablepress tablepress-id-15 tbody-has-connected-cells\">\n<tbody class=\"row-striping row-hover\">\n<tr class=\"row-1\">\n\t<td class=\"column-1\">Modell<\/td><td class=\"column-2\">SZ-BIO-12C\t<\/td><td class=\"column-3\">SZ-BIO-24C\t<\/td><td class=\"column-4\">SZ-BIO-36C\t<\/td><td class=\"column-5\">SZ-BIO-48C\t<\/td><td class=\"column-6\">SZ-BIO-78C<br \/>\n<\/td>\n<\/tr>\n<tr class=\"row-2\">\n\t<td class=\"column-1\">BIB-Steckpl\u00e4tze\t<\/td><td class=\"column-2\">12 BIB-Steckpl\u00e4tze\t<\/td><td class=\"column-3\">24 BIB-Steckpl\u00e4tze\t<\/td><td class=\"column-4\">36 BIB-Steckpl\u00e4tze\t<\/td><td class=\"column-5\">48 BIB-Steckpl\u00e4tze\t<\/td><td class=\"column-6\">78 BIB-Steckpl\u00e4tze\t<\/td>\n<\/tr>\n<tr class=\"row-3\">\n\t<td class=\"column-1\">Gr\u00f6\u00dfe<\/td><td colspan=\"5\" class=\"column-2\">Ma\u00dfgeschneidert je nach Testanforderung<\/td>\n<\/tr>\n<tr class=\"row-4\">\n\t<td class=\"column-1\">Temperaturbereich\t<\/td><td colspan=\"5\" class=\"column-2\">RT+20\u2103\uff5e+200\u2103<\/td>\n<\/tr>\n<tr class=\"row-5\">\n\t<td class=\"column-1\">Temperaturschwankung<\/td><td colspan=\"5\" class=\"column-2\">\u00b10.5\u2103<\/td>\n<\/tr>\n<tr class=\"row-6\">\n\t<td class=\"column-1\">Temperaturabweichung<\/td><td colspan=\"5\" class=\"column-2\">\u2264\u00b12\u2103<\/td>\n<\/tr>\n<tr class=\"row-7\">\n\t<td class=\"column-1\">Gleichm\u00e4\u00dfigkeit der Temperatur<\/td><td colspan=\"5\" class=\"column-2\">\u2264\u00b12\u2103<\/td>\n<\/tr>\n<tr class=\"row-8\">\n\t<td class=\"column-1\">Heizrate<\/td><td colspan=\"5\" class=\"column-2\">RT\u2192+200\u2103\u226425min<\/td>\n<\/tr>\n<tr class=\"row-9\">\n\t<td class=\"column-1\">Abk\u00fchlungsrate\t<\/td><td colspan=\"5\" class=\"column-2\">200\u2103\u219250\u2103\u226430min (schnelle Abk\u00fchlung, um Wartezeit zu sparen und die Produktivit\u00e4t der Fabrik zu verbessern)<br \/>\n<\/td>\n<\/tr>\n<tr class=\"row-10\">\n\t<td class=\"column-1\">Unsere St\u00e4rke\t<\/td><td colspan=\"5\" class=\"column-2\">Hochgradig kundenspezifisches Ofendesign entsprechend den spezifischen Benutzeranforderungen unter Ber\u00fccksichtigung von BIB-, Durchf\u00fchrungs-, Backplane- und Treiberboard-Abmessungen.<br \/>\nVollst\u00e4ndige Ausstattung mit Sensoren (\u00dcbertemperaturschutz an mehreren Stellen, Untertemperatursensor, Luftmengenmesser, Luftdruckdifferenzsensor, Verriegelungssensor usw.)<\/td>\n<\/tr>\n<tr class=\"row-11\">\n\t<td class=\"column-1\">Optional\t<\/td><td colspan=\"5\" class=\"column-2\">Zus\u00e4tzliches eingebautes K\u00fchlaggregat f\u00fcr Minustemperaturen, um die HTOL- und LTOL-Testanforderungen zu erf\u00fcllen.<\/td>\n<\/tr>\n<\/tbody>\n<\/table>\n<!-- #tablepress-15 from cache -->\n\t\t\t<\/div>\n\t\n\t<div id=\"gap-602180863\" class=\"gap-element clearfix\" style=\"display:block; height:auto;\">\n\t\t\n<style>\n#gap-602180863 {\n  padding-top: 20px;\n}\n<\/style>\n\t<\/div>\n\t\n<h4 style=\"text-align: center;\"><span style=\"color: #282828; font-size: 115%;\">Angebot einholen<\/span><\/h4>\n\n<div class=\"wpcf7 no-js\" id=\"wpcf7-f280-o1\" lang=\"en-US\" dir=\"ltr\" data-wpcf7-id=\"280\">\n<div class=\"screen-reader-response\"><p role=\"status\" aria-live=\"polite\" aria-atomic=\"true\"><\/p> <ul><\/ul><\/div>\n<form action=\"\/de\/wp-json\/wp\/v2\/product\/1860#wpcf7-f280-o1\" method=\"post\" class=\"wpcf7-form init\" aria-label=\"Contact form\" novalidate=\"novalidate\" data-status=\"init\" data-trp-original-action=\"\/de\/wp-json\/wp\/v2\/product\/1860#wpcf7-f280-o1\">\n<fieldset class=\"hidden-fields-container\"><input type=\"hidden\" name=\"_wpcf7\" value=\"280\" \/><input type=\"hidden\" name=\"_wpcf7_version\" value=\"6.1.2\" \/><input type=\"hidden\" name=\"_wpcf7_locale\" value=\"en_US\" \/><input type=\"hidden\" name=\"_wpcf7_unit_tag\" value=\"wpcf7-f280-o1\" \/><input type=\"hidden\" name=\"_wpcf7_container_post\" value=\"0\" \/><input type=\"hidden\" name=\"_wpcf7_posted_data_hash\" value=\"\" \/>\n<\/fieldset>\n<div class='custom_contact_style'>\n\t<div class=\"row row-small\">\n\t\t<div class=\"col medium-6 small-12 large-6\">\n\t\t\t<div class=\"col-inner\">\n\t\t\t\t<p><span class=\"wpcf7-form-control-wrap\" data-name=\"your-name\"><input size=\"40\" maxlength=\"400\" class=\"wpcf7-form-control wpcf7-text wpcf7-validates-as-required\" aria-required=\"true\" aria-invalid=\"false\" placeholder=\"Name*\" value=\"\" type=\"text\" name=\"your-name\" \/><\/span>\n\t\t\t\t<\/p>\n\t\t\t<\/div>\n\t\t<\/div>\n\t\t<div class=\"col medium-6 small-12 large-6\">\n\t\t\t<div class=\"col-inner\">\n\t\t\t\t<p><span class=\"wpcf7-form-control-wrap\" data-name=\"your-email\"><input size=\"40\" maxlength=\"400\" class=\"wpcf7-form-control wpcf7-email wpcf7-validates-as-required wpcf7-text wpcf7-validates-as-email\" aria-required=\"true\" aria-invalid=\"false\" placeholder=\"E-Mail*\" value=\"\" type=\"email\" name=\"your-email\" \/><\/span>\n\t\t\t\t<\/p>\n\t\t\t<\/div>\n\t\t<\/div>\n\t<\/div>\n\t<div class='cus_contact_form_bottom'>\n\t\t<p><span class=\"wpcf7-form-control-wrap\" data-name=\"your-phone\"><input size=\"40\" maxlength=\"400\" class=\"wpcf7-form-control wpcf7-text\" aria-invalid=\"false\" placeholder=\"Telefon\" value=\"\" type=\"text\" name=\"your-phone\" \/><\/span>\n\t\t<\/p>\n\t<\/div>\n\t<div class='cus_contact_form_bottom'>\n\t\t<p><span class=\"wpcf7-form-control-wrap\" data-name=\"your-country\"><input size=\"40\" maxlength=\"400\" class=\"wpcf7-form-control wpcf7-text\" aria-invalid=\"false\" placeholder=\"Land\" value=\"\" type=\"text\" name=\"your-country\" \/><\/span>\n\t\t<\/p>\n\t<\/div>\n\t<p><span class=\"wpcf7-form-control-wrap\" data-name=\"your-message\"><textarea cols=\"40\" rows=\"10\" maxlength=\"2000\" class=\"wpcf7-form-control wpcf7-textarea wpcf7-validates-as-required\" aria-required=\"true\" aria-invalid=\"false\" placeholder=\"Ihre Nachricht *\" name=\"your-message\"><\/textarea><\/span>\n\t<\/p>\n\t<div style=\"margin-bottom:10px;\">\n\t\t<p><span class=\"wpcf7-form-control-wrap kc_captcha cf7ic-toggle\" data-name=\"kc_captcha\"><span class=\"wpcf7-form-control wpcf7-radio\"><span class=\"captcha-image\" style=\"display: none;\"><span class=\"cf7ic_instructions\">Please prove you are human by selecting the<span> tree<\/span>.<\/span><label><input aria-label=\"1\" type=\"radio\" name=\"kc_captcha\" value=\"bot\" \/><svg aria-hidden=\"true\" role=\"img\" xmlns=\"http:\/\/www.w3.org\/2000\/svg\" viewbox=\"0 0 576 512\"><path fill=\"currentColor\" d=\"M259 18l-65 132-146 22c-26 3-37 36-18 54l106 103-25 146c-5 26 23 46 46 33l131-68 131 68c23 13 51-7 46-33l-25-146 106-103c19-18 8-51-18-54l-146-22-65-132a32 32 0 00-58 0z\"\/><\/svg><\/label><label><input aria-label=\"2\" type=\"radio\" name=\"kc_captcha\" value=\"bot\" \/><svg aria-hidden=\"true\" role=\"img\" xmlns=\"http:\/\/www.w3.org\/2000\/svg\" viewbox=\"0 0 512 512\"><path fill=\"currentColor\" d=\"M500 168h-55l-8-21a127 127 0 00-120-83H195a127 127 0 00-120 83l-8 21H12c-8 0-14 8-11 16l8 24a12 12 0 0011 8h29a64 64 0 00-33 56v48c0 16 6 31 16 42v62c0 13 11 24 24 24h48c13 0 24-11 24-24v-40h256v40c0 13 11 24 24 24h48c13 0 24-11 24-24v-62c10-11 16-26 16-42v-48c0-24-13-45-33-56h29a12 12 0 0011-8l8-24c3-8-3-16-11-16zm-365 2c9-25 33-42 60-42h122c27 0 51 17 60 42l15 38H120l15-38zM88 328a32 32 0 010-64c18 0 48 30 48 48s-30 16-48 16zm336 0c-18 0-48 2-48-16s30-48 48-48 32 14 32 32-14 32-32 32z\"\/><\/svg><\/label><label><input aria-label=\"3\" type=\"radio\" name=\"kc_captcha\" value=\"kc_human\" \/><svg aria-hidden=\"true\" role=\"img\" xmlns=\"http:\/\/www.w3.org\/2000\/svg\" viewbox=\"0 0 384 512\"><path fill=\"currentColor\" d=\"M377 375l-83-87h34c21 0 32-25 17-40l-82-88h33c21 0 32-25 18-40L210 8c-10-11-26-11-36 0L70 120c-14 15-3 40 18 40h33l-82 88c-15 15-4 40 17 40h34L7 375c-15 16-4 41 17 41h120c0 33-11 49-34 68-12 9-5 28 10 28h144c15 0 22-19 10-28-20-16-34-32-34-68h120c21 0 32-25 17-41z\"\/><\/svg><\/label>\r\n    <\/span>\r\n    <span style=\"display:none\">\r\n        <input type=\"text\" name=\"kc_honeypot\">\r\n    <\/span><\/span><\/span>\n\t\t<\/p>\n\t<\/div>\n\t<p><input class=\"wpcf7-form-control wpcf7-submit has-spinner\" type=\"submit\" value=\"Nachricht senden\" \/>\n\t<\/p>\n<\/div><div class=\"wpcf7-response-output\" aria-hidden=\"true\"><\/div>\n<input type=\"hidden\" name=\"trp-form-language\" value=\"de\"\/><\/form>\n<\/div>\n\n\t<div id=\"gap-791778372\" class=\"gap-element clearfix hide-for-medium\" style=\"display:block; height:auto;\">\n\t\t\n<style>\n#gap-791778372 {\n  padding-top: 30px;\n}\n<\/style>\n\t<\/div>\n\t\n\t<div id=\"text-181973088\" class=\"text hide-for-medium\">\n\t\t\n<h4><span style=\"color: #282828; font-size: 100%;\">Klicken Sie, um mehr zu erfahren:<\/span><\/h4>\n<p><span style=\"color: #282828;\"><a href=\"https:\/\/gaattestequipment.com\/de\/environmental-test-chamber-product-page\/\">Produkt-Kategorie<\/a> \/ <a href=\"https:\/\/gaattestequipment.com\/de\/about-us-2\/\">Unser Unternehmen<\/a> \/ <a href=\"https:\/\/gaattestequipment.com\/de\/environmental-chamber-service\/\">Unser Service<\/a><\/span><\/p>\n\t\t\t<\/div>","protected":false},"excerpt":{"rendered":"<p><span style=\"color: #282828;\">Der Burn-in-Ofen wurde entwickelt, um die Ausfallrate von Defekten in elektronischen Komponenten und Systemen im Fr\u00fchstadium zu beschleunigen. Dieser Ofen wurde entwickelt, um Hochtemperaturbedingungen zu simulieren und sicherzustellen, dass nur die zuverl\u00e4ssigsten Produkte auf den Markt kommen. Normalerweise werden die Proben bei einer konstanten Temperatur zwischen 100\u00b0C und 125\u00b0C eingebrannt und getestet.<\/span><\/p>","protected":false},"featured_media":1722,"comment_status":"open","ping_status":"closed","template":"","meta":[],"product_brand":[],"product_cat":[41],"product_tag":[],"class_list":{"0":"post-1860","1":"product","2":"type-product","3":"status-publish","4":"has-post-thumbnail","6":"product_cat-drying-oven-category","8":"first","9":"instock","10":"shipping-taxable","11":"product-type-simple"},"yoast_head":"<!-- This site is optimized with the Yoast SEO plugin v26.0 - https:\/\/yoast.com\/wordpress\/plugins\/seo\/ -->\n<title>Burn In Oven - GAAT<\/title>\n<meta name=\"description\" content=\"Burn in Oven of high quality and great performance. We provide fast delivery, reasonable price and after-sales service for you.\" \/>\n<meta name=\"robots\" content=\"index, follow, max-snippet:-1, max-image-preview:large, max-video-preview:-1\" \/>\n<link rel=\"canonical\" href=\"https:\/\/gaattestequipment.com\/de\/manufacturer\/burn-in-oven\/\" \/>\n<meta property=\"og:locale\" content=\"de_DE\" \/>\n<meta property=\"og:type\" content=\"article\" \/>\n<meta property=\"og:title\" content=\"Burn In Oven - GAAT\" \/>\n<meta property=\"og:description\" content=\"Burn in Oven of high quality and great performance. We provide fast delivery, reasonable price and after-sales service for you.\" \/>\n<meta property=\"og:url\" content=\"https:\/\/gaattestequipment.com\/de\/manufacturer\/burn-in-oven\/\" \/>\n<meta property=\"og:site_name\" content=\"GAAT\" \/>\n<meta property=\"article:modified_time\" content=\"2025-01-17T06:01:37+00:00\" \/>\n<meta property=\"og:image\" content=\"https:\/\/gaattestequipment.com\/wp-content\/uploads\/2024\/11\/Burn-in-oven.png\" \/>\n\t<meta property=\"og:image:width\" content=\"800\" \/>\n\t<meta property=\"og:image:height\" content=\"800\" \/>\n\t<meta property=\"og:image:type\" content=\"image\/png\" \/>\n<meta name=\"twitter:card\" content=\"summary_large_image\" \/>\n<meta name=\"twitter:label1\" content=\"Gesch\u00e4tzte Lesezeit\" \/>\n\t<meta name=\"twitter:data1\" content=\"1\u00a0Minute\" \/>\n<script type=\"application\/ld+json\" class=\"yoast-schema-graph\">{\"@context\":\"https:\/\/schema.org\",\"@graph\":[{\"@type\":\"WebPage\",\"@id\":\"https:\/\/gaattestequipment.com\/manufacturer\/burn-in-oven\/\",\"url\":\"https:\/\/gaattestequipment.com\/manufacturer\/burn-in-oven\/\",\"name\":\"Burn In Oven - GAAT\",\"isPartOf\":{\"@id\":\"https:\/\/mistyrose-dunlin-619425.hostingersite.com\/#website\"},\"primaryImageOfPage\":{\"@id\":\"https:\/\/gaattestequipment.com\/manufacturer\/burn-in-oven\/#primaryimage\"},\"image\":{\"@id\":\"https:\/\/gaattestequipment.com\/manufacturer\/burn-in-oven\/#primaryimage\"},\"thumbnailUrl\":\"https:\/\/gaattestequipment.com\/wp-content\/uploads\/2024\/11\/Burn-in-oven.png\",\"datePublished\":\"2024-11-13T06:45:57+00:00\",\"dateModified\":\"2025-01-17T06:01:37+00:00\",\"description\":\"Burn in Oven of high quality and great performance. We provide fast delivery, reasonable price and after-sales service for you.\",\"breadcrumb\":{\"@id\":\"https:\/\/gaattestequipment.com\/manufacturer\/burn-in-oven\/#breadcrumb\"},\"inLanguage\":\"de\",\"potentialAction\":[{\"@type\":\"ReadAction\",\"target\":[\"https:\/\/gaattestequipment.com\/manufacturer\/burn-in-oven\/\"]}]},{\"@type\":\"ImageObject\",\"inLanguage\":\"de\",\"@id\":\"https:\/\/gaattestequipment.com\/manufacturer\/burn-in-oven\/#primaryimage\",\"url\":\"https:\/\/gaattestequipment.com\/wp-content\/uploads\/2024\/11\/Burn-in-oven.png\",\"contentUrl\":\"https:\/\/gaattestequipment.com\/wp-content\/uploads\/2024\/11\/Burn-in-oven.png\",\"width\":800,\"height\":800,\"caption\":\"burn in oven\"},{\"@type\":\"BreadcrumbList\",\"@id\":\"https:\/\/gaattestequipment.com\/manufacturer\/burn-in-oven\/#breadcrumb\",\"itemListElement\":[{\"@type\":\"ListItem\",\"position\":1,\"name\":\"Home\",\"item\":\"https:\/\/mistyrose-dunlin-619425.hostingersite.com\/\"},{\"@type\":\"ListItem\",\"position\":2,\"name\":\"Products\",\"item\":\"https:\/\/gaattestequipment.com\/shop\/\"},{\"@type\":\"ListItem\",\"position\":3,\"name\":\"Burn In Oven\"}]},{\"@type\":\"WebSite\",\"@id\":\"https:\/\/mistyrose-dunlin-619425.hostingersite.com\/#website\",\"url\":\"https:\/\/mistyrose-dunlin-619425.hostingersite.com\/\",\"name\":\"GAAT\",\"description\":\"Manufacturer of environmental and reliability testing instruments\",\"potentialAction\":[{\"@type\":\"SearchAction\",\"target\":{\"@type\":\"EntryPoint\",\"urlTemplate\":\"https:\/\/mistyrose-dunlin-619425.hostingersite.com\/?s={search_term_string}\"},\"query-input\":{\"@type\":\"PropertyValueSpecification\",\"valueRequired\":true,\"valueName\":\"search_term_string\"}}],\"inLanguage\":\"de\"}]}<\/script>\n<!-- \/ Yoast SEO plugin. -->","yoast_head_json":{"title":"Einbrennen im Ofen - GAAT","description":"Burn in Oven von hoher Qualit\u00e4t und gro\u00dfartiger Leistung. Wir bieten Ihnen eine schnelle Lieferung, einen g\u00fcnstigen Preis und einen guten Kundendienst.","robots":{"index":"index","follow":"follow","max-snippet":"max-snippet:-1","max-image-preview":"max-image-preview:large","max-video-preview":"max-video-preview:-1"},"canonical":"https:\/\/gaattestequipment.com\/de\/manufacturer\/burn-in-oven\/","og_locale":"de_DE","og_type":"article","og_title":"Burn In Oven - GAAT","og_description":"Burn in Oven of high quality and great performance. We provide fast delivery, reasonable price and after-sales service for you.","og_url":"https:\/\/gaattestequipment.com\/de\/manufacturer\/burn-in-oven\/","og_site_name":"GAAT","article_modified_time":"2025-01-17T06:01:37+00:00","og_image":[{"width":800,"height":800,"url":"https:\/\/gaattestequipment.com\/wp-content\/uploads\/2024\/11\/Burn-in-oven.png","type":"image\/png"}],"twitter_card":"summary_large_image","twitter_misc":{"Gesch\u00e4tzte Lesezeit":"1\u00a0Minute"},"schema":{"@context":"https:\/\/schema.org","@graph":[{"@type":"WebPage","@id":"https:\/\/gaattestequipment.com\/manufacturer\/burn-in-oven\/","url":"https:\/\/gaattestequipment.com\/manufacturer\/burn-in-oven\/","name":"Einbrennen im Ofen - GAAT","isPartOf":{"@id":"https:\/\/mistyrose-dunlin-619425.hostingersite.com\/#website"},"primaryImageOfPage":{"@id":"https:\/\/gaattestequipment.com\/manufacturer\/burn-in-oven\/#primaryimage"},"image":{"@id":"https:\/\/gaattestequipment.com\/manufacturer\/burn-in-oven\/#primaryimage"},"thumbnailUrl":"https:\/\/gaattestequipment.com\/wp-content\/uploads\/2024\/11\/Burn-in-oven.png","datePublished":"2024-11-13T06:45:57+00:00","dateModified":"2025-01-17T06:01:37+00:00","description":"Burn in Oven von hoher Qualit\u00e4t und gro\u00dfartiger Leistung. Wir bieten Ihnen eine schnelle Lieferung, einen g\u00fcnstigen Preis und einen guten Kundendienst.","breadcrumb":{"@id":"https:\/\/gaattestequipment.com\/manufacturer\/burn-in-oven\/#breadcrumb"},"inLanguage":"de","potentialAction":[{"@type":"ReadAction","target":["https:\/\/gaattestequipment.com\/manufacturer\/burn-in-oven\/"]}]},{"@type":"ImageObject","inLanguage":"de","@id":"https:\/\/gaattestequipment.com\/manufacturer\/burn-in-oven\/#primaryimage","url":"https:\/\/gaattestequipment.com\/wp-content\/uploads\/2024\/11\/Burn-in-oven.png","contentUrl":"https:\/\/gaattestequipment.com\/wp-content\/uploads\/2024\/11\/Burn-in-oven.png","width":800,"height":800,"caption":"burn in oven"},{"@type":"BreadcrumbList","@id":"https:\/\/gaattestequipment.com\/manufacturer\/burn-in-oven\/#breadcrumb","itemListElement":[{"@type":"ListItem","position":1,"name":"Home","item":"https:\/\/mistyrose-dunlin-619425.hostingersite.com\/"},{"@type":"ListItem","position":2,"name":"Products","item":"https:\/\/gaattestequipment.com\/shop\/"},{"@type":"ListItem","position":3,"name":"Burn In Oven"}]},{"@type":"WebSite","@id":"https:\/\/mistyrose-dunlin-619425.hostingersite.com\/#website","url":"https:\/\/mistyrose-dunlin-619425.hostingersite.com\/","name":"GAAT","description":"Hersteller von Umwelt- und Zuverl\u00e4ssigkeitspr\u00fcfger\u00e4ten","potentialAction":[{"@type":"SearchAction","target":{"@type":"EntryPoint","urlTemplate":"https:\/\/mistyrose-dunlin-619425.hostingersite.com\/?s={search_term_string}"},"query-input":{"@type":"PropertyValueSpecification","valueRequired":true,"valueName":"search_term_string"}}],"inLanguage":"de"}]}},"_links":{"self":[{"href":"https:\/\/gaattestequipment.com\/de\/wp-json\/wp\/v2\/product\/1860","targetHints":{"allow":["GET"]}}],"collection":[{"href":"https:\/\/gaattestequipment.com\/de\/wp-json\/wp\/v2\/product"}],"about":[{"href":"https:\/\/gaattestequipment.com\/de\/wp-json\/wp\/v2\/types\/product"}],"replies":[{"embeddable":true,"href":"https:\/\/gaattestequipment.com\/de\/wp-json\/wp\/v2\/comments?post=1860"}],"wp:featuredmedia":[{"embeddable":true,"href":"https:\/\/gaattestequipment.com\/de\/wp-json\/wp\/v2\/media\/1722"}],"wp:attachment":[{"href":"https:\/\/gaattestequipment.com\/de\/wp-json\/wp\/v2\/media?parent=1860"}],"wp:term":[{"taxonomy":"product_brand","embeddable":true,"href":"https:\/\/gaattestequipment.com\/de\/wp-json\/wp\/v2\/product_brand?post=1860"},{"taxonomy":"product_cat","embeddable":true,"href":"https:\/\/gaattestequipment.com\/de\/wp-json\/wp\/v2\/product_cat?post=1860"},{"taxonomy":"product_tag","embeddable":true,"href":"https:\/\/gaattestequipment.com\/de\/wp-json\/wp\/v2\/product_tag?post=1860"}],"curies":[{"name":"wp","href":"https:\/\/api.w.org\/{rel}","templated":true}]}}