{"id":1848,"date":"2024-11-13T02:57:49","date_gmt":"2024-11-13T02:57:49","guid":{"rendered":"https:\/\/gaattestequipment.com\/?post_type=product&#038;p=1848"},"modified":"2025-01-17T06:45:20","modified_gmt":"2025-01-17T06:45:20","slug":"uv-light-test-chamber","status":"publish","type":"product","link":"https:\/\/gaattestequipment.com\/de\/manufacturer\/uv-light-test-chamber\/","title":{"rendered":"UV-Licht-Testkammer"},"content":{"rendered":"<h3><span style=\"color: #282828;\"><strong><b>Anwendung der UV-Licht-Testkammer:<\/b><\/strong><\/span><\/h3>\n<p><span style=\"color: #282828;\">Die UV-Licht-Testkammer ist ein unverzichtbares Hilfsmittel f\u00fcr Industrien, die eine Bewertung des Materialabbaus unter UV-Bestrahlung erfordern, wie z.B. in den Bereichen Automobil, Luft- und Raumfahrt und Unterhaltungselektronik.<\/span><\/p>\n<div class=\"is-divider divider clearfix\" style=\"max-width:medium;\"><\/div>\n\t<div id=\"gap-1227369864\" class=\"gap-element clearfix\" style=\"display:block; height:auto;\">\n\t\t\n<style>\n#gap-1227369864 {\n  padding-top: 15px;\n}\n<\/style>\n\t<\/div>\n\t\n<h3><span style=\"color: #282828;\"><strong><b>Merkmale:<\/b><\/strong><\/span><\/h3>\n<ul>\n<li><span style=\"color: #282828;\">Marken-UV-Lampen: Ausgestattet mit original UVA- oder UVB-Lampen von Atlas America f\u00fcr eine zuverl\u00e4ssige Vergleichbarkeit der Testergebnisse.<\/span><\/li>\n<li><span style=\"color: #282828;\">Vielseitige Probentests: Sie unterst\u00fctzt verschiedene Probenformen und bietet damit mehr Flexibilit\u00e4t als Standardkammern, die nur st\u00fcckige Proben akzeptieren.<\/span><\/li>\n<li><span style=\"color: #282828;\">Automatisierte Kalibrierung: Automatische Kalibrierung der Bestrahlungsst\u00e4rke f\u00fcr gleichbleibende UV-Belichtung.<\/span><\/li>\n<li><span style=\"color: #282828;\">Luftfeuchtigkeitssimulation: Enth\u00e4lt Wasserspr\u00fch- und Kondensationsfunktionen f\u00fcr eine umfassende Umweltsimulation.<\/span><\/li>\n<li><span style=\"color: #282828;\">Pr\u00e4zise Temperaturregelung: Verwendet einen hochpr\u00e4zisen Pt100-Sensor f\u00fcr eine genaue Temperaturregelung bei Blackboard-Anwendungen.<\/span><\/li>\n<\/ul>\n<div class=\"is-divider divider clearfix\" style=\"max-width:medium;\"><\/div>\n\t<div id=\"gap-216937985\" class=\"gap-element clearfix\" style=\"display:block; height:auto;\">\n\t\t\n<style>\n#gap-216937985 {\n  padding-top: 15px;\n}\n<\/style>\n\t<\/div>\n\t\n<h4><span style=\"color: #282828; font-size: 110%;\"><strong><b>Anwendbare Pr\u00fcfnormen:<\/b><\/strong><\/span><\/h4>\n<p><span style=\"color: #282828;\">ISO 4892-1, ISO 4892-3, ISO 11507, ASTM G154, ASTM G153, IEC 61215. GB\/T14522<\/span><\/p>\n<div class=\"is-divider divider clearfix\" style=\"max-width:medium;\"><\/div>\n\t<div id=\"text-4194647648\" class=\"text show-for-small\">\n\t\t\n<h4><span style=\"color: #282828; font-size: 105%;\"><strong><b>Technische Parameter<\/b><\/strong><\/span><\/h4>\n\n<table id=\"tablepress-19\" class=\"tablepress tablepress-id-19 tbody-has-connected-cells\">\n<tbody class=\"row-striping row-hover\">\n<tr class=\"row-1\">\n\t<td class=\"column-1\">Modell<\/td><td colspan=\"2\" class=\"column-2\">SZ-UV-430C<\/td>\n<\/tr>\n<tr class=\"row-2\">\n\t<td class=\"column-1\">Innengr\u00f6\u00dfe BxHxT (mm)<\/td><td colspan=\"2\" class=\"column-2\">450x1100x500<\/td>\n<\/tr>\n<tr class=\"row-3\">\n\t<td class=\"column-1\">\u00c4u\u00dfere Gr\u00f6\u00dfe BxHxT (mm)<\/td><td colspan=\"2\" class=\"column-2\">1300x1480x550<\/td>\n<\/tr>\n<tr class=\"row-4\">\n\t<td class=\"column-1\">Temperaturbereich der Strahlung<\/td><td colspan=\"2\" class=\"column-2\">RT+10\u2103~70\u2103<\/td>\n<\/tr>\n<tr class=\"row-5\">\n\t<td class=\"column-1\">Temperaturbereich der Kondensation<\/td><td colspan=\"2\" class=\"column-2\">RT~60\u2103<\/td>\n<\/tr>\n<tr class=\"row-6\">\n\t<td class=\"column-1\">Luftfeuchtigkeit Bereich<\/td><td colspan=\"2\" class=\"column-2\">Kondensationszyklus\u226585%RH; Strahlungszyklus <75%RH<\/td>\n<\/tr>\n<tr class=\"row-7\">\n\t<td class=\"column-1\">Test-Lichtquelle<\/td><td colspan=\"2\" class=\"column-2\">UV-A oder UV-B<\/td>\n<\/tr>\n<tr class=\"row-8\">\n\t<td class=\"column-1\">Spezifikationen der Testlichtquelle<\/td><td colspan=\"2\" class=\"column-2\">UV-A: Wellenl\u00e4ngenbereich 300~400nm, Wellenh\u00f6chstwert 340nm,<br \/>\nUV-B: Wellenl\u00e4ngenbereich 275~375nm, Wellenh\u00f6chstwert 313nm;<br \/>\nLebensdauer der Lampe 1600h<\/td>\n<\/tr>\n<tr class=\"row-9\">\n\t<td class=\"column-1\">Strahlungsintensit\u00e4t<\/td><td colspan=\"2\" class=\"column-2\">0,3~1,1W\/m2 (313nm); 0,3~1,2W\/m2 (340nm);<\/td>\n<\/tr>\n<tr class=\"row-10\">\n\t<td class=\"column-1\">Wasser-Spr\u00fchdruck<\/td><td colspan=\"2\" class=\"column-2\">30 ~ 200Kpa<\/td>\n<\/tr>\n<tr class=\"row-11\">\n\t<td class=\"column-1\">Spezifikation der Spr\u00fchd\u00fcse<\/td><td colspan=\"2\" class=\"column-2\">D\u00fcsendurchmesser 0,8mm, Spr\u00fchwinkel 60\u00b0, Spr\u00fchmenge einstellbar<\/td>\n<\/tr>\n<tr class=\"row-12\">\n\t<td class=\"column-1\">Heizung Luftbefeuchter<\/td><td colspan=\"2\" class=\"column-2\">Elektrischer Heizdampf erzeugt W\u00e4rme und befeuchtet.<\/td>\n<\/tr>\n<tr class=\"row-13\">\n\t<td class=\"column-1\">Kontrollsystem<\/td><td colspan=\"2\" class=\"column-2\">Benutzeroberfl\u00e4che: Digitale intelligente Soft-Touch-Eingabe (programmierbare Steuerung)<br \/>\nLaufende Methode: Programmierbare Steuerung\/Konstantlauf.<br \/>\nEinstellbereich: Als Temperaturbereich.<br \/>\nEingang: Blackboard-Temperaturmessger\u00e4t, PT-100-Sensor.<br \/>\nUntergeordnete Funktion: Oberer\/unterer Grenzwertalarm, Alarmanzeige, Timerfunktion.<\/td>\n<\/tr>\n<tr class=\"row-14\">\n\t<td class=\"column-1\">Sicherheitsmerkmale<\/td><td colspan=\"2\" class=\"column-2\">Schutz vor Erdschluss, \u00dcberlastung des Stromkreises, Kurzschlussschutz, Schutz vor \u00dcberhitzung der Kammer, Wassermangelalarm<br \/>\n<\/td>\n<\/tr>\n<\/tbody>\n<\/table>\n<!-- #tablepress-19 from cache -->\n\t\t\t<\/div>\n\t\n\t<div id=\"gap-1630085981\" class=\"gap-element clearfix\" style=\"display:block; height:auto;\">\n\t\t\n<style>\n#gap-1630085981 {\n  padding-top: 15px;\n}\n<\/style>\n\t<\/div>\n\t\n\t<div id=\"text-1380426632\" class=\"text hide-for-small\">\n\t\t\n<h4><span style=\"color: #282828; font-size: 110%;\"><strong><b>Technische Parameter<\/b><\/strong><\/span><\/h4>\n\n<table id=\"tablepress-13\" class=\"tablepress tablepress-id-13\">\n<tbody class=\"row-striping row-hover\">\n<tr class=\"row-1\">\n\t<td class=\"column-1\">Modell<\/td><td class=\"column-2\">SZ-UV-430C<\/td>\n<\/tr>\n<tr class=\"row-2\">\n\t<td class=\"column-1\">Innengr\u00f6\u00dfe BxHxT (mm)<\/td><td class=\"column-2\">450x1100x500<\/td>\n<\/tr>\n<tr class=\"row-3\">\n\t<td class=\"column-1\">\u00c4u\u00dfere Gr\u00f6\u00dfe BxHxT (mm)<\/td><td class=\"column-2\">1300x1480x550<\/td>\n<\/tr>\n<tr class=\"row-4\">\n\t<td class=\"column-1\">Temperaturbereich der Strahlung<\/td><td class=\"column-2\">RT+10\u2103~70\u2103<\/td>\n<\/tr>\n<tr class=\"row-5\">\n\t<td class=\"column-1\">Temperaturbereich der Kondensation<\/td><td class=\"column-2\">RT~60\u2103<\/td>\n<\/tr>\n<tr class=\"row-6\">\n\t<td class=\"column-1\">Luftfeuchtigkeit Bereich<\/td><td class=\"column-2\">Kondensationszyklus\u226585%RH; Strahlungszyklus <75%RH<\/td>\n<\/tr>\n<tr class=\"row-7\">\n\t<td class=\"column-1\">Test-Lichtquelle<\/td><td class=\"column-2\">UV-A oder UV-B<\/td>\n<\/tr>\n<tr class=\"row-8\">\n\t<td class=\"column-1\">Spezifikationen der Testlichtquelle<\/td><td class=\"column-2\">UV-A: Wellenl\u00e4ngenbereich 300~400nm, Wellenh\u00f6chstwert 340nm,<br \/>\nUV-B: Wellenl\u00e4ngenbereich 275~375nm, Wellenh\u00f6chstwert 313nm;<br \/>\n<br \/>\nLebensdauer der Lampe 1600h<\/td>\n<\/tr>\n<tr class=\"row-9\">\n\t<td class=\"column-1\">Strahlungsintensit\u00e4t<\/td><td class=\"column-2\">0,3~1,1W\/m2 (313nm); 0,3~1,2W\/m2 (340nm);<\/td>\n<\/tr>\n<tr class=\"row-10\">\n\t<td class=\"column-1\">Wasser-Spr\u00fchdruck<\/td><td class=\"column-2\">30 ~ 200Kpa<\/td>\n<\/tr>\n<tr class=\"row-11\">\n\t<td class=\"column-1\">Spezifikation der Spr\u00fchd\u00fcse<\/td><td class=\"column-2\">D\u00fcsendurchmesser 0,8mm, Spr\u00fchwinkel 60\u00b0, Spr\u00fchmenge einstellbar<\/td>\n<\/tr>\n<tr class=\"row-12\">\n\t<td class=\"column-1\">Heizung Luftbefeuchter<\/td><td class=\"column-2\">Elektrischer Heizdampf erzeugt W\u00e4rme und befeuchtet.<\/td>\n<\/tr>\n<tr class=\"row-13\">\n\t<td class=\"column-1\">Kontrollsystem<\/td><td class=\"column-2\">Benutzeroberfl\u00e4che: Digitale intelligente Soft-Touch-Eingabe (programmierbare Steuerung)<br \/>\nLaufende Methode: Programmierbare Steuerung\/Konstantlauf<br \/>\n<br \/>\nEinstellbereich: Wie Temperaturbereich<br \/>\n<br \/>\nEingabe: Blackboard-Temperaturmesser, PT-100-Sensor<br \/>\n<br \/>\nUntergeordnete Funktion: Oberer\/unterer Grenzwertalarm, Alarmanzeige, Timerfunktion<\/td>\n<\/tr>\n<tr class=\"row-14\">\n\t<td class=\"column-1\">Sicherheitsmerkmale<\/td><td class=\"column-2\">Schutz vor Erdschluss, \u00dcberlastung des Stromkreises, Kurzschlussschutz, Schutz vor \u00dcberhitzung der Kammer, Wassermangelalarm<\/td>\n<\/tr>\n<\/tbody>\n<\/table>\n<!-- #tablepress-13 from cache -->\n\t\t\t<\/div>\n\t\n\t<div id=\"gap-1864541275\" class=\"gap-element clearfix\" style=\"display:block; height:auto;\">\n\t\t\n<style>\n#gap-1864541275 {\n  padding-top: 20px;\n}\n<\/style>\n\t<\/div>\n\t\n<h4 style=\"text-align: center;\"><span style=\"color: #282828; font-size: 110%;\">Angebot einholen<\/span><\/h4>\n\n<div class=\"wpcf7 no-js\" id=\"wpcf7-f280-o1\" lang=\"en-US\" dir=\"ltr\" data-wpcf7-id=\"280\">\n<div class=\"screen-reader-response\"><p role=\"status\" aria-live=\"polite\" aria-atomic=\"true\"><\/p> <ul><\/ul><\/div>\n<form action=\"\/de\/wp-json\/wp\/v2\/product\/1848#wpcf7-f280-o1\" method=\"post\" class=\"wpcf7-form init\" aria-label=\"Contact form\" novalidate=\"novalidate\" data-status=\"init\" data-trp-original-action=\"\/de\/wp-json\/wp\/v2\/product\/1848#wpcf7-f280-o1\">\n<fieldset class=\"hidden-fields-container\"><input type=\"hidden\" name=\"_wpcf7\" value=\"280\" \/><input type=\"hidden\" name=\"_wpcf7_version\" value=\"6.1.2\" \/><input type=\"hidden\" name=\"_wpcf7_locale\" value=\"en_US\" \/><input type=\"hidden\" name=\"_wpcf7_unit_tag\" value=\"wpcf7-f280-o1\" \/><input type=\"hidden\" name=\"_wpcf7_container_post\" value=\"0\" \/><input type=\"hidden\" name=\"_wpcf7_posted_data_hash\" value=\"\" \/>\n<\/fieldset>\n<div class='custom_contact_style'>\n\t<div class=\"row row-small\">\n\t\t<div class=\"col medium-6 small-12 large-6\">\n\t\t\t<div class=\"col-inner\">\n\t\t\t\t<p><span class=\"wpcf7-form-control-wrap\" data-name=\"your-name\"><input size=\"40\" maxlength=\"400\" class=\"wpcf7-form-control wpcf7-text wpcf7-validates-as-required\" aria-required=\"true\" aria-invalid=\"false\" placeholder=\"Name*\" value=\"\" type=\"text\" name=\"your-name\" \/><\/span>\n\t\t\t\t<\/p>\n\t\t\t<\/div>\n\t\t<\/div>\n\t\t<div class=\"col medium-6 small-12 large-6\">\n\t\t\t<div class=\"col-inner\">\n\t\t\t\t<p><span class=\"wpcf7-form-control-wrap\" data-name=\"your-email\"><input size=\"40\" maxlength=\"400\" class=\"wpcf7-form-control wpcf7-email wpcf7-validates-as-required wpcf7-text wpcf7-validates-as-email\" aria-required=\"true\" aria-invalid=\"false\" placeholder=\"E-Mail*\" value=\"\" type=\"email\" name=\"your-email\" \/><\/span>\n\t\t\t\t<\/p>\n\t\t\t<\/div>\n\t\t<\/div>\n\t<\/div>\n\t<div class='cus_contact_form_bottom'>\n\t\t<p><span class=\"wpcf7-form-control-wrap\" data-name=\"your-phone\"><input size=\"40\" maxlength=\"400\" class=\"wpcf7-form-control wpcf7-text\" aria-invalid=\"false\" placeholder=\"Telefon\" value=\"\" type=\"text\" name=\"your-phone\" \/><\/span>\n\t\t<\/p>\n\t<\/div>\n\t<div class='cus_contact_form_bottom'>\n\t\t<p><span class=\"wpcf7-form-control-wrap\" data-name=\"your-country\"><input size=\"40\" maxlength=\"400\" class=\"wpcf7-form-control wpcf7-text\" aria-invalid=\"false\" placeholder=\"Land\" value=\"\" type=\"text\" name=\"your-country\" \/><\/span>\n\t\t<\/p>\n\t<\/div>\n\t<p><span class=\"wpcf7-form-control-wrap\" data-name=\"your-message\"><textarea cols=\"40\" rows=\"10\" maxlength=\"2000\" class=\"wpcf7-form-control wpcf7-textarea wpcf7-validates-as-required\" aria-required=\"true\" aria-invalid=\"false\" placeholder=\"Ihre Nachricht *\" name=\"your-message\"><\/textarea><\/span>\n\t<\/p>\n\t<div style=\"margin-bottom:10px;\">\n\t\t<p><span class=\"wpcf7-form-control-wrap kc_captcha cf7ic-toggle\" data-name=\"kc_captcha\"><span class=\"wpcf7-form-control wpcf7-radio\"><span class=\"captcha-image\" style=\"display: none;\"><span class=\"cf7ic_instructions\">Please prove you are human by selecting the<span> cup<\/span>.<\/span><label><input aria-label=\"1\" type=\"radio\" name=\"kc_captcha\" value=\"kc_human\" \/><svg aria-hidden=\"true\" role=\"img\" xmlns=\"http:\/\/www.w3.org\/2000\/svg\" viewbox=\"0 0 640 512\"><path fill=\"currentColor\" d=\"M192 384h192c53 0 96-43 96-96h32a128 128 0 000-256H120c-13 0-24 11-24 24v232c0 53 43 96 96 96zM512 96a64 64 0 010 128h-32V96h32zm48 384H48c-47 0-61-64-36-64h584c25 0 11 64-36 64z\"\/><\/svg><\/label><label><input aria-label=\"2\" type=\"radio\" name=\"kc_captcha\" value=\"bot\" \/><svg aria-hidden=\"true\" role=\"img\" xmlns=\"http:\/\/www.w3.org\/2000\/svg\" viewbox=\"0 0 640 512\"><path fill=\"currentColor\" d=\"M624 352h-16V244c0-13-5-25-14-34L494 110c-9-9-21-14-34-14h-44V48c0-26-21-48-48-48H48C22 0 0 22 0 48v320c0 27 22 48 48 48h16a96 96 0 00192 0h128a96 96 0 00192 0h48c9 0 16-7 16-16v-32c0-9-7-16-16-16zM160 464a48 48 0 110-96 48 48 0 010 96zm320 0a48 48 0 110-96 48 48 0 010 96zm80-208H416V144h44l100 100v12z\"\/><\/svg><\/label><label><input aria-label=\"3\" type=\"radio\" name=\"kc_captcha\" value=\"bot\" \/><svg aria-hidden=\"true\" role=\"img\" xmlns=\"http:\/\/www.w3.org\/2000\/svg\" viewbox=\"0 0 576 512\"><path fill=\"currentColor\" d=\"M472 200H360L256 6a12 12 0 00-10-6h-58c-8 0-14 7-12 15l34 185H100l-35-58a12 12 0 00-10-6H12c-8 0-13 7-12 14l21 106L0 362c-1 7 4 14 12 14h43c4 0 8-2 10-6l35-58h110l-34 185c-2 8 4 15 12 15h58a12 12 0 0010-6l104-194h112c57 0 104-25 104-56s-47-56-104-56z\"\/><\/svg><\/label>\r\n    <\/span>\r\n    <span style=\"display:none\">\r\n        <input type=\"text\" name=\"kc_honeypot\">\r\n    <\/span><\/span><\/span>\n\t\t<\/p>\n\t<\/div>\n\t<p><input class=\"wpcf7-form-control wpcf7-submit has-spinner\" type=\"submit\" value=\"Nachricht senden\" \/>\n\t<\/p>\n<\/div><div class=\"wpcf7-response-output\" aria-hidden=\"true\"><\/div>\n<input type=\"hidden\" name=\"trp-form-language\" value=\"de\"\/><\/form>\n<\/div>\n\n\t<div id=\"gap-841904878\" class=\"gap-element clearfix\" style=\"display:block; height:auto;\">\n\t\t\n<style>\n#gap-841904878 {\n  padding-top: 30px;\n}\n<\/style>\n\t<\/div>\n\t\n<p><em><span style=\"color: #282828;\">Zur\u00fcck zu <a href=\"https:\/\/gaattestequipment.com\/de\/\">Startseite&gt;&gt;&gt;<\/a><\/span><\/em><\/p>","protected":false},"excerpt":{"rendered":"<p><span style=\"color: #282828;\">UV-Licht-Testkammer wurde entwickelt, um die Auswirkungen von ultraviolettem Licht auf Materialien zu simulieren. In dieser Kammer kann kontrolliert getestet werden, wie verschiedene Materialien, darunter Kunststoffe, Beschichtungen und Textilien, auf eine l\u00e4ngere UV-Bestrahlung reagieren, was f\u00fcr die Vorhersage der Produktleistung und Langlebigkeit unter realen Bedingungen entscheidend ist. Dank der pr\u00e4zisen Kontrolle von UV-Intensit\u00e4t, Temperatur und Luftfeuchtigkeit bietet die UV-Licht-Testkammer eine zuverl\u00e4ssige und beschleunigte Methode zur Bewertung des Alterungsprozesses von Materialien unter simulierten Sonnenlichtbedingungen.<\/span><\/p>","protected":false},"featured_media":1849,"comment_status":"open","ping_status":"closed","template":"","meta":[],"product_brand":[],"product_cat":[40],"product_tag":[],"class_list":{"0":"post-1848","1":"product","2":"type-product","3":"status-publish","4":"has-post-thumbnail","6":"product_cat-uv-accelerated-weathering-tester","8":"first","9":"instock","10":"shipping-taxable","11":"product-type-simple"},"yoast_head":"<!-- This site is optimized with the Yoast SEO plugin v26.0 - https:\/\/yoast.com\/wordpress\/plugins\/seo\/ -->\n<title>UV Light Test Chamber - GAAT<\/title>\n<meta name=\"description\" content=\"UV Light Test Chamber of high quality. We provide fast delivery, reasonable price and after-sales service for you. Welcome to contact us!\" \/>\n<meta name=\"robots\" content=\"index, follow, max-snippet:-1, max-image-preview:large, max-video-preview:-1\" \/>\n<link rel=\"canonical\" href=\"https:\/\/gaattestequipment.com\/de\/manufacturer\/uv-light-test-chamber\/\" \/>\n<meta property=\"og:locale\" content=\"de_DE\" \/>\n<meta property=\"og:type\" content=\"article\" \/>\n<meta property=\"og:title\" content=\"UV Light Test Chamber - GAAT\" \/>\n<meta property=\"og:description\" content=\"UV Light Test Chamber of high quality. We provide fast delivery, reasonable price and after-sales service for you. Welcome to contact us!\" \/>\n<meta property=\"og:url\" content=\"https:\/\/gaattestequipment.com\/de\/manufacturer\/uv-light-test-chamber\/\" \/>\n<meta property=\"og:site_name\" content=\"GAAT\" \/>\n<meta property=\"article:modified_time\" content=\"2025-01-17T06:45:20+00:00\" \/>\n<meta property=\"og:image\" content=\"https:\/\/gaattestequipment.com\/wp-content\/uploads\/2024\/11\/UV-Light-Test-Chamber.png\" \/>\n\t<meta property=\"og:image:width\" content=\"800\" \/>\n\t<meta property=\"og:image:height\" content=\"800\" \/>\n\t<meta property=\"og:image:type\" content=\"image\/png\" \/>\n<meta name=\"twitter:card\" content=\"summary_large_image\" \/>\n<meta name=\"twitter:label1\" content=\"Gesch\u00e4tzte Lesezeit\" \/>\n\t<meta name=\"twitter:data1\" content=\"1\u00a0Minute\" \/>\n<script type=\"application\/ld+json\" class=\"yoast-schema-graph\">{\"@context\":\"https:\/\/schema.org\",\"@graph\":[{\"@type\":\"WebPage\",\"@id\":\"https:\/\/gaattestequipment.com\/manufacturer\/uv-light-test-chamber\/\",\"url\":\"https:\/\/gaattestequipment.com\/manufacturer\/uv-light-test-chamber\/\",\"name\":\"UV Light Test Chamber - GAAT\",\"isPartOf\":{\"@id\":\"https:\/\/mistyrose-dunlin-619425.hostingersite.com\/#website\"},\"primaryImageOfPage\":{\"@id\":\"https:\/\/gaattestequipment.com\/manufacturer\/uv-light-test-chamber\/#primaryimage\"},\"image\":{\"@id\":\"https:\/\/gaattestequipment.com\/manufacturer\/uv-light-test-chamber\/#primaryimage\"},\"thumbnailUrl\":\"https:\/\/gaattestequipment.com\/wp-content\/uploads\/2024\/11\/UV-Light-Test-Chamber.png\",\"datePublished\":\"2024-11-13T02:57:49+00:00\",\"dateModified\":\"2025-01-17T06:45:20+00:00\",\"description\":\"UV Light Test Chamber of high quality. We provide fast delivery, reasonable price and after-sales service for you. Welcome to contact us!\",\"breadcrumb\":{\"@id\":\"https:\/\/gaattestequipment.com\/manufacturer\/uv-light-test-chamber\/#breadcrumb\"},\"inLanguage\":\"de\",\"potentialAction\":[{\"@type\":\"ReadAction\",\"target\":[\"https:\/\/gaattestequipment.com\/manufacturer\/uv-light-test-chamber\/\"]}]},{\"@type\":\"ImageObject\",\"inLanguage\":\"de\",\"@id\":\"https:\/\/gaattestequipment.com\/manufacturer\/uv-light-test-chamber\/#primaryimage\",\"url\":\"https:\/\/gaattestequipment.com\/wp-content\/uploads\/2024\/11\/UV-Light-Test-Chamber.png\",\"contentUrl\":\"https:\/\/gaattestequipment.com\/wp-content\/uploads\/2024\/11\/UV-Light-Test-Chamber.png\",\"width\":800,\"height\":800,\"caption\":\"uv light test chamber\"},{\"@type\":\"BreadcrumbList\",\"@id\":\"https:\/\/gaattestequipment.com\/manufacturer\/uv-light-test-chamber\/#breadcrumb\",\"itemListElement\":[{\"@type\":\"ListItem\",\"position\":1,\"name\":\"Home\",\"item\":\"https:\/\/mistyrose-dunlin-619425.hostingersite.com\/\"},{\"@type\":\"ListItem\",\"position\":2,\"name\":\"Products\",\"item\":\"https:\/\/gaattestequipment.com\/shop\/\"},{\"@type\":\"ListItem\",\"position\":3,\"name\":\"UV Light Test Chamber\"}]},{\"@type\":\"WebSite\",\"@id\":\"https:\/\/mistyrose-dunlin-619425.hostingersite.com\/#website\",\"url\":\"https:\/\/mistyrose-dunlin-619425.hostingersite.com\/\",\"name\":\"GAAT\",\"description\":\"Manufacturer of environmental and reliability testing instruments\",\"potentialAction\":[{\"@type\":\"SearchAction\",\"target\":{\"@type\":\"EntryPoint\",\"urlTemplate\":\"https:\/\/mistyrose-dunlin-619425.hostingersite.com\/?s={search_term_string}\"},\"query-input\":{\"@type\":\"PropertyValueSpecification\",\"valueRequired\":true,\"valueName\":\"search_term_string\"}}],\"inLanguage\":\"de\"}]}<\/script>\n<!-- \/ Yoast SEO plugin. -->","yoast_head_json":{"title":"UV-Licht-Testkammer - GAAT","description":"UV-Licht-Testkammer von hoher Qualit\u00e4t. Wir bieten Ihnen eine schnelle Lieferung, einen g\u00fcnstigen Preis und einen guten Kundendienst. Nehmen Sie Kontakt mit uns auf!","robots":{"index":"index","follow":"follow","max-snippet":"max-snippet:-1","max-image-preview":"max-image-preview:large","max-video-preview":"max-video-preview:-1"},"canonical":"https:\/\/gaattestequipment.com\/de\/manufacturer\/uv-light-test-chamber\/","og_locale":"de_DE","og_type":"article","og_title":"UV Light Test Chamber - GAAT","og_description":"UV Light Test Chamber of high quality. We provide fast delivery, reasonable price and after-sales service for you. Welcome to contact us!","og_url":"https:\/\/gaattestequipment.com\/de\/manufacturer\/uv-light-test-chamber\/","og_site_name":"GAAT","article_modified_time":"2025-01-17T06:45:20+00:00","og_image":[{"width":800,"height":800,"url":"https:\/\/gaattestequipment.com\/wp-content\/uploads\/2024\/11\/UV-Light-Test-Chamber.png","type":"image\/png"}],"twitter_card":"summary_large_image","twitter_misc":{"Gesch\u00e4tzte Lesezeit":"1\u00a0Minute"},"schema":{"@context":"https:\/\/schema.org","@graph":[{"@type":"WebPage","@id":"https:\/\/gaattestequipment.com\/manufacturer\/uv-light-test-chamber\/","url":"https:\/\/gaattestequipment.com\/manufacturer\/uv-light-test-chamber\/","name":"UV-Licht-Testkammer - GAAT","isPartOf":{"@id":"https:\/\/mistyrose-dunlin-619425.hostingersite.com\/#website"},"primaryImageOfPage":{"@id":"https:\/\/gaattestequipment.com\/manufacturer\/uv-light-test-chamber\/#primaryimage"},"image":{"@id":"https:\/\/gaattestequipment.com\/manufacturer\/uv-light-test-chamber\/#primaryimage"},"thumbnailUrl":"https:\/\/gaattestequipment.com\/wp-content\/uploads\/2024\/11\/UV-Light-Test-Chamber.png","datePublished":"2024-11-13T02:57:49+00:00","dateModified":"2025-01-17T06:45:20+00:00","description":"UV-Licht-Testkammer von hoher Qualit\u00e4t. Wir bieten Ihnen eine schnelle Lieferung, einen g\u00fcnstigen Preis und einen guten Kundendienst. Nehmen Sie Kontakt mit uns auf!","breadcrumb":{"@id":"https:\/\/gaattestequipment.com\/manufacturer\/uv-light-test-chamber\/#breadcrumb"},"inLanguage":"de","potentialAction":[{"@type":"ReadAction","target":["https:\/\/gaattestequipment.com\/manufacturer\/uv-light-test-chamber\/"]}]},{"@type":"ImageObject","inLanguage":"de","@id":"https:\/\/gaattestequipment.com\/manufacturer\/uv-light-test-chamber\/#primaryimage","url":"https:\/\/gaattestequipment.com\/wp-content\/uploads\/2024\/11\/UV-Light-Test-Chamber.png","contentUrl":"https:\/\/gaattestequipment.com\/wp-content\/uploads\/2024\/11\/UV-Light-Test-Chamber.png","width":800,"height":800,"caption":"uv light test chamber"},{"@type":"BreadcrumbList","@id":"https:\/\/gaattestequipment.com\/manufacturer\/uv-light-test-chamber\/#breadcrumb","itemListElement":[{"@type":"ListItem","position":1,"name":"Home","item":"https:\/\/mistyrose-dunlin-619425.hostingersite.com\/"},{"@type":"ListItem","position":2,"name":"Products","item":"https:\/\/gaattestequipment.com\/shop\/"},{"@type":"ListItem","position":3,"name":"UV Light Test Chamber"}]},{"@type":"WebSite","@id":"https:\/\/mistyrose-dunlin-619425.hostingersite.com\/#website","url":"https:\/\/mistyrose-dunlin-619425.hostingersite.com\/","name":"GAAT","description":"Hersteller von Umwelt- und Zuverl\u00e4ssigkeitspr\u00fcfger\u00e4ten","potentialAction":[{"@type":"SearchAction","target":{"@type":"EntryPoint","urlTemplate":"https:\/\/mistyrose-dunlin-619425.hostingersite.com\/?s={search_term_string}"},"query-input":{"@type":"PropertyValueSpecification","valueRequired":true,"valueName":"search_term_string"}}],"inLanguage":"de"}]}},"_links":{"self":[{"href":"https:\/\/gaattestequipment.com\/de\/wp-json\/wp\/v2\/product\/1848","targetHints":{"allow":["GET"]}}],"collection":[{"href":"https:\/\/gaattestequipment.com\/de\/wp-json\/wp\/v2\/product"}],"about":[{"href":"https:\/\/gaattestequipment.com\/de\/wp-json\/wp\/v2\/types\/product"}],"replies":[{"embeddable":true,"href":"https:\/\/gaattestequipment.com\/de\/wp-json\/wp\/v2\/comments?post=1848"}],"wp:featuredmedia":[{"embeddable":true,"href":"https:\/\/gaattestequipment.com\/de\/wp-json\/wp\/v2\/media\/1849"}],"wp:attachment":[{"href":"https:\/\/gaattestequipment.com\/de\/wp-json\/wp\/v2\/media?parent=1848"}],"wp:term":[{"taxonomy":"product_brand","embeddable":true,"href":"https:\/\/gaattestequipment.com\/de\/wp-json\/wp\/v2\/product_brand?post=1848"},{"taxonomy":"product_cat","embeddable":true,"href":"https:\/\/gaattestequipment.com\/de\/wp-json\/wp\/v2\/product_cat?post=1848"},{"taxonomy":"product_tag","embeddable":true,"href":"https:\/\/gaattestequipment.com\/de\/wp-json\/wp\/v2\/product_tag?post=1848"}],"curies":[{"name":"wp","href":"https:\/\/api.w.org\/{rel}","templated":true}]}}