{"id":1835,"date":"2024-11-13T01:49:40","date_gmt":"2024-11-13T01:49:40","guid":{"rendered":"https:\/\/gaattestequipment.com\/?post_type=product&#038;p=1835"},"modified":"2025-01-17T06:56:34","modified_gmt":"2025-01-17T06:56:34","slug":"salt-spray-test-chamber-titanium-type","status":"publish","type":"product","link":"https:\/\/gaattestequipment.com\/de\/manufacturer\/salt-spray-test-chamber-titanium-type\/","title":{"rendered":"Salzspr\u00fchkammer Titanium Typ"},"content":{"rendered":"<h3><span style=\"color: #282828;\"><strong><b>Merkmale der Salzspr\u00fchnebel-Testkammer:<\/b><\/strong><\/span><\/h3>\n<ul>\n<li><span style=\"color: #282828;\">Das Titanmaterial der Salzspr\u00fchnebel-Testkammer ist korrosionsbest\u00e4ndiger und langlebiger<\/span><\/li>\n<li><span style=\"color: #282828;\">2 Jahre Garantie<\/span><\/li>\n<li><span style=\"color: #282828;\">Internationale Markenkomponenten<\/span><\/li>\n<li><span style=\"color: #282828;\">Mehrfacher \u00dcberhitzungsschutz<\/span><\/li>\n<li><span style=\"color: #282828;\">Umfassende Optionen f\u00fcr verschiedene Gr\u00f6\u00dfen und die M\u00f6glichkeit, gro\u00dfvolumige Kammern herzustellen<\/span><\/li>\n<\/ul>\n<div class=\"is-divider divider clearfix\" style=\"max-width:medium;\"><\/div>\n\t<div id=\"gap-1837849181\" class=\"gap-element clearfix\" style=\"display:block; height:auto;\">\n\t\t\n<style>\n#gap-1837849181 {\n  padding-top: 15px;\n}\n<\/style>\n\t<\/div>\n\t\n<h3><span style=\"color: #282828;\"><strong><b>Anwendung<\/b><\/strong><\/span><span style=\"color: #282828;\"><strong><b>:<\/b><\/strong><\/span><\/h3>\n<p><span style=\"color: #282828;\">Salzspr\u00fchkammern werden in verschiedenen Industriezweigen f\u00fcr die Qualit\u00e4tskontrolle und -sicherung eingesetzt. Sie sind besonders wichtig in der Automobil-, Luft- und Raumfahrt-, Elektronik- und Schifffahrtsindustrie, wo die Produkte rauen Umweltbedingungen ausgesetzt sind.<\/span><\/p>\n<div class=\"is-divider divider clearfix\" style=\"max-width:medium;\"><\/div>\n\t<div id=\"gap-1822472820\" class=\"gap-element clearfix\" style=\"display:block; height:auto;\">\n\t\t\n<style>\n#gap-1822472820 {\n  padding-top: 15px;\n}\n<\/style>\n\t<\/div>\n\t\n<h4><span style=\"color: #282828; font-size: 105%;\"><strong><b class=\"lazyloaded\">Testen Sie\u00a0<\/b><\/strong><strong><b>S<\/b><\/strong><strong><b>tandards:<\/b><\/strong><\/span><\/h4>\n<p><span style=\"color: #282828;\">ISO 4611, ISO 7253, ISO 9227, ASTM B 117, ASTM B368, ASTM B 380, ASTM G85-11, ASTM D 1735, DIN 50021<\/span><\/p>\n<div class=\"is-divider divider clearfix\" style=\"max-width:medium;\"><\/div>\n\t<div id=\"text-2219037201\" class=\"text show-for-small\">\n\t\t\n<h4><span style=\"color: #282828;\"><strong><b>Technische Parameter<\/b><\/strong><\/span><\/h4>\n\n<table id=\"tablepress-21\" class=\"tablepress tablepress-id-21 tbody-has-connected-cells\">\n<tbody class=\"row-striping row-hover\">\n<tr class=\"row-1\">\n\t<td class=\"column-1\">Modell<\/td><td colspan=\"2\" class=\"column-2\">SZ-1000CTP\u3001SZ-1600CTP\u3001SZ-2000CTP<\/td>\n<\/tr>\n<tr class=\"row-2\">\n\t<td class=\"column-1\">Innengr\u00f6\u00dfe BxHxT (mm)<\/td><td colspan=\"2\" class=\"column-2\">1200x800x1000\u30011600x800x1000\u30012000x800x1000<\/td>\n<\/tr>\n<tr class=\"row-3\">\n\t<td class=\"column-1\">\u00c4u\u00dfere Gr\u00f6\u00dfe BxHxT (mm)<\/td><td colspan=\"2\" class=\"column-2\">1900x1600x1200\u30012300x1600x1200\u30012650x1600x1200<\/td>\n<\/tr>\n<tr class=\"row-4\">\n\t<td class=\"column-1\">Kapazit\u00e4t der Testzone (ohne V-f\u00f6rmige Abdeckung)<\/td><td colspan=\"2\" class=\"column-2\">960L\u30011280L\u30011600L<\/td>\n<\/tr>\n<tr class=\"row-5\">\n\t<td class=\"column-1\">Kapazit\u00e4t des Salzl\u00f6sungstanks<\/td><td colspan=\"2\" class=\"column-2\">300L, extern, beweglich<\/td>\n<\/tr>\n<tr class=\"row-6\">\n\t<td class=\"column-1\">Material der Innenkammer\t<\/td><td colspan=\"2\" class=\"column-2\">Platte aus Reintitan<\/td>\n<\/tr>\n<tr class=\"row-7\">\n\t<td class=\"column-1\">Methode zum \u00d6ffnen der Abdeckung<\/td><td colspan=\"2\" class=\"column-2\">Pneumatisch<\/td>\n<\/tr>\n<tr class=\"row-8\">\n\t<td class=\"column-1\">Temperaturbereich<\/td><td colspan=\"2\" class=\"column-2\">Testzone: RT\uff5e60\u2103 Befeuchtungsturm: RT\uff5e70\u2103<\/td>\n<\/tr>\n<tr class=\"row-9\">\n\t<td class=\"column-1\">Genauigkeit der Temperaturkontrolle<\/td><td colspan=\"2\" class=\"column-2\">Temperaturschwankung\uff1a\u2264 \u00b10,5\u2103<br \/>\nTemperaturgleichm\u00e4\u00dfigkeit\uff1a\u2264 \u00b12\u2103<br \/>\nTemperaturabweichung der Testzone\uff1a\u00b11.0\u2103<\/td>\n<\/tr>\n<tr class=\"row-10\">\n\t<td class=\"column-1\">Spray Volumen<\/td><td colspan=\"2\" class=\"column-2\">1,0~2,0ml\/80cm2\/h<\/td>\n<\/tr>\n<tr class=\"row-11\">\n\t<td class=\"column-1\">Spray Methode<\/td><td colspan=\"2\" class=\"column-2\">Dauerspr\u00fchen, zyklisches Spr\u00fchen und programmierbares Spr\u00fchen.<\/td>\n<\/tr>\n<tr class=\"row-12\">\n\t<td class=\"column-1\">Standard-Konfiguration<\/td><td colspan=\"2\" class=\"column-2\">Benutzerfreundlicher Touchscreen-Controller mit Fernsteuerungs- und \u00dcberwachungssoftware<br \/>\nFixierbare und bewegliche Rollen mit Nivellierfunktion.<br \/>\nTest-Bullauge 1St\u00fcck \u03c650\/100\/200mm.<br \/>\nV-f\u00f6rmiger Probenhalter, O-f\u00f6rmiges Probenrack und schwer beladene untere Probenplatte.<br \/>\nDreifarbige Turmleuchte mit Summer zur Anzeige des Betriebsstatus des Ofens.<\/td>\n<\/tr>\n<tr class=\"row-13\">\n\t<td class=\"column-1\">Sicherheitsmerkmale<\/td><td colspan=\"2\" class=\"column-2\">\u00dcbertemperaturschutz f\u00fcr die Pr\u00fcfkammer und den Druckzylinder, Schutz vor Wasserleckagen f\u00fcr die Pr\u00fcfkammer und den Druckzylinder, Trockenbrandschutz f\u00fcr die Heizung, Alarm bei abnormaler Wasserversorgung, Alarm bei abnormaler Wasserableitung, Schutz vor Erdschluss, \u00dcberlast- und Kurzschlussschutz.<\/td>\n<\/tr>\n<\/tbody>\n<\/table>\n<!-- #tablepress-21 from cache -->\n\t\t\t<\/div>\n\t\n\t<div id=\"gap-1878188574\" class=\"gap-element clearfix\" style=\"display:block; height:auto;\">\n\t\t\n<style>\n#gap-1878188574 {\n  padding-top: 15px;\n}\n<\/style>\n\t<\/div>\n\t\n\t<div id=\"text-654824466\" class=\"text hide-for-small\">\n\t\t\n<h4><span style=\"color: #282828; font-size: 110%;\"><strong><b>Technische Parameter<\/b><\/strong><\/span><\/h4>\n\n<table id=\"tablepress-10\" class=\"tablepress tablepress-id-10 tbody-has-connected-cells\">\n<tbody class=\"row-striping row-hover\">\n<tr class=\"row-1\">\n\t<td class=\"column-1\">Modell<\/td><td class=\"column-2\">SZ-1000CTP<\/td><td class=\"column-3\">SZ-1600CTP<\/td><td class=\"column-4\">SZ-2000CTP<\/td>\n<\/tr>\n<tr class=\"row-2\">\n\t<td class=\"column-1\">Innengr\u00f6\u00dfe BxHxT (mm)\t<\/td><td class=\"column-2\">1200x800x1000\t<\/td><td class=\"column-3\">1600x800x1000<\/td><td class=\"column-4\">2000x800x1000<\/td>\n<\/tr>\n<tr class=\"row-3\">\n\t<td class=\"column-1\">\u00c4u\u00dfere Gr\u00f6\u00dfe BxHxT (mm)\t<\/td><td class=\"column-2\">1900x1600x1200<\/td><td class=\"column-3\">2300x1600x1200<\/td><td class=\"column-4\">2650x1600x1200<\/td>\n<\/tr>\n<tr class=\"row-4\">\n\t<td class=\"column-1\">Kapazit\u00e4t der Testzone (ohne V-f\u00f6rmige Abdeckung)<\/td><td class=\"column-2\">960L\t<\/td><td class=\"column-3\">1280L<\/td><td class=\"column-4\">1600L<\/td>\n<\/tr>\n<tr class=\"row-5\">\n\t<td class=\"column-1\">Kapazit\u00e4t des Salzl\u00f6sungstanks\t<\/td><td colspan=\"3\" class=\"column-2\">300L, extern, beweglich<\/td>\n<\/tr>\n<tr class=\"row-6\">\n\t<td class=\"column-1\">Material der Innenkammer<\/td><td colspan=\"3\" class=\"column-2\">Platte aus Reintitan<\/td>\n<\/tr>\n<tr class=\"row-7\">\n\t<td class=\"column-1\">Methode zum \u00d6ffnen der Abdeckung<\/td><td colspan=\"3\" class=\"column-2\">Pneumatisch<\/td>\n<\/tr>\n<tr class=\"row-8\">\n\t<td class=\"column-1\">Temperaturbereich<\/td><td colspan=\"3\" class=\"column-2\">Testzone: RT\uff5e60\u2103 Befeuchtungsturm: RT\uff5e70\u2103<\/td>\n<\/tr>\n<tr class=\"row-9\">\n\t<td class=\"column-1\">Genauigkeit der Temperaturkontrolle<\/td><td colspan=\"3\" class=\"column-2\">Temperaturschwankung\uff1a\u2264 \u00b10,5\u2103<br \/>\nTemperaturgleichm\u00e4\u00dfigkeit\uff1a\u2264 \u00b12\u2103<br \/>\n<br \/>\nTemperaturabweichung der Testzone\uff1a\u00b11.0\u2103<\/td>\n<\/tr>\n<tr class=\"row-10\">\n\t<td class=\"column-1\">Spray Methode<\/td><td colspan=\"3\" class=\"column-2\">Dauerspr\u00fchen, zyklisches Spr\u00fchen und programmierbares Spr\u00fchen.<\/td>\n<\/tr>\n<tr class=\"row-11\">\n\t<td class=\"column-1\">Spray Volumen<\/td><td colspan=\"3\" class=\"column-2\">1,0~2,0ml\/80cm2\/h<\/td>\n<\/tr>\n<tr class=\"row-12\">\n\t<td class=\"column-1\">Standard-Konfiguration<\/td><td colspan=\"3\" class=\"column-2\">Benutzerfreundlicher Touchscreen-Controller mit Fernsteuerungs- und \u00dcberwachungssoftware<br \/>\nFixierbare und bewegliche Rollen mit Nivellierfunktion<br \/>\n<br \/>\nTest-Bullauge 1St\u00fcck \u03c650\/100\/200mm<br \/>\n<br \/>\nV-f\u00f6rmiger Probenhalter, O-f\u00f6rmiges Probenrack und schwer beladener Probenteller unten<br \/>\n<br \/>\nDreifarbige Turmleuchte mit Summer zur Anzeige des Ofenbetriebsstatus<\/td>\n<\/tr>\n<tr class=\"row-13\">\n\t<td class=\"column-1\">Optionen<\/td><td colspan=\"3\" class=\"column-2\">Luftkompressor<br \/>\nWasserentmineralisierer \/ Wasseraufbereiter<br \/>\n<br \/>\nExterner L\u00f6sungsbeh\u00e4lter mit R\u00fchrwerk<\/td>\n<\/tr>\n<tr class=\"row-14\">\n\t<td class=\"column-1\">Sicherheitsmerkmale<\/td><td colspan=\"3\" class=\"column-2\">\u00dcbertemperaturschutz f\u00fcr die Pr\u00fcfkammer und den Druckzylinder, Schutz vor Wasserleckagen f\u00fcr die Pr\u00fcfkammer und den Druckzylinder, Trockenbrandschutz f\u00fcr die Heizung, Alarm bei abnormaler Wasserversorgung, Alarm bei abnormaler Wasserableitung, Schutz vor Erdschluss, \u00dcberlast- und Kurzschlussschutz.<\/td>\n<\/tr>\n<\/tbody>\n<\/table>\n<!-- #tablepress-10 from cache -->\n\t\t\t<\/div>\n\t\n\t<div id=\"gap-817449804\" class=\"gap-element clearfix\" style=\"display:block; height:auto;\">\n\t\t\n<style>\n#gap-817449804 {\n  padding-top: 20px;\n}\n<\/style>\n\t<\/div>\n\t\n<h3 style=\"text-align: center;\"><span style=\"color: #282828;\">Angebot einholen<\/span><\/h3>\n\n<div class=\"wpcf7 no-js\" id=\"wpcf7-f280-o1\" lang=\"en-US\" dir=\"ltr\" data-wpcf7-id=\"280\">\n<div class=\"screen-reader-response\"><p role=\"status\" aria-live=\"polite\" aria-atomic=\"true\"><\/p> <ul><\/ul><\/div>\n<form action=\"\/de\/wp-json\/wp\/v2\/product\/1835#wpcf7-f280-o1\" method=\"post\" class=\"wpcf7-form init\" aria-label=\"Contact form\" novalidate=\"novalidate\" data-status=\"init\" data-trp-original-action=\"\/de\/wp-json\/wp\/v2\/product\/1835#wpcf7-f280-o1\">\n<fieldset class=\"hidden-fields-container\"><input type=\"hidden\" name=\"_wpcf7\" value=\"280\" \/><input type=\"hidden\" name=\"_wpcf7_version\" value=\"6.1.2\" \/><input type=\"hidden\" name=\"_wpcf7_locale\" value=\"en_US\" \/><input type=\"hidden\" name=\"_wpcf7_unit_tag\" value=\"wpcf7-f280-o1\" \/><input type=\"hidden\" name=\"_wpcf7_container_post\" value=\"0\" \/><input type=\"hidden\" name=\"_wpcf7_posted_data_hash\" value=\"\" \/>\n<\/fieldset>\n<div class='custom_contact_style'>\n\t<div class=\"row row-small\">\n\t\t<div class=\"col medium-6 small-12 large-6\">\n\t\t\t<div class=\"col-inner\">\n\t\t\t\t<p><span class=\"wpcf7-form-control-wrap\" data-name=\"your-name\"><input size=\"40\" maxlength=\"400\" class=\"wpcf7-form-control wpcf7-text wpcf7-validates-as-required\" aria-required=\"true\" aria-invalid=\"false\" placeholder=\"Name*\" value=\"\" type=\"text\" name=\"your-name\" \/><\/span>\n\t\t\t\t<\/p>\n\t\t\t<\/div>\n\t\t<\/div>\n\t\t<div class=\"col medium-6 small-12 large-6\">\n\t\t\t<div class=\"col-inner\">\n\t\t\t\t<p><span class=\"wpcf7-form-control-wrap\" data-name=\"your-email\"><input size=\"40\" maxlength=\"400\" class=\"wpcf7-form-control wpcf7-email wpcf7-validates-as-required wpcf7-text wpcf7-validates-as-email\" aria-required=\"true\" aria-invalid=\"false\" placeholder=\"E-Mail*\" value=\"\" type=\"email\" name=\"your-email\" \/><\/span>\n\t\t\t\t<\/p>\n\t\t\t<\/div>\n\t\t<\/div>\n\t<\/div>\n\t<div class='cus_contact_form_bottom'>\n\t\t<p><span class=\"wpcf7-form-control-wrap\" data-name=\"your-phone\"><input size=\"40\" maxlength=\"400\" class=\"wpcf7-form-control wpcf7-text\" aria-invalid=\"false\" placeholder=\"Telefon\" value=\"\" type=\"text\" name=\"your-phone\" \/><\/span>\n\t\t<\/p>\n\t<\/div>\n\t<div class='cus_contact_form_bottom'>\n\t\t<p><span class=\"wpcf7-form-control-wrap\" data-name=\"your-country\"><input size=\"40\" maxlength=\"400\" class=\"wpcf7-form-control wpcf7-text\" aria-invalid=\"false\" placeholder=\"Land\" value=\"\" type=\"text\" name=\"your-country\" \/><\/span>\n\t\t<\/p>\n\t<\/div>\n\t<p><span class=\"wpcf7-form-control-wrap\" data-name=\"your-message\"><textarea cols=\"40\" rows=\"10\" maxlength=\"2000\" class=\"wpcf7-form-control wpcf7-textarea wpcf7-validates-as-required\" aria-required=\"true\" aria-invalid=\"false\" placeholder=\"Ihre Nachricht *\" name=\"your-message\"><\/textarea><\/span>\n\t<\/p>\n\t<div style=\"margin-bottom:10px;\">\n\t\t<p><span class=\"wpcf7-form-control-wrap kc_captcha cf7ic-toggle\" data-name=\"kc_captcha\"><span class=\"wpcf7-form-control wpcf7-radio\"><span class=\"captcha-image\" style=\"display: none;\"><span class=\"cf7ic_instructions\">Please prove you are human by selecting the<span> cup<\/span>.<\/span><label><input aria-label=\"1\" type=\"radio\" name=\"kc_captcha\" value=\"bot\" \/><svg aria-hidden=\"true\" role=\"img\" xmlns=\"http:\/\/www.w3.org\/2000\/svg\" viewbox=\"0 0 576 512\"><path fill=\"currentColor\" d=\"M488 313v143c0 13-11 24-24 24H348c-7 0-12-5-12-12V356c0-7-5-12-12-12h-72c-7 0-12 5-12 12v112c0 7-5 12-12 12H112c-13 0-24-11-24-24V313c0-4 2-7 4-10l188-154c5-4 11-4 16 0l188 154c2 3 4 6 4 10zm84-61l-84-69V44c0-6-5-12-12-12h-56c-7 0-12 6-12 12v73l-89-74a48 48 0 00-61 0L4 252c-5 4-5 12-1 17l25 31c5 5 12 5 17 1l235-193c5-4 11-4 16 0l235 193c5 5 13 4 17-1l25-31c4-6 4-13-1-17z\"\/><\/svg><\/label><label><input aria-label=\"2\" type=\"radio\" name=\"kc_captcha\" value=\"kc_human\" \/><svg aria-hidden=\"true\" role=\"img\" xmlns=\"http:\/\/www.w3.org\/2000\/svg\" viewbox=\"0 0 640 512\"><path fill=\"currentColor\" d=\"M192 384h192c53 0 96-43 96-96h32a128 128 0 000-256H120c-13 0-24 11-24 24v232c0 53 43 96 96 96zM512 96a64 64 0 010 128h-32V96h32zm48 384H48c-47 0-61-64-36-64h584c25 0 11 64-36 64z\"\/><\/svg><\/label><label><input aria-label=\"3\" type=\"radio\" name=\"kc_captcha\" value=\"bot\" \/><svg aria-hidden=\"true\" role=\"img\" xmlns=\"http:\/\/www.w3.org\/2000\/svg\" viewbox=\"0 0 512 512\"><path fill=\"currentColor\" d=\"M512 176a176 176 0 01-209 173l-24 27a24 24 0 01-18 8h-37v40c0 13-11 24-24 24h-40v40c0 13-11 24-24 24H24c-13 0-24-11-24-24v-78c0-6 3-13 7-17l162-162a176 176 0 11343-55zm-176-48a48 48 0 1096 0 48 48 0 00-96 0z\"\/><\/svg><\/label>\r\n    <\/span>\r\n    <span style=\"display:none\">\r\n        <input type=\"text\" name=\"kc_honeypot\">\r\n    <\/span><\/span><\/span>\n\t\t<\/p>\n\t<\/div>\n\t<p><input class=\"wpcf7-form-control wpcf7-submit has-spinner\" type=\"submit\" value=\"Nachricht senden\" \/>\n\t<\/p>\n<\/div><div class=\"wpcf7-response-output\" aria-hidden=\"true\"><\/div>\n<input type=\"hidden\" name=\"trp-form-language\" value=\"de\"\/><\/form>\n<\/div>\n\n\t<div id=\"gap-1730472506\" class=\"gap-element clearfix\" style=\"display:block; height:auto;\">\n\t\t\n<style>\n#gap-1730472506 {\n  padding-top: 30px;\n}\n<\/style>\n\t<\/div>\n\t\n<p><a href=\"https:\/\/gaattestequipment.com\/de\/\"><em><span style=\"color: #282828;\">Zur\u00fcck zu Home&gt;&gt;&gt;<\/span><\/em><\/a><\/p>","protected":false},"excerpt":{"rendered":"<p><span style=\"color: #282828;\">Die Salzspr\u00fchkammer, auch bekannt als Salznebeltestkammer, ist ein Ger\u00e4t zur Pr\u00fcfung der Korrosionsbest\u00e4ndigkeit von Materialien, Beschichtungen und Produkten. Sie setzt die Proben einer kontrollierten Umgebung aus Salznebel aus, in der Regel einer Mischung aus Wasser und Natriumchlorid, um die korrosiven Auswirkungen einer marinen oder feuchten Atmosph\u00e4re zu simulieren. Die Kammer ist so konstruiert, dass der Korrosionsprozess beschleunigt wird, so dass die sch\u00fctzenden Eigenschaften von Materialien unter rauen Bedingungen innerhalb eines relativ kurzen Zeitraums bewertet werden k\u00f6nnen.<\/span><\/p>","protected":false},"featured_media":1836,"comment_status":"open","ping_status":"closed","template":"","meta":[],"product_brand":[],"product_cat":[38],"product_tag":[],"class_list":{"0":"post-1835","1":"product","2":"type-product","3":"status-publish","4":"has-post-thumbnail","6":"product_cat-salt-spray-chamber","8":"first","9":"instock","10":"shipping-taxable","11":"product-type-simple"},"yoast_head":"<!-- This site is optimized with the Yoast SEO plugin v26.0 - https:\/\/yoast.com\/wordpress\/plugins\/seo\/ -->\n<title>Salt Spray Test Chamber | Titanium Type<\/title>\n<meta name=\"description\" content=\"Salt Spray Test Chamber of high quality and great performance. Support sample for test and fast delivery. Offer free pre-sales and after-sales service.\" \/>\n<meta name=\"robots\" content=\"index, follow, max-snippet:-1, max-image-preview:large, max-video-preview:-1\" \/>\n<link rel=\"canonical\" href=\"https:\/\/gaattestequipment.com\/de\/manufacturer\/salt-spray-test-chamber-titanium-type\/\" \/>\n<meta property=\"og:locale\" content=\"de_DE\" \/>\n<meta property=\"og:type\" content=\"article\" \/>\n<meta property=\"og:title\" content=\"Salt Spray Test Chamber | Titanium Type\" \/>\n<meta property=\"og:description\" content=\"Salt Spray Test Chamber of high quality and great performance. Support sample for test and fast delivery. Offer free pre-sales and after-sales service.\" \/>\n<meta property=\"og:url\" content=\"https:\/\/gaattestequipment.com\/de\/manufacturer\/salt-spray-test-chamber-titanium-type\/\" \/>\n<meta property=\"og:site_name\" content=\"GAAT\" \/>\n<meta property=\"article:modified_time\" content=\"2025-01-17T06:56:34+00:00\" \/>\n<meta property=\"og:image\" content=\"https:\/\/gaattestequipment.com\/wp-content\/uploads\/2024\/11\/Salt-spray-chamber-Titanium-type.png\" \/>\n\t<meta property=\"og:image:width\" content=\"800\" \/>\n\t<meta property=\"og:image:height\" content=\"800\" \/>\n\t<meta property=\"og:image:type\" content=\"image\/png\" \/>\n<meta name=\"twitter:card\" content=\"summary_large_image\" \/>\n<meta name=\"twitter:label1\" content=\"Gesch\u00e4tzte Lesezeit\" \/>\n\t<meta name=\"twitter:data1\" content=\"1\u00a0Minute\" \/>\n<script type=\"application\/ld+json\" class=\"yoast-schema-graph\">{\"@context\":\"https:\/\/schema.org\",\"@graph\":[{\"@type\":\"WebPage\",\"@id\":\"https:\/\/gaattestequipment.com\/es\/manufacturer\/salt-spray-test-chamber-titanium-type\/\",\"url\":\"https:\/\/gaattestequipment.com\/es\/manufacturer\/salt-spray-test-chamber-titanium-type\/\",\"name\":\"Salt Spray Test Chamber | Titanium Type\",\"isPartOf\":{\"@id\":\"https:\/\/mistyrose-dunlin-619425.hostingersite.com\/#website\"},\"primaryImageOfPage\":{\"@id\":\"https:\/\/gaattestequipment.com\/es\/manufacturer\/salt-spray-test-chamber-titanium-type\/#primaryimage\"},\"image\":{\"@id\":\"https:\/\/gaattestequipment.com\/es\/manufacturer\/salt-spray-test-chamber-titanium-type\/#primaryimage\"},\"thumbnailUrl\":\"https:\/\/gaattestequipment.com\/wp-content\/uploads\/2024\/11\/Salt-spray-chamber-Titanium-type.png\",\"datePublished\":\"2024-11-13T01:49:40+00:00\",\"dateModified\":\"2025-01-17T06:56:34+00:00\",\"description\":\"Salt Spray Test Chamber of high quality and great performance. Support sample for test and fast delivery. Offer free pre-sales and after-sales service.\",\"breadcrumb\":{\"@id\":\"https:\/\/gaattestequipment.com\/es\/manufacturer\/salt-spray-test-chamber-titanium-type\/#breadcrumb\"},\"inLanguage\":\"de\",\"potentialAction\":[{\"@type\":\"ReadAction\",\"target\":[\"https:\/\/gaattestequipment.com\/es\/manufacturer\/salt-spray-test-chamber-titanium-type\/\"]}]},{\"@type\":\"ImageObject\",\"inLanguage\":\"de\",\"@id\":\"https:\/\/gaattestequipment.com\/es\/manufacturer\/salt-spray-test-chamber-titanium-type\/#primaryimage\",\"url\":\"https:\/\/gaattestequipment.com\/wp-content\/uploads\/2024\/11\/Salt-spray-chamber-Titanium-type.png\",\"contentUrl\":\"https:\/\/gaattestequipment.com\/wp-content\/uploads\/2024\/11\/Salt-spray-chamber-Titanium-type.png\",\"width\":800,\"height\":800,\"caption\":\"Salt spray chamber\"},{\"@type\":\"BreadcrumbList\",\"@id\":\"https:\/\/gaattestequipment.com\/es\/manufacturer\/salt-spray-test-chamber-titanium-type\/#breadcrumb\",\"itemListElement\":[{\"@type\":\"ListItem\",\"position\":1,\"name\":\"Home\",\"item\":\"https:\/\/mistyrose-dunlin-619425.hostingersite.com\/\"},{\"@type\":\"ListItem\",\"position\":2,\"name\":\"Products\",\"item\":\"https:\/\/gaattestequipment.com\/shop\/\"},{\"@type\":\"ListItem\",\"position\":3,\"name\":\"Salt Spray Chamber Titanium Type\"}]},{\"@type\":\"WebSite\",\"@id\":\"https:\/\/mistyrose-dunlin-619425.hostingersite.com\/#website\",\"url\":\"https:\/\/mistyrose-dunlin-619425.hostingersite.com\/\",\"name\":\"GAAT\",\"description\":\"Manufacturer of environmental and reliability testing instruments\",\"potentialAction\":[{\"@type\":\"SearchAction\",\"target\":{\"@type\":\"EntryPoint\",\"urlTemplate\":\"https:\/\/mistyrose-dunlin-619425.hostingersite.com\/?s={search_term_string}\"},\"query-input\":{\"@type\":\"PropertyValueSpecification\",\"valueRequired\":true,\"valueName\":\"search_term_string\"}}],\"inLanguage\":\"de\"}]}<\/script>\n<!-- \/ Yoast SEO plugin. -->","yoast_head_json":{"title":"Salzspr\u00fchnebeltestkammer | Titanium Typ","description":"Salzspr\u00fchnebel-Testkammer von hoher Qualit\u00e4t und gro\u00dfartiger Leistung. Wir unterst\u00fctzen Muster f\u00fcr Tests und liefern schnell. Bieten Sie einen kostenlosen Vor- und Nachverkaufsservice an.","robots":{"index":"index","follow":"follow","max-snippet":"max-snippet:-1","max-image-preview":"max-image-preview:large","max-video-preview":"max-video-preview:-1"},"canonical":"https:\/\/gaattestequipment.com\/de\/manufacturer\/salt-spray-test-chamber-titanium-type\/","og_locale":"de_DE","og_type":"article","og_title":"Salt Spray Test Chamber | Titanium Type","og_description":"Salt Spray Test Chamber of high quality and great performance. Support sample for test and fast delivery. Offer free pre-sales and after-sales service.","og_url":"https:\/\/gaattestequipment.com\/de\/manufacturer\/salt-spray-test-chamber-titanium-type\/","og_site_name":"GAAT","article_modified_time":"2025-01-17T06:56:34+00:00","og_image":[{"width":800,"height":800,"url":"https:\/\/gaattestequipment.com\/wp-content\/uploads\/2024\/11\/Salt-spray-chamber-Titanium-type.png","type":"image\/png"}],"twitter_card":"summary_large_image","twitter_misc":{"Gesch\u00e4tzte Lesezeit":"1\u00a0Minute"},"schema":{"@context":"https:\/\/schema.org","@graph":[{"@type":"WebPage","@id":"https:\/\/gaattestequipment.com\/es\/manufacturer\/salt-spray-test-chamber-titanium-type\/","url":"https:\/\/gaattestequipment.com\/es\/manufacturer\/salt-spray-test-chamber-titanium-type\/","name":"Salzspr\u00fchnebeltestkammer | Titanium Typ","isPartOf":{"@id":"https:\/\/mistyrose-dunlin-619425.hostingersite.com\/#website"},"primaryImageOfPage":{"@id":"https:\/\/gaattestequipment.com\/es\/manufacturer\/salt-spray-test-chamber-titanium-type\/#primaryimage"},"image":{"@id":"https:\/\/gaattestequipment.com\/es\/manufacturer\/salt-spray-test-chamber-titanium-type\/#primaryimage"},"thumbnailUrl":"https:\/\/gaattestequipment.com\/wp-content\/uploads\/2024\/11\/Salt-spray-chamber-Titanium-type.png","datePublished":"2024-11-13T01:49:40+00:00","dateModified":"2025-01-17T06:56:34+00:00","description":"Salzspr\u00fchnebel-Testkammer von hoher Qualit\u00e4t und gro\u00dfartiger Leistung. Wir unterst\u00fctzen Muster f\u00fcr Tests und liefern schnell. Bieten Sie einen kostenlosen Vor- und Nachverkaufsservice an.","breadcrumb":{"@id":"https:\/\/gaattestequipment.com\/es\/manufacturer\/salt-spray-test-chamber-titanium-type\/#breadcrumb"},"inLanguage":"de","potentialAction":[{"@type":"ReadAction","target":["https:\/\/gaattestequipment.com\/es\/manufacturer\/salt-spray-test-chamber-titanium-type\/"]}]},{"@type":"ImageObject","inLanguage":"de","@id":"https:\/\/gaattestequipment.com\/es\/manufacturer\/salt-spray-test-chamber-titanium-type\/#primaryimage","url":"https:\/\/gaattestequipment.com\/wp-content\/uploads\/2024\/11\/Salt-spray-chamber-Titanium-type.png","contentUrl":"https:\/\/gaattestequipment.com\/wp-content\/uploads\/2024\/11\/Salt-spray-chamber-Titanium-type.png","width":800,"height":800,"caption":"Salt spray chamber"},{"@type":"BreadcrumbList","@id":"https:\/\/gaattestequipment.com\/es\/manufacturer\/salt-spray-test-chamber-titanium-type\/#breadcrumb","itemListElement":[{"@type":"ListItem","position":1,"name":"Home","item":"https:\/\/mistyrose-dunlin-619425.hostingersite.com\/"},{"@type":"ListItem","position":2,"name":"Products","item":"https:\/\/gaattestequipment.com\/shop\/"},{"@type":"ListItem","position":3,"name":"Salt Spray Chamber Titanium Type"}]},{"@type":"WebSite","@id":"https:\/\/mistyrose-dunlin-619425.hostingersite.com\/#website","url":"https:\/\/mistyrose-dunlin-619425.hostingersite.com\/","name":"GAAT","description":"Hersteller von Umwelt- und Zuverl\u00e4ssigkeitspr\u00fcfger\u00e4ten","potentialAction":[{"@type":"SearchAction","target":{"@type":"EntryPoint","urlTemplate":"https:\/\/mistyrose-dunlin-619425.hostingersite.com\/?s={search_term_string}"},"query-input":{"@type":"PropertyValueSpecification","valueRequired":true,"valueName":"search_term_string"}}],"inLanguage":"de"}]}},"_links":{"self":[{"href":"https:\/\/gaattestequipment.com\/de\/wp-json\/wp\/v2\/product\/1835","targetHints":{"allow":["GET"]}}],"collection":[{"href":"https:\/\/gaattestequipment.com\/de\/wp-json\/wp\/v2\/product"}],"about":[{"href":"https:\/\/gaattestequipment.com\/de\/wp-json\/wp\/v2\/types\/product"}],"replies":[{"embeddable":true,"href":"https:\/\/gaattestequipment.com\/de\/wp-json\/wp\/v2\/comments?post=1835"}],"wp:featuredmedia":[{"embeddable":true,"href":"https:\/\/gaattestequipment.com\/de\/wp-json\/wp\/v2\/media\/1836"}],"wp:attachment":[{"href":"https:\/\/gaattestequipment.com\/de\/wp-json\/wp\/v2\/media?parent=1835"}],"wp:term":[{"taxonomy":"product_brand","embeddable":true,"href":"https:\/\/gaattestequipment.com\/de\/wp-json\/wp\/v2\/product_brand?post=1835"},{"taxonomy":"product_cat","embeddable":true,"href":"https:\/\/gaattestequipment.com\/de\/wp-json\/wp\/v2\/product_cat?post=1835"},{"taxonomy":"product_tag","embeddable":true,"href":"https:\/\/gaattestequipment.com\/de\/wp-json\/wp\/v2\/product_tag?post=1835"}],"curies":[{"name":"wp","href":"https:\/\/api.w.org\/{rel}","templated":true}]}}