{"id":1827,"date":"2024-11-12T14:13:16","date_gmt":"2024-11-12T14:13:16","guid":{"rendered":"https:\/\/gaattestequipment.com\/?post_type=product&#038;p=1827"},"modified":"2025-01-17T07:01:21","modified_gmt":"2025-01-17T07:01:21","slug":"thermal-shock-test-chamber-damper-type","status":"publish","type":"product","link":"https:\/\/gaattestequipment.com\/de\/manufacturer\/thermal-shock-test-chamber-damper-type\/","title":{"rendered":"Thermoschockkammer D\u00e4mpfer Typ"},"content":{"rendered":"<p><span style=\"font-size: 90%;\"><em><span style=\"color: #282828;\">Thermoschock-Testkammer Details&gt;&gt;&gt;<\/span><\/em><\/span><\/p>\n<h3><span style=\"color: #282828;\"><strong><b class=\"lazyloaded\">Anwendung der Thermoschock-Testkammer:<\/b><\/strong><\/span><\/h3>\n<ol>\n<li><span style=\"color: #282828;\">Elektronik: Testen der Zuverl\u00e4ssigkeit von Komponenten.<\/span><\/li>\n<\/ol>\n<p><span style=\"color: #282828;\">2. Automobilindustrie: Bewertung der Leistung von Teilen.<\/span><\/p>\n<p><span style=\"color: #282828;\">3. Luft- und Raumfahrt: Simulation von Umweltextremen.<\/span><\/p>\n<p><span style=\"color: #282828;\">4. Materialien: Bewertung der Haltbarkeit von Materialien.<\/span><\/p>\n<p><span style=\"color: #282828;\">5. Telekommunikation: Sicherstellung der Stabilit\u00e4t der Ausr\u00fcstung.<\/span><\/p>\n<div class=\"is-divider divider clearfix\" style=\"max-width:medium;\"><\/div>\n\t<div id=\"gap-862171017\" class=\"gap-element clearfix\" style=\"display:block; height:auto;\">\n\t\t\n<style>\n#gap-862171017 {\n  padding-top: 15px;\n}\n<\/style>\n\t<\/div>\n\t\n<h3><span style=\"color: #282828;\"><strong><b>Eigenschaften<\/b><\/strong><\/span><span style=\"color: #282828;\"><strong><b>:<\/b><\/strong><\/span><\/h3>\n<ul>\n<li><span style=\"color: #282828;\">Thermoschock ohne Bewegung des Probek\u00f6rpers<\/span><\/li>\n<li><span style=\"color: #282828;\">Schnelle Temperaturerholung<\/span><\/li>\n<li><span style=\"color: #282828;\">Gleichm\u00e4\u00dfige Temperaturverteilung<\/span><\/li>\n<li><span style=\"color: #282828;\">Automatische Einstellung des Vorheizens und Vork\u00fchlens im Energiesparmodus<\/span><\/li>\n<\/ul>\n<div class=\"is-divider divider clearfix\" style=\"max-width:medium;\"><\/div>\n\t<div id=\"gap-1000099773\" class=\"gap-element clearfix\" style=\"display:block; height:auto;\">\n\t\t\n<style>\n#gap-1000099773 {\n  padding-top: 15px;\n}\n<\/style>\n\t<\/div>\n\t\n<h4><span style=\"color: #282828; font-size: 110%;\"><strong><b>Anwendbare Pr\u00fcfnormen:<\/b><\/strong><\/span><\/h4>\n<p><span style=\"color: #282828;\">IEC 60068-2-1: 2007, IEC 60068-2-2: 2007, IEC 60068-2-14: 2009, EIAJ ED-2531B: 2004, JASO D 014-4: 2014, MIL-STD-883H: 2010, MIL-STD-202G: 2002, GB\/T 2423.1: 2008, GB\/T 2423.2: 2008, GB\/T 2423.22: 2012, GB\/T 2424.13: 2002, GJB 360B: 2009, GJB 150.5A: 2009.<\/span><\/p>\n<div class=\"is-divider divider clearfix\" style=\"max-width:medium;\"><\/div>\n\t<div id=\"text-3536290050\" class=\"text show-for-small\">\n\t\t\n<h4><span style=\"color: #282828; font-size: 105%;\"><strong><b>Spezifikation:<\/b><\/strong><strong><b>\u00a0<\/b><\/strong><\/span><\/h4>\n\n<table id=\"tablepress-22\" class=\"tablepress tablepress-id-22 tbody-has-connected-cells\">\n<tbody class=\"row-striping row-hover\">\n<tr class=\"row-1\">\n\t<td class=\"column-1\">Modell (Aufzugstyp - 2 Zonen)<\/td><td colspan=\"2\" class=\"column-2\">SZ-I-42(A\uff5eC)\u3001SZ-I-80(A\uff5eC)\u3001SZ-I-150(A\uff5eC)\u3001SZ-I-300(A\uff5eC)\u3001SZ-I-512(A\uff5eC)<\/td>\n<\/tr>\n<tr class=\"row-2\">\n\t<td class=\"column-1\">Innenabmessungen BxHxT (mm)<\/td><td colspan=\"2\" class=\"column-2\">400x350x300\u3001500x400x400\u3001 600x500x500\u3001 800x560x610\u3001 800x800x800<\/td>\n<\/tr>\n<tr class=\"row-3\">\n\t<td class=\"column-1\">Temperatur Belichtungsbereich<\/td><td colspan=\"2\" class=\"column-2\">Schockbereich bei hohen Temperaturen: +60\u2103~+150\u2103;<br \/>\nNiedertemperatur-Schockbereich: 0\u2103~-65\u2103 (A: -45\u2103; B: -55\u2103; C: -65\u2103)<\/td>\n<\/tr>\n<tr class=\"row-4\">\n\t<td class=\"column-1\">Zone mit hoher Temperatur<\/td><td colspan=\"2\" class=\"column-2\">Heizung: RT\u2192+200\u2103\u226440min.<\/td>\n<\/tr>\n<tr class=\"row-5\">\n\t<td class=\"column-1\">Zone mit niedriger Temperatur<\/td><td colspan=\"2\" class=\"column-2\">K\u00fchlung: RT\u2192-75\u2103\u226470min.<\/td>\n<\/tr>\n<tr class=\"row-6\">\n\t<td class=\"column-1\">Temperatur Leistung<\/td><td colspan=\"2\" class=\"column-2\">Temperaturerholungszeit in der Testzone \u2264 3 oder 5 min<br \/>\nTemperaturschwankung: \u2264\u00b11\u2103<br \/>\nTemperaturabweichung: \u2264\u00b12\u2103<\/td>\n<\/tr>\n<tr class=\"row-7\">\n\t<td class=\"column-1\">Sicherheitsmerkmale<\/td><td colspan=\"2\" class=\"column-2\">\u00dcberhitzungs-, \u00dcberstrom- und \u00dcberdruckschutz f\u00fcr den Kompressor, \u00dcberhitzungsschutz f\u00fcr das Kondensationsgebl\u00e4se, \u00dcbertemperaturschutz f\u00fcr die Kammer, \u00dcberhitzungsschutz f\u00fcr den Gebl\u00e4semotor, \u00dcberlastungsschutz, \u00dcbertemperaturschutz f\u00fcr die Heizung, Kurzschlussschutz, Schutz vor Phasenausfall, Schutz vor Erdschluss, \u00dcberlast- und Kurzschlussschutz f\u00fcr den Stromkreis<\/td>\n<\/tr>\n<\/tbody>\n<\/table>\n<!-- #tablepress-22 from cache -->\n\t\t\t<\/div>\n\t\n\t<div id=\"gap-149280861\" class=\"gap-element clearfix\" style=\"display:block; height:auto;\">\n\t\t\n<style>\n#gap-149280861 {\n  padding-top: 15px;\n}\n<\/style>\n\t<\/div>\n\t\n\t<div id=\"text-1698207812\" class=\"text hide-for-small\">\n\t\t\n<h4><span style=\"color: #282828; font-size: 110%;\"><strong><b>Spezifikation:<\/b><\/strong><strong><b>\u00a0<\/b><\/strong><\/span><\/h4>\n\n<table id=\"tablepress-8\" class=\"tablepress tablepress-id-8 tbody-has-connected-cells\">\n<tbody class=\"row-striping row-hover\">\n<tr class=\"row-1\">\n\t<td class=\"column-1\">Modell (Aufzugstyp - 2 Zonen)<\/td><td class=\"column-2\">SZ-I-42(A\uff5eC)\t<\/td><td class=\"column-3\">SZ-I-80(A\uff5eC)\t<\/td><td class=\"column-4\">SZ-I-150(A\uff5eC)\t<\/td><td class=\"column-5\">SZ-I-300(A\uff5eC)\t<\/td><td class=\"column-6\">SZ-I-512(A\uff5eC)<br \/>\n<\/td>\n<\/tr>\n<tr class=\"row-2\">\n\t<td class=\"column-1\">Innenabmessungen BxHxT (mm)\t<\/td><td class=\"column-2\">400x350x300\t<\/td><td class=\"column-3\">500x400x400<\/td><td class=\"column-4\">600x500x500<\/td><td class=\"column-5\">800x560x610<\/td><td class=\"column-6\">800x800x800<\/td>\n<\/tr>\n<tr class=\"row-3\">\n\t<td class=\"column-1\">Temperatur Belichtungsbereich\t<\/td><td colspan=\"5\" class=\"column-2\">Schockbereich bei hohen Temperaturen: +60\u2103~+150\u2103;<br \/>\nNiedertemperatur-Schockbereich: 0\u2103~-65\u2103 (A: -45\u2103; B: -55\u2103; C: -65\u2103)<\/td>\n<\/tr>\n<tr class=\"row-4\">\n\t<td class=\"column-1\">Zone mit hoher Temperatur\t<\/td><td colspan=\"5\" class=\"column-2\">Heizung: RT\u2192+200\u2103\u226440min.<br \/>\n<\/td>\n<\/tr>\n<tr class=\"row-5\">\n\t<td class=\"column-1\">Zone mit niedriger Temperatur\t<\/td><td colspan=\"5\" class=\"column-2\">K\u00fchlung: RT\u2192-75\u2103\u226470min.<br \/>\n<\/td>\n<\/tr>\n<tr class=\"row-6\">\n\t<td class=\"column-1\">Temperatur Leistung\t<\/td><td colspan=\"5\" class=\"column-2\">Temperaturerholungszeit in der Testzone \u2264 3 oder 5 min<br \/>\nTemperaturschwankung: \u2264\u00b11\u2103<br \/>\n<br \/>\nTemperaturabweichung: \u2264\u00b12\u2103<\/td>\n<\/tr>\n<tr class=\"row-7\">\n\t<td class=\"column-1\">Sicherheitsmerkmale\t<\/td><td colspan=\"5\" class=\"column-2\">\u00dcberhitzungs-, \u00dcberstrom- und \u00dcberdruckschutz f\u00fcr den Kompressor, \u00dcberhitzungsschutz f\u00fcr das Kondensationsgebl\u00e4se, \u00dcbertemperaturschutz f\u00fcr die Kammer, \u00dcberhitzungsschutz f\u00fcr den Gebl\u00e4semotor, \u00dcberlastungsschutz, \u00dcbertemperaturschutz f\u00fcr die Heizung, Kurzschlussschutz, Schutz vor Phasenausfall, Schutz vor Erdschluss, \u00dcberlast- und Kurzschlussschutz f\u00fcr den Stromkreis<\/td>\n<\/tr>\n<\/tbody>\n<\/table>\n<!-- #tablepress-8 from cache -->\n\t\t\t<\/div>\n\t\n\t<div id=\"gap-1389318074\" class=\"gap-element clearfix\" style=\"display:block; height:auto;\">\n\t\t\n<style>\n#gap-1389318074 {\n  padding-top: 20px;\n}\n<\/style>\n\t<\/div>\n\t\n<h4 style=\"text-align: center;\"><span style=\"color: #282828; font-size: 110%;\">Angebot einholen<\/span><\/h4>\n\n<div class=\"wpcf7 no-js\" id=\"wpcf7-f280-o1\" lang=\"en-US\" dir=\"ltr\" data-wpcf7-id=\"280\">\n<div class=\"screen-reader-response\"><p role=\"status\" aria-live=\"polite\" aria-atomic=\"true\"><\/p> <ul><\/ul><\/div>\n<form action=\"\/de\/wp-json\/wp\/v2\/product\/1827#wpcf7-f280-o1\" method=\"post\" class=\"wpcf7-form init\" aria-label=\"Contact form\" novalidate=\"novalidate\" data-status=\"init\" data-trp-original-action=\"\/de\/wp-json\/wp\/v2\/product\/1827#wpcf7-f280-o1\">\n<fieldset class=\"hidden-fields-container\"><input type=\"hidden\" name=\"_wpcf7\" value=\"280\" \/><input type=\"hidden\" name=\"_wpcf7_version\" value=\"6.1.2\" \/><input type=\"hidden\" name=\"_wpcf7_locale\" value=\"en_US\" \/><input type=\"hidden\" name=\"_wpcf7_unit_tag\" value=\"wpcf7-f280-o1\" \/><input type=\"hidden\" name=\"_wpcf7_container_post\" value=\"0\" \/><input type=\"hidden\" name=\"_wpcf7_posted_data_hash\" value=\"\" \/>\n<\/fieldset>\n<div class='custom_contact_style'>\n\t<div class=\"row row-small\">\n\t\t<div class=\"col medium-6 small-12 large-6\">\n\t\t\t<div class=\"col-inner\">\n\t\t\t\t<p><span class=\"wpcf7-form-control-wrap\" data-name=\"your-name\"><input size=\"40\" maxlength=\"400\" class=\"wpcf7-form-control wpcf7-text wpcf7-validates-as-required\" aria-required=\"true\" aria-invalid=\"false\" placeholder=\"Name*\" value=\"\" type=\"text\" name=\"your-name\" \/><\/span>\n\t\t\t\t<\/p>\n\t\t\t<\/div>\n\t\t<\/div>\n\t\t<div class=\"col medium-6 small-12 large-6\">\n\t\t\t<div class=\"col-inner\">\n\t\t\t\t<p><span class=\"wpcf7-form-control-wrap\" data-name=\"your-email\"><input size=\"40\" maxlength=\"400\" class=\"wpcf7-form-control wpcf7-email wpcf7-validates-as-required wpcf7-text wpcf7-validates-as-email\" aria-required=\"true\" aria-invalid=\"false\" placeholder=\"E-Mail*\" value=\"\" type=\"email\" name=\"your-email\" \/><\/span>\n\t\t\t\t<\/p>\n\t\t\t<\/div>\n\t\t<\/div>\n\t<\/div>\n\t<div class='cus_contact_form_bottom'>\n\t\t<p><span class=\"wpcf7-form-control-wrap\" data-name=\"your-phone\"><input size=\"40\" maxlength=\"400\" class=\"wpcf7-form-control wpcf7-text\" aria-invalid=\"false\" placeholder=\"Telefon\" value=\"\" type=\"text\" name=\"your-phone\" \/><\/span>\n\t\t<\/p>\n\t<\/div>\n\t<div class='cus_contact_form_bottom'>\n\t\t<p><span class=\"wpcf7-form-control-wrap\" data-name=\"your-country\"><input size=\"40\" maxlength=\"400\" class=\"wpcf7-form-control wpcf7-text\" aria-invalid=\"false\" placeholder=\"Land\" value=\"\" type=\"text\" name=\"your-country\" \/><\/span>\n\t\t<\/p>\n\t<\/div>\n\t<p><span class=\"wpcf7-form-control-wrap\" data-name=\"your-message\"><textarea cols=\"40\" rows=\"10\" maxlength=\"2000\" class=\"wpcf7-form-control wpcf7-textarea wpcf7-validates-as-required\" aria-required=\"true\" aria-invalid=\"false\" placeholder=\"Ihre Nachricht *\" name=\"your-message\"><\/textarea><\/span>\n\t<\/p>\n\t<div style=\"margin-bottom:10px;\">\n\t\t<p><span class=\"wpcf7-form-control-wrap kc_captcha cf7ic-toggle\" data-name=\"kc_captcha\"><span class=\"wpcf7-form-control wpcf7-radio\"><span class=\"captcha-image\" style=\"display: none;\"><span class=\"cf7ic_instructions\">Please prove you are human by selecting the<span> tree<\/span>.<\/span><label><input aria-label=\"1\" type=\"radio\" name=\"kc_captcha\" value=\"bot\" \/><svg aria-hidden=\"true\" role=\"img\" xmlns=\"http:\/\/www.w3.org\/2000\/svg\" viewbox=\"0 0 512 512\"><path fill=\"currentColor\" d=\"M350 99c-54 0-98-35-166-35-25 0-47 4-68 12a56 56 0 004-24C118 24 95 1 66 0a56 56 0 00-34 102v386c0 13 11 24 24 24h16c13 0 24-11 24-24v-94c28-12 64-23 114-23 54 0 98 35 166 35 48 0 86-16 122-41 9-6 14-15 14-26V96c0-23-24-39-45-29-35 16-77 32-117 32z\"\/><\/svg><\/label><label><input aria-label=\"2\" type=\"radio\" name=\"kc_captcha\" value=\"bot\" \/><svg aria-hidden=\"true\" role=\"img\" xmlns=\"http:\/\/www.w3.org\/2000\/svg\" viewbox=\"0 0 512 512\"><path fill=\"currentColor\" d=\"M512 176a176 176 0 01-209 173l-24 27a24 24 0 01-18 8h-37v40c0 13-11 24-24 24h-40v40c0 13-11 24-24 24H24c-13 0-24-11-24-24v-78c0-6 3-13 7-17l162-162a176 176 0 11343-55zm-176-48a48 48 0 1096 0 48 48 0 00-96 0z\"\/><\/svg><\/label><label><input aria-label=\"3\" type=\"radio\" name=\"kc_captcha\" value=\"kc_human\" \/><svg aria-hidden=\"true\" role=\"img\" xmlns=\"http:\/\/www.w3.org\/2000\/svg\" viewbox=\"0 0 384 512\"><path fill=\"currentColor\" d=\"M377 375l-83-87h34c21 0 32-25 17-40l-82-88h33c21 0 32-25 18-40L210 8c-10-11-26-11-36 0L70 120c-14 15-3 40 18 40h33l-82 88c-15 15-4 40 17 40h34L7 375c-15 16-4 41 17 41h120c0 33-11 49-34 68-12 9-5 28 10 28h144c15 0 22-19 10-28-20-16-34-32-34-68h120c21 0 32-25 17-41z\"\/><\/svg><\/label>\r\n    <\/span>\r\n    <span style=\"display:none\">\r\n        <input type=\"text\" name=\"kc_honeypot\">\r\n    <\/span><\/span><\/span>\n\t\t<\/p>\n\t<\/div>\n\t<p><input class=\"wpcf7-form-control wpcf7-submit has-spinner\" type=\"submit\" value=\"Nachricht senden\" \/>\n\t<\/p>\n<\/div><div class=\"wpcf7-response-output\" aria-hidden=\"true\"><\/div>\n<input type=\"hidden\" name=\"trp-form-language\" value=\"de\"\/><\/form>\n<\/div>\n\n\t<div id=\"gap-36827347\" class=\"gap-element clearfix\" style=\"display:block; height:auto;\">\n\t\t\n<style>\n#gap-36827347 {\n  padding-top: 30px;\n}\n<\/style>\n\t<\/div>\n\t\n<p><a href=\"https:\/\/gaattestequipment.com\/de\/\"><em><span style=\"color: #282828;\">Zur\u00fcck zu Home&gt;&gt;&gt;<\/span><\/em><\/a><\/p>","protected":false},"excerpt":{"rendered":"<p><span style=\"color: #282828;\">Die Thermoschock-Testkammer (Typ D\u00e4mpfer) - Fester Testbereich ist mit drei verschiedenen Abschnitten ausgestattet: der Testzone, der Vorw\u00e4rm-Lagerzone und der Vork\u00fchl-Lagerzone. Bei diesem Aufbau wird die Probe in der Testzone platziert, wo sie einem schnellen Temperaturschock ausgesetzt wird, ohne sich physisch zu bewegen. Diese Temperaturschwankungen werden durch die Zirkulation von hei\u00dfer und kalter Luft aus den jeweiligen Vorw\u00e4rm- und Vork\u00fchlzonen \u00fcber Drosselklappen erreicht, wodurch die Temperaturschockbedingungen effektiv simuliert werden.<\/span><\/p>","protected":false},"featured_media":1828,"comment_status":"open","ping_status":"closed","template":"","meta":[],"product_brand":[],"product_cat":[37],"product_tag":[],"class_list":{"0":"post-1827","1":"product","2":"type-product","3":"status-publish","4":"has-post-thumbnail","6":"product_cat-thermal-shock-chamber","8":"first","9":"instock","10":"shipping-taxable","11":"product-type-simple"},"yoast_head":"<!-- This site is optimized with the Yoast SEO plugin v26.0 - https:\/\/yoast.com\/wordpress\/plugins\/seo\/ -->\n<title>Thermal Shock Test Chamber | Damper Type<\/title>\n<meta name=\"description\" content=\"Thermal shock test chamber of high quality. We support sample for test and fast delivery. Offer free after-sales service and two year warranty.\" \/>\n<meta name=\"robots\" content=\"index, follow, max-snippet:-1, max-image-preview:large, max-video-preview:-1\" \/>\n<link rel=\"canonical\" href=\"https:\/\/gaattestequipment.com\/de\/manufacturer\/thermal-shock-test-chamber-damper-type\/\" \/>\n<meta property=\"og:locale\" content=\"de_DE\" \/>\n<meta property=\"og:type\" content=\"article\" \/>\n<meta property=\"og:title\" content=\"Thermal Shock Test Chamber | Damper Type\" \/>\n<meta property=\"og:description\" content=\"Thermal shock test chamber of high quality. We support sample for test and fast delivery. Offer free after-sales service and two year warranty.\" \/>\n<meta property=\"og:url\" content=\"https:\/\/gaattestequipment.com\/de\/manufacturer\/thermal-shock-test-chamber-damper-type\/\" \/>\n<meta property=\"og:site_name\" content=\"GAAT\" \/>\n<meta property=\"article:modified_time\" content=\"2025-01-17T07:01:21+00:00\" \/>\n<meta property=\"og:image\" content=\"https:\/\/gaattestequipment.com\/wp-content\/uploads\/2024\/11\/Thermal-Shock-chamber-Damper-Type.png\" \/>\n\t<meta property=\"og:image:width\" content=\"768\" \/>\n\t<meta property=\"og:image:height\" content=\"768\" \/>\n\t<meta property=\"og:image:type\" content=\"image\/png\" \/>\n<meta name=\"twitter:card\" content=\"summary_large_image\" \/>\n<meta name=\"twitter:label1\" content=\"Gesch\u00e4tzte Lesezeit\" \/>\n\t<meta name=\"twitter:data1\" content=\"1\u00a0Minute\" \/>\n<script type=\"application\/ld+json\" class=\"yoast-schema-graph\">{\"@context\":\"https:\/\/schema.org\",\"@graph\":[{\"@type\":\"WebPage\",\"@id\":\"https:\/\/gaattestequipment.com\/zh\/manufacturer\/thermal-shock-test-chamber-damper-type\/\",\"url\":\"https:\/\/gaattestequipment.com\/zh\/manufacturer\/thermal-shock-test-chamber-damper-type\/\",\"name\":\"Thermal Shock Test Chamber | Damper Type\",\"isPartOf\":{\"@id\":\"https:\/\/mistyrose-dunlin-619425.hostingersite.com\/#website\"},\"primaryImageOfPage\":{\"@id\":\"https:\/\/gaattestequipment.com\/zh\/manufacturer\/thermal-shock-test-chamber-damper-type\/#primaryimage\"},\"image\":{\"@id\":\"https:\/\/gaattestequipment.com\/zh\/manufacturer\/thermal-shock-test-chamber-damper-type\/#primaryimage\"},\"thumbnailUrl\":\"https:\/\/gaattestequipment.com\/wp-content\/uploads\/2024\/11\/Thermal-Shock-chamber-Damper-Type.png\",\"datePublished\":\"2024-11-12T14:13:16+00:00\",\"dateModified\":\"2025-01-17T07:01:21+00:00\",\"description\":\"Thermal shock test chamber of high quality. We support sample for test and fast delivery. Offer free after-sales service and two year warranty.\",\"breadcrumb\":{\"@id\":\"https:\/\/gaattestequipment.com\/zh\/manufacturer\/thermal-shock-test-chamber-damper-type\/#breadcrumb\"},\"inLanguage\":\"de\",\"potentialAction\":[{\"@type\":\"ReadAction\",\"target\":[\"https:\/\/gaattestequipment.com\/zh\/manufacturer\/thermal-shock-test-chamber-damper-type\/\"]}]},{\"@type\":\"ImageObject\",\"inLanguage\":\"de\",\"@id\":\"https:\/\/gaattestequipment.com\/zh\/manufacturer\/thermal-shock-test-chamber-damper-type\/#primaryimage\",\"url\":\"https:\/\/gaattestequipment.com\/wp-content\/uploads\/2024\/11\/Thermal-Shock-chamber-Damper-Type.png\",\"contentUrl\":\"https:\/\/gaattestequipment.com\/wp-content\/uploads\/2024\/11\/Thermal-Shock-chamber-Damper-Type.png\",\"width\":768,\"height\":768,\"caption\":\"thermal shock chamber\"},{\"@type\":\"BreadcrumbList\",\"@id\":\"https:\/\/gaattestequipment.com\/zh\/manufacturer\/thermal-shock-test-chamber-damper-type\/#breadcrumb\",\"itemListElement\":[{\"@type\":\"ListItem\",\"position\":1,\"name\":\"Home\",\"item\":\"https:\/\/mistyrose-dunlin-619425.hostingersite.com\/\"},{\"@type\":\"ListItem\",\"position\":2,\"name\":\"Products\",\"item\":\"https:\/\/gaattestequipment.com\/shop\/\"},{\"@type\":\"ListItem\",\"position\":3,\"name\":\"Thermal Shock Chamber Damper Type\"}]},{\"@type\":\"WebSite\",\"@id\":\"https:\/\/mistyrose-dunlin-619425.hostingersite.com\/#website\",\"url\":\"https:\/\/mistyrose-dunlin-619425.hostingersite.com\/\",\"name\":\"GAAT\",\"description\":\"Manufacturer of environmental and reliability testing instruments\",\"potentialAction\":[{\"@type\":\"SearchAction\",\"target\":{\"@type\":\"EntryPoint\",\"urlTemplate\":\"https:\/\/mistyrose-dunlin-619425.hostingersite.com\/?s={search_term_string}\"},\"query-input\":{\"@type\":\"PropertyValueSpecification\",\"valueRequired\":true,\"valueName\":\"search_term_string\"}}],\"inLanguage\":\"de\"}]}<\/script>\n<!-- \/ Yoast SEO plugin. -->","yoast_head_json":{"title":"Thermoschock-Testkammer | D\u00e4mpfer Typ","description":"Thermoschock-Testkammer von hoher Qualit\u00e4t. Wir unterst\u00fctzen Muster f\u00fcr Tests und schnelle Lieferung. Wir bieten einen kostenlosen Kundendienst und zwei Jahre Garantie.","robots":{"index":"index","follow":"follow","max-snippet":"max-snippet:-1","max-image-preview":"max-image-preview:large","max-video-preview":"max-video-preview:-1"},"canonical":"https:\/\/gaattestequipment.com\/de\/manufacturer\/thermal-shock-test-chamber-damper-type\/","og_locale":"de_DE","og_type":"article","og_title":"Thermal Shock Test Chamber | Damper Type","og_description":"Thermal shock test chamber of high quality. We support sample for test and fast delivery. Offer free after-sales service and two year warranty.","og_url":"https:\/\/gaattestequipment.com\/de\/manufacturer\/thermal-shock-test-chamber-damper-type\/","og_site_name":"GAAT","article_modified_time":"2025-01-17T07:01:21+00:00","og_image":[{"width":768,"height":768,"url":"https:\/\/gaattestequipment.com\/wp-content\/uploads\/2024\/11\/Thermal-Shock-chamber-Damper-Type.png","type":"image\/png"}],"twitter_card":"summary_large_image","twitter_misc":{"Gesch\u00e4tzte Lesezeit":"1\u00a0Minute"},"schema":{"@context":"https:\/\/schema.org","@graph":[{"@type":"WebPage","@id":"https:\/\/gaattestequipment.com\/zh\/manufacturer\/thermal-shock-test-chamber-damper-type\/","url":"https:\/\/gaattestequipment.com\/zh\/manufacturer\/thermal-shock-test-chamber-damper-type\/","name":"Thermoschock-Testkammer | D\u00e4mpfer Typ","isPartOf":{"@id":"https:\/\/mistyrose-dunlin-619425.hostingersite.com\/#website"},"primaryImageOfPage":{"@id":"https:\/\/gaattestequipment.com\/zh\/manufacturer\/thermal-shock-test-chamber-damper-type\/#primaryimage"},"image":{"@id":"https:\/\/gaattestequipment.com\/zh\/manufacturer\/thermal-shock-test-chamber-damper-type\/#primaryimage"},"thumbnailUrl":"https:\/\/gaattestequipment.com\/wp-content\/uploads\/2024\/11\/Thermal-Shock-chamber-Damper-Type.png","datePublished":"2024-11-12T14:13:16+00:00","dateModified":"2025-01-17T07:01:21+00:00","description":"Thermoschock-Testkammer von hoher Qualit\u00e4t. Wir unterst\u00fctzen Muster f\u00fcr Tests und schnelle Lieferung. Wir bieten einen kostenlosen Kundendienst und zwei Jahre Garantie.","breadcrumb":{"@id":"https:\/\/gaattestequipment.com\/zh\/manufacturer\/thermal-shock-test-chamber-damper-type\/#breadcrumb"},"inLanguage":"de","potentialAction":[{"@type":"ReadAction","target":["https:\/\/gaattestequipment.com\/zh\/manufacturer\/thermal-shock-test-chamber-damper-type\/"]}]},{"@type":"ImageObject","inLanguage":"de","@id":"https:\/\/gaattestequipment.com\/zh\/manufacturer\/thermal-shock-test-chamber-damper-type\/#primaryimage","url":"https:\/\/gaattestequipment.com\/wp-content\/uploads\/2024\/11\/Thermal-Shock-chamber-Damper-Type.png","contentUrl":"https:\/\/gaattestequipment.com\/wp-content\/uploads\/2024\/11\/Thermal-Shock-chamber-Damper-Type.png","width":768,"height":768,"caption":"thermal shock chamber"},{"@type":"BreadcrumbList","@id":"https:\/\/gaattestequipment.com\/zh\/manufacturer\/thermal-shock-test-chamber-damper-type\/#breadcrumb","itemListElement":[{"@type":"ListItem","position":1,"name":"Home","item":"https:\/\/mistyrose-dunlin-619425.hostingersite.com\/"},{"@type":"ListItem","position":2,"name":"Products","item":"https:\/\/gaattestequipment.com\/shop\/"},{"@type":"ListItem","position":3,"name":"Thermal Shock Chamber Damper Type"}]},{"@type":"WebSite","@id":"https:\/\/mistyrose-dunlin-619425.hostingersite.com\/#website","url":"https:\/\/mistyrose-dunlin-619425.hostingersite.com\/","name":"GAAT","description":"Hersteller von Umwelt- und Zuverl\u00e4ssigkeitspr\u00fcfger\u00e4ten","potentialAction":[{"@type":"SearchAction","target":{"@type":"EntryPoint","urlTemplate":"https:\/\/mistyrose-dunlin-619425.hostingersite.com\/?s={search_term_string}"},"query-input":{"@type":"PropertyValueSpecification","valueRequired":true,"valueName":"search_term_string"}}],"inLanguage":"de"}]}},"_links":{"self":[{"href":"https:\/\/gaattestequipment.com\/de\/wp-json\/wp\/v2\/product\/1827","targetHints":{"allow":["GET"]}}],"collection":[{"href":"https:\/\/gaattestequipment.com\/de\/wp-json\/wp\/v2\/product"}],"about":[{"href":"https:\/\/gaattestequipment.com\/de\/wp-json\/wp\/v2\/types\/product"}],"replies":[{"embeddable":true,"href":"https:\/\/gaattestequipment.com\/de\/wp-json\/wp\/v2\/comments?post=1827"}],"wp:featuredmedia":[{"embeddable":true,"href":"https:\/\/gaattestequipment.com\/de\/wp-json\/wp\/v2\/media\/1828"}],"wp:attachment":[{"href":"https:\/\/gaattestequipment.com\/de\/wp-json\/wp\/v2\/media?parent=1827"}],"wp:term":[{"taxonomy":"product_brand","embeddable":true,"href":"https:\/\/gaattestequipment.com\/de\/wp-json\/wp\/v2\/product_brand?post=1827"},{"taxonomy":"product_cat","embeddable":true,"href":"https:\/\/gaattestequipment.com\/de\/wp-json\/wp\/v2\/product_cat?post=1827"},{"taxonomy":"product_tag","embeddable":true,"href":"https:\/\/gaattestequipment.com\/de\/wp-json\/wp\/v2\/product_tag?post=1827"}],"curies":[{"name":"wp","href":"https:\/\/api.w.org\/{rel}","templated":true}]}}