{"id":1817,"date":"2024-11-12T07:34:14","date_gmt":"2024-11-12T07:34:14","guid":{"rendered":"https:\/\/gaattestequipment.com\/?post_type=product&#038;p=1817"},"modified":"2025-01-17T07:05:45","modified_gmt":"2025-01-17T07:05:45","slug":"agree-chamber","status":"publish","type":"product","link":"https:\/\/gaattestequipment.com\/de\/manufacturer\/agree-chamber\/","title":{"rendered":"Zustimmen Kammer"},"content":{"rendered":"<h3><span style=\"color: #282828;\">Anwendung von Agree Chamber:<\/span><\/h3>\n<p><span style=\"color: #282828;\">Agree Chamber wird f\u00fcr die Umweltanpassung von Produkten der Luft- und Raumfahrt, der Schifffahrt, der Automobilindustrie und anderen elektronischen Produkten eingesetzt.<\/span><\/p>\n<div class=\"is-divider divider clearfix\" ><\/div>\n\t<div id=\"gap-661037670\" class=\"gap-element clearfix\" style=\"display:block; height:auto;\">\n\t\t\n<style>\n#gap-661037670 {\n  padding-top: 15px;\n}\n<\/style>\n\t<\/div>\n\t\n<h3><span style=\"color: #282828;\">Merkmale:<\/span><\/h3>\n<ul>\n<li><span style=\"color: #282828;\">Vertikaler + horizontaler Vibrationstisch, gr\u00f6\u00dferer Testbereich;<\/span><\/li>\n<li><span style=\"color: #282828;\">Unabh\u00e4ngige Konsole f\u00fcr eine bequeme Bedienung;<\/span><\/li>\n<li><span style=\"color: #282828;\">Kann mit Dongling, Labtone, CVMS, IMV, Vibrationsshaker-Systemen kombiniert werden;<\/span><\/li>\n<li><span style=\"color: #282828;\">500+ Projekte und reiche Erfahrung.<\/span><\/li>\n<\/ul>\n<div class=\"is-divider divider clearfix\" ><\/div>\n\t<div id=\"gap-154459813\" class=\"gap-element clearfix\" style=\"display:block; height:auto;\">\n\t\t\n<style>\n#gap-154459813 {\n  padding-top: 15px;\n}\n<\/style>\n\t<\/div>\n\t\n<h4><span style=\"color: #282828; font-size: 110%;\">Anwendbare Pr\u00fcfnormen:<\/span><\/h4>\n<p><span style=\"color: #282828;\">GB\/2423.10-1995 Pr\u00fcfverfahren f\u00fcr Sinusschwingungen<\/span><\/p>\n<p><span style=\"color: #282828;\">GB\/2433.1-1999 Pr\u00fcfverfahren bei niedrigen Temperaturen<\/span><\/p>\n<p><span style=\"color: #282828;\">GB10589 Feuchte\/hei\u00dfe Testbedingungen<\/span><\/p>\n<p><span style=\"color: #282828;\">GB2323.2-1989 Pr\u00fcfverfahren f\u00fcr hohe Temperaturen<\/span><\/p>\n<p><span style=\"color: #282828;\">GB\/T2423.4-1993 Feucht\/Warm-Wechseltestverfahren<\/span><\/p>\n<p><span style=\"color: #282828;\">GB\/10592 Hohe\/niedrige Temperatur\/Feuchtigkeit Testbedingungen<\/span><\/p>\n<div class=\"is-divider divider clearfix\" ><\/div>\n\t<div id=\"text-1040779799\" class=\"text show-for-small\">\n\t\t\n<h4><span style=\"color: #282828; font-size: 105%;\">Technische Parameter<\/span><\/h4>\n\n<table id=\"tablepress-23\" class=\"tablepress tablepress-id-23 tbody-has-connected-cells\">\n<tbody class=\"row-striping row-hover\">\n<tr class=\"row-1\">\n\t<td class=\"column-1\">Modell<\/td><td colspan=\"2\" class=\"column-2\">SZ-V-225(C\/D\/G)\u3001SZ-V-608(C\/D\/G)\u3001SZ-V-1000(C\/D\/G)\u3001SZ-V-2000(C\/D\/G)<\/td>\n<\/tr>\n<tr class=\"row-2\">\n\t<td class=\"column-1\">Innengr\u00f6\u00dfe BxHxT (mm)<\/td><td colspan=\"2\" class=\"column-2\">500x750x600<br \/>\n(225L)\u3001800x950x800<br \/>\n(608L)\u30011000x1000x1000<br \/>\n(1000L)\u30012000x1000x1000<br \/>\n(2000L)<\/td>\n<\/tr>\n<tr class=\"row-3\">\n\t<td class=\"column-1\">\u00c4u\u00dfere Gr\u00f6\u00dfe BxHxT (mm)<\/td><td colspan=\"2\" class=\"column-2\">700\u00d71800\u00d71900\u3001 1000\u00d72000\u00d72400\u30011200\u00d72000\u00d72600\u30012200\u00d72000\u00d72600<\/td>\n<\/tr>\n<tr class=\"row-4\">\n\t<td class=\"column-1\"><\/td><td colspan=\"2\" class=\"column-2\">*Au\u00dfenma\u00dfe sind abh\u00e4ngig von der endg\u00fcltigen Gestaltung der Schnittstelle zum Sch\u00fcttelsystem auf Projektbasis<\/td>\n<\/tr>\n<tr class=\"row-5\">\n\t<td class=\"column-1\">Temperaturbereich<\/td><td colspan=\"2\" class=\"column-2\">-70\u2103\uff5e+100\/+150\u2103<br \/>\n(C:-20\u2103 D:-40\u2103 G:-70\u2103)<\/td>\n<\/tr>\n<tr class=\"row-6\">\n\t<td class=\"column-1\">Luftfeuchtigkeit Bereich<\/td><td colspan=\"2\" class=\"column-2\">10%\uff5e98%RH (*nur bei Feuchtekammermodellen anwendbar)<\/td>\n<\/tr>\n<tr class=\"row-7\">\n\t<td class=\"column-1\">Temperatur-\/Luftfeuchtigkeitsschwankung<\/td><td colspan=\"2\" class=\"column-2\">\u00b10.5\u2103;<br \/>\n\u00b12,0%RH<\/td>\n<\/tr>\n<tr class=\"row-8\">\n\t<td class=\"column-1\">Abweichung Temperatur \/ Luftfeuchtigkeit<\/td><td colspan=\"2\" class=\"column-2\">\u00b12\u2103<br \/>\n\u2264\u00b13.0%RH (&gt;75%RH); \u2264\u00b15.0%RH (\u226475%RH)<\/td>\n<\/tr>\n<tr class=\"row-9\">\n\t<td class=\"column-1\">Heiz-\/K\u00fchlrate<\/td><td colspan=\"2\" class=\"column-2\">Heizrate \u22655\u2103\/min<br \/>\nAbk\u00fchlungsrate \u22652\u2103\/min<br \/>\n*Wir stellen auch Schnelltemperaturkammern mit Heiz-\/K\u00fchlraten \u226510\u2103\/min, 15\u2103\/min je nach spezifischer Testanforderung her.<\/td>\n<\/tr>\n<tr class=\"row-10\">\n\t<td class=\"column-1\">Einfaches Interface-Design<\/td><td colspan=\"2\" class=\"column-2\">Ma\u00dfgeschneidertes Design auf Projektbasis, um sicherzustellen, dass die Kammer leicht mit vielen verschiedenen Arten von Sch\u00fcttlern f\u00fcr vertikale, horizontale und triaxiale Schwingungen verbunden werden kann.<\/td>\n<\/tr>\n<tr class=\"row-11\">\n\t<td class=\"column-1\">Herausnehmbare B\u00f6den und Blindboden<\/td><td colspan=\"2\" class=\"column-2\">Ausgestattet mit verschiedenen herausnehmbaren B\u00f6den mit thermischen Barrieren, f\u00fcr vertikale und horizontale Schwingungen, kann die Kammer an jeden vorhandenen Standard-Sch\u00fcttler angepasst werden. Wenn Sie die Kammer ohne eingebauten Sch\u00fcttler verwenden m\u00f6chten, ist ein Blindboden erh\u00e4ltlich.<\/td>\n<\/tr>\n<tr class=\"row-12\">\n\t<td class=\"column-1\">Optionale Zusatzger\u00e4te<\/td><td colspan=\"2\" class=\"column-2\">Druckablassventil<br \/>\nGasdetektor.<br \/>\nForcierte Bel\u00fcftungsanlage.<br \/>\nCO2-Feuerl\u00f6scher.<br \/>\nSicherheitsverriegelungsmechanismus.<\/td>\n<\/tr>\n<tr class=\"row-13\">\n\t<td class=\"column-1\">Schutzfunktionen f\u00fcr die Sicherheit<\/td><td colspan=\"2\" class=\"column-2\">\u00dcbertemperaturschutz, Schutz vor automatischem Druckausgleich, Schutz vor \u00dcberhitzung\/\u00dcberstrom\/\u00dcberdruck des Kompressors, Schutz vor \u00dcberhitzung des Kondensationsgebl\u00e4ses, Schutz vor \u00dcberlastung des Gebl\u00e4semotors, Kurzschlussschutz, Umkehrschutz des Gebl\u00e4ses, Schutz vor \u00dcbertemperatur des Heizger\u00e4ts, Kurzschlussschutz, Trockenbrandschutz, Schutz vor Wassermangel (nur bei Modellen mit Feuchtekammer), Schutz vor Erdschluss, \u00dcberlastschutz, Kurzschlussschutz, Schutz vor Phasenfolge.<\/td>\n<\/tr>\n<\/tbody>\n<\/table>\n<!-- #tablepress-23 from cache -->\n\t\t\t<\/div>\n\t\n\t<div id=\"gap-1147179305\" class=\"gap-element clearfix\" style=\"display:block; height:auto;\">\n\t\t\n<style>\n#gap-1147179305 {\n  padding-top: 15px;\n}\n<\/style>\n\t<\/div>\n\t\n\t<div id=\"text-1588609697\" class=\"text hide-for-small\">\n\t\t\n<h4><span style=\"color: #282828; font-size: 110%;\">Technische Parameter<\/span><\/h4>\n\n<table id=\"tablepress-6\" class=\"tablepress tablepress-id-6 tbody-has-connected-cells\">\n<tbody class=\"row-striping row-hover\">\n<tr class=\"row-1\">\n\t<td class=\"column-1\">Modell<\/td><td class=\"column-2\">SZ-V-225(C\/D\/G)<\/td><td class=\"column-3\">SZ-V-608(C\/D\/G)<\/td><td class=\"column-4\">SZ-V-1000(C\/D\/G)\t<\/td><td class=\"column-5\">SZ-V-2000(C\/D\/G)<br \/>\n<\/td>\n<\/tr>\n<tr class=\"row-2\">\n\t<td class=\"column-1\">Innengr\u00f6\u00dfe BxHxT (mm)\t<\/td><td class=\"column-2\">500x750x600<br \/>\n(225L)<\/td><td class=\"column-3\">800x950x800<br \/>\n(608L)<\/td><td class=\"column-4\">1000x1000x1000<br \/>\n(1000L)<\/td><td class=\"column-5\">2000x1000x1000<br \/>\n(2000L)<\/td>\n<\/tr>\n<tr class=\"row-3\">\n\t<td rowspan=\"2\" class=\"column-1\">\u00c4u\u00dfere Gr\u00f6\u00dfe BxHxT (mm)<\/td><td class=\"column-2\">700\u00d71800\u00d71900\t<\/td><td class=\"column-3\">1000\u00d72000\u00d72400\t<\/td><td class=\"column-4\">1200\u00d72000\u00d72600\t<\/td><td class=\"column-5\">2200\u00d72000\u00d72600<br \/>\n<\/td>\n<\/tr>\n<tr class=\"row-4\">\n\t<td colspan=\"4\" class=\"column-2\">*Au\u00dfenma\u00dfe sind abh\u00e4ngig von der endg\u00fcltigen Gestaltung der Schnittstelle zum Sch\u00fcttelsystem auf Projektbasis<br \/>\n<\/td>\n<\/tr>\n<tr class=\"row-5\">\n\t<td class=\"column-1\">Temperaturbereich\t<\/td><td colspan=\"4\" class=\"column-2\">-70\u2103\uff5e+100\/+150\u2103<br \/>\n(C:-20\u2103 D:-40\u2103 G:-70\u2103)<\/td>\n<\/tr>\n<tr class=\"row-6\">\n\t<td class=\"column-1\">Luftfeuchtigkeit Bereich<\/td><td colspan=\"4\" class=\"column-2\">10%\uff5e98%RH (*nur bei Feuchtekammermodellen anwendbar)<\/td>\n<\/tr>\n<tr class=\"row-7\">\n\t<td class=\"column-1\">Temperatur-\/Luftfeuchtigkeitsschwankung<\/td><td colspan=\"4\" class=\"column-2\">\u00b10.5\u2103;<br \/>\n\u00b12,0%RH<\/td>\n<\/tr>\n<tr class=\"row-8\">\n\t<td class=\"column-1\">Abweichung Temperatur \/ Luftfeuchtigkeit<\/td><td colspan=\"4\" class=\"column-2\">\u00b12\u2103<br \/>\n\u2264\u00b13.0%RH (&gt;75%RH); \u2264\u00b15.0%RH (\u226475%RH)<\/td>\n<\/tr>\n<tr class=\"row-9\">\n\t<td class=\"column-1\">Heiz-\/K\u00fchlrate<\/td><td colspan=\"4\" class=\"column-2\">Heizrate \u22655\u2103\/min<br \/>\nAbk\u00fchlungsrate \u22652\u2103\/min<br \/>\n<br \/>\n*Wir stellen auch Schnelltemperaturkammern mit Heiz-\/K\u00fchlraten \u226510\u2103\/min, 15\u2103\/min je nach spezifischer Testanforderung her.<\/td>\n<\/tr>\n<tr class=\"row-10\">\n\t<td class=\"column-1\">Einfaches Interface-Design<\/td><td colspan=\"4\" class=\"column-2\">Ma\u00dfgeschneidertes Design auf Projektbasis, um sicherzustellen, dass die Kammer leicht mit vielen verschiedenen Arten von Sch\u00fcttlern f\u00fcr vertikale, horizontale und triaxiale Schwingungen verbunden werden kann.<\/td>\n<\/tr>\n<tr class=\"row-11\">\n\t<td class=\"column-1\">Herausnehmbare B\u00f6den und Blindboden<\/td><td colspan=\"4\" class=\"column-2\">Ausgestattet mit verschiedenen herausnehmbaren B\u00f6den mit thermischen Barrieren, f\u00fcr vertikale und horizontale Schwingungen, kann die Kammer an jeden vorhandenen Standard-Sch\u00fcttler angepasst werden.<br \/>\nWenn Sie die Kammer ohne den Sch\u00fcttler benutzen m\u00f6chten, ist ein Blindboden erh\u00e4ltlich.<\/td>\n<\/tr>\n<tr class=\"row-12\">\n\t<td class=\"column-1\">Optionale Zusatzger\u00e4te<\/td><td colspan=\"4\" class=\"column-2\">Druckablassventil<br \/>\nGasdetektor<br \/>\n<br \/>\nSystem zur Zwangsbel\u00fcftung<br \/>\n<br \/>\nCO2-Feuerl\u00f6scher<br \/>\n<br \/>\nSicherheitssperre<\/td>\n<\/tr>\n<tr class=\"row-13\">\n\t<td class=\"column-1\">Schutzfunktionen f\u00fcr die Sicherheit<\/td><td colspan=\"4\" class=\"column-2\">\u00dcbertemperaturschutz, Schutz vor automatischem Druckausgleich, Schutz vor \u00dcberhitzung\/\u00dcberstrom\/\u00dcberdruck des Kompressors, Schutz vor \u00dcberhitzung des Kondensationsgebl\u00e4ses, Schutz vor \u00dcberlastung des Gebl\u00e4semotors, Kurzschlussschutz, Umkehrschutz des Gebl\u00e4ses, Schutz vor \u00dcbertemperatur des Heizger\u00e4ts, Kurzschlussschutz, Trockenbrandschutz, Schutz vor Wassermangel (nur bei Modellen mit Feuchtekammer), Schutz vor Erdschluss, \u00dcberlastschutz, Kurzschlussschutz, Schutz vor Phasenfolge.<\/td>\n<\/tr>\n<\/tbody>\n<\/table>\n<!-- #tablepress-6 from cache -->\n\t\t\t<\/div>\n\t\n\t<div id=\"gap-404524032\" class=\"gap-element clearfix\" style=\"display:block; height:auto;\">\n\t\t\n<style>\n#gap-404524032 {\n  padding-top: 20px;\n}\n<\/style>\n\t<\/div>\n\t\n<h4 style=\"text-align: center;\"><span style=\"color: #282828; font-size: 110%;\">Angebot einholen<\/span><\/h4>\n\n<div class=\"wpcf7 no-js\" id=\"wpcf7-f280-o1\" lang=\"en-US\" dir=\"ltr\" data-wpcf7-id=\"280\">\n<div class=\"screen-reader-response\"><p role=\"status\" aria-live=\"polite\" aria-atomic=\"true\"><\/p> <ul><\/ul><\/div>\n<form action=\"\/de\/wp-json\/wp\/v2\/product\/1817#wpcf7-f280-o1\" method=\"post\" class=\"wpcf7-form init\" aria-label=\"Contact form\" novalidate=\"novalidate\" data-status=\"init\" data-trp-original-action=\"\/de\/wp-json\/wp\/v2\/product\/1817#wpcf7-f280-o1\">\n<fieldset class=\"hidden-fields-container\"><input type=\"hidden\" name=\"_wpcf7\" value=\"280\" \/><input type=\"hidden\" name=\"_wpcf7_version\" value=\"6.1.2\" \/><input type=\"hidden\" name=\"_wpcf7_locale\" value=\"en_US\" \/><input type=\"hidden\" name=\"_wpcf7_unit_tag\" value=\"wpcf7-f280-o1\" \/><input type=\"hidden\" name=\"_wpcf7_container_post\" value=\"0\" \/><input type=\"hidden\" name=\"_wpcf7_posted_data_hash\" value=\"\" \/>\n<\/fieldset>\n<div class='custom_contact_style'>\n\t<div class=\"row row-small\">\n\t\t<div class=\"col medium-6 small-12 large-6\">\n\t\t\t<div class=\"col-inner\">\n\t\t\t\t<p><span class=\"wpcf7-form-control-wrap\" data-name=\"your-name\"><input size=\"40\" maxlength=\"400\" class=\"wpcf7-form-control wpcf7-text wpcf7-validates-as-required\" aria-required=\"true\" aria-invalid=\"false\" placeholder=\"Name*\" value=\"\" type=\"text\" name=\"your-name\" \/><\/span>\n\t\t\t\t<\/p>\n\t\t\t<\/div>\n\t\t<\/div>\n\t\t<div class=\"col medium-6 small-12 large-6\">\n\t\t\t<div class=\"col-inner\">\n\t\t\t\t<p><span class=\"wpcf7-form-control-wrap\" data-name=\"your-email\"><input size=\"40\" maxlength=\"400\" class=\"wpcf7-form-control wpcf7-email wpcf7-validates-as-required wpcf7-text wpcf7-validates-as-email\" aria-required=\"true\" aria-invalid=\"false\" placeholder=\"E-Mail*\" value=\"\" type=\"email\" name=\"your-email\" \/><\/span>\n\t\t\t\t<\/p>\n\t\t\t<\/div>\n\t\t<\/div>\n\t<\/div>\n\t<div class='cus_contact_form_bottom'>\n\t\t<p><span class=\"wpcf7-form-control-wrap\" data-name=\"your-phone\"><input size=\"40\" maxlength=\"400\" class=\"wpcf7-form-control wpcf7-text\" aria-invalid=\"false\" placeholder=\"Telefon\" value=\"\" type=\"text\" name=\"your-phone\" \/><\/span>\n\t\t<\/p>\n\t<\/div>\n\t<div class='cus_contact_form_bottom'>\n\t\t<p><span class=\"wpcf7-form-control-wrap\" data-name=\"your-country\"><input size=\"40\" maxlength=\"400\" class=\"wpcf7-form-control wpcf7-text\" aria-invalid=\"false\" placeholder=\"Land\" value=\"\" type=\"text\" name=\"your-country\" \/><\/span>\n\t\t<\/p>\n\t<\/div>\n\t<p><span class=\"wpcf7-form-control-wrap\" data-name=\"your-message\"><textarea cols=\"40\" rows=\"10\" maxlength=\"2000\" class=\"wpcf7-form-control wpcf7-textarea wpcf7-validates-as-required\" aria-required=\"true\" aria-invalid=\"false\" placeholder=\"Ihre Nachricht *\" name=\"your-message\"><\/textarea><\/span>\n\t<\/p>\n\t<div style=\"margin-bottom:10px;\">\n\t\t<p><span class=\"wpcf7-form-control-wrap kc_captcha cf7ic-toggle\" data-name=\"kc_captcha\"><span class=\"wpcf7-form-control wpcf7-radio\"><span class=\"captcha-image\" style=\"display: none;\"><span class=\"cf7ic_instructions\">Please prove you are human by selecting the<span> house<\/span>.<\/span><label><input aria-label=\"1\" type=\"radio\" name=\"kc_captcha\" value=\"kc_human\" \/><svg aria-hidden=\"true\" role=\"img\" xmlns=\"http:\/\/www.w3.org\/2000\/svg\" viewbox=\"0 0 576 512\"><path fill=\"currentColor\" d=\"M488 313v143c0 13-11 24-24 24H348c-7 0-12-5-12-12V356c0-7-5-12-12-12h-72c-7 0-12 5-12 12v112c0 7-5 12-12 12H112c-13 0-24-11-24-24V313c0-4 2-7 4-10l188-154c5-4 11-4 16 0l188 154c2 3 4 6 4 10zm84-61l-84-69V44c0-6-5-12-12-12h-56c-7 0-12 6-12 12v73l-89-74a48 48 0 00-61 0L4 252c-5 4-5 12-1 17l25 31c5 5 12 5 17 1l235-193c5-4 11-4 16 0l235 193c5 5 13 4 17-1l25-31c4-6 4-13-1-17z\"\/><\/svg><\/label><label><input aria-label=\"2\" type=\"radio\" name=\"kc_captcha\" value=\"bot\" \/><svg aria-hidden=\"true\" role=\"img\" xmlns=\"http:\/\/www.w3.org\/2000\/svg\" viewbox=\"0 0 512 512\"><path fill=\"currentColor\" d=\"M350 99c-54 0-98-35-166-35-25 0-47 4-68 12a56 56 0 004-24C118 24 95 1 66 0a56 56 0 00-34 102v386c0 13 11 24 24 24h16c13 0 24-11 24-24v-94c28-12 64-23 114-23 54 0 98 35 166 35 48 0 86-16 122-41 9-6 14-15 14-26V96c0-23-24-39-45-29-35 16-77 32-117 32z\"\/><\/svg><\/label><label><input aria-label=\"3\" type=\"radio\" name=\"kc_captcha\" value=\"bot\" \/><svg aria-hidden=\"true\" role=\"img\" xmlns=\"http:\/\/www.w3.org\/2000\/svg\" viewbox=\"0 0 640 512\"><path fill=\"currentColor\" d=\"M624 352h-16V244c0-13-5-25-14-34L494 110c-9-9-21-14-34-14h-44V48c0-26-21-48-48-48H48C22 0 0 22 0 48v320c0 27 22 48 48 48h16a96 96 0 00192 0h128a96 96 0 00192 0h48c9 0 16-7 16-16v-32c0-9-7-16-16-16zM160 464a48 48 0 110-96 48 48 0 010 96zm320 0a48 48 0 110-96 48 48 0 010 96zm80-208H416V144h44l100 100v12z\"\/><\/svg><\/label>\r\n    <\/span>\r\n    <span style=\"display:none\">\r\n        <input type=\"text\" name=\"kc_honeypot\">\r\n    <\/span><\/span><\/span>\n\t\t<\/p>\n\t<\/div>\n\t<p><input class=\"wpcf7-form-control wpcf7-submit has-spinner\" type=\"submit\" value=\"Nachricht senden\" \/>\n\t<\/p>\n<\/div><div class=\"wpcf7-response-output\" aria-hidden=\"true\"><\/div>\n<input type=\"hidden\" name=\"trp-form-language\" value=\"de\"\/><\/form>\n<\/div>\n\n\t<div id=\"gap-2436243\" class=\"gap-element clearfix\" style=\"display:block; height:auto;\">\n\t\t\n<style>\n#gap-2436243 {\n  padding-top: 30px;\n}\n<\/style>\n\t<\/div>\n\t\n<p><a href=\"https:\/\/gaattestequipment.com\/de\/\"><em><span style=\"color: #282828;\">Zur\u00fcck zu Home&gt;&gt;&gt;<\/span><\/em><\/a><\/p>","protected":false},"excerpt":{"rendered":"<p><span style=\"color: #282828;\">Die Agree Chamber wird auch als Temperatur-Feuchtigkeits-Vibrationskammer bezeichnet. Sie wird zusammen mit einem geeigneten Vibrationssch\u00fcttler verwendet, um die jeweiligen Anforderungen an integrierte Umwelttests von Temperatur, Feuchtigkeit und Vibration zu erf\u00fcllen.<\/span><\/p>","protected":false},"featured_media":1812,"comment_status":"open","ping_status":"closed","template":"","meta":[],"product_brand":[],"product_cat":[15],"product_tag":[],"class_list":{"0":"post-1817","1":"product","2":"type-product","3":"status-publish","4":"has-post-thumbnail","6":"product_cat-climate-chamber-category","8":"first","9":"instock","10":"shipping-taxable","11":"product-type-simple"},"yoast_head":"<!-- This site is optimized with the Yoast SEO plugin v26.0 - https:\/\/yoast.com\/wordpress\/plugins\/seo\/ -->\n<title>Agree Chamber - GAAT<\/title>\n<meta name=\"description\" content=\"Agree Chamber of high quality and great performance. We provide fast delivery, reasonable price and after-sales service. Welcome to contact us!\" \/>\n<meta name=\"robots\" content=\"index, follow, max-snippet:-1, max-image-preview:large, max-video-preview:-1\" \/>\n<link rel=\"canonical\" href=\"https:\/\/gaattestequipment.com\/de\/manufacturer\/agree-chamber\/\" \/>\n<meta property=\"og:locale\" content=\"de_DE\" \/>\n<meta property=\"og:type\" content=\"article\" \/>\n<meta property=\"og:title\" content=\"Agree Chamber - GAAT\" \/>\n<meta property=\"og:description\" content=\"Agree Chamber of high quality and great performance. We provide fast delivery, reasonable price and after-sales service. Welcome to contact us!\" \/>\n<meta property=\"og:url\" content=\"https:\/\/gaattestequipment.com\/de\/manufacturer\/agree-chamber\/\" \/>\n<meta property=\"og:site_name\" content=\"GAAT\" \/>\n<meta property=\"article:modified_time\" content=\"2025-01-17T07:05:45+00:00\" \/>\n<meta property=\"og:image\" content=\"https:\/\/gaattestequipment.com\/wp-content\/uploads\/2024\/11\/Walk-in-climate-chamber-4.png\" \/>\n\t<meta property=\"og:image:width\" content=\"800\" \/>\n\t<meta property=\"og:image:height\" content=\"800\" \/>\n\t<meta property=\"og:image:type\" content=\"image\/png\" \/>\n<meta name=\"twitter:card\" content=\"summary_large_image\" \/>\n<meta name=\"twitter:label1\" content=\"Gesch\u00e4tzte Lesezeit\" \/>\n\t<meta name=\"twitter:data1\" content=\"1\u00a0Minute\" \/>\n<script type=\"application\/ld+json\" class=\"yoast-schema-graph\">{\"@context\":\"https:\/\/schema.org\",\"@graph\":[{\"@type\":\"WebPage\",\"@id\":\"https:\/\/gaattestequipment.com\/ar\/manufacturer\/agree-chamber\/\",\"url\":\"https:\/\/gaattestequipment.com\/ar\/manufacturer\/agree-chamber\/\",\"name\":\"Agree Chamber - GAAT\",\"isPartOf\":{\"@id\":\"https:\/\/mistyrose-dunlin-619425.hostingersite.com\/#website\"},\"primaryImageOfPage\":{\"@id\":\"https:\/\/gaattestequipment.com\/ar\/manufacturer\/agree-chamber\/#primaryimage\"},\"image\":{\"@id\":\"https:\/\/gaattestequipment.com\/ar\/manufacturer\/agree-chamber\/#primaryimage\"},\"thumbnailUrl\":\"https:\/\/gaattestequipment.com\/wp-content\/uploads\/2024\/11\/Walk-in-climate-chamber-4.png\",\"datePublished\":\"2024-11-12T07:34:14+00:00\",\"dateModified\":\"2025-01-17T07:05:45+00:00\",\"description\":\"Agree Chamber of high quality and great performance. We provide fast delivery, reasonable price and after-sales service. Welcome to contact us!\",\"breadcrumb\":{\"@id\":\"https:\/\/gaattestequipment.com\/ar\/manufacturer\/agree-chamber\/#breadcrumb\"},\"inLanguage\":\"de\",\"potentialAction\":[{\"@type\":\"ReadAction\",\"target\":[\"https:\/\/gaattestequipment.com\/ar\/manufacturer\/agree-chamber\/\"]}]},{\"@type\":\"ImageObject\",\"inLanguage\":\"de\",\"@id\":\"https:\/\/gaattestequipment.com\/ar\/manufacturer\/agree-chamber\/#primaryimage\",\"url\":\"https:\/\/gaattestequipment.com\/wp-content\/uploads\/2024\/11\/Walk-in-climate-chamber-4.png\",\"contentUrl\":\"https:\/\/gaattestequipment.com\/wp-content\/uploads\/2024\/11\/Walk-in-climate-chamber-4.png\",\"width\":800,\"height\":800,\"caption\":\"agree chamber\"},{\"@type\":\"BreadcrumbList\",\"@id\":\"https:\/\/gaattestequipment.com\/ar\/manufacturer\/agree-chamber\/#breadcrumb\",\"itemListElement\":[{\"@type\":\"ListItem\",\"position\":1,\"name\":\"Home\",\"item\":\"https:\/\/mistyrose-dunlin-619425.hostingersite.com\/\"},{\"@type\":\"ListItem\",\"position\":2,\"name\":\"Products\",\"item\":\"https:\/\/gaattestequipment.com\/shop\/\"},{\"@type\":\"ListItem\",\"position\":3,\"name\":\"Agree Chamber\"}]},{\"@type\":\"WebSite\",\"@id\":\"https:\/\/mistyrose-dunlin-619425.hostingersite.com\/#website\",\"url\":\"https:\/\/mistyrose-dunlin-619425.hostingersite.com\/\",\"name\":\"GAAT\",\"description\":\"Manufacturer of environmental and reliability testing instruments\",\"potentialAction\":[{\"@type\":\"SearchAction\",\"target\":{\"@type\":\"EntryPoint\",\"urlTemplate\":\"https:\/\/mistyrose-dunlin-619425.hostingersite.com\/?s={search_term_string}\"},\"query-input\":{\"@type\":\"PropertyValueSpecification\",\"valueRequired\":true,\"valueName\":\"search_term_string\"}}],\"inLanguage\":\"de\"}]}<\/script>\n<!-- \/ Yoast SEO plugin. -->","yoast_head_json":{"title":"Zustimmungskammer - GAAT","description":"Zustimmen Kammer von hoher Qualit\u00e4t und gro\u00dfe Leistung. Wir bieten eine schnelle Lieferung, einen angemessenen Preis und einen guten Kundendienst. Nehmen Sie Kontakt mit uns auf!","robots":{"index":"index","follow":"follow","max-snippet":"max-snippet:-1","max-image-preview":"max-image-preview:large","max-video-preview":"max-video-preview:-1"},"canonical":"https:\/\/gaattestequipment.com\/de\/manufacturer\/agree-chamber\/","og_locale":"de_DE","og_type":"article","og_title":"Agree Chamber - GAAT","og_description":"Agree Chamber of high quality and great performance. We provide fast delivery, reasonable price and after-sales service. Welcome to contact us!","og_url":"https:\/\/gaattestequipment.com\/de\/manufacturer\/agree-chamber\/","og_site_name":"GAAT","article_modified_time":"2025-01-17T07:05:45+00:00","og_image":[{"width":800,"height":800,"url":"https:\/\/gaattestequipment.com\/wp-content\/uploads\/2024\/11\/Walk-in-climate-chamber-4.png","type":"image\/png"}],"twitter_card":"summary_large_image","twitter_misc":{"Gesch\u00e4tzte Lesezeit":"1\u00a0Minute"},"schema":{"@context":"https:\/\/schema.org","@graph":[{"@type":"WebPage","@id":"https:\/\/gaattestequipment.com\/ar\/manufacturer\/agree-chamber\/","url":"https:\/\/gaattestequipment.com\/ar\/manufacturer\/agree-chamber\/","name":"Zustimmungskammer - GAAT","isPartOf":{"@id":"https:\/\/mistyrose-dunlin-619425.hostingersite.com\/#website"},"primaryImageOfPage":{"@id":"https:\/\/gaattestequipment.com\/ar\/manufacturer\/agree-chamber\/#primaryimage"},"image":{"@id":"https:\/\/gaattestequipment.com\/ar\/manufacturer\/agree-chamber\/#primaryimage"},"thumbnailUrl":"https:\/\/gaattestequipment.com\/wp-content\/uploads\/2024\/11\/Walk-in-climate-chamber-4.png","datePublished":"2024-11-12T07:34:14+00:00","dateModified":"2025-01-17T07:05:45+00:00","description":"Zustimmen Kammer von hoher Qualit\u00e4t und gro\u00dfe Leistung. Wir bieten eine schnelle Lieferung, einen angemessenen Preis und einen guten Kundendienst. Nehmen Sie Kontakt mit uns auf!","breadcrumb":{"@id":"https:\/\/gaattestequipment.com\/ar\/manufacturer\/agree-chamber\/#breadcrumb"},"inLanguage":"de","potentialAction":[{"@type":"ReadAction","target":["https:\/\/gaattestequipment.com\/ar\/manufacturer\/agree-chamber\/"]}]},{"@type":"ImageObject","inLanguage":"de","@id":"https:\/\/gaattestequipment.com\/ar\/manufacturer\/agree-chamber\/#primaryimage","url":"https:\/\/gaattestequipment.com\/wp-content\/uploads\/2024\/11\/Walk-in-climate-chamber-4.png","contentUrl":"https:\/\/gaattestequipment.com\/wp-content\/uploads\/2024\/11\/Walk-in-climate-chamber-4.png","width":800,"height":800,"caption":"agree chamber"},{"@type":"BreadcrumbList","@id":"https:\/\/gaattestequipment.com\/ar\/manufacturer\/agree-chamber\/#breadcrumb","itemListElement":[{"@type":"ListItem","position":1,"name":"Home","item":"https:\/\/mistyrose-dunlin-619425.hostingersite.com\/"},{"@type":"ListItem","position":2,"name":"Products","item":"https:\/\/gaattestequipment.com\/shop\/"},{"@type":"ListItem","position":3,"name":"Agree Chamber"}]},{"@type":"WebSite","@id":"https:\/\/mistyrose-dunlin-619425.hostingersite.com\/#website","url":"https:\/\/mistyrose-dunlin-619425.hostingersite.com\/","name":"GAAT","description":"Hersteller von Umwelt- und Zuverl\u00e4ssigkeitspr\u00fcfger\u00e4ten","potentialAction":[{"@type":"SearchAction","target":{"@type":"EntryPoint","urlTemplate":"https:\/\/mistyrose-dunlin-619425.hostingersite.com\/?s={search_term_string}"},"query-input":{"@type":"PropertyValueSpecification","valueRequired":true,"valueName":"search_term_string"}}],"inLanguage":"de"}]}},"_links":{"self":[{"href":"https:\/\/gaattestequipment.com\/de\/wp-json\/wp\/v2\/product\/1817","targetHints":{"allow":["GET"]}}],"collection":[{"href":"https:\/\/gaattestequipment.com\/de\/wp-json\/wp\/v2\/product"}],"about":[{"href":"https:\/\/gaattestequipment.com\/de\/wp-json\/wp\/v2\/types\/product"}],"replies":[{"embeddable":true,"href":"https:\/\/gaattestequipment.com\/de\/wp-json\/wp\/v2\/comments?post=1817"}],"wp:featuredmedia":[{"embeddable":true,"href":"https:\/\/gaattestequipment.com\/de\/wp-json\/wp\/v2\/media\/1812"}],"wp:attachment":[{"href":"https:\/\/gaattestequipment.com\/de\/wp-json\/wp\/v2\/media?parent=1817"}],"wp:term":[{"taxonomy":"product_brand","embeddable":true,"href":"https:\/\/gaattestequipment.com\/de\/wp-json\/wp\/v2\/product_brand?post=1817"},{"taxonomy":"product_cat","embeddable":true,"href":"https:\/\/gaattestequipment.com\/de\/wp-json\/wp\/v2\/product_cat?post=1817"},{"taxonomy":"product_tag","embeddable":true,"href":"https:\/\/gaattestequipment.com\/de\/wp-json\/wp\/v2\/product_tag?post=1817"}],"curies":[{"name":"wp","href":"https:\/\/api.w.org\/{rel}","templated":true}]}}