{"id":1809,"date":"2024-11-12T03:10:22","date_gmt":"2024-11-12T03:10:22","guid":{"rendered":"https:\/\/gaattestequipment.com\/?post_type=product&#038;p=1809"},"modified":"2025-01-17T07:07:39","modified_gmt":"2025-01-17T07:07:39","slug":"walk-in-environmental-chamber","status":"publish","type":"product","link":"https:\/\/gaattestequipment.com\/de\/manufacturer\/walk-in-environmental-chamber\/","title":{"rendered":"Begehbare Klimakammer"},"content":{"rendered":"<h3><span style=\"color: #282828;\"><strong>Anwendung von Walk in Environmental Chamber<\/strong>:<\/span><\/h3>\n<p><span style=\"color: #282828;\">Begehbare Umweltkammer bietet <\/span><span style=\"color: #282828;\">Gro\u00dfserienprodukte, Halbfertigprodukte, Fertigprodukte, Temperatur- und Feuchtigkeitstests f\u00fcr die Produktion, z. B. f\u00fcr Computertempomaten und Automobilteile.<\/span><\/p>\n<div class=\"is-divider divider clearfix\" ><\/div>\n\t<div id=\"gap-20761389\" class=\"gap-element clearfix\" style=\"display:block; height:auto;\">\n\t\t\n<style>\n#gap-20761389 {\n  padding-top: 15px;\n}\n<\/style>\n\t<\/div>\n\t\n<h3><span style=\"color: #282828;\"><strong><b>Merkmale:<\/b><\/strong><\/span><\/h3>\n<ul>\n<li><span style=\"color: #282828;\">Temperaturbereich von -70\u2103 bis +80\u2103<\/span><\/li>\n<li><span style=\"color: #282828;\">Gr\u00f6\u00dfe des Testbereichs von 4m\u00b3 bis 60m\u00b3 oder mehr nach Kundenwunsch<\/span><\/li>\n<li><span style=\"color: #282828;\">Schr\u00e4glage f\u00fcr leichten Zugang zu schweren Gegenst\u00e4nden<\/span><\/li>\n<li><span style=\"color: #282828;\">Abnehmbare Platte, einfach zu transportieren und zu installieren<\/span><\/li>\n<li><span style=\"color: #282828;\">Ausgestattet mit einem inneren Sicherheitsschloss, um zu verhindern, dass Personen eingeklemmt werden<\/span><\/li>\n<\/ul>\n<div class=\"is-divider divider clearfix\" style=\"max-width:medium;\"><\/div>\n\t<div id=\"gap-1677518298\" class=\"gap-element clearfix\" style=\"display:block; height:auto;\">\n\t\t\n<style>\n#gap-1677518298 {\n  padding-top: 15px;\n}\n<\/style>\n\t<\/div>\n\t\n<h4><span style=\"color: #282828; font-size: 110%;\"><strong><b>Teststandards:<\/b><\/strong><\/span><\/h4>\n<p><span style=\"color: #282828;\">IEC 60068-2-1 IEC 60068-2-2: 2007 IEC 60068-2-14<\/span><\/p>\n<p><span style=\"color: #282828;\">IEC 60068-2-30 IEC 60068-2-38 IEC 60068-2-78<\/span><\/p>\n<p><span style=\"color: #282828;\">ISO 16750-4 MIL-STD-810G ASTM E1457-13<\/span><\/p>\n<p><span style=\"color: #282828;\">JESD22-A10<\/span><\/p>\n<div class=\"is-divider divider clearfix\" style=\"max-width:medium;\"><\/div>\n\t<div id=\"text-1976048021\" class=\"text show-for-small\">\n\t\t\n<h4><span style=\"color: #282828; font-size: 110%;\">Technisches Datenblatt:<\/span><\/h4>\n\n<table id=\"tablepress-24\" class=\"tablepress tablepress-id-24 tbody-has-connected-cells\">\n<tbody class=\"row-striping row-hover\">\n<tr class=\"row-1\">\n\t<td class=\"column-1\">Modell<\/td><td colspan=\"2\" class=\"column-2\">SZ-A-4000(D\uff5eG)\u3001SZ-A-8000(D\uff5eG)\u3001SZ-A-10000(D\uff5eG)<\/td>\n<\/tr>\n<tr class=\"row-2\">\n\t<td class=\"column-1\">Innenabmessungen BxHxT(mm)<\/td><td colspan=\"2\" class=\"column-2\">1500x1800x1500\u3001 2000x2000x2000\u3001 2500x2200x2000<\/td>\n<\/tr>\n<tr class=\"row-3\">\n\t<td class=\"column-1\">\u00c4u\u00dfere Abmessungen BxHxT(mm)<\/td><td colspan=\"2\" class=\"column-2\">2500x2100x1700\u3001 3100x2300x2260\u3001 3600x2300x2260<\/td>\n<\/tr>\n<tr class=\"row-4\">\n\t<td class=\"column-1\">Temperaturbereich<\/td><td colspan=\"2\" class=\"column-2\">-70\u2103\uff5e+80\u2103 (A1\u00dcber 80\u2103 ist kundenspezifisch)\uff08D:-40\u2103 G:-70\u2103<\/td>\n<\/tr>\n<tr class=\"row-5\">\n\t<td class=\"column-1\">Luftfeuchtigkeit Bereich<\/td><td colspan=\"2\" class=\"column-2\">20%\uff5e95%R.H.(10%-98%R.H\/5%\uff5e98%R.H ist eine Sonderanfertigung)<\/td>\n<\/tr>\n<tr class=\"row-6\">\n\t<td class=\"column-1\">Temperatur Luftfeuchtigkeit Aufl\u00f6sung\/Gleichm\u00e4\u00dfigkeit<\/td><td colspan=\"2\" class=\"column-2\">0,01\u2103; 0,1%R.H.\/\u00b11,0\u2103; \u00b13,0%R.H.<\/td>\n<\/tr>\n<tr class=\"row-7\">\n\t<td class=\"column-1\">Temperatur-Feuchtigkeitsregelung Genauigkeit\/Schwankung<\/td><td colspan=\"2\" class=\"column-2\">\u00b11,0\u2103; \u00b12,0%R.H.\/\u00b10,5\u2103; \u00b12,0%R.H.<\/td>\n<\/tr>\n<tr class=\"row-8\">\n\t<td class=\"column-1\">Heiz-\/K\u00fchlrate<\/td><td colspan=\"2\" class=\"column-2\">Die Heizrate betr\u00e4gt 3,0\u2103\/min, die K\u00fchlrate 1,0\u2103\/min (2\u2103\uff5e15\u2103\/min ist eine Sonderanfertigung)<\/td>\n<\/tr>\n<tr class=\"row-9\">\n\t<td class=\"column-1\">Material innen\/au\u00dfen<\/td><td colspan=\"2\" class=\"column-2\">Innenmaterial ist rostfreier Stahl SUS304#, Au\u00dfenmaterial ist kaltgewalztes Stahlblech mit Farbbehandlung<\/td>\n<\/tr>\n<tr class=\"row-10\">\n\t<td class=\"column-1\">Isoliermaterial<\/td><td colspan=\"2\" class=\"column-2\">Hochtemperaturbest\u00e4ndiges Polyester-Amin-Hartschaum-Isoliermaterial mit hoher Dichte<\/td>\n<\/tr>\n<tr class=\"row-11\">\n\t<td class=\"column-1\">K\u00fchlsystem<\/td><td colspan=\"2\" class=\"column-2\">Bei weniger als 10 Kubikmetern k\u00f6nnen Sie zwischen Luft- und Wasserk\u00fchlung w\u00e4hlen, bei mehr als 10 Kubikmetern ausschlie\u00dflich Wasserk\u00fchlung<\/td>\n<\/tr>\n<tr class=\"row-12\">\n\t<td class=\"column-1\">Schutzvorrichtung<\/td><td colspan=\"2\" class=\"column-2\">\u00dcberlastungsschutzschalter f\u00fcr den Kompressor, Schutzschalter f\u00fcr hohen Niederdruck des K\u00e4ltemittels, \u00dcbertemperaturschutzschalter, Sicherung, Fehlerwarnsystem<\/td>\n<\/tr>\n<tr class=\"row-13\">\n\t<td class=\"column-1\">Ersatzteile<\/td><td colspan=\"2\" class=\"column-2\">Sichtfenster, Testbohrung, Ablage, Gaze<\/td>\n<\/tr>\n<tr class=\"row-14\">\n\t<td class=\"column-1\">Controller<\/td><td colspan=\"2\" class=\"column-2\">Korea Samwon oder andere Marke<\/td>\n<\/tr>\n<tr class=\"row-15\">\n\t<td class=\"column-1\">Kompressor<\/td><td colspan=\"2\" class=\"column-2\">Frankreich Tecumseh oder Deutschland Bitzer<\/td>\n<\/tr>\n<tr class=\"row-16\">\n\t<td class=\"column-1\">Strom<\/td><td colspan=\"2\" class=\"column-2\">3\u03a6380VAC\u00b110%50\/60Hz<\/td>\n<\/tr>\n<tr class=\"row-17\">\n\t<td class=\"column-1\">Mark<\/td><td colspan=\"2\" class=\"column-2\">Bei weniger als 10 Kubikmetern k\u00f6nnen Sie sich f\u00fcr eine ganze Struktur oder eine zusammengesetzte Plattenstruktur entscheiden, bei mehr als 10 Kubikmetern f\u00fcr eine zusammengesetzte Plattenstruktur.<\/td>\n<\/tr>\n<\/tbody>\n<\/table>\n<!-- #tablepress-24 from cache -->\n\t\t\t<\/div>\n\t\n\t<div id=\"gap-416557389\" class=\"gap-element clearfix\" style=\"display:block; height:auto;\">\n\t\t\n<style>\n#gap-416557389 {\n  padding-top: 15px;\n}\n<\/style>\n\t<\/div>\n\t\n\t<div id=\"text-3481839001\" class=\"text hide-for-small\">\n\t\t\n<h4><span style=\"color: #282828; font-size: 110%;\">Technisches Datenblatt:<\/span><\/h4>\n\n<table id=\"tablepress-5\" class=\"tablepress tablepress-id-5 tbody-has-connected-cells\">\n<tbody class=\"row-striping row-hover\">\n<tr class=\"row-1\">\n\t<td class=\"column-1\">Modell<\/td><td class=\"column-2\">SZ-A-4000(D\uff5eG)<\/td><td class=\"column-3\">SZ-A-8000(D\uff5eG)<\/td><td class=\"column-4\">SZ-A-10000(D\uff5eG)<\/td>\n<\/tr>\n<tr class=\"row-2\">\n\t<td class=\"column-1\">Innenabmessungen BxHxT(mm)<\/td><td class=\"column-2\">1500x1800x1500<\/td><td class=\"column-3\">2000x2000x2000<\/td><td class=\"column-4\">2500x2200x2000<\/td>\n<\/tr>\n<tr class=\"row-3\">\n\t<td class=\"column-1\">\u00c4u\u00dfere Abmessungen BxHxT(mm)<\/td><td class=\"column-2\">2500x2100x1700<\/td><td class=\"column-3\">3100x2300x2260<\/td><td class=\"column-4\">3600x2300x2260<\/td>\n<\/tr>\n<tr class=\"row-4\">\n\t<td class=\"column-1\">Temperaturbereich<\/td><td colspan=\"3\" class=\"column-2\">-70\u2103\uff5e+80\u2103 (A1\u00dcber 80\u2103 ist kundenspezifisch)\uff08D:-40\u2103 G:-70\u2103\uff09<\/td>\n<\/tr>\n<tr class=\"row-5\">\n\t<td class=\"column-1\">Luftfeuchtigkeit Bereich<\/td><td colspan=\"3\" class=\"column-2\">20%\uff5e95%R.H.(10%-98%R.H\/5%\uff5e98%R.H ist eine Sonderanfertigung)<\/td>\n<\/tr>\n<tr class=\"row-6\">\n\t<td class=\"column-1\">Temperatur Luftfeuchtigkeit Aufl\u00f6sung\/Gleichm\u00e4\u00dfigkeit<\/td><td colspan=\"3\" class=\"column-2\">0,01\u2103; 0,1%R.H.\/\u00b11,0\u2103; \u00b13,0%R.H.<\/td>\n<\/tr>\n<tr class=\"row-7\">\n\t<td class=\"column-1\">Temperatur-Feuchtigkeitsregelung Genauigkeit\/Schwankung<\/td><td colspan=\"3\" class=\"column-2\">\u00b11,0\u2103; \u00b12,0%R.H.\/\u00b10,5\u2103; \u00b12,0%R.H.<\/td>\n<\/tr>\n<tr class=\"row-8\">\n\t<td class=\"column-1\">Heiz-\/K\u00fchlrate<\/td><td colspan=\"3\" class=\"column-2\">Die Heizrate betr\u00e4gt 3,0\u2103\/min, die K\u00fchlrate 1,0\u2103\/min (2\u2103\uff5e15\u2103\/min ist eine Sonderanfertigung)<\/td>\n<\/tr>\n<tr class=\"row-9\">\n\t<td class=\"column-1\">Material innen\/au\u00dfen<\/td><td colspan=\"3\" class=\"column-2\">Innenmaterial ist rostfreier Stahl SUS304#, Au\u00dfenmaterial ist kaltgewalztes Stahlblech mit Farbbehandlung<\/td>\n<\/tr>\n<tr class=\"row-10\">\n\t<td class=\"column-1\">Isoliermaterial<\/td><td colspan=\"3\" class=\"column-2\">Hochtemperaturbest\u00e4ndiges Polyester-Amin-Hartschaum-Isoliermaterial mit hoher Dichte<\/td>\n<\/tr>\n<tr class=\"row-11\">\n\t<td class=\"column-1\">K\u00fchlsystem<\/td><td colspan=\"3\" class=\"column-2\">Bei weniger als 10 Kubikmetern k\u00f6nnen Sie zwischen Luft- und Wasserk\u00fchlung w\u00e4hlen, bei mehr als 10 Kubikmetern ausschlie\u00dflich Wasserk\u00fchlung<\/td>\n<\/tr>\n<tr class=\"row-12\">\n\t<td class=\"column-1\">Schutzvorrichtung<\/td><td colspan=\"3\" class=\"column-2\">\u00dcberlastungsschutzschalter f\u00fcr den Kompressor, Schutzschalter f\u00fcr hohen Niederdruck des K\u00e4ltemittels, \u00dcbertemperaturschutzschalter, Sicherung, Fehlerwarnsystem<\/td>\n<\/tr>\n<tr class=\"row-13\">\n\t<td class=\"column-1\">Ersatzteile<\/td><td colspan=\"3\" class=\"column-2\">Sichtfenster, Testbohrung, Ablage, Gaze<\/td>\n<\/tr>\n<tr class=\"row-14\">\n\t<td class=\"column-1\">Controller<\/td><td colspan=\"3\" class=\"column-2\">Korea Samwon oder andere Marke<\/td>\n<\/tr>\n<tr class=\"row-15\">\n\t<td class=\"column-1\">Kompressor<\/td><td colspan=\"3\" class=\"column-2\">Frankreich Tecumseh oder Deutschland Bitzer<\/td>\n<\/tr>\n<tr class=\"row-16\">\n\t<td class=\"column-1\">Strom<\/td><td colspan=\"3\" class=\"column-2\">3\u03a6380VAC\u00b110%50\/60Hz<\/td>\n<\/tr>\n<tr class=\"row-17\">\n\t<td class=\"column-1\">Mark<\/td><td colspan=\"3\" class=\"column-2\">Bei weniger als 10 Kubikmetern k\u00f6nnen Sie sich f\u00fcr eine ganze Struktur oder eine zusammengesetzte Plattenstruktur entscheiden, bei mehr als 10 Kubikmetern f\u00fcr eine zusammengesetzte Plattenstruktur.<br \/>\n<\/td>\n<\/tr>\n<\/tbody>\n<\/table>\n<!-- #tablepress-5 from cache -->\n\t\t\t<\/div>\n\t\n\t<div id=\"gap-1710978738\" class=\"gap-element clearfix\" style=\"display:block; height:auto;\">\n\t\t\n<style>\n#gap-1710978738 {\n  padding-top: 25px;\n}\n<\/style>\n\t<\/div>\n\t\n<h3 style=\"text-align: center;\"><span style=\"color: #282828;\">Angebot einholen<\/span><\/h3>\n\n<div class=\"wpcf7 no-js\" id=\"wpcf7-f280-o1\" lang=\"en-US\" dir=\"ltr\" data-wpcf7-id=\"280\">\n<div class=\"screen-reader-response\"><p role=\"status\" aria-live=\"polite\" aria-atomic=\"true\"><\/p> <ul><\/ul><\/div>\n<form action=\"\/de\/wp-json\/wp\/v2\/product\/1809#wpcf7-f280-o1\" method=\"post\" class=\"wpcf7-form init\" aria-label=\"Contact form\" novalidate=\"novalidate\" data-status=\"init\" data-trp-original-action=\"\/de\/wp-json\/wp\/v2\/product\/1809#wpcf7-f280-o1\">\n<fieldset class=\"hidden-fields-container\"><input type=\"hidden\" name=\"_wpcf7\" value=\"280\" \/><input type=\"hidden\" name=\"_wpcf7_version\" value=\"6.1.2\" \/><input type=\"hidden\" name=\"_wpcf7_locale\" value=\"en_US\" \/><input type=\"hidden\" name=\"_wpcf7_unit_tag\" value=\"wpcf7-f280-o1\" \/><input type=\"hidden\" name=\"_wpcf7_container_post\" value=\"0\" \/><input type=\"hidden\" name=\"_wpcf7_posted_data_hash\" value=\"\" \/>\n<\/fieldset>\n<div class='custom_contact_style'>\n\t<div class=\"row row-small\">\n\t\t<div class=\"col medium-6 small-12 large-6\">\n\t\t\t<div class=\"col-inner\">\n\t\t\t\t<p><span class=\"wpcf7-form-control-wrap\" data-name=\"your-name\"><input size=\"40\" maxlength=\"400\" class=\"wpcf7-form-control wpcf7-text wpcf7-validates-as-required\" aria-required=\"true\" aria-invalid=\"false\" placeholder=\"Name*\" value=\"\" type=\"text\" name=\"your-name\" \/><\/span>\n\t\t\t\t<\/p>\n\t\t\t<\/div>\n\t\t<\/div>\n\t\t<div class=\"col medium-6 small-12 large-6\">\n\t\t\t<div class=\"col-inner\">\n\t\t\t\t<p><span class=\"wpcf7-form-control-wrap\" data-name=\"your-email\"><input size=\"40\" maxlength=\"400\" class=\"wpcf7-form-control wpcf7-email wpcf7-validates-as-required wpcf7-text wpcf7-validates-as-email\" aria-required=\"true\" aria-invalid=\"false\" placeholder=\"E-Mail*\" value=\"\" type=\"email\" name=\"your-email\" \/><\/span>\n\t\t\t\t<\/p>\n\t\t\t<\/div>\n\t\t<\/div>\n\t<\/div>\n\t<div class='cus_contact_form_bottom'>\n\t\t<p><span class=\"wpcf7-form-control-wrap\" data-name=\"your-phone\"><input size=\"40\" maxlength=\"400\" class=\"wpcf7-form-control wpcf7-text\" aria-invalid=\"false\" placeholder=\"Telefon\" value=\"\" type=\"text\" name=\"your-phone\" \/><\/span>\n\t\t<\/p>\n\t<\/div>\n\t<div class='cus_contact_form_bottom'>\n\t\t<p><span class=\"wpcf7-form-control-wrap\" data-name=\"your-country\"><input size=\"40\" maxlength=\"400\" class=\"wpcf7-form-control wpcf7-text\" aria-invalid=\"false\" placeholder=\"Land\" value=\"\" type=\"text\" name=\"your-country\" \/><\/span>\n\t\t<\/p>\n\t<\/div>\n\t<p><span class=\"wpcf7-form-control-wrap\" data-name=\"your-message\"><textarea cols=\"40\" rows=\"10\" maxlength=\"2000\" class=\"wpcf7-form-control wpcf7-textarea wpcf7-validates-as-required\" aria-required=\"true\" aria-invalid=\"false\" placeholder=\"Ihre Nachricht *\" name=\"your-message\"><\/textarea><\/span>\n\t<\/p>\n\t<div style=\"margin-bottom:10px;\">\n\t\t<p><span class=\"wpcf7-form-control-wrap kc_captcha cf7ic-toggle\" data-name=\"kc_captcha\"><span class=\"wpcf7-form-control wpcf7-radio\"><span class=\"captcha-image\" style=\"display: none;\"><span class=\"cf7ic_instructions\">Please prove you are human by selecting the<span> tree<\/span>.<\/span><label><input aria-label=\"1\" type=\"radio\" name=\"kc_captcha\" value=\"bot\" \/><svg aria-hidden=\"true\" role=\"img\" xmlns=\"http:\/\/www.w3.org\/2000\/svg\" viewbox=\"0 0 512 512\"><path fill=\"currentColor\" d=\"M500 168h-55l-8-21a127 127 0 00-120-83H195a127 127 0 00-120 83l-8 21H12c-8 0-14 8-11 16l8 24a12 12 0 0011 8h29a64 64 0 00-33 56v48c0 16 6 31 16 42v62c0 13 11 24 24 24h48c13 0 24-11 24-24v-40h256v40c0 13 11 24 24 24h48c13 0 24-11 24-24v-62c10-11 16-26 16-42v-48c0-24-13-45-33-56h29a12 12 0 0011-8l8-24c3-8-3-16-11-16zm-365 2c9-25 33-42 60-42h122c27 0 51 17 60 42l15 38H120l15-38zM88 328a32 32 0 010-64c18 0 48 30 48 48s-30 16-48 16zm336 0c-18 0-48 2-48-16s30-48 48-48 32 14 32 32-14 32-32 32z\"\/><\/svg><\/label><label><input aria-label=\"2\" type=\"radio\" name=\"kc_captcha\" value=\"bot\" \/><svg aria-hidden=\"true\" role=\"img\" xmlns=\"http:\/\/www.w3.org\/2000\/svg\" viewbox=\"0 0 512 512\"><path fill=\"currentColor\" d=\"M512 176a176 176 0 01-209 173l-24 27a24 24 0 01-18 8h-37v40c0 13-11 24-24 24h-40v40c0 13-11 24-24 24H24c-13 0-24-11-24-24v-78c0-6 3-13 7-17l162-162a176 176 0 11343-55zm-176-48a48 48 0 1096 0 48 48 0 00-96 0z\"\/><\/svg><\/label><label><input aria-label=\"3\" type=\"radio\" name=\"kc_captcha\" value=\"kc_human\" \/><svg aria-hidden=\"true\" role=\"img\" xmlns=\"http:\/\/www.w3.org\/2000\/svg\" viewbox=\"0 0 384 512\"><path fill=\"currentColor\" d=\"M377 375l-83-87h34c21 0 32-25 17-40l-82-88h33c21 0 32-25 18-40L210 8c-10-11-26-11-36 0L70 120c-14 15-3 40 18 40h33l-82 88c-15 15-4 40 17 40h34L7 375c-15 16-4 41 17 41h120c0 33-11 49-34 68-12 9-5 28 10 28h144c15 0 22-19 10-28-20-16-34-32-34-68h120c21 0 32-25 17-41z\"\/><\/svg><\/label>\r\n    <\/span>\r\n    <span style=\"display:none\">\r\n        <input type=\"text\" name=\"kc_honeypot\">\r\n    <\/span><\/span><\/span>\n\t\t<\/p>\n\t<\/div>\n\t<p><input class=\"wpcf7-form-control wpcf7-submit has-spinner\" type=\"submit\" value=\"Nachricht senden\" \/>\n\t<\/p>\n<\/div><div class=\"wpcf7-response-output\" aria-hidden=\"true\"><\/div>\n<input type=\"hidden\" name=\"trp-form-language\" value=\"de\"\/><\/form>\n<\/div>\n\n<p><a href=\"https:\/\/gaattestequipment.com\/de\/\"><em><span style=\"color: #282828;\">Zur\u00fcck zu Home&gt;&gt;&gt;<\/span><\/em><\/a><\/p>","protected":false},"excerpt":{"rendered":"<p><span style=\"color: #282828;\">Eine begehbare Kammer ist eine Klimakammer mit gro\u00dfen Abmessungen, die die Benutzer betreten k\u00f6nnen. Eine begehbare Kammer simuliert, genau wie eine Konstantklima-Kammer, bestimmte Umweltbedingungen (Temperatur und relative Luftfeuchtigkeit).<\/span><\/p>","protected":false},"featured_media":1810,"comment_status":"open","ping_status":"closed","template":"","meta":[],"product_brand":[],"product_cat":[15],"product_tag":[],"class_list":{"0":"post-1809","1":"product","2":"type-product","3":"status-publish","4":"has-post-thumbnail","6":"product_cat-climate-chamber-category","8":"first","9":"instock","10":"shipping-taxable","11":"product-type-simple"},"yoast_head":"<!-- This site is optimized with the Yoast SEO plugin v26.0 - https:\/\/yoast.com\/wordpress\/plugins\/seo\/ -->\n<title>Walk In Environmental Chamber<\/title>\n<meta name=\"description\" content=\"Walk-in environmental chamber of high quality. We support sample for test and fast delivery. Offer after-sales service and two year warranty.\" \/>\n<meta name=\"robots\" content=\"index, follow, max-snippet:-1, max-image-preview:large, max-video-preview:-1\" \/>\n<link rel=\"canonical\" href=\"https:\/\/gaattestequipment.com\/de\/manufacturer\/walk-in-environmental-chamber\/\" \/>\n<meta property=\"og:locale\" content=\"de_DE\" \/>\n<meta property=\"og:type\" content=\"article\" \/>\n<meta property=\"og:title\" content=\"Walk In Environmental Chamber\" \/>\n<meta property=\"og:description\" content=\"Walk-in environmental chamber of high quality. We support sample for test and fast delivery. Offer after-sales service and two year warranty.\" \/>\n<meta property=\"og:url\" content=\"https:\/\/gaattestequipment.com\/de\/manufacturer\/walk-in-environmental-chamber\/\" \/>\n<meta property=\"og:site_name\" content=\"GAAT\" \/>\n<meta property=\"article:modified_time\" content=\"2025-01-17T07:07:39+00:00\" \/>\n<meta property=\"og:image\" content=\"https:\/\/gaattestequipment.com\/wp-content\/uploads\/2024\/11\/Walk-in-climate-chamber1.png\" \/>\n\t<meta property=\"og:image:width\" content=\"800\" \/>\n\t<meta property=\"og:image:height\" content=\"800\" \/>\n\t<meta property=\"og:image:type\" content=\"image\/png\" \/>\n<meta name=\"twitter:card\" content=\"summary_large_image\" \/>\n<meta name=\"twitter:label1\" content=\"Gesch\u00e4tzte Lesezeit\" \/>\n\t<meta name=\"twitter:data1\" content=\"1\u00a0Minute\" \/>\n<script type=\"application\/ld+json\" class=\"yoast-schema-graph\">{\"@context\":\"https:\/\/schema.org\",\"@graph\":[{\"@type\":\"WebPage\",\"@id\":\"https:\/\/gaattestequipment.com\/manufacturer\/walk-in-environmental-chamber\/\",\"url\":\"https:\/\/gaattestequipment.com\/manufacturer\/walk-in-environmental-chamber\/\",\"name\":\"Walk In Environmental Chamber\",\"isPartOf\":{\"@id\":\"https:\/\/mistyrose-dunlin-619425.hostingersite.com\/#website\"},\"primaryImageOfPage\":{\"@id\":\"https:\/\/gaattestequipment.com\/manufacturer\/walk-in-environmental-chamber\/#primaryimage\"},\"image\":{\"@id\":\"https:\/\/gaattestequipment.com\/manufacturer\/walk-in-environmental-chamber\/#primaryimage\"},\"thumbnailUrl\":\"https:\/\/gaattestequipment.com\/wp-content\/uploads\/2024\/11\/Walk-in-climate-chamber1.png\",\"datePublished\":\"2024-11-12T03:10:22+00:00\",\"dateModified\":\"2025-01-17T07:07:39+00:00\",\"description\":\"Walk-in environmental chamber of high quality. We support sample for test and fast delivery. Offer after-sales service and two year warranty.\",\"breadcrumb\":{\"@id\":\"https:\/\/gaattestequipment.com\/manufacturer\/walk-in-environmental-chamber\/#breadcrumb\"},\"inLanguage\":\"de\",\"potentialAction\":[{\"@type\":\"ReadAction\",\"target\":[\"https:\/\/gaattestequipment.com\/manufacturer\/walk-in-environmental-chamber\/\"]}]},{\"@type\":\"ImageObject\",\"inLanguage\":\"de\",\"@id\":\"https:\/\/gaattestequipment.com\/manufacturer\/walk-in-environmental-chamber\/#primaryimage\",\"url\":\"https:\/\/gaattestequipment.com\/wp-content\/uploads\/2024\/11\/Walk-in-climate-chamber1.png\",\"contentUrl\":\"https:\/\/gaattestequipment.com\/wp-content\/uploads\/2024\/11\/Walk-in-climate-chamber1.png\",\"width\":800,\"height\":800,\"caption\":\"walk in climate chamber\"},{\"@type\":\"BreadcrumbList\",\"@id\":\"https:\/\/gaattestequipment.com\/manufacturer\/walk-in-environmental-chamber\/#breadcrumb\",\"itemListElement\":[{\"@type\":\"ListItem\",\"position\":1,\"name\":\"Home\",\"item\":\"https:\/\/mistyrose-dunlin-619425.hostingersite.com\/\"},{\"@type\":\"ListItem\",\"position\":2,\"name\":\"Products\",\"item\":\"https:\/\/gaattestequipment.com\/shop\/\"},{\"@type\":\"ListItem\",\"position\":3,\"name\":\"Walk in Climate Chamber\"}]},{\"@type\":\"WebSite\",\"@id\":\"https:\/\/mistyrose-dunlin-619425.hostingersite.com\/#website\",\"url\":\"https:\/\/mistyrose-dunlin-619425.hostingersite.com\/\",\"name\":\"GAAT\",\"description\":\"Manufacturer of environmental and reliability testing instruments\",\"potentialAction\":[{\"@type\":\"SearchAction\",\"target\":{\"@type\":\"EntryPoint\",\"urlTemplate\":\"https:\/\/mistyrose-dunlin-619425.hostingersite.com\/?s={search_term_string}\"},\"query-input\":{\"@type\":\"PropertyValueSpecification\",\"valueRequired\":true,\"valueName\":\"search_term_string\"}}],\"inLanguage\":\"de\"}]}<\/script>\n<!-- \/ Yoast SEO plugin. -->","yoast_head_json":{"title":"Begehbare Umweltkammer","description":"Begehbare Umweltkammer von hoher Qualit\u00e4t. Wir unterst\u00fctzen Muster f\u00fcr Tests und schnelle Lieferung. Wir bieten einen Kundendienst und zwei Jahre Garantie.","robots":{"index":"index","follow":"follow","max-snippet":"max-snippet:-1","max-image-preview":"max-image-preview:large","max-video-preview":"max-video-preview:-1"},"canonical":"https:\/\/gaattestequipment.com\/de\/manufacturer\/walk-in-environmental-chamber\/","og_locale":"de_DE","og_type":"article","og_title":"Walk In Environmental Chamber","og_description":"Walk-in environmental chamber of high quality. We support sample for test and fast delivery. Offer after-sales service and two year warranty.","og_url":"https:\/\/gaattestequipment.com\/de\/manufacturer\/walk-in-environmental-chamber\/","og_site_name":"GAAT","article_modified_time":"2025-01-17T07:07:39+00:00","og_image":[{"width":800,"height":800,"url":"https:\/\/gaattestequipment.com\/wp-content\/uploads\/2024\/11\/Walk-in-climate-chamber1.png","type":"image\/png"}],"twitter_card":"summary_large_image","twitter_misc":{"Gesch\u00e4tzte Lesezeit":"1\u00a0Minute"},"schema":{"@context":"https:\/\/schema.org","@graph":[{"@type":"WebPage","@id":"https:\/\/gaattestequipment.com\/manufacturer\/walk-in-environmental-chamber\/","url":"https:\/\/gaattestequipment.com\/manufacturer\/walk-in-environmental-chamber\/","name":"Begehbare Umweltkammer","isPartOf":{"@id":"https:\/\/mistyrose-dunlin-619425.hostingersite.com\/#website"},"primaryImageOfPage":{"@id":"https:\/\/gaattestequipment.com\/manufacturer\/walk-in-environmental-chamber\/#primaryimage"},"image":{"@id":"https:\/\/gaattestequipment.com\/manufacturer\/walk-in-environmental-chamber\/#primaryimage"},"thumbnailUrl":"https:\/\/gaattestequipment.com\/wp-content\/uploads\/2024\/11\/Walk-in-climate-chamber1.png","datePublished":"2024-11-12T03:10:22+00:00","dateModified":"2025-01-17T07:07:39+00:00","description":"Begehbare Umweltkammer von hoher Qualit\u00e4t. Wir unterst\u00fctzen Muster f\u00fcr Tests und schnelle Lieferung. Wir bieten einen Kundendienst und zwei Jahre Garantie.","breadcrumb":{"@id":"https:\/\/gaattestequipment.com\/manufacturer\/walk-in-environmental-chamber\/#breadcrumb"},"inLanguage":"de","potentialAction":[{"@type":"ReadAction","target":["https:\/\/gaattestequipment.com\/manufacturer\/walk-in-environmental-chamber\/"]}]},{"@type":"ImageObject","inLanguage":"de","@id":"https:\/\/gaattestequipment.com\/manufacturer\/walk-in-environmental-chamber\/#primaryimage","url":"https:\/\/gaattestequipment.com\/wp-content\/uploads\/2024\/11\/Walk-in-climate-chamber1.png","contentUrl":"https:\/\/gaattestequipment.com\/wp-content\/uploads\/2024\/11\/Walk-in-climate-chamber1.png","width":800,"height":800,"caption":"walk in climate chamber"},{"@type":"BreadcrumbList","@id":"https:\/\/gaattestequipment.com\/manufacturer\/walk-in-environmental-chamber\/#breadcrumb","itemListElement":[{"@type":"ListItem","position":1,"name":"Home","item":"https:\/\/mistyrose-dunlin-619425.hostingersite.com\/"},{"@type":"ListItem","position":2,"name":"Products","item":"https:\/\/gaattestequipment.com\/shop\/"},{"@type":"ListItem","position":3,"name":"Walk in Climate Chamber"}]},{"@type":"WebSite","@id":"https:\/\/mistyrose-dunlin-619425.hostingersite.com\/#website","url":"https:\/\/mistyrose-dunlin-619425.hostingersite.com\/","name":"GAAT","description":"Hersteller von Umwelt- und Zuverl\u00e4ssigkeitspr\u00fcfger\u00e4ten","potentialAction":[{"@type":"SearchAction","target":{"@type":"EntryPoint","urlTemplate":"https:\/\/mistyrose-dunlin-619425.hostingersite.com\/?s={search_term_string}"},"query-input":{"@type":"PropertyValueSpecification","valueRequired":true,"valueName":"search_term_string"}}],"inLanguage":"de"}]}},"_links":{"self":[{"href":"https:\/\/gaattestequipment.com\/de\/wp-json\/wp\/v2\/product\/1809","targetHints":{"allow":["GET"]}}],"collection":[{"href":"https:\/\/gaattestequipment.com\/de\/wp-json\/wp\/v2\/product"}],"about":[{"href":"https:\/\/gaattestequipment.com\/de\/wp-json\/wp\/v2\/types\/product"}],"replies":[{"embeddable":true,"href":"https:\/\/gaattestequipment.com\/de\/wp-json\/wp\/v2\/comments?post=1809"}],"wp:featuredmedia":[{"embeddable":true,"href":"https:\/\/gaattestequipment.com\/de\/wp-json\/wp\/v2\/media\/1810"}],"wp:attachment":[{"href":"https:\/\/gaattestequipment.com\/de\/wp-json\/wp\/v2\/media?parent=1809"}],"wp:term":[{"taxonomy":"product_brand","embeddable":true,"href":"https:\/\/gaattestequipment.com\/de\/wp-json\/wp\/v2\/product_brand?post=1809"},{"taxonomy":"product_cat","embeddable":true,"href":"https:\/\/gaattestequipment.com\/de\/wp-json\/wp\/v2\/product_cat?post=1809"},{"taxonomy":"product_tag","embeddable":true,"href":"https:\/\/gaattestequipment.com\/de\/wp-json\/wp\/v2\/product_tag?post=1809"}],"curies":[{"name":"wp","href":"https:\/\/api.w.org\/{rel}","templated":true}]}}