{"id":1802,"date":"2024-11-12T01:58:05","date_gmt":"2024-11-12T01:58:05","guid":{"rendered":"https:\/\/gaattestequipment.com\/?post_type=product&#038;p=1802"},"modified":"2025-01-17T07:08:54","modified_gmt":"2025-01-17T07:08:54","slug":"benchtop-environmental-chamber","status":"publish","type":"product","link":"https:\/\/gaattestequipment.com\/de\/manufacturer\/benchtop-environmental-chamber\/","title":{"rendered":"Benchtop-Klimakammer"},"content":{"rendered":"<h3><span style=\"color: #282828;\"><strong><b>Merkmale:<\/b><\/strong><\/span><\/h3>\n<ul>\n<li><span style=\"color: #282828;\">Benchtop-Umweltkammer mit kompaktem Design, platzsparend<\/span><\/li>\n<li><span style=\"color: #282828;\">Leicht, kann auf den Tisch gestellt werden, geeignet f\u00fcr Labore und B\u00fcros<\/span><\/li>\n<li><span style=\"color: #282828;\">Touchscreen-Controller<\/span><\/li>\n<li><span style=\"color: #282828;\">Ger\u00e4uschpegel von bis zu 50 dB<\/span><\/li>\n<\/ul>\n<div class=\"is-divider divider clearfix\" style=\"max-width:medium;\"><\/div>\n\t<div id=\"gap-933877850\" class=\"gap-element clearfix\" style=\"display:block; height:auto;\">\n\t\t\n<style>\n#gap-933877850 {\n  padding-top: 15px;\n}\n<\/style>\n\t<\/div>\n\t\n<h3><span style=\"color: #282828;\"><strong><b>Anwendung der Benchtop-Umweltkammer:<\/b><\/strong><\/span><\/h3>\n<p><span style=\"color: #282828;\">Es wird h\u00e4ufig zum Testen kleiner Proben in Branchen wie der Kunststoff-, Automobil- und Elektronikindustrie verwendet. Es ist ideal f\u00fcr Lagertests, Temperaturmessungen und vieles mehr.<\/span><\/p>\n<div class=\"is-divider divider clearfix\" style=\"max-width:medium;\"><\/div>\n\t<div id=\"gap-133147672\" class=\"gap-element clearfix\" style=\"display:block; height:auto;\">\n\t\t\n<style>\n#gap-133147672 {\n  padding-top: 15px;\n}\n<\/style>\n\t<\/div>\n\t\n<h4><span style=\"color: #282828; font-size: 110%;\"><strong><b class=\"lazyloaded\">Testen Sie\u00a0<\/b><\/strong><strong><b>S<\/b><\/strong><strong><b>tandards:<\/b><\/strong><\/span><\/h4>\n<p><span style=\"color: #282828;\">IEC 60068-2-1 IEC 60068-2-2: 2007 IEC 60068-2-14<\/span><\/p>\n<p><span style=\"color: #282828;\">IEC 60068-2-30 IEC 60068-2-38 IEC 60068-2-78<\/span><\/p>\n<p><span style=\"color: #282828;\">ISO 16750-4 MIL-STD-810G ASTM E1457-13<\/span><\/p>\n<p><span style=\"color: #282828;\">JESD22-A101<\/span><\/p>\n<div class=\"is-divider divider clearfix\" style=\"max-width:medium;\"><\/div>\n\t<div id=\"gap-1797076044\" class=\"gap-element clearfix\" style=\"display:block; height:auto;\">\n\t\t\n<style>\n#gap-1797076044 {\n  padding-top: 15px;\n}\n<\/style>\n\t<\/div>\n\t\n<h4><span style=\"color: #282828; font-size: 110%;\"><strong><b>Spezifikation:<\/b><\/strong><\/span><\/h4>\n\n<table id=\"tablepress-4\" class=\"tablepress tablepress-id-4 tbody-has-connected-cells\">\n<tbody class=\"row-striping row-hover\">\n<tr class=\"row-1\">\n\t<td class=\"column-1\">Modell<\/td><td class=\"column-2\">SZ-A-36(A\uff5eG)<\/td><td class=\"column-3\">SZ-D-36(A\uff5eG)<\/td>\n<\/tr>\n<tr class=\"row-2\">\n\t<td class=\"column-1\">Typ<\/td><td class=\"column-2\">Kammer f\u00fcr Temperatur und Luftfeuchtigkeit<\/td><td class=\"column-3\">Temperaturkammer<\/td>\n<\/tr>\n<tr class=\"row-3\">\n\t<td class=\"column-1\">Innengr\u00f6\u00dfe BxHxT (mm)<\/td><td colspan=\"2\" class=\"column-2\">300x400x300 (36L)<\/td>\n<\/tr>\n<tr class=\"row-4\">\n\t<td class=\"column-1\">\u00c4u\u00dfere Gr\u00f6\u00dfe BxHxT (mm)<\/td><td colspan=\"2\" class=\"column-2\">850\u00d7900\u00d7860<\/td>\n<\/tr>\n<tr class=\"row-5\">\n\t<td class=\"column-1\">Gewicht<\/td><td colspan=\"2\" class=\"column-2\">160kgs<\/td>\n<\/tr>\n<tr class=\"row-6\">\n\t<td class=\"column-1\">Temperaturbereich<\/td><td colspan=\"2\" class=\"column-2\">-70\u2103\uff5e+150\u2103 (B:-40\u2103 D:-40\u2103 G:-70\u2103)<\/td>\n<\/tr>\n<tr class=\"row-7\">\n\t<td class=\"column-1\">Luftfeuchtigkeit Bereich<\/td><td class=\"column-2\">20%\uff5e98%RH<\/td><td class=\"column-3\">\/<\/td>\n<\/tr>\n<tr class=\"row-8\">\n\t<td class=\"column-1\">Temperatur-\/Luftfeuchtigkeitsschwankung<\/td><td colspan=\"2\" class=\"column-2\">\u00b10.5\u2103;<br \/>\n\u00b12.0%RH (*gilt nur f\u00fcr die Feuchtekammer)<\/td>\n<\/tr>\n<tr class=\"row-9\">\n\t<td class=\"column-1\">Abweichung Temperatur \/ Luftfeuchtigkeit<\/td><td colspan=\"2\" class=\"column-2\">\u00b12\u2103 (\u2264200\u2103)\uff1b\u00b13\u2103 (\u2264300\u2103)<br \/>\n\u2264\u00b13,0%RH (&gt;75%RH); \u2264\u00b15,0%RH (\u226475%RH) (*gilt nur f\u00fcr Feuchtekammer)<\/td>\n<\/tr>\n<tr class=\"row-10\">\n\t<td class=\"column-1\">Heiz-\/K\u00fchlrate<\/td><td colspan=\"2\" class=\"column-2\">Durchschnittliche Heizrate \u2265 4.0\u2103\/min<br \/>\nDurchschnittliche K\u00fchlrate \u2265 1,5\u2103\/min<br \/>\n<br \/>\n(Gem\u00e4\u00df IEC60068-3-5, IEC60068-3-6)<\/td>\n<\/tr>\n<tr class=\"row-11\">\n\t<td class=\"column-1\">Stapelbare Funktion<\/td><td colspan=\"2\" class=\"column-2\">Ausgestattet mit Halterungsteilen, die es dem Kunden erm\u00f6glichen, die gleiche Modellkammer problemlos ohne zus\u00e4tzliche Gestelle zu stapeln<\/td>\n<\/tr>\n<tr class=\"row-12\">\n\t<td class=\"column-1\">Schutzfunktionen f\u00fcr die Sicherheit<\/td><td colspan=\"2\" class=\"column-2\">\u00dcbertemperaturschutz, automatischer Druckausgleichsschutz, Schutz vor Wasseransammlungen am Boden der Testzone, Schutz vor \u00dcberhitzung\/\u00dcberstrom\/\u00dcberdruck des Kompressors, Schutz vor \u00dcberhitzung des Kondensationsgebl\u00e4ses, Schutz vor \u00dcberlastung des Gebl\u00e4semotors, Kurzschlussschutz, Umkehrschutz des Gebl\u00e4ses, Schutz vor \u00dcbertemperatur des Heizger\u00e4ts, Kurzschlussschutz, Trockenbrandschutz, Schutz vor Wassermangel (nur bei Modellen mit Feuchtekammer), Schutz vor Erdschluss, \u00dcberlastschutz, Kurzschlussschutz, Schutz vor Phasenfolge<\/td>\n<\/tr>\n<\/tbody>\n<\/table>\n<!-- #tablepress-4 from cache -->\n\t<div id=\"gap-1217052368\" class=\"gap-element clearfix\" style=\"display:block; height:auto;\">\n\t\t\n<style>\n#gap-1217052368 {\n  padding-top: 30px;\n}\n<\/style>\n\t<\/div>\n\t\n<h3 style=\"text-align: center;\"><span style=\"color: #282828;\">Angebot einholen<\/span><\/h3>\n\n<div class=\"wpcf7 no-js\" id=\"wpcf7-f280-o1\" lang=\"en-US\" dir=\"ltr\" data-wpcf7-id=\"280\">\n<div class=\"screen-reader-response\"><p role=\"status\" aria-live=\"polite\" aria-atomic=\"true\"><\/p> <ul><\/ul><\/div>\n<form action=\"\/de\/wp-json\/wp\/v2\/product\/1802#wpcf7-f280-o1\" method=\"post\" class=\"wpcf7-form init\" aria-label=\"Contact form\" novalidate=\"novalidate\" data-status=\"init\" data-trp-original-action=\"\/de\/wp-json\/wp\/v2\/product\/1802#wpcf7-f280-o1\">\n<fieldset class=\"hidden-fields-container\"><input type=\"hidden\" name=\"_wpcf7\" value=\"280\" \/><input type=\"hidden\" name=\"_wpcf7_version\" value=\"6.1.2\" \/><input type=\"hidden\" name=\"_wpcf7_locale\" value=\"en_US\" \/><input type=\"hidden\" name=\"_wpcf7_unit_tag\" value=\"wpcf7-f280-o1\" \/><input type=\"hidden\" name=\"_wpcf7_container_post\" value=\"0\" \/><input type=\"hidden\" name=\"_wpcf7_posted_data_hash\" value=\"\" \/>\n<\/fieldset>\n<div class='custom_contact_style'>\n\t<div class=\"row row-small\">\n\t\t<div class=\"col medium-6 small-12 large-6\">\n\t\t\t<div class=\"col-inner\">\n\t\t\t\t<p><span class=\"wpcf7-form-control-wrap\" data-name=\"your-name\"><input size=\"40\" maxlength=\"400\" class=\"wpcf7-form-control wpcf7-text wpcf7-validates-as-required\" aria-required=\"true\" aria-invalid=\"false\" placeholder=\"Name*\" value=\"\" type=\"text\" name=\"your-name\" \/><\/span>\n\t\t\t\t<\/p>\n\t\t\t<\/div>\n\t\t<\/div>\n\t\t<div class=\"col medium-6 small-12 large-6\">\n\t\t\t<div class=\"col-inner\">\n\t\t\t\t<p><span class=\"wpcf7-form-control-wrap\" data-name=\"your-email\"><input size=\"40\" maxlength=\"400\" class=\"wpcf7-form-control wpcf7-email wpcf7-validates-as-required wpcf7-text wpcf7-validates-as-email\" aria-required=\"true\" aria-invalid=\"false\" placeholder=\"E-Mail*\" value=\"\" type=\"email\" name=\"your-email\" \/><\/span>\n\t\t\t\t<\/p>\n\t\t\t<\/div>\n\t\t<\/div>\n\t<\/div>\n\t<div class='cus_contact_form_bottom'>\n\t\t<p><span class=\"wpcf7-form-control-wrap\" data-name=\"your-phone\"><input size=\"40\" maxlength=\"400\" class=\"wpcf7-form-control wpcf7-text\" aria-invalid=\"false\" placeholder=\"Telefon\" value=\"\" type=\"text\" name=\"your-phone\" \/><\/span>\n\t\t<\/p>\n\t<\/div>\n\t<div class='cus_contact_form_bottom'>\n\t\t<p><span class=\"wpcf7-form-control-wrap\" data-name=\"your-country\"><input size=\"40\" maxlength=\"400\" class=\"wpcf7-form-control wpcf7-text\" aria-invalid=\"false\" placeholder=\"Land\" value=\"\" type=\"text\" name=\"your-country\" \/><\/span>\n\t\t<\/p>\n\t<\/div>\n\t<p><span class=\"wpcf7-form-control-wrap\" data-name=\"your-message\"><textarea cols=\"40\" rows=\"10\" maxlength=\"2000\" class=\"wpcf7-form-control wpcf7-textarea wpcf7-validates-as-required\" aria-required=\"true\" aria-invalid=\"false\" placeholder=\"Ihre Nachricht *\" name=\"your-message\"><\/textarea><\/span>\n\t<\/p>\n\t<div style=\"margin-bottom:10px;\">\n\t\t<p><span class=\"wpcf7-form-control-wrap kc_captcha cf7ic-toggle\" data-name=\"kc_captcha\"><span class=\"wpcf7-form-control wpcf7-radio\"><span class=\"captcha-image\" style=\"display: none;\"><span class=\"cf7ic_instructions\">Please prove you are human by selecting the<span> plane<\/span>.<\/span><label><input aria-label=\"1\" type=\"radio\" name=\"kc_captcha\" value=\"bot\" \/><svg aria-hidden=\"true\" role=\"img\" xmlns=\"http:\/\/www.w3.org\/2000\/svg\" viewbox=\"0 0 576 512\"><path fill=\"currentColor\" d=\"M488 313v143c0 13-11 24-24 24H348c-7 0-12-5-12-12V356c0-7-5-12-12-12h-72c-7 0-12 5-12 12v112c0 7-5 12-12 12H112c-13 0-24-11-24-24V313c0-4 2-7 4-10l188-154c5-4 11-4 16 0l188 154c2 3 4 6 4 10zm84-61l-84-69V44c0-6-5-12-12-12h-56c-7 0-12 6-12 12v73l-89-74a48 48 0 00-61 0L4 252c-5 4-5 12-1 17l25 31c5 5 12 5 17 1l235-193c5-4 11-4 16 0l235 193c5 5 13 4 17-1l25-31c4-6 4-13-1-17z\"\/><\/svg><\/label><label><input aria-label=\"2\" type=\"radio\" name=\"kc_captcha\" value=\"bot\" \/><svg aria-hidden=\"true\" role=\"img\" xmlns=\"http:\/\/www.w3.org\/2000\/svg\" viewbox=\"0 0 512 512\"><path fill=\"currentColor\" d=\"M350 99c-54 0-98-35-166-35-25 0-47 4-68 12a56 56 0 004-24C118 24 95 1 66 0a56 56 0 00-34 102v386c0 13 11 24 24 24h16c13 0 24-11 24-24v-94c28-12 64-23 114-23 54 0 98 35 166 35 48 0 86-16 122-41 9-6 14-15 14-26V96c0-23-24-39-45-29-35 16-77 32-117 32z\"\/><\/svg><\/label><label><input aria-label=\"3\" type=\"radio\" name=\"kc_captcha\" value=\"kc_human\" \/><svg aria-hidden=\"true\" role=\"img\" xmlns=\"http:\/\/www.w3.org\/2000\/svg\" viewbox=\"0 0 576 512\"><path fill=\"currentColor\" d=\"M472 200H360L256 6a12 12 0 00-10-6h-58c-8 0-14 7-12 15l34 185H100l-35-58a12 12 0 00-10-6H12c-8 0-13 7-12 14l21 106L0 362c-1 7 4 14 12 14h43c4 0 8-2 10-6l35-58h110l-34 185c-2 8 4 15 12 15h58a12 12 0 0010-6l104-194h112c57 0 104-25 104-56s-47-56-104-56z\"\/><\/svg><\/label>\r\n    <\/span>\r\n    <span style=\"display:none\">\r\n        <input type=\"text\" name=\"kc_honeypot\">\r\n    <\/span><\/span><\/span>\n\t\t<\/p>\n\t<\/div>\n\t<p><input class=\"wpcf7-form-control wpcf7-submit has-spinner\" type=\"submit\" value=\"Nachricht senden\" \/>\n\t<\/p>\n<\/div><div class=\"wpcf7-response-output\" aria-hidden=\"true\"><\/div>\n<input type=\"hidden\" name=\"trp-form-language\" value=\"de\"\/><\/form>\n<\/div>\n\n<p><a href=\"https:\/\/gaattestequipment.com\/de\/\"><em><span style=\"color: #282828;\">Zur\u00fcck zu Home&gt;&gt;&gt;<\/span><\/em><\/a><\/p>","protected":false},"excerpt":{"rendered":"<p><span style=\"color: #282828;\">Die Benchtop-Klimakammer simuliert eine breite Palette von Temperatur- und Feuchtigkeitsbedingungen und ist ideal f\u00fcr das Testen kleiner Produkte auf begrenztem Raum. Ihr kompaktes Design passt problemlos auf oder unter einen Schreibtisch und bietet effiziente und leistungsstarke Umwelttests f\u00fcr Labore.<\/span><\/p>","protected":false},"featured_media":1720,"comment_status":"open","ping_status":"closed","template":"","meta":[],"product_brand":[],"product_cat":[15],"product_tag":[],"class_list":{"0":"post-1802","1":"product","2":"type-product","3":"status-publish","4":"has-post-thumbnail","6":"product_cat-climate-chamber-category","8":"first","9":"instock","10":"shipping-taxable","11":"product-type-simple"},"yoast_head":"<!-- This site is optimized with the Yoast SEO plugin v26.0 - https:\/\/yoast.com\/wordpress\/plugins\/seo\/ -->\n<title>Benchtop Environmental Chamber for Testing<\/title>\n<meta name=\"description\" content=\"Benchtop environmental chamber of high quality. We support sample for test and fast delivery. Offer after-sales service and two year warranty.\" \/>\n<meta name=\"robots\" content=\"index, follow, max-snippet:-1, max-image-preview:large, max-video-preview:-1\" \/>\n<link rel=\"canonical\" href=\"https:\/\/gaattestequipment.com\/de\/manufacturer\/benchtop-environmental-chamber\/\" \/>\n<meta property=\"og:locale\" content=\"de_DE\" \/>\n<meta property=\"og:type\" content=\"article\" \/>\n<meta property=\"og:title\" content=\"Benchtop Environmental Chamber for Testing\" \/>\n<meta property=\"og:description\" content=\"Benchtop environmental chamber of high quality. We support sample for test and fast delivery. Offer after-sales service and two year warranty.\" \/>\n<meta property=\"og:url\" content=\"https:\/\/gaattestequipment.com\/de\/manufacturer\/benchtop-environmental-chamber\/\" \/>\n<meta property=\"og:site_name\" content=\"GAAT\" \/>\n<meta property=\"article:modified_time\" content=\"2025-01-17T07:08:54+00:00\" \/>\n<meta property=\"og:image\" content=\"https:\/\/gaattestequipment.com\/wp-content\/uploads\/2024\/11\/GAAT-climate-chamber-benchtop-climatic-chamber-2.png\" \/>\n\t<meta property=\"og:image:width\" content=\"800\" \/>\n\t<meta property=\"og:image:height\" content=\"800\" \/>\n\t<meta property=\"og:image:type\" content=\"image\/png\" \/>\n<meta name=\"twitter:card\" content=\"summary_large_image\" \/>\n<meta name=\"twitter:label1\" content=\"Gesch\u00e4tzte Lesezeit\" \/>\n\t<meta name=\"twitter:data1\" content=\"1\u00a0Minute\" \/>\n<script type=\"application\/ld+json\" class=\"yoast-schema-graph\">{\"@context\":\"https:\/\/schema.org\",\"@graph\":[{\"@type\":\"WebPage\",\"@id\":\"https:\/\/gaattestequipment.com\/ar\/manufacturer\/benchtop-environmental-chamber\/\",\"url\":\"https:\/\/gaattestequipment.com\/ar\/manufacturer\/benchtop-environmental-chamber\/\",\"name\":\"Benchtop Environmental Chamber for Testing\",\"isPartOf\":{\"@id\":\"https:\/\/mistyrose-dunlin-619425.hostingersite.com\/#website\"},\"primaryImageOfPage\":{\"@id\":\"https:\/\/gaattestequipment.com\/ar\/manufacturer\/benchtop-environmental-chamber\/#primaryimage\"},\"image\":{\"@id\":\"https:\/\/gaattestequipment.com\/ar\/manufacturer\/benchtop-environmental-chamber\/#primaryimage\"},\"thumbnailUrl\":\"https:\/\/gaattestequipment.com\/wp-content\/uploads\/2024\/11\/GAAT-climate-chamber-benchtop-climatic-chamber-2.png\",\"datePublished\":\"2024-11-12T01:58:05+00:00\",\"dateModified\":\"2025-01-17T07:08:54+00:00\",\"description\":\"Benchtop environmental chamber of high quality. We support sample for test and fast delivery. Offer after-sales service and two year warranty.\",\"breadcrumb\":{\"@id\":\"https:\/\/gaattestequipment.com\/ar\/manufacturer\/benchtop-environmental-chamber\/#breadcrumb\"},\"inLanguage\":\"de\",\"potentialAction\":[{\"@type\":\"ReadAction\",\"target\":[\"https:\/\/gaattestequipment.com\/ar\/manufacturer\/benchtop-environmental-chamber\/\"]}]},{\"@type\":\"ImageObject\",\"inLanguage\":\"de\",\"@id\":\"https:\/\/gaattestequipment.com\/ar\/manufacturer\/benchtop-environmental-chamber\/#primaryimage\",\"url\":\"https:\/\/gaattestequipment.com\/wp-content\/uploads\/2024\/11\/GAAT-climate-chamber-benchtop-climatic-chamber-2.png\",\"contentUrl\":\"https:\/\/gaattestequipment.com\/wp-content\/uploads\/2024\/11\/GAAT-climate-chamber-benchtop-climatic-chamber-2.png\",\"width\":800,\"height\":800,\"caption\":\"benchtop climatic chamber\"},{\"@type\":\"BreadcrumbList\",\"@id\":\"https:\/\/gaattestequipment.com\/ar\/manufacturer\/benchtop-environmental-chamber\/#breadcrumb\",\"itemListElement\":[{\"@type\":\"ListItem\",\"position\":1,\"name\":\"Home\",\"item\":\"https:\/\/mistyrose-dunlin-619425.hostingersite.com\/\"},{\"@type\":\"ListItem\",\"position\":2,\"name\":\"Products\",\"item\":\"https:\/\/gaattestequipment.com\/shop\/\"},{\"@type\":\"ListItem\",\"position\":3,\"name\":\"Benchtop Climatic Chamber\"}]},{\"@type\":\"WebSite\",\"@id\":\"https:\/\/mistyrose-dunlin-619425.hostingersite.com\/#website\",\"url\":\"https:\/\/mistyrose-dunlin-619425.hostingersite.com\/\",\"name\":\"GAAT\",\"description\":\"Manufacturer of environmental and reliability testing instruments\",\"potentialAction\":[{\"@type\":\"SearchAction\",\"target\":{\"@type\":\"EntryPoint\",\"urlTemplate\":\"https:\/\/mistyrose-dunlin-619425.hostingersite.com\/?s={search_term_string}\"},\"query-input\":{\"@type\":\"PropertyValueSpecification\",\"valueRequired\":true,\"valueName\":\"search_term_string\"}}],\"inLanguage\":\"de\"}]}<\/script>\n<!-- \/ Yoast SEO plugin. -->","yoast_head_json":{"title":"Benchtop-Umweltkammer f\u00fcr Tests","description":"Benchtop-Umweltkammer von hoher Qualit\u00e4t. Wir unterst\u00fctzen Muster f\u00fcr Tests und schnelle Lieferung. Wir bieten einen Kundendienst und zwei Jahre Garantie.","robots":{"index":"index","follow":"follow","max-snippet":"max-snippet:-1","max-image-preview":"max-image-preview:large","max-video-preview":"max-video-preview:-1"},"canonical":"https:\/\/gaattestequipment.com\/de\/manufacturer\/benchtop-environmental-chamber\/","og_locale":"de_DE","og_type":"article","og_title":"Benchtop Environmental Chamber for Testing","og_description":"Benchtop environmental chamber of high quality. We support sample for test and fast delivery. Offer after-sales service and two year warranty.","og_url":"https:\/\/gaattestequipment.com\/de\/manufacturer\/benchtop-environmental-chamber\/","og_site_name":"GAAT","article_modified_time":"2025-01-17T07:08:54+00:00","og_image":[{"width":800,"height":800,"url":"https:\/\/gaattestequipment.com\/wp-content\/uploads\/2024\/11\/GAAT-climate-chamber-benchtop-climatic-chamber-2.png","type":"image\/png"}],"twitter_card":"summary_large_image","twitter_misc":{"Gesch\u00e4tzte Lesezeit":"1\u00a0Minute"},"schema":{"@context":"https:\/\/schema.org","@graph":[{"@type":"WebPage","@id":"https:\/\/gaattestequipment.com\/ar\/manufacturer\/benchtop-environmental-chamber\/","url":"https:\/\/gaattestequipment.com\/ar\/manufacturer\/benchtop-environmental-chamber\/","name":"Benchtop-Umweltkammer f\u00fcr Tests","isPartOf":{"@id":"https:\/\/mistyrose-dunlin-619425.hostingersite.com\/#website"},"primaryImageOfPage":{"@id":"https:\/\/gaattestequipment.com\/ar\/manufacturer\/benchtop-environmental-chamber\/#primaryimage"},"image":{"@id":"https:\/\/gaattestequipment.com\/ar\/manufacturer\/benchtop-environmental-chamber\/#primaryimage"},"thumbnailUrl":"https:\/\/gaattestequipment.com\/wp-content\/uploads\/2024\/11\/GAAT-climate-chamber-benchtop-climatic-chamber-2.png","datePublished":"2024-11-12T01:58:05+00:00","dateModified":"2025-01-17T07:08:54+00:00","description":"Benchtop-Umweltkammer von hoher Qualit\u00e4t. Wir unterst\u00fctzen Muster f\u00fcr Tests und schnelle Lieferung. Wir bieten einen Kundendienst und zwei Jahre Garantie.","breadcrumb":{"@id":"https:\/\/gaattestequipment.com\/ar\/manufacturer\/benchtop-environmental-chamber\/#breadcrumb"},"inLanguage":"de","potentialAction":[{"@type":"ReadAction","target":["https:\/\/gaattestequipment.com\/ar\/manufacturer\/benchtop-environmental-chamber\/"]}]},{"@type":"ImageObject","inLanguage":"de","@id":"https:\/\/gaattestequipment.com\/ar\/manufacturer\/benchtop-environmental-chamber\/#primaryimage","url":"https:\/\/gaattestequipment.com\/wp-content\/uploads\/2024\/11\/GAAT-climate-chamber-benchtop-climatic-chamber-2.png","contentUrl":"https:\/\/gaattestequipment.com\/wp-content\/uploads\/2024\/11\/GAAT-climate-chamber-benchtop-climatic-chamber-2.png","width":800,"height":800,"caption":"benchtop climatic chamber"},{"@type":"BreadcrumbList","@id":"https:\/\/gaattestequipment.com\/ar\/manufacturer\/benchtop-environmental-chamber\/#breadcrumb","itemListElement":[{"@type":"ListItem","position":1,"name":"Home","item":"https:\/\/mistyrose-dunlin-619425.hostingersite.com\/"},{"@type":"ListItem","position":2,"name":"Products","item":"https:\/\/gaattestequipment.com\/shop\/"},{"@type":"ListItem","position":3,"name":"Benchtop Climatic Chamber"}]},{"@type":"WebSite","@id":"https:\/\/mistyrose-dunlin-619425.hostingersite.com\/#website","url":"https:\/\/mistyrose-dunlin-619425.hostingersite.com\/","name":"GAAT","description":"Hersteller von Umwelt- und Zuverl\u00e4ssigkeitspr\u00fcfger\u00e4ten","potentialAction":[{"@type":"SearchAction","target":{"@type":"EntryPoint","urlTemplate":"https:\/\/mistyrose-dunlin-619425.hostingersite.com\/?s={search_term_string}"},"query-input":{"@type":"PropertyValueSpecification","valueRequired":true,"valueName":"search_term_string"}}],"inLanguage":"de"}]}},"_links":{"self":[{"href":"https:\/\/gaattestequipment.com\/de\/wp-json\/wp\/v2\/product\/1802","targetHints":{"allow":["GET"]}}],"collection":[{"href":"https:\/\/gaattestequipment.com\/de\/wp-json\/wp\/v2\/product"}],"about":[{"href":"https:\/\/gaattestequipment.com\/de\/wp-json\/wp\/v2\/types\/product"}],"replies":[{"embeddable":true,"href":"https:\/\/gaattestequipment.com\/de\/wp-json\/wp\/v2\/comments?post=1802"}],"wp:featuredmedia":[{"embeddable":true,"href":"https:\/\/gaattestequipment.com\/de\/wp-json\/wp\/v2\/media\/1720"}],"wp:attachment":[{"href":"https:\/\/gaattestequipment.com\/de\/wp-json\/wp\/v2\/media?parent=1802"}],"wp:term":[{"taxonomy":"product_brand","embeddable":true,"href":"https:\/\/gaattestequipment.com\/de\/wp-json\/wp\/v2\/product_brand?post=1802"},{"taxonomy":"product_cat","embeddable":true,"href":"https:\/\/gaattestequipment.com\/de\/wp-json\/wp\/v2\/product_cat?post=1802"},{"taxonomy":"product_tag","embeddable":true,"href":"https:\/\/gaattestequipment.com\/de\/wp-json\/wp\/v2\/product_tag?post=1802"}],"curies":[{"name":"wp","href":"https:\/\/api.w.org\/{rel}","templated":true}]}}