{"id":1644,"date":"2024-10-26T12:44:56","date_gmt":"2024-10-26T12:44:56","guid":{"rendered":"https:\/\/gaattestequipment.com\/?post_type=product&#038;p=1644"},"modified":"2025-01-14T12:42:09","modified_gmt":"2025-01-14T12:42:09","slug":"salt-fog-chamber","status":"publish","type":"product","link":"https:\/\/gaattestequipment.com\/de\/manufacturer\/salt-fog-chamber\/","title":{"rendered":"Salzspr\u00fchkammer PVC Typ"},"content":{"rendered":"<h1><span style=\"color: #282828; font-size: 90%;\"><strong>Salznebelkammer Details:<\/strong><\/span><\/h1>\n<p><span style=\"color: #282828;\">Die Salznebelkammer wird in verschiedenen Industrien zur Qualit\u00e4tskontrolle und -sicherung eingesetzt. Sie wird auch Salzspr\u00fchkammer genannt. Sie sind besonders wichtig in der Automobil-, Luft- und Raumfahrt-, Elektronik- und Schiffsindustrie, wo Produkte rauen Umweltbedingungen ausgesetzt sind.<\/span><\/p>\n<div class=\"is-divider divider clearfix\" style=\"max-width:medium;\"><\/div>\n\t<div id=\"gap-895098064\" class=\"gap-element clearfix\" style=\"display:block; height:auto;\">\n\t\t\n<style>\n#gap-895098064 {\n  padding-top: 15px;\n}\n<\/style>\n\t<\/div>\n\t\n<h4><span style=\"color: #282828;\"><strong><span style=\"font-size: 115%;\">Eigenschaften<\/span>:<\/strong><\/span><\/h4>\n<ul>\n<li><span style=\"color: #282828;\">PVC-Material ist wirtschaftlich und erschwinglich<\/span><\/li>\n<li><span style=\"color: #282828;\">2 Jahre Garantie<\/span><\/li>\n<li><span style=\"color: #282828;\">Internationale Markenkomponenten<\/span><\/li>\n<li><span style=\"color: #282828;\">Mehrfacher \u00dcberhitzungsschutz<\/span><\/li>\n<li><span style=\"color: #282828;\">Umfassende Optionen f\u00fcr verschiedene Gr\u00f6\u00dfen und die M\u00f6glichkeit, gro\u00dfvolumige Kammern herzustellen<\/span><\/li>\n<\/ul>\n<div class=\"is-divider divider clearfix\" style=\"max-width:medium;\"><\/div>\n\t<div id=\"gap-2004560158\" class=\"gap-element clearfix\" style=\"display:block; height:auto;\">\n\t\t\n<style>\n#gap-2004560158 {\n  padding-top: 15px;\n}\n<\/style>\n\t<\/div>\n\t\n<h4><span style=\"color: #282828;\"><span style=\"font-size: 115%;\"><strong><b>Testen Sie\u00a0<\/b><\/strong><strong><b class=\"lazyloaded\">S<\/b><\/strong><\/span><strong><b><span style=\"font-size: 115%;\">tandards<\/span>:<\/b><\/strong><\/span><\/h4>\n<p><span style=\"color: #282828;\">ISO 4611, ISO 7253, ISO 9227, ASTM B 117, ASTM B368, ASTM B 380, ASTM G85-11, ASTM D 1735, DIN 50021<\/span><\/p>\n<div class=\"is-divider divider clearfix\" style=\"max-width:medium;\"><\/div>\n\t<div id=\"text-260841810\" class=\"text show-for-small\">\n\t\t\n<h4><span style=\"color: #282828; font-size: 115%;\"><strong><b>Technische Parameter<\/b><\/strong><\/span><\/h4>\n\n<table id=\"tablepress-26\" class=\"tablepress tablepress-id-26 tbody-has-connected-cells\">\n<tbody class=\"row-striping row-hover\">\n<tr class=\"row-1\">\n\t<td class=\"column-1\">Modell<\/td><td colspan=\"2\" class=\"column-2\">SZ-60C\u3001SZ-90C\u3001SZ-120C\u3001SZ-160C\u3001SZ-200C<\/td>\n<\/tr>\n<tr class=\"row-2\">\n\t<td class=\"column-1\">Innengr\u00f6\u00dfe BxHxT (mm)<\/td><td colspan=\"2\" class=\"column-2\">600x400x450\u3001900x500x600\u30011200x500x800\u30011600x500x1000\u30012000x600x1200<\/td>\n<\/tr>\n<tr class=\"row-3\">\n\t<td class=\"column-1\">\u00c4u\u00dfere Gr\u00f6\u00dfe BxHxT (mm)<\/td><td colspan=\"2\" class=\"column-2\">1150x1100x600\u30011450x1200x850\u30012050x1320x1050\u30012450x1320x1250\u30012850x1400x1450<\/td>\n<\/tr>\n<tr class=\"row-4\">\n\t<td class=\"column-1\">Kapazit\u00e4t der Testzone (ohne V-f\u00f6rmige Abdeckung)<\/td><td colspan=\"2\" class=\"column-2\">108L\u3001270L\u3001480L\u3001800L\u30011440L<\/td>\n<\/tr>\n<tr class=\"row-5\">\n\t<td class=\"column-1\">Kapazit\u00e4t des Salzl\u00f6sungstanks<\/td><td colspan=\"2\" class=\"column-2\">15L\u300125L\u300140L\u300140L\u300140L<\/td>\n<\/tr>\n<tr class=\"row-6\">\n\t<td class=\"column-1\">Material der Innenkammer<\/td><td colspan=\"2\" class=\"column-2\">PVC-Polyvinylplatte<\/td>\n<\/tr>\n<tr class=\"row-7\">\n\t<td class=\"column-1\">Methode zum \u00d6ffnen der Abdeckung<\/td><td colspan=\"2\" class=\"column-2\">Manuell\u3001Pneumatisch<\/td>\n<\/tr>\n<tr class=\"row-8\">\n\t<td class=\"column-1\">Temperaturbereich\t<\/td><td colspan=\"2\" class=\"column-2\">Testgebiet: RT\uff5e50\u2103<br \/>\nBefeuchtungsturm: RT\uff5e63\u2103<\/td>\n<\/tr>\n<tr class=\"row-9\">\n\t<td class=\"column-1\">Genauigkeit der Temperaturkontrolle<\/td><td colspan=\"2\" class=\"column-2\">Temperaturschwankung\uff1a\u2264 \u00b10,5\u2103<br \/>\nTemperaturgleichm\u00e4\u00dfigkeit\uff1a\u2264 \u00b12\u2103<br \/>\nTemperaturabweichung der Testzone\uff1a\u00b11.0\u2103<\/td>\n<\/tr>\n<tr class=\"row-10\">\n\t<td class=\"column-1\">Spray Methode<\/td><td colspan=\"2\" class=\"column-2\">Dauerspr\u00fchen, zyklisches Spr\u00fchen und programmierbares Spr\u00fchen.<\/td>\n<\/tr>\n<tr class=\"row-11\">\n\t<td class=\"column-1\">Spray Volumen<\/td><td colspan=\"2\" class=\"column-2\">1,0~2,0ml\/80cm2\/h<\/td>\n<\/tr>\n<tr class=\"row-12\">\n\t<td class=\"column-1\">Standard-Konfiguration<\/td><td colspan=\"2\" class=\"column-2\">Benutzerfreundlicher Touchscreen-Controller mit Fernsteuerungs- und \u00dcberwachungssoftware<br \/>\nFixierbare und bewegliche Rollen mit Nivellierfunktion.<br \/>\nTest-Bullauge 1St\u00fcck \u03c650\/100\/200mm.<br \/>\nV-f\u00f6rmiger Probenhalter, O-f\u00f6rmiges Probenrack und schwer beladene untere Probenplatte.<br \/>\nDreifarbige Turmleuchte mit Summer zur Anzeige des Betriebsstatus des Ofens.<\/td>\n<\/tr>\n<tr class=\"row-13\">\n\t<td class=\"column-1\">Optionen<\/td><td colspan=\"2\" class=\"column-2\">Luftkompressor<br \/>\nWasserentmineralisierer \/ Wasserreiniger.<br \/>\nExterner L\u00f6sungsbeh\u00e4lter mit R\u00fchrwerk<\/td>\n<\/tr>\n<tr class=\"row-14\">\n\t<td class=\"column-1\">Sicherheitsmerkmale<\/td><td colspan=\"2\" class=\"column-2\">\u00dcbertemperaturschutz f\u00fcr die Pr\u00fcfkammer und den Druckzylinder, Schutz vor Wasserleckagen f\u00fcr die Pr\u00fcfkammer und den Druckzylinder, Trockenbrandschutz f\u00fcr die Heizung, Alarm bei abnormaler Wasserversorgung, Alarm bei abnormaler Wasserableitung, Schutz vor Erdschluss, \u00dcberlast- und Kurzschlussschutz.<\/td>\n<\/tr>\n<\/tbody>\n<\/table>\n<!-- #tablepress-26 from cache -->\n\t\t\t<\/div>\n\t\n\t<div id=\"gap-1088526094\" class=\"gap-element clearfix\" style=\"display:block; height:auto;\">\n\t\t\n<style>\n#gap-1088526094 {\n  padding-top: 15px;\n}\n<\/style>\n\t<\/div>\n\t\n\t<div id=\"text-202919237\" class=\"text hide-for-small\">\n\t\t\n<h4><span style=\"color: #282828; font-size: 115%;\"><strong><b>Technische Parameter<\/b><\/strong><\/span><\/h4>\n\n<table id=\"tablepress-9\" class=\"tablepress tablepress-id-9 tbody-has-connected-cells\">\n<tbody class=\"row-striping row-hover\">\n<tr class=\"row-1\">\n\t<td class=\"column-1\">Modell<\/td><td class=\"column-2\">SZ-60C\t<\/td><td class=\"column-3\">SZ-90C\t<\/td><td class=\"column-4\">SZ-120C\t<\/td><td class=\"column-5\">SZ-160C\t<\/td><td class=\"column-6\">SZ-200C<br \/>\n<\/td>\n<\/tr>\n<tr class=\"row-2\">\n\t<td class=\"column-1\">Innengr\u00f6\u00dfe BxHxT (mm)\t<\/td><td class=\"column-2\">600x400x450\t<\/td><td class=\"column-3\">900x500x600<\/td><td class=\"column-4\">1200x500x800<\/td><td class=\"column-5\">1600x500x1000<\/td><td class=\"column-6\">2000x600x1200<\/td>\n<\/tr>\n<tr class=\"row-3\">\n\t<td class=\"column-1\">\u00c4u\u00dfere Gr\u00f6\u00dfe BxHxT (mm)\t<\/td><td class=\"column-2\">1150x1100x600<\/td><td class=\"column-3\">1450x1200x850\t<\/td><td class=\"column-4\">2050x1320x1050<\/td><td class=\"column-5\">2450x1320x1250<\/td><td class=\"column-6\">2850x1400x1450<\/td>\n<\/tr>\n<tr class=\"row-4\">\n\t<td class=\"column-1\">Kapazit\u00e4t der Testzone (ohne V-f\u00f6rmige Abdeckung)<\/td><td class=\"column-2\">108L<\/td><td class=\"column-3\">270L<\/td><td class=\"column-4\">480L<\/td><td class=\"column-5\">800L<\/td><td class=\"column-6\">1440L<\/td>\n<\/tr>\n<tr class=\"row-5\">\n\t<td class=\"column-1\">Kapazit\u00e4t des Salzl\u00f6sungstanks\t<\/td><td class=\"column-2\">15L\t<\/td><td class=\"column-3\">25L\t<\/td><td class=\"column-4\">40L<\/td><td class=\"column-5\">40L<\/td><td class=\"column-6\">40L<\/td>\n<\/tr>\n<tr class=\"row-6\">\n\t<td class=\"column-1\">Material der Innenkammer\t<\/td><td colspan=\"5\" class=\"column-2\">PVC-Polyvinylplatte<br \/>\n<\/td>\n<\/tr>\n<tr class=\"row-7\">\n\t<td class=\"column-1\">Methode zum \u00d6ffnen der Abdeckung\t<\/td><td colspan=\"2\" class=\"column-2\">Handbuch<\/td><td colspan=\"3\" class=\"column-4\">Pneumatisch<\/td>\n<\/tr>\n<tr class=\"row-8\">\n\t<td class=\"column-1\">Temperaturbereich<\/td><td colspan=\"5\" class=\"column-2\">Testgebiet: RT\uff5e50\u2103<br \/>\nBefeuchtungsturm: RT\uff5e63\u2103<\/td>\n<\/tr>\n<tr class=\"row-9\">\n\t<td class=\"column-1\">Genauigkeit der Temperaturkontrolle<\/td><td colspan=\"5\" class=\"column-2\">Temperaturschwankung\uff1a\u2264 \u00b10,5\u2103<br \/>\nTemperaturgleichm\u00e4\u00dfigkeit\uff1a\u2264 \u00b12\u2103<br \/>\n<br \/>\nTemperaturabweichung der Testzone\uff1a\u00b11.0\u2103<\/td>\n<\/tr>\n<tr class=\"row-10\">\n\t<td class=\"column-1\">Spray Methode<\/td><td colspan=\"5\" class=\"column-2\">Dauerspr\u00fchen, zyklisches Spr\u00fchen und programmierbares Spr\u00fchen.<\/td>\n<\/tr>\n<tr class=\"row-11\">\n\t<td class=\"column-1\">Spray Volumen<\/td><td colspan=\"5\" class=\"column-2\">1,0~2,0ml\/80cm2\/h<\/td>\n<\/tr>\n<tr class=\"row-12\">\n\t<td class=\"column-1\">Standard-Konfiguration<\/td><td colspan=\"5\" class=\"column-2\">Benutzerfreundlicher Touchscreen-Controller mit Fernsteuerungs- und \u00dcberwachungssoftware<br \/>\nFixierbare und bewegliche Rollen mit Nivellierfunktion<br \/>\n<br \/>\nTest-Bullauge 1St\u00fcck \u03c650\/100\/200mm<br \/>\n<br \/>\nV-f\u00f6rmiger Probenhalter, O-f\u00f6rmiges Probenrack und schwer beladener Probenteller unten<br \/>\n<br \/>\nDreifarbige Turmleuchte mit Summer zur Anzeige des Ofenbetriebsstatus<\/td>\n<\/tr>\n<tr class=\"row-13\">\n\t<td class=\"column-1\">Optionen<\/td><td colspan=\"5\" class=\"column-2\">Luftkompressor<br \/>\nWasserentmineralisierer \/ Wasseraufbereiter<br \/>\n<br \/>\nExterner L\u00f6sungsbeh\u00e4lter mit R\u00fchrwerk<\/td>\n<\/tr>\n<tr class=\"row-14\">\n\t<td class=\"column-1\">Sicherheitsmerkmale<\/td><td colspan=\"5\" class=\"column-2\">\u00dcbertemperaturschutz f\u00fcr die Pr\u00fcfkammer und den Druckzylinder, Schutz vor Wasserleckagen f\u00fcr die Pr\u00fcfkammer und den Druckzylinder, Trockenbrandschutz f\u00fcr die Heizung, Alarm bei abnormaler Wasserversorgung, Alarm bei abnormaler Wasserableitung, Schutz vor Erdschluss, \u00dcberlast- und Kurzschlussschutz.<\/td>\n<\/tr>\n<\/tbody>\n<\/table>\n<!-- #tablepress-9 from cache -->\n\t\t\t<\/div>\n\t\n\t<div id=\"gap-1005696412\" class=\"gap-element clearfix\" style=\"display:block; height:auto;\">\n\t\t\n<style>\n#gap-1005696412 {\n  padding-top: 20px;\n}\n<\/style>\n\t<\/div>\n\t\n<h4 style=\"text-align: center;\"><span style=\"color: #282828; font-size: 115%;\">Angebot einholen<\/span><\/h4>\n\n<div class=\"wpcf7 no-js\" id=\"wpcf7-f280-o1\" lang=\"en-US\" dir=\"ltr\" data-wpcf7-id=\"280\">\n<div class=\"screen-reader-response\"><p role=\"status\" aria-live=\"polite\" aria-atomic=\"true\"><\/p> <ul><\/ul><\/div>\n<form action=\"\/de\/wp-json\/wp\/v2\/product\/1644#wpcf7-f280-o1\" method=\"post\" class=\"wpcf7-form init\" aria-label=\"Contact form\" novalidate=\"novalidate\" data-status=\"init\" data-trp-original-action=\"\/de\/wp-json\/wp\/v2\/product\/1644#wpcf7-f280-o1\">\n<fieldset class=\"hidden-fields-container\"><input type=\"hidden\" name=\"_wpcf7\" value=\"280\" \/><input type=\"hidden\" name=\"_wpcf7_version\" value=\"6.1.2\" \/><input type=\"hidden\" name=\"_wpcf7_locale\" value=\"en_US\" \/><input type=\"hidden\" name=\"_wpcf7_unit_tag\" value=\"wpcf7-f280-o1\" \/><input type=\"hidden\" name=\"_wpcf7_container_post\" value=\"0\" \/><input type=\"hidden\" name=\"_wpcf7_posted_data_hash\" value=\"\" \/>\n<\/fieldset>\n<div class='custom_contact_style'>\n\t<div class=\"row row-small\">\n\t\t<div class=\"col medium-6 small-12 large-6\">\n\t\t\t<div class=\"col-inner\">\n\t\t\t\t<p><span class=\"wpcf7-form-control-wrap\" data-name=\"your-name\"><input size=\"40\" maxlength=\"400\" class=\"wpcf7-form-control wpcf7-text wpcf7-validates-as-required\" aria-required=\"true\" aria-invalid=\"false\" placeholder=\"Name*\" value=\"\" type=\"text\" name=\"your-name\" \/><\/span>\n\t\t\t\t<\/p>\n\t\t\t<\/div>\n\t\t<\/div>\n\t\t<div class=\"col medium-6 small-12 large-6\">\n\t\t\t<div class=\"col-inner\">\n\t\t\t\t<p><span class=\"wpcf7-form-control-wrap\" data-name=\"your-email\"><input size=\"40\" maxlength=\"400\" class=\"wpcf7-form-control wpcf7-email wpcf7-validates-as-required wpcf7-text wpcf7-validates-as-email\" aria-required=\"true\" aria-invalid=\"false\" placeholder=\"E-Mail*\" value=\"\" type=\"email\" name=\"your-email\" \/><\/span>\n\t\t\t\t<\/p>\n\t\t\t<\/div>\n\t\t<\/div>\n\t<\/div>\n\t<div class='cus_contact_form_bottom'>\n\t\t<p><span class=\"wpcf7-form-control-wrap\" data-name=\"your-phone\"><input size=\"40\" maxlength=\"400\" class=\"wpcf7-form-control wpcf7-text\" aria-invalid=\"false\" placeholder=\"Telefon\" value=\"\" type=\"text\" name=\"your-phone\" \/><\/span>\n\t\t<\/p>\n\t<\/div>\n\t<div class='cus_contact_form_bottom'>\n\t\t<p><span class=\"wpcf7-form-control-wrap\" data-name=\"your-country\"><input size=\"40\" maxlength=\"400\" class=\"wpcf7-form-control wpcf7-text\" aria-invalid=\"false\" placeholder=\"Land\" value=\"\" type=\"text\" name=\"your-country\" \/><\/span>\n\t\t<\/p>\n\t<\/div>\n\t<p><span class=\"wpcf7-form-control-wrap\" data-name=\"your-message\"><textarea cols=\"40\" rows=\"10\" maxlength=\"2000\" class=\"wpcf7-form-control wpcf7-textarea wpcf7-validates-as-required\" aria-required=\"true\" aria-invalid=\"false\" placeholder=\"Ihre Nachricht *\" name=\"your-message\"><\/textarea><\/span>\n\t<\/p>\n\t<div style=\"margin-bottom:10px;\">\n\t\t<p><span class=\"wpcf7-form-control-wrap kc_captcha cf7ic-toggle\" data-name=\"kc_captcha\"><span class=\"wpcf7-form-control wpcf7-radio\"><span class=\"captcha-image\" style=\"display: none;\"><span class=\"cf7ic_instructions\">Please prove you are human by selecting the<span> truck<\/span>.<\/span><label><input aria-label=\"1\" type=\"radio\" name=\"kc_captcha\" value=\"bot\" \/><svg aria-hidden=\"true\" role=\"img\" xmlns=\"http:\/\/www.w3.org\/2000\/svg\" viewbox=\"0 0 576 512\"><path fill=\"currentColor\" d=\"M259 18l-65 132-146 22c-26 3-37 36-18 54l106 103-25 146c-5 26 23 46 46 33l131-68 131 68c23 13 51-7 46-33l-25-146 106-103c19-18 8-51-18-54l-146-22-65-132a32 32 0 00-58 0z\"\/><\/svg><\/label><label><input aria-label=\"2\" type=\"radio\" name=\"kc_captcha\" value=\"kc_human\" \/><svg aria-hidden=\"true\" role=\"img\" xmlns=\"http:\/\/www.w3.org\/2000\/svg\" viewbox=\"0 0 640 512\"><path fill=\"currentColor\" d=\"M624 352h-16V244c0-13-5-25-14-34L494 110c-9-9-21-14-34-14h-44V48c0-26-21-48-48-48H48C22 0 0 22 0 48v320c0 27 22 48 48 48h16a96 96 0 00192 0h128a96 96 0 00192 0h48c9 0 16-7 16-16v-32c0-9-7-16-16-16zM160 464a48 48 0 110-96 48 48 0 010 96zm320 0a48 48 0 110-96 48 48 0 010 96zm80-208H416V144h44l100 100v12z\"\/><\/svg><\/label><label><input aria-label=\"3\" type=\"radio\" name=\"kc_captcha\" value=\"bot\" \/><svg aria-hidden=\"true\" role=\"img\" xmlns=\"http:\/\/www.w3.org\/2000\/svg\" viewbox=\"0 0 576 512\"><path fill=\"currentColor\" d=\"M472 200H360L256 6a12 12 0 00-10-6h-58c-8 0-14 7-12 15l34 185H100l-35-58a12 12 0 00-10-6H12c-8 0-13 7-12 14l21 106L0 362c-1 7 4 14 12 14h43c4 0 8-2 10-6l35-58h110l-34 185c-2 8 4 15 12 15h58a12 12 0 0010-6l104-194h112c57 0 104-25 104-56s-47-56-104-56z\"\/><\/svg><\/label>\r\n    <\/span>\r\n    <span style=\"display:none\">\r\n        <input type=\"text\" name=\"kc_honeypot\">\r\n    <\/span><\/span><\/span>\n\t\t<\/p>\n\t<\/div>\n\t<p><input class=\"wpcf7-form-control wpcf7-submit has-spinner\" type=\"submit\" value=\"Nachricht senden\" \/>\n\t<\/p>\n<\/div><div class=\"wpcf7-response-output\" aria-hidden=\"true\"><\/div>\n<input type=\"hidden\" name=\"trp-form-language\" value=\"de\"\/><\/form>\n<\/div>\n\n\t<div id=\"gap-1870330532\" class=\"gap-element clearfix hide-for-small\" style=\"display:block; height:auto;\">\n\t\t\n<style>\n#gap-1870330532 {\n  padding-top: 30px;\n}\n<\/style>\n\t<\/div>\n\t\n\t<div id=\"text-1042925994\" class=\"text hide-for-small\">\n\t\t\n<h4><span style=\"color: #000000; font-size: 115%;\">Klicken Sie, um mehr zu erfahren:<\/span><\/h4>\n<p><span style=\"color: #000000;\"><a href=\"https:\/\/gaattestequipment.com\/de\/environmental-test-chamber-product-page\/\">Produkt-Kategorie<\/a> \/ <a href=\"https:\/\/gaattestequipment.com\/de\/about-us-2\/\">Unser Unternehmen<\/a> \/ <a href=\"https:\/\/gaattestequipment.com\/de\/service\/\">Unser Service<\/a><\/span><\/p>\n\t\t\t<\/div>","protected":false},"excerpt":{"rendered":"<p><span style=\"color: #282828;\">Die Salzspr\u00fchkammer, auch bekannt als Salznebelpr\u00fcfkammer, ist eine spezielle Ausr\u00fcstung, mit der die Auswirkungen von Salzspr\u00fchnebeltests auf Materialien und Beschichtungen simuliert und gemessen werden k\u00f6nnen. In der Regel werden damit verschiedene Salzspr\u00fch- und Korrosionstests durchgef\u00fchrt, die von einigen Stunden bis zu Monaten dauern k\u00f6nnen. So l\u00e4sst sich feststellen, ob das Produkt den korrosiven Bedingungen, denen es ausgesetzt ist, standh\u00e4lt.<\/span><\/p>","protected":false},"featured_media":1645,"comment_status":"open","ping_status":"closed","template":"","meta":[],"product_brand":[],"product_cat":[38],"product_tag":[],"class_list":{"0":"post-1644","1":"product","2":"type-product","3":"status-publish","4":"has-post-thumbnail","6":"product_cat-salt-spray-chamber","8":"first","9":"instock","10":"shipping-taxable","11":"product-type-simple"},"yoast_head":"<!-- This site is optimized with the Yoast SEO plugin v26.0 - https:\/\/yoast.com\/wordpress\/plugins\/seo\/ -->\n<title>Salt Fog Chamber for Simulation and Test<\/title>\n<meta name=\"description\" content=\"Salt spray chamber, also known as salt fog test chamber, is\u00a0used to simulate and measure the effects of salt spray test on materials and coatings.\" \/>\n<meta name=\"robots\" content=\"index, follow, max-snippet:-1, max-image-preview:large, max-video-preview:-1\" \/>\n<link rel=\"canonical\" href=\"https:\/\/gaattestequipment.com\/de\/manufacturer\/salt-fog-chamber\/\" \/>\n<meta property=\"og:locale\" content=\"de_DE\" \/>\n<meta property=\"og:type\" content=\"article\" \/>\n<meta property=\"og:title\" content=\"Salt Fog Chamber for Simulation and Test\" \/>\n<meta property=\"og:description\" content=\"Salt spray chamber, also known as salt fog test chamber, is\u00a0used to simulate and measure the effects of salt spray test on materials and coatings.\" \/>\n<meta property=\"og:url\" content=\"https:\/\/gaattestequipment.com\/de\/manufacturer\/salt-fog-chamber\/\" \/>\n<meta property=\"og:site_name\" content=\"GAAT\" \/>\n<meta property=\"article:modified_time\" content=\"2025-01-14T12:42:09+00:00\" \/>\n<meta property=\"og:image\" content=\"https:\/\/gaattestequipment.com\/wp-content\/uploads\/2024\/10\/GAAT-Salt-Spray-Chamber-PVC-Type.png\" \/>\n\t<meta property=\"og:image:width\" content=\"800\" \/>\n\t<meta property=\"og:image:height\" content=\"800\" \/>\n\t<meta property=\"og:image:type\" content=\"image\/png\" \/>\n<meta name=\"twitter:card\" content=\"summary_large_image\" \/>\n<meta name=\"twitter:label1\" content=\"Gesch\u00e4tzte Lesezeit\" \/>\n\t<meta name=\"twitter:data1\" content=\"1\u00a0Minute\" \/>\n<script type=\"application\/ld+json\" class=\"yoast-schema-graph\">{\"@context\":\"https:\/\/schema.org\",\"@graph\":[{\"@type\":\"WebPage\",\"@id\":\"https:\/\/gaattestequipment.com\/ja\/manufacturer\/salt-fog-chamber\/\",\"url\":\"https:\/\/gaattestequipment.com\/ja\/manufacturer\/salt-fog-chamber\/\",\"name\":\"Salt Fog Chamber for Simulation and Test\",\"isPartOf\":{\"@id\":\"https:\/\/mistyrose-dunlin-619425.hostingersite.com\/#website\"},\"primaryImageOfPage\":{\"@id\":\"https:\/\/gaattestequipment.com\/ja\/manufacturer\/salt-fog-chamber\/#primaryimage\"},\"image\":{\"@id\":\"https:\/\/gaattestequipment.com\/ja\/manufacturer\/salt-fog-chamber\/#primaryimage\"},\"thumbnailUrl\":\"https:\/\/gaattestequipment.com\/wp-content\/uploads\/2024\/10\/GAAT-Salt-Spray-Chamber-PVC-Type.png\",\"datePublished\":\"2024-10-26T12:44:56+00:00\",\"dateModified\":\"2025-01-14T12:42:09+00:00\",\"description\":\"Salt spray chamber, also known as salt fog test chamber, is\u00a0used to simulate and measure the effects of salt spray test on materials and coatings.\",\"breadcrumb\":{\"@id\":\"https:\/\/gaattestequipment.com\/ja\/manufacturer\/salt-fog-chamber\/#breadcrumb\"},\"inLanguage\":\"de\",\"potentialAction\":[{\"@type\":\"ReadAction\",\"target\":[\"https:\/\/gaattestequipment.com\/ja\/manufacturer\/salt-fog-chamber\/\"]}]},{\"@type\":\"ImageObject\",\"inLanguage\":\"de\",\"@id\":\"https:\/\/gaattestequipment.com\/ja\/manufacturer\/salt-fog-chamber\/#primaryimage\",\"url\":\"https:\/\/gaattestequipment.com\/wp-content\/uploads\/2024\/10\/GAAT-Salt-Spray-Chamber-PVC-Type.png\",\"contentUrl\":\"https:\/\/gaattestequipment.com\/wp-content\/uploads\/2024\/10\/GAAT-Salt-Spray-Chamber-PVC-Type.png\",\"width\":800,\"height\":800},{\"@type\":\"BreadcrumbList\",\"@id\":\"https:\/\/gaattestequipment.com\/ja\/manufacturer\/salt-fog-chamber\/#breadcrumb\",\"itemListElement\":[{\"@type\":\"ListItem\",\"position\":1,\"name\":\"Home\",\"item\":\"https:\/\/mistyrose-dunlin-619425.hostingersite.com\/\"},{\"@type\":\"ListItem\",\"position\":2,\"name\":\"Products\",\"item\":\"https:\/\/gaattestequipment.com\/shop\/\"},{\"@type\":\"ListItem\",\"position\":3,\"name\":\"Salt Spray Chamber PVC Type\"}]},{\"@type\":\"WebSite\",\"@id\":\"https:\/\/mistyrose-dunlin-619425.hostingersite.com\/#website\",\"url\":\"https:\/\/mistyrose-dunlin-619425.hostingersite.com\/\",\"name\":\"GAAT\",\"description\":\"Manufacturer of environmental and reliability testing instruments\",\"potentialAction\":[{\"@type\":\"SearchAction\",\"target\":{\"@type\":\"EntryPoint\",\"urlTemplate\":\"https:\/\/mistyrose-dunlin-619425.hostingersite.com\/?s={search_term_string}\"},\"query-input\":{\"@type\":\"PropertyValueSpecification\",\"valueRequired\":true,\"valueName\":\"search_term_string\"}}],\"inLanguage\":\"de\"}]}<\/script>\n<!-- \/ Yoast SEO plugin. -->","yoast_head_json":{"title":"Salznebelkammer f\u00fcr Simulation und Test","description":"Die Salzspr\u00fchkammer, auch bekannt als Salznebeltestkammer, wird verwendet, um die Auswirkungen von Salzspr\u00fchtests auf Materialien und Beschichtungen zu simulieren und zu messen.","robots":{"index":"index","follow":"follow","max-snippet":"max-snippet:-1","max-image-preview":"max-image-preview:large","max-video-preview":"max-video-preview:-1"},"canonical":"https:\/\/gaattestequipment.com\/de\/manufacturer\/salt-fog-chamber\/","og_locale":"de_DE","og_type":"article","og_title":"Salt Fog Chamber for Simulation and Test","og_description":"Salt spray chamber, also known as salt fog test chamber, is\u00a0used to simulate and measure the effects of salt spray test on materials and coatings.","og_url":"https:\/\/gaattestequipment.com\/de\/manufacturer\/salt-fog-chamber\/","og_site_name":"GAAT","article_modified_time":"2025-01-14T12:42:09+00:00","og_image":[{"width":800,"height":800,"url":"https:\/\/gaattestequipment.com\/wp-content\/uploads\/2024\/10\/GAAT-Salt-Spray-Chamber-PVC-Type.png","type":"image\/png"}],"twitter_card":"summary_large_image","twitter_misc":{"Gesch\u00e4tzte Lesezeit":"1\u00a0Minute"},"schema":{"@context":"https:\/\/schema.org","@graph":[{"@type":"WebPage","@id":"https:\/\/gaattestequipment.com\/ja\/manufacturer\/salt-fog-chamber\/","url":"https:\/\/gaattestequipment.com\/ja\/manufacturer\/salt-fog-chamber\/","name":"Salznebelkammer f\u00fcr Simulation und Test","isPartOf":{"@id":"https:\/\/mistyrose-dunlin-619425.hostingersite.com\/#website"},"primaryImageOfPage":{"@id":"https:\/\/gaattestequipment.com\/ja\/manufacturer\/salt-fog-chamber\/#primaryimage"},"image":{"@id":"https:\/\/gaattestequipment.com\/ja\/manufacturer\/salt-fog-chamber\/#primaryimage"},"thumbnailUrl":"https:\/\/gaattestequipment.com\/wp-content\/uploads\/2024\/10\/GAAT-Salt-Spray-Chamber-PVC-Type.png","datePublished":"2024-10-26T12:44:56+00:00","dateModified":"2025-01-14T12:42:09+00:00","description":"Die Salzspr\u00fchkammer, auch bekannt als Salznebeltestkammer, wird verwendet, um die Auswirkungen von Salzspr\u00fchtests auf Materialien und Beschichtungen zu simulieren und zu messen.","breadcrumb":{"@id":"https:\/\/gaattestequipment.com\/ja\/manufacturer\/salt-fog-chamber\/#breadcrumb"},"inLanguage":"de","potentialAction":[{"@type":"ReadAction","target":["https:\/\/gaattestequipment.com\/ja\/manufacturer\/salt-fog-chamber\/"]}]},{"@type":"ImageObject","inLanguage":"de","@id":"https:\/\/gaattestequipment.com\/ja\/manufacturer\/salt-fog-chamber\/#primaryimage","url":"https:\/\/gaattestequipment.com\/wp-content\/uploads\/2024\/10\/GAAT-Salt-Spray-Chamber-PVC-Type.png","contentUrl":"https:\/\/gaattestequipment.com\/wp-content\/uploads\/2024\/10\/GAAT-Salt-Spray-Chamber-PVC-Type.png","width":800,"height":800},{"@type":"BreadcrumbList","@id":"https:\/\/gaattestequipment.com\/ja\/manufacturer\/salt-fog-chamber\/#breadcrumb","itemListElement":[{"@type":"ListItem","position":1,"name":"Home","item":"https:\/\/mistyrose-dunlin-619425.hostingersite.com\/"},{"@type":"ListItem","position":2,"name":"Products","item":"https:\/\/gaattestequipment.com\/shop\/"},{"@type":"ListItem","position":3,"name":"Salt Spray Chamber PVC Type"}]},{"@type":"WebSite","@id":"https:\/\/mistyrose-dunlin-619425.hostingersite.com\/#website","url":"https:\/\/mistyrose-dunlin-619425.hostingersite.com\/","name":"GAAT","description":"Hersteller von Umwelt- und Zuverl\u00e4ssigkeitspr\u00fcfger\u00e4ten","potentialAction":[{"@type":"SearchAction","target":{"@type":"EntryPoint","urlTemplate":"https:\/\/mistyrose-dunlin-619425.hostingersite.com\/?s={search_term_string}"},"query-input":{"@type":"PropertyValueSpecification","valueRequired":true,"valueName":"search_term_string"}}],"inLanguage":"de"}]}},"_links":{"self":[{"href":"https:\/\/gaattestequipment.com\/de\/wp-json\/wp\/v2\/product\/1644","targetHints":{"allow":["GET"]}}],"collection":[{"href":"https:\/\/gaattestequipment.com\/de\/wp-json\/wp\/v2\/product"}],"about":[{"href":"https:\/\/gaattestequipment.com\/de\/wp-json\/wp\/v2\/types\/product"}],"replies":[{"embeddable":true,"href":"https:\/\/gaattestequipment.com\/de\/wp-json\/wp\/v2\/comments?post=1644"}],"wp:featuredmedia":[{"embeddable":true,"href":"https:\/\/gaattestequipment.com\/de\/wp-json\/wp\/v2\/media\/1645"}],"wp:attachment":[{"href":"https:\/\/gaattestequipment.com\/de\/wp-json\/wp\/v2\/media?parent=1644"}],"wp:term":[{"taxonomy":"product_brand","embeddable":true,"href":"https:\/\/gaattestequipment.com\/de\/wp-json\/wp\/v2\/product_brand?post=1644"},{"taxonomy":"product_cat","embeddable":true,"href":"https:\/\/gaattestequipment.com\/de\/wp-json\/wp\/v2\/product_cat?post=1644"},{"taxonomy":"product_tag","embeddable":true,"href":"https:\/\/gaattestequipment.com\/de\/wp-json\/wp\/v2\/product_tag?post=1644"}],"curies":[{"name":"wp","href":"https:\/\/api.w.org\/{rel}","templated":true}]}}